{"id":2586,"date":"2022-02-14T09:54:16","date_gmt":"2022-02-14T09:54:16","guid":{"rendered":"https:\/\/taizyfarmequipment.com\/"},"modified":"2025-07-15T18:00:19","modified_gmt":"2025-07-15T10:00:19","slug":"maquina-de-moagem-de-arroz-automatica-de-15t-d","status":"publish","type":"product","link":"https:\/\/taizyfarmequipment.com\/pt\/product\/15t-d-automatic-rice-milling-machine\/","title":{"rendered":"M\u00e1quina de moagem de arroz autom\u00e1tica combinada de 15TPD"},"content":{"rendered":"<div class=\"kk-star-ratings kksr-auto kksr-align-left kksr-valign-top\"     data-payload='{&quot;align&quot;:&quot;left&quot;,&quot;id&quot;:&quot;2586&quot;,&quot;slug&quot;:&quot;default&quot;,&quot;valign&quot;:&quot;top&quot;,&quot;ignore&quot;:&quot;&quot;,&quot;reference&quot;:&quot;auto&quot;,&quot;class&quot;:&quot;&quot;,&quot;count&quot;:&quot;22&quot;,&quot;legendonly&quot;:&quot;&quot;,&quot;readonly&quot;:&quot;&quot;,&quot;score&quot;:&quot;4.6&quot;,&quot;starsonly&quot;:&quot;&quot;,&quot;best&quot;:&quot;5&quot;,&quot;gap&quot;:&quot;5&quot;,&quot;greet&quot;:&quot;Rate this product&quot;,&quot;legend&quot;:&quot;4.6\\\/5 - (22 votes)&quot;,&quot;size&quot;:&quot;24&quot;,&quot;title&quot;:&quot;15TPD combined automatic rice milling machine&quot;,&quot;width&quot;:&quot;130.9&quot;,&quot;_legend&quot;:&quot;{score}\\\/{best} - ({count} {votes})&quot;,&quot;font_factor&quot;:&quot;1.25&quot;}'>              <div class=\"kksr-stars\">      <div class=\"kksr-stars-inactive\">             <div class=\"kksr-star\" data-star=\"1\" style=\"padding-right: 5px\">               <div class=\"kksr-icon\" style=\"width: 24px; height: 24px;\"><\/div>         <\/div>             <div class=\"kksr-star\" data-star=\"2\" style=\"padding-right: 5px\">               <div class=\"kksr-icon\" style=\"width: 24px; height: 24px;\"><\/div>         <\/div>             <div class=\"kksr-star\" data-star=\"3\" style=\"padding-right: 5px\">               <div class=\"kksr-icon\" style=\"width: 24px; height: 24px;\"><\/div>         <\/div>             <div class=\"kksr-star\" data-star=\"4\" style=\"padding-right: 5px\">               <div class=\"kksr-icon\" style=\"width: 24px; height: 24px;\"><\/div>         <\/div>             <div class=\"kksr-star\" data-star=\"5\" style=\"padding-right: 5px\">               <div class=\"kksr-icon\" style=\"width: 24px; height: 24px;\"><\/div>         <\/div>     <\/div>      <div class=\"kksr-stars-active\" style=\"width: 130.9px;\">             <div class=\"kksr-star\" style=\"padding-right: 5px\">               <div class=\"kksr-icon\" style=\"width: 24px; height: 24px;\"><\/div>         <\/div>             <div class=\"kksr-star\" style=\"padding-right: 5px\">               <div class=\"kksr-icon\" style=\"width: 24px; height: 24px;\"><\/div>         <\/div>             <div class=\"kksr-star\" style=\"padding-right: 5px\">               <div class=\"kksr-icon\" style=\"width: 24px; height: 24px;\"><\/div>         <\/div>             <div class=\"kksr-star\" style=\"padding-right: 5px\">               <div class=\"kksr-icon\" style=\"width: 24px; height: 24px;\"><\/div>         <\/div>             <div class=\"kksr-star\" style=\"padding-right: 5px\">               <div class=\"kksr-icon\" style=\"width: 24px; height: 24px;\"><\/div>         <\/div>     <\/div> <\/div>                   <div class=\"kksr-legend\" style=\"font-size: 19.2px;\">             4,6\/5 - (22 votos)    <\/div>     <\/div>  <p>A m\u00e1quina de moagem de arroz autom\u00e1tica combinada de 15TPD \u00e9 uma linha de produ\u00e7\u00e3o eficiente e compacta, projetada para o processamento de arroz em pequena a m\u00e9dia escala. Esta unidade integra fun\u00e7\u00f5es essenciais de moagem de arroz, como limpeza do arroz, remo\u00e7\u00e3o de pedras, descasque, separa\u00e7\u00e3o, moagem e classifica\u00e7\u00e3o, em um sistema completo. <\/p>    <p>Com uma capacidade de processamento de 15 toneladas por dia, garante alta produ\u00e7\u00e3o com m\u00ednimo envolvimento de m\u00e3o de obra. Ideal para moinhos de arroz rurais, cooperativas agr\u00edcolas e pequenas f\u00e1bricas de processamento.<\/p>    <figure class=\"wp-block-embed is-type-video is-provider-youtube wp-block-embed-youtube wp-embed-aspect-16-9 wp-has-aspect-ratio\"><div class=\"wp-block-embed__wrapper\"> <iframe loading=\"lazy\" title=\"Instala\u00e7\u00e3o de Moagem de Arroz de 15TPD na \u00c1frica | Estudo de Caso do Cliente #arroz #moedordearroz #agricultura #agricultura\" width=\"500\" height=\"281\" src=\"https:\/\/www.youtube.com\/embed\/ABQTQ46Z1JI?feature=oembed\" frameborder=\"0\" allow=\"accelerometer; autoplay; clipboard-write; encrypted-media; gyroscope; picture-in-picture; web-share\" referrerpolicy=\"strict-origin-when-cross-origin\" allowfullscreen><\/iframe> <\/div><figcaption class=\"wp-element-caption\">V\u00eddeo de funcionamento da planta de m\u00e1quina de moer arroz de 15 toneladas<\/figcaption><\/figure>    <h2 class=\"wp-block-heading\" id=\"introduction-of-the-emery-roller-rice-mill-machine\">M\u00e1quina de moagem de arroz autom\u00e1tica de 15TPD \u00e0 venda<\/h2>    <p>As m\u00e1quinas de moagem de arroz autom\u00e1ticas convertem eficientemente arroz integral em arroz branco, especialmente adequadas para variedades de gr\u00e3o longo, gra\u00e7as aos seus rolos de esmeril. Nossos modelos\u2014MNMS15B, MNMS18 e MNMS25\u2014oferecem diferentes capacidades hor\u00e1rias para atender a v\u00e1rias necessidades de produ\u00e7\u00e3o. <\/p>    <p>Compactos e eficientes, garantem baixas taxas de quebra e uma separa\u00e7\u00e3o eficaz do farelo. Quando utilizados em uma linha de moagem de arroz combinada, v\u00e1rias m\u00e1quinas podem ser configuradas para maior produ\u00e7\u00e3o e melhor desempenho de moagem com base nas suas necessidades espec\u00edficas.<\/p>    <figure class=\"wp-block-image size-full\"><img loading=\"lazy\" decoding=\"async\" width=\"720\" height=\"540\" src=\"https:\/\/taizyfarmequipment.com\/wp-content\/uploads\/2022\/02\/05_720_540-1.jpg\" alt=\"M\u00e1quina de moinho de arroz com rolo de esmeril\" class=\"wp-image-2633\" title=\"M\u00e1quina de moinho de arroz com rolo de esmeril\" srcset=\"https:\/\/taizyfarmequipment.com\/wp-content\/uploads\/2022\/02\/05_720_540-1.jpg 720w, https:\/\/taizyfarmequipment.com\/wp-content\/uploads\/2022\/02\/05_720_540-1-300x225.jpg 300w\" sizes=\"auto, (max-width: 720px) 100vw, 720px\" \/><figcaption class=\"wp-element-caption\">M\u00e1quina de moinho de arroz com rolo de esmeril<\/figcaption><\/figure>    <h2 class=\"wp-block-heading\" id=\"the-structure-of-the-rice-milling-machine\">Estrutura da m\u00e1quina de moagem de arroz<\/h2>    <div class=\"wp-block-media-text is-stacked-on-mobile\"><figure class=\"wp-block-media-text__media\"><img loading=\"lazy\" decoding=\"async\" width=\"720\" height=\"540\" src=\"https:\/\/taizyfarmequipment.com\/wp-content\/uploads\/2022\/02\/rice-milling-machines-structure_720_540.jpg\" alt=\"estrutura da fresadora de arroz\" class=\"wp-image-2634 size-full\" srcset=\"https:\/\/taizyfarmequipment.com\/wp-content\/uploads\/2022\/02\/rice-milling-machines-structure_720_540.jpg 720w, https:\/\/taizyfarmequipment.com\/wp-content\/uploads\/2022\/02\/rice-milling-machines-structure_720_540-300x225.jpg 300w\" sizes=\"auto, (max-width: 720px) 100vw, 720px\" \/><\/figure><div class=\"wp-block-media-text__content\"> <p>A fresadora autom\u00e1tica de arroz inclui uma tremonha, rolo de esmeril, peneira, al\u00e7a, pesos, purificador de ar, sa\u00edda, etc.<\/p> <\/div><\/div>    <h3 class=\"wp-block-heading\">A fun\u00e7\u00e3o de cada parte das unidades da m\u00e1quina de moagem de arroz<\/h3>    <div class=\"wp-block-media-text has-media-on-the-right is-stacked-on-mobile\"><div class=\"wp-block-media-text__content\"> <ul class=\"wp-block-list\"> <li><strong>Tremonha<\/strong>. O arroz integral \u00e9 carregado na m\u00e1quina atrav\u00e9s desta entrada.<\/li>    <li><strong>Rolo de emery e peneira<\/strong>. O arroz \u00e9 mo\u00eddo enquanto se esfrega entre o rolo de esmeril e a tela, e o farelo cai atrav\u00e9s da peneira.<\/li>    <li><strong>Cabo<\/strong>. Usado para controlar a quantidade de arroz integral que cai na c\u00e2mara de moagem.<\/li>    <li><strong>Pesos<\/strong>. Ajusta a press\u00e3o de moagem para controlar o grau de moagem do arroz.<\/li>    <li><strong>Purificador de ar<\/strong>. Soprando o farelo de arroz separado da m\u00e1quina.<\/li>    <li><strong>Tomada<\/strong>. O arroz branco processado \u00e9 descarregado atrav\u00e9s desta sa\u00edda.<\/li> <\/ul> <\/div><figure class=\"wp-block-media-text__media\"><img loading=\"lazy\" decoding=\"async\" width=\"720\" height=\"540\" src=\"https:\/\/taizyfarmequipment.com\/wp-content\/uploads\/2022\/02\/15TD-combined-automatic-rice-milling-machine.webp\" alt=\"Fresadora de arroz autom\u00e1tica combinada 15TD\" class=\"wp-image-4541 size-full\" srcset=\"https:\/\/taizyfarmequipment.com\/wp-content\/uploads\/2022\/02\/15TD-combined-automatic-rice-milling-machine.webp 720w, https:\/\/taizyfarmequipment.com\/wp-content\/uploads\/2022\/02\/15TD-combined-automatic-rice-milling-machine-300x225.webp 300w, https:\/\/taizyfarmequipment.com\/wp-content\/uploads\/2022\/02\/15TD-combined-automatic-rice-milling-machine-16x12.webp 16w\" sizes=\"auto, (max-width: 720px) 100vw, 720px\" \/><\/figure><\/div>    <h2 class=\"wp-block-heading\" id=\"the-working-principle-of-the-rice-polisher\">Como funciona a m\u00e1quina de moer arroz?<\/h2>    <div class=\"wp-block-media-text is-stacked-on-mobile\"><figure class=\"wp-block-media-text__media\"><img loading=\"lazy\" decoding=\"async\" width=\"720\" height=\"540\" src=\"https:\/\/taizyfarmequipment.com\/wp-content\/uploads\/2022\/02\/15TD-combined-automatic-rice-milling-machine-for-sale.webp\" alt=\"Venda fresadora de arroz autom\u00e1tica combinada 15TD\" class=\"wp-image-4540 size-full\" srcset=\"https:\/\/taizyfarmequipment.com\/wp-content\/uploads\/2022\/02\/15TD-combined-automatic-rice-milling-machine-for-sale.webp 720w, https:\/\/taizyfarmequipment.com\/wp-content\/uploads\/2022\/02\/15TD-combined-automatic-rice-milling-machine-for-sale-300x225.webp 300w, https:\/\/taizyfarmequipment.com\/wp-content\/uploads\/2022\/02\/15TD-combined-automatic-rice-milling-machine-for-sale-16x12.webp 16w\" sizes=\"auto, (max-width: 720px) 100vw, 720px\" \/><\/figure><div class=\"wp-block-media-text__content\"> <ul class=\"wp-block-list\"> <li><strong>Funil de alimenta\u00e7\u00e3o<\/strong>. O arroz integral \u00e9 introduzido na m\u00e1quina atrav\u00e9s do funil de alimenta\u00e7\u00e3o.<\/li>    <li><strong>Cabe\u00e7a de parafuso<\/strong>. Guia o arroz para a c\u00e2mara de branqueamento e direciona-o para o rolo de esmeril.<\/li>    <li><strong>Rolo de lixa<\/strong>. \u00c0 medida que o arroz espirala ao longo do rolo rotativo, a superf\u00edcie abrasiva mo\u00ed a camada de casca.<\/li>    <li><strong>Soprador<\/strong>Opera simultaneamente para ajudar a separar o p\u00f3 de farelo do arroz.<\/li>    <li><strong>Peneira<\/strong>Permite que o farelo seja expelido da c\u00e2mara, deixando para tr\u00e1s arroz limpo e branco.<\/li> <\/ul> <\/div><\/div>    <h2 class=\"wp-block-heading\" id=\"parameter-of-the-rice-polishing-machine\">Par\u00e2metros do <a href=\"https:\/\/en.wikipedia.org\/wiki\/Rice_mill\" data-type=\"link\" data-id=\"https:\/\/en.wikipedia.org\/wiki\/Rice_mill\" target=\"_blank\" rel=\"noopener\">moinho de arroz<\/a> m\u00e1quina<\/h2>    <figure class=\"wp-block-table\"><table><tbody><tr><td>Modelo<\/td><td>Capacidade (t\/h)<\/td><td>Pot\u00eancia (kw)<\/td><td>Tamanho (C*L*A)<\/td><\/tr><tr><td>MNMS15B<\/td><td>0.8-1.25<\/td><td>18.5-22<\/td><td>1090*580*1420mm<\/td><\/tr><tr><td>MNMS18<\/td><td>2-3<\/td><td>22-30<\/td><td>1245*650*1660mm<\/td><\/tr><tr><td>MNMS25<\/td><td>3.5-4.5<\/td><td>37-45<\/td><td>1350*750*1800mm<\/td><\/tr><\/tbody><\/table><figcaption class=\"wp-element-caption\">Par\u00e2metro da m\u00e1quina de polimento de arroz<\/figcaption><\/figure>    <figure class=\"wp-block-image size-full\"><img loading=\"lazy\" decoding=\"async\" width=\"720\" height=\"540\" src=\"https:\/\/taizyfarmequipment.com\/wp-content\/uploads\/2022\/02\/automatic-rice-milling-machine.webp\" alt=\"fresadora autom\u00e1tica de arroz\" class=\"wp-image-4542\" srcset=\"https:\/\/taizyfarmequipment.com\/wp-content\/uploads\/2022\/02\/automatic-rice-milling-machine.webp 720w, https:\/\/taizyfarmequipment.com\/wp-content\/uploads\/2022\/02\/automatic-rice-milling-machine-300x225.webp 300w, https:\/\/taizyfarmequipment.com\/wp-content\/uploads\/2022\/02\/automatic-rice-milling-machine-16x12.webp 16w\" sizes=\"auto, (max-width: 720px) 100vw, 720px\" \/><figcaption class=\"wp-element-caption\">fresadora autom\u00e1tica de arroz<\/figcaption><\/figure>    <h2 class=\"wp-block-heading\" id=\"the-features-of-rice-milling-machine-for-sale\">As caracter\u00edsticas da fresadora de arroz para venda<\/h2>    <ol class=\"wp-block-list\"> <li>A m\u00e1quina produz arroz branco de alta qualidade com separa\u00e7\u00e3o limpa do farelo de arroz.<\/li>    <li>O arroz acabado \u00e9 branco, brilhante, com baixa temperatura e tem uma baixa taxa de gr\u00e3os quebrados, tornando-o adequado para armazenamento a longo prazo.<\/li>    <li>Possui um design compacto, alta efici\u00eancia e opera\u00e7\u00e3o simples.<\/li>    <li>O poderoso sistema de fluxo de ar fornece o dobro do volume de ar em compara\u00e7\u00e3o com modelos tradicionais, resultando em uma temperatura de arroz mais baixa e maior efici\u00eancia de moagem.<\/li>    <li>Equipado com um motor montado na parte traseira e dispositivo de tensionamento de correia, \u00e9 f\u00e1cil de ajustar e manter.<\/li>    <li>Compat\u00edvel com rolos de esmeril, rolos de ferro ou uma combina\u00e7\u00e3o de ambos, suporta branqueamento em v\u00e1rias etapas com maior produ\u00e7\u00e3o, menor consumo de energia e efici\u00eancia melhorada.<\/li> <\/ol>    <figure class=\"wp-block-gallery has-nested-images columns-default is-cropped wp-block-gallery-2 is-layout-flex wp-block-gallery-is-layout-flex\"> <figure class=\"wp-block-image size-large\"><img loading=\"lazy\" decoding=\"async\" width=\"720\" height=\"540\" data-id=\"2637\" src=\"https:\/\/taizyfarmequipment.com\/wp-content\/uploads\/2022\/02\/1_720_540-1.jpg\" alt=\"pe\u00e7as da m\u00e1quina de moagem de arroz\" class=\"wp-image-2637\" title=\"pe\u00e7as da m\u00e1quina de moagem de arroz\" srcset=\"https:\/\/taizyfarmequipment.com\/wp-content\/uploads\/2022\/02\/1_720_540-1.jpg 720w, https:\/\/taizyfarmequipment.com\/wp-content\/uploads\/2022\/02\/1_720_540-1-300x225.jpg 300w\" sizes=\"auto, (max-width: 720px) 100vw, 720px\" \/><\/figure>    <figure class=\"wp-block-image size-large\"><img loading=\"lazy\" decoding=\"async\" width=\"720\" height=\"541\" data-id=\"2639\" src=\"https:\/\/taizyfarmequipment.com\/wp-content\/uploads\/2022\/02\/07_720_541-1.jpg\" alt=\"f\u00e1brica de m\u00e1quinas de moinho de arroz\" class=\"wp-image-2639\" title=\"f\u00e1brica de m\u00e1quinas de moinho de arroz\" srcset=\"https:\/\/taizyfarmequipment.com\/wp-content\/uploads\/2022\/02\/07_720_541-1.jpg 720w, https:\/\/taizyfarmequipment.com\/wp-content\/uploads\/2022\/02\/07_720_541-1-300x225.jpg 300w\" sizes=\"auto, (max-width: 720px) 100vw, 720px\" \/><\/figure>    <figure class=\"wp-block-image size-large\"><img loading=\"lazy\" decoding=\"async\" width=\"720\" height=\"540\" data-id=\"2640\" src=\"https:\/\/taizyfarmequipment.com\/wp-content\/uploads\/2022\/02\/08_720_540.jpg\" alt=\" caracter\u00edsticas da m\u00e1quina de moagem de arroz\" class=\"wp-image-2640\" title=\" caracter\u00edsticas da m\u00e1quina de moagem de arroz\" srcset=\"https:\/\/taizyfarmequipment.com\/wp-content\/uploads\/2022\/02\/08_720_540.jpg 720w, https:\/\/taizyfarmequipment.com\/wp-content\/uploads\/2022\/02\/08_720_540-300x225.jpg 300w\" sizes=\"auto, (max-width: 720px) 100vw, 720px\" \/><\/figure> <figcaption class=\"blocks-gallery-caption wp-element-caption\"> caracter\u00edsticas da m\u00e1quina de moagem de arroz<\/figcaption><\/figure>    <h2 class=\"wp-block-heading\">Sinta-se \u00e0 vontade para entrar em contato conosco!<\/h2>    <p>Concluindo, nossas fresadoras autom\u00e1ticas de arroz oferecem efici\u00eancia e precis\u00e3o incompar\u00e1veis \u200b\u200bno processamento de arroz. Com nosso compromisso com a qualidade e a inova\u00e7\u00e3o, garantimos que cada unidade ofere\u00e7a desempenho e confiabilidade ideais. Al\u00e9m disso, oferecemos uma variedade de modelos de moinhos de arroz que atendem a diferentes capacidades de produ\u00e7\u00e3o. <\/p>    <p class=\"translation-block\">Quer necessite de uma unidade de menor capacidade ou de uma <a href=\"https:\/\/taizyfarmequipment.com\/pt\/produto\/moinho-de-arroz\/\" data-type=\"link\" data-id=\"https:\/\/taizyfarmequipment.com\/product\/rice-mill\/\">solu\u00e7\u00e3o de moagem de arroz<\/a> em maior escala, temos a experi\u00eancia e a tecnologia para satisfazer as suas necessidades. Contacte-nos hoje para saber mais e solicitar um or\u00e7amento.<\/p>    <figure class=\"wp-block-image size-full\"><img loading=\"lazy\" decoding=\"async\" width=\"720\" height=\"540\" src=\"https:\/\/taizyfarmequipment.com\/wp-content\/uploads\/2022\/02\/commercial-automatic-rice-milling-machine.webp\" alt=\"fresadora de arroz autom\u00e1tica comercial\" class=\"wp-image-4543\" srcset=\"https:\/\/taizyfarmequipment.com\/wp-content\/uploads\/2022\/02\/commercial-automatic-rice-milling-machine.webp 720w, https:\/\/taizyfarmequipment.com\/wp-content\/uploads\/2022\/02\/commercial-automatic-rice-milling-machine-300x225.webp 300w, https:\/\/taizyfarmequipment.com\/wp-content\/uploads\/2022\/02\/commercial-automatic-rice-milling-machine-16x12.webp 16w\" sizes=\"auto, (max-width: 720px) 100vw, 720px\" \/><figcaption class=\"wp-element-caption\">fresadora de arroz autom\u00e1tica comercial<\/figcaption><\/figure>","protected":false},"excerpt":{"rendered":"<p>A m\u00e1quina de moagem de arroz autom\u00e1tica combinada de 15TPD \u00e9 uma linha de produ\u00e7\u00e3o eficiente e compacta, projetada para processamento de arroz em pequena a m\u00e9dia escala. <\/p>","protected":false},"author":1,"featured_media":2630,"parent":0,"template":"","tags":[137,138,139,140],"product-type":[132],"class_list":["post-2586","product","type-product","status-publish","has-post-thumbnail","hentry","tag-rice-mill-machine","tag-rice-milling-machine","tag-rice-polisher","tag-rice-polishing-machine","product-type-rice-mill"],"_links":{"self":[{"href":"https:\/\/taizyfarmequipment.com\/pt\/wp-json\/wp\/v2\/product\/2586","targetHints":{"allow":["GET"]}}],"collection":[{"href":"https:\/\/taizyfarmequipment.com\/pt\/wp-json\/wp\/v2\/product"}],"about":[{"href":"https:\/\/taizyfarmequipment.com\/pt\/wp-json\/wp\/v2\/types\/product"}],"author":[{"embeddable":true,"href":"https:\/\/taizyfarmequipment.com\/pt\/wp-json\/wp\/v2\/users\/1"}],"wp:featuredmedia":[{"embeddable":true,"href":"https:\/\/taizyfarmequipment.com\/pt\/wp-json\/wp\/v2\/media\/2630"}],"wp:attachment":[{"href":"https:\/\/taizyfarmequipment.com\/pt\/wp-json\/wp\/v2\/media?parent=2586"}],"wp:term":[{"taxonomy":"post_tag","embeddable":true,"href":"https:\/\/taizyfarmequipment.com\/pt\/wp-json\/wp\/v2\/tags?post=2586"},{"taxonomy":"product-type","embeddable":true,"href":"https:\/\/taizyfarmequipment.com\/pt\/wp-json\/wp\/v2\/product-type?post=2586"}],"curies":[{"name":"wp","href":"https:\/\/api.w.org\/{rel}","templated":true}]}}