{"id":2651,"date":"2022-02-16T08:55:20","date_gmt":"2022-02-16T08:55:20","guid":{"rendered":"https:\/\/taizyfarmequipment.com\/"},"modified":"2022-11-10T17:40:55","modified_gmt":"2022-11-10T09:40:55","slug":"maquina-automatica-de-mudas-de-viveiro","status":"publish","type":"product","link":"https:\/\/taizyfarmequipment.com\/pt\/product\/automatic-nursery-seedling-machine\/","title":{"rendered":"M\u00e1quina autom\u00e1tica de mudas de viveiro\u4e28semeadora de viveiro de vegetais"},"content":{"rendered":"<div class=\"kk-star-ratings kksr-auto kksr-align-left kksr-valign-top\"     data-payload='{&quot;align&quot;:&quot;left&quot;,&quot;id&quot;:&quot;2651&quot;,&quot;slug&quot;:&quot;default&quot;,&quot;valign&quot;:&quot;top&quot;,&quot;ignore&quot;:&quot;&quot;,&quot;reference&quot;:&quot;auto&quot;,&quot;class&quot;:&quot;&quot;,&quot;count&quot;:&quot;20&quot;,&quot;legendonly&quot;:&quot;&quot;,&quot;readonly&quot;:&quot;&quot;,&quot;score&quot;:&quot;4.5&quot;,&quot;starsonly&quot;:&quot;&quot;,&quot;best&quot;:&quot;5&quot;,&quot;gap&quot;:&quot;5&quot;,&quot;greet&quot;:&quot;Rate this product&quot;,&quot;legend&quot;:&quot;4.5\\\/5 - (20 votes)&quot;,&quot;size&quot;:&quot;24&quot;,&quot;title&quot;:&quot;Automatic nursery seedling machine\u4e28vegetable nursery seeder&quot;,&quot;width&quot;:&quot;128&quot;,&quot;_legend&quot;:&quot;{score}\\\/{best} - ({count} {votes})&quot;,&quot;font_factor&quot;:&quot;1.25&quot;}'>              <div class=\"kksr-stars\">      <div class=\"kksr-stars-inactive\">             <div class=\"kksr-star\" data-star=\"1\" style=\"padding-right: 5px\">               <div class=\"kksr-icon\" style=\"width: 24px; height: 24px;\"><\/div>         <\/div>             <div class=\"kksr-star\" data-star=\"2\" style=\"padding-right: 5px\">               <div class=\"kksr-icon\" style=\"width: 24px; height: 24px;\"><\/div>         <\/div>             <div class=\"kksr-star\" data-star=\"3\" style=\"padding-right: 5px\">               <div class=\"kksr-icon\" style=\"width: 24px; height: 24px;\"><\/div>         <\/div>             <div class=\"kksr-star\" data-star=\"4\" style=\"padding-right: 5px\">               <div class=\"kksr-icon\" style=\"width: 24px; height: 24px;\"><\/div>         <\/div>             <div class=\"kksr-star\" data-star=\"5\" style=\"padding-right: 5px\">               <div class=\"kksr-icon\" style=\"width: 24px; height: 24px;\"><\/div>         <\/div>     <\/div>      <div class=\"kksr-stars-active\" style=\"width: 128px;\">             <div class=\"kksr-star\" style=\"padding-right: 5px\">               <div class=\"kksr-icon\" style=\"width: 24px; height: 24px;\"><\/div>         <\/div>             <div class=\"kksr-star\" style=\"padding-right: 5px\">               <div class=\"kksr-icon\" style=\"width: 24px; height: 24px;\"><\/div>         <\/div>             <div class=\"kksr-star\" style=\"padding-right: 5px\">               <div class=\"kksr-icon\" style=\"width: 24px; height: 24px;\"><\/div>         <\/div>             <div class=\"kksr-star\" style=\"padding-right: 5px\">               <div class=\"kksr-icon\" style=\"width: 24px; height: 24px;\"><\/div>         <\/div>             <div class=\"kksr-star\" style=\"padding-right: 5px\">               <div class=\"kksr-icon\" style=\"width: 24px; height: 24px;\"><\/div>         <\/div>     <\/div> <\/div>                   <div class=\"kksr-legend\" style=\"font-size: 19.2px;\">             4,5\/5 - (20 votos)    <\/div>     <\/div>  <p>A m\u00e1quina autom\u00e1tica de mudas em viveiro \u00e9 um equipamento que pode semear a semente na bandeja. E esta m\u00e1quina de mudas de viveiro pode completar a cobertura do solo, perfura\u00e7\u00e3o, semeadura, cobertura secund\u00e1ria e irriga\u00e7\u00e3o ao mesmo tempo. A m\u00e1quina de plantio em viveiro possui caracter\u00edsticas de economia de tempo e energia, alta taxa de sobreviv\u00eancia e qualidade de mudas. Portanto, esta semeadora de viveiro de vegetais \u00e9 muito vendida na Am\u00e9rica do Norte, Oriente M\u00e9dio, Sudeste Asi\u00e1tico e \u00c1frica. Por exemplo, Canad\u00e1, EUA, Austr\u00e1lia, Qu\u00e9nia, Brasil, Tail\u00e2ndia, Filipinas, Marrocos, Nig\u00e9ria, Botswana, etc. E est\u00e3o satisfeitos com a qualidade e servi\u00e7o da nossa m\u00e1quina. Sempre equiparemos cada m\u00e1quina com uma gama completa de pe\u00e7as de desgaste e bicos adequados ao tamanho da semente do cliente. Para prolongar o tempo de servi\u00e7o da m\u00e1quina e garantir que a m\u00e1quina seja adequada para diversas sementes.<\/p>    <h2 class=\"wp-block-heading\" id=\"h-what-is-automatic-nursery-seedling-machine\">O que \u00e9 m\u00e1quina autom\u00e1tica de mudas para viveiro?<\/h2>    <p class=\"translation-block\">Um <a href=\"https:\/\/taizyfarmequipment.com\/pt\/produto\/maquina-automatica-de-mudas-de-viveiro\/\">m\u00e1quina autom\u00e1tica de semilhagem de viveiro<\/a> pode semilhar todo o tipo de sementes, como sementes de frutas, legumes e flores. Temos 3 modelos de semilhadora de viveiro. E esta passagem \u00e9 sobre a KMR-78-2, que \u00e9 uma semilhadora autom\u00e1tica para estufa. Para usar esta m\u00e1quina, basta colocar a bandeja na m\u00e1quina, e a m\u00e1quina de mudas executar\u00e1 automaticamente uma s\u00e9rie de a\u00e7\u00f5es. N\u00e3o exige muito esfor\u00e7o. E a sua capacidade \u00e9 de 500-600\u00a0bandejas por hora. Al\u00e9m disso, a precis\u00e3o de sementeira desta semilhadora de hort\u00edcolas pode atingir 97-98%. A elevada precis\u00e3o de sementeira pode permitir taxas de sobreviv\u00eancia elevadas.<\/p>    <p class=\"translation-block\">Para acomodar uma variedade de sementes, produzimos bicos de diferentes tamanhos. Portanto, recomendamos os bicos apropriados aos clientes. Tamb\u00e9m temos a sec\u00e7\u00e3o de rega. Pode escolher esta fun\u00e7\u00e3o conforme a sua necessidade. Produzimos tamb\u00e9m <a href=\"https:\/\/www.agriculture-machine.com\/peony-transplant-cucumber-transplant-factory-direct\/\" target=\"_blank\" rel=\"noopener\">m\u00e1quinas transplantadoras<\/a> para estas pequenas mudas em alv\u00e9olos, o que torna mais conveniente o plantio para as pessoas.<\/p>    <figure class=\"wp-block-image aligncenter size-full\"><img loading=\"lazy\" decoding=\"async\" width=\"720\" height=\"540\" src=\"https:\/\/taizyfarmequipment.com\/wp-content\/uploads\/2022\/02\/33_720_540.jpg\" alt=\"m\u00e1quina autom\u00e1tica de mudas de viveiro\" class=\"wp-image-2656\" title=\"m\u00e1quina autom\u00e1tica de mudas de viveiro\" srcset=\"https:\/\/taizyfarmequipment.com\/wp-content\/uploads\/2022\/02\/33_720_540.jpg 720w, https:\/\/taizyfarmequipment.com\/wp-content\/uploads\/2022\/02\/33_720_540-300x225.jpg 300w\" sizes=\"auto, (max-width: 720px) 100vw, 720px\" \/><figcaption class=\"wp-element-caption\">m\u00e1quina autom\u00e1tica de mudas de viveiro<\/figcaption><\/figure>    <h2 class=\"wp-block-heading\" id=\"what-seeds-can-the-seeding-machine-nursery\">Quais sementes podem o viveiro da m\u00e1quina semeadora?<\/h2>    <p>A m\u00e1quina autom\u00e1tica de mudas para viveiro pode cultivar tomate, alface, repolho chin\u00eas, quiabo, pepino, berinjela, melancia, piment\u00e3o, milho doce, flor de pet\u00fania, rosa, c\u00e2nhamo, ab\u00f3bora, colza, cebola, etc. . <\/p>    <figure class=\"wp-block-gallery has-nested-images columns-default is-cropped wp-block-gallery-2 is-layout-flex wp-block-gallery-is-layout-flex\"> <figure class=\"wp-block-image size-large\"><img loading=\"lazy\" decoding=\"async\" width=\"720\" height=\"541\" data-id=\"2653\" src=\"https:\/\/taizyfarmequipment.com\/wp-content\/uploads\/2022\/02\/02_720_541.jpg\" alt=\"sementes\" class=\"wp-image-2653\" title=\"sementes\" srcset=\"https:\/\/taizyfarmequipment.com\/wp-content\/uploads\/2022\/02\/02_720_541.jpg 720w, https:\/\/taizyfarmequipment.com\/wp-content\/uploads\/2022\/02\/02_720_541-300x225.jpg 300w\" sizes=\"auto, (max-width: 720px) 100vw, 720px\" \/><\/figure>    <figure class=\"wp-block-image size-large\"><img loading=\"lazy\" decoding=\"async\" width=\"720\" height=\"540\" data-id=\"2654\" src=\"https:\/\/taizyfarmequipment.com\/wp-content\/uploads\/2022\/02\/03_720_540.jpg\" alt=\"sementes\" class=\"wp-image-2654\" title=\"sementes\" srcset=\"https:\/\/taizyfarmequipment.com\/wp-content\/uploads\/2022\/02\/03_720_540.jpg 720w, https:\/\/taizyfarmequipment.com\/wp-content\/uploads\/2022\/02\/03_720_540-300x225.jpg 300w\" sizes=\"auto, (max-width: 720px) 100vw, 720px\" \/><\/figure> <figcaption class=\"blocks-gallery-caption wp-element-caption\">v\u00e1rias sementes <\/figcaption><\/figure>    <h2 class=\"wp-block-heading\" id=\"what-are-the-components-of-vegetable-nursery-seeder\">Quais s\u00e3o os componentes da semeadora de viveiro de hortali\u00e7as?<\/h2>    <p>Esta m\u00e1quina autom\u00e1tica de mudas para viveiro possui principalmente placa de camada, recipiente de solo, furador, semeadora, escova, aspersor, gabinete de controle el\u00e9trico, etc. Al\u00e9m disso, existem v\u00e1rios sensores, que ajudam a m\u00e1quina a concluir o trabalho com alta precis\u00e3o. Uma semeadora de viveiro pode realizar todos os procedimentos necess\u00e1rios para o cultivo de mudas.<\/p>    <figure class=\"wp-block-image aligncenter size-full\"><img loading=\"lazy\" decoding=\"async\" width=\"720\" height=\"540\" src=\"https:\/\/taizyfarmequipment.com\/wp-content\/uploads\/2022\/02\/01_720_540.jpg\" alt=\"estrutura da semeadora de viveiro de hortali\u00e7as\" class=\"wp-image-2655\" title=\"estrutura da semeadora de viveiro de hortali\u00e7as\" srcset=\"https:\/\/taizyfarmequipment.com\/wp-content\/uploads\/2022\/02\/01_720_540.jpg 720w, https:\/\/taizyfarmequipment.com\/wp-content\/uploads\/2022\/02\/01_720_540-300x225.jpg 300w\" sizes=\"auto, (max-width: 720px) 100vw, 720px\" \/><figcaption class=\"wp-element-caption\">estrutura da semeadora de viveiro de hortali\u00e7as<\/figcaption><\/figure>    <h2 class=\"wp-block-heading\" id=\"working-flow-of-the-tomatoes-nursery-seedling-machine\">Fluxo de trabalho da m\u00e1quina de mudas de viveiro de tomate<\/h2>    <ol class=\"wp-block-list\" type=\"1\"> <li>Primeiro, ligue a m\u00e1quina e depois coloque a terra base no recipiente de terra.<\/li>    <li>Em segundo lugar, a m\u00e1quina de mudas do viveiro colocar\u00e1 o solo na bandeja. E ent\u00e3o a escova ir\u00e1 remover o excesso de sujeira.<\/li>    <li>Terceiro, o furador faz furos perfeitos.<\/li>    <li>Em seguida, o bico sugar\u00e1 a semente e a deixar\u00e1 cair no buraco do solo na bandeja.<\/li>    <li>Por fim, o recipiente traseiro do solo colocar\u00e1 o solo para cobrir a semente.<\/li>    <li>Se a m\u00e1quina de mudas de tomate tiver um aspersor, no final umedecer\u00e1 o solo e as sementes. &nbsp;<\/li> <\/ol>    <h2 class=\"wp-block-heading\" id=\"how-dose-seedling-tray-machine-work\">Como funciona a m\u00e1quina de bandeja de mudas dosadas?<\/h2>    <figure class=\"wp-block-embed is-type-video is-provider-youtube wp-block-embed-youtube wp-embed-aspect-16-9 wp-has-aspect-ratio\"><div class=\"wp-block-embed__wrapper\"> <iframe loading=\"lazy\" title=\"Bandeja de semeadura de tabaco para ber\u00e7\u00e1rio de baixo pre\u00e7o\/m\u00e1quina semeadora\/semeadura de mudas de arroz\/f\u00e1brica de m\u00e1quina de semeadura\" width=\"500\" height=\"281\" src=\"https:\/\/www.youtube.com\/embed\/FSrfHCAigk0?feature=oembed\" frameborder=\"0\" allow=\"accelerometer; autoplay; clipboard-write; encrypted-media; gyroscope; picture-in-picture; web-share\" referrerpolicy=\"strict-origin-when-cross-origin\" allowfullscreen><\/iframe> <\/div><figcaption class=\"wp-element-caption\">v\u00eddeo de trabalho da m\u00e1quina de bandeja de mudas<\/figcaption><\/figure>    <h2 class=\"wp-block-heading\" id=\"specifications-of-the-nursery-seedling-machine\">Especifica\u00e7\u00f5es da m\u00e1quina de mudas de viveiro<\/h2>    <figure class=\"wp-block-table aligncenter\"><table><tbody><tr><td>Modelo<\/td><td>KMR-78-2<\/td><\/tr><tr><td>Precis\u00e3o<\/td><td>&gt;97-98%<\/td><\/tr><tr><td>Princ\u00edpio<\/td><td>Compressor el\u00e9trico e de ar<\/td><\/tr><tr><td>Tamanho<\/td><td>4800*800*1600mm<\/td><\/tr><tr><td>Peso<\/td><td>400kg<\/td><\/tr><tr><td>Tens\u00e3o<\/td><td>220V\/110V 600w<\/td><\/tr><tr><td>Tamanho para semente<\/td><td>0,3-12mm<\/td><\/tr><tr><td>Largura da bandeja<\/td><td>&lt;=540mm<\/td><\/tr><\/tbody><\/table><figcaption class=\"wp-element-caption\">Especifica\u00e7\u00f5es da m\u00e1quina de mudas de viveiro<\/figcaption><\/figure>    <h2 class=\"wp-block-heading\" id=\"below-are-the-characteristics-of-nursery-tray-machine\">Abaixo est\u00e3o as caracter\u00edsticas da m\u00e1quina de bandeja para ber\u00e7\u00e1rio<\/h2>    <ol class=\"wp-block-list\" type=\"1\"> <li>A m\u00e1quina autom\u00e1tica de mudas de viveiro economiza tempo e esfor\u00e7o. Porque a efici\u00eancia da produ\u00e7\u00e3o mecanizada \u00e9 alta. Al\u00e9m disso, a m\u00e1quina de mudas de viveiro pode completar a semeadura e a muda ao mesmo tempo.<\/li>    <li>A m\u00e1quina autom\u00e1tica de cultivo de mudas semeia sementes secas diretamente, uma semente por vez, e mudas concentradas s\u00e3o cultivadas. Portanto, a quantidade de mudas por unidade de \u00e1rea \u00e9 maior que a das mudas convencionais, o que pode reduzir a \u00e1rea \u00fatil.<\/li>    <li>Usando esta m\u00e1quina autom\u00e1tica de mudas em viveiro, as sementes t\u00eam forte resist\u00eancia ao estresse. E as sementes\u00a0s\u00e3o f\u00e1ceis de transplantar e t\u00eam uma alta taxa de sobreviv\u00eancia.<\/li>    <li>O uso de bandejas plug \u00e9 adequado para transporte de longa dist\u00e2ncia e transplante mecanizado. Assim, amplia as perspectivas de desenvolvimento do mercado de hortali\u00e7as.<\/li>    <li>As sementes cultivadas por este viveiro de mudas est\u00e3o relativamente dispersas, o que pode\u00a0reduzir a propaga\u00e7\u00e3o de pragas e doen\u00e7as\u00a0e reduzir a competi\u00e7\u00e3o de nutrientes entre as mudas. Ao mesmo tempo, pode desenvolver plenamente o sistema radicular e melhorar a qualidade das mudas.<\/li> <\/ol>","protected":false},"excerpt":{"rendered":"<p>A m\u00e1quina autom\u00e1tica de mudas em viveiro \u00e9 um equipamento que pode semear a semente na bandeja. Pode cultivar frutas, vegetais e flores.<\/p>","protected":false},"author":1,"featured_media":2652,"parent":0,"template":"","tags":[159,160,158],"product-type":[134],"class_list":["post-2651","product","type-product","status-publish","has-post-thumbnail","hentry","tag-automatic-nursery-seedling-machine","tag-tomatoes-nursery-seedling-machine","tag-vegetable-nursery-seeder","product-type-nursery-transplanter"],"_links":{"self":[{"href":"https:\/\/taizyfarmequipment.com\/pt\/wp-json\/wp\/v2\/product\/2651","targetHints":{"allow":["GET"]}}],"collection":[{"href":"https:\/\/taizyfarmequipment.com\/pt\/wp-json\/wp\/v2\/product"}],"about":[{"href":"https:\/\/taizyfarmequipment.com\/pt\/wp-json\/wp\/v2\/types\/product"}],"author":[{"embeddable":true,"href":"https:\/\/taizyfarmequipment.com\/pt\/wp-json\/wp\/v2\/users\/1"}],"wp:featuredmedia":[{"embeddable":true,"href":"https:\/\/taizyfarmequipment.com\/pt\/wp-json\/wp\/v2\/media\/2652"}],"wp:attachment":[{"href":"https:\/\/taizyfarmequipment.com\/pt\/wp-json\/wp\/v2\/media?parent=2651"}],"wp:term":[{"taxonomy":"post_tag","embeddable":true,"href":"https:\/\/taizyfarmequipment.com\/pt\/wp-json\/wp\/v2\/tags?post=2651"},{"taxonomy":"product-type","embeddable":true,"href":"https:\/\/taizyfarmequipment.com\/pt\/wp-json\/wp\/v2\/product-type?post=2651"}],"curies":[{"name":"wp","href":"https:\/\/api.w.org\/{rel}","templated":true}]}}