{"id":2658,"date":"2022-02-18T09:40:58","date_gmt":"2022-02-18T09:40:58","guid":{"rendered":"https:\/\/taizyfarmequipment.com\/"},"modified":"2025-11-26T16:05:41","modified_gmt":"2025-11-26T08:05:41","slug":"maquina-de-criacao-de-bercario","status":"publish","type":"product","link":"https:\/\/taizyfarmequipment.com\/pt\/product\/nursery-raising-machine\/","title":{"rendered":"M\u00e1quina autom\u00e1tica de cultivo de viveiro | M\u00e1quina de semear viveiro de legumes"},"content":{"rendered":"<div class=\"kk-star-ratings kksr-auto kksr-align-left kksr-valign-top\"     data-payload='{&quot;align&quot;:&quot;left&quot;,&quot;id&quot;:&quot;2658&quot;,&quot;slug&quot;:&quot;default&quot;,&quot;valign&quot;:&quot;top&quot;,&quot;ignore&quot;:&quot;&quot;,&quot;reference&quot;:&quot;auto&quot;,&quot;class&quot;:&quot;&quot;,&quot;count&quot;:&quot;22&quot;,&quot;legendonly&quot;:&quot;&quot;,&quot;readonly&quot;:&quot;&quot;,&quot;score&quot;:&quot;4.8&quot;,&quot;starsonly&quot;:&quot;&quot;,&quot;best&quot;:&quot;5&quot;,&quot;gap&quot;:&quot;5&quot;,&quot;greet&quot;:&quot;Rate this product&quot;,&quot;legend&quot;:&quot;4.8\\\/5 - (22 votes)&quot;,&quot;size&quot;:&quot;24&quot;,&quot;title&quot;:&quot;Automatic nursery raising machine | Vegetable nursery sowing machine&quot;,&quot;width&quot;:&quot;136.7&quot;,&quot;_legend&quot;:&quot;{score}\\\/{best} - ({count} {votes})&quot;,&quot;font_factor&quot;:&quot;1.25&quot;}'>              <div class=\"kksr-stars\">      <div class=\"kksr-stars-inactive\">             <div class=\"kksr-star\" data-star=\"1\" style=\"padding-right: 5px\">               <div class=\"kksr-icon\" style=\"width: 24px; height: 24px;\"><\/div>         <\/div>             <div class=\"kksr-star\" data-star=\"2\" style=\"padding-right: 5px\">               <div class=\"kksr-icon\" style=\"width: 24px; height: 24px;\"><\/div>         <\/div>             <div class=\"kksr-star\" data-star=\"3\" style=\"padding-right: 5px\">               <div class=\"kksr-icon\" style=\"width: 24px; height: 24px;\"><\/div>         <\/div>             <div class=\"kksr-star\" data-star=\"4\" style=\"padding-right: 5px\">               <div class=\"kksr-icon\" style=\"width: 24px; height: 24px;\"><\/div>         <\/div>             <div class=\"kksr-star\" data-star=\"5\" style=\"padding-right: 5px\">               <div class=\"kksr-icon\" style=\"width: 24px; height: 24px;\"><\/div>         <\/div>     <\/div>      <div class=\"kksr-stars-active\" style=\"width: 136.7px;\">             <div class=\"kksr-star\" style=\"padding-right: 5px\">               <div class=\"kksr-icon\" style=\"width: 24px; height: 24px;\"><\/div>         <\/div>             <div class=\"kksr-star\" style=\"padding-right: 5px\">               <div class=\"kksr-icon\" style=\"width: 24px; height: 24px;\"><\/div>         <\/div>             <div class=\"kksr-star\" style=\"padding-right: 5px\">               <div class=\"kksr-icon\" style=\"width: 24px; height: 24px;\"><\/div>         <\/div>             <div class=\"kksr-star\" style=\"padding-right: 5px\">               <div class=\"kksr-icon\" style=\"width: 24px; height: 24px;\"><\/div>         <\/div>             <div class=\"kksr-star\" style=\"padding-right: 5px\">               <div class=\"kksr-icon\" style=\"width: 24px; height: 24px;\"><\/div>         <\/div>     <\/div> <\/div>                   <div class=\"kksr-legend\" style=\"font-size: 19.2px;\">             4,8\/5 - (22 votos)    <\/div>     <\/div>  <p>A m\u00e1quina autom\u00e1tica de cultivo em viveiro \u00e9 um equipamento que pode plantar sementes em uma bandeja de encaixe. A m\u00e1quina pode perfurar e semear com precis\u00e3o. E a taxa de sobreviv\u00eancia das mudas \u00e9 alta e a qualidade das mudas \u00e9 boa. Normalmente, a m\u00e1quina autom\u00e1tica de mudas de viveiro pode completar a cobertura do solo, escova\u00e7\u00e3o, perfura\u00e7\u00e3o, semeadura e cobertura do solo. Todo o processo n\u00e3o requer muita m\u00e3o de obra.<\/p>    <figure class=\"wp-block-embed is-type-video is-provider-youtube wp-block-embed-youtube wp-embed-aspect-16-9 wp-has-aspect-ratio\"><div class=\"wp-block-embed__wrapper\"> <iframe loading=\"lazy\" title=\"M\u00e1quina Autom\u00e1tica de Mudas para Planta\u00e7\u00e3o R\u00e1pida #viveiro #agricultura #semente\" width=\"500\" height=\"281\" src=\"https:\/\/www.youtube.com\/embed\/52XUJAoRi7s?feature=oembed\" frameborder=\"0\" allow=\"accelerometer; autoplay; clipboard-write; encrypted-media; gyroscope; picture-in-picture; web-share\" referrerpolicy=\"strict-origin-when-cross-origin\" allowfullscreen><\/iframe> <\/div><figcaption class=\"wp-element-caption\">V\u00eddeo de funcionamento da m\u00e1quina autom\u00e1tica de produ\u00e7\u00e3o de viveiro<\/figcaption><\/figure>    <h2 class=\"wp-block-heading\" id=\"h-introduction-of-our-automatic-nursery-raising-machine\">Introdu\u00e7\u00e3o da nossa m\u00e1quina autom\u00e1tica de cria\u00e7\u00e3o de viveiros<\/h2>    <p>Para atender \u00e0s mais diversas necessidades, contamos com 3 tipos de m\u00e1quinas semeadoras de viveiros. Eles s\u00e3o KMR-80, KMR-78-2 e KMR-78. Dos tr\u00eas tipos de m\u00e1quinas, KMR-80 e KMR-78-2 s\u00e3o totalmente autom\u00e1ticas e KMR-78 \u00e9 semiautom\u00e1tica. A pot\u00eancia de todas essas m\u00e1quinas \u00e9 el\u00e9trica e compressor de ar. E o compressor de ar controla principalmente as duas a\u00e7\u00f5es de perfura\u00e7\u00e3o e semeadura.<\/p>    <p class=\"translation-block\">Para uma perfura\u00e7\u00e3o e semeadura precisas, as nossas m\u00e1quinas possuem m\u00faltiplos sensores. E a nossa m\u00e1quina autom\u00e1tica de produ\u00e7\u00e3o de viveiro pode semear muitos tipos diferentes de sementes, como legumes, frutas e flores. Para semear v\u00e1rias sementes diferentes, tamb\u00e9m desenhamos bicos de tamanhos diferentes. E enviaremos todos os tamanhos de bicos na caixa de ferramentas. Tamb\u00e9m produzimos <a href=\"https:\/\/www.agriculture-machine.com\/peony-transplant-cucumber-transplant-factory-direct\/\" target=\"_blank\" rel=\"noopener\">transplantadores<\/a>, que s\u00e3o \u00f3timos ajudantes para as pessoas transplantarem mudas. Devido \u00e0 longa vida \u00fatil e alta efici\u00eancia de trabalho da m\u00e1quina de mudas de plugues, ela tem sido bem recebida por clientes em muitos pa\u00edses.<\/p>    <h2 class=\"wp-block-heading\" id=\"type-1-kmr-78-2-vegetable-nursery-sowing-machine\">Tipo 1: M\u00e1quina de semeadura de viveiro de vegetais KMR-78-2<\/h2>    <p>Este modelo de m\u00e1quina para viveiro \u00e9 totalmente autom\u00e1tico. Ele pode completar as fun\u00e7\u00f5es de cobertura do solo, perfura\u00e7\u00e3o, semeadura, cobertura secund\u00e1ria do solo e irriga\u00e7\u00e3o ao mesmo tempo. Um aspersor de \u00e1gua \u00e9 um recurso adicional. Os clientes podem escolher de acordo com suas pr\u00f3prias necessidades.<\/p>    <figure class=\"wp-block-image aligncenter size-full is-resized\"><img loading=\"lazy\" decoding=\"async\" width=\"720\" height=\"540\" src=\"https:\/\/taizyfarmequipment.com\/wp-content\/uploads\/2022\/02\/nursery-seedling-machine1.jpg\" alt=\"m\u00e1quina autom\u00e1tica de cria\u00e7\u00e3o de ber\u00e7\u00e1rio\" class=\"wp-image-2659\" style=\"width:720px;height:540px\" title=\"m\u00e1quina autom\u00e1tica de cria\u00e7\u00e3o de ber\u00e7\u00e1rio\" srcset=\"https:\/\/taizyfarmequipment.com\/wp-content\/uploads\/2022\/02\/nursery-seedling-machine1.jpg 720w, https:\/\/taizyfarmequipment.com\/wp-content\/uploads\/2022\/02\/nursery-seedling-machine1-300x225.jpg 300w\" sizes=\"auto, (max-width: 720px) 100vw, 720px\" \/><figcaption class=\"wp-element-caption\">m\u00e1quina autom\u00e1tica de cria\u00e7\u00e3o de ber\u00e7\u00e1rio<\/figcaption><\/figure>    <h3 class=\"wp-block-heading\" id=\"h-components-of-nursery-sowing-machine\">Componentes da m\u00e1quina semeadora de viveiro<\/h3>    <p>Esta m\u00e1quina autom\u00e1tica de eleva\u00e7\u00e3o de viveiros KMR-78-2 inclui principalmente recipientes de solo, escova, transportador, sensor, furo, escava\u00e7\u00e3o, semeadura, etc. E cada parte pode ser dividida. Assim, os clientes podem usar a m\u00e1quina com flexibilidade de acordo com suas necessidades.<\/p>    <figure class=\"wp-block-image aligncenter size-full\"><img loading=\"lazy\" decoding=\"async\" width=\"720\" height=\"540\" src=\"https:\/\/taizyfarmequipment.com\/wp-content\/uploads\/2022\/02\/structure.jpg\" alt=\"Estrutura da semeadora de bandeja MKR-78-2\" class=\"wp-image-2660\" title=\"Estrutura da semeadora de bandeja MKR-78-2\" srcset=\"https:\/\/taizyfarmequipment.com\/wp-content\/uploads\/2022\/02\/structure.jpg 720w, https:\/\/taizyfarmequipment.com\/wp-content\/uploads\/2022\/02\/structure-300x225.jpg 300w\" sizes=\"auto, (max-width: 720px) 100vw, 720px\" \/><figcaption class=\"wp-element-caption\">Estrutura da semeadora de bandeja KMR-78-2<\/figcaption><\/figure>    <h3 class=\"wp-block-heading\" id=\"h-how-dose-the-automatic-nursery-seeding-machine-work\">Como funciona a semeadora autom\u00e1tica de viveiros?<\/h3>    <figure class=\"wp-block-embed is-type-video is-provider-youtube wp-block-embed-youtube wp-embed-aspect-16-9 wp-has-aspect-ratio\"><div class=\"wp-block-embed__wrapper\"> <iframe loading=\"lazy\" title=\"M\u00e1quina autom\u00e1tica de semeadura de ber\u00e7\u00e1rio\/semeadora de ber\u00e7\u00e1rio\/m\u00e1quina de cultivo de mudas\/m\u00e1quina semeadora\" width=\"500\" height=\"281\" src=\"https:\/\/www.youtube.com\/embed\/2rLrp6o2l6o?feature=oembed\" frameborder=\"0\" allow=\"accelerometer; autoplay; clipboard-write; encrypted-media; gyroscope; picture-in-picture; web-share\" referrerpolicy=\"strict-origin-when-cross-origin\" allowfullscreen><\/iframe> <\/div><figcaption class=\"wp-element-caption\">V\u00eddeo de trabalho do KMR-78-2<\/figcaption><\/figure>    <h3 class=\"wp-block-heading\" id=\"technical-parameter-of-vegetable-nursery-machine\">Par\u00e2metros t\u00e9cnicos da m\u00e1quina de viveiro de vegetais<\/h3>    <figure class=\"wp-block-table\"><table><tbody><tr><td>Modelo<\/td><td>KMR-78-2<\/td><\/tr><tr><td>Capacidade<\/td><td>550-600 bandejas\/hora<\/td><\/tr><tr><td>Precis\u00e3o<\/td><td>&gt;97-98%<\/td><\/tr><tr><td>Princ\u00edpio<\/td><td>Compressor el\u00e9trico e de ar<\/td><\/tr><tr><td>Tamanho<\/td><td>4800*800*1600mm<\/td><\/tr><tr><td>Peso<\/td><td>400kg<\/td><\/tr><tr><td>Tens\u00e3o<\/td><td>220V\/110V 600w<\/td><\/tr><tr><td>Tamanho para semente<\/td><td>0,3-12mm<\/td><\/tr><tr><td>Largura da bandeja<\/td><td>&lt;=540mm<\/td><\/tr><\/tbody><\/table><figcaption class=\"wp-element-caption\">par\u00e2metro da m\u00e1quina de viveiro de vegetais<\/figcaption><\/figure>    <h3 class=\"wp-block-heading\" id=\"features-of-the-automatic-nursery-seeder\">Caracter\u00edsticas da semeadora autom\u00e1tica de viveiro<\/h3>    <ol style=\"list-style-type:1\" class=\"wp-block-list\"> <li>As tr\u00eas partes podem ser separadas. Os clientes podem us\u00e1-lo com flexibilidade.<\/li>    <li>Totalmente autom\u00e1tico. Voc\u00ea n\u00e3o precisa gastar muita energia e tempo no ber\u00e7\u00e1rio. Basta colocar o solo na caixa de solo. A m\u00e1quina semeadora pode completar todas as demais a\u00e7\u00f5es.<\/li>    <li>Esta m\u00e1quina autom\u00e1tica de eleva\u00e7\u00e3o de viveiros pode acomodar bandejas de at\u00e9 540 mm de largura. Portanto, esta m\u00e1quina tem maior efici\u00eancia de trabalho.<\/li> <\/ol>    <h2 class=\"wp-block-heading\" id=\"type-2-kmr-80-nursery-raising-machine\">Tipo 2: M\u00e1quina de cria\u00e7\u00e3o de ber\u00e7\u00e1rio KMR-80<\/h2>    <p>O modelo KMR-80 tamb\u00e9m \u00e9 a m\u00e1quina autom\u00e1tica de cria\u00e7\u00e3o de viveiros. Este modelo de m\u00e1quina autom\u00e1tica de cria\u00e7\u00e3o de viveiros tem o mesmo fluxo de trabalho que o Tipo 1 KMR-78-2. Eles s\u00e3o diferentes na apar\u00eancia. O modelo KMR-78-2 possui tr\u00eas partes. Cada parte pode ser dividida. E a m\u00e1quina autom\u00e1tica de cria\u00e7\u00e3o de viveiros KMR-80 tem duas partes que podem ser divididas. E a m\u00e1quina de mudas de plug KMR-80 pode trabalhar com bandejas de plug de at\u00e9 320 mm.<\/p>    <figure class=\"wp-block-image size-full\"><img loading=\"lazy\" decoding=\"async\" width=\"720\" height=\"540\" src=\"https:\/\/taizyfarmequipment.com\/wp-content\/uploads\/2022\/02\/nursery-seeder-.jpg\" alt=\"m\u00e1quina de cria\u00e7\u00e3o de ber\u00e7\u00e1rio\" class=\"wp-image-2662\" title=\"m\u00e1quina de cria\u00e7\u00e3o de ber\u00e7\u00e1rio\" srcset=\"https:\/\/taizyfarmequipment.com\/wp-content\/uploads\/2022\/02\/nursery-seeder-.jpg 720w, https:\/\/taizyfarmequipment.com\/wp-content\/uploads\/2022\/02\/nursery-seeder--300x225.jpg 300w\" sizes=\"auto, (max-width: 720px) 100vw, 720px\" \/><figcaption class=\"wp-element-caption\">m\u00e1quina de cria\u00e7\u00e3o de ber\u00e7\u00e1rio<\/figcaption><\/figure>    <h3 class=\"wp-block-heading\" id=\"h-what-are-the-main-components-of-the-automatic-tray-seeder\">Quais s\u00e3o os principais componentes da semeadora autom\u00e1tica de bandejas?<\/h3>    <p>Esta semeadora autom\u00e1tica de bandejas KMR-80 possui duas partes. Uma parte inclui o dep\u00f3sito de solo, escova\u00e7\u00e3o, escava\u00e7\u00e3o e semeadura. E outra parte possui segunda cobertura de solo e escova\u00e7\u00e3o. Al\u00e9m disso, voc\u00ea pode escolher a rega no final da m\u00e1quina.<\/p>    <figure class=\"wp-block-image size-full is-resized\"><img loading=\"lazy\" decoding=\"async\" width=\"720\" height=\"540\" src=\"https:\/\/taizyfarmequipment.com\/wp-content\/uploads\/2022\/02\/nursery-raising-machines-structure-1-1.jpg\" alt=\"Estrutura da m\u00e1quina de cria\u00e7\u00e3o de viveiro MKR-80\" class=\"wp-image-2666\" style=\"width:720px;height:540px\" title=\"Estrutura da m\u00e1quina de cria\u00e7\u00e3o de viveiro MKR-80\" srcset=\"https:\/\/taizyfarmequipment.com\/wp-content\/uploads\/2022\/02\/nursery-raising-machines-structure-1-1.jpg 720w, https:\/\/taizyfarmequipment.com\/wp-content\/uploads\/2022\/02\/nursery-raising-machines-structure-1-1-300x225.jpg 300w\" sizes=\"auto, (max-width: 720px) 100vw, 720px\" \/><figcaption class=\"wp-element-caption\">Estrutura da m\u00e1quina de cria\u00e7\u00e3o de viveiros KMR-80<\/figcaption><\/figure>    <h3 class=\"wp-block-heading\" id=\"h-technical-specifications-of-plug-tray-nursery-seeding-machine\">Especifica\u00e7\u00f5es t\u00e9cnicas da m\u00e1quina semeadora de viveiro de bandeja plug<\/h3>    <figure class=\"wp-block-table\"><table><tbody><tr><td>Modelo<\/td><td>KMR-80<\/td><\/tr><tr><td>Capacidade<\/td><td>260-330 bandejas\/hora<\/td><\/tr><tr><td>Precis\u00e3o<\/td><td>&gt;97-98%<\/td><\/tr><tr><td>Princ\u00edpio<\/td><td>Compressor el\u00e9trico e de ar<\/td><\/tr><tr><td>Tens\u00e3o<\/td><td>220V\/110V 600w<\/td><\/tr><tr><td>Tamanho para semente<\/td><td>0,3-12mm<\/td><\/tr><tr><td>Largura da bandeja<\/td><td>320mm<\/td><\/tr><tr><td>Peso<\/td><td>250kg<\/td><\/tr><tr><td>Tamanho<\/td><td>3300*600*1300mm<\/td><\/tr><\/tbody><\/table><figcaption class=\"wp-element-caption\">Par\u00e2metro da m\u00e1quina semeadora de viveiro de bandeja plug KMR-80 <\/figcaption><\/figure>    <h3 class=\"wp-block-heading\" id=\"what-advantages-dose-the-nursery-raising-machine-has\">Quais s\u00e3o as vantagens da m\u00e1quina de cria\u00e7\u00e3o de viveiros?<\/h3>    <ol style=\"list-style-type:1\" class=\"wp-block-list\"> <li>Duas partes consistem na m\u00e1quina autom\u00e1tica de cria\u00e7\u00e3o de viveiros KMR-80, que tem apar\u00eancia compacta e pequeno espa\u00e7o.<\/li>    <li>Mesma fun\u00e7\u00e3o do KMR-78-2, que economiza tempo e energia.<\/li>    <li>Bandejas de largura menor podem ser acomodadas. A largura m\u00e1xima da bandeja de plugues deve ser de 320 mm.<\/li> <\/ol>    <h2 class=\"wp-block-heading\" id=\"type-3-kmr-78-nursery-planting-machine\">Tipo 3: M\u00e1quina de plantio de viveiro KMR-78<\/h2>    <p class=\"translation-block\">A nossa <a href=\"https:\/\/taizyfarmequipment.com\/pt\/produto\/maquina-automatica-de-mudas-de-viveiro\/\">m\u00e1quina de planta\u00e7\u00e3o para viveiros KMR-78<\/a> \u00e9 uma m\u00e1quina semeadora de estufa semi-autom\u00e1tica. Este modelo inclui apenas as partes de perfura\u00e7\u00e3o e sementeira. Portanto, o seu pre\u00e7o \u00e9 inferior aos tipos de m\u00e1quinas mencionados acima. Tamb\u00e9m t\u00eam um volume e ocupa\u00e7\u00e3o de espa\u00e7o menores. A m\u00e1quina de bandejas para mudas KMR-78 pode semear as mesmas sementes que a KMR-80 e a KMR-78-2. Se n\u00e3o tiver or\u00e7amento suficiente, pode optar por este modelo de m\u00e1quina de sementeira em bandejas.<\/p>    <figure class=\"wp-block-image aligncenter size-full\"><img loading=\"lazy\" decoding=\"async\" width=\"720\" height=\"540\" src=\"https:\/\/taizyfarmequipment.com\/wp-content\/uploads\/2022\/02\/78-tuya_720_540-tuya.jpg\" alt=\"M\u00e1quina de plantio de viveiro MKR-78\" class=\"wp-image-2663\" title=\"M\u00e1quina de plantio de viveiro MKR-78\" srcset=\"https:\/\/taizyfarmequipment.com\/wp-content\/uploads\/2022\/02\/78-tuya_720_540-tuya.jpg 720w, https:\/\/taizyfarmequipment.com\/wp-content\/uploads\/2022\/02\/78-tuya_720_540-tuya-300x225.jpg 300w\" sizes=\"auto, (max-width: 720px) 100vw, 720px\" \/><figcaption class=\"wp-element-caption\">M\u00e1quina de plantio de viveiro KMR-78<\/figcaption><\/figure>    <h3 class=\"wp-block-heading\" id=\"structure-2\">Estrutura da m\u00e1quina semeadora de tomate<\/h3>    <p>Esta m\u00e1quina semeadora de tomate KMR-78 possui principalmente escava\u00e7\u00e3o, plantio, estrutura, etc. Esta m\u00e1quina semeadora de viveiro de pimenta \u00e9 conveniente para voc\u00ea se mover para qualquer lugar.<\/p>    <figure class=\"wp-block-image aligncenter size-full\"><img loading=\"lazy\" decoding=\"async\" width=\"720\" height=\"540\" src=\"https:\/\/taizyfarmequipment.com\/wp-content\/uploads\/2022\/02\/vegetable-ursery-seeding-machines-structure-.jpg\" alt=\"Estrutura do viveiro MKR-78\" class=\"wp-image-2664\" title=\"Estrutura do viveiro MKR-78\" srcset=\"https:\/\/taizyfarmequipment.com\/wp-content\/uploads\/2022\/02\/vegetable-ursery-seeding-machines-structure-.jpg 720w, https:\/\/taizyfarmequipment.com\/wp-content\/uploads\/2022\/02\/vegetable-ursery-seeding-machines-structure--300x225.jpg 300w\" sizes=\"auto, (max-width: 720px) 100vw, 720px\" \/><figcaption class=\"wp-element-caption\">Estrutura do viveiro KMR-78<\/figcaption><\/figure>    <h3 class=\"wp-block-heading\" id=\"parameter-2\">Par\u00e2metro do plantador de viveiro<\/h3>    <figure class=\"wp-block-table\"><table><tbody><tr><td>Modelo<\/td><td>KMR-78<\/td><\/tr><tr><td>Capacidade<\/td><td>200 bandeja\/hora<\/td><\/tr><tr><td>Precis\u00e3o<\/td><td>&gt;97-98%Pprecis\u00e3o<\/td><\/tr><tr><td>princ\u00edpio<\/td><td>compressor de ar<\/td><\/tr><tr><td>Tamanho<\/td><td>1050*650*1150mm<\/td><\/tr><tr><td>Peso<\/td><td>68kg<\/td><\/tr><tr><td>Tamanho para semente<\/td><td>0,3-12mm<\/td><\/tr><\/tbody><\/table><figcaption class=\"wp-element-caption\">Tipo 3: Par\u00e2metro da m\u00e1quina de plantio em viveiro KMR-78<\/figcaption><\/figure>    <h3 class=\"wp-block-heading\" id=\"features-1\">Caracter\u00edsticas <\/h3>    <ol style=\"list-style-type:1\" class=\"wp-block-list\"> <li>Pegada menor. Leve e f\u00e1cil de mover.<\/li>    <li>Esta semeadora de sementes de viveiro tem as fun\u00e7\u00f5es de perfurar e semear, e precisa colocar e cobrir manualmente o solo.<\/li> <\/ol>    <h3 class=\"wp-block-heading\" id=\"wide-application-of-nursery-seed-sowing-machine\">Ampla aplica\u00e7\u00e3o de m\u00e1quina semeadora de sementes de viveiro<\/h3>    <p>Todos os tr\u00eas tipos de m\u00e1quinas podem semear uma variedade de sementes. Tais como, tomate, alface, repolho chin\u00eas, repolho, milho doce, ab\u00f3bora, semente de c\u00e2nhamo, quiabo, pepino, berinjela, mel\u00e3o, melancia, piment\u00e3o, pimenta, feij\u00e3o, repolho de Taiwan, Yu choi, Kan Kong, alho-por\u00f3, acelga, Bok choi, aipo etc. &nbsp;<\/p>    <figure class=\"wp-block-image size-full\"><img loading=\"lazy\" decoding=\"async\" width=\"720\" height=\"540\" src=\"https:\/\/taizyfarmequipment.com\/wp-content\/uploads\/2022\/02\/seeds-_720_540.jpg\" alt=\"sementes\" class=\"wp-image-2667\" title=\"sementes\" srcset=\"https:\/\/taizyfarmequipment.com\/wp-content\/uploads\/2022\/02\/seeds-_720_540.jpg 720w, https:\/\/taizyfarmequipment.com\/wp-content\/uploads\/2022\/02\/seeds-_720_540-300x225.jpg 300w\" sizes=\"auto, (max-width: 720px) 100vw, 720px\" \/><figcaption class=\"wp-element-caption\">v\u00e1rias sementes de repolho, cenoura, pepino etc. <\/figcaption><\/figure>    <h2 class=\"wp-block-heading\" id=\"packing-and-shipping-of-nursery-sowing-machine\">Embalagem e envio de m\u00e1quina de semeadura de viveiro<\/h2>    <p>Abaixo est\u00e3o as fotos do pacote e fotos do envio. Sempre antes de embalar, verificaremos a m\u00e1quina rigorosamente. Al\u00e9m disso, podemos testar a m\u00e1quina autom\u00e1tica de cria\u00e7\u00e3o de viveiros de acordo com as necessidades do cliente. <\/p>    <figure class=\"wp-block-gallery has-nested-images columns-2 is-cropped wp-block-gallery-2 is-layout-flex wp-block-gallery-is-layout-flex\"> <figure class=\"wp-block-image size-large\"><img loading=\"lazy\" decoding=\"async\" width=\"720\" height=\"540\" data-id=\"2669\" src=\"https:\/\/taizyfarmequipment.com\/wp-content\/uploads\/2022\/02\/nursery-seedling-machine.jpg\" alt=\"Enrole a m\u00e1quina de semeadura de viveiro\" class=\"wp-image-2669\" title=\"Enrole a m\u00e1quina de semeadura de viveiro\" srcset=\"https:\/\/taizyfarmequipment.com\/wp-content\/uploads\/2022\/02\/nursery-seedling-machine.jpg 720w, https:\/\/taizyfarmequipment.com\/wp-content\/uploads\/2022\/02\/nursery-seedling-machine-300x225.jpg 300w\" sizes=\"auto, (max-width: 720px) 100vw, 720px\" \/><figcaption class=\"wp-element-caption\">Enrole a m\u00e1quina de semeadura de viveiro<\/figcaption><\/figure>    <figure class=\"wp-block-image size-large\"><img loading=\"lazy\" decoding=\"async\" width=\"720\" height=\"540\" data-id=\"2670\" src=\"https:\/\/taizyfarmequipment.com\/wp-content\/uploads\/2022\/02\/shipping-.jpg\" alt=\"verifica\u00e7\u00e3o da m\u00e1quina de cultivo de viveiro de vegetais\" class=\"wp-image-2670\" title=\"verifica\u00e7\u00e3o da m\u00e1quina de cultivo de viveiro de vegetais\" srcset=\"https:\/\/taizyfarmequipment.com\/wp-content\/uploads\/2022\/02\/shipping-.jpg 720w, https:\/\/taizyfarmequipment.com\/wp-content\/uploads\/2022\/02\/shipping--300x225.jpg 300w\" sizes=\"auto, (max-width: 720px) 100vw, 720px\" \/><figcaption class=\"wp-element-caption\">verifica\u00e7\u00e3o da m\u00e1quina de cultivo de viveiro de vegetais<\/figcaption><\/figure> <figcaption class=\"blocks-gallery-caption wp-element-caption\">Embalagem e envio de m\u00e1quina de semeadura de viveiro<\/figcaption><\/figure>","protected":false},"excerpt":{"rendered":"<p>A m\u00e1quina de eleva\u00e7\u00e3o autom\u00e1tica de ber\u00e7\u00e1rio pode plantar sementes em uma bandeja de plugue. E a taxa de sobreviv\u00eancia e a qualidade das mudas tamb\u00e9m s\u00e3o boas.  <\/p>","protected":false},"author":1,"featured_media":2661,"parent":0,"template":"","tags":[148,151,154,156,153,150,155,157,152,149],"product-type":[134],"class_list":["post-2658","product","type-product","status-publish","has-post-thumbnail","hentry","tag-automatic-nursery-raising-machine","tag-automatic-nursery-seeding-machine","tag-automatic-tray-seeder","tag-nursery-planting-machine","tag-nursery-seeder","tag-nursery-sowing-machine","tag-plug-tray-nursery-seeding-machine","tag-tomato-seeding-machine","tag-vegetable-nursery-machine","tag-vegetable-nursery-sowing-machine","product-type-nursery-transplanter"],"_links":{"self":[{"href":"https:\/\/taizyfarmequipment.com\/pt\/wp-json\/wp\/v2\/product\/2658","targetHints":{"allow":["GET"]}}],"collection":[{"href":"https:\/\/taizyfarmequipment.com\/pt\/wp-json\/wp\/v2\/product"}],"about":[{"href":"https:\/\/taizyfarmequipment.com\/pt\/wp-json\/wp\/v2\/types\/product"}],"author":[{"embeddable":true,"href":"https:\/\/taizyfarmequipment.com\/pt\/wp-json\/wp\/v2\/users\/1"}],"wp:featuredmedia":[{"embeddable":true,"href":"https:\/\/taizyfarmequipment.com\/pt\/wp-json\/wp\/v2\/media\/2661"}],"wp:attachment":[{"href":"https:\/\/taizyfarmequipment.com\/pt\/wp-json\/wp\/v2\/media?parent=2658"}],"wp:term":[{"taxonomy":"post_tag","embeddable":true,"href":"https:\/\/taizyfarmequipment.com\/pt\/wp-json\/wp\/v2\/tags?post=2658"},{"taxonomy":"product-type","embeddable":true,"href":"https:\/\/taizyfarmequipment.com\/pt\/wp-json\/wp\/v2\/product-type?post=2658"}],"curies":[{"name":"wp","href":"https:\/\/api.w.org\/{rel}","templated":true}]}}