{"id":2783,"date":"2022-03-01T10:12:46","date_gmt":"2022-03-01T10:12:46","guid":{"rendered":"https:\/\/taizyfarmequipment.com\/"},"modified":"2025-11-26T15:47:21","modified_gmt":"2025-11-26T07:47:21","slug":"maquina-combinada-de-descascar-e-limpar-amendoim","status":"publish","type":"product","link":"https:\/\/taizyfarmequipment.com\/pt\/product\/combined-peanut-shelling-and-cleaning-machine\/","title":{"rendered":"Descascador de amendoim | M\u00e1quina combinada de descasque e limpeza de amendoim"},"content":{"rendered":"<div class=\"kk-star-ratings kksr-auto kksr-align-left kksr-valign-top\"     data-payload='{&quot;align&quot;:&quot;left&quot;,&quot;id&quot;:&quot;2783&quot;,&quot;slug&quot;:&quot;default&quot;,&quot;valign&quot;:&quot;top&quot;,&quot;ignore&quot;:&quot;&quot;,&quot;reference&quot;:&quot;auto&quot;,&quot;class&quot;:&quot;&quot;,&quot;count&quot;:&quot;25&quot;,&quot;legendonly&quot;:&quot;&quot;,&quot;readonly&quot;:&quot;&quot;,&quot;score&quot;:&quot;4.7&quot;,&quot;starsonly&quot;:&quot;&quot;,&quot;best&quot;:&quot;5&quot;,&quot;gap&quot;:&quot;5&quot;,&quot;greet&quot;:&quot;Rate this product&quot;,&quot;legend&quot;:&quot;4.7\\\/5 - (25 votes)&quot;,&quot;size&quot;:&quot;24&quot;,&quot;title&quot;:&quot;Peanut sheller | Combined peanut shelling and cleaning machine&quot;,&quot;width&quot;:&quot;133.8&quot;,&quot;_legend&quot;:&quot;{score}\\\/{best} - ({count} {votes})&quot;,&quot;font_factor&quot;:&quot;1.25&quot;}'>              <div class=\"kksr-stars\">      <div class=\"kksr-stars-inactive\">             <div class=\"kksr-star\" data-star=\"1\" style=\"padding-right: 5px\">               <div class=\"kksr-icon\" style=\"width: 24px; height: 24px;\"><\/div>         <\/div>             <div class=\"kksr-star\" data-star=\"2\" style=\"padding-right: 5px\">               <div class=\"kksr-icon\" style=\"width: 24px; height: 24px;\"><\/div>         <\/div>             <div class=\"kksr-star\" data-star=\"3\" style=\"padding-right: 5px\">               <div class=\"kksr-icon\" style=\"width: 24px; height: 24px;\"><\/div>         <\/div>             <div class=\"kksr-star\" data-star=\"4\" style=\"padding-right: 5px\">               <div class=\"kksr-icon\" style=\"width: 24px; height: 24px;\"><\/div>         <\/div>             <div class=\"kksr-star\" data-star=\"5\" style=\"padding-right: 5px\">               <div class=\"kksr-icon\" style=\"width: 24px; height: 24px;\"><\/div>         <\/div>     <\/div>      <div class=\"kksr-stars-active\" style=\"width: 133.8px;\">             <div class=\"kksr-star\" style=\"padding-right: 5px\">               <div class=\"kksr-icon\" style=\"width: 24px; height: 24px;\"><\/div>         <\/div>             <div class=\"kksr-star\" style=\"padding-right: 5px\">               <div class=\"kksr-icon\" style=\"width: 24px; height: 24px;\"><\/div>         <\/div>             <div class=\"kksr-star\" style=\"padding-right: 5px\">               <div class=\"kksr-icon\" style=\"width: 24px; height: 24px;\"><\/div>         <\/div>             <div class=\"kksr-star\" style=\"padding-right: 5px\">               <div class=\"kksr-icon\" style=\"width: 24px; height: 24px;\"><\/div>         <\/div>             <div class=\"kksr-star\" style=\"padding-right: 5px\">               <div class=\"kksr-icon\" style=\"width: 24px; height: 24px;\"><\/div>         <\/div>     <\/div> <\/div>                   <div class=\"kksr-legend\" style=\"font-size: 19.2px;\">             4,7\/5 - (25 votos)    <\/div>     <\/div>  <p class=\"translation-block\">Sendo uma das principais oleaginosas do mundo, o amendoim \u00e9 cultivado em muitos pa\u00edses. E a \u00e1rea de cultivo \u00e9 grande. E o cultivo em grande escala significa muito trabalho e tempo. Com o desenvolvimento cont\u00ednuo da tecnologia, a descascadora de amendoim tornou-se um auxiliar na agricultura dos produtores. O uso de descascadoras de amendoim melhora muito a efici\u00eancia do trabalho. E descasca muito limpo. E existem agora diferentes modelos de unidades de descasque de amendoim. Diferentes modelos t\u00eam diferentes produtividades. Para al\u00e9m das descascadoras de amendoim, as <a href=\"https:\/\/www.agriculture-machine.com\/peanut-harvester\/\" target=\"_blank\" rel=\"noopener\">ceifeiras de amendoim<\/a> e as <a href=\"https:\/\/taizyfarmequipment.com\/pt\/produto\/colhedor-de-amendoim\/\">colheitadeiras de amendoim<\/a> tamb\u00e9m s\u00e3o bons auxiliares para a agricultura cotidiana das pessoas.<\/p>    <figure class=\"wp-block-embed is-type-video is-provider-youtube wp-block-embed-youtube wp-embed-aspect-16-9 wp-has-aspect-ratio\"><div class=\"wp-block-embed__wrapper\"> <iframe loading=\"lazy\" title=\"Equipamento acess\u00edvel de descasque de amendoim para o seu neg\u00f3cio #amendoim #groundnut #casca #agricultura\" width=\"500\" height=\"281\" src=\"https:\/\/www.youtube.com\/embed\/yJV51sUT0kw?feature=oembed\" frameborder=\"0\" allow=\"accelerometer; autoplay; clipboard-write; encrypted-media; gyroscope; picture-in-picture; web-share\" referrerpolicy=\"strict-origin-when-cross-origin\" allowfullscreen><\/iframe> <\/div><figcaption class=\"wp-element-caption\">V\u00eddeo de funcionamento do descascador de amendoim<\/figcaption><\/figure>    <h2 class=\"wp-block-heading\" id=\"h-what-is-combined-peanut-shelling-and-cleaning-machine\">O que \u00e9 uma m\u00e1quina combinada de descascar e limpar amendoim?<\/h2>    <p>Uma m\u00e1quina combinada de descascar e limpar amendoim \u00e9 um equipamento que separa cascas e gr\u00e3os de amendoim. Em geral, a unidade de descascamento de amendoim inclui uma m\u00e1quina de limpeza. A m\u00e1quina de limpeza \u00e9 um dispositivo que remove antecipadamente as impurezas do amendoim sem casca. As impurezas geralmente s\u00e3o torr\u00f5es, pedras, mudas de amendoim e folhas. A produ\u00e7\u00e3o da unidade de descascamento de amendoim \u00e9 geralmente relativamente grande. Temos quatro modelos de 6BHX-1500, 6BHX-3500, 6BHX-16000 e 6BHX-20000. Cada modelo lida com volumes diferentes. Os clientes podem escolher o modelo de m\u00e1quina que mais lhes conv\u00e9m de acordo com suas necessidades.<\/p>    <figure class=\"wp-block-image size-full\"><img loading=\"lazy\" decoding=\"async\" width=\"720\" height=\"540\" src=\"https:\/\/taizyfarmequipment.com\/wp-content\/uploads\/2022\/03\/04_720_540.jpg\" alt=\"O que \u00e9 uma m\u00e1quina combinada de descascar e limpar amendoim?\" class=\"wp-image-2785\" title=\"O que \u00e9 uma m\u00e1quina combinada de descascar e limpar amendoim?\" srcset=\"https:\/\/taizyfarmequipment.com\/wp-content\/uploads\/2022\/03\/04_720_540.jpg 720w, https:\/\/taizyfarmequipment.com\/wp-content\/uploads\/2022\/03\/04_720_540-300x225.jpg 300w\" sizes=\"auto, (max-width: 720px) 100vw, 720px\" \/><figcaption class=\"wp-element-caption\">O que \u00e9 uma m\u00e1quina combinada de descascar e limpar amendoim?<\/figcaption><\/figure>    <h2 class=\"wp-block-heading\">Tipo 1: descascador de amendoim combinado 6BHX-1500<\/h2>    <p>Em geral, a m\u00e1quina combinada de descascar e limpar amendoim 6BHX-1500 funciona com o limpador. O produto final \u00e9 muito mais limpo. E \u00e9 ben\u00e9fico prolongar a vida \u00fatil da m\u00e1quina descascadora. Cada descascador de amendoim possui uma tela, e existem telas com diferentes tamanhos de malha. Portanto, para recomendar telas adequadas aos clientes, eles s\u00e3o obrigados a medir a largura do corpo dos amendoins. Em circunst\u00e2ncias normais, a malha da tela \u00e9 de 7\/8\/9\/11 mm. Este modelo de descascador de amendoim requer a instala\u00e7\u00e3o de duas telas. A pot\u00eancia deste modelo \u00e9 um motor el\u00e9trico. Este modelo de m\u00e1quina \u00e9 o menor comparado a outros modelos. Portanto, a m\u00e1quina de descascar amendoim \u00e9 pequena e leve.<\/p>    <figure class=\"wp-block-image size-full\"><img loading=\"lazy\" decoding=\"async\" width=\"720\" height=\"540\" src=\"https:\/\/taizyfarmequipment.com\/wp-content\/uploads\/2022\/03\/03_\u526f\u672c-tuya_720_540-1.jpg\" alt=\"descascador de amendoim combinado\" class=\"wp-image-2787\" title=\"descascador de amendoim combinado\" srcset=\"https:\/\/taizyfarmequipment.com\/wp-content\/uploads\/2022\/03\/03_\u526f\u672c-tuya_720_540-1.jpg 720w, https:\/\/taizyfarmequipment.com\/wp-content\/uploads\/2022\/03\/03_\u526f\u672c-tuya_720_540-1-300x225.jpg 300w\" sizes=\"auto, (max-width: 720px) 100vw, 720px\" \/><figcaption class=\"wp-element-caption\">descascador de amendoim combinado<\/figcaption><\/figure>    <h3 class=\"wp-block-heading\">Par\u00e2metro t\u00e9cnico do descascador e limpador de amendoim<\/h3>    <figure class=\"wp-block-table\"><table><tbody><tr><td>Capacidade (kg\/h)<\/td><td>Taxa de bombardeio %<\/td><td>Taxa de quebra\u00a0%<\/td><td>Taxa de perda<\/td><\/tr><tr><td>700-800<\/td><td>&gt;=99<\/td><td>&lt;=5<\/td><td>&lt;=0,5<\/td><\/tr><tr><td>Umidade de trabalho\u00a0%<\/td><td>Pot\u00eancia do motor<\/td><td>Peso (kg)<\/td><td>Tamanho da m\u00e1quina<\/td><\/tr><tr><td>6,3&lt;=12<\/td><td>N\u00edvel\u00a02 1,5 kW\u00a0\/ n\u00edvel 4 3 kW<\/td><td>520<\/td><td>&nbsp;1500*1050*1460<\/td><\/tr><\/tbody><\/table><figcaption class=\"wp-element-caption\">par\u00e2metro do descascador e limpador de amendoim<\/figcaption><\/figure>    <h2 class=\"wp-block-heading\">Tipo 2: Descascador e limpador de amendoim combinado 6BHX-3500<\/h2>    <p>A m\u00e1quina de limpeza e limpeza combinada de amendoim e 6BHX-3500 \u00e9 semelhante em estrutura ao modelo 1500. Para a m\u00e1quina de limpeza, os clientes podem escolher livremente de acordo com suas pr\u00f3prias necessidades. Este modelo de m\u00e1quina pode ser equipado com tr\u00eas telas. O tamanho da tela precisa ser determinado de acordo com o tamanho do amendoim do cliente. A sa\u00edda desse tipo de m\u00e1quina \u00e9 maior que a do tipo 1500. A pot\u00eancia da m\u00e1quina tamb\u00e9m \u00e9 o motor.<\/p>    <figure class=\"wp-block-image size-full\"><img loading=\"lazy\" decoding=\"async\" width=\"720\" height=\"540\" src=\"https:\/\/taizyfarmequipment.com\/wp-content\/uploads\/2022\/03\/212-tuya_720_540.jpg\" alt=\"descascador e limpador de amendoim combinado\" class=\"wp-image-2788\" title=\"descascador e limpador de amendoim combinado\" srcset=\"https:\/\/taizyfarmequipment.com\/wp-content\/uploads\/2022\/03\/212-tuya_720_540.jpg 720w, https:\/\/taizyfarmequipment.com\/wp-content\/uploads\/2022\/03\/212-tuya_720_540-300x225.jpg 300w\" sizes=\"auto, (max-width: 720px) 100vw, 720px\" \/><figcaption class=\"wp-element-caption\">descascador e limpador de amendoim combinado<\/figcaption><\/figure>    <h3 class=\"wp-block-heading\">Especifica\u00e7\u00f5es t\u00e9cnicas da m\u00e1quina de debulhar amendoim<\/h3>    <figure class=\"wp-block-table\"><table><tbody><tr><td>Capacidade (kg\/h)<\/td><td>Taxa de bombardeio %<\/td><td>Taxa de quebra\u00a0%<\/td><td>Taxa de perda<\/td><\/tr><tr><td>1500-2200<\/td><td>&gt;=99<\/td><td>&lt;=5<\/td><td>&lt;=0,5<\/td><\/tr><tr><td>Umidade de trabalho\u00a0%<\/td><td>Pot\u00eancia do motor<\/td><td>Peso (kg)<\/td><td>Tamanho da m\u00e1quina<\/td><\/tr><tr><td>6,3&lt;=12<\/td><td>2 n\u00edveis\u00a04kw\u00a0\/ 6 n\u00edveis\u00a05,5 kw<\/td><td>1000<\/td><td>&nbsp;2500*1200*2450<\/td><\/tr><\/tbody><\/table><figcaption class=\"wp-element-caption\"> m\u00e1quina de debulhar amendoim<\/figcaption><\/figure>    <h2 class=\"wp-block-heading\">Tipo 3: descascador de amendoim 6BHX-16000<\/h2>    <p>A m\u00e1quina combinada de descascar e limpar amendoim 6BHX-16000 \u00e9 o equipamento cuja produ\u00e7\u00e3o pode chegar a 2.500-3.500 kg por hora. Mais amendoins podem ser processados \u200b\u200bde uma s\u00f3 vez. Este modelo pode ser equipado com tr\u00eas ou quatro telas. Como o tamanho de cada tela \u00e9 diferente, \u00e9 conveniente descascar amendoins de tamanhos diferentes e descascar de forma mais limpa. Al\u00e9m disso, pode reduzir a taxa de esmagamento do amendoim. A pot\u00eancia da m\u00e1quina para este modelo ainda \u00e9 o motor.<\/p>    <figure class=\"wp-block-image size-full\"><img loading=\"lazy\" decoding=\"async\" width=\"720\" height=\"540\" src=\"https:\/\/taizyfarmequipment.com\/wp-content\/uploads\/2022\/03\/006-tuya_720_540.jpg\" alt=\"descascador de amendoim\" class=\"wp-image-2789\" title=\"descascador de amendoim\" srcset=\"https:\/\/taizyfarmequipment.com\/wp-content\/uploads\/2022\/03\/006-tuya_720_540.jpg 720w, https:\/\/taizyfarmequipment.com\/wp-content\/uploads\/2022\/03\/006-tuya_720_540-300x225.jpg 300w\" sizes=\"auto, (max-width: 720px) 100vw, 720px\" \/><figcaption class=\"wp-element-caption\">descascador de amendoim<\/figcaption><\/figure>    <h3 class=\"wp-block-heading\">Par\u00e2metro do descascador de amendoim 6BHX-16000<\/h3>    <figure class=\"wp-block-table\"><table><tbody><tr><td>Capacidade (kg\/h)<\/td><td>Taxa de bombardeio %<\/td><td>Taxa de quebra\u00a0%<\/td><td>Taxa de perda<\/td><\/tr><tr><td>2500-3500<\/td><td>&gt;=99<\/td><td>&lt;=5<\/td><td>&lt;=0,5<\/td><\/tr><tr><td>Umidade de trabalho\u00a0%<\/td><td>Pot\u00eancia do motor<\/td><td>Peso (kg)<\/td><td>Tamanho da m\u00e1quina<\/td><\/tr><tr><td>6,3&lt;=12<\/td><td>2 n\u00edveis 11 kW \/ 6 n\u00edveis 11 kw\/ 6 n\u00edveis 4 kw<\/td><td>2300<\/td><td>&nbsp;2650*1690*3360<\/td><\/tr><\/tbody><\/table><figcaption class=\"wp-element-caption\">Descascador de amendoim 6BHX-16000<\/figcaption><\/figure>    <h2 class=\"wp-block-heading\">Tipo 4: m\u00e1quina debulhadora de amendoim 6BHX-20000<\/h2>    <p>A m\u00e1quina combinada de descascar e limpar amendoim 6BHX-20000 \u00e9 a maior m\u00e1quina combinada de descascar amendoim. A estrutura deste modelo \u00e9 basicamente a mesma da descascadora de amendoim 6BHX-16000. Instale duas ou quatro telas. Cada parte da m\u00e1quina \u00e9 acionada por um motor. O \u00faltimo gr\u00e3o de amendoim \u00e9 basicamente isento de impurezas porque, no processo de descascamento, existe um ventilador para extrair a casca e as impurezas do amendoim.<\/p>    <figure class=\"wp-block-image size-full is-resized\"><img loading=\"lazy\" decoding=\"async\" width=\"720\" height=\"540\" src=\"https:\/\/taizyfarmequipment.com\/wp-content\/uploads\/2022\/03\/060-tuya_720_540.jpg\" alt=\"m\u00e1quina de debulhar amendoim\" class=\"wp-image-2790\" style=\"width:720px;height:540px\" title=\"m\u00e1quina de debulhar amendoim\" srcset=\"https:\/\/taizyfarmequipment.com\/wp-content\/uploads\/2022\/03\/060-tuya_720_540.jpg 720w, https:\/\/taizyfarmequipment.com\/wp-content\/uploads\/2022\/03\/060-tuya_720_540-300x225.jpg 300w\" sizes=\"auto, (max-width: 720px) 100vw, 720px\" \/><figcaption class=\"wp-element-caption\">m\u00e1quina de debulhar amendoim<\/figcaption><\/figure>    <h3 class=\"wp-block-heading\">Qual \u00e9 a especifica\u00e7\u00e3o do descascador de amendoim de grande produ\u00e7\u00e3o 6BHX-20000<\/h3>    <figure class=\"wp-block-table\"><table><tbody><tr><td>Capacidade (kg\/h)<\/td><td>Taxa de bombardeio %<\/td><td>Taxa de quebra\u00a0%<\/td><td>Taxa de perda<\/td><\/tr><tr><td>5000-8000<\/td><td>&gt;=99<\/td><td>&lt;=5<\/td><td>&lt;=0,5<\/td><\/tr><tr><td>Umidade de trabalho\u00a0%<\/td><td>Pot\u00eancia do motor<\/td><td>Peso (kg)<\/td><td>Tamanho da m\u00e1quina<\/td><\/tr><tr><td>6,3&lt;=12<\/td><td>2 n\u00edveis 15 kW \/ 6 n\u00edveis 15 kw\/ 6 n\u00edveis 4 kw<\/td><td>2850<\/td><td>&nbsp;2750*1800*3360<\/td><\/tr><\/tbody><\/table><figcaption class=\"wp-element-caption\">descascador de amendoim de grande produ\u00e7\u00e3o<\/figcaption><\/figure>    <h2 class=\"wp-block-heading\">Que tal a estrutura da descascadora autom\u00e1tica de amendoim?<\/h2>    <p>Os quatro modelos de m\u00e1quinas combinadas para descascar e limpar amendoim s\u00e3o semelhantes em estrutura. Inclui principalmente sa\u00edda de amendoim limpo, entrada de amendoim, sa\u00edda de impurezas, motor, elevador de transporte, caixa de tela fechada, sa\u00edda de gr\u00e3os de amendoim, caixa de tela fechada, rodas universais, etc.<\/p>    <figure class=\"wp-block-gallery has-nested-images columns-default is-cropped wp-block-gallery-2 is-layout-flex wp-block-gallery-is-layout-flex\"> <figure class=\"wp-block-image size-large\"><img loading=\"lazy\" decoding=\"async\" width=\"720\" height=\"540\" data-id=\"2791\" src=\"https:\/\/taizyfarmequipment.com\/wp-content\/uploads\/2022\/03\/02-tuya_720_540.jpg\" alt=\"\" class=\"wp-image-2791\" srcset=\"https:\/\/taizyfarmequipment.com\/wp-content\/uploads\/2022\/03\/02-tuya_720_540.jpg 720w, https:\/\/taizyfarmequipment.com\/wp-content\/uploads\/2022\/03\/02-tuya_720_540-300x225.jpg 300w\" sizes=\"auto, (max-width: 720px) 100vw, 720px\" \/><figcaption class=\"wp-element-caption\">Estrutura do Sheller de amendoim<\/figcaption><\/figure>    <figure class=\"wp-block-image size-large\"><img loading=\"lazy\" decoding=\"async\" width=\"720\" height=\"540\" data-id=\"2793\" src=\"https:\/\/taizyfarmequipment.com\/wp-content\/uploads\/2022\/03\/005-tuya_720_540.jpg\" alt=\"estrutura da m\u00e1quina de descascar amendoim\" class=\"wp-image-2793\" title=\"estrutura da m\u00e1quina de descascar amendoim\" srcset=\"https:\/\/taizyfarmequipment.com\/wp-content\/uploads\/2022\/03\/005-tuya_720_540.jpg 720w, https:\/\/taizyfarmequipment.com\/wp-content\/uploads\/2022\/03\/005-tuya_720_540-300x225.jpg 300w\" sizes=\"auto, (max-width: 720px) 100vw, 720px\" \/><figcaption class=\"wp-element-caption\">Estrutura da m\u00e1quina de bombardeio de amendoim<\/figcaption><\/figure> <figcaption class=\"blocks-gallery-caption wp-element-caption\"> estrutura da m\u00e1quina autom\u00e1tica de descascar amendoim<\/figcaption><\/figure>    <h2 class=\"wp-block-heading\">O processo de trabalho do descascador de amendoim<\/h2>    <p><\/p>    <p>1. Primeiramente, coloque o amendoim no reservat\u00f3rio de alimenta\u00e7\u00e3o da m\u00e1quina de limpeza. E a m\u00e1quina de limpeza remover\u00e1 sujeira, pedras, poeira de folhas de amendoim e outras impurezas.<\/p>    <p>2. Em segundo lugar, o amendoim entrar\u00e1 na m\u00e1quina de descascar amendoim, atrav\u00e9s do elevador.<\/p>    <p>3. Em terceiro lugar, o descascador de amendoim ir\u00e1 descascar o amendoim atrav\u00e9s da combina\u00e7\u00e3o de uma caixa de tela fechada e um ventilador especial.<\/p>    <p>4. Finalmente, ap\u00f3s selecionar e descascar cuidadosamente, os gr\u00e3os de amendoim saem do orif\u00edcio de descarga.<\/p>    <figure class=\"wp-block-image size-full\"><img loading=\"lazy\" decoding=\"async\" width=\"720\" height=\"540\" src=\"https:\/\/taizyfarmequipment.com\/wp-content\/uploads\/2022\/03\/4-tuya_720_540.jpg\" alt=\"processo de trabalho do descascador de amendoim\" class=\"wp-image-2795\" title=\"processo de trabalho do descascador de amendoim\" srcset=\"https:\/\/taizyfarmequipment.com\/wp-content\/uploads\/2022\/03\/4-tuya_720_540.jpg 720w, https:\/\/taizyfarmequipment.com\/wp-content\/uploads\/2022\/03\/4-tuya_720_540-300x225.jpg 300w\" sizes=\"auto, (max-width: 720px) 100vw, 720px\" \/><figcaption class=\"wp-element-caption\">processo de trabalho do descascador de amendoim<\/figcaption><\/figure>    <h2 class=\"wp-block-heading\">Diferen\u00e7as entre os quatro descascadores de amendoim combinados<\/h2>    <p>1. Diferentes modelos t\u00eam diferentes n\u00fameros de telas. O 1500 tem duas telas, o 3500 tem tr\u00eas telas e o 16.000 e o 20.000 t\u00eam tr\u00eas ou quatro telas. Quanto maior o n\u00famero de peneiras, maior ser\u00e1 a taxa de decapagem e menor ser\u00e1 a taxa de britagem.<\/p>    <p>2. A produ\u00e7\u00e3o da m\u00e1quina combinada de descascar e limpar amendoim \u00e9 diferente. Quanto maior o modelo do descascador de amendoim, maior ser\u00e1 o rendimento.<\/p>    <p>3. A estrutura combinada da m\u00e1quina de descascar e limpar amendoim de diferentes modelos ser\u00e1 ligeiramente diferente.<\/p>    <p>4. O tamanho do motor descascador de amendoim \u00e9 diferente para cada modelo.<\/p>    <h2 class=\"wp-block-heading\">Caracter\u00edsticas da m\u00e1quina de remo\u00e7\u00e3o de casca de amendoim<\/h2>    <ol style=\"list-style-type:1\" class=\"wp-block-list\"> <li>A m\u00e1quina de remo\u00e7\u00e3o de casca de amendoim adota principalmente o m\u00e9todo de descasque por rolo. Este m\u00e9todo garante um desempenho est\u00e1vel e fi\u00e1vel do descascador de amendoim e uma longa vida \u00fatil.<\/li>    <li>Esta m\u00e1quina combinada de descasque e limpeza de amendoim tamb\u00e9m possui um bom efeito de descasque e alta produtividade. Os amendoins que saem do exportador est\u00e3o basicamente livres de impurezas.<\/li>    <li>Baixa taxa de perda e pequena taxa de quebra. Adequado para processar amendoins de diversas especifica\u00e7\u00f5es.<\/li> <\/ol>    <figure class=\"wp-block-image size-full\"><img loading=\"lazy\" decoding=\"async\" width=\"750\" height=\"554\" src=\"https:\/\/taizyfarmequipment.com\/wp-content\/uploads\/2022\/03\/\u6e90\u6587\u4ef6_07-tuya-tuya_750_554.jpg\" alt=\"m\u00e1quina de remo\u00e7\u00e3o de casca de amendoim\" class=\"wp-image-2796\" title=\"m\u00e1quina de remo\u00e7\u00e3o de casca de amendoim\" srcset=\"https:\/\/taizyfarmequipment.com\/wp-content\/uploads\/2022\/03\/\u6e90\u6587\u4ef6_07-tuya-tuya_750_554.jpg 750w, https:\/\/taizyfarmequipment.com\/wp-content\/uploads\/2022\/03\/\u6e90\u6587\u4ef6_07-tuya-tuya_750_554-300x222.jpg 300w\" sizes=\"auto, (max-width: 750px) 100vw, 750px\" \/><figcaption class=\"wp-element-caption\">m\u00e1quina de remo\u00e7\u00e3o de casca de amendoim<\/figcaption><\/figure>","protected":false},"excerpt":{"rendered":"<p>A m\u00e1quina combinada de descascar e limpar amendoim pode descascar amendoim de forma limpa. Em geral, o descascador de amendoim funciona com m\u00e1quina de limpeza.<\/p>","protected":false},"author":1,"featured_media":3139,"parent":0,"template":"","tags":[196,193,192,197,194,195,191],"product-type":[129],"class_list":["post-2783","product","type-product","status-publish","has-post-thumbnail","hentry","tag-automatic-peanut-shelling-machine","tag-combined-peanut-sheller","tag-combined-peanut-shelling-and-cleaning-machine","tag-features-of-the-peanut-shell-removing-machine","tag-groundnut-sheller-and-cleaner","tag-groundnut-threshing-machine","tag-peanut-sheller","product-type-thresher-and-sheller"],"_links":{"self":[{"href":"https:\/\/taizyfarmequipment.com\/pt\/wp-json\/wp\/v2\/product\/2783","targetHints":{"allow":["GET"]}}],"collection":[{"href":"https:\/\/taizyfarmequipment.com\/pt\/wp-json\/wp\/v2\/product"}],"about":[{"href":"https:\/\/taizyfarmequipment.com\/pt\/wp-json\/wp\/v2\/types\/product"}],"author":[{"embeddable":true,"href":"https:\/\/taizyfarmequipment.com\/pt\/wp-json\/wp\/v2\/users\/1"}],"wp:featuredmedia":[{"embeddable":true,"href":"https:\/\/taizyfarmequipment.com\/pt\/wp-json\/wp\/v2\/media\/3139"}],"wp:attachment":[{"href":"https:\/\/taizyfarmequipment.com\/pt\/wp-json\/wp\/v2\/media?parent=2783"}],"wp:term":[{"taxonomy":"post_tag","embeddable":true,"href":"https:\/\/taizyfarmequipment.com\/pt\/wp-json\/wp\/v2\/tags?post=2783"},{"taxonomy":"product-type","embeddable":true,"href":"https:\/\/taizyfarmequipment.com\/pt\/wp-json\/wp\/v2\/product-type?post=2783"}],"curies":[{"name":"wp","href":"https:\/\/api.w.org\/{rel}","templated":true}]}}