{"id":2798,"date":"2022-03-03T06:38:59","date_gmt":"2022-03-03T06:38:59","guid":{"rendered":"https:\/\/taizyfarmequipment.com\/"},"modified":"2024-02-02T16:47:07","modified_gmt":"2024-02-02T08:47:07","slug":"maquina-de-fazer-graos-de-milho","status":"publish","type":"product","link":"https:\/\/taizyfarmequipment.com\/pt\/product\/corn-grits-making-machine\/","title":{"rendered":"M\u00e1quina de fazer gr\u00e3os de milho\u4e28M\u00e1quina de moer farinha de gr\u00e3os de milho pequenos"},"content":{"rendered":"<div class=\"kk-star-ratings kksr-auto kksr-align-left kksr-valign-top\"     data-payload='{&quot;align&quot;:&quot;left&quot;,&quot;id&quot;:&quot;2798&quot;,&quot;slug&quot;:&quot;default&quot;,&quot;valign&quot;:&quot;top&quot;,&quot;ignore&quot;:&quot;&quot;,&quot;reference&quot;:&quot;auto&quot;,&quot;class&quot;:&quot;&quot;,&quot;count&quot;:&quot;8&quot;,&quot;legendonly&quot;:&quot;&quot;,&quot;readonly&quot;:&quot;&quot;,&quot;score&quot;:&quot;4.8&quot;,&quot;starsonly&quot;:&quot;&quot;,&quot;best&quot;:&quot;5&quot;,&quot;gap&quot;:&quot;5&quot;,&quot;greet&quot;:&quot;Rate this product&quot;,&quot;legend&quot;:&quot;4.8\\\/5 - (8 votes)&quot;,&quot;size&quot;:&quot;24&quot;,&quot;title&quot;:&quot;Corn grits making machine\u4e28Small maize grits flour grinding machine&quot;,&quot;width&quot;:&quot;136.7&quot;,&quot;_legend&quot;:&quot;{score}\\\/{best} - ({count} {votes})&quot;,&quot;font_factor&quot;:&quot;1.25&quot;}'>              <div class=\"kksr-stars\">      <div class=\"kksr-stars-inactive\">             <div class=\"kksr-star\" data-star=\"1\" style=\"padding-right: 5px\">               <div class=\"kksr-icon\" style=\"width: 24px; height: 24px;\"><\/div>         <\/div>             <div class=\"kksr-star\" data-star=\"2\" style=\"padding-right: 5px\">               <div class=\"kksr-icon\" style=\"width: 24px; height: 24px;\"><\/div>         <\/div>             <div class=\"kksr-star\" data-star=\"3\" style=\"padding-right: 5px\">               <div class=\"kksr-icon\" style=\"width: 24px; height: 24px;\"><\/div>         <\/div>             <div class=\"kksr-star\" data-star=\"4\" style=\"padding-right: 5px\">               <div class=\"kksr-icon\" style=\"width: 24px; height: 24px;\"><\/div>         <\/div>             <div class=\"kksr-star\" data-star=\"5\" style=\"padding-right: 5px\">               <div class=\"kksr-icon\" style=\"width: 24px; height: 24px;\"><\/div>         <\/div>     <\/div>      <div class=\"kksr-stars-active\" style=\"width: 136.7px;\">             <div class=\"kksr-star\" style=\"padding-right: 5px\">               <div class=\"kksr-icon\" style=\"width: 24px; height: 24px;\"><\/div>         <\/div>             <div class=\"kksr-star\" style=\"padding-right: 5px\">               <div class=\"kksr-icon\" style=\"width: 24px; height: 24px;\"><\/div>         <\/div>             <div class=\"kksr-star\" style=\"padding-right: 5px\">               <div class=\"kksr-icon\" style=\"width: 24px; height: 24px;\"><\/div>         <\/div>             <div class=\"kksr-star\" style=\"padding-right: 5px\">               <div class=\"kksr-icon\" style=\"width: 24px; height: 24px;\"><\/div>         <\/div>             <div class=\"kksr-star\" style=\"padding-right: 5px\">               <div class=\"kksr-icon\" style=\"width: 24px; height: 24px;\"><\/div>         <\/div>     <\/div> <\/div>                   <div class=\"kksr-legend\" style=\"font-size: 19.2px;\">             4,8\/5 - (8 votos)    <\/div>     <\/div>  <p>As m\u00e1quinas para fabricar gr\u00e3os de milho podem processar gr\u00e3os inteiros de milho em diferentes tamanhos de part\u00edculas. O produto final \u00e9 geralmente gr\u00e3os de milho e farinha de milho. Em geral, a malhagem do produto acabado \u00e9 ajust\u00e1vel. Portanto, os clientes podem ajustar a m\u00e1quina de acordo com suas necessidades para obter um tamanho adequado de gr\u00e3os de milho.<\/p>    <p>A m\u00e1quina para fazer gr\u00e3os de milho tem fun\u00e7\u00f5es poderosas e pode completar uma s\u00e9rie de processos como limpeza, descascamento, remo\u00e7\u00e3o de embri\u00f5es, remo\u00e7\u00e3o de ra\u00edzes, remo\u00e7\u00e3o de umbigo preto, tritura\u00e7\u00e3o, extra\u00e7\u00e3o de gr\u00e3os, classifica\u00e7\u00e3o, polimento, etc. <\/p>    <p class=\"translation-block\">Assim, os gr\u00e3os de milho acabados s\u00e3o de cor brilhante e limpa e sem embri\u00e3o. E podem ser diretamente introduzidos em supermercados e mercados grossistas de cereais e \u00f3leos. Al\u00e9m disso, tamb\u00e9m temos o <a href=\"https:\/\/taizyfarmequipment.com\/pt\/produto\/moedor-de-martelo\/\">9FQ<\/a> que pode processar v\u00e1rios cereais. <\/p>    <figure class=\"wp-block-embed is-type-video is-provider-youtube wp-block-embed-youtube wp-embed-aspect-16-9 wp-has-aspect-ratio\"><div class=\"wp-block-embed__wrapper\"> <iframe loading=\"lazy\" title=\"Saboreie o sabor: criando pratos irresist\u00edveis com gr\u00e3os de milho mo\u00eddos na hora #milho #milho #moagem\" width=\"500\" height=\"281\" src=\"https:\/\/www.youtube.com\/embed\/gJ2bW_8b0Yw?start=8&#038;feature=oembed\" frameborder=\"0\" allow=\"accelerometer; autoplay; clipboard-write; encrypted-media; gyroscope; picture-in-picture; web-share\" referrerpolicy=\"strict-origin-when-cross-origin\" allowfullscreen><\/iframe> <\/div><figcaption class=\"wp-element-caption\">V\u00eddeo de funcionamento da m\u00e1quina de fazer gr\u00e3os de milho<\/figcaption><\/figure>    <h2 class=\"wp-block-heading\">Que tal nossa m\u00e1quina de fazer gr\u00e3os de milho?<\/h2>    <p>Atualmente, temos uma gama completa de modelos de m\u00e1quinas para fazer gr\u00e3os de milho. Eles s\u00e3o T1, T3, PH, PD2 e C2 respectivamente. Diferentes modelos de m\u00e1quinas variam em pot\u00eancia, produ\u00e7\u00e3o da m\u00e1quina, tamanho e configura\u00e7\u00e3o da m\u00e1quina. Os clientes podem escolher o modelo de m\u00e1quina apropriado de acordo com suas necessidades. <\/p>    <p>Em geral, nossa m\u00e1quina de moagem de milho pode produzir tr\u00eas tipos de produtos acabados: gr\u00e3os de milho grandes, gr\u00e3os de milho pequenos e farinha de milho.<\/p>    <p>E entre eles, nosso modelo PD2 pode agregar uma m\u00e1quina de limpeza e um elevador duplo. O produto final produzido por essa combina\u00e7\u00e3o de m\u00e1quinas \u00e9 mais limpo e mais produtivo. O moedor de gr\u00e3os de milho tipo T3 est\u00e1 equipado com um ciclone, que pode remover efetivamente o farelo de milho. <\/p>    <p>Ent\u00e3o, cada modelo tem suas caracter\u00edsticas. Antes de moer o milho, os agricultores precisam obter gr\u00e3os de milho. E para um trabalho eficiente, usar um debulhador de milho\u00a0\u00e9 uma boa escolha. Tamb\u00e9m temos muitos tipos de descascadores de milho para sua escolha.<\/p>    <figure class=\"wp-block-gallery has-nested-images columns-2 is-cropped wp-block-gallery-2 is-layout-flex wp-block-gallery-is-layout-flex\"> <figure class=\"wp-block-image size-large\"><img loading=\"lazy\" decoding=\"async\" width=\"720\" height=\"540\" data-id=\"2806\" src=\"https:\/\/taizyfarmequipment.com\/wp-content\/uploads\/2022\/03\/T11-tuya-tuya_720_540.jpg\" alt=\"M\u00e1quina de fazer gr\u00e3os de milho T1\" class=\"wp-image-2806\" title=\"M\u00e1quina de fazer gr\u00e3os de milho T1\" srcset=\"https:\/\/taizyfarmequipment.com\/wp-content\/uploads\/2022\/03\/T11-tuya-tuya_720_540.jpg 720w, https:\/\/taizyfarmequipment.com\/wp-content\/uploads\/2022\/03\/T11-tuya-tuya_720_540-300x225.jpg 300w\" sizes=\"auto, (max-width: 720px) 100vw, 720px\" \/><figcaption class=\"wp-element-caption\">M\u00e1quina de fazer gr\u00e3os de milho T1<\/figcaption><\/figure>    <figure class=\"wp-block-image size-large\"><img loading=\"lazy\" decoding=\"async\" width=\"720\" height=\"540\" data-id=\"2807\" src=\"https:\/\/taizyfarmequipment.com\/wp-content\/uploads\/2022\/03\/T33_720_540.jpg\" alt=\"M\u00e1quina de moagem de farinha de gr\u00e3os de milho T3\" class=\"wp-image-2807\" title=\"M\u00e1quina de moagem de farinha de gr\u00e3os de milho T3\" srcset=\"https:\/\/taizyfarmequipment.com\/wp-content\/uploads\/2022\/03\/T33_720_540.jpg 720w, https:\/\/taizyfarmequipment.com\/wp-content\/uploads\/2022\/03\/T33_720_540-300x225.jpg 300w\" sizes=\"auto, (max-width: 720px) 100vw, 720px\" \/><figcaption class=\"wp-element-caption\">M\u00e1quina de moagem de farinha de gr\u00e3os de milho T3<\/figcaption><\/figure>    <figure class=\"wp-block-image size-large\"><img loading=\"lazy\" decoding=\"async\" width=\"720\" height=\"540\" data-id=\"2808\" src=\"https:\/\/taizyfarmequipment.com\/wp-content\/uploads\/2022\/03\/phH-tuya_720_540.jpg\" alt=\"Moedor de milho PH\" class=\"wp-image-2808\" title=\"Moedor de milho PH\" srcset=\"https:\/\/taizyfarmequipment.com\/wp-content\/uploads\/2022\/03\/phH-tuya_720_540.jpg 720w, https:\/\/taizyfarmequipment.com\/wp-content\/uploads\/2022\/03\/phH-tuya_720_540-300x225.jpg 300w\" sizes=\"auto, (max-width: 720px) 100vw, 720px\" \/><figcaption class=\"wp-element-caption\">Moedor de milho PH<\/figcaption><\/figure>    <figure class=\"wp-block-image size-large\"><img loading=\"lazy\" decoding=\"async\" width=\"720\" height=\"540\" data-id=\"2809\" src=\"https:\/\/taizyfarmequipment.com\/wp-content\/uploads\/2022\/03\/C22-tuya_720_540.jpg\" alt=\"Fabricante de gr\u00e3os de milho C2\" class=\"wp-image-2809\" title=\"Fabricante de gr\u00e3os de milho C2\" srcset=\"https:\/\/taizyfarmequipment.com\/wp-content\/uploads\/2022\/03\/C22-tuya_720_540.jpg 720w, https:\/\/taizyfarmequipment.com\/wp-content\/uploads\/2022\/03\/C22-tuya_720_540-300x225.jpg 300w\" sizes=\"auto, (max-width: 720px) 100vw, 720px\" \/><figcaption class=\"wp-element-caption\">Fabricante de gr\u00e3os de milho C2<\/figcaption><\/figure> <figcaption class=\"blocks-gallery-caption wp-element-caption\">m\u00e1quina de fazer gr\u00e3os de milho<\/figcaption><\/figure>    <h2 class=\"wp-block-heading\" id=\"h-type-1-t1-corn-grits-milling-machine\">Tipo 1: fresadora de gr\u00e3os de milho T1<\/h2>    <p>A pot\u00eancia da fresadora de gr\u00e3os de milho T1 pode ser um motor el\u00e9trico ou diesel. O fluxo de trabalho deste modelo \u00e9 primeiro descascar a casca e depois fazer os gr\u00e3os e a farinha. <\/p>    <p>Depois que os gr\u00e3os de milho s\u00e3o descascados, eles se transformam em grandes part\u00edculas lobadas e s\u00e3o descarregados pela sa\u00edda. Depois disso, o cliente deve abrir a parte de moagem e colocar os gr\u00e3os de milho descascados na segunda entrada. <\/p>    <p>E ent\u00e3o a m\u00e1quina ir\u00e1 process\u00e1-lo em tr\u00eas formas diferentes de produtos acabados. Estaremos tamb\u00e9m equipados com a pot\u00eancia adequada de acordo com a situa\u00e7\u00e3o espec\u00edfica do cliente.<\/p>    <figure class=\"wp-block-image size-full is-resized\"><img loading=\"lazy\" decoding=\"async\" width=\"720\" height=\"540\" src=\"https:\/\/taizyfarmequipment.com\/wp-content\/uploads\/2022\/03\/20-tuya_720_540.jpg\" alt=\"Moedor de gr\u00e3os de milho T1\" class=\"wp-image-2800\" title=\"Moedor de gr\u00e3os de milho T1\" srcset=\"https:\/\/taizyfarmequipment.com\/wp-content\/uploads\/2022\/03\/20-tuya_720_540.jpg 720w, https:\/\/taizyfarmequipment.com\/wp-content\/uploads\/2022\/03\/20-tuya_720_540-300x225.jpg 300w\" sizes=\"auto, (max-width: 720px) 100vw, 720px\" \/><figcaption class=\"wp-element-caption\">Moedor de gr\u00e3os de milho T1<\/figcaption><\/figure>    <h3 class=\"wp-block-heading\">Especifica\u00e7\u00e3o da pequena m\u00e1quina de moer farinha de milho<\/h3>    <figure class=\"wp-block-table\"><table><tbody><tr><td>Modelo<\/td><td>T1<\/td><\/tr><tr><td>Casca de milho<\/td><td>350-450kg<\/td><\/tr><tr><td>Fazendo gr\u00e3os de milho<\/td><td>1000kg<\/td><\/tr><tr><td>Tens\u00e3o nominal<\/td><td>380v<\/td><\/tr><tr><td>Poder<\/td><td>7,5 kW 4 polos<\/td><\/tr><tr><td>Fazendo farinha de milho<\/td><td>350kg<\/td><\/tr><tr><td>Velocidade do fuso<\/td><td>1150r\/min<\/td><\/tr><\/tbody><\/table><figcaption class=\"wp-element-caption\"> Par\u00e2metro da m\u00e1quina de moagem de farinha de milho em pequena escala<\/figcaption><\/figure>    <h2 class=\"wp-block-heading\">Tipo 2: m\u00e1quina de moer farinha de gr\u00e3os de milho T3<\/h2>    <p>A m\u00e1quina para fazer gr\u00e3os de milho T3 \u00e9 movida por dois motores. A m\u00e1quina de descascar milho e gr\u00e3os de milho podem funcionar ao mesmo tempo. Podemos come\u00e7ar\u00a0os sistemas de descascamento e produ\u00e7\u00e3o de areia ao mesmo tempo. Portanto, a efici\u00eancia do trabalho tamb\u00e9m \u00e9 maior. <\/p>    <p>Al\u00e9m disso, este modelo de m\u00e1quina tamb\u00e9m est\u00e1 equipado com equipamento de remo\u00e7\u00e3o de poeira. O equipamento pode coletar e descarregar o farelo de milho e o p\u00f3 gerado durante o processo de trabalho da m\u00e1quina. Portanto, o produto final tamb\u00e9m \u00e9 mais limpo e higi\u00eanico.<\/p>    <figure class=\"wp-block-image size-full is-resized\"><img loading=\"lazy\" decoding=\"async\" width=\"720\" height=\"540\" src=\"https:\/\/taizyfarmequipment.com\/wp-content\/uploads\/2022\/03\/14-tuya_720_540.jpg\" alt=\"M\u00e1quina de moer milho T3\" class=\"wp-image-2801\" title=\"M\u00e1quina de moer milho T3\" srcset=\"https:\/\/taizyfarmequipment.com\/wp-content\/uploads\/2022\/03\/14-tuya_720_540.jpg 720w, https:\/\/taizyfarmequipment.com\/wp-content\/uploads\/2022\/03\/14-tuya_720_540-300x225.jpg 300w\" sizes=\"auto, (max-width: 720px) 100vw, 720px\" \/><figcaption class=\"wp-element-caption\">M\u00e1quina de moer milho T3<\/figcaption><\/figure>    <h3 class=\"wp-block-heading\">Quais s\u00e3o os par\u00e2metros da m\u00e1quina de descascar e moer gr\u00e3os de milho?<\/h3>    <figure class=\"wp-block-table\"><table><tbody><tr><td>Modelo<\/td><td>T3<\/td><\/tr><tr><td>Poder<\/td><td>7,5 kW + 4 kW<\/td><\/tr><tr><td>Capacidade<\/td><td>300-400 kg\/hora<\/td><\/tr><tr><td>Tamanho<\/td><td>1400*2300*1300mm<\/td><\/tr><tr><td>Peso<\/td><td>680kg<\/td><\/tr><\/tbody><\/table><figcaption class=\"wp-element-caption\">Par\u00e2metros da m\u00e1quina de descascar e moer gr\u00e3os de milho<\/figcaption><\/figure>    <h3 class=\"wp-block-heading\">Vantagens da m\u00e1quina para fazer gr\u00e3os de milho T3<\/h3>    <p>1. O descascamento do milho e os gr\u00e3os de milho podem ser feitos ao mesmo tempo. N\u00e3o esperamos que o sistema de descascamento funcione antes de iniciar o sistema de moagem. Economize m\u00e3o de obra e melhore a efici\u00eancia.<\/p>    <p>2. A m\u00e1quina para fazer gr\u00e3os de milho est\u00e1 equipada com um ciclone. Assim o produto final ser\u00e1 mais limpo e de maior qualidade.<\/p>    <h2 class=\"wp-block-heading\">Tipo 3: fabricante de gr\u00e3os de milho PH<\/h2>    <p>Este modelo de m\u00e1quina para fazer gr\u00e3os de milho \u00e9 semelhante ao T3 Corn Grits Maker. A diferen\u00e7a \u00e9 que a m\u00e1quina n\u00e3o possui dispositivo de remo\u00e7\u00e3o de poeira. Portanto, o pre\u00e7o \u00e9 relativamente barato. <\/p>    <p>Possui as caracter\u00edsticas de uma pegada pequena, alta efici\u00eancia de trabalho, economia de tempo e m\u00e3o de obra. Pode atender \u00e0s necessidades da maioria dos clientes.<\/p>    <figure class=\"wp-block-image size-full\"><img loading=\"lazy\" decoding=\"async\" width=\"720\" height=\"540\" src=\"https:\/\/taizyfarmequipment.com\/wp-content\/uploads\/2022\/03\/82-tuya_720_540.jpg\" alt=\"M\u00e1quina de fazer gr\u00e3os de milho PH\" class=\"wp-image-2802\" title=\"M\u00e1quina de fazer gr\u00e3os de milho PH\" srcset=\"https:\/\/taizyfarmequipment.com\/wp-content\/uploads\/2022\/03\/82-tuya_720_540.jpg 720w, https:\/\/taizyfarmequipment.com\/wp-content\/uploads\/2022\/03\/82-tuya_720_540-300x225.jpg 300w\" sizes=\"auto, (max-width: 720px) 100vw, 720px\" \/><figcaption class=\"wp-element-caption\">M\u00e1quina de fazer gr\u00e3os de milho PH<\/figcaption><\/figure>    <h3 class=\"wp-block-heading\">Especifica\u00e7\u00f5es t\u00e9cnicas da fresadora de gr\u00e3os de milho agr\u00edcola<\/h3>    <figure class=\"wp-block-table\"><table><tbody><tr><td>Modelo<\/td><td>PH<\/td><\/tr><tr><td>Capacidade<\/td><td>300(kg\/hora)<\/td><\/tr><tr><td>Poder<\/td><td>11(kw)<\/td><\/tr><tr><td>Tamanho<\/td><td>200*130*65(cm)<\/td><\/tr><\/tbody><\/table><figcaption class=\"wp-element-caption\">especifica\u00e7\u00f5es do tipo PH<\/figcaption><\/figure>    <h2 class=\"wp-block-heading\">Tipo 4: m\u00e1quina de moer farinha de gr\u00e3os de milho C2<\/h2>    <p>A m\u00e1quina de moer farinha de gr\u00e3os de milho C2 funciona da mesma forma que a m\u00e1quina de moer gr\u00e3os de milho PH. Eles tamb\u00e9m s\u00e3o semelhantes na apar\u00eancia, com algumas diferen\u00e7as. <\/p>    <p>Mas o pre\u00e7o desta m\u00e1quina \u00e9 menor. Os clientes podem escolher a m\u00e1quina que mais lhes conv\u00e9m de acordo com seu or\u00e7amento.<\/p>    <figure class=\"wp-block-image size-full\"><img loading=\"lazy\" decoding=\"async\" width=\"720\" height=\"540\" src=\"https:\/\/taizyfarmequipment.com\/wp-content\/uploads\/2022\/03\/47-tuya_720_540.jpg\" alt=\"M\u00e1quina trituradora de milho C2\" class=\"wp-image-2803\" title=\"M\u00e1quina trituradora de milho C2\" srcset=\"https:\/\/taizyfarmequipment.com\/wp-content\/uploads\/2022\/03\/47-tuya_720_540.jpg 720w, https:\/\/taizyfarmequipment.com\/wp-content\/uploads\/2022\/03\/47-tuya_720_540-300x225.jpg 300w\" sizes=\"auto, (max-width: 720px) 100vw, 720px\" \/><figcaption class=\"wp-element-caption\">M\u00e1quina trituradora de milho C2<\/figcaption><\/figure>    <h2 class=\"wp-block-heading\">Tipo 5: Fresadora de milho PD2<\/h2>    <p>Este tipo de m\u00e1quina para fazer gr\u00e3os de milho \u00e9 uma unidade composta por um elevador duplo e uma m\u00e1quina para fazer gr\u00e3os de descascamento de milho. Especificamente, consiste em tr\u00eas partes: funil de alimenta\u00e7\u00e3o, elevador e descascamento e produ\u00e7\u00e3o de gr\u00e3os. <\/p>    <p>Todo o processo de processamento \u00e9 de controle totalmente autom\u00e1tico. A fresadora de milho \u00e9 f\u00e1cil de operar, economizando tempo e esfor\u00e7o. Tamb\u00e9m pode ser combinado com uma m\u00e1quina de limpeza, sem-fim de transporte e celeiro para formar uma pequena linha de processamento de gr\u00e3os de milho. <\/p>    <p>A m\u00e1quina de limpeza remover\u00e1 o sabugo de milho, as pedras e o mofo do gr\u00e3o cru. Em seguida, o gr\u00e3o limpo \u00e9 transportado para o celeiro pela broca. Em seguida, o elevador eleva o gr\u00e3o cru at\u00e9 a m\u00e1quina de processamento para descascar, triturar e moer.<\/p>    <h3 class=\"wp-block-heading\">Quais s\u00e3o as especifica\u00e7\u00f5es do moedor de gr\u00e3os de milho?<\/h3>    <figure class=\"wp-block-table\"><table><tbody><tr><td>Modelo<\/td><td>PD2<\/td><\/tr><tr><td>Poder<\/td><td>15 kW<\/td><\/tr><tr><td>Capacidade<\/td><td>400kg\/hora<\/td><\/tr><tr><td>Tamanho<\/td><td>265*125*320(cm)<\/td><\/tr><\/tbody><\/table><figcaption class=\"wp-element-caption\">especifica\u00e7\u00f5es do moedor de gr\u00e3os de milho<\/figcaption><\/figure>    <h2 class=\"wp-block-heading\">Os principais componentes do moedor de gr\u00e3os de milho<\/h2>    <p>As quatro m\u00e1quinas modelo incluem uma tremonha de milho cru, motor el\u00e9trico ou motor a diesel, sistema de descama\u00e7\u00e3o, sistema de moagem, orif\u00edcio de descarga de gr\u00e3os de milho, orif\u00edcio de descarga de gr\u00e3os mini -milho, orif\u00edcio de descarga da farinha, etc. Estes s\u00e3o todos os modelos dos componentes b\u00e1sicos da m\u00e1quina inclu\u00eddos. Cada modelo de m\u00e1quina tem seus recursos exclusivos.<\/p>    <figure class=\"wp-block-image size-full\"><img loading=\"lazy\" decoding=\"async\" width=\"720\" height=\"540\" src=\"https:\/\/taizyfarmequipment.com\/wp-content\/uploads\/2022\/03\/02-tuya_720_540-1.jpg\" alt=\"principais componentes da m\u00e1quina de fazer gr\u00e3os de milho\" class=\"wp-image-2804\" title=\"componentes principais\" srcset=\"https:\/\/taizyfarmequipment.com\/wp-content\/uploads\/2022\/03\/02-tuya_720_540-1.jpg 720w, https:\/\/taizyfarmequipment.com\/wp-content\/uploads\/2022\/03\/02-tuya_720_540-1-300x225.jpg 300w\" sizes=\"auto, (max-width: 720px) 100vw, 720px\" \/><figcaption class=\"wp-element-caption\">principais componentes da m\u00e1quina de fazer gr\u00e3os de milho<\/figcaption><\/figure>    <h2 class=\"wp-block-heading\">Qual \u00e9 o fluxo de trabalho da fresadora de gr\u00e3os de milho?<\/h2>   <div id=\"rank-math-howto\" class=\"rank-math-block\" > <div class=\"rank-math-howto-description\">  <\/div>  <div class=\"rank-math-steps\"> <div id=\"howto-step-1706860583608\" class=\"rank-math-step\"> <h3 class=\"rank-math-step-title\">1. <strong>Introdu\u00e7\u00e3o \u00e0 mat\u00e9ria-prima: iniciando o processo de fabrica\u00e7\u00e3o de gr\u00e3os de milho<\/strong><\/h3> <div class=\"rank-math-step-content\"><p>Comece ativando a m\u00e1quina de fazer gr\u00e3os de milho e introduzindo os gr\u00e3os de milho na tremonha de mat\u00e9ria-prima. O sistema de descascamento transforma esses gr\u00e3os de milho em variantes menores.<\/p> <\/div> <\/div> <div id=\"howto-step-1706860613790\" class=\"rank-math-step\"> <h3 class=\"rank-math-step-title\">2. <strong>Transforma\u00e7\u00e3o do sistema de moagem: refinando gr\u00e3os de milho em formas variadas<\/strong><\/h3> <div class=\"rank-math-step-content\"><p>Avan\u00e7ando para o sistema de moagem, os gr\u00e3os menores de milho passam por processamento. Ap\u00f3s a conclus\u00e3o do sistema de moagem, os gr\u00e3os de milho assumem tr\u00eas formas distintas: gr\u00e3os de milho grandes, gr\u00e3os de milho pequenos e farinha de milho.<\/p> <\/div> <\/div> <div id=\"howto-step-1706860642329\" class=\"rank-math-step\"> <h3 class=\"rank-math-step-title\">3. <strong>Descarga de Produto: Produ\u00e7\u00e3o Diversificada de Milho em Tr\u00eas Pontos de Venda<\/strong><\/h3> <div class=\"rank-math-step-content\"><p>A etapa final envolve a descarga do milho processado em tr\u00eas formas diferentes \u2013 gr\u00e3os de milho grandes, gr\u00e3os de milho pequenos e farinha de milho \u2013 em tr\u00eas pontos de venda separados.<\/p> <\/div> <\/div> <\/div> <\/div>       <figure class=\"wp-block-image size-full\"><img loading=\"lazy\" decoding=\"async\" width=\"720\" height=\"540\" src=\"https:\/\/taizyfarmequipment.com\/wp-content\/uploads\/2022\/03\/482.jpg\" alt=\"produtos acabados do moinho de milho\" class=\"wp-image-2805\" title=\"produtos acabados\" srcset=\"https:\/\/taizyfarmequipment.com\/wp-content\/uploads\/2022\/03\/482.jpg 720w, https:\/\/taizyfarmequipment.com\/wp-content\/uploads\/2022\/03\/482-300x225.jpg 300w\" sizes=\"auto, (max-width: 720px) 100vw, 720px\" \/><figcaption class=\"wp-element-caption\">produtos acabados do moinho de milho<\/figcaption><\/figure>    <h2 class=\"wp-block-heading\"><a href=\"https:\/\/www.eatingwell.com\/article\/7891738\/are-grits-healthy\/\" data-type=\"link\" data-id=\"https:\/\/www.eatingwell.com\/article\/7891738\/are-grits-healthy\/\" target=\"_blank\" rel=\"noopener\">Vantagens do milho<\/a> descascador e moedor<\/h2>    <p>1. F\u00e1cil de operar e pequeno em tamanho.<\/p>    <p>2. O caro\u00e7o e o tegumento da semente s\u00e3o separados combinando-se com a sele\u00e7\u00e3o do vento ao mesmo tempo do descascamento, reduzindo bastante a taxa de quebra. Isso melhora de forma mais eficaz a qualidade e o rendimento do descascamento.<\/p>    <p>3. Depois que o milho remove a casca dura e a parte do germe, o efeito do sabor comest\u00edvel do milho \u00e9 melhorado e o escopo de aplica\u00e7\u00e3o do milho \u00e9 ampliado.<\/p>    <p>4. A farinha de milho descascada pode ser usada diretamente para processar macarr\u00e3o de milho.<\/p>    <p>5. \u00c9 adequado para descascar, quebrar, selecionar ar e moer finamente trigo, arroz, milho, sorgo e outros gr\u00e3os crus em plantas de processamento de gr\u00e3os e arroz de pequeno e m\u00e9dio porte.<\/p>    <p>6. O produto acabado processado pela m\u00e1quina para descascar milho e fazer gr\u00e3os de milho pode entrar diretamente no supermercado e no mercado atacadista de gr\u00e3os e \u00f3leo.<\/p>    <figure class=\"wp-block-image size-full\"><img loading=\"lazy\" decoding=\"async\" width=\"720\" height=\"540\" src=\"https:\/\/taizyfarmequipment.com\/wp-content\/uploads\/2022\/10\/maize-grits-milling-machine-.jpg\" alt=\"m\u00e1quina de fazer gr\u00e3os de milho\" class=\"wp-image-3758\"\/><figcaption class=\"wp-element-caption\">m\u00e1quina de fazer gr\u00e3os de milho<\/figcaption><\/figure>    <h2 class=\"wp-block-heading\">Contate-nos<\/h2>    <p>Se voc\u00ea est\u00e1 procurando uma solu\u00e7\u00e3o de processamento de milho confi\u00e1vel e eficiente que garanta resultados de alta qualidade, nossa m\u00e1quina para fazer gr\u00e3os de milho \u00e9 a resposta. <\/p>    <p>Contate-nos hoje para saber como nossa m\u00e1quina pode atender \u00e0s suas necessidades exclusivas de processamento. Deixe-nos capacitar seu neg\u00f3cio com tecnologia de ponta e efici\u00eancia incompar\u00e1vel.<\/p>    <p><\/p>","protected":false},"excerpt":{"rendered":"<p>A m\u00e1quina para fazer gr\u00e3os de milho pode processar gr\u00e3os de milho inteiros em diferentes tamanhos de part\u00edculas. E o produto final s\u00e3o gr\u00e3os de milho e farinha de milho. <\/p>","protected":false},"author":1,"featured_media":3273,"parent":0,"template":"","tags":[173,170,172,166,171,168,174,167],"product-type":[130],"class_list":["post-2798","product","type-product","status-publish","has-post-thumbnail","hentry","tag-corn-grits-grinder","tag-corn-grits-maker","tag-corn-grits-making-machine-2","tag-corn-grits-milling-machine","tag-corn-peeling-and-grits-grinding-machine","tag-maize-grits-flour-grinding-machine","tag-maize-peeler-and-grinder","tag-small-maize-flour-grinding-machine","product-type-corn-grains-grinding-equipment"],"_links":{"self":[{"href":"https:\/\/taizyfarmequipment.com\/pt\/wp-json\/wp\/v2\/product\/2798","targetHints":{"allow":["GET"]}}],"collection":[{"href":"https:\/\/taizyfarmequipment.com\/pt\/wp-json\/wp\/v2\/product"}],"about":[{"href":"https:\/\/taizyfarmequipment.com\/pt\/wp-json\/wp\/v2\/types\/product"}],"author":[{"embeddable":true,"href":"https:\/\/taizyfarmequipment.com\/pt\/wp-json\/wp\/v2\/users\/1"}],"wp:featuredmedia":[{"embeddable":true,"href":"https:\/\/taizyfarmequipment.com\/pt\/wp-json\/wp\/v2\/media\/3273"}],"wp:attachment":[{"href":"https:\/\/taizyfarmequipment.com\/pt\/wp-json\/wp\/v2\/media?parent=2798"}],"wp:term":[{"taxonomy":"post_tag","embeddable":true,"href":"https:\/\/taizyfarmequipment.com\/pt\/wp-json\/wp\/v2\/tags?post=2798"},{"taxonomy":"product-type","embeddable":true,"href":"https:\/\/taizyfarmequipment.com\/pt\/wp-json\/wp\/v2\/product-type?post=2798"}],"curies":[{"name":"wp","href":"https:\/\/api.w.org\/{rel}","templated":true}]}}