{"id":3033,"date":"2022-03-23T09:01:15","date_gmt":"2022-03-23T09:01:15","guid":{"rendered":"https:\/\/taizyfarmequipment.com\/?post_type=product&#038;p=3033"},"modified":"2025-11-26T15:43:32","modified_gmt":"2025-11-26T07:43:32","slug":"maquina-debulhadora-para-trigo-de-arroz","status":"publish","type":"product","link":"https:\/\/taizyfarmequipment.com\/pt\/product\/thresher-machine-for-rice-wheat\/","title":{"rendered":"M\u00e1quina de debulhar para arroz, trigo, milho | Debulhadora de soja"},"content":{"rendered":"<div class=\"kk-star-ratings kksr-auto kksr-align-left kksr-valign-top\"     data-payload='{&quot;align&quot;:&quot;left&quot;,&quot;id&quot;:&quot;3033&quot;,&quot;slug&quot;:&quot;default&quot;,&quot;valign&quot;:&quot;top&quot;,&quot;ignore&quot;:&quot;&quot;,&quot;reference&quot;:&quot;auto&quot;,&quot;class&quot;:&quot;&quot;,&quot;count&quot;:&quot;22&quot;,&quot;legendonly&quot;:&quot;&quot;,&quot;readonly&quot;:&quot;&quot;,&quot;score&quot;:&quot;4.7&quot;,&quot;starsonly&quot;:&quot;&quot;,&quot;best&quot;:&quot;5&quot;,&quot;gap&quot;:&quot;5&quot;,&quot;greet&quot;:&quot;Rate this product&quot;,&quot;legend&quot;:&quot;4.7\\\/5 - (22 votes)&quot;,&quot;size&quot;:&quot;24&quot;,&quot;title&quot;:&quot;Thresher machine for rice wheat corn | Soybean thresher&quot;,&quot;width&quot;:&quot;133.8&quot;,&quot;_legend&quot;:&quot;{score}\\\/{best} - ({count} {votes})&quot;,&quot;font_factor&quot;:&quot;1.25&quot;}'>              <div class=\"kksr-stars\">      <div class=\"kksr-stars-inactive\">             <div class=\"kksr-star\" data-star=\"1\" style=\"padding-right: 5px\">               <div class=\"kksr-icon\" style=\"width: 24px; height: 24px;\"><\/div>         <\/div>             <div class=\"kksr-star\" data-star=\"2\" style=\"padding-right: 5px\">               <div class=\"kksr-icon\" style=\"width: 24px; height: 24px;\"><\/div>         <\/div>             <div class=\"kksr-star\" data-star=\"3\" style=\"padding-right: 5px\">               <div class=\"kksr-icon\" style=\"width: 24px; height: 24px;\"><\/div>         <\/div>             <div class=\"kksr-star\" data-star=\"4\" style=\"padding-right: 5px\">               <div class=\"kksr-icon\" style=\"width: 24px; height: 24px;\"><\/div>         <\/div>             <div class=\"kksr-star\" data-star=\"5\" style=\"padding-right: 5px\">               <div class=\"kksr-icon\" style=\"width: 24px; height: 24px;\"><\/div>         <\/div>     <\/div>      <div class=\"kksr-stars-active\" style=\"width: 133.8px;\">             <div class=\"kksr-star\" style=\"padding-right: 5px\">               <div class=\"kksr-icon\" style=\"width: 24px; height: 24px;\"><\/div>         <\/div>             <div class=\"kksr-star\" style=\"padding-right: 5px\">               <div class=\"kksr-icon\" style=\"width: 24px; height: 24px;\"><\/div>         <\/div>             <div class=\"kksr-star\" style=\"padding-right: 5px\">               <div class=\"kksr-icon\" style=\"width: 24px; height: 24px;\"><\/div>         <\/div>             <div class=\"kksr-star\" style=\"padding-right: 5px\">               <div class=\"kksr-icon\" style=\"width: 24px; height: 24px;\"><\/div>         <\/div>             <div class=\"kksr-star\" style=\"padding-right: 5px\">               <div class=\"kksr-icon\" style=\"width: 24px; height: 24px;\"><\/div>         <\/div>     <\/div> <\/div>                   <div class=\"kksr-legend\" style=\"font-size: 19.2px;\">             4,7\/5 - (22 votos)    <\/div>     <\/div>  <p class=\"translation-block\">Atualmente, a mecaniza\u00e7\u00e3o agr\u00edcola est\u00e1 desenvolvida e a m\u00e1quina debulhadora para arroz e trigo \u00e9 amplamente utilizada. Assim, processamos as colheitas com uma variedade de m\u00e1quinas para melhorar a efici\u00eancia e a qualidade do gr\u00e3o acabado. Por exemplo, o trigo e o milho comuns. Utilizar\u00edamos semeadoras de trigo, <a href=\"https:\/\/www.agriculture-machine.com\/corn-planter\/\" target=\"_blank\" rel=\"noopener\">plantadoras de milho<\/a> para semear, e quando os gr\u00e3os estivessem maduros usar\u00edamos ceifeiras para a colheita. E na maioria dos casos, os agricultores debulham o trigo e o milho ap\u00f3s a colheita. Portanto, a debulhadora \u00e9 tamb\u00e9m um ajudante essencial dos agricultores. H\u00e1 muitos tipos de debulhadoras no mercado. Vou apresentar as nossas debulhadoras 5TD-50, 5TD-70, 5TD-90 e 5TD-125 neste artigo. Al\u00e9m disso, temos a <a href=\"https:\/\/taizyfarmequipment.com\/pt\/produto\/maquina-de-fazer-graos-de-milho\/\">m\u00e1quina de fabrico de gr\u00e3os de milho<\/a> que pode usar para processar gr\u00e3os de milho em part\u00edculas.<\/p>    <h2 class=\"wp-block-heading\" id=\"h-what-is-the-thresher-machine-for-rice-wheat\">Qual \u00e9 a debulhadora de arroz e trigo?<\/h2>    <p>A debulhadora pode separar os frutos e caules dos gr\u00e3os colhidos. E, ao mesmo tempo, descarregue-os em diferentes pontos de venda. Esta debulhadora em s\u00e9rie \u00e9 uma m\u00e1quina multifuncional. N\u00e3o s\u00f3 pode processar trigo, arroz, soja, mas tamb\u00e9m milho. Esta debulhadora para arroz e trigo \u00e9 adequada para \u00e1reas rurais, plan\u00edcies, \u00e1reas semi-montanhosas e colinas. E quanto \u00e0 pot\u00eancia, a debulhadora de soja pode funcionar com motor el\u00e9trico, diesel e gasolina. Assim, a m\u00e1quina debulhadora de trigo pode atender aos requisitos de fontes de energia de diferentes regi\u00f5es. Nossas m\u00e1quinas possuem duas sa\u00eddas de impurezas. Bigmouth para fora grandes e pequenos buracos para fora de impurezas leves. Portanto, as sementes de gr\u00e3os tratadas cont\u00eam muito poucas impurezas. Assim, os agricultores podem armazenar os gr\u00e3os ap\u00f3s o processo novamente simples.<\/p>    <figure class=\"wp-block-gallery has-nested-images columns-default is-cropped wp-block-gallery-2 is-layout-flex wp-block-gallery-is-layout-flex\"> <figure class=\"wp-block-image size-large\"><img loading=\"lazy\" decoding=\"async\" width=\"720\" height=\"540\" data-id=\"3035\" src=\"https:\/\/taizyfarmequipment.com\/wp-content\/uploads\/2022\/03\/stock-of-rice-thresher1.jpg\" alt=\"estoque de debulhador de arroz\" class=\"wp-image-3035\" title=\"estoque de debulhador de arroz\"\/><figcaption class=\"wp-element-caption\">estoque de debulhador de arroz<\/figcaption><\/figure>    <figure class=\"wp-block-image size-large\"><img loading=\"lazy\" decoding=\"async\" width=\"720\" height=\"540\" data-id=\"3036\" src=\"https:\/\/taizyfarmequipment.com\/wp-content\/uploads\/2022\/03\/thresher-machine1.jpg\" alt=\"m\u00e1quina debulhadora para trigo de arroz\" class=\"wp-image-3036\" title=\"m\u00e1quina debulhadora para trigo de arroz\"\/><figcaption class=\"wp-element-caption\">m\u00e1quina debulhadora para trigo de arroz<\/figcaption><\/figure> <figcaption class=\"blocks-gallery-caption wp-element-caption\">m\u00e1quina debulhadora para arroz<\/figcaption><\/figure>    <h2 class=\"wp-block-heading\">Que material o debulhador de soja pode processar?<\/h2>    <p>Esta m\u00e1quina debulhadora para arroz e trigo pode lidar com v\u00e1rios gr\u00e3os comuns, como arroz (arroz), trigo, soja, milho, sorgo, etc. Mas apenas a 5TD-50 pode debulhar milho ao mesmo tempo. Outros modelos n\u00e3o podem. S\u00e3o m\u00e1quinas debulhadoras multifuncionais.  <\/p>    <h2 class=\"wp-block-heading\">Quais s\u00e3o as principais partes da m\u00e1quina debulhadora de trigo?<\/h2>    <p>Muitas pe\u00e7as comp\u00f5em a debulhadora de arroz e trigo. Mas a parte mais importante \u00e9 a entrada, dispositivo de trilha, sa\u00edda de grandes impurezas, sa\u00edda, ventilador, engrenagem de transmiss\u00e3o, dispositivo de energia (motor el\u00e9trico, motor diesel ou gasolina), etc.<\/p>    <h2 class=\"wp-block-heading\">Type1: m\u00e1quina debulhadora de arroz 5TD-50<\/h2>    <p>A m\u00e1quina debulhadora 5TD-50 para energia de arroz e trigo pode ser um motor el\u00e9trico, diesel ou gasolina. A maior caracter\u00edstica desta m\u00e1quina \u00e9 que ela pode debulhar milho. E n\u00e3o h\u00e1 necessidade de substituir a tela ao debulhar outros gr\u00e3os. \u00c9 conveniente usar.<\/p>    <figure class=\"wp-block-gallery has-nested-images columns-default is-cropped wp-block-gallery-3 is-layout-flex wp-block-gallery-is-layout-flex\"> <figure class=\"wp-block-image size-large\"><img loading=\"lazy\" decoding=\"async\" width=\"720\" height=\"540\" data-id=\"3037\" src=\"https:\/\/taizyfarmequipment.com\/wp-content\/uploads\/2022\/03\/paddy-thresher1.jpg\" alt=\"debulhador de arroz\" class=\"wp-image-3037\" title=\"debulhador de arroz\"\/><figcaption class=\"wp-element-caption\">debulhador de arroz<\/figcaption><\/figure>    <figure class=\"wp-block-image size-large\"><img loading=\"lazy\" decoding=\"async\" width=\"720\" height=\"540\" data-id=\"3038\" src=\"https:\/\/taizyfarmequipment.com\/wp-content\/uploads\/2022\/03\/thresher-for-wheat1.jpg\" alt=\"debulhador para trigo\" class=\"wp-image-3038\" title=\"debulhador para trigo\"\/><figcaption class=\"wp-element-caption\">debulhador para trigo<\/figcaption><\/figure> <figcaption class=\"blocks-gallery-caption wp-element-caption\">m\u00e1quina debulhadora de arroz<\/figcaption><\/figure>    <h3 class=\"wp-block-heading\">Par\u00e2metro da m\u00e1quina debulhadora de milho<\/h3>    <figure class=\"wp-block-table\"><table><tbody><tr><td>Modelo<\/td><td>5TD-50<\/td><\/tr><tr><td>Poder<\/td><td>Motor a gasolina de 6 a 8 HP (diesel) ou motor de 2,2 a 3 kW<\/td><\/tr><tr><td>Velocidade de pot\u00eancia<\/td><td><strong>2<\/strong>600-2800 rpm<\/td><\/tr><tr><td>Velocidade do fuso<\/td><td>920-1000 r\/min<\/td><\/tr><tr><td>Velocidade do ventilador<\/td><td>2100 r\/min<\/td><\/tr><tr><td>Espa\u00e7o de debulha (ajust\u00e1vel)<\/td><td>Folga de entrada\u00a020-40 mm<\/td><\/tr><tr><td>Intervalo entre tomadas<\/td><td>5-10mm<\/td><\/tr><tr><td>Capacidade<\/td><td>400-600 kg\/hora<\/td><\/tr><tr><td>Tamanho<\/td><td>150*136*86 cent\u00edmetros<\/td><\/tr><tr><td>Tamanho de pacote \u00fanico<\/td><td>105*95*100 cent\u00edmetros<\/td><\/tr><\/tbody><\/table><figcaption class=\"wp-element-caption\">O par\u00e2metro da m\u00e1quina de milho<\/figcaption><\/figure>    <h2 class=\"wp-block-heading\">Type2: m\u00e1quina debulhadora de trigo 5TD-70<\/h2>    <p>5TD-70 M\u00e1quina de Thresher para o trigo de arroz para arroz e trigo pode limiar a soja, o sorgo, o trigo e o arroz, que n\u00e3o incluem milho. E se voc\u00ea precisar processar a soja, personalizaremos a m\u00e1quina. Al\u00e9m disso, temos telas diferentes para debater gr\u00e3os diferentes. A energia deste modelo pode ser o motor el\u00e9trico e o motor a diesel.<\/p>    <figure class=\"wp-block-gallery has-nested-images columns-default is-cropped wp-block-gallery-4 is-layout-flex wp-block-gallery-is-layout-flex\"> <figure class=\"wp-block-image size-large\"><img loading=\"lazy\" decoding=\"async\" width=\"720\" height=\"540\" data-id=\"3039\" src=\"https:\/\/taizyfarmequipment.com\/wp-content\/uploads\/2022\/03\/rice-thresher1.jpg\" alt=\"debulhador de arroz\" class=\"wp-image-3039\" title=\"debulhador de arroz\"\/><figcaption class=\"wp-element-caption\">debulhador de arroz<\/figcaption><\/figure>    <figure class=\"wp-block-image size-large\"><img loading=\"lazy\" decoding=\"async\" width=\"720\" height=\"540\" data-id=\"3040\" src=\"https:\/\/taizyfarmequipment.com\/wp-content\/uploads\/2022\/03\/grain-thresher1.jpg\" alt=\"debulhador de gr\u00e3os\" class=\"wp-image-3040\" title=\"debulhador de gr\u00e3os\"\/><figcaption class=\"wp-element-caption\">debulhador de gr\u00e3os<\/figcaption><\/figure> <figcaption class=\"blocks-gallery-caption wp-element-caption\">m\u00e1quina debulhadora de trigo<\/figcaption><\/figure>    <h3 class=\"wp-block-heading\">Especifica\u00e7\u00e3o do debulhador de sementes<\/h3>    <figure class=\"wp-block-table\"><table><tbody><tr><td>Modelo<\/td><td>5TD-70<\/td><\/tr><tr><td>Poder<\/td><td>Motor diesel de 12 a 15 HP ou motor de 7,5 kW, 380 V<\/td><\/tr><tr><td>Peso<\/td><td>230kg<\/td><\/tr><tr><td>Velocidade do fuso<\/td><td>1200 r\/min<\/td><\/tr><tr><td>Velocidade do ventilador<\/td><td>2500 r\/min<\/td><\/tr><tr><td>Capacidade<\/td><td>600-1000 kg\/h (arroz, trigo); 400-800 kg\/h (soja, sorgo)<\/td><\/tr><tr><td>Tamanho<\/td><td>1340*2030*1380mm<\/td><\/tr><tr><td>Tamanho de pacote \u00fanico<\/td><td>1050*850*1300 cent\u00edmetros<\/td><\/tr><\/tbody><\/table><figcaption class=\"wp-element-caption\">Especifica\u00e7\u00e3o de Thresher de sementes<\/figcaption><\/figure>    <h2 class=\"wp-block-heading\">Type3: m\u00e1quina debulhadora moderna 5TD-90<\/h2>    <p>A m\u00e1quina de debulhador 5TD-90 para trigo de arroz pode processar o mesmo material que o modelo 5TD-70. Se a m\u00e1quina estiver debulhando a soja, n\u00e3o precisamos personalizar a m\u00e1quina. Basta alterar a tela, ela pode limitar os gr\u00e3os diferentes. Al\u00e9m disso, esta m\u00e1quina de debulha moderna 5TD-90 pode ser equipada com um motor el\u00e9trico e um motor a diesel.<\/p>    <figure class=\"wp-block-gallery has-nested-images columns-default is-cropped wp-block-gallery-5 is-layout-flex wp-block-gallery-is-layout-flex\"> <figure class=\"wp-block-image size-large\"><img loading=\"lazy\" decoding=\"async\" width=\"720\" height=\"540\" data-id=\"3046\" src=\"https:\/\/taizyfarmequipment.com\/wp-content\/uploads\/2022\/03\/modern-threshing-machine1.jpg\" alt=\"debulhadora moderna\" class=\"wp-image-3046\" title=\"debulhadora moderna\"\/><figcaption class=\"wp-element-caption\">debulhadora moderna<\/figcaption><\/figure>    <figure class=\"wp-block-image size-large\"><img loading=\"lazy\" decoding=\"async\" width=\"720\" height=\"540\" data-id=\"3047\" src=\"https:\/\/taizyfarmequipment.com\/wp-content\/uploads\/2022\/03\/threshing-machine1.jpg\" alt=\"debulhadora\" class=\"wp-image-3047\" title=\"debulhadora\"\/><figcaption class=\"wp-element-caption\">debulhadora<\/figcaption><\/figure> <figcaption class=\"blocks-gallery-caption wp-element-caption\">debulhadora comercial<\/figcaption><\/figure>    <h3 class=\"wp-block-heading\">Informa\u00e7\u00f5es detalhadas sobre o debulhador de gr\u00e3os<\/h3>    <figure class=\"wp-block-table\"><table><tbody><tr><td>&nbsp;&nbsp;&nbsp;&nbsp;&nbsp;&nbsp;Modelo<\/td><td>&nbsp;&nbsp;&nbsp;&nbsp;&nbsp;&nbsp;&nbsp;5TD-90<\/td><\/tr><tr><td>Velocidade de rota\u00e7\u00e3o do rolo debulhador<\/td><td>900-1040 rpm<\/td><\/tr><tr><td>Poder<\/td><td>Motor de 7,5 kW ou motor diesel de 12-15 HP<\/td><\/tr><tr><td>Formul\u00e1rio de compensa\u00e7\u00e3o<\/td><td>Peneira vibrat\u00f3ria, grande ventilador<\/td><\/tr><tr><td>Frequ\u00eancia de vibra\u00e7\u00e3o<\/td><td>340<\/td><\/tr><tr><td>Velocidade de rota\u00e7\u00e3o do ventilador<\/td><td>1040 -1100 r\/min<\/td><\/tr><tr><td>Di\u00e2metro\/comprimento do tambor<\/td><td>D = 520 mm (ou 500); C=900mm<\/td><\/tr><tr><td>Amplitude da tela vibrat\u00f3ria<\/td><td>30mm<\/td><\/tr><tr><td>Capacidade<\/td><td>800-1200 Kg\/h de arroz, trigo, milho-mi\u00fado, sorgo, milho-mi\u00fado africano, milheto-p\u00e9rola e outros gr\u00e3os;&nbsp;<\/td><\/tr><tr><td>Peso<\/td><td>260 Kg (excluindo o peso diesel dos pneus do chassi)<\/td><\/tr><tr><td>Taxa de quebra\uff08\uff05\uff09<\/td><td>\u22640,5<\/td><\/tr><tr><td>Taxa impura (%)<\/td><td>\u22641,0<\/td><\/tr><tr><td>Tamanho (inclui pneu e estrutura de tra\u00e7\u00e3o)<\/td><td>310*170*140cm<\/td><\/tr><\/tbody><\/table><figcaption class=\"wp-element-caption\">Informa\u00e7\u00f5es detalhadas da Thresher de gr\u00e3os<\/figcaption><\/figure>    <h2 class=\"wp-block-heading\">Type4: m\u00e1quina debulhadora 5TD-125 para sorgo<\/h2>    <p>A m\u00e1quina debulhadora 5TD-125 para arroz e trigo \u00e9 igual \u00e0 5TD-70 em apar\u00eancia e fun\u00e7\u00e3o. Mas a debulhadora 5TD-125 tem maior produ\u00e7\u00e3o e tamanho. Al\u00e9m disso, sua pot\u00eancia pode ser um motor el\u00e9trico ou diesel.<\/p>    <figure class=\"wp-block-gallery has-nested-images columns-default is-cropped wp-block-gallery-6 is-layout-flex wp-block-gallery-is-layout-flex\"> <figure class=\"wp-block-image size-large\"><img loading=\"lazy\" decoding=\"async\" width=\"720\" height=\"540\" data-id=\"3052\" src=\"https:\/\/taizyfarmequipment.com\/wp-content\/uploads\/2022\/03\/paddy-thresher1-1.jpg\" alt=\"debulhador de arroz\" class=\"wp-image-3052\" title=\"debulhador de arroz\"\/><figcaption class=\"wp-element-caption\">debulhador de arroz<\/figcaption><\/figure>    <figure class=\"wp-block-image size-large\"><img loading=\"lazy\" decoding=\"async\" width=\"720\" height=\"540\" data-id=\"3053\" src=\"https:\/\/taizyfarmequipment.com\/wp-content\/uploads\/2022\/03\/sorghum-thresher1.jpg\" alt=\"debulhador de sorgo\" class=\"wp-image-3053\" title=\"debulhador de sorgo\"\/><figcaption class=\"wp-element-caption\">debulhador de sorgo<\/figcaption><\/figure> <figcaption class=\"blocks-gallery-caption wp-element-caption\">m\u00e1quina debulhadora para sorgo<\/figcaption><\/figure>    <h3 class=\"wp-block-heading\">Qual a especifica\u00e7\u00e3o t\u00e9cnica do debulhador de arroz?<\/h3>    <figure class=\"wp-block-table\"><table><tbody><tr><td>Modelo<\/td><td>5TD-125<\/td><\/tr><tr><td>Poder<\/td><td>Motor 11-13kw ou motor diesel 22HP<\/td><\/tr><tr><td>Peso<\/td><td>420 kg (excluindo peso diesel dos pneus do chassi)<\/td><\/tr><tr><td>Velocidade do fuso<\/td><td>1050 r\/min<\/td><\/tr><tr><td>Tamanho<\/td><td>2500*1770*1550mm<\/td><\/tr><tr><td>Tamanho de pacote \u00fanico<\/td><td>1600*1200*1500 cent\u00edmetros<\/td><\/tr><tr><td>Velocidade do ventilador<\/td><td>2500 r\/min<\/td><\/tr><tr><td>Capacidade<\/td><td>1000-1500kg\/h(arroz, trigo), 600-800kg\/h(soja)<\/td><\/tr><\/tbody><\/table><figcaption class=\"wp-element-caption\">Especifica\u00e7\u00e3o t\u00e9cnica de Thresher<\/figcaption><\/figure>    <h2 class=\"wp-block-heading\">Fluxo de trabalho da debulhadora de soja<\/h2>    <ol style=\"list-style-type:1\" class=\"wp-block-list\"> <li>Primeiramente coloque o gr\u00e3o com caule na entrada.<\/li>    <li>Em segundo lugar, o dispositivo de debulha ir\u00e1 esfregar o gr\u00e3o.<\/li>    <li>Ent\u00e3o o ventilador separar\u00e1 as impurezas do gr\u00e3o.<\/li>    <li>Finalmente, impurezas e gr\u00e3os s\u00e3o descarregados de diferentes sa\u00eddas.<\/li> <\/ol>    <h2 class=\"wp-block-heading\">Caracter\u00edsticas do debulhador de arroz e trigo<\/h2>    <ol style=\"list-style-type:1\" class=\"wp-block-list\"> <li>Opera\u00e7\u00e3o f\u00e1cil. Em todo o processo de utiliza\u00e7\u00e3o da debulhadora de arroz e trigo, as pessoas s\u00f3 precisam ligar a m\u00e1quina e colocar o gr\u00e3o na m\u00e1quina. E o produto final ser\u00e1 um gr\u00e3o limpo.<\/li>    <li>As vantagens da separa\u00e7\u00e3o limpa s\u00e3o pequenas perdas e uma alta taxa de remo\u00e7\u00e3o.<\/li>    <li>Ampla faixa de utiliza\u00e7\u00e3o. A m\u00e1quina debulhadora para arroz e trigo pode debulhar arroz (arroz), trigo, soja, milho, sorgo, milho, etc. Nossa nova debulhadora adiciona recursos de debulha de milho que n\u00e3o estavam dispon\u00edveis nas m\u00e1quinas anteriores. E nenhuma substitui\u00e7\u00e3o da tela \u00e9 necess\u00e1ria, independentemente do tipo de gr\u00e3os processados.<\/li>    <li>Alta qualidade e longa vida \u00fatil.<\/li> <\/ol>    <h2 class=\"wp-block-heading\">Remessa de debulhador agr\u00edcola<\/h2>    <p>Ap\u00f3s anos de desenvolvimento, exportamos debulhadores de arroz e trigo para muitos pa\u00edses estrangeiros. Entre eles, os pa\u00edses com mais transa\u00e7\u00f5es s\u00e3o Peru, Nig\u00e9ria, Estados Unidos, Serra Leoa, Om\u00e3, Gana, G\u00e2mbia, etc. Nossa debulhadora para arroz e trigo \u00e9 de boa qualidade e alta efici\u00eancia de trabalho e \u00e9 bem recebida pelos clientes. Abaixo est\u00e3o nossas fotos de entrega de pacotes.<\/p>    <figure class=\"wp-block-gallery has-nested-images columns-default is-cropped wp-block-gallery-7 is-layout-flex wp-block-gallery-is-layout-flex\"> <figure class=\"wp-block-image size-large\"><img loading=\"lazy\" decoding=\"async\" width=\"720\" height=\"540\" data-id=\"3054\" src=\"https:\/\/taizyfarmequipment.com\/wp-content\/uploads\/2022\/03\/packing-of-rapeseed-thresehr-1.jpg\" alt=\"embalagem de debulhador de colza\" class=\"wp-image-3054\" title=\"embalagem de debulhador de colza\"\/><figcaption class=\"wp-element-caption\">embalagem de debulhador de colza<\/figcaption><\/figure>    <figure class=\"wp-block-image size-large\"><img loading=\"lazy\" decoding=\"async\" width=\"720\" height=\"540\" data-id=\"3057\" src=\"https:\/\/taizyfarmequipment.com\/wp-content\/uploads\/2022\/03\/shipping-of-the-rice-thresher1.jpg\" alt=\"envio da debulhadora de arroz\" class=\"wp-image-3057\" title=\"envio da debulhadora de arroz\"\/><figcaption class=\"wp-element-caption\">envio da debulhadora de arroz<\/figcaption><\/figure> <figcaption class=\"blocks-gallery-caption wp-element-caption\">Remessa de debulhador agr\u00edcola<\/figcaption><\/figure>","protected":false},"excerpt":{"rendered":"<p>A m\u00e1quina debulhadora para arroz e trigo pode processar v\u00e1rios gr\u00e3os. N\u00e3o s\u00f3 pode processar trigo, arroz, soja, mas tamb\u00e9m milho.<\/p>","protected":false},"author":1,"featured_media":3034,"parent":0,"template":"","tags":[],"product-type":[129],"class_list":["post-3033","product","type-product","status-publish","has-post-thumbnail","hentry","product-type-thresher-and-sheller"],"_links":{"self":[{"href":"https:\/\/taizyfarmequipment.com\/pt\/wp-json\/wp\/v2\/product\/3033","targetHints":{"allow":["GET"]}}],"collection":[{"href":"https:\/\/taizyfarmequipment.com\/pt\/wp-json\/wp\/v2\/product"}],"about":[{"href":"https:\/\/taizyfarmequipment.com\/pt\/wp-json\/wp\/v2\/types\/product"}],"author":[{"embeddable":true,"href":"https:\/\/taizyfarmequipment.com\/pt\/wp-json\/wp\/v2\/users\/1"}],"wp:featuredmedia":[{"embeddable":true,"href":"https:\/\/taizyfarmequipment.com\/pt\/wp-json\/wp\/v2\/media\/3034"}],"wp:attachment":[{"href":"https:\/\/taizyfarmequipment.com\/pt\/wp-json\/wp\/v2\/media?parent=3033"}],"wp:term":[{"taxonomy":"post_tag","embeddable":true,"href":"https:\/\/taizyfarmequipment.com\/pt\/wp-json\/wp\/v2\/tags?post=3033"},{"taxonomy":"product-type","embeddable":true,"href":"https:\/\/taizyfarmequipment.com\/pt\/wp-json\/wp\/v2\/product-type?post=3033"}],"curies":[{"name":"wp","href":"https:\/\/api.w.org\/{rel}","templated":true}]}}