{"id":3080,"date":"2022-03-28T10:08:07","date_gmt":"2022-03-28T10:08:07","guid":{"rendered":"https:\/\/taizyfarmequipment.com\/?post_type=product&#038;p=3080"},"modified":"2025-04-30T17:43:32","modified_gmt":"2025-04-30T09:43:32","slug":"plantador-de-milho-de-4-linhas","status":"publish","type":"product","link":"https:\/\/taizyfarmequipment.com\/pt\/product\/4-row-corn-planter\/","title":{"rendered":"Plantador de milho | Semeadora de milho com fertilizante"},"content":{"rendered":"<div class=\"kk-star-ratings kksr-auto kksr-align-left kksr-valign-top\"     data-payload='{&quot;align&quot;:&quot;left&quot;,&quot;id&quot;:&quot;3080&quot;,&quot;slug&quot;:&quot;default&quot;,&quot;valign&quot;:&quot;top&quot;,&quot;ignore&quot;:&quot;&quot;,&quot;reference&quot;:&quot;auto&quot;,&quot;class&quot;:&quot;&quot;,&quot;count&quot;:&quot;20&quot;,&quot;legendonly&quot;:&quot;&quot;,&quot;readonly&quot;:&quot;&quot;,&quot;score&quot;:&quot;4.8&quot;,&quot;starsonly&quot;:&quot;&quot;,&quot;best&quot;:&quot;5&quot;,&quot;gap&quot;:&quot;5&quot;,&quot;greet&quot;:&quot;Rate this product&quot;,&quot;legend&quot;:&quot;4.8\\\/5 - (20 votes)&quot;,&quot;size&quot;:&quot;24&quot;,&quot;title&quot;:&quot;Corn planter | Corn seeder with fertilizer&quot;,&quot;width&quot;:&quot;136.7&quot;,&quot;_legend&quot;:&quot;{score}\\\/{best} - ({count} {votes})&quot;,&quot;font_factor&quot;:&quot;1.25&quot;}'>              <div class=\"kksr-stars\">      <div class=\"kksr-stars-inactive\">             <div class=\"kksr-star\" data-star=\"1\" style=\"padding-right: 5px\">               <div class=\"kksr-icon\" style=\"width: 24px; height: 24px;\"><\/div>         <\/div>             <div class=\"kksr-star\" data-star=\"2\" style=\"padding-right: 5px\">               <div class=\"kksr-icon\" style=\"width: 24px; height: 24px;\"><\/div>         <\/div>             <div class=\"kksr-star\" data-star=\"3\" style=\"padding-right: 5px\">               <div class=\"kksr-icon\" style=\"width: 24px; height: 24px;\"><\/div>         <\/div>             <div class=\"kksr-star\" data-star=\"4\" style=\"padding-right: 5px\">               <div class=\"kksr-icon\" style=\"width: 24px; height: 24px;\"><\/div>         <\/div>             <div class=\"kksr-star\" data-star=\"5\" style=\"padding-right: 5px\">               <div class=\"kksr-icon\" style=\"width: 24px; height: 24px;\"><\/div>         <\/div>     <\/div>      <div class=\"kksr-stars-active\" style=\"width: 136.7px;\">             <div class=\"kksr-star\" style=\"padding-right: 5px\">               <div class=\"kksr-icon\" style=\"width: 24px; height: 24px;\"><\/div>         <\/div>             <div class=\"kksr-star\" style=\"padding-right: 5px\">               <div class=\"kksr-icon\" style=\"width: 24px; height: 24px;\"><\/div>         <\/div>             <div class=\"kksr-star\" style=\"padding-right: 5px\">               <div class=\"kksr-icon\" style=\"width: 24px; height: 24px;\"><\/div>         <\/div>             <div class=\"kksr-star\" style=\"padding-right: 5px\">               <div class=\"kksr-icon\" style=\"width: 24px; height: 24px;\"><\/div>         <\/div>             <div class=\"kksr-star\" style=\"padding-right: 5px\">               <div class=\"kksr-icon\" style=\"width: 24px; height: 24px;\"><\/div>         <\/div>     <\/div> <\/div>                   <div class=\"kksr-legend\" style=\"font-size: 19.2px;\">             4,8\/5 - (20 votos)    <\/div>     <\/div>  <p class=\"translation-block\">Esta vers\u00e1til s\u00e9rie de <strong>semeadores de milho<\/strong> da Taizy \u00e9 especialmente concebida para satisfazer diversas necessidades de plantio, oferecendo m\u00faltiplos modelos incluindo configura\u00e7\u00f5es de 2, 3, 4, 5 e 6 linhas\u2014ideais para explora\u00e7\u00f5es de pequena, m\u00e9dia e grande dimens\u00e3o. Estas m\u00e1quinas podem executar simultaneamente sulca\u00e7\u00e3o, fertiliza\u00e7\u00e3o, sementeira, cobertura e prensagem, aumentando significativamente a efici\u00eancia de plantio e reduzindo os custos de m\u00e3o de obra. <\/p>    <p>Com profundidade de semeadura ajust\u00e1vel, espa\u00e7amento entre linhas e espa\u00e7amento entre plantas, a semeadora de milho \u00e9 adequada para v\u00e1rias culturas, como milho, sorgo e feij\u00e3o. Compat\u00edvel com tratores de 25 a 100 cavalos de pot\u00eancia, a semeadora \u00e9 uma excelente escolha para alcan\u00e7ar uma agricultura mecanizada eficiente.<\/p>    <figure class=\"wp-block-embed is-type-video is-provider-youtube wp-block-embed-youtube wp-embed-aspect-16-9 wp-has-aspect-ratio\"><div class=\"wp-block-embed__wrapper\"> <iframe loading=\"lazy\" title=\"M\u00e1quina de Planta\u00e7\u00e3o de Milho em A\u00e7\u00e3o: Aumentando a Efici\u00eancia de Planta\u00e7\u00e3o #milho #agricultura\" width=\"500\" height=\"281\" src=\"https:\/\/www.youtube.com\/embed\/hHmbmFWSR3w?feature=oembed\" frameborder=\"0\" allow=\"accelerometer; autoplay; clipboard-write; encrypted-media; gyroscope; picture-in-picture; web-share\" referrerpolicy=\"strict-origin-when-cross-origin\" allowfullscreen><\/iframe> <\/div><figcaption class=\"wp-element-caption\">V\u00eddeo de funcionamento da plantadora de milho<\/figcaption><\/figure>    <h2 class=\"wp-block-heading\">V\u00e1rios tipos de m\u00e1quinas plantadoras de milho<\/h2>    <p>Existem uma grande variedade de m\u00e1quinas de plantio de milho no mercado hoje. Como plantadores de milho manuais e plantadores de milho acionados por tratores. Entre eles, os plantadores de milho acionados por tratores s\u00e3o adequados para o cultivo de milho em grande escala. Porque os agricultores com grandes \u00e1reas de milho optar\u00e3o por m\u00e1quinas de plantio de milho acionadas por tratores.<\/p>    <p>Este modelo de m\u00e1quina de plantio de milho pode semear v\u00e1rias linhas ao mesmo tempo, com alta efici\u00eancia de trabalho. Al\u00e9m da fun\u00e7\u00e3o da semeadura, a m\u00e1quina tamb\u00e9m pode fertilizar durante a semeadura, economizando energia das pessoas para fertilizar.<\/p>    <figure class=\"wp-block-image size-full\"><img loading=\"lazy\" decoding=\"async\" width=\"720\" height=\"540\" src=\"https:\/\/taizyfarmequipment.com\/wp-content\/uploads\/2022\/03\/corn-planting-machine.webp\" alt=\"m\u00e1quina de plantar milho\" class=\"wp-image-4535\" srcset=\"https:\/\/taizyfarmequipment.com\/wp-content\/uploads\/2022\/03\/corn-planting-machine.webp 720w, https:\/\/taizyfarmequipment.com\/wp-content\/uploads\/2022\/03\/corn-planting-machine-300x225.webp 300w, https:\/\/taizyfarmequipment.com\/wp-content\/uploads\/2022\/03\/corn-planting-machine-16x12.webp 16w\" sizes=\"auto, (max-width: 720px) 100vw, 720px\" \/><figcaption class=\"wp-element-caption\">m\u00e1quina de plantar milho<\/figcaption><\/figure>    <h2 class=\"wp-block-heading\" id=\"h-brief-introduction-of-our-4-row-corn-planter\">Vendo m\u00e1quina plantadora de milho<\/h2>    <p class=\"translation-block\">Os semeadores de milho produzidos pela Taizy incluem <a href=\"https:\/\/taizyfarmequipment.com\/pt\/produto\/plantador-de-milho-portatil\/\" data-type=\"link\" data-id=\"https:\/\/taizyfarmequipment.com\/product\/hand-held-corn-planter\/\">semeadores de milho manuais<\/a> e semeadores de milho montados em trator.<\/p>    <p>Nossa semeadora de milho\u00a0para trator\u00a0tem 2,3,4,5,6,8 n\u00fameros de linhas diferentes. E seus modelos s\u00e3o 2BYSF-2, 2BYSF-3, 2BYSF-4, 2BYSF-5, 2BYSF-6, 2BYSF-8.\u00a0Quanto mais linhas, maior ser\u00e1 a efici\u00eancia de trabalho da m\u00e1quina, e o cliente poder\u00e1 escolher o n\u00famero de linhas de acordo com suas necessidades.<\/p>    <figure class=\"wp-block-gallery has-nested-images columns-default is-cropped wp-block-gallery-2 is-layout-flex wp-block-gallery-is-layout-flex\"> <figure class=\"wp-block-image size-large\"><img loading=\"lazy\" decoding=\"async\" width=\"720\" height=\"540\" data-id=\"4533\" src=\"https:\/\/taizyfarmequipment.com\/wp-content\/uploads\/2022\/03\/corn-planter-machine.webp\" alt=\"m\u00e1quina plantadora de milho\" class=\"wp-image-4533\" srcset=\"https:\/\/taizyfarmequipment.com\/wp-content\/uploads\/2022\/03\/corn-planter-machine.webp 720w, https:\/\/taizyfarmequipment.com\/wp-content\/uploads\/2022\/03\/corn-planter-machine-300x225.webp 300w, https:\/\/taizyfarmequipment.com\/wp-content\/uploads\/2022\/03\/corn-planter-machine-16x12.webp 16w\" sizes=\"auto, (max-width: 720px) 100vw, 720px\" \/><figcaption class=\"wp-element-caption\">m\u00e1quina plantadora de milho<\/figcaption><\/figure>    <figure class=\"wp-block-image size-large\"><img loading=\"lazy\" decoding=\"async\" width=\"720\" height=\"540\" data-id=\"4534\" src=\"https:\/\/taizyfarmequipment.com\/wp-content\/uploads\/2022\/03\/Corn-seeder-machine.webp\" alt=\"M\u00e1quina semeadora de milho\" class=\"wp-image-4534\" srcset=\"https:\/\/taizyfarmequipment.com\/wp-content\/uploads\/2022\/03\/Corn-seeder-machine.webp 720w, https:\/\/taizyfarmequipment.com\/wp-content\/uploads\/2022\/03\/Corn-seeder-machine-300x225.webp 300w, https:\/\/taizyfarmequipment.com\/wp-content\/uploads\/2022\/03\/Corn-seeder-machine-16x12.webp 16w\" sizes=\"auto, (max-width: 720px) 100vw, 720px\" \/><figcaption class=\"wp-element-caption\">M\u00e1quina semeadora de milho<\/figcaption><\/figure> <\/figure>    <p>Este tipo de plantadeira de milho vem com caixa de fertilizante. O fertilizante \u00e9 aplicado ao mesmo tempo que a semeadura. Quanto \u00e0 transmiss\u00e3o de for\u00e7a, a plantadeira de milho acionada por trator \u00e9 acionada por tomada de for\u00e7a. A m\u00e1quina \u00e9 de alta qualidade e tem uma longa vida \u00fatil. Os clientes n\u00e3o precisam se preocupar com a qualidade da m\u00e1quina.<\/p>    <p class=\"translation-block\">Al\u00e9m disso, tamb\u00e9m temos <a href=\"https:\/\/taizyfarmequipment.com\/pt\/produto\/plantador-de-sementes-de-trigo\/\">semeador de trigo<\/a>, que pode igualmente plantar v\u00e1rias linhas de trigo de uma s\u00f3 vez.<\/p>    <figure class=\"wp-block-image size-full\"><img loading=\"lazy\" decoding=\"async\" width=\"720\" height=\"540\" src=\"https:\/\/taizyfarmequipment.com\/wp-content\/uploads\/2022\/03\/wheat-planter-with-tractor.jpg\" alt=\"plantador de trigo com trator\" class=\"wp-image-3070\"\/><figcaption class=\"wp-element-caption\">plantador de trigo com trator<\/figcaption><\/figure>    <h2 class=\"wp-block-heading\">Estrutura da m\u00e1quina semeadora de milho<\/h2>    <div class=\"wp-block-media-text is-stacked-on-mobile\"><figure class=\"wp-block-media-text__media\"><img loading=\"lazy\" decoding=\"async\" width=\"720\" height=\"540\" src=\"https:\/\/taizyfarmequipment.com\/wp-content\/uploads\/2022\/03\/4-row-corn-planters-structure2.jpg\" alt=\"Estrutura da plantadeira de milho de 4 fileiras\" class=\"wp-image-3093 size-full\"\/><\/figure><div class=\"wp-block-media-text__content\"> <ul class=\"wp-block-list\"> <li>Caixa de fertilizante. Armazena e dispensa fertilizante durante o plantio para melhorar a nutri\u00e7\u00e3o das culturas.<\/li>    <li>Caixa de sementes de milho. Armazena sementes de milho para semeadura cont\u00ednua e eficiente.<\/li>    <li>Regulador de espa\u00e7o entre linhas. Ajusta a dist\u00e2ncia entre as linhas para atender a diferentes requisitos de espa\u00e7amento das culturas.<\/li>    <li>Regulador de dist\u00e2ncia entre sementes de milho. Controla o espa\u00e7amento entre as sementes dentro de cada linha para um crescimento ideal das plantas.<\/li>    <li>Abertura de trincheira. Cria sulcos uniformes no solo para um posicionamento preciso das sementes.<\/li>    <li>Mecanismo de cobertura e prensagem do solo. Cobre as sementes com solo e as prensa para garantir um bom contato com o solo.<\/li>    <li>Dispositivo de redu\u00e7\u00e3o de vibra\u00e7\u00e3o. Minimiza a vibra\u00e7\u00e3o operacional, melhorando a precis\u00e3o de planta\u00e7\u00e3o e a longevidade da m\u00e1quina.<\/li> <\/ul> <\/div><\/div>    <h2 class=\"wp-block-heading\">Qual \u00e9 o par\u00e2metro do plantador de milho doce?<\/h2>    <figure class=\"wp-block-table\"><table><tbody><tr><td>Modelo<\/td><td>2BYSF-2<\/td><td>2BYSF-3<\/td><td>2BYSF-4<\/td><td>2BYSF-5<\/td><td>2BYSF-6<\/td><td>2BYSF-8<\/td><\/tr><tr><td>Dimens\u00f5es gerais (mm)<\/td><td>1570*1300*1200<\/td><td>1570*1700*1200<\/td><td>1620*2350*1200<\/td><td>1620*2750*1200<\/td><td>1620*3350*1200<\/td><td>1640*4600*1200<\/td><\/tr><tr><td>Linhas<\/td><td>2<\/td><td>3<\/td><td>4<\/td><td>5<\/td><td>6<\/td><td>8<\/td><\/tr><tr><td>Espa\u00e7amento entre linhas (mm)<\/td><td>428-630<\/td><td>428-600<\/td><td>428-570<\/td><td>428-510<\/td><td>428-510<\/td><td>428-510<\/td><\/tr><tr><td>Profundidade de vala (mm)<\/td><td>60-80<\/td><td>60-80<\/td><td>60-80<\/td><td>60-80<\/td><td>60-80<\/td><td>60-80<\/td><\/tr><tr><td>Profundidade de semeadura (mm)<\/td><td>30-50<\/td><td>30-50<\/td><td>30-50<\/td><td>30-50<\/td><td>30-50<\/td><td>30-50<\/td><\/tr><tr><td>Capacidade do tanque de fertilizante (L)<\/td><td>42<\/td><td>68<\/td><td>86<\/td><td>86<\/td><td>86<\/td><td>86<\/td><\/tr><tr><td>Capacidade da caixa de sementes(L)<\/td><td>8.5<\/td><td>8.5<\/td><td>8.5<\/td><td>8.5<\/td><td>8.5<\/td><td>8.5<\/td><\/tr><tr><td>Peso (kg)<\/td><td>140<\/td><td>190<\/td><td>270<\/td><td>300<\/td><td>350<\/td><td>490<\/td><\/tr><tr><td>Liga\u00e7\u00e3o<\/td><td>Tr\u00eas pontas<\/td><td>Tr\u00eas pontas<\/td><td>Tr\u00eas pontas<\/td><td>Tr\u00eas pontas<\/td><td>Tr\u00eas pontas<\/td><td>Tr\u00eas pontas<\/td><\/tr><tr><td>Pot\u00eancia correspondente (hp)<\/td><td>12-18<\/td><td>15-25<\/td><td>25-40<\/td><td>40-60<\/td><td>50-80<\/td><td>75-100<\/td><\/tr><\/tbody><\/table><figcaption class=\"wp-element-caption\">Par\u00e2metros da m\u00e1quina de plantio de milho<\/figcaption><\/figure>    <figure class=\"wp-block-image size-full\"><img loading=\"lazy\" decoding=\"async\" width=\"720\" height=\"540\" src=\"https:\/\/taizyfarmequipment.com\/wp-content\/uploads\/2022\/03\/corn-seeding-machine.webp\" alt=\"m\u00e1quina de semeadura de milho\" class=\"wp-image-4536\" srcset=\"https:\/\/taizyfarmequipment.com\/wp-content\/uploads\/2022\/03\/corn-seeding-machine.webp 720w, https:\/\/taizyfarmequipment.com\/wp-content\/uploads\/2022\/03\/corn-seeding-machine-300x225.webp 300w, https:\/\/taizyfarmequipment.com\/wp-content\/uploads\/2022\/03\/corn-seeding-machine-16x12.webp 16w\" sizes=\"auto, (max-width: 720px) 100vw, 720px\" \/><figcaption class=\"wp-element-caption\">m\u00e1quina de semeadura de milho<\/figcaption><\/figure>    <h2 class=\"wp-block-heading\">Como funciona a m\u00e1quina de plantar milho?<\/h2>    <p>Durante a opera\u00e7\u00e3o de semeadura, a for\u00e7a principal da semeadora prov\u00e9m do eixo da tomada de for\u00e7a traseira do trator. Sob a tra\u00e7\u00e3o do trator, o abridor abre uma vala de solo para semeadura e fertiliza\u00e7\u00e3o dentro de uma profundidade predefinida. <\/p>    <p>Devido \u00e0 a\u00e7\u00e3o do atrito, a roda mo\u00edda rola continuamente e aciona o medidor de sementes e o medidor de fertilizante, descarregando sementes e fertilizantes na vala por meio de diferentes tubula\u00e7\u00f5es. E ent\u00e3o usa o dispositivo de cobertura do solo e o dispositivo de supress\u00e3o para alcan\u00e7ar o solo e compactar.<\/p>    <figure class=\"wp-block-gallery has-nested-images columns-default is-cropped wp-block-gallery-3 is-layout-flex wp-block-gallery-is-layout-flex\"> <figure class=\"wp-block-image size-large\"><img loading=\"lazy\" decoding=\"async\" width=\"720\" height=\"540\" data-id=\"3083\" src=\"https:\/\/taizyfarmequipment.com\/wp-content\/uploads\/2022\/03\/corn-planter-1.jpg\" alt=\"Plantador de milho doce de 4 fileiras\" class=\"wp-image-3083\" title=\"Plantador de milho doce de 4 fileiras\"\/><figcaption class=\"wp-element-caption\">Plantador de milho doce de 4 fileiras<\/figcaption><\/figure>    <figure class=\"wp-block-image size-large\"><img loading=\"lazy\" decoding=\"async\" width=\"720\" height=\"540\" data-id=\"3084\" src=\"https:\/\/taizyfarmequipment.com\/wp-content\/uploads\/2022\/03\/sweet-corn-planter2.jpg\" alt=\"Plantador de milho de 8 linhas\" class=\"wp-image-3084\" title=\"Plantador de milho de 8 linhas\"\/><figcaption class=\"wp-element-caption\">Plantador de milho de 8 linhas<\/figcaption><\/figure> <\/figure>    <h2 class=\"wp-block-heading\">Vantagens da m\u00e1quina de plantio de milho<\/h2>    <div class=\"wp-block-media-text is-stacked-on-mobile\"><figure class=\"wp-block-media-text__media\"><img loading=\"lazy\" decoding=\"async\" width=\"720\" height=\"540\" src=\"https:\/\/taizyfarmequipment.com\/wp-content\/uploads\/2022\/03\/manufacturer-of-2-row-corn-planter1.jpg\" alt=\"fabricante de plantadeira de milho de 2 linhas\" class=\"wp-image-3089 size-full\"\/><\/figure><div class=\"wp-block-media-text__content\"> <ul class=\"wp-block-list\"> <li>Economiza tempo e m\u00e3o de obra ao completar escava\u00e7\u00e3o, semeadura e fertiliza\u00e7\u00e3o em uma \u00fanica opera\u00e7\u00e3o.<\/li>    <li>Suporta m\u00faltiplas culturas, incluindo milho, feij\u00e3o e sorgo.<\/li>    <li>Espa\u00e7amento de fileiras ajust\u00e1vel, espa\u00e7amento de plantas e profundidade de semeadura para se adequar a diferentes condi\u00e7\u00f5es de campo.<\/li>    <li>Garante uma distribui\u00e7\u00e3o uniforme das sementes e uma profundidade de semeadura consistente para melhores taxas de emerg\u00eancia.<\/li>    <li>Semeia m\u00faltiplas fileiras de uma s\u00f3 vez (dispon\u00edvel em modelos de 2, 3, 4, 5, 6 e 8 fileiras) para alta efici\u00eancia.<\/li> <\/ul> <\/div><\/div>    <div class=\"wp-block-media-text has-media-on-the-right is-stacked-on-mobile\"><div class=\"wp-block-media-text__content\"> <ul class=\"wp-block-list\"> <li>Adequado tanto para terrenos planos quanto para campos previamente arados.<\/li>    <li>Estrutura compacta e flex\u00edvel permite uma f\u00e1cil manobra e reduz o consumo de combust\u00edvel.<\/li>    <li>Requer menos pot\u00eancia, tornando-o compat\u00edvel com uma gama mais ampla de tratores.<\/li>    <li>Equipado com caixas separadas para sementes e fertilizantes para evitar danos do fertilizante \u00e0s sementes.<\/li>    <li>A semeadura precisa reduz o desperd\u00edcio de sementes e melhora a qualidade das mudas.<\/li> <\/ul> <\/div><figure class=\"wp-block-media-text__media\"><img loading=\"lazy\" decoding=\"async\" width=\"720\" height=\"540\" src=\"https:\/\/taizyfarmequipment.com\/wp-content\/uploads\/2022\/03\/factory-of-corn-seeder1.jpg\" alt=\"f\u00e1brica de semeadora de milho\" class=\"wp-image-3090 size-full\"\/><\/figure><\/div>    <h2 class=\"wp-block-heading\">Equipamento plantador de milho enviado para o exterior<\/h2>    <p>O nosso equipamento de planta\u00e7\u00e3o de milho \u00e9 frequentemente vendido para Gana, Zimb\u00e1bue, Nig\u00e9ria, Congo, M\u00e9xico, El Salvador, Burkina Faso e outros pa\u00edses. A seguir est\u00e3o as imagens de embalagem e transporte para envio para pa\u00edses estrangeiros.<\/p>    <figure class=\"wp-block-gallery has-nested-images columns-2 is-cropped wp-block-gallery-4 is-layout-flex wp-block-gallery-is-layout-flex\"> <figure class=\"wp-block-image size-large\"><img loading=\"lazy\" decoding=\"async\" width=\"720\" height=\"540\" data-id=\"3085\" src=\"https:\/\/taizyfarmequipment.com\/wp-content\/uploads\/2022\/03\/wrap-film-4.jpg\" alt=\"m\u00e1quina de plantio de milho exportada\" class=\"wp-image-3085\"\/><figcaption class=\"wp-element-caption\">m\u00e1quina de plantio de milho exportada<\/figcaption><\/figure>    <figure class=\"wp-block-image size-large\"><img loading=\"lazy\" decoding=\"async\" width=\"720\" height=\"540\" data-id=\"3086\" src=\"https:\/\/taizyfarmequipment.com\/wp-content\/uploads\/2022\/03\/loading-2.jpg\" alt=\"carregando plantadora de milho\" class=\"wp-image-3086\"\/><figcaption class=\"wp-element-caption\">carregando plantadora de milho<\/figcaption><\/figure>    <figure class=\"wp-block-image size-large\"><img loading=\"lazy\" decoding=\"async\" width=\"720\" height=\"540\" data-id=\"3087\" src=\"https:\/\/taizyfarmequipment.com\/wp-content\/uploads\/2022\/03\/in-container1-.jpg\" alt=\"m\u00e1quina de plantio de milho em cont\u00eainer\" class=\"wp-image-3087\"\/><figcaption class=\"wp-element-caption\">m\u00e1quina de plantio de milho em cont\u00eainer<\/figcaption><\/figure>    <figure class=\"wp-block-image size-large\"><img loading=\"lazy\" decoding=\"async\" width=\"720\" height=\"540\" data-id=\"3088\" src=\"https:\/\/taizyfarmequipment.com\/wp-content\/uploads\/2022\/03\/shipping-3.jpg\" alt=\"envio de semeadora de milho\" class=\"wp-image-3088\"\/><figcaption class=\"wp-element-caption\">envio de semeadora de milho<\/figcaption><\/figure> <\/figure>    <h2 class=\"wp-block-heading\">Invista em nossa m\u00e1quina de plantar milho<\/h2>    <p class=\"translation-block\">Escolher a nossa <a href=\"https:\/\/en.wikipedia.org\/wiki\/Corn\" data-type=\"link\" data-id=\"https:\/\/en.wikipedia.org\/wiki\/Corn\" target=\"_blank\" rel=\"noopener\">m\u00e1quina de plantio de milho<\/a> \u00e9 a decis\u00e3o ideal para melhorar a efici\u00eancia de produ\u00e7\u00e3o e simplificar o seu processo de plantio. Reconhecida pela sua tecnologia de sementeira eficiente e precisa, e opera\u00e7\u00e3o f\u00e1cil de utilizar, o nosso equipamento fornece suporte fi\u00e1vel \u00e0s suas atividades agr\u00edcolas.<\/p>    <p>Entre em contato com nossa equipe de vendas agora para saber mais detalhes e obter um or\u00e7amento. Escolha-nos e veja a sua produ\u00e7\u00e3o agr\u00edcola prosperar!<\/p>    <figure class=\"wp-block-gallery has-nested-images columns-default is-cropped wp-block-gallery-5 is-layout-flex wp-block-gallery-is-layout-flex\"> <figure class=\"wp-block-image size-large\"><img loading=\"lazy\" decoding=\"async\" width=\"720\" height=\"540\" data-id=\"3091\" src=\"https:\/\/taizyfarmequipment.com\/wp-content\/uploads\/2022\/03\/6-row-corn-planter1.jpg\" alt=\"Plantador de milho de 6 linhas\" class=\"wp-image-3091\" title=\"Plantador de milho de 6 linhas\"\/><figcaption class=\"wp-element-caption\">Plantador de milho de 6 linhas<\/figcaption><\/figure>    <figure class=\"wp-block-image size-large\"><img loading=\"lazy\" decoding=\"async\" width=\"720\" height=\"540\" data-id=\"3092\" src=\"https:\/\/taizyfarmequipment.com\/wp-content\/uploads\/2022\/03\/corn-planter-with-fertilizer1.jpg\" alt=\"plantador de milho com fertilizante\" class=\"wp-image-3092\" title=\"plantador de milho com fertilizante\"\/><figcaption class=\"wp-element-caption\">plantador de milho com fertilizante<\/figcaption><\/figure> <\/figure>","protected":false},"excerpt":{"rendered":"<p>Esta vers\u00e1til s\u00e9rie de plantadores de milho da Taizy \u00e9 especialmente projetada para atender a diversas necessidades de plantio, oferecendo m\u00faltiplos modelos, incluindo configura\u00e7\u00f5es de 2 linhas, 3 linhas, 4 linhas, 5 linhas e 6 linhas\u2014ideal para fazendas de pequeno, m\u00e9dio e grande porte.<\/p>","protected":false},"author":1,"featured_media":3081,"parent":0,"template":"","tags":[236,240,241,243,238],"product-type":[235],"class_list":["post-3080","product","type-product","status-publish","has-post-thumbnail","hentry","tag-corn-planter","tag-corn-planter-for-sale","tag-corn-planter-for-tractor","tag-corn-seeder-with-fertilizer","tag-sweet-corn-planter","product-type-planter"],"_links":{"self":[{"href":"https:\/\/taizyfarmequipment.com\/pt\/wp-json\/wp\/v2\/product\/3080","targetHints":{"allow":["GET"]}}],"collection":[{"href":"https:\/\/taizyfarmequipment.com\/pt\/wp-json\/wp\/v2\/product"}],"about":[{"href":"https:\/\/taizyfarmequipment.com\/pt\/wp-json\/wp\/v2\/types\/product"}],"author":[{"embeddable":true,"href":"https:\/\/taizyfarmequipment.com\/pt\/wp-json\/wp\/v2\/users\/1"}],"wp:featuredmedia":[{"embeddable":true,"href":"https:\/\/taizyfarmequipment.com\/pt\/wp-json\/wp\/v2\/media\/3081"}],"wp:attachment":[{"href":"https:\/\/taizyfarmequipment.com\/pt\/wp-json\/wp\/v2\/media?parent=3080"}],"wp:term":[{"taxonomy":"post_tag","embeddable":true,"href":"https:\/\/taizyfarmequipment.com\/pt\/wp-json\/wp\/v2\/tags?post=3080"},{"taxonomy":"product-type","embeddable":true,"href":"https:\/\/taizyfarmequipment.com\/pt\/wp-json\/wp\/v2\/product-type?post=3080"}],"curies":[{"name":"wp","href":"https:\/\/api.w.org\/{rel}","templated":true}]}}