{"id":3095,"date":"2022-03-29T08:32:50","date_gmt":"2022-03-29T08:32:50","guid":{"rendered":"https:\/\/taizyfarmequipment.com\/?post_type=product&#038;p=3095"},"modified":"2025-12-23T17:44:56","modified_gmt":"2025-12-23T09:44:56","slug":"debulhador-multi-graos","status":"publish","type":"product","link":"https:\/\/taizyfarmequipment.com\/pt\/product\/multi-grain-thresher\/","title":{"rendered":"Debulhador multigr\u00e3os autom\u00e1tico para soja, milho, milho, sorgo"},"content":{"rendered":"<div class=\"kk-star-ratings kksr-auto kksr-align-left kksr-valign-top\"     data-payload='{&quot;align&quot;:&quot;left&quot;,&quot;id&quot;:&quot;3095&quot;,&quot;slug&quot;:&quot;default&quot;,&quot;valign&quot;:&quot;top&quot;,&quot;ignore&quot;:&quot;&quot;,&quot;reference&quot;:&quot;auto&quot;,&quot;class&quot;:&quot;&quot;,&quot;count&quot;:&quot;7&quot;,&quot;legendonly&quot;:&quot;&quot;,&quot;readonly&quot;:&quot;&quot;,&quot;score&quot;:&quot;4.8&quot;,&quot;starsonly&quot;:&quot;&quot;,&quot;best&quot;:&quot;5&quot;,&quot;gap&quot;:&quot;5&quot;,&quot;greet&quot;:&quot;Rate this product&quot;,&quot;legend&quot;:&quot;4.8\\\/5 - (7 votes)&quot;,&quot;size&quot;:&quot;24&quot;,&quot;title&quot;:&quot;Automatic multi grain thresher for corn millet sorghum soybeans&quot;,&quot;width&quot;:&quot;136.7&quot;,&quot;_legend&quot;:&quot;{score}\\\/{best} - ({count} {votes})&quot;,&quot;font_factor&quot;:&quot;1.25&quot;}'>              <div class=\"kksr-stars\">      <div class=\"kksr-stars-inactive\">             <div class=\"kksr-star\" data-star=\"1\" style=\"padding-right: 5px\">               <div class=\"kksr-icon\" style=\"width: 24px; height: 24px;\"><\/div>         <\/div>             <div class=\"kksr-star\" data-star=\"2\" style=\"padding-right: 5px\">               <div class=\"kksr-icon\" style=\"width: 24px; height: 24px;\"><\/div>         <\/div>             <div class=\"kksr-star\" data-star=\"3\" style=\"padding-right: 5px\">               <div class=\"kksr-icon\" style=\"width: 24px; height: 24px;\"><\/div>         <\/div>             <div class=\"kksr-star\" data-star=\"4\" style=\"padding-right: 5px\">               <div class=\"kksr-icon\" style=\"width: 24px; height: 24px;\"><\/div>         <\/div>             <div class=\"kksr-star\" data-star=\"5\" style=\"padding-right: 5px\">               <div class=\"kksr-icon\" style=\"width: 24px; height: 24px;\"><\/div>         <\/div>     <\/div>      <div class=\"kksr-stars-active\" style=\"width: 136.7px;\">             <div class=\"kksr-star\" style=\"padding-right: 5px\">               <div class=\"kksr-icon\" style=\"width: 24px; height: 24px;\"><\/div>         <\/div>             <div class=\"kksr-star\" style=\"padding-right: 5px\">               <div class=\"kksr-icon\" style=\"width: 24px; height: 24px;\"><\/div>         <\/div>             <div class=\"kksr-star\" style=\"padding-right: 5px\">               <div class=\"kksr-icon\" style=\"width: 24px; height: 24px;\"><\/div>         <\/div>             <div class=\"kksr-star\" style=\"padding-right: 5px\">               <div class=\"kksr-icon\" style=\"width: 24px; height: 24px;\"><\/div>         <\/div>             <div class=\"kksr-star\" style=\"padding-right: 5px\">               <div class=\"kksr-icon\" style=\"width: 24px; height: 24px;\"><\/div>         <\/div>     <\/div> <\/div>                   <div class=\"kksr-legend\" style=\"font-size: 19.2px;\">             4,8\/5 - (7 votos)    <\/div>     <\/div>  <p class=\"translation-block\">A <strong>m\u00e1quina de debulhar m\u00faltiplos gr\u00e3os<\/strong> \u00e9 uma m\u00e1quina agr\u00edcola vers\u00e1til para debulhar uma vasta gama de cereais e leguminosas, incluindo milho, millet, sorgo e soja. Reduz significativamente o trabalho manual e melhora a efici\u00eancia da colheita, separando automaticamente os gr\u00e3os das cascas e impurezas com m\u00ednimo esfor\u00e7o. <\/p>    <p class=\"translation-block\">O produto est\u00e1 dispon\u00edvel em dois modelos principais \u2014<strong>MT-860<\/strong> e <strong>MT-1200<\/strong>\u2014 com capacidades de aproximadamente <strong>1,5\u20132 t\/h e 3 t\/h<\/strong>, respetivamente. Ambos os modelos alcan\u00e7am uma alta <strong>taxa de debulha de cerca de 98%<\/strong>, apresentam opera\u00e7\u00e3o f\u00e1cil com telas intercambi\u00e1veis para diferentes culturas, e podem ser alimentados por motores a gasolina ou a diesel. <\/p>    <figure class=\"wp-block-embed is-type-video is-provider-youtube wp-block-embed-youtube wp-embed-aspect-16-9 wp-has-aspect-ratio\"><div class=\"wp-block-embed__wrapper\"> <iframe loading=\"lazy\" title=\"Multi Functional Thresher Test Run | Efficient Rice, Wheat &amp; Sorghum Threshing #thresh #farming\" width=\"500\" height=\"281\" src=\"https:\/\/www.youtube.com\/embed\/YkiYmEj5JFI?feature=oembed\" frameborder=\"0\" allow=\"accelerometer; autoplay; clipboard-write; encrypted-media; gyroscope; picture-in-picture; web-share\" referrerpolicy=\"strict-origin-when-cross-origin\" allowfullscreen><\/iframe> <\/div><figcaption class=\"wp-element-caption\">v\u00eddeo de funcionamento do debulhador de m\u00faltiplos gr\u00e3os<\/figcaption><\/figure>    <h2 class=\"wp-block-heading\" id=\"h-what-is-the-multi-grain-thresher\"><strong>Debulhadora de m\u00faltiplos gr\u00e3os comercial \u00e0 venda<\/strong><\/h2>    <p class=\"translation-block\">Esta <strong>debulhadora comercial de m\u00faltiplos gr\u00e3os<\/strong> \u00e9 concebida para atender \u00e0s exig\u00eancias de processamento diversificado de gr\u00e3os, integrando fun\u00e7\u00f5es de debulha para m\u00faltiplas culturas numa m\u00e1quina compacta. <\/p>    <p>Basta trocar a tela interna, a m\u00e1quina pode adaptar-se a gr\u00e3os com tamanhos diferentes, garantindo uma separa\u00e7\u00e3o limpa e uma descarga suave durante a opera\u00e7\u00e3o. Por exemplo, ao processar milho, uma tela de malha maior \u00e9 instalada para permitir que os gr\u00e3os passem de forma eficiente sem bloqueios ou danos.<\/p>    <figure class=\"wp-block-gallery has-nested-images columns-default is-cropped wp-block-gallery-2 is-layout-flex wp-block-gallery-is-layout-flex\"> <figure class=\"wp-block-image size-large\"><img loading=\"lazy\" decoding=\"async\" width=\"720\" height=\"540\" data-id=\"3099\" src=\"https:\/\/taizyfarmequipment.com\/wp-content\/uploads\/2022\/03\/millet-thresher1.jpg\" alt=\"Debulhador de milho MT-860\" class=\"wp-image-3099\" title=\"Debulhador de milho MT-860\"\/><figcaption class=\"wp-element-caption\">Debulhador de milho MT-860<\/figcaption><\/figure>    <figure class=\"wp-block-image size-large\"><img loading=\"lazy\" decoding=\"async\" width=\"720\" height=\"540\" data-id=\"3100\" src=\"https:\/\/taizyfarmequipment.com\/wp-content\/uploads\/2022\/03\/multi-thresher1.jpg\" alt=\"Debulhador m\u00faltiplo MT-860\" class=\"wp-image-3100\" title=\"Debulhador m\u00faltiplo MT-860\"\/><figcaption class=\"wp-element-caption\"> Debulhador m\u00faltiplo MT-860<\/figcaption><\/figure> <\/figure>    <p class=\"translation-block\">Para atender a v\u00e1rias condi\u00e7\u00f5es de trabalho, a m\u00e1quina oferece <strong>configura\u00e7\u00f5es de pot\u00eancia flex\u00edveis<\/strong>, incluindo motor el\u00e9trico, motor a diesel e motor a gasolina. Isso permite uma opera\u00e7\u00e3o est\u00e1vel tanto em \u00e1reas alimentadas por rede el\u00e9trica quanto em fazendas remotas. Durante a debulha de milho, a m\u00e1quina pode lidar com material <strong>com ou sem cascas<\/strong>, melhorando a adaptabilidade e reduzindo os requisitos de pr\u00e9-processamento.<\/p>    <p class=\"translation-block\">Projetada para <strong>efici\u00eancia comercial<\/strong>, a debulhadora de m\u00faltiplos gr\u00e3os oferece alta produ\u00e7\u00e3o enquanto minimiza o esfor\u00e7o de trabalho e o consumo de energia. Est\u00e3o dispon\u00edveis dois modelos \u2014<strong>MT-860 e MT-1200<\/strong> \u2014 cada um com diferentes capacidades de processamento e tamanhos estruturais, permitindo aos utilizadores escolher a solu\u00e7\u00e3o mais adequada com base na escala de produ\u00e7\u00e3o, tipo de cultura e expectativas de rendimento.<\/p>    <figure class=\"wp-block-gallery has-nested-images columns-default is-cropped wp-block-gallery-3 is-layout-flex wp-block-gallery-is-layout-flex\"> <figure class=\"wp-block-image size-large\"><img loading=\"lazy\" decoding=\"async\" width=\"720\" height=\"540\" data-id=\"3101\" src=\"https:\/\/taizyfarmequipment.com\/wp-content\/uploads\/2022\/03\/MT-1200-threshing-machine2.jpg\" alt=\"Debulhadora MT-1200\" class=\"wp-image-3101\" title=\"Debulhadora MT-1200\"\/><figcaption class=\"wp-element-caption\">Debulhadora MT-1200<\/figcaption><\/figure>    <figure class=\"wp-block-image size-large\"><img loading=\"lazy\" decoding=\"async\" width=\"720\" height=\"540\" data-id=\"3102\" src=\"https:\/\/taizyfarmequipment.com\/wp-content\/uploads\/2022\/03\/MT-1200-maize-thresher-2.jpg\" alt=\"Debulhador de milho MT-1200 \" class=\"wp-image-3102\" title=\"Debulhador de milho MT-1200 \"\/><figcaption class=\"wp-element-caption\">Debulhador de milho MT-1200 <\/figcaption><\/figure> <\/figure>    <h2 class=\"wp-block-heading\"><strong>Estrutura do debulhador de milho \u00e0 venda<\/strong><\/h2>    <div class=\"wp-block-media-text is-stacked-on-mobile\"><figure class=\"wp-block-media-text__media\"><img loading=\"lazy\" decoding=\"async\" width=\"720\" height=\"540\" src=\"https:\/\/taizyfarmequipment.com\/wp-content\/uploads\/2022\/03\/corn-shellers-structure2.jpg\" alt=\"estrutura do descascador de milho\" class=\"wp-image-3097 size-full\"\/><\/figure><div class=\"wp-block-media-text__content\"> <p>A debulhadora de gr\u00e3os m\u00faltiplos inclui principalmente uma entrada, dispositivo de debulha, ventilador de tiragem, sa\u00edda de impurezas, exporta\u00e7\u00e3o de impurezas leves, exporta\u00e7\u00e3o de gr\u00e3os, etc.<\/p> <\/div><\/div>    <div class=\"wp-block-media-text has-media-on-the-right is-stacked-on-mobile\"><div class=\"wp-block-media-text__content\"> <p class=\"translation-block\"><strong>A estrutura interna do dispositivo de debulha<\/strong><\/p>    <p>Esta parte inclui um martelo cil\u00edndrico de tela. Quando processamos gr\u00e3os diferentes devemos trocar a tela com diferentes tamanhos de mosto. E \u00e9 f\u00e1cil de operar.<\/p> <\/div><figure class=\"wp-block-media-text__media\"><img loading=\"lazy\" decoding=\"async\" width=\"720\" height=\"540\" src=\"https:\/\/taizyfarmequipment.com\/wp-content\/uploads\/2022\/03\/inner-structure-of-grain-thresher1.jpg\" alt=\"estrutura interna do debulhador de gr\u00e3os\" class=\"wp-image-3098 size-full\"\/><\/figure><\/div>    <h2 class=\"wp-block-heading\"><strong>Como funciona a m\u00e1quina de descascador de milho?<\/strong><\/h2>    <div class=\"wp-block-media-text is-stacked-on-mobile\"><figure class=\"wp-block-media-text__media\"><img loading=\"lazy\" decoding=\"async\" width=\"720\" height=\"540\" src=\"https:\/\/taizyfarmequipment.com\/wp-content\/uploads\/2022\/03\/multi-grain-thresher.webp\" alt=\"debulhador multi gr\u00e3os\" class=\"wp-image-5001 size-full\" srcset=\"https:\/\/taizyfarmequipment.com\/wp-content\/uploads\/2022\/03\/multi-grain-thresher.webp 720w, https:\/\/taizyfarmequipment.com\/wp-content\/uploads\/2022\/03\/multi-grain-thresher-300x225.webp 300w, https:\/\/taizyfarmequipment.com\/wp-content\/uploads\/2022\/03\/multi-grain-thresher-16x12.webp 16w\" sizes=\"auto, (max-width: 720px) 100vw, 720px\" \/><\/figure><div class=\"wp-block-media-text__content\"> <ul class=\"wp-block-list\"> <li>Alimente o gr\u00e3o na <strong>debulhador multi gr\u00e3os<\/strong> atrav\u00e9s da entrada.<\/li>    <li>O gr\u00e3o entra na c\u00e2mara de debulha e \u00e9 impactado pelo <strong>cilindro de martelos de alta velocidade em rota\u00e7\u00e3o<\/strong>, que quebra e debulha o material.<\/li>    <li>Os gr\u00e3os debulhados passam pelo <strong>buracos na peneira<\/strong>, onde os gr\u00e3os e res\u00edduos s\u00e3o separados de acordo com o tamanho.<\/li>    <li>Os gr\u00e3os limpos e as impurezas s\u00e3o descarregados <strong>de diferentes sa\u00eddas<\/strong>, completando o processo de debulha e separa\u00e7\u00e3o.<\/li> <\/ul> <\/div><\/div>    <h2 class=\"wp-block-heading\"><strong>Par\u00e2metros t\u00e9cnicos do debulhador de gr\u00e3os \u00e0 venda<\/strong><\/h2>    <figure class=\"wp-block-table\"><table><tbody><tr><td>Modelo&nbsp;<\/td><td>MT-860&nbsp;<\/td><td>MT-1200&nbsp;<\/td><\/tr><tr><td>Capacidade&nbsp;<\/td><td>1,5-2T\/H<\/td><td>3t\/h\u00a0<\/td><\/tr><tr><td>Tamanho<\/td><td>1150*860*1160mm<\/td><td>2100*1700*1400mm<\/td><\/tr><tr><td>Taxa de debulha&nbsp;<\/td><td>98%&nbsp;<\/td><td>98%&nbsp;<\/td><\/tr><tr><td>Roda&nbsp;<\/td><td>Quatro&nbsp;<\/td><td>Seis&nbsp;<\/td><\/tr><tr><td>Peso<\/td><td>112kg<\/td><td>200kg<\/td><\/tr><tr><td>Poder<\/td><td>motor a gasolina<\/td><td>Motor diesel 10-12HP&nbsp;<\/td><\/tr><\/tbody><\/table><figcaption class=\"wp-element-caption\">sorghum thresher&#8217;s parameters<\/figcaption><\/figure>    <h2 class=\"wp-block-heading\"><strong>Vantagens do descascador de milho motorizado<\/strong><strong><\/strong><\/h2>    <div class=\"wp-block-media-text is-stacked-on-mobile\"><figure class=\"wp-block-media-text__media\"><img loading=\"lazy\" decoding=\"async\" width=\"720\" height=\"540\" src=\"https:\/\/taizyfarmequipment.com\/wp-content\/uploads\/2022\/03\/stock-of-the-thresher1.jpg\" alt=\"estoque da debulhadora\" class=\"wp-image-3103 size-full\"\/><\/figure><div class=\"wp-block-media-text__content\"> <ul class=\"wp-block-list\"> <li><strong>Alta efici\u00eancia de trabalho:<\/strong> Capacidade de processamento atinge <strong>1,5\u20132 T\/H ou at\u00e9 3 T\/H<\/strong>, adequado para opera\u00e7\u00e3o cont\u00ednua.<\/li>    <li><strong>Opera\u00e7\u00e3o totalmente autom\u00e1tica:<\/strong> Assim que o gr\u00e3o \u00e9 alimentado na m\u00e1quina, a debulha e a remo\u00e7\u00e3o de impurezas s\u00e3o conclu\u00eddas automaticamente, sem interven\u00e7\u00e3o manual.<\/li>    <li><strong>F\u00e1cil de operar:<\/strong> Basta ligar a debulhadora de m\u00faltiplos gr\u00e3os e alimentar o gr\u00e3o; n\u00e3o s\u00e3o necess\u00e1rias ajustagens complexas.<\/li> <\/ul> <\/div><\/div>    <div class=\"wp-block-media-text has-media-on-the-right is-stacked-on-mobile\"><div class=\"wp-block-media-text__content\"> <ul class=\"wp-block-list\"> <li><strong>Economiza tempo e energia:<\/strong> Todo o processo pode ser realizado por <strong>um operador<\/strong>, com uma efici\u00eancia muito superior \u00e0 debulha manual tradicional.<\/li>    <li><strong>Aplica\u00e7\u00e3o multifuncional:<\/strong> Uma m\u00e1quina capaz de debulhar <strong>quatro diferentes gr\u00e3os<\/strong>, incluindo milho, millet, sorgo e soja.<\/li>    <li><strong>Produto final limpo e acabado:<\/strong> A m\u00e1quina separa eficazmente os gr\u00e3os das impurezas, garantindo um produto final limpo e de alta qualidade.<\/li> <\/ul> <\/div><figure class=\"wp-block-media-text__media\"><img loading=\"lazy\" decoding=\"async\" width=\"720\" height=\"540\" src=\"https:\/\/taizyfarmequipment.com\/wp-content\/uploads\/2022\/03\/corn-thresher.webp\" alt=\"debulhador de milho\" class=\"wp-image-5002 size-full\" srcset=\"https:\/\/taizyfarmequipment.com\/wp-content\/uploads\/2022\/03\/corn-thresher.webp 720w, https:\/\/taizyfarmequipment.com\/wp-content\/uploads\/2022\/03\/corn-thresher-300x225.webp 300w, https:\/\/taizyfarmequipment.com\/wp-content\/uploads\/2022\/03\/corn-thresher-16x12.webp 16w\" sizes=\"auto, (max-width: 720px) 100vw, 720px\" \/><\/figure><\/div>    <h2 class=\"wp-block-heading\">Perguntas frequentes sobre o debulhador de m\u00faltiplos gr\u00e3os<\/h2>   <div id=\"rank-math-faq\" class=\"rank-math-block\"> <div class=\"rank-math-list\"> <div id=\"faq-question-1766482155545\" class=\"rank-math-list-item\"> <h3 class=\"rank-math-question\">Como debulhar diferentes culturas?<\/h3> <div class=\"rank-math-answer\">  <p>Para ajustar a m\u00e1quina a diferentes gr\u00e3os, basta abrir a tampa superior e substituir a tela de acordo com o tamanho do gr\u00e3o. Ao debulhar milho, os quatro eixos internos devem ser removidos para acomodar melhor os gr\u00e3os maiores e garantir uma opera\u00e7\u00e3o suave e eficiente.<\/p>  <\/div> <\/div> <div id=\"faq-question-1766482274992\" class=\"rank-math-list-item\"> <h3 class=\"rank-math-question\">\u00c9 f\u00e1cil de mover?<\/h3> <div class=\"rank-math-answer\">  <p>Roda + al\u00e7a de empurrar, f\u00e1cil de mover.<\/p>  <\/div> <\/div> <div id=\"faq-question-1766482288276\" class=\"rank-math-list-item\"> <h3 class=\"rank-math-question\">Para que culturas o debulhador de m\u00faltiplos gr\u00e3os pode ser usado?<\/h3> <div class=\"rank-math-answer\">  <p>Milho, trigo, soja, sorgo, etc.<\/p>  <\/div> <\/div> <div id=\"faq-question-1766482299155\" class=\"rank-math-list-item\"> <h3 class=\"rank-math-question\">Motiva\u00e7\u00e3o?<\/h3> <div class=\"rank-math-answer\">  <p>Motor 2,2-3kw, motor diesel 6-8Hp, motor a gasolina 170F.<\/p>  <\/div> <\/div> <div id=\"faq-question-1766482313562\" class=\"rank-math-list-item\"> <h3 class=\"rank-math-question\">Rendimento, taxa de debulha?<\/h3> <div class=\"rank-math-answer\">  <p>1,5-2t\/h; 98%<\/p>  <\/div> <\/div> <\/div> <\/div>   <figure class=\"wp-block-gallery has-nested-images columns-default is-cropped wp-block-gallery-4 is-layout-flex wp-block-gallery-is-layout-flex\"> <figure class=\"wp-block-image size-large\"><img loading=\"lazy\" decoding=\"async\" width=\"720\" height=\"540\" data-id=\"5003\" src=\"https:\/\/taizyfarmequipment.com\/wp-content\/uploads\/2022\/03\/grain-threshing-machine.webp\" alt=\"debulhadora de gr\u00e3os\" class=\"wp-image-5003\" srcset=\"https:\/\/taizyfarmequipment.com\/wp-content\/uploads\/2022\/03\/grain-threshing-machine.webp 720w, https:\/\/taizyfarmequipment.com\/wp-content\/uploads\/2022\/03\/grain-threshing-machine-300x225.webp 300w, https:\/\/taizyfarmequipment.com\/wp-content\/uploads\/2022\/03\/grain-threshing-machine-16x12.webp 16w\" sizes=\"auto, (max-width: 720px) 100vw, 720px\" \/><figcaption class=\"wp-element-caption\">debulhadora de gr\u00e3os<\/figcaption><\/figure>    <figure class=\"wp-block-image size-large\"><img loading=\"lazy\" decoding=\"async\" width=\"720\" height=\"540\" data-id=\"5004\" src=\"https:\/\/taizyfarmequipment.com\/wp-content\/uploads\/2022\/03\/multi-grain-thresher-price.webp\" alt=\"pre\u00e7o do debulhador de m\u00faltiplos gr\u00e3os\" class=\"wp-image-5004\" srcset=\"https:\/\/taizyfarmequipment.com\/wp-content\/uploads\/2022\/03\/multi-grain-thresher-price.webp 720w, https:\/\/taizyfarmequipment.com\/wp-content\/uploads\/2022\/03\/multi-grain-thresher-price-300x225.webp 300w, https:\/\/taizyfarmequipment.com\/wp-content\/uploads\/2022\/03\/multi-grain-thresher-price-16x12.webp 16w\" sizes=\"auto, (max-width: 720px) 100vw, 720px\" \/><figcaption class=\"wp-element-caption\">pre\u00e7o do debulhador de m\u00faltiplos gr\u00e3os<\/figcaption><\/figure> <\/figure>    <h2 class=\"wp-block-heading\"><strong>Debulhador industrial de sorgo vendido ao Burkina Faso<\/strong><\/h2>    <p class=\"translation-block\">Na semana passada, o nosso gerente de vendas recebeu uma RFQ do Alibaba e comunicou inicialmente com o cliente por email, depois via WhatsApp. O cliente solicitou uma debulhadora de m\u00faltiplos gr\u00e3os a gasolina, um <a href=\"https:\/\/taizyfarmequipment.com\/pt\/produto\/trator-de-caminhada-2\/\" data-type=\"link\" data-id=\"https:\/\/taizyfarmequipment.com\/product\/walking-tractor-2\/\">trator de trac\u00e7\u00e3o<\/a>, um plantador de milho e uma ara\u00e7\u00e3o de disco. Ap\u00f3s confirmar todos os requisitos, o nosso vendedor forneceu prontamente uma cota\u00e7\u00e3o. <\/p>    <p>A principal preocupa\u00e7\u00e3o do cliente era se os manuais de instru\u00e7\u00f5es estavam dispon\u00edveis em franc\u00eas. Embora os nossos manuais sejam normalmente em ingl\u00eas, oferecemos tradu\u00e7\u00f5es em franc\u00eas, o que resolveu a quest\u00e3o. Como resultado, o cliente efetuou a encomenda com sucesso. Abaixo, fotos da embalagem e do envio.<\/p>    <figure class=\"wp-block-gallery has-nested-images columns-2 is-cropped wp-block-gallery-5 is-layout-flex wp-block-gallery-is-layout-flex\"> <figure class=\"wp-block-image size-large\"><img loading=\"lazy\" decoding=\"async\" width=\"720\" height=\"540\" data-id=\"3105\" src=\"https:\/\/taizyfarmequipment.com\/wp-content\/uploads\/2022\/03\/small-scale-grain-thresher1.jpg\" alt=\"debulhador de gr\u00e3os em pequena escala\" class=\"wp-image-3105\" title=\"debulhador de gr\u00e3os em pequena escala\"\/><figcaption class=\"wp-element-caption\">debulhador de gr\u00e3os em pequena escala<\/figcaption><\/figure>    <figure class=\"wp-block-image size-large\"><img loading=\"lazy\" decoding=\"async\" width=\"720\" height=\"540\" data-id=\"3106\" src=\"https:\/\/taizyfarmequipment.com\/wp-content\/uploads\/2022\/03\/portable-maize-sheller1.jpg\" alt=\"descascador de milho port\u00e1til\" class=\"wp-image-3106\" title=\"descascador de milho port\u00e1til\"\/><figcaption class=\"wp-element-caption\">descascador de milho port\u00e1til<\/figcaption><\/figure>    <figure class=\"wp-block-image size-large\"><img loading=\"lazy\" decoding=\"async\" width=\"720\" height=\"540\" data-id=\"3107\" src=\"https:\/\/taizyfarmequipment.com\/wp-content\/uploads\/2022\/03\/homemade-corn-thresher1.jpg\" alt=\"debulhador de milho caseiro\" class=\"wp-image-3107\" title=\"debulhador de milho caseiro\"\/><figcaption class=\"wp-element-caption\">debulhador de milho caseiro<\/figcaption><\/figure>    <figure class=\"wp-block-image size-large\"><img loading=\"lazy\" decoding=\"async\" width=\"720\" height=\"540\" data-id=\"3108\" src=\"https:\/\/taizyfarmequipment.com\/wp-content\/uploads\/2022\/03\/small-grain-thresher-for-sale1.jpg\" alt=\"debulhador de gr\u00e3os pequenos para venda\" class=\"wp-image-3108\" title=\"debulhador de gr\u00e3os pequenos para venda\"\/><figcaption class=\"wp-element-caption\">debulhador de gr\u00e3os pequenos para venda<\/figcaption><\/figure> <figcaption class=\"blocks-gallery-caption wp-element-caption\">embalagem e envio de debulhador de sorgo industrial<\/figcaption><\/figure>    <h2 class=\"wp-block-heading\">Conclus\u00e3o<\/h2>    <p class=\"translation-block\">Resumindo, esta  debulhadora de m\u00faltiplos gr\u00e3os  destaca-se pela sua alta efici\u00eancia, ampla adaptabilidade a diferentes culturas e desempenho est\u00e1vel. Pode debulhar rapidamente v\u00e1rias culturas como milho, arroz e trigo, reduzindo significativamente os custos de m\u00e3o-de-obra e tempo. <\/p>    <p>A m\u00e1quina suporta uma op\u00e7\u00e3o a gasolina, tornando-a adequada para diferentes ambientes de trabalho, e apresenta opera\u00e7\u00e3o f\u00e1cil e manuten\u00e7\u00e3o conveniente. Al\u00e9m disso, oferecemos manuais de instru\u00e7\u00f5es multil\u00edngues e servi\u00e7os personalizados de acordo com as necessidades do cliente, garantindo uma instala\u00e7\u00e3o e uso suaves. <\/p>    <p>Se procura uma solu\u00e7\u00e3o de debulha de m\u00faltiplos gr\u00e3os fi\u00e1vel, pr\u00e1tica e econ\u00f3mica, n\u00e3o hesite em contactar-nos para uma cota\u00e7\u00e3o e consulta detalhada.<\/p>","protected":false},"excerpt":{"rendered":"<p>A m\u00e1quina de debulhar multigr\u00e3os \u00e9 uma m\u00e1quina de processamento agr\u00edcola vers\u00e1til para debulhar uma vasta gama de cereais e leguminosas, incluindo milho, millet, sorgo e soja. <\/p>","protected":false},"author":1,"featured_media":3096,"parent":0,"template":"","tags":[],"product-type":[129],"class_list":["post-3095","product","type-product","status-publish","has-post-thumbnail","hentry","product-type-thresher-and-sheller"],"_links":{"self":[{"href":"https:\/\/taizyfarmequipment.com\/pt\/wp-json\/wp\/v2\/product\/3095","targetHints":{"allow":["GET"]}}],"collection":[{"href":"https:\/\/taizyfarmequipment.com\/pt\/wp-json\/wp\/v2\/product"}],"about":[{"href":"https:\/\/taizyfarmequipment.com\/pt\/wp-json\/wp\/v2\/types\/product"}],"author":[{"embeddable":true,"href":"https:\/\/taizyfarmequipment.com\/pt\/wp-json\/wp\/v2\/users\/1"}],"wp:featuredmedia":[{"embeddable":true,"href":"https:\/\/taizyfarmequipment.com\/pt\/wp-json\/wp\/v2\/media\/3096"}],"wp:attachment":[{"href":"https:\/\/taizyfarmequipment.com\/pt\/wp-json\/wp\/v2\/media?parent=3095"}],"wp:term":[{"taxonomy":"post_tag","embeddable":true,"href":"https:\/\/taizyfarmequipment.com\/pt\/wp-json\/wp\/v2\/tags?post=3095"},{"taxonomy":"product-type","embeddable":true,"href":"https:\/\/taizyfarmequipment.com\/pt\/wp-json\/wp\/v2\/product-type?post=3095"}],"curies":[{"name":"wp","href":"https:\/\/api.w.org\/{rel}","templated":true}]}}