{"id":3143,"date":"2022-04-07T08:43:57","date_gmt":"2022-04-07T08:43:57","guid":{"rendered":"https:\/\/taizyfarmequipment.com\/?post_type=product&#038;p=3143"},"modified":"2024-05-29T18:21:26","modified_gmt":"2024-05-29T10:21:26","slug":"plantador-de-milho-portatil","status":"publish","type":"product","link":"https:\/\/taizyfarmequipment.com\/pt\/product\/hand-held-corn-planter\/","title":{"rendered":"Plantador de milho port\u00e1til | Plantador manual de milho em pequena escala"},"content":{"rendered":"<div class=\"kk-star-ratings kksr-auto kksr-align-left kksr-valign-top\"     data-payload='{&quot;align&quot;:&quot;left&quot;,&quot;id&quot;:&quot;3143&quot;,&quot;slug&quot;:&quot;default&quot;,&quot;valign&quot;:&quot;top&quot;,&quot;ignore&quot;:&quot;&quot;,&quot;reference&quot;:&quot;auto&quot;,&quot;class&quot;:&quot;&quot;,&quot;count&quot;:&quot;5&quot;,&quot;legendonly&quot;:&quot;&quot;,&quot;readonly&quot;:&quot;&quot;,&quot;score&quot;:&quot;4.6&quot;,&quot;starsonly&quot;:&quot;&quot;,&quot;best&quot;:&quot;5&quot;,&quot;gap&quot;:&quot;5&quot;,&quot;greet&quot;:&quot;Rate this product&quot;,&quot;legend&quot;:&quot;4.6\\\/5 - (5 votes)&quot;,&quot;size&quot;:&quot;24&quot;,&quot;title&quot;:&quot;Hand held corn planter | Small scale manual corn planter&quot;,&quot;width&quot;:&quot;130.9&quot;,&quot;_legend&quot;:&quot;{score}\\\/{best} - ({count} {votes})&quot;,&quot;font_factor&quot;:&quot;1.25&quot;}'>              <div class=\"kksr-stars\">      <div class=\"kksr-stars-inactive\">             <div class=\"kksr-star\" data-star=\"1\" style=\"padding-right: 5px\">               <div class=\"kksr-icon\" style=\"width: 24px; height: 24px;\"><\/div>         <\/div>             <div class=\"kksr-star\" data-star=\"2\" style=\"padding-right: 5px\">               <div class=\"kksr-icon\" style=\"width: 24px; height: 24px;\"><\/div>         <\/div>             <div class=\"kksr-star\" data-star=\"3\" style=\"padding-right: 5px\">               <div class=\"kksr-icon\" style=\"width: 24px; height: 24px;\"><\/div>         <\/div>             <div class=\"kksr-star\" data-star=\"4\" style=\"padding-right: 5px\">               <div class=\"kksr-icon\" style=\"width: 24px; height: 24px;\"><\/div>         <\/div>             <div class=\"kksr-star\" data-star=\"5\" style=\"padding-right: 5px\">               <div class=\"kksr-icon\" style=\"width: 24px; height: 24px;\"><\/div>         <\/div>     <\/div>      <div class=\"kksr-stars-active\" style=\"width: 130.9px;\">             <div class=\"kksr-star\" style=\"padding-right: 5px\">               <div class=\"kksr-icon\" style=\"width: 24px; height: 24px;\"><\/div>         <\/div>             <div class=\"kksr-star\" style=\"padding-right: 5px\">               <div class=\"kksr-icon\" style=\"width: 24px; height: 24px;\"><\/div>         <\/div>             <div class=\"kksr-star\" style=\"padding-right: 5px\">               <div class=\"kksr-icon\" style=\"width: 24px; height: 24px;\"><\/div>         <\/div>             <div class=\"kksr-star\" style=\"padding-right: 5px\">               <div class=\"kksr-icon\" style=\"width: 24px; height: 24px;\"><\/div>         <\/div>             <div class=\"kksr-star\" style=\"padding-right: 5px\">               <div class=\"kksr-icon\" style=\"width: 24px; height: 24px;\"><\/div>         <\/div>     <\/div> <\/div>                   <div class=\"kksr-legend\" style=\"font-size: 19.2px;\">             4,6\/5 - (5 votos)    <\/div>     <\/div>  <p>O plantador de milho port\u00e1til \u00e9 a escolha perfeita para o plantio de milho. Sua tecnologia de semeadura precisa garante o posicionamento preciso de cada semente, maximizando o rendimento da colheita. <\/p>    <p>A m\u00e1quina de plantio de milho \u00e9 f\u00e1cil de operar, port\u00e1til e adequada para agricultores em larga escala e produtores de pequena escala. Seja voc\u00ea um iniciante ou um plantador experiente, nosso plantador de milho de m\u00e3o ser\u00e1 seu assistente confi\u00e1vel no plantio de tarefas.<\/p>    <p>Al\u00e9m de semear milho, a m\u00e1quina tamb\u00e9m pode semear trigo, soja, sorgo e outras sementes. Al\u00e9m disso, voc\u00ea tamb\u00e9m pode fertilizar. Pode atender \u00e0s necessidades di\u00e1rias de semeadura das pessoas e fornecer conveni\u00eancia aos agricultores.<\/p>    <figure class=\"wp-block-image size-full\"><img loading=\"lazy\" decoding=\"async\" width=\"720\" height=\"540\" src=\"https:\/\/taizyfarmequipment.com\/wp-content\/uploads\/2022\/04\/suitable-materials-of-maize-planting-machine.webp\" alt=\"materiais adequados de m\u00e1quina de plantio de milho\" class=\"wp-image-4523\" srcset=\"https:\/\/taizyfarmequipment.com\/wp-content\/uploads\/2022\/04\/suitable-materials-of-maize-planting-machine.webp 720w, https:\/\/taizyfarmequipment.com\/wp-content\/uploads\/2022\/04\/suitable-materials-of-maize-planting-machine-300x225.webp 300w, https:\/\/taizyfarmequipment.com\/wp-content\/uploads\/2022\/04\/suitable-materials-of-maize-planting-machine-16x12.webp 16w\" sizes=\"auto, (max-width: 720px) 100vw, 720px\" \/><figcaption class=\"wp-element-caption\">materiais adequados de m\u00e1quina de plantio de milho<\/figcaption><\/figure>    <h2 class=\"wp-block-heading\" id=\"h-what-is-hand-held-corn-planter\">O que \u00e9 o plantador de milho port\u00e1til?<\/h2>    <p>Nossa Taizy, como fabricante e fornecedora de m\u00e1quinas agr\u00edcolas, possui diversos formatos de plantadores de milho. Isso inclui plantadores de milho manuais, dispon\u00edveis em tr\u00eas modelos diferentes. Diferentes modelos diferem em fun\u00e7\u00e3o e apar\u00eancia. Este artigo apresenta principalmente tr\u00eas modelos de plantadores de milho manuais. Todos os tr\u00eas tipos de plantadores podem semear sementes e fertilizantes diferentes. <\/p>    <p class=\"translation-block\">S\u00e3o de tamanho pequeno e f\u00e1ceis de operar. Al\u00e9m disso, conseguem completar m\u00faltiplas a\u00e7\u00f5es ao mesmo tempo, como sulcagem, semeadura e compacta\u00e7\u00e3o do solo. Alguns modelos tamb\u00e9m permitem ajustar o espa\u00e7amento entre plantas, e os clientes podem ajust\u00e1-lo conforme as suas necessidades. Al\u00e9m disso, tamb\u00e9m temos semeadora de milho accionada por trator <a href=\"https:\/\/taizyfarmequipment.com\/pt\/produto\/plantador-de-milho-de-4-linhas\/\">semeadora de milho<\/a> e <a href=\"https:\/\/taizyfarmequipment.com\/pt\/produto\/plantador-de-amendoim-de-4-fileiras\/\" data-type=\"link\" data-id=\"https:\/\/taizyfarmequipment.com\/product\/4-row-peanut-planter\/\">plantadora de amendoim<\/a>.<\/p>    <figure class=\"wp-block-gallery has-nested-images columns-2 is-cropped wp-block-gallery-2 is-layout-flex wp-block-gallery-is-layout-flex\"> <figure class=\"wp-block-image size-large\"><img loading=\"lazy\" decoding=\"async\" width=\"720\" height=\"540\" data-id=\"3145\" src=\"https:\/\/taizyfarmequipment.com\/wp-content\/uploads\/2022\/04\/corn-planter1.jpg\" alt=\"plantador de milho\" class=\"wp-image-3145\" title=\"plantador de milho\"\/><figcaption class=\"wp-element-caption\">plantador de milho<\/figcaption><\/figure>    <figure class=\"wp-block-image size-large\"><img loading=\"lazy\" decoding=\"async\" width=\"720\" height=\"540\" data-id=\"3146\" src=\"https:\/\/taizyfarmequipment.com\/wp-content\/uploads\/2022\/04\/small-scale-corn-planter-1.jpg\" alt=\" plantador de milho em pequena escala\" class=\"wp-image-3146\" title=\" plantador de milho em pequena escala\"\/><figcaption class=\"wp-element-caption\"> plantador de milho em pequena escala<\/figcaption><\/figure>    <figure class=\"wp-block-image size-large\"><img loading=\"lazy\" decoding=\"async\" width=\"720\" height=\"540\" data-id=\"3147\" src=\"https:\/\/taizyfarmequipment.com\/wp-content\/uploads\/2022\/04\/small-corn-bean-planter1.jpg\" alt=\"plantador de feij\u00e3o pequeno\" class=\"wp-image-3147\" title=\"plantador de feij\u00e3o pequeno\"\/><figcaption class=\"wp-element-caption\">plantador de feij\u00e3o pequeno<\/figcaption><\/figure>    <figure class=\"wp-block-image size-large\"><img loading=\"lazy\" decoding=\"async\" width=\"720\" height=\"540\" data-id=\"3148\" src=\"https:\/\/taizyfarmequipment.com\/wp-content\/uploads\/2022\/04\/grain-seeder1.jpg\" alt=\"semeador de gr\u00e3os\" class=\"wp-image-3148\" title=\"semeador de gr\u00e3os\"\/><figcaption class=\"wp-element-caption\">semeador de gr\u00e3os<\/figcaption><\/figure> <\/figure>    <h2 class=\"wp-block-heading\">Que sementes o plantador de milho em pequena escala pode semear?<\/h2>    <p>A plantadeira de milho port\u00e1til de pequena escala pode semear trigo, milho, amendoim, soja, feij\u00e3o vermelho, milho, sorgo, colza, etc. Portanto, n\u00e3o se limita a semear uma \u00fanica semente, o que incorpora a versatilidade da m\u00e1quina. Estas m\u00e1quinas s\u00e3o adequadas para todas as culturas em campos secos.<\/p>    <figure class=\"wp-block-image size-full\"><img loading=\"lazy\" decoding=\"async\" width=\"720\" height=\"540\" src=\"https:\/\/taizyfarmequipment.com\/wp-content\/uploads\/2022\/04\/small-corn-planter-supplier.webp\" alt=\"fornecedor de plantador de milho pequeno\" class=\"wp-image-4528\" srcset=\"https:\/\/taizyfarmequipment.com\/wp-content\/uploads\/2022\/04\/small-corn-planter-supplier.webp 720w, https:\/\/taizyfarmequipment.com\/wp-content\/uploads\/2022\/04\/small-corn-planter-supplier-300x225.webp 300w, https:\/\/taizyfarmequipment.com\/wp-content\/uploads\/2022\/04\/small-corn-planter-supplier-16x12.webp 16w\" sizes=\"auto, (max-width: 720px) 100vw, 720px\" \/><figcaption class=\"wp-element-caption\">fornecedor de plantador de milho pequeno<\/figcaption><\/figure>    <h2 class=\"wp-block-heading\">Modelo 1: Plantadora manual de milho e soja<\/h2>    <p>Este tipo de plantadeira de milho port\u00e1til possui estrutura simples e fun\u00e7\u00f5es completas. E 1 a 2 pessoas podem operar esta semeadora de milho. Portanto, \u00e9 mais econ\u00f4mico operar 2 pessoas, com uma pessoa puxando na frente e a outra empurrando atr\u00e1s. <\/p>    <p>A m\u00e1quina plantadora de milho port\u00e1til pode completar a vala, semear sementes durante a vala e, em seguida, cobrir o solo para suprimir o solo. E se a plantadeira de milho port\u00e1til for usada para semear sementes de milho, geralmente \u00e9 uma ninhada de duas sementes. O n\u00famero de sementes varia de semente para semente.<\/p>    <figure class=\"wp-block-image size-full is-resized\"><img loading=\"lazy\" decoding=\"async\" width=\"720\" height=\"540\" src=\"https:\/\/taizyfarmequipment.com\/wp-content\/uploads\/2022\/04\/walk-behind-corn-planter1.jpg\" alt=\"plantador de milho para andar atr\u00e1s\" class=\"wp-image-3149\" style=\"width:716px;height:536px\" title=\"plantador de milho para andar atr\u00e1s\"\/><figcaption class=\"wp-element-caption\">plantador de milho para andar atr\u00e1s<\/figcaption><\/figure>    <h3 class=\"wp-block-heading\">Estrutura da semeadora manual de milho<\/h3>    <p>A plantadeira de milho port\u00e1til consiste em caixa de sementes, rodas, al\u00e7a, abridor, roda de prensa de solo e assim por diante. A m\u00e1quina \u00e9 leve, pequena em tamanho e ocupa uma pequena \u00e1rea.<\/p>    <figure class=\"wp-block-image size-full\"><img loading=\"lazy\" decoding=\"async\" width=\"720\" height=\"540\" src=\"https:\/\/taizyfarmequipment.com\/wp-content\/uploads\/2022\/04\/manual-corn-seeder-structure-1.jpg\" alt=\"estrutura semeadora manual de milho\" class=\"wp-image-3150\" title=\"estrutura semeadora manual de milho\"\/><figcaption class=\"wp-element-caption\">estrutura semeadora manual de milho<\/figcaption><\/figure>    <h2 class=\"wp-block-heading\">Modelo 2: Plantador port\u00e1til de trigo e milho<\/h2>    <p class=\"translation-block\">Esta <a href=\"https:\/\/en.wikipedia.org\/wiki\/Planter\" data-type=\"link\" data-id=\"https:\/\/en.wikipedia.org\/wiki\/Planter\" target=\"_blank\" rel=\"noopener\">plantadora<\/a> port\u00e1til \u00e9 mais leve e a sec\u00e7\u00e3o de semeadura assemelha-se a um rolo. E esta plantadora de milho de empurrar a p\u00e9 pode ser operada por uma pessoa. N\u00e3o \u00e9 necess\u00e1rio rebocar a m\u00e1quina. Al\u00e9m disso, a m\u00e1quina pode ajustar o espa\u00e7amento entre plantas, e os clientes podem ajust\u00e1-lo de acordo com as necessidades de diferentes sementes. <\/p>    <p>Caso seja necess\u00e1rio trocar sementes para semeadura, ser\u00e1 necess\u00e1rio recolocar a caixa de sementes dentro da roda de sementes. E forneceremos aos clientes caixas de sementes completas. Assim, pode atender \u00e0s necessidades de semear a maioria das sementes. Os clientes podem colocar areia ou pedras na roda de compacta\u00e7\u00e3o da m\u00e1quina para compactar o solo ap\u00f3s a semeadura.<\/p>    <figure class=\"wp-block-image size-full is-resized\"><img loading=\"lazy\" decoding=\"async\" width=\"720\" height=\"540\" src=\"https:\/\/taizyfarmequipment.com\/wp-content\/uploads\/2022\/04\/hand-held-wheat-planter1.jpg\" alt=\"plantador de trigo port\u00e1til\" class=\"wp-image-3151\" style=\"width:720px;height:540px\" title=\"plantador de trigo port\u00e1til\"\/><figcaption class=\"wp-element-caption\">plantador de trigo port\u00e1til<\/figcaption><\/figure>    <h3 class=\"wp-block-heading\">Qual a estrutura da pequena plantadeira de milho?&nbsp;<\/h3>    <p>Este pequeno plantador de milho port\u00e1til tem principalmente uma al\u00e7a, plantador, pincel, bico de pato e roda de repress\u00e3o coberta de solo.<\/p>    <figure class=\"wp-block-image size-full is-resized\"><img loading=\"lazy\" decoding=\"async\" width=\"720\" height=\"540\" src=\"https:\/\/taizyfarmequipment.com\/wp-content\/uploads\/2022\/04\/small-corn-planter1.jpg\" alt=\"plantador de milho pequeno\" class=\"wp-image-3152\" style=\"width:720px;height:540px\" title=\"plantador de milho pequeno\"\/><figcaption class=\"wp-element-caption\">plantador de milho pequeno<\/figcaption><\/figure>    <h2 class=\"wp-block-heading\">Modelo 3: plantador manual de sementes movido a gasolina<\/h2>    <p>Este plantador de milho port\u00e1til \u00e9 movido por um motor a gasolina. Assim a semeadura ser\u00e1 mais eficiente. A m\u00e1quina pode ser operada por uma pessoa. <\/p>    <p>Ligue a m\u00e1quina e o motor a gasolina aciona as rodas dianteiras para avan\u00e7ar e, em seguida, aciona a valetadeira e a pe\u00e7a de semeadura para avan\u00e7ar. E finalmente, a roda de cobertura do solo \u00e9 usada para cobrir o solo.<\/p>    <figure class=\"wp-block-image size-full\"><img loading=\"lazy\" decoding=\"async\" width=\"720\" height=\"540\" src=\"https:\/\/taizyfarmequipment.com\/wp-content\/uploads\/2022\/04\/hand-seed-planter1.jpg\" alt=\"plantador de sementes manual\" class=\"wp-image-3153\" title=\"plantador de sementes manual\"\/><figcaption class=\"wp-element-caption\">plantador de sementes manual<\/figcaption><\/figure>    <h3 class=\"wp-block-heading\">Que tal a estrutura da plantadeira de milho manual?<\/h3>    <p>A plantadeira de milho port\u00e1til possui corrim\u00e3os, rodas, molas, dispositivos de semeadura, valas, motores a gasolina, rodas para cobertura de solo, etc.<\/p>    <figure class=\"wp-block-image size-full\"><img loading=\"lazy\" decoding=\"async\" width=\"720\" height=\"540\" src=\"https:\/\/taizyfarmequipment.com\/wp-content\/uploads\/2022\/04\/small-farm-corn-planter1.jpg\" alt=\"plantador de milho para pequena fazenda\" class=\"wp-image-3154\" title=\"plantador de milho para pequena fazenda\"\/><figcaption class=\"wp-element-caption\">plantador de milho para pequena fazenda<\/figcaption><\/figure>    <h2 class=\"wp-block-heading\">Quais s\u00e3o as vantagens dos pequenos plantadores de milho?<\/h2>    <ul class=\"wp-block-list\"> <li>A qualidade da plantadeira de milho port\u00e1til \u00e9 boa. Todas as pe\u00e7as da m\u00e1quina s\u00e3o feitas de pe\u00e7as de alta qualidade e a m\u00e1quina \u00e9 leve e dur\u00e1vel.<\/li>    <li>Fun\u00e7\u00e3o poderosa da m\u00e1quina. Al\u00e9m de semear milho, os plantadores de milho podem semear muitas outras sementes. Tamb\u00e9m pode ser usado para fertiliza\u00e7\u00e3o. No entanto, deve-se notar que fertilizantes e sementes n\u00e3o podem ser semeados juntos.<\/li>    <li>Em compara\u00e7\u00e3o com a semeadura manual, a efici\u00eancia da semeadura usando esta pequena plantadeira de milho ser\u00e1 muito melhorada. Essas caminhadas em fileira \u00fanica atr\u00e1s dos plantadores de milho s\u00e3o f\u00e1ceis de operar e podem ser aprendidas em minutos.<\/li>    <li>O espa\u00e7amento entre plantas e a profundidade de semeadura dessas plantadeiras de milho manuais podem ser ajustados. Portanto, essas m\u00e1quinas s\u00e3o mais flex\u00edveis. Pode atender \u00e0s necessidades das pessoas de semear uma variedade de sementes. E os clientes podem ajustar de acordo com sua situa\u00e7\u00e3o.<\/li> <\/ul>    <figure class=\"wp-block-image size-full\"><img loading=\"lazy\" decoding=\"async\" width=\"720\" height=\"540\" src=\"https:\/\/taizyfarmequipment.com\/wp-content\/uploads\/2022\/04\/corn-planting-machine.webp\" alt=\"m\u00e1quina de plantar milho\" class=\"wp-image-4524\" srcset=\"https:\/\/taizyfarmequipment.com\/wp-content\/uploads\/2022\/04\/corn-planting-machine.webp 720w, https:\/\/taizyfarmequipment.com\/wp-content\/uploads\/2022\/04\/corn-planting-machine-300x225.webp 300w, https:\/\/taizyfarmequipment.com\/wp-content\/uploads\/2022\/04\/corn-planting-machine-16x12.webp 16w\" sizes=\"auto, (max-width: 720px) 100vw, 720px\" \/><figcaption class=\"wp-element-caption\">m\u00e1quina de plantar milho<\/figcaption><\/figure>    <h2 class=\"wp-block-heading\">Por que escolher o plantador de milho de Walk-Behind de Taizy?<\/h2>    <ol class=\"wp-block-list\"> <li>Recomendamos m\u00e1quinas adequadas de acordo com as necessidades espec\u00edficas dos clientes. Tamb\u00e9m podemos personalizar a m\u00e1quina para atender \u00e0s necessidades especiais dos clientes.<\/li>    <li>Servi\u00e7o abrangente. Antes da venda, nos comunicaremos totalmente com os clientes para entender suas necessidades e recomendar m\u00e1quinas adequadas aos clientes. Apoiamos uma variedade de m\u00e9todos de pagamento durante a venda. Ap\u00f3s receber o dep\u00f3sito, controlaremos rigorosamente todo o processo de produ\u00e7\u00e3o da m\u00e1quina. Ap\u00f3s a venda, embalaremos cuidadosamente a m\u00e1quina para providenciar o transporte. Caso o cliente tenha algum problema no processo de utiliza\u00e7\u00e3o da m\u00e1quina, forneceremos ao cliente servi\u00e7os online ou offline.<\/li>    <li>Todas as m\u00e1quinas s\u00e3o feitas de materiais de alta qualidade e s\u00e3o dur\u00e1veis. Temos mais de 10 anos de experi\u00eancia em exporta\u00e7\u00e3o. Foi exportado para muitos pa\u00edses e agora tem coopera\u00e7\u00e3o de longo prazo com muitos pa\u00edses.<\/li> <\/ol>    <figure class=\"wp-block-gallery has-nested-images columns-default is-cropped wp-block-gallery-3 is-layout-flex wp-block-gallery-is-layout-flex\"> <figure class=\"wp-block-image size-large\"><img loading=\"lazy\" decoding=\"async\" width=\"720\" height=\"540\" data-id=\"4525\" src=\"https:\/\/taizyfarmequipment.com\/wp-content\/uploads\/2022\/04\/details-of-Hand-held-corn-planter.webp\" alt=\"detalhes do plantador de milho port\u00e1til\" class=\"wp-image-4525\" srcset=\"https:\/\/taizyfarmequipment.com\/wp-content\/uploads\/2022\/04\/details-of-Hand-held-corn-planter.webp 720w, https:\/\/taizyfarmequipment.com\/wp-content\/uploads\/2022\/04\/details-of-Hand-held-corn-planter-300x225.webp 300w, https:\/\/taizyfarmequipment.com\/wp-content\/uploads\/2022\/04\/details-of-Hand-held-corn-planter-16x12.webp 16w\" sizes=\"auto, (max-width: 720px) 100vw, 720px\" \/><figcaption class=\"wp-element-caption\">detalhes do plantador de milho port\u00e1til<\/figcaption><\/figure>    <figure class=\"wp-block-image size-large\"><img loading=\"lazy\" decoding=\"async\" width=\"720\" height=\"540\" data-id=\"4526\" src=\"https:\/\/taizyfarmequipment.com\/wp-content\/uploads\/2022\/04\/Hand-held-corn-planter-for-sale.webp\" alt=\"Vendo plantador de milho port\u00e1til\" class=\"wp-image-4526\" srcset=\"https:\/\/taizyfarmequipment.com\/wp-content\/uploads\/2022\/04\/Hand-held-corn-planter-for-sale.webp 720w, https:\/\/taizyfarmequipment.com\/wp-content\/uploads\/2022\/04\/Hand-held-corn-planter-for-sale-300x225.webp 300w, https:\/\/taizyfarmequipment.com\/wp-content\/uploads\/2022\/04\/Hand-held-corn-planter-for-sale-16x12.webp 16w\" sizes=\"auto, (max-width: 720px) 100vw, 720px\" \/><figcaption class=\"wp-element-caption\">Vendo plantador de milho port\u00e1til<\/figcaption><\/figure> <\/figure>    <h2 class=\"wp-block-heading\">Pequena plantadeira de milho doce vendida para Gana<\/h2>    <p>Na semana passada, nosso cliente de Gana entrou em contato com nossos dados de contato no site. Ap\u00f3s comunica\u00e7\u00e3o, soubemos que o cliente queria vender 30 plantadores de milho manuais. <\/p>    <p>Depois de apresentar a m\u00e1quina ao cliente, nosso cliente precisa de dez m\u00e1quinas de cada modelo. A seguir est\u00e1 o diagrama de embalagem e entrega da m\u00e1quina.<\/p>    <figure class=\"wp-block-gallery has-nested-images columns-default is-cropped wp-block-gallery-4 is-layout-flex wp-block-gallery-is-layout-flex\"> <figure class=\"wp-block-image size-large\"><img loading=\"lazy\" decoding=\"async\" width=\"720\" height=\"540\" data-id=\"3155\" src=\"https:\/\/taizyfarmequipment.com\/wp-content\/uploads\/2022\/04\/wooden-case-packaging0.jpg\" alt=\"\" class=\"wp-image-3155\"\/><figcaption class=\"wp-element-caption\">embalagem em caixa de madeira de mini plantador de milho<\/figcaption><\/figure>    <figure class=\"wp-block-image size-large\"><img loading=\"lazy\" decoding=\"async\" width=\"720\" height=\"540\" data-id=\"3156\" src=\"https:\/\/taizyfarmequipment.com\/wp-content\/uploads\/2022\/04\/loading-and-shipping-of-small-pull-behind-corn-planter0.jpg\" alt=\"carregamento e envio de pequena plantadeira de milho puxada atr\u00e1s\" class=\"wp-image-3156\" title=\"carregamento e envio de pequena plantadeira de milho puxada atr\u00e1s\"\/><figcaption class=\"wp-element-caption\">carregamento e envio de pequena plantadeira de milho puxada atr\u00e1s<\/figcaption><\/figure> <\/figure>    <h2 class=\"wp-block-heading\">Conclus\u00e3o<\/h2>    <p>Escolha hoje mesmo nossa m\u00e1quina manual de plantar milho e experimente um novo n\u00edvel de efici\u00eancia e conveni\u00eancia em suas tarefas de plantio! Temos o compromisso de fornecer solu\u00e7\u00f5es de plantio da mais alta qualidade para garantir maior sucesso em seus empreendimentos agr\u00edcolas. <\/p>    <p class=\"translation-block\">Al\u00e9m disso, oferecemos outros equipamentos como <a href=\"https:\/\/taizyfarmequipment.com\/pt\/produto\/maquina-de-fazer-graos-de-milho\/\" data-type=\"link\" data-id=\"https:\/\/taizyfarmequipment.com\/product\/corn-grits-making-machine\/\">m\u00e1quinas para produ\u00e7\u00e3o de gr\u00e3os de milho<\/a> e <a href=\"https:\/\/taizyfarmequipment.com\/pt\/produto\/moedor-de-martelo\/\" data-type=\"link\" data-id=\"https:\/\/taizyfarmequipment.com\/product\/hammer-mill-grinder\/\">m\u00e1quinas de esmagamento de milho<\/a> para satisfazer as suas diversas necessidades de planta\u00e7\u00e3o.<\/p>    <figure class=\"wp-block-image size-full\"><img loading=\"lazy\" decoding=\"async\" width=\"720\" height=\"540\" src=\"https:\/\/taizyfarmequipment.com\/wp-content\/uploads\/2022\/04\/Hand-held-corn-planter-in-stock.webp\" alt=\"Plantador de milho port\u00e1til em estoque\" class=\"wp-image-4527\" srcset=\"https:\/\/taizyfarmequipment.com\/wp-content\/uploads\/2022\/04\/Hand-held-corn-planter-in-stock.webp 720w, https:\/\/taizyfarmequipment.com\/wp-content\/uploads\/2022\/04\/Hand-held-corn-planter-in-stock-300x225.webp 300w, https:\/\/taizyfarmequipment.com\/wp-content\/uploads\/2022\/04\/Hand-held-corn-planter-in-stock-16x12.webp 16w\" sizes=\"auto, (max-width: 720px) 100vw, 720px\" \/><figcaption class=\"wp-element-caption\">Plantador de milho port\u00e1til em estoque<\/figcaption><\/figure>","protected":false},"excerpt":{"rendered":"<p>O plantador de milho port\u00e1til \u00e9 a escolha perfeita para o plantio de milho. Sua tecnologia de semeadura precisa garante o posicionamento preciso de cada semente, maximizando o rendimento da colheita. <\/p>","protected":false},"author":1,"featured_media":3144,"parent":0,"template":"","tags":[306,307,308],"product-type":[235],"class_list":["post-3143","product","type-product","status-publish","has-post-thumbnail","hentry","tag-corn","tag-maize","tag-planter","product-type-planter"],"_links":{"self":[{"href":"https:\/\/taizyfarmequipment.com\/pt\/wp-json\/wp\/v2\/product\/3143","targetHints":{"allow":["GET"]}}],"collection":[{"href":"https:\/\/taizyfarmequipment.com\/pt\/wp-json\/wp\/v2\/product"}],"about":[{"href":"https:\/\/taizyfarmequipment.com\/pt\/wp-json\/wp\/v2\/types\/product"}],"author":[{"embeddable":true,"href":"https:\/\/taizyfarmequipment.com\/pt\/wp-json\/wp\/v2\/users\/1"}],"wp:featuredmedia":[{"embeddable":true,"href":"https:\/\/taizyfarmequipment.com\/pt\/wp-json\/wp\/v2\/media\/3144"}],"wp:attachment":[{"href":"https:\/\/taizyfarmequipment.com\/pt\/wp-json\/wp\/v2\/media?parent=3143"}],"wp:term":[{"taxonomy":"post_tag","embeddable":true,"href":"https:\/\/taizyfarmequipment.com\/pt\/wp-json\/wp\/v2\/tags?post=3143"},{"taxonomy":"product-type","embeddable":true,"href":"https:\/\/taizyfarmequipment.com\/pt\/wp-json\/wp\/v2\/product-type?post=3143"}],"curies":[{"name":"wp","href":"https:\/\/api.w.org\/{rel}","templated":true}]}}