{"id":3157,"date":"2022-04-08T07:04:24","date_gmt":"2022-04-08T07:04:24","guid":{"rendered":"https:\/\/taizyfarmequipment.com\/?post_type=product&#038;p=3157"},"modified":"2025-11-26T16:26:03","modified_gmt":"2025-11-26T08:26:03","slug":"colheitadeira-de-milho-de-linha-unica","status":"publish","type":"product","link":"https:\/\/taizyfarmequipment.com\/pt\/product\/single-row-corn-harvester\/","title":{"rendered":"Colheitadeira de milho de linha \u00fanica | Pequena colheitadeira de milho"},"content":{"rendered":"<div class=\"kk-star-ratings kksr-auto kksr-align-left kksr-valign-top\"     data-payload='{&quot;align&quot;:&quot;left&quot;,&quot;id&quot;:&quot;3157&quot;,&quot;slug&quot;:&quot;default&quot;,&quot;valign&quot;:&quot;top&quot;,&quot;ignore&quot;:&quot;&quot;,&quot;reference&quot;:&quot;auto&quot;,&quot;class&quot;:&quot;&quot;,&quot;count&quot;:&quot;27&quot;,&quot;legendonly&quot;:&quot;&quot;,&quot;readonly&quot;:&quot;&quot;,&quot;score&quot;:&quot;4.7&quot;,&quot;starsonly&quot;:&quot;&quot;,&quot;best&quot;:&quot;5&quot;,&quot;gap&quot;:&quot;5&quot;,&quot;greet&quot;:&quot;Rate this product&quot;,&quot;legend&quot;:&quot;4.7\\\/5 - (27 votes)&quot;,&quot;size&quot;:&quot;24&quot;,&quot;title&quot;:&quot;Single row corn harvester | Small corn picker&quot;,&quot;width&quot;:&quot;133.8&quot;,&quot;_legend&quot;:&quot;{score}\\\/{best} - ({count} {votes})&quot;,&quot;font_factor&quot;:&quot;1.25&quot;}'>              <div class=\"kksr-stars\">      <div class=\"kksr-stars-inactive\">             <div class=\"kksr-star\" data-star=\"1\" style=\"padding-right: 5px\">               <div class=\"kksr-icon\" style=\"width: 24px; height: 24px;\"><\/div>         <\/div>             <div class=\"kksr-star\" data-star=\"2\" style=\"padding-right: 5px\">               <div class=\"kksr-icon\" style=\"width: 24px; height: 24px;\"><\/div>         <\/div>             <div class=\"kksr-star\" data-star=\"3\" style=\"padding-right: 5px\">               <div class=\"kksr-icon\" style=\"width: 24px; height: 24px;\"><\/div>         <\/div>             <div class=\"kksr-star\" data-star=\"4\" style=\"padding-right: 5px\">               <div class=\"kksr-icon\" style=\"width: 24px; height: 24px;\"><\/div>         <\/div>             <div class=\"kksr-star\" data-star=\"5\" style=\"padding-right: 5px\">               <div class=\"kksr-icon\" style=\"width: 24px; height: 24px;\"><\/div>         <\/div>     <\/div>      <div class=\"kksr-stars-active\" style=\"width: 133.8px;\">             <div class=\"kksr-star\" style=\"padding-right: 5px\">               <div class=\"kksr-icon\" style=\"width: 24px; height: 24px;\"><\/div>         <\/div>             <div class=\"kksr-star\" style=\"padding-right: 5px\">               <div class=\"kksr-icon\" style=\"width: 24px; height: 24px;\"><\/div>         <\/div>             <div class=\"kksr-star\" style=\"padding-right: 5px\">               <div class=\"kksr-icon\" style=\"width: 24px; height: 24px;\"><\/div>         <\/div>             <div class=\"kksr-star\" style=\"padding-right: 5px\">               <div class=\"kksr-icon\" style=\"width: 24px; height: 24px;\"><\/div>         <\/div>             <div class=\"kksr-star\" style=\"padding-right: 5px\">               <div class=\"kksr-icon\" style=\"width: 24px; height: 24px;\"><\/div>         <\/div>     <\/div> <\/div>                   <div class=\"kksr-legend\" style=\"font-size: 19.2px;\">             4,7\/5 - (27 votos)    <\/div>     <\/div>  <p class=\"translation-block\">Agora, a colheitadeira de milho de linha \u00fanica \u00e9 popular em muitos pa\u00edses. Al\u00e9m disso, a pequena colheitadeira de milho \u00e9 pequena, leve e f\u00e1cil de operar, o que pode atender \u00e0s necessidades de muitos agricultores. Esta pequena colheitadeira de milho \u00e9 acess\u00edvel e atende \u00e0s necessidades de agricultores com campos em colinas, montanhas e outros locais onde m\u00e1quinas grandes s\u00e3o dif\u00edceis de acessar e operar. Al\u00e9m disso, recomendamos pequenas colheitadeiras de milho a agricultores com campos de pequena escala para colher milho. Al\u00e9m disso, tamb\u00e9m temos <a href=\"https:\/\/taizyfarmequipment.com\/pt\/produto\/trator-de-caminhada-2\/\">tractores de esteira<\/a> montados em colheitadeiras de milho, <a href=\"https:\/\/www.agriculture-machine.com\/potato-harvester-two-models-of-potato-harvester\/\" target=\"_blank\" rel=\"noopener\">colheitadeiras de batata<\/a>, colheitadeiras de amendoim e <a href=\"https:\/\/www.agriculture-machine.com\/combine-harvester\/\" target=\"_blank\" rel=\"noopener\">colheitadeiras de trigo e arroz<\/a>. Este artigo apresenta principalmente a colheitadeira de milho de linha \u00fanica.<\/p>    <h2 class=\"wp-block-heading\" id=\"h-what-is-a-single-row-corn-harvester\">O que \u00e9 uma colheitadeira de milho de linha \u00fanica?<\/h2>    <p>As pequenas colheitadeiras de milho de uma fileira s\u00f3 podem colher uma fileira de milho por vez. E a m\u00e1quina pode colher o milho e, ao mesmo tempo, esmagar os talos de milho de volta ao campo. Em rela\u00e7\u00e3o \u00e0 pot\u00eancia, podemos equipar a colhedora de milho com motores a gasolina e diesel. Assim, os clientes podem escolher de acordo com suas necessidades. E esta colhedora de milho \u00e9 f\u00e1cil de operar e possui quatro rodas para f\u00e1cil mobilidade. Al\u00e9m disso, h\u00e1 uma cesta em um dos lados da colhedora de milho. Quando a cesta estiver cheia, o cliente poder\u00e1 abri-la e o milho colhido formar\u00e1 uma pilha. Al\u00e9m disso, voc\u00ea tamb\u00e9m pode instalar um saco embaixo da cesta para facilitar a coleta de milho. E a colheitadeira de milho \u00e9 aplic\u00e1vel para pequenos blocos de terra, regi\u00f5es montanhosas e terrenos montanhosos.<\/p>    <figure class=\"wp-block-gallery has-nested-images columns-default is-cropped wp-block-gallery-2 is-layout-flex wp-block-gallery-is-layout-flex\"> <figure class=\"wp-block-image size-large\"><img loading=\"lazy\" decoding=\"async\" width=\"720\" height=\"540\" data-id=\"3159\" src=\"https:\/\/taizyfarmequipment.com\/wp-content\/uploads\/2022\/04\/single-row-corn-harvester1.jpg\" alt=\"colheitadeira de milho de linha \u00fanica\" class=\"wp-image-3159\" title=\"colheitadeira de milho de linha \u00fanica\"\/><figcaption class=\"wp-element-caption\">colheitadeira de milho de linha \u00fanica<\/figcaption><\/figure>    <figure class=\"wp-block-image size-large\"><img loading=\"lazy\" decoding=\"async\" width=\"720\" height=\"540\" data-id=\"3160\" src=\"https:\/\/taizyfarmequipment.com\/wp-content\/uploads\/2022\/04\/corn-picker1-.jpg\" alt=\"colhedor de milho\" class=\"wp-image-3160\" title=\"colhedor de milho\"\/><figcaption class=\"wp-element-caption\">colhedor de milho<\/figcaption><\/figure> <\/figure>    <h2 class=\"wp-block-heading\">Quais partes constituem um pequeno colhedor de milho?<\/h2>    <p>Esta pequena colheitadeira de milho inclui principalmente estrutura, funil, pot\u00eancia (motor a gasolina ou diesel), roda com pneu, alavanca, pega para ajuste de altura, embreagem de caminhada, rolo, dispositivo de tritura\u00e7\u00e3o, etc. A colheitadeira de milho puxada \u00e9 pequena em tamanho, f\u00e1cil de instalar, simples de operar e conveniente para caminhar.<\/p>    <figure class=\"wp-block-image size-full\"><img loading=\"lazy\" decoding=\"async\" width=\"720\" height=\"540\" src=\"https:\/\/taizyfarmequipment.com\/wp-content\/uploads\/2022\/04\/small-corn-harvester1.jpg\" alt=\"colheitadeira de milho pequena\" class=\"wp-image-3161\"\/><figcaption class=\"wp-element-caption\">colheitadeira de milho pequena<\/figcaption><\/figure>    <h2 class=\"wp-block-heading\">Quais s\u00e3o as vantagens da colhedora de milho puxada atr\u00e1s?<\/h2>    <p>1. Esta colheitadeira de milho \u00e9 pequena e adapt\u00e1vel, e podemos\u00a0us\u00e1-la\u00a0para campos espor\u00e1dicos, como colinas e montanhas, pelos quais grandes colheitadeiras de milho n\u00e3o conseguem passar.&nbsp;<\/p>    <p>2. Fun\u00e7\u00f5es completas, como colher espigas, encaixotar, esmagar e devolver a palha ao campo, etc. Esta pequena colhedora de milho doce tem quase as mesmas fun\u00e7\u00f5es da grande colhedora de milho.&nbsp; &nbsp;<\/p>    <p>3. \u00c9 f\u00e1cil de instalar e desmontar e realmente consegue v\u00e1rios usos em uma m\u00e1quina.&nbsp; &nbsp;<\/p>    <p>4. A opera\u00e7\u00e3o \u00e9 flex\u00edvel e o raio de giro \u00e9 pequeno e f\u00e1cil de operar. A altura de corte pode ser ajustada e os clientes podem ajust\u00e1-la de acordo com suas necessidades.<\/p>    <h2 class=\"wp-block-heading\">Como escolher corretamente uma colheitadeira de milho para uso dom\u00e9stico?<\/h2>    <p>1. Aplicabilidade regional. A colheitadeira de milho de linha \u00fanica \u00e9 adequada para pequenos campos, colinas, montanhas, etc.<\/p>    <p>2. A quest\u00e3o da recupera\u00e7\u00e3o dos custos ap\u00f3s o investimento deve ser considerada. Os clientes podem escolher a colheitadeira de milho do tamanho certo de acordo com o benef\u00edcio.<\/p>    <p>3. Correspond\u00eancia de pot\u00eancia. Escolha a pot\u00eancia adequada de acordo com as condi\u00e7\u00f5es locais, motor a gasolina ou diesel.<\/p>    <p>4. Considere m\u00e9todos de descarte de palha. A colhedora de milho de linha \u00fanica joga os talos diretamente no campo. Os clientes devem escolher uma colheitadeira de palha adequada de acordo com suas necessidades.<\/p>    <figure class=\"wp-block-gallery has-nested-images columns-default is-cropped wp-block-gallery-3 is-layout-flex wp-block-gallery-is-layout-flex\"> <figure class=\"wp-block-image size-large\"><img loading=\"lazy\" decoding=\"async\" width=\"720\" height=\"540\" data-id=\"3162\" src=\"https:\/\/taizyfarmequipment.com\/wp-content\/uploads\/2022\/04\/corn-pickers-factory1.jpg\" alt=\"f\u00e1brica de colhedores de milho\" class=\"wp-image-3162\" title=\"f\u00e1brica de colhedores de milho\"\/><figcaption class=\"wp-element-caption\">F\u00e1brica de Corretores de Corn<\/figcaption><\/figure>    <figure class=\"wp-block-image size-large\"><img loading=\"lazy\" decoding=\"async\" width=\"720\" height=\"540\" data-id=\"3163\" src=\"https:\/\/taizyfarmequipment.com\/wp-content\/uploads\/2022\/04\/walk-behind-corn-harvester1.jpg\" alt=\"ande atr\u00e1s da colheitadeira de milho\" class=\"wp-image-3163\" title=\"ande atr\u00e1s da colheitadeira de milho\"\/><figcaption class=\"wp-element-caption\">ande atr\u00e1s da colheitadeira de milho<\/figcaption><\/figure> <\/figure>    <h2 class=\"wp-block-heading\">Perguntas frequentes<\/h2>    <p>1. Esta colheitadeira pode descascar a casca do milho?<\/p>    <p>N\u00e3o, n\u00e3o pode<\/p>    <p>2. Onde fica a palha do milho ap\u00f3s a colheita?<\/p>    <p>Eles retornar\u00e3o ao campo ap\u00f3s serem esmagados por 10 l\u00e2minas na parte inferior da m\u00e1quina.<\/p>    <p>3. Qual \u00e9 a altura do restolho?<\/p>    <p>Podemos ajustar, mas a altura m\u00ednima \u00e9 de 10cm.<\/p>    <p>4. Quantas l\u00e2minas de britagem?<\/p>    <p>Existem 10 l\u00e2minas de esmagamento na parte inferior.<\/p>    <p>5. As l\u00e2minas s\u00e3o facilmente quebradas? Por quanto tempo posso us\u00e1-lo?<\/p>    <p>Sim, as l\u00e2minas s\u00e3o pe\u00e7as facilmente quebr\u00e1veis, especialmente se encontrarem pedras grandes ou outros obst\u00e1culos muito dif\u00edceis. Normalmente, podemos us\u00e1-lo por um ano. Enviamos 1 unidade extra (10 unidades) gratuitamente com a colhedora de milho no momento da entrega.<\/p>    <p>6. Haver\u00e1 algum milho que n\u00e3o poder\u00e1 ser colhido?<\/p>    <p>Com experi\u00eancia pr\u00e1tica, a taxa de colheita de milho \u00e9 superior a 98%.<\/p>    <p>7. Quanto milho pode ser recolhido no recipiente ao lado da m\u00e1quina?<\/p>    <p>Dependendo do tamanho do milho, normalmente pode coletar de 30 a 50 unidades.<\/p>    <h2 class=\"wp-block-heading\">Pequena colhedora de milho doce vendida para a Mal\u00e1sia<\/h2>    <p>Our customers from Malaysia get our contact information from Alibaba. Our sales manager learned through communication that the customer needs a corn harvester. The client&#8217;s budget is not high and the area to be harvested is not large. So we recommend a small sweet corn harvester to the client. Since the customer wanted to buy one for a friend, the customer finally decided to buy two machines from us. Below are the packaging and shipping&nbsp;pictures&nbsp;of the&nbsp;home use corn harvester&nbsp;machine.<\/p>    <figure class=\"wp-block-gallery has-nested-images columns-default is-cropped wp-block-gallery-4 is-layout-flex wp-block-gallery-is-layout-flex\"> <figure class=\"wp-block-image size-large\"><img loading=\"lazy\" decoding=\"async\" width=\"720\" height=\"540\" data-id=\"3164\" src=\"https:\/\/taizyfarmequipment.com\/wp-content\/uploads\/2022\/04\/home-use-maize-harvester0.jpg\" alt=\"colheitadeira de milho para uso dom\u00e9stico\" class=\"wp-image-3164\" title=\"colheitadeira de milho para uso dom\u00e9stico\"\/><figcaption class=\"wp-element-caption\">colheitadeira de milho para uso dom\u00e9stico<\/figcaption><\/figure>    <figure class=\"wp-block-image size-large\"><img loading=\"lazy\" decoding=\"async\" width=\"720\" height=\"540\" data-id=\"3165\" src=\"https:\/\/taizyfarmequipment.com\/wp-content\/uploads\/2022\/04\/packing-of-small-corn-harvester0.jpg\" alt=\"embalagem de pequena colheitadeira de milho\" class=\"wp-image-3165\" title=\"embalagem de pequena colheitadeira de milho\"\/><figcaption class=\"wp-element-caption\">embalagem de pequena colheitadeira de milho<\/figcaption><\/figure>    <figure class=\"wp-block-image size-large\"><img loading=\"lazy\" decoding=\"async\" width=\"720\" height=\"540\" data-id=\"3166\" src=\"https:\/\/taizyfarmequipment.com\/wp-content\/uploads\/2022\/04\/loading-and-shipping-of-small-scale-corn-harvester0.jpg\" alt=\"envio de colheitadeira de milho de pequena escala\" class=\"wp-image-3166\" title=\"envio de colheitadeira de milho de pequena escala\"\/><figcaption class=\"wp-element-caption\">envio de colheitadeira de milho de pequena escala<\/figcaption><\/figure> <\/figure>","protected":false},"excerpt":{"rendered":"<p>A colheitadeira de milho de linha \u00fanica \u00e9 pequena, leve e f\u00e1cil de operar, o que pode atender \u00e0s necessidades dos agricultores. \u00c9 popular em muitos pa\u00edses.<\/p>","protected":false},"author":1,"featured_media":3158,"parent":0,"template":"","tags":[245,248,249,247,250,244,246],"product-type":[128],"class_list":["post-3157","product","type-product","status-publish","has-post-thumbnail","hentry","tag-corn-picker-for-sale","tag-home-use-maize-harvster","tag-mini-corn-harvester","tag-pull-behind-corn-harvester","tag-single-row-corn-harvester","tag-single-row-corn-picker","tag-small-scale-corn-harvester","product-type-harvester"],"_links":{"self":[{"href":"https:\/\/taizyfarmequipment.com\/pt\/wp-json\/wp\/v2\/product\/3157","targetHints":{"allow":["GET"]}}],"collection":[{"href":"https:\/\/taizyfarmequipment.com\/pt\/wp-json\/wp\/v2\/product"}],"about":[{"href":"https:\/\/taizyfarmequipment.com\/pt\/wp-json\/wp\/v2\/types\/product"}],"author":[{"embeddable":true,"href":"https:\/\/taizyfarmequipment.com\/pt\/wp-json\/wp\/v2\/users\/1"}],"wp:featuredmedia":[{"embeddable":true,"href":"https:\/\/taizyfarmequipment.com\/pt\/wp-json\/wp\/v2\/media\/3158"}],"wp:attachment":[{"href":"https:\/\/taizyfarmequipment.com\/pt\/wp-json\/wp\/v2\/media?parent=3157"}],"wp:term":[{"taxonomy":"post_tag","embeddable":true,"href":"https:\/\/taizyfarmequipment.com\/pt\/wp-json\/wp\/v2\/tags?post=3157"},{"taxonomy":"product-type","embeddable":true,"href":"https:\/\/taizyfarmequipment.com\/pt\/wp-json\/wp\/v2\/product-type?post=3157"}],"curies":[{"name":"wp","href":"https:\/\/api.w.org\/{rel}","templated":true}]}}