{"id":3167,"date":"2022-04-11T09:49:56","date_gmt":"2022-04-11T09:49:56","guid":{"rendered":"https:\/\/taizyfarmequipment.com\/?post_type=product&#038;p=3167"},"modified":"2025-11-26T14:39:17","modified_gmt":"2025-11-26T06:39:17","slug":"maquina-de-descascar-soja","status":"publish","type":"product","link":"https:\/\/taizyfarmequipment.com\/pt\/product\/soybean-peeling-machine\/","title":{"rendered":"M\u00e1quina descascadora de soja | Descascador de feij\u00e3o dom\u00e9stico em pequena escala"},"content":{"rendered":"<div class=\"kk-star-ratings kksr-auto kksr-align-left kksr-valign-top\"     data-payload='{&quot;align&quot;:&quot;left&quot;,&quot;id&quot;:&quot;3167&quot;,&quot;slug&quot;:&quot;default&quot;,&quot;valign&quot;:&quot;top&quot;,&quot;ignore&quot;:&quot;&quot;,&quot;reference&quot;:&quot;auto&quot;,&quot;class&quot;:&quot;&quot;,&quot;count&quot;:&quot;19&quot;,&quot;legendonly&quot;:&quot;&quot;,&quot;readonly&quot;:&quot;&quot;,&quot;score&quot;:&quot;4.7&quot;,&quot;starsonly&quot;:&quot;&quot;,&quot;best&quot;:&quot;5&quot;,&quot;gap&quot;:&quot;5&quot;,&quot;greet&quot;:&quot;Rate this product&quot;,&quot;legend&quot;:&quot;4.7\\\/5 - (19 votes)&quot;,&quot;size&quot;:&quot;24&quot;,&quot;title&quot;:&quot;Soybean peeling machine | Household small scale beans peeler&quot;,&quot;width&quot;:&quot;133.8&quot;,&quot;_legend&quot;:&quot;{score}\\\/{best} - ({count} {votes})&quot;,&quot;font_factor&quot;:&quot;1.25&quot;}'>              <div class=\"kksr-stars\">      <div class=\"kksr-stars-inactive\">             <div class=\"kksr-star\" data-star=\"1\" style=\"padding-right: 5px\">               <div class=\"kksr-icon\" style=\"width: 24px; height: 24px;\"><\/div>         <\/div>             <div class=\"kksr-star\" data-star=\"2\" style=\"padding-right: 5px\">               <div class=\"kksr-icon\" style=\"width: 24px; height: 24px;\"><\/div>         <\/div>             <div class=\"kksr-star\" data-star=\"3\" style=\"padding-right: 5px\">               <div class=\"kksr-icon\" style=\"width: 24px; height: 24px;\"><\/div>         <\/div>             <div class=\"kksr-star\" data-star=\"4\" style=\"padding-right: 5px\">               <div class=\"kksr-icon\" style=\"width: 24px; height: 24px;\"><\/div>         <\/div>             <div class=\"kksr-star\" data-star=\"5\" style=\"padding-right: 5px\">               <div class=\"kksr-icon\" style=\"width: 24px; height: 24px;\"><\/div>         <\/div>     <\/div>      <div class=\"kksr-stars-active\" style=\"width: 133.8px;\">             <div class=\"kksr-star\" style=\"padding-right: 5px\">               <div class=\"kksr-icon\" style=\"width: 24px; height: 24px;\"><\/div>         <\/div>             <div class=\"kksr-star\" style=\"padding-right: 5px\">               <div class=\"kksr-icon\" style=\"width: 24px; height: 24px;\"><\/div>         <\/div>             <div class=\"kksr-star\" style=\"padding-right: 5px\">               <div class=\"kksr-icon\" style=\"width: 24px; height: 24px;\"><\/div>         <\/div>             <div class=\"kksr-star\" style=\"padding-right: 5px\">               <div class=\"kksr-icon\" style=\"width: 24px; height: 24px;\"><\/div>         <\/div>             <div class=\"kksr-star\" style=\"padding-right: 5px\">               <div class=\"kksr-icon\" style=\"width: 24px; height: 24px;\"><\/div>         <\/div>     <\/div> <\/div>                   <div class=\"kksr-legend\" style=\"font-size: 19.2px;\">             4,7\/5 - (19 votos)    <\/div>     <\/div>  <p>A m\u00e1quina de descascar soja pode remover com efici\u00eancia a casca externa da soja. Esta m\u00e1quina oferece v\u00e1rias vantagens importantes, incluindo alta efici\u00eancia de descascamento, danos m\u00ednimos aos gr\u00e3os e desempenho consistente. Possui um avan\u00e7ado mecanismo de descascamento que garante a remo\u00e7\u00e3o completa da casca, preservando a integridade dos gr\u00e3os.<\/p>    <p>N\u00f3s, Taizy, temos tr\u00eas tipos de m\u00e1quinas para descascar diferentes gr\u00e3os. Os gr\u00e3os descascados n\u00e3o t\u00eam cheiro de peixe, o que pode melhorar o sabor dos produtos de soja e melhorar a qualidade e o valor agregado dos produtos de soja. <\/p>    <p>Agora a nossa m\u00e1quina de descascar soja foi exportada para muitos pa\u00edses estrangeiros. Exemplos s\u00e3o Nig\u00e9ria, Togo, Vietname, Canad\u00e1, Paquist\u00e3o, Camar\u00f5es, etc. E os clientes est\u00e3o muito satisfeitos com as nossas m\u00e1quinas.<\/p>    <figure class=\"wp-block-embed is-type-video is-provider-youtube wp-block-embed-youtube wp-embed-aspect-16-9 wp-has-aspect-ratio\"><div class=\"wp-block-embed__wrapper\"> <iframe loading=\"lazy\" title=\"Confronto do Descascador de Soja: Escolhendo o Melhor Modelo para Suas Necessidades #soja #soja\" width=\"500\" height=\"281\" src=\"https:\/\/www.youtube.com\/embed\/VODibd3Ve0U?feature=oembed\" frameborder=\"0\" allow=\"accelerometer; autoplay; clipboard-write; encrypted-media; gyroscope; picture-in-picture; web-share\" referrerpolicy=\"strict-origin-when-cross-origin\" allowfullscreen><\/iframe> <\/div><figcaption class=\"wp-element-caption\">V\u00eddeo de funcionamento da m\u00e1quina descascadora de soja<\/figcaption><\/figure>    <h2 class=\"wp-block-heading\" id=\"h-what-is-a-soybean-peeling-machine\">O que \u00e9 uma m\u00e1quina descascadora de soja?<\/h2>    <p>A m\u00e1quina descascadora de soja \u00e9 um equipamento que pode retirar e separar a casca de diversos gr\u00e3os. Esta m\u00e1quina \u00e9 um modelo profissional de peeling a seco com uma taxa de peeling superior a 95%. Descascar todos os tipos de gr\u00e3os pode melhorar o sabor dos produtos de soja, a qualidade e o valor agregado dos produtos de soja. Portanto, um descascador de soja \u00e9 um equipamento ideal para remover o cheiro da soja e melhorar a qualidade dos produtos de soja.<\/p>    <p class=\"translation-block\">A m\u00e1quina de descascar feij\u00f5es tem qualidade fi\u00e1vel, alta efici\u00eancia, e poupan\u00e7a de energia, sendo f\u00e1cil de operar. \u00c9 adequada para f\u00e1bricas de processamento de alimentos, hot\u00e9is, hot\u00e9is, cantinas, utilizadores profissionais, etc. Al\u00e9m disso, tamb\u00e9m temos uma <a href=\"https:\/\/taizyfarmequipment.com\/pt\/produto\/maquina-automatica-de-descascar-sementes-de-gergelim\/\">m\u00e1quina de descascar sementes de s\u00e9samo<\/a>, que pode descascar o s\u00e9samo de forma limpa. Este artigo apresenta principalmente m\u00e1quinas descascadoras de feij\u00e3o.<\/p>    <figure class=\"wp-block-gallery has-nested-images columns-default is-cropped wp-block-gallery-2 is-layout-flex wp-block-gallery-is-layout-flex\"> <figure class=\"wp-block-image size-full\"><img loading=\"lazy\" decoding=\"async\" width=\"720\" height=\"540\" data-id=\"4961\" src=\"https:\/\/taizyfarmequipment.com\/wp-content\/uploads\/2022\/04\/soybean-peeling-machine.webp\" alt=\"m\u00e1quina de descascar soja\" class=\"wp-image-4961\" title=\"m\u00e1quina de descascar soja\" srcset=\"https:\/\/taizyfarmequipment.com\/wp-content\/uploads\/2022\/04\/soybean-peeling-machine.webp 720w, https:\/\/taizyfarmequipment.com\/wp-content\/uploads\/2022\/04\/soybean-peeling-machine-300x225.webp 300w, https:\/\/taizyfarmequipment.com\/wp-content\/uploads\/2022\/04\/soybean-peeling-machine-16x12.webp 16w\" sizes=\"auto, (max-width: 720px) 100vw, 720px\" \/><figcaption class=\"wp-element-caption\">m\u00e1quina de descascar soja<\/figcaption><\/figure>    <figure class=\"wp-block-image size-large\"><img loading=\"lazy\" decoding=\"async\" width=\"720\" height=\"540\" data-id=\"3170\" src=\"https:\/\/taizyfarmequipment.com\/wp-content\/uploads\/2022\/04\/red-bean-peeling-machine1.jpg\" alt=\"\" class=\"wp-image-3170\"\/><figcaption class=\"wp-element-caption\">m\u00e1quina de descascar feij\u00e3o vermelho<\/figcaption><\/figure>    <figure class=\"wp-block-image size-large\"><img loading=\"lazy\" decoding=\"async\" width=\"720\" height=\"540\" data-id=\"3171\" src=\"https:\/\/taizyfarmequipment.com\/wp-content\/uploads\/2022\/04\/broad-bean-peeler1.jpg\" alt=\"descascador de feij\u00e3o\" class=\"wp-image-3171\" title=\"descascador de feij\u00e3o\"\/><figcaption class=\"wp-element-caption\">descascador de feij\u00e3o<\/figcaption><\/figure> <\/figure>    <h2 class=\"wp-block-heading\">Que materiais o descascador de feij\u00e3o dom\u00e9stico pode manusear?<\/h2>    <p>O descascador de feij\u00e3o dom\u00e9stico pode processar gr\u00e3o de bico, feij\u00e3o preto, feij\u00e3o vermelho, soja, lentilha, fava, ervilha, gr\u00e3o de bico, feij\u00e3o verde, feij\u00e3o preto, etc. Portanto, este descascador de feij\u00e3o em pequena escala \u00e9 multifuncional e pode atender a maioria dos necessidades do usu\u00e1rio.<\/p>    <figure class=\"wp-block-image size-full is-resized\"><img loading=\"lazy\" decoding=\"async\" width=\"720\" height=\"540\" src=\"https:\/\/taizyfarmequipment.com\/wp-content\/uploads\/2022\/04\/various-beans0.jpg\" alt=\"v\u00e1rios feij\u00f5es \" class=\"wp-image-3172\" title=\"v\u00e1rios feij\u00f5es \"\/><figcaption class=\"wp-element-caption\">v\u00e1rios feij\u00f5es <\/figcaption><\/figure>    <h2 class=\"wp-block-heading\">Modelo 1: M\u00e1quina de remo\u00e7\u00e3o de pele de soja<\/h2>    <p>Este modelo de descascador de soja pode descascar gr\u00e3os redondos relativamente regulares. Por exemplo, feij\u00e3o preto, feij\u00e3o redondo puro, ervilha, feij\u00e3o mungo, feij\u00e3o preto, soja, feij\u00e3o vermelho, etc. Esta m\u00e1quina descascadora de feij\u00e3o mungo \u00e9 pequena em tamanho, leve em peso, pequena em pot\u00eancia, ocupa menos \u00e1rea e \u00e9 f\u00e1cil de operar.<\/p>    <figure class=\"wp-block-image size-full\"><img loading=\"lazy\" decoding=\"async\" width=\"720\" height=\"540\" src=\"https:\/\/taizyfarmequipment.com\/wp-content\/uploads\/2022\/04\/beans-peeling-machine-1.webp\" alt=\"m\u00e1quina de descascar feij\u00e3o\" class=\"wp-image-4962\" title=\"m\u00e1quina de descascar soja\" srcset=\"https:\/\/taizyfarmequipment.com\/wp-content\/uploads\/2022\/04\/beans-peeling-machine-1.webp 720w, https:\/\/taizyfarmequipment.com\/wp-content\/uploads\/2022\/04\/beans-peeling-machine-1-300x225.webp 300w, https:\/\/taizyfarmequipment.com\/wp-content\/uploads\/2022\/04\/beans-peeling-machine-1-16x12.webp 16w\" sizes=\"auto, (max-width: 720px) 100vw, 720px\" \/><figcaption class=\"wp-element-caption\">m\u00e1quina de descascar feij\u00e3o<\/figcaption><\/figure>    <h3 class=\"wp-block-heading\">Qual \u00e9 a constru\u00e7\u00e3o da m\u00e1quina descascadora de feij\u00e3o vermelho?<\/h3>    <p>A m\u00e1quina descascadora de feij\u00e3o vermelho inclui principalmente uma caixa de distribui\u00e7\u00e3o, uma caixa de alimenta\u00e7\u00e3o, um motor, um ventilador, uma v\u00e1lvula de controle de volume de ar, um tubo de rede de ar, uma sa\u00edda de material e assim por diante. A estrutura geral da m\u00e1quina \u00e9 compacta e ocupa uma pequena \u00e1rea.<\/p>    <figure class=\"wp-block-image size-full\"><img loading=\"lazy\" decoding=\"async\" width=\"720\" height=\"540\" src=\"https:\/\/taizyfarmequipment.com\/wp-content\/uploads\/2022\/04\/green-pea-peeling-machine1.jpg\" alt=\"descascador de soja\" class=\"wp-image-3174\" title=\"descascador de soja\"\/><figcaption class=\"wp-element-caption\">descascador de soja<\/figcaption><\/figure>    <h3 class=\"wp-block-heading\">Qual \u00e9 a especifica\u00e7\u00e3o do descascador de feij\u00e3o mungo?<\/h3>    <figure class=\"wp-block-table\"><table><tbody><tr><td>Modelo<\/td><td>TZ-10<\/td><\/tr><tr><td>Peso<\/td><td>200kg<\/td><\/tr><tr><td>Tamanho<\/td><td>190*140*75cm<\/td><\/tr><tr><td>Capacidade<\/td><td>300-400 kg\/hora<\/td><\/tr><tr><td>Poder<\/td><td>5,5 kw+1,5 kw<\/td><\/tr><\/tbody><\/table><figcaption class=\"wp-element-caption\">Especifica\u00e7\u00e3o de Peeler de feij\u00e3o mungo<\/figcaption><\/figure>    <h2 class=\"wp-block-heading\">Modelo 2: M\u00e1quina de descascar lentilhas<\/h2>    <p>Esta m\u00e1quina de descascamento de lentilha pode remover peles de feij\u00e3o redonda e plana. A fun\u00e7\u00e3o da m\u00e1quina \u00e9 mais poderosa. E a pot\u00eancia desta m\u00e1quina \u00e9 um motor el\u00e9trico. A intensidade da descama\u00e7\u00e3o desta m\u00e1quina pode ser ajustada. Os clientes podem ajustar a for\u00e7a da m\u00e1quina de acordo com suas necessidades. <\/p>    <p>A m\u00e1quina descascadora de lentilhas est\u00e1 equipada com um ciclone, que pode coletar diversas impurezas. Portanto, o feij\u00e3o descascado fica mais limpo e pode ser vendido diretamente em saco.<\/p>    <figure class=\"wp-block-image size-full is-resized\"><img loading=\"lazy\" decoding=\"async\" width=\"720\" height=\"540\" src=\"https:\/\/taizyfarmequipment.com\/wp-content\/uploads\/2022\/04\/red-bean-peeling-machine1-1.jpg\" alt=\"descascador de soja\" class=\"wp-image-3175\" title=\"descascador de soja\"\/><figcaption class=\"wp-element-caption\">descascador de soja<\/figcaption><\/figure>    <h3 class=\"wp-block-heading\">Qual \u00e9 a estrutura da m\u00e1quina descascadora de feij\u00e3o?<\/h3>    <p>A m\u00e1quina descascadora de feij\u00e3o inclui principalmente uma tremonha, ciclone, dispositivo de descascamento, sistema de ajuste de press\u00e3o de descascamento, sa\u00edda, motor, etc.<\/p>    <figure class=\"wp-block-image size-full\"><img loading=\"lazy\" decoding=\"async\" width=\"720\" height=\"540\" src=\"https:\/\/taizyfarmequipment.com\/wp-content\/uploads\/2022\/04\/soybean-peeling-machine-2.jpg\" alt=\"m\u00e1quina de descascar soja \" class=\"wp-image-3177\" title=\"m\u00e1quina de descascar soja \"\/><figcaption class=\"wp-element-caption\">m\u00e1quina de descascar soja <\/figcaption><\/figure>    <h3 class=\"wp-block-heading\">Especifica\u00e7\u00e3o de par\u00e2metro do <a href=\"https:\/\/en.wikipedia.org\/wiki\/Soybean\" data-type=\"link\" data-id=\"https:\/\/en.wikipedia.org\/wiki\/Soybean\" target=\"_blank\" rel=\"noopener\">soja<\/a> m\u00e1quina de descascar<\/h3>    <figure class=\"wp-block-table\"><table><tbody><tr><td>Modelo<\/td><td>T18<\/td><\/tr><tr><td>Poder<\/td><td>15KW<\/td><\/tr><tr><td>Capacidade<\/td><td>500kg\/hora<\/td><\/tr><tr><td>Tamanho<\/td><td>1800*1200*2150mm<\/td><\/tr><\/tbody><\/table><figcaption class=\"wp-element-caption\">O par\u00e2metro da m\u00e1quina de descascamento de soja<\/figcaption><\/figure>    <h2 class=\"wp-block-heading\">Modelo 3: M\u00e1quina descascadora de fava<\/h2>    <p>Esta m\u00e1quina de descascar favas tem um formato muito diferente dos dois modelos anteriores. A m\u00e1quina descascadora de fava \u00e9 usada principalmente para feij\u00f5es com formatos irregulares e part\u00edculas grandes, como favas e favas. <\/p>    <p>A m\u00e1quina descascadora de fava \u00e9 f\u00e1cil de operar, tem poucas part\u00edculas quebradas, bom efeito de descascamento, tem uma apar\u00eancia bonita, desempenho confi\u00e1vel e prote\u00e7\u00e3o ambiental verde. \u00c9 adequado para pequenas f\u00e1bricas de processamento de favas ou f\u00e1bricas de alimentos. A pot\u00eancia da m\u00e1quina tamb\u00e9m \u00e9 o motor.<\/p>    <figure class=\"wp-block-image size-full\"><img loading=\"lazy\" decoding=\"async\" width=\"720\" height=\"540\" src=\"https:\/\/taizyfarmequipment.com\/wp-content\/uploads\/2022\/04\/broad-bean-peeler-2.jpg\" alt=\"descascador de feij\u00e3o\" class=\"wp-image-3178\" title=\"descascador de feij\u00e3o\"\/><figcaption class=\"wp-element-caption\">descascador de feij\u00e3o<\/figcaption><\/figure>    <h3 class=\"wp-block-heading\">Quais s\u00e3o os componentes do descascador de casca de fava?<\/h3>    <p>Este descascador de favas tem uma estrutura simples. Inclui principalmente um funil de feij\u00e3o, painel de controle, dispositivo de descascamento, sa\u00edda de feij\u00e3o, etc.<\/p>    <figure class=\"wp-block-image size-full\"><img loading=\"lazy\" decoding=\"async\" width=\"720\" height=\"540\" src=\"https:\/\/taizyfarmequipment.com\/wp-content\/uploads\/2022\/04\/Fava-beans-skin-peeler-2.jpg\" alt=\"Descascador de casca de fava \" class=\"wp-image-3179\" title=\"Descascador de casca de fava \"\/><figcaption class=\"wp-element-caption\">Descascador de casca de fava <\/figcaption><\/figure>    <h3 class=\"wp-block-heading\">Detalhes da m\u00e1quina descascadora de soja<\/h3>    <figure class=\"wp-block-table\"><table><tbody><tr><td>Tamanho<\/td><td>1000*1150*1400mm<\/td><\/tr><tr><td>Poder<\/td><td>5KW<\/td><\/tr><tr><td>Capacidade<\/td><td>200kg\/hora<\/td><\/tr><tr><td>Peso<\/td><td>400KG<\/td><\/tr><\/tbody><\/table><figcaption class=\"wp-element-caption\">Informa\u00e7\u00f5es detalhadas da m\u00e1quina de descascamento de soja<\/figcaption><\/figure>    <h2 class=\"wp-block-heading\">Como funciona a m\u00e1quina de descascar feij\u00e3o seco?<\/h2>    <p>Durante o trabalho, o material \u00e9 descascado entre os dois discos de moagem da tremonha de alimenta\u00e7\u00e3o atrav\u00e9s do dispositivo de transporte sem-fim. A finalidade de descascar ou triturar \u00e9 alcan\u00e7ada pela rota\u00e7\u00e3o diferencial dos dois discos abrasivos. <\/p>    <p>Quando a soja passa pela c\u00e2mara de separa\u00e7\u00e3o ap\u00f3s o descascamento, sob a a\u00e7\u00e3o do vento, a parte da fruta \u00e9 descarregada pela sa\u00edda, e a casca e o p\u00f3 residual s\u00e3o descarregados pela sa\u00edda junto com o ar, completando assim o processo de descascamento.<\/p>    <figure class=\"wp-block-gallery has-nested-images columns-default is-cropped wp-block-gallery-3 is-layout-flex wp-block-gallery-is-layout-flex\"> <figure class=\"wp-block-image size-full\"><img loading=\"lazy\" decoding=\"async\" width=\"720\" height=\"540\" data-id=\"4963\" src=\"https:\/\/taizyfarmequipment.com\/wp-content\/uploads\/2022\/04\/Lentils-peeling-machine-1.webp\" alt=\"M\u00e1quina de descascar lentilhas\" class=\"wp-image-4963\" srcset=\"https:\/\/taizyfarmequipment.com\/wp-content\/uploads\/2022\/04\/Lentils-peeling-machine-1.webp 720w, https:\/\/taizyfarmequipment.com\/wp-content\/uploads\/2022\/04\/Lentils-peeling-machine-1-300x225.webp 300w, https:\/\/taizyfarmequipment.com\/wp-content\/uploads\/2022\/04\/Lentils-peeling-machine-1-16x12.webp 16w\" sizes=\"auto, (max-width: 720px) 100vw, 720px\" \/><figcaption class=\"wp-element-caption\">M\u00e1quina de descascar lentilhas<\/figcaption><\/figure>    <figure class=\"wp-block-image size-full\"><img loading=\"lazy\" decoding=\"async\" width=\"720\" height=\"540\" data-id=\"4965\" src=\"https:\/\/taizyfarmequipment.com\/wp-content\/uploads\/2022\/04\/soybean-peeling-machine-price.webp\" alt=\"Pre\u00e7o da m\u00e1quina de descasque de soja\" class=\"wp-image-4965\" srcset=\"https:\/\/taizyfarmequipment.com\/wp-content\/uploads\/2022\/04\/soybean-peeling-machine-price.webp 720w, https:\/\/taizyfarmequipment.com\/wp-content\/uploads\/2022\/04\/soybean-peeling-machine-price-300x225.webp 300w, https:\/\/taizyfarmequipment.com\/wp-content\/uploads\/2022\/04\/soybean-peeling-machine-price-16x12.webp 16w\" sizes=\"auto, (max-width: 720px) 100vw, 720px\" \/><figcaption class=\"wp-element-caption\">Pre\u00e7o da m\u00e1quina de descasque de soja<\/figcaption><\/figure> <\/figure>    <h2 class=\"wp-block-heading\">Por que precisamos descascar o feij\u00e3o?<\/h2>    <p>Produtos de processamento profundo de soja, como tofu, yuba, leite de soja, \u00f3leo de soja, tambor de feij\u00e3o, molho de soja, leite de soja, farinha de soja e outros produtos de soja. Com a melhoria cont\u00ednua de v\u00e1rios processos, a maioria das f\u00e1bricas de processamento de soja e de alimentos come\u00e7aram a descascar a soja primeiro e depois process\u00e1-la.<\/p>    <ol class=\"wp-block-list\"> <li>A descascamento pode reduzir o n\u00famero de bact\u00e9rias e melhorar o sabor dos produtos de soja.<\/li>    <li>Reduza a desnatura\u00e7\u00e3o t\u00e9rmica da prote\u00edna armazenada, reduza o tempo de aquecimento necess\u00e1rio para a passiva\u00e7\u00e3o da lipoxigenase e evite o escurecimento.<\/li>    <li>Melhore o teor de prote\u00edna do farelo de soja e reduza o teor de celulose.<\/li> <\/ol>    <figure class=\"wp-block-image size-full\"><img loading=\"lazy\" decoding=\"async\" width=\"720\" height=\"541\" src=\"https:\/\/taizyfarmequipment.com\/wp-content\/uploads\/2022\/04\/Various-soy-products-.jpg\" alt=\"V\u00e1rios produtos de soja\" class=\"wp-image-3181\" title=\"V\u00e1rios produtos de soja\"\/><figcaption class=\"wp-element-caption\">V\u00e1rios produtos de soja<\/figcaption><\/figure>    <h2 class=\"wp-block-heading\">Quais s\u00e3o as vantagens da m\u00e1quina de descascamento de soja de pequena escala?<\/h2>    <ul class=\"wp-block-list\"> <li>Todos os modelos de m\u00e1quinas s\u00e3o f\u00e1ceis de operar. Basta ligar a m\u00e1quina e colocar o material nela, nenhuma outra a\u00e7\u00e3o \u00e9 necess\u00e1ria.<\/li>    <li>O descascador de feij\u00e3o em pequena escala pode separar a pele, o caro\u00e7o e o umbigo preto de forma limpa. O produto acabado ap\u00f3s o descascamento fica limpo e pode ser vendido diretamente sem limpeza secund\u00e1ria.<\/li>    <li>O produto final apresenta poucas part\u00edculas quebradas, bom efeito peeling e bela apar\u00eancia.<\/li>    <li>O material do descascador de feij\u00e3o dom\u00e9stico \u00e9 excelente, o desempenho \u00e9 confi\u00e1vel e \u00e9 ecol\u00f3gico e ecologicamente correto.<\/li>    <li>M\u00e1quina multifuncional para descascar feij\u00e3o. Uma m\u00e1quina pode descascar uma variedade de gr\u00e3os. economizar tempo e energia.<\/li> <\/ul>    <h2 class=\"wp-block-heading\">Deixe suas mensagens!<\/h2>    <figure class=\"wp-block-image size-full\"><img loading=\"lazy\" decoding=\"async\" width=\"720\" height=\"540\" src=\"https:\/\/taizyfarmequipment.com\/wp-content\/uploads\/2022\/04\/red-bean-peeler-machine.webp\" alt=\"m\u00e1quina descascadora de feij\u00e3o vermelho\" class=\"wp-image-4568\" srcset=\"https:\/\/taizyfarmequipment.com\/wp-content\/uploads\/2022\/04\/red-bean-peeler-machine.webp 720w, https:\/\/taizyfarmequipment.com\/wp-content\/uploads\/2022\/04\/red-bean-peeler-machine-300x225.webp 300w, https:\/\/taizyfarmequipment.com\/wp-content\/uploads\/2022\/04\/red-bean-peeler-machine-16x12.webp 16w\" sizes=\"auto, (max-width: 720px) 100vw, 720px\" \/><figcaption class=\"wp-element-caption\">m\u00e1quina descascadora de feij\u00e3o vermelho<\/figcaption><\/figure>    <p>A m\u00e1quina descascadora de soja se destaca pela efici\u00eancia, durabilidade e versatilidade, sendo a escolha ideal para o processamento de soja. Quer sua opera\u00e7\u00e3o seja de pequena ou grande escala, esta m\u00e1quina pode melhorar significativamente a efici\u00eancia de sua produ\u00e7\u00e3o e a qualidade do produto. <\/p>    <p>Contate-nos hoje para saber mais sobre a m\u00e1quina descascadora de soja e solicitar os pre\u00e7os mais recentes. Estamos ansiosos para fazer parceria com voc\u00ea para levar seu neg\u00f3cio para o pr\u00f3ximo n\u00edvel!<\/p>","protected":false},"excerpt":{"rendered":"<p>As m\u00e1quinas de descascamento de soja podem remover e separar as peles de v\u00e1rios feij\u00f5es. Sua taxa de descama\u00e7\u00e3o est\u00e1 acima de 95%.<\/p>","protected":false},"author":1,"featured_media":3168,"parent":0,"template":"","tags":[317,316],"product-type":[131],"class_list":["post-3167","product","type-product","status-publish","has-post-thumbnail","hentry","tag-peeling-machine","tag-soybean","product-type-grains-peeling-machine"],"_links":{"self":[{"href":"https:\/\/taizyfarmequipment.com\/pt\/wp-json\/wp\/v2\/product\/3167","targetHints":{"allow":["GET"]}}],"collection":[{"href":"https:\/\/taizyfarmequipment.com\/pt\/wp-json\/wp\/v2\/product"}],"about":[{"href":"https:\/\/taizyfarmequipment.com\/pt\/wp-json\/wp\/v2\/types\/product"}],"author":[{"embeddable":true,"href":"https:\/\/taizyfarmequipment.com\/pt\/wp-json\/wp\/v2\/users\/1"}],"wp:featuredmedia":[{"embeddable":true,"href":"https:\/\/taizyfarmequipment.com\/pt\/wp-json\/wp\/v2\/media\/3168"}],"wp:attachment":[{"href":"https:\/\/taizyfarmequipment.com\/pt\/wp-json\/wp\/v2\/media?parent=3167"}],"wp:term":[{"taxonomy":"post_tag","embeddable":true,"href":"https:\/\/taizyfarmequipment.com\/pt\/wp-json\/wp\/v2\/tags?post=3167"},{"taxonomy":"product-type","embeddable":true,"href":"https:\/\/taizyfarmequipment.com\/pt\/wp-json\/wp\/v2\/product-type?post=3167"}],"curies":[{"name":"wp","href":"https:\/\/api.w.org\/{rel}","templated":true}]}}