{"id":3215,"date":"2022-04-13T08:39:45","date_gmt":"2022-04-13T08:39:45","guid":{"rendered":"https:\/\/taizyfarmequipment.com\/?post_type=product&#038;p=3215"},"modified":"2025-11-26T16:24:17","modified_gmt":"2025-11-26T08:24:17","slug":"equipamento-de-colheita-de-amendoim","status":"publish","type":"product","link":"https:\/\/taizyfarmequipment.com\/pt\/product\/peanut-harvesting-equipment\/","title":{"rendered":"M\u00e1quina de colheita de amendoim | Colheitadeira de amendoim"},"content":{"rendered":"<div class=\"kk-star-ratings kksr-auto kksr-align-left kksr-valign-top\"     data-payload='{&quot;align&quot;:&quot;left&quot;,&quot;id&quot;:&quot;3215&quot;,&quot;slug&quot;:&quot;default&quot;,&quot;valign&quot;:&quot;top&quot;,&quot;ignore&quot;:&quot;&quot;,&quot;reference&quot;:&quot;auto&quot;,&quot;class&quot;:&quot;&quot;,&quot;count&quot;:&quot;26&quot;,&quot;legendonly&quot;:&quot;&quot;,&quot;readonly&quot;:&quot;&quot;,&quot;score&quot;:&quot;4.8&quot;,&quot;starsonly&quot;:&quot;&quot;,&quot;best&quot;:&quot;5&quot;,&quot;gap&quot;:&quot;5&quot;,&quot;greet&quot;:&quot;Rate this product&quot;,&quot;legend&quot;:&quot;4.8\\\/5 - (26 votes)&quot;,&quot;size&quot;:&quot;24&quot;,&quot;title&quot;:&quot;Peanut harvesting machine | Groundnut harvester&quot;,&quot;width&quot;:&quot;136.7&quot;,&quot;_legend&quot;:&quot;{score}\\\/{best} - ({count} {votes})&quot;,&quot;font_factor&quot;:&quot;1.25&quot;}'>              <div class=\"kksr-stars\">      <div class=\"kksr-stars-inactive\">             <div class=\"kksr-star\" data-star=\"1\" style=\"padding-right: 5px\">               <div class=\"kksr-icon\" style=\"width: 24px; height: 24px;\"><\/div>         <\/div>             <div class=\"kksr-star\" data-star=\"2\" style=\"padding-right: 5px\">               <div class=\"kksr-icon\" style=\"width: 24px; height: 24px;\"><\/div>         <\/div>             <div class=\"kksr-star\" data-star=\"3\" style=\"padding-right: 5px\">               <div class=\"kksr-icon\" style=\"width: 24px; height: 24px;\"><\/div>         <\/div>             <div class=\"kksr-star\" data-star=\"4\" style=\"padding-right: 5px\">               <div class=\"kksr-icon\" style=\"width: 24px; height: 24px;\"><\/div>         <\/div>             <div class=\"kksr-star\" data-star=\"5\" style=\"padding-right: 5px\">               <div class=\"kksr-icon\" style=\"width: 24px; height: 24px;\"><\/div>         <\/div>     <\/div>      <div class=\"kksr-stars-active\" style=\"width: 136.7px;\">             <div class=\"kksr-star\" style=\"padding-right: 5px\">               <div class=\"kksr-icon\" style=\"width: 24px; height: 24px;\"><\/div>         <\/div>             <div class=\"kksr-star\" style=\"padding-right: 5px\">               <div class=\"kksr-icon\" style=\"width: 24px; height: 24px;\"><\/div>         <\/div>             <div class=\"kksr-star\" style=\"padding-right: 5px\">               <div class=\"kksr-icon\" style=\"width: 24px; height: 24px;\"><\/div>         <\/div>             <div class=\"kksr-star\" style=\"padding-right: 5px\">               <div class=\"kksr-icon\" style=\"width: 24px; height: 24px;\"><\/div>         <\/div>             <div class=\"kksr-star\" style=\"padding-right: 5px\">               <div class=\"kksr-icon\" style=\"width: 24px; height: 24px;\"><\/div>         <\/div>     <\/div> <\/div>                   <div class=\"kksr-legend\" style=\"font-size: 19.2px;\">             4,8\/5 - (26 votos)    <\/div>     <\/div>  <p class=\"translation-block\">A <strong>M\u00e1quina de colheita de amendoins<\/strong> simplifica o processo de colheita de amendoins, combinando fun\u00e7\u00f5es de escava\u00e7\u00e3o, afrouxamento, transporte, sacudidela e deitar. Alimentada por tratores com mais de 30 cavalos, esta m\u00e1quina oferece efici\u00eancia excecional e um processo operacional suave, minimizando a queda de fruto e garantindo resultados de alta qualidade. <\/p>    <p class=\"translation-block\">Com uma capacidade de <strong>1300-2000\u33a1\/h<\/strong>, \u00e9 ideal para a produ\u00e7\u00e3o de amendoins em grande escala. As nossas m\u00e1quinas de colheita de amendoins foram amplamente exportadas para pa\u00edses como It\u00e1lia, Senegal, \u00c1frica do Sul e Gana, onde s\u00e3o altamente elogiadas pela sua fiabilidade e desempenho.<\/p>    <figure class=\"wp-block-embed is-type-video is-provider-youtube wp-block-embed-youtube wp-embed-aspect-16-9 wp-has-aspect-ratio\"><div class=\"wp-block-embed__wrapper\"> <iframe loading=\"lazy\" title=\"A arte da manuten\u00e7\u00e3o: manter as colheitadeiras de amendoim funcionando perfeitamente #cultivo #amendoim #amendoim\" width=\"500\" height=\"281\" src=\"https:\/\/www.youtube.com\/embed\/uj-5wb4jFbk?feature=oembed\" frameborder=\"0\" allow=\"accelerometer; autoplay; clipboard-write; encrypted-media; gyroscope; picture-in-picture; web-share\" referrerpolicy=\"strict-origin-when-cross-origin\" allowfullscreen><\/iframe> <\/div><figcaption class=\"wp-element-caption\">v\u00eddeo de trabalho da colheitadeira de amendoim<\/figcaption><\/figure>    <h2 class=\"wp-block-heading\" id=\"h-introduction-of-the-peanut-harvesting-equipment\">Vendo m\u00e1quina de colheita de amendoim<\/h2>    <p class=\"translation-block\">A <strong>m\u00e1quina de colheita de amendoim<\/strong> \u00e9 um equipamento montado em trator altamente eficiente, concebido para simplificar a colheita de amendoins. Funciona transmitindo pot\u00eancia atrav\u00e9s da Toma de For\u00e7a (PTO) do trator. <\/p>    <p>Esta m\u00e1quina combina fun\u00e7\u00f5es de escava\u00e7\u00e3o, agita\u00e7\u00e3o do solo e assentamento para fornecer um processo de colheita cont\u00ednuo, garantindo que os amendoins sejam extra\u00eddos com o m\u00ednimo de danos e preparados para processamento posterior.<\/p>    <figure class=\"wp-block-image size-full\"><img loading=\"lazy\" decoding=\"async\" width=\"720\" height=\"540\" src=\"https:\/\/taizyfarmequipment.com\/wp-content\/uploads\/2025\/04\/groundnut-collecting-machine.webp\" alt=\"M\u00e1quina de coleta de amendoim\" class=\"wp-image-4825\" srcset=\"https:\/\/taizyfarmequipment.com\/wp-content\/uploads\/2025\/04\/groundnut-collecting-machine.webp 720w, https:\/\/taizyfarmequipment.com\/wp-content\/uploads\/2025\/04\/groundnut-collecting-machine-300x225.webp 300w, https:\/\/taizyfarmequipment.com\/wp-content\/uploads\/2025\/04\/groundnut-collecting-machine-16x12.webp 16w\" sizes=\"auto, (max-width: 720px) 100vw, 720px\" \/><figcaption class=\"wp-element-caption\">M\u00e1quina de coleta de amendoim<\/figcaption><\/figure>    <h2 class=\"wp-block-heading\">Principais componentes da m\u00e1quina de colheita de amendoim<\/h2>    <div class=\"wp-block-media-text has-media-on-the-right is-stacked-on-mobile\"><div class=\"wp-block-media-text__content\"> <p>A m\u00e1quina de colheita de amendoim inclui principalmente uma p\u00e1 de escava\u00e7\u00e3o, tomada de for\u00e7a, estrutura, correia transportadora, peneira vibrat\u00f3ria, alavanca de transmiss\u00e3o, sa\u00edda c\u00f4nica e rodas. <\/p>    <p>Toda a m\u00e1quina possui estrutura compacta, opera\u00e7\u00e3o simples e alta efici\u00eancia de trabalho.<\/p> <\/div><figure class=\"wp-block-media-text__media\"><img loading=\"lazy\" decoding=\"async\" width=\"720\" height=\"540\" src=\"https:\/\/taizyfarmequipment.com\/wp-content\/uploads\/2022\/04\/groundnut-harvesting-machine0.jpg\" alt=\"m\u00e1quina de colheita de amendoim\" class=\"wp-image-3219 size-full\"\/><\/figure><\/div>    <h2 class=\"wp-block-heading\"><strong>Como funciona a m\u00e1quina de colheita de amendoim?<\/strong>?<\/h2>    <div class=\"wp-block-media-text is-stacked-on-mobile\"><figure class=\"wp-block-media-text__media\"><img loading=\"lazy\" decoding=\"async\" width=\"720\" height=\"540\" src=\"https:\/\/taizyfarmequipment.com\/wp-content\/uploads\/2022\/04\/groundnut-harvester_720_540.jpg\" alt=\"colheitadeira de amendoim\" class=\"wp-image-3217 size-full\"\/><\/figure><div class=\"wp-block-media-text__content\"> <ul class=\"wp-block-list\"> <li><strong>Cavando e levantando<\/strong> <ul class=\"wp-block-list\"> <li>A p\u00e1 de escava\u00e7\u00e3o corta a raiz de torneira da planta de amendoim, aproximadamente 10 cm abaixo da superf\u00edcie do solo.<\/li>    <li>Os amendoins surgem do solo ao longo da superf\u00edcie da p\u00e1, minimizando a interrup\u00e7\u00e3o.<\/li> <\/ul> <\/li>    <li><strong>Separa\u00e7\u00e3o do solo<\/strong> <ul class=\"wp-block-list\"> <li>As barras de grade na parte traseira da p\u00e1 permitem que o solo escape com efici\u00eancia.<\/li>    <li>Esse recurso garante que plantas de amendoim limpas sejam colocadas em tiras, prontas para coleta.<\/li> <\/ul> <\/li>    <li><strong>Coleta manual<\/strong> <ul class=\"wp-block-list\"> <li>Depois de dispostos em tiras, os amendoins s\u00e3o recolhidos manualmente e preparados para posterior processamento.<\/li> <\/ul> <\/li> <\/ul> <\/div><\/div>    <h2 class=\"wp-block-heading\"><strong>Equipamento adicional para processamento de amendoim<\/strong><\/h2>    <ul class=\"wp-block-list\"> <li><strong><a href=\"https:\/\/taizyfarmequipment.com\/pt\/produto\/colhedor-de-amendoim\/\" data-type=\"link\" data-id=\"https:\/\/taizyfarmequipment.com\/product\/peanut-picker\/\">Colhedor de amendoim<\/a><\/strong>. Separa facilmente o amendoim das mudas, agilizando as opera\u00e7\u00f5es p\u00f3s-colheita.<\/li>    <li><strong><a href=\"https:\/\/taizyfarmequipment.com\/pt\/produto\/maquina-combinada-de-descascar-e-limpar-amendoim\/\" data-type=\"link\" data-id=\"https:\/\/taizyfarmequipment.com\/product\/combined-peanut-shelling-and-cleaning-machine\/\">Descascador de amendoim<\/a><\/strong>. Processa o amendoim colhido com alto n\u00edvel de precis\u00e3o, garantindo resultados limpos e baixo \u00edndice de quebra.<\/li> <\/ul>    <figure class=\"wp-block-gallery has-nested-images columns-default is-cropped wp-block-gallery-2 is-layout-flex wp-block-gallery-is-layout-flex\"> <figure class=\"wp-block-image size-large\"><img loading=\"lazy\" decoding=\"async\" width=\"720\" height=\"540\" data-id=\"4315\" src=\"https:\/\/taizyfarmequipment.com\/wp-content\/uploads\/2024\/01\/peanut-picker-machine-price.webp\" alt=\"pre\u00e7o da m\u00e1quina selecionadora de amendoim\" class=\"wp-image-4315\" srcset=\"https:\/\/taizyfarmequipment.com\/wp-content\/uploads\/2024\/01\/peanut-picker-machine-price.webp 720w, https:\/\/taizyfarmequipment.com\/wp-content\/uploads\/2024\/01\/peanut-picker-machine-price-300x225.webp 300w\" sizes=\"auto, (max-width: 720px) 100vw, 720px\" \/><figcaption class=\"wp-element-caption\">pre\u00e7o da m\u00e1quina selecionadora de amendoim<\/figcaption><\/figure>    <figure class=\"wp-block-image size-large\"><img loading=\"lazy\" decoding=\"async\" width=\"720\" height=\"540\" data-id=\"4154\" src=\"https:\/\/taizyfarmequipment.com\/wp-content\/uploads\/2023\/07\/Automatic-peanut-sheller-1-1.webp\" alt=\"descascador de amendoim autom\u00e1tico\" class=\"wp-image-4154\"\/><figcaption class=\"wp-element-caption\">descascador de amendoim autom\u00e1tico<\/figcaption><\/figure> <\/figure>    <p class=\"translation-block\">Esta <strong>M\u00e1quina de colheita de amendoins<\/strong> \u00e9 ideal para agricultores que procuram efici\u00eancia e desempenho de alta qualidade. O seu design \u00e9 adequado para v\u00e1rios tipos de solo e condi\u00e7\u00f5es de colheita, tornando-a um investimento valioso para opera\u00e7\u00f5es agr\u00edcolas em grande escala. Contacte-nos hoje para mais detalhes sobre disponibilidade e personaliza\u00e7\u00e3o!<\/p>    <h2 class=\"wp-block-heading\">Qual a fun\u00e7\u00e3o de cada parte da colhedora de amendoim?<\/h2>    <p class=\"translation-block\">A <strong>m\u00e1quina de colheita de amendoins<\/strong> \u00e9 uma ferramenta agr\u00edcola sofisticada com v\u00e1rios componentes, cada um concebido para executar tarefas espec\u00edficas. Estas partes funcionam em conjunto de forma harmoniosa para garantir uma colheita de amendoins eficiente e de alta qualidade.<\/p>    <h3 class=\"wp-block-heading\"><strong>Componentes principais e suas fun\u00e7\u00f5es<\/strong><\/h3>    <div class=\"wp-block-media-text is-stacked-on-mobile\"><figure class=\"wp-block-media-text__media\"><img loading=\"lazy\" decoding=\"async\" width=\"720\" height=\"540\" src=\"https:\/\/taizyfarmequipment.com\/wp-content\/uploads\/2022\/04\/structure-of-the-peanut-harvesting-equipmeny-0.jpg\" alt=\"estrutura da m\u00e1quina de colheita de amendoim\" class=\"wp-image-3226 size-full\"\/><\/figure><div class=\"wp-block-media-text__content\"> <ul class=\"wp-block-list\"> <li>A l\u00e2mina de escava\u00e7\u00e3o penetra suavemente no solo e remove amendoins sem danos, preservando sua qualidade para o processamento p\u00f3s-colheita.<\/li>    <li>O sistema de Tomada de For\u00e7a (PTO) transfere pot\u00eancia do trator para a colheitadeira, acionando v\u00e1rias fun\u00e7\u00f5es da m\u00e1quina para uma opera\u00e7\u00e3o suave.<\/li> <\/ul> <\/div><\/div>    <div class=\"wp-block-media-text has-media-on-the-right is-stacked-on-mobile\"><div class=\"wp-block-media-text__content\"> <ul class=\"wp-block-list\"> <li>O mecanismo de transporte leva os amendoins escavados para a pr\u00f3xima fase de processamento, garantindo um fluxo de trabalho cont\u00ednuo e eficiente.<\/li>    <li>A tela de vibra\u00e7\u00e3o remove solo e detritos das vagens de amendoim, mantendo-as limpas e prontas para manuseio adicional.<\/li>    <li>A sa\u00edda angular de precis\u00e3o organiza amendoins e mudas em fileiras ordenadas, facilitando a coleta de forma mais eficiente.<\/li> <\/ul> <\/div><figure class=\"wp-block-media-text__media\"><img loading=\"lazy\" decoding=\"async\" width=\"720\" height=\"540\" src=\"https:\/\/taizyfarmequipment.com\/wp-content\/uploads\/2022\/04\/automatic-Peanut-harvesting-equipment.webp\" alt=\"equipamento autom\u00e1tico de colheita de amendoim\" class=\"wp-image-4437 size-full\" srcset=\"https:\/\/taizyfarmequipment.com\/wp-content\/uploads\/2022\/04\/automatic-Peanut-harvesting-equipment.webp 720w, https:\/\/taizyfarmequipment.com\/wp-content\/uploads\/2022\/04\/automatic-Peanut-harvesting-equipment-300x225.webp 300w, https:\/\/taizyfarmequipment.com\/wp-content\/uploads\/2022\/04\/automatic-Peanut-harvesting-equipment-16x12.webp 16w\" sizes=\"auto, (max-width: 720px) 100vw, 720px\" \/><\/figure><\/div>    <p class=\"translation-block\">A <strong>m\u00e1quina de colheita de amendoins<\/strong> combina estes componentes para proporcionar um processo de colheita suave, eficiente e de alto rendimento. Isto faz dela uma ferramenta indispens\u00e1vel para as opera\u00e7\u00f5es modernas de cultivo de amendoins.<\/p>    <h2 class=\"wp-block-heading\">Qual \u00e9 a especifica\u00e7\u00e3o detalhada de uma colheitadeira autom\u00e1tica de amendoim?<\/h2>    <figure class=\"wp-block-table\"><table><tbody><tr><td>Modelo<\/td><td>HS-800<\/td><\/tr><tr><td>Poder<\/td><td>Trator 20-35HP<\/td><\/tr><tr><td>Capacidade<\/td><td>1300-2000\u33a1\/h<\/td><\/tr><tr><td>Largura da colheita<\/td><td>800 mm<\/td><\/tr><tr><td>Peso<\/td><td>280kg<\/td><\/tr><tr><td>Tamanho<\/td><td>2100*1050*1030mm<\/td><\/tr><tr><td>Taxa de embalagem<\/td><td>\u226598%<\/td><\/tr><tr><td>Taxa de quebra<\/td><td>\u22641%<\/td><\/tr><tr><td>Taxa de limpeza<\/td><td>\u226595%<\/td><\/tr><tr><td>Largura da colheitadeira<\/td><td>duas linhas<\/td><\/tr><tr><td>Dist\u00e2ncia entre linhas<\/td><td>750-850mm<\/td><\/tr><tr><td>Espa\u00e7amento entre linhas<\/td><td>180-250 mm<\/td><\/tr><tr><td>Dimens\u00e3o<\/td><td>2100*1050*1030mm<\/td><\/tr><\/tbody><\/table><figcaption class=\"wp-element-caption\">Especifica\u00e7\u00e3o autom\u00e1tica de amendoim colheita<\/figcaption><\/figure>    <h2 class=\"wp-block-heading\">Como funciona uma colheitadeira autom\u00e1tica de amendoim?<\/h2>    <figure class=\"wp-block-embed is-type-video is-provider-youtube wp-block-embed-youtube wp-embed-aspect-16-9 wp-has-aspect-ratio\"><div class=\"wp-block-embed__wrapper\"> <iframe loading=\"lazy\" title=\"Como uma colheitadeira de amendoim aumenta a produtividade agr\u00edcola! #amendoim #amendoim #agricultura #agricultura\" width=\"500\" height=\"281\" src=\"https:\/\/www.youtube.com\/embed\/pwE8-4GJ9Hs?feature=oembed\" frameborder=\"0\" allow=\"accelerometer; autoplay; clipboard-write; encrypted-media; gyroscope; picture-in-picture; web-share\" referrerpolicy=\"strict-origin-when-cross-origin\" allowfullscreen><\/iframe> <\/div><figcaption class=\"wp-element-caption\">Processo de trabalho da m\u00e1quina colheita de amendoim<\/figcaption><\/figure>    <h2 class=\"wp-block-heading\">Quais s\u00e3o as vantagens da colhedora de amendoim?<\/h2>    <div class=\"wp-block-media-text is-stacked-on-mobile\"><figure class=\"wp-block-media-text__media\"><img loading=\"lazy\" decoding=\"async\" width=\"720\" height=\"540\" src=\"https:\/\/taizyfarmequipment.com\/wp-content\/uploads\/2022\/04\/peanut-harvesting-equipment-2.jpg\" alt=\"equipamento de colheita de amendoim\" class=\"wp-image-3220 size-full\"\/><\/figure><div class=\"wp-block-media-text__content\"> <ul class=\"wp-block-list\"> <li>A m\u00e1quina de colheita de amendoim oferece efici\u00eancia excepcional ao manter opera\u00e7\u00f5es de colheita suaves e cont\u00ednuas.<\/li>    <li>Uma tela vibrat\u00f3ria integrada garante resultados de colheita limpos, removendo efetivamente solo e areia das vagens de amendoim.<\/li> <\/ul> <\/div><\/div>    <div class=\"wp-block-media-text has-media-on-the-right is-stacked-on-mobile\"><div class=\"wp-block-media-text__content\"> <ul class=\"wp-block-list\"> <li>A m\u00e1quina tem uma baixa taxa de falhas gra\u00e7as ao seu robusto sistema acionado por corrente e design bem projetado.<\/li>    <li>Ela oferece versatilidade na adapta\u00e7\u00e3o ao solo, apresentando bom desempenho em terras secas, \u00e1reas \u00famidas, solos arenosos e terrenos mistos.<\/li>    <li>O sistema acionado por corrente permite uma suave agita\u00e7\u00e3o do solo e transporte de amendoins, reduzindo a manuten\u00e7\u00e3o e aumentando a durabilidade.<\/li> <\/ul> <\/div><figure class=\"wp-block-media-text__media\"><img loading=\"lazy\" decoding=\"async\" width=\"720\" height=\"540\" src=\"https:\/\/taizyfarmequipment.com\/wp-content\/uploads\/2022\/04\/small-groundnut-harvester-3.jpg\" alt=\"pequena colheitadeira de amendoim \" class=\"wp-image-3221 size-full\"\/><\/figure><\/div>    <h2 class=\"wp-block-heading\">Problemas comuns e solu\u00e7\u00f5es de colheitadeiras de amendoim<\/h2>   <div id=\"rank-math-faq\" class=\"rank-math-block\"> <div class=\"rank-math-list\"> <div id=\"faq-question-1709869754644\" class=\"rank-math-list-item\"> <h3 class=\"rank-math-question\">1. A fuselagem est\u00e1 inst\u00e1vel<\/h3> <div class=\"rank-math-answer\">  <p>H\u00e1 um problema com o balan\u00e7o da colhedora de amendoim. <br \/>Solu\u00e7\u00e3o: ajuste o comprimento da barra de liga\u00e7\u00e3o para ajustar.<\/p>  <\/div> <\/div> <div id=\"faq-question-1709869762896\" class=\"rank-math-list-item\"> <h3 class=\"rank-math-question\">2. A remo\u00e7\u00e3o do solo n\u00e3o \u00e9 boa<\/h3> <div class=\"rank-math-answer\">  <p>A raz\u00e3o \u00e9 que a p\u00e1 de escava\u00e7\u00e3o est\u00e1 muito profunda no solo, resultando na redu\u00e7\u00e3o da for\u00e7a de giro. <br \/>Solu\u00e7\u00e3o: ajuste o comprimento da barra de liga\u00e7\u00e3o central.<\/p>  <\/div> <\/div> <div id=\"faq-question-1709869774526\" class=\"rank-math-list-item\"> <h3 class=\"rank-math-question\">3. Perca mais frutas<\/h3> <div class=\"rank-math-answer\">  <p>Mais queda de frutas \u00e9 causada pelo fato de a p\u00e1 de escava\u00e7\u00e3o ser elevada muito alto. <br \/>Solu\u00e7\u00e3o: estender o comprimento do tirante central pode resolver o problema de queda excessiva de frutas.<\/p>  <\/div> <\/div> <\/div> <\/div>   <figure class=\"wp-block-image size-large\"><img loading=\"lazy\" decoding=\"async\" width=\"720\" height=\"540\" src=\"https:\/\/taizyfarmequipment.com\/wp-content\/uploads\/2022\/04\/Peanut-harvesting-equipment-with-a-good-price.webp\" alt=\"Equipamento para colheita de amendoim com bom pre\u00e7o\" class=\"wp-image-4439\" srcset=\"https:\/\/taizyfarmequipment.com\/wp-content\/uploads\/2022\/04\/Peanut-harvesting-equipment-with-a-good-price.webp 720w, https:\/\/taizyfarmequipment.com\/wp-content\/uploads\/2022\/04\/Peanut-harvesting-equipment-with-a-good-price-300x225.webp 300w, https:\/\/taizyfarmequipment.com\/wp-content\/uploads\/2022\/04\/Peanut-harvesting-equipment-with-a-good-price-16x12.webp 16w\" sizes=\"auto, (max-width: 720px) 100vw, 720px\" \/><figcaption class=\"wp-element-caption\">Equipamento para colheita de amendoim com bom pre\u00e7o<\/figcaption><\/figure>    <h2 class=\"wp-block-heading\">Colheitadeira de amendoim com trator ambulante vendida ao Senegal<\/h2>    <p class=\"translation-block\">A nossa empresa ajudou recentemente um cliente do Senegal a seleccionar a <strong>m\u00e1quina de colheita de amendoim<\/strong> ideal para as suas necessidades agr\u00edcolas. Ap\u00f3s uma consulta cuidadosa, a <strong>m\u00e1quina de colheita de amendoim montada em motocultivador<\/strong> revelou-se a solu\u00e7\u00e3o perfeita. Eis como decorreu o processo:<\/p>    <h4 class=\"wp-block-heading\"><strong>1. Comunica\u00e7\u00e3o perfeita<\/strong><\/h4>    <ul class=\"wp-block-list\"> <li>Ao receber a consulta do cliente, nosso gerente de neg\u00f3cios prontamente iniciou o contato atrav\u00e9s do WhatsApp, garantindo uma comunica\u00e7\u00e3o clara e eficiente.<\/li>    <li>Todas as d\u00favidas e preocupa\u00e7\u00f5es foram respondidas em tempo real, proporcionando ao cliente confian\u00e7a na sua decis\u00e3o de compra.<\/li> <\/ul>    <h4 class=\"wp-block-heading\"><strong>2. Solu\u00e7\u00f5es personalizadas<\/strong><\/h4>    <ul class=\"wp-block-list\"> <li>O autom\u00e1tico <strong>m\u00e1quina colheitadeira de amendoim<\/strong> Foi encontrado alinhado perfeitamente com os requisitos do cliente para tarefas di\u00e1rias de colheita.<\/li>    <li>Sua acessibilidade garantiu o atendimento ao or\u00e7amento do cliente, tornando-o uma excelente op\u00e7\u00e3o para suas opera\u00e7\u00f5es.<\/li> <\/ul>    <figure class=\"wp-block-image size-large\"><img loading=\"lazy\" decoding=\"async\" width=\"720\" height=\"540\" src=\"https:\/\/taizyfarmequipment.com\/wp-content\/uploads\/2022\/04\/peanut-harvester1.jpg\" alt=\"colheitadeira de amendoim\" class=\"wp-image-3218\" title=\"colheitadeira de amendoim\"\/><figcaption class=\"wp-element-caption\">colheitadeira de amendoim<\/figcaption><\/figure>    <h4 class=\"wp-block-heading\"><strong>3. Confirma\u00e7\u00e3o do pedido<\/strong><\/h4>    <ul class=\"wp-block-list\"> <li>Ap\u00f3s discuss\u00f5es e avalia\u00e7\u00f5es minuciosas, o cliente expressou satisfa\u00e7\u00e3o com o produto e fez um pedido para o <strong>colheitadeira de amendoim trator ambulante<\/strong>.<\/li> <\/ul>    <h4 class=\"wp-block-heading\"><strong>4. Embalagem e envio<\/strong><\/h4>    <ul class=\"wp-block-list\"> <li>O equipamento foi cuidadosamente embalado para evitar danos durante o transporte.<\/li>    <li>Foi implementado um plano de envio detalhado, garantindo que o produto seria entregue prontamente e em excelentes condi\u00e7\u00f5es para o Senegal.<\/li> <\/ul>    <p class=\"translation-block\">Esta colabora\u00e7\u00e3o bem-sucedida destaca o nosso compromisso em fornecer <strong><a href=\"https:\/\/en.wikipedia.org\/wiki\/Peanut\" data-type=\"link\" data-id=\"https:\/\/en.wikipedia.org\/wiki\/Peanut\" target=\"_blank\" rel=\"noopener\">colhedoras de amendoins<\/a><\/strong> de alta qualidade que respondem \u00e0s necessidades \u00fanicas dos nossos clientes internacionais.<\/p>    <figure class=\"wp-block-image size-large\"><img loading=\"lazy\" decoding=\"async\" width=\"720\" height=\"540\" src=\"https:\/\/taizyfarmequipment.com\/wp-content\/uploads\/2022\/04\/wooden-case-packing-od-peanut-harvesting-equipment-.jpg\" alt=\"embalagem em caixa de madeira para equipamento de colheita de amendoim\" class=\"wp-image-3222\" title=\"embalagem em caixa de madeira para equipamento de colheita de amendoim \"\/><figcaption class=\"wp-element-caption\">embalagem em caixa de madeira para equipamento de colheita de amendoim<\/figcaption><\/figure>    <h2 class=\"wp-block-heading\">Escolha nossa m\u00e1quina de colheita de amendoim<\/h2>    <p>A nossa m\u00e1quina de colheita de amendoim combina alta efici\u00eancia, colheita limpa e forte adaptabilidade a diferentes tipos de solo\u2014tornando-a uma solu\u00e7\u00e3o ideal para a agricultura moderna de amendoim. <\/p>    <p>Se est\u00e1 \u00e0 procura de melhorar o seu processo de colheita, entre em contacto connosco hoje para obter um or\u00e7amento competitivo e apoio personalizado!<\/p>","protected":false},"excerpt":{"rendered":"<p>A m\u00e1quina de colheita de amendoim agiliza o processo de colheita de amendoim, combinando fun\u00e7\u00f5es de escava\u00e7\u00e3o, afrouxamento, transporte, agita\u00e7\u00e3o e assentamento. <\/p>","protected":false},"author":1,"featured_media":3216,"parent":0,"template":"","tags":[267,269,272,266,270,271,268],"product-type":[128],"class_list":["post-3215","product","type-product","status-publish","has-post-thumbnail","hentry","tag-4-row-peanut-planter","tag-groundnut-planting-machine","tag-multi-functional-peanut-planter","tag-peanut-planter","tag-peanut-planter-for-sale","tag-peanut-sowing-machine","tag-twin-row-peanut-planter","product-type-harvester"],"_links":{"self":[{"href":"https:\/\/taizyfarmequipment.com\/pt\/wp-json\/wp\/v2\/product\/3215","targetHints":{"allow":["GET"]}}],"collection":[{"href":"https:\/\/taizyfarmequipment.com\/pt\/wp-json\/wp\/v2\/product"}],"about":[{"href":"https:\/\/taizyfarmequipment.com\/pt\/wp-json\/wp\/v2\/types\/product"}],"author":[{"embeddable":true,"href":"https:\/\/taizyfarmequipment.com\/pt\/wp-json\/wp\/v2\/users\/1"}],"wp:featuredmedia":[{"embeddable":true,"href":"https:\/\/taizyfarmequipment.com\/pt\/wp-json\/wp\/v2\/media\/3216"}],"wp:attachment":[{"href":"https:\/\/taizyfarmequipment.com\/pt\/wp-json\/wp\/v2\/media?parent=3215"}],"wp:term":[{"taxonomy":"post_tag","embeddable":true,"href":"https:\/\/taizyfarmequipment.com\/pt\/wp-json\/wp\/v2\/tags?post=3215"},{"taxonomy":"product-type","embeddable":true,"href":"https:\/\/taizyfarmequipment.com\/pt\/wp-json\/wp\/v2\/product-type?post=3215"}],"curies":[{"name":"wp","href":"https:\/\/api.w.org\/{rel}","templated":true}]}}