{"id":3228,"date":"2022-04-18T10:58:07","date_gmt":"2022-04-18T10:58:07","guid":{"rendered":"https:\/\/taizyfarmequipment.com\/?post_type=product&#038;p=3228"},"modified":"2025-11-07T17:58:57","modified_gmt":"2025-11-07T09:58:57","slug":"moedor-de-martelo","status":"publish","type":"product","link":"https:\/\/taizyfarmequipment.com\/pt\/product\/hammer-mill-grinder\/","title":{"rendered":"Moedor de martelo | M\u00e1quina moedora de milho"},"content":{"rendered":"<div class=\"kk-star-ratings kksr-auto kksr-align-left kksr-valign-top\"     data-payload='{&quot;align&quot;:&quot;left&quot;,&quot;id&quot;:&quot;3228&quot;,&quot;slug&quot;:&quot;default&quot;,&quot;valign&quot;:&quot;top&quot;,&quot;ignore&quot;:&quot;&quot;,&quot;reference&quot;:&quot;auto&quot;,&quot;class&quot;:&quot;&quot;,&quot;count&quot;:&quot;23&quot;,&quot;legendonly&quot;:&quot;&quot;,&quot;readonly&quot;:&quot;&quot;,&quot;score&quot;:&quot;4.8&quot;,&quot;starsonly&quot;:&quot;&quot;,&quot;best&quot;:&quot;5&quot;,&quot;gap&quot;:&quot;5&quot;,&quot;greet&quot;:&quot;Rate this product&quot;,&quot;legend&quot;:&quot;4.8\\\/5 - (23 votes)&quot;,&quot;size&quot;:&quot;24&quot;,&quot;title&quot;:&quot;Hammer mill grinder | Corn mill grinder machine&quot;,&quot;width&quot;:&quot;136.7&quot;,&quot;_legend&quot;:&quot;{score}\\\/{best} - ({count} {votes})&quot;,&quot;font_factor&quot;:&quot;1.25&quot;}'>              <div class=\"kksr-stars\">      <div class=\"kksr-stars-inactive\">             <div class=\"kksr-star\" data-star=\"1\" style=\"padding-right: 5px\">               <div class=\"kksr-icon\" style=\"width: 24px; height: 24px;\"><\/div>         <\/div>             <div class=\"kksr-star\" data-star=\"2\" style=\"padding-right: 5px\">               <div class=\"kksr-icon\" style=\"width: 24px; height: 24px;\"><\/div>         <\/div>             <div class=\"kksr-star\" data-star=\"3\" style=\"padding-right: 5px\">               <div class=\"kksr-icon\" style=\"width: 24px; height: 24px;\"><\/div>         <\/div>             <div class=\"kksr-star\" data-star=\"4\" style=\"padding-right: 5px\">               <div class=\"kksr-icon\" style=\"width: 24px; height: 24px;\"><\/div>         <\/div>             <div class=\"kksr-star\" data-star=\"5\" style=\"padding-right: 5px\">               <div class=\"kksr-icon\" style=\"width: 24px; height: 24px;\"><\/div>         <\/div>     <\/div>      <div class=\"kksr-stars-active\" style=\"width: 136.7px;\">             <div class=\"kksr-star\" style=\"padding-right: 5px\">               <div class=\"kksr-icon\" style=\"width: 24px; height: 24px;\"><\/div>         <\/div>             <div class=\"kksr-star\" style=\"padding-right: 5px\">               <div class=\"kksr-icon\" style=\"width: 24px; height: 24px;\"><\/div>         <\/div>             <div class=\"kksr-star\" style=\"padding-right: 5px\">               <div class=\"kksr-icon\" style=\"width: 24px; height: 24px;\"><\/div>         <\/div>             <div class=\"kksr-star\" style=\"padding-right: 5px\">               <div class=\"kksr-icon\" style=\"width: 24px; height: 24px;\"><\/div>         <\/div>             <div class=\"kksr-star\" style=\"padding-right: 5px\">               <div class=\"kksr-icon\" style=\"width: 24px; height: 24px;\"><\/div>         <\/div>     <\/div> <\/div>                   <div class=\"kksr-legend\" style=\"font-size: 19.2px;\">             4,8\/5 - (23 votos)    <\/div>     <\/div>  <p>O moinho de martelos moedor tritura palha e gr\u00e3os em part\u00edculas finas com alta efici\u00eancia. Ele processa uma ampla gama de materiais, incluindo palha, capim forrageiro e milho. V\u00e1rios modelos est\u00e3o dispon\u00edveis nesta s\u00e9rie, e cada modelo oferece uma sa\u00edda diferente para atender a requisitos espec\u00edficos de produ\u00e7\u00e3o.<\/p>    <p>Em termos de pot\u00eancia, o moinho de milho pode ser equipado com tr\u00eas tipos de pot\u00eancia: motor el\u00e9trico, motor diesel e motor a gasolina. Os clientes podem escolher de acordo com suas necessidades. <\/p>    <figure class=\"wp-block-embed is-type-video is-provider-youtube wp-block-embed-youtube wp-embed-aspect-16-9 wp-has-aspect-ratio\"><div class=\"wp-block-embed__wrapper\"> <iframe loading=\"lazy\" title=\"Solu\u00e7\u00f5es inovadoras de moagem: como os moinhos de martelo revolucionam seu fluxo de trabalho #cultivo #milho\" width=\"500\" height=\"281\" src=\"https:\/\/www.youtube.com\/embed\/F0NbuZuJLAw?feature=oembed\" frameborder=\"0\" allow=\"accelerometer; autoplay; clipboard-write; encrypted-media; gyroscope; picture-in-picture; web-share\" referrerpolicy=\"strict-origin-when-cross-origin\" allowfullscreen><\/iframe> <\/div><figcaption class=\"wp-element-caption\">V\u00eddeo de funcionamento do moedor de martelo<\/figcaption><\/figure>    <h2 class=\"wp-block-heading\">Quais materiais s\u00e3o adequados para o moedor de milho?<\/h2>    <p>O moedor de milho \u00e9 adequado para processar uma ampla gama de materiais. Ele mo\u00ed eficientemente gr\u00e3os como milho, trigo, arroz, soja e sorgo em p\u00f3 fino ou part\u00edculas grossas conforme necess\u00e1rio. <\/p>    <p>Al\u00e9m de gr\u00e3os, ele tamb\u00e9m pode lidar com subprodutos agr\u00edcolas como palha, talos, cascas e feno, tornando-o ideal para prepara\u00e7\u00e3o de ra\u00e7\u00e3o e processamento de biomassa. Essa versatilidade permite que a m\u00e1quina atenda a v\u00e1rias ind\u00fastrias, incluindo produ\u00e7\u00e3o de alimentos, ra\u00e7\u00e3o animal e fabrica\u00e7\u00e3o de combust\u00edvel de biomassa.<\/p>    <figure class=\"wp-block-gallery has-nested-images columns-default is-cropped wp-block-gallery-2 is-layout-flex wp-block-gallery-is-layout-flex\"> <figure class=\"wp-block-image size-large\"><img loading=\"lazy\" decoding=\"async\" width=\"720\" height=\"540\" data-id=\"3232\" src=\"https:\/\/taizyfarmequipment.com\/wp-content\/uploads\/2022\/04\/420-hammer-mill-grinder0.jpg\" alt=\"Moedor de martelo 9FQ-420\" class=\"wp-image-3232\" title=\"Moedor de martelo 9FQ-420\"\/><figcaption class=\"wp-element-caption\">Moedor de martelo 9FQ-420<\/figcaption><\/figure>    <figure class=\"wp-block-image size-large\"><img loading=\"lazy\" decoding=\"async\" width=\"720\" height=\"540\" data-id=\"3233\" src=\"https:\/\/taizyfarmequipment.com\/wp-content\/uploads\/2022\/04\/500-high-speed-hammer-mill-0.jpg\" alt=\"Moinho de martelo 9FQ-500 de alta velocidade\" class=\"wp-image-3233\" title=\"Moinho de martelo 9FQ-500 de alta velocidade\"\/><figcaption class=\"wp-element-caption\">Moinho de martelo 9FQ-500 de alta velocidade<\/figcaption><\/figure> <\/figure>    <h2 class=\"wp-block-heading\" id=\"h-structure-of-hammer-mill-grinder\">Estrutura do moinho de martelo<\/h2>    <div class=\"wp-block-media-text is-stacked-on-mobile is-resized\"><figure class=\"wp-block-media-text__media\"><img loading=\"lazy\" decoding=\"async\" width=\"720\" height=\"540\" src=\"https:\/\/taizyfarmequipment.com\/wp-content\/uploads\/2022\/04\/hammer-mill-grinder0.jpg\" alt=\"moedor de martelo\" class=\"wp-image-3229 size-full\"\/><\/figure><div class=\"wp-block-media-text__content\"> <ul class=\"wp-block-list\"> <li><strong>Base<\/strong>: Fornece estabilidade durante a opera\u00e7\u00e3o.<\/li>    <li><strong>Rotor<\/strong>: Aciona o movimento dos martelos para um esmagamento eficaz.<\/li>    <li><strong>Alimentador<\/strong>: Introduz mat\u00e9ria-prima na m\u00e1quina.<\/li>    <li><strong>C\u00e2mara de esmagamento<\/strong>: Possui martelos dur\u00e1veis \u200b\u200bde a\u00e7o de alto carbono para pulveriza\u00e7\u00e3o eficiente.<\/li>    <li><strong>Tela<\/strong>: Customiz\u00e1vel para controlar o tamanho das part\u00edculas do produto final.<\/li>    <li><strong>Ciclone<\/strong>: Coleta e descarrega materiais processados \u200b\u200bde forma eficiente, minimizando a poeira.<\/li> <\/ul> <\/div><\/div>    <h2 class=\"wp-block-heading\">Como funciona a m\u00e1quina moedor de milho?<\/h2>    <div class=\"wp-block-media-text has-media-on-the-right is-stacked-on-mobile\"><div class=\"wp-block-media-text__content\"> <ul class=\"wp-block-list\"> <li><strong>Alimenta\u00e7\u00e3o de materiais<\/strong>. As mat\u00e9rias-primas s\u00e3o introduzidas na c\u00e2mara de britagem atrav\u00e9s do alimentador para entrada controlada.<\/li>    <li><strong>Britagem em alta velocidade<\/strong>. Os martelos rotativos quebram os materiais rapidamente atrav\u00e9s de impacto e tritura\u00e7\u00e3o.<\/li>    <li><strong>Triagem e alta<\/strong>. Os materiais triturados passam pela peneira, que determina seu tamanho final, e s\u00e3o descarregados pela sa\u00edda.<\/li> <\/ul> <\/div><figure class=\"wp-block-media-text__media\"><img loading=\"lazy\" decoding=\"async\" width=\"720\" height=\"540\" src=\"https:\/\/taizyfarmequipment.com\/wp-content\/uploads\/2022\/04\/hammer-mill0.jpg\" alt=\"moinho de martelo\" class=\"wp-image-3234 size-full\"\/><\/figure><\/div>    <h2 class=\"wp-block-heading\">Par\u00e2metros da m\u00e1quina trituradora de martelo<\/h2>    <figure class=\"wp-block-table\"><table><tbody><tr><td>Modelo<\/td><td>Poder<\/td><td>Peso<\/td><td>Capacidade<\/td><td>Martelo<\/td><td>Di\u00e2metro da peneira<\/td><td>Tamanho (mm)<\/td><\/tr><tr><td>9FQ-320<\/td><td>2,2 kW<\/td><td>85kg<\/td><td>200kg\/hora<\/td><td>12 unidades<\/td><td>0,5-5 mm<\/td><td>1200*500*1000<\/td><\/tr><tr><td>9FQ-360<\/td><td>5,5 kW<\/td><td>130kg<\/td><td>600kg\/hora<\/td><td>12 unidades<\/td><td>0,5-5 mm<\/td><td>1200*600*1100<\/td><\/tr><tr><td>9FQ-420<\/td><td>7,5\/11 kW<\/td><td>220kg<\/td><td>1000kg\/hora<\/td><td>16 unidades<\/td><td>1,2-3 mm<\/td><td>1500*800*1400<\/td><\/tr><tr><td>9FQ-500<\/td><td>11\/15 kW<\/td><td>270kg<\/td><td>1500kg\/hora<\/td><td>16 unidades<\/td><td>1,2-3 mm<\/td><td>1500*1000*1600<\/td><\/tr><\/tbody><\/table><figcaption class=\"wp-element-caption\">par\u00e2metros do moedor de milho<\/figcaption><\/figure>    <figure class=\"wp-block-gallery has-nested-images columns-default is-cropped wp-block-gallery-3 is-layout-flex wp-block-gallery-is-layout-flex\"> <figure class=\"wp-block-image size-large\"><img loading=\"lazy\" decoding=\"async\" width=\"720\" height=\"540\" data-id=\"3230\" src=\"https:\/\/taizyfarmequipment.com\/wp-content\/uploads\/2022\/04\/320-hammer-mill-crusher0.jpg\" alt=\"Moinho de martelo 9FQ-320\" class=\"wp-image-3230\" title=\"Moinho de martelo 9FQ-320\"\/><figcaption class=\"wp-element-caption\">Moinho de martelo 9FQ-320<\/figcaption><\/figure>    <figure class=\"wp-block-image size-large\"><img loading=\"lazy\" decoding=\"async\" width=\"720\" height=\"540\" data-id=\"3231\" src=\"https:\/\/taizyfarmequipment.com\/wp-content\/uploads\/2022\/04\/360-corn-grinder0.jpg\" alt=\"Moedor de milho 9FQ-360\" class=\"wp-image-3231\" title=\"Moedor de milho 9FQ-360\"\/><figcaption class=\"wp-element-caption\">Moedor de milho 9FQ-360<\/figcaption><\/figure> <\/figure>    <h2 class=\"wp-block-heading\">Quais s\u00e3o as vantagens do moinho de martelo?<\/h2>    <ul class=\"wp-block-list\"> <li><strong>Ampla aplica\u00e7\u00e3o:<\/strong> Moagem de gr\u00e3os, leguminosas, palha, feno, lascas de madeira e outras biomassa para uso em alimentos, ra\u00e7\u00e3o ou combust\u00edvel.<\/li>    <li><strong>Moagem de alta efici\u00eancia:<\/strong> Equipado com 24 l\u00e2minas de martelo de alta velocidade para pulveriza\u00e7\u00e3o fina e uniforme.<\/li>    <li><strong>Tamanho de sa\u00edda ajust\u00e1vel:<\/strong> Malhas de tela intercambi\u00e1veis permitem controle flex\u00edvel do tamanho das part\u00edculas.<\/li>    <li><strong>Descarga \u00e0 prova de poeira:<\/strong> Sa\u00edda em estilo ciclone minimiza a dispers\u00e3o de p\u00f3 e mant\u00e9m o espa\u00e7o de trabalho limpo.<\/li>    <li><strong>Dur\u00e1vel e f\u00e1cil de usar:<\/strong> Constru\u00e7\u00e3o robusta garante desempenho est\u00e1vel com opera\u00e7\u00e3o e manuten\u00e7\u00e3o simples.<\/li> <\/ul>    <figure class=\"wp-block-image\"><img loading=\"lazy\" decoding=\"async\" width=\"720\" height=\"540\" src=\"https:\/\/taizyfarmequipment.com\/wp-content\/uploads\/2023\/12\/HAMMER-MILL-GRINDER.webp\" alt=\"MOINHO DE MARTELO\" class=\"wp-image-4245\" srcset=\"https:\/\/taizyfarmequipment.com\/wp-content\/uploads\/2023\/12\/HAMMER-MILL-GRINDER.webp 720w, https:\/\/taizyfarmequipment.com\/wp-content\/uploads\/2023\/12\/HAMMER-MILL-GRINDER-300x225.webp 300w\" sizes=\"auto, (max-width: 720px) 100vw, 720px\" \/><\/figure>    <h2 class=\"wp-block-heading\">Moinho de martelos de alta capacidade \u00e0 venda em Angola<\/h2>    <p>O cliente, radicado em Angola, \u00e9 especialista na pecu\u00e1ria bovina e ovina e buscava uma m\u00e1quina que melhorasse a efici\u00eancia e economizasse tempo. Depois de discutir seus requisitos espec\u00edficos, nosso experiente gerente de vendas recomendou o moinho de martelos 500, garantindo uma solu\u00e7\u00e3o personalizada que atendesse \u00e0s suas necessidades operacionais.<\/p>    <p>Impressionado com nosso profissionalismo e o suporte abrangente fornecido, o cliente optou com confian\u00e7a por adquirir o moinho de martelos 500. A m\u00e1quina foi meticulosamente embalada para garantir um transporte seguro e prontamente despachada ao cliente. Abaixo est\u00e1 uma representa\u00e7\u00e3o visual da embalagem cuidadosa e do processo de entrega pontual.<\/p>    <figure class=\"wp-block-gallery has-nested-images columns-default is-cropped wp-block-gallery-4 is-layout-flex wp-block-gallery-is-layout-flex\"> <figure class=\"wp-block-image size-large\"><img loading=\"lazy\" decoding=\"async\" width=\"720\" height=\"540\" data-id=\"3238\" src=\"https:\/\/taizyfarmequipment.com\/wp-content\/uploads\/2022\/04\/wooden-case-packaging0-1.jpg\" alt=\"embalagem em caixa de madeira\" class=\"wp-image-3238\" title=\"embalagem em caixa de madeira\"\/><figcaption class=\"wp-element-caption\">embalagem em caixa de madeira<\/figcaption><\/figure>    <figure class=\"wp-block-image size-large\"><img loading=\"lazy\" decoding=\"async\" width=\"720\" height=\"540\" data-id=\"3237\" src=\"https:\/\/taizyfarmequipment.com\/wp-content\/uploads\/2022\/04\/shipping-of-high-speed-grain-grinder-1.jpg\" alt=\"envio de moedor de gr\u00e3os de alta velocidade \" class=\"wp-image-3237\" title=\"envio de moedor de gr\u00e3os de alta velocidade \"\/><figcaption class=\"wp-element-caption\">envio de moedor de gr\u00e3os de alta velocidade <\/figcaption><\/figure> <\/figure>    <h2 class=\"wp-block-heading\">FAQ de <a href=\"https:\/\/en.wikipedia.org\/wiki\/Hammer_mill\" data-type=\"link\" data-id=\"https:\/\/en.wikipedia.org\/wiki\/Hammer_mill\" target=\"_blank\" rel=\"noopener\">moinho de martelo<\/a> m\u00e1quina de moagem<\/h2>   <div id=\"rank-math-faq\" class=\"rank-math-block\"> <div class=\"rank-math-list\"> <div id=\"faq-question-1705893362789\" class=\"rank-math-list-item\"> <h3 class=\"rank-math-question\">1. Que materiais este moedor de martelo pode manusear?<\/h3> <div class=\"rank-math-answer\">  <p>Pode manusear palha, forragem, espiga de milho, milho, etc.<\/p>  <\/div> <\/div> <div id=\"faq-question-1705893371674\" class=\"rank-math-list-item\"> <h3 class=\"rank-math-question\">2. Qual \u00e9 a pot\u00eancia da m\u00e1quina?<\/h3> <div class=\"rank-math-answer\">  <p>Motores el\u00e9tricos, motores diesel e gasolina.<\/p>  <\/div> <\/div> <div id=\"faq-question-1705893387700\" class=\"rank-math-list-item\"> <h3 class=\"rank-math-question\">3. A tela do moinho de martelo pode ser personalizada?<\/h3> <div class=\"rank-math-answer\">  <p>Sim, os clientes precisam informar suas necessidades com anteced\u00eancia.<\/p>  <\/div> <\/div> <div id=\"faq-question-1705893402977\" class=\"rank-math-list-item\"> <h3 class=\"rank-math-question\">4. A m\u00e1quina possui coletor de p\u00f3?<\/h3> <div class=\"rank-math-answer\">  <p>Exceto os modelos 320, todos os outros modelos possuem ciclones.<\/p>  <\/div> <\/div> <\/div> <\/div>   <figure class=\"wp-block-image size-full\"><img loading=\"lazy\" decoding=\"async\" width=\"720\" height=\"540\" src=\"https:\/\/taizyfarmequipment.com\/wp-content\/uploads\/2023\/12\/HAMMER-MILL-GRINDER-for-business.webp\" alt=\"MOINHO DE MARTELO para neg\u00f3cios\" class=\"wp-image-4242\" srcset=\"https:\/\/taizyfarmequipment.com\/wp-content\/uploads\/2023\/12\/HAMMER-MILL-GRINDER-for-business.webp 720w, https:\/\/taizyfarmequipment.com\/wp-content\/uploads\/2023\/12\/HAMMER-MILL-GRINDER-for-business-300x225.webp 300w\" sizes=\"auto, (max-width: 720px) 100vw, 720px\" \/><figcaption class=\"wp-element-caption\">MOINHO DE MARTELO para neg\u00f3cios<\/figcaption><\/figure>    <h2 class=\"wp-block-heading\">Contate-nos agora!<\/h2>    <p class=\"translation-block\">O moinho de martelos moedor oferece uma solu\u00e7\u00e3o poderosa e eficiente para processar uma ampla gama de materiais, desde gr\u00e3os e leguminosas at\u00e9 palha, talos e lascas de madeira. Ele tamb\u00e9m pode ser usado em conjunto com nosso <strong><a href=\"https:\/\/taizyfarmequipment.com\/pt\/produto\/maquina-cortadora-de-grama\/\" data-type=\"link\" data-id=\"https:\/\/taizyfarmequipment.com\/product\/grass-chopper-machine\/\">cortador de palha<\/a><\/strong> e <strong><a href=\"https:\/\/taizyfarmequipment.com\/pt\/produto\/enfardadeira-redonda-para-silagem\/\" data-type=\"link\" data-id=\"https:\/\/taizyfarmequipment.com\/product\/silage-round-baler\/\">embrulhador de silagem<\/a><\/strong> como um conjunto completo para processamento de ra\u00e7\u00e3o. <\/p>    <p class=\"translation-block\"><strong>Entre em contato conosco hoje para obter uma cota\u00e7\u00e3o personalizada e encontrar o modelo ideal para suas necessidades de produ\u00e7\u00e3o!<\/strong><\/p>    <figure class=\"wp-block-image size-large\"><img loading=\"lazy\" decoding=\"async\" width=\"720\" height=\"540\" src=\"https:\/\/taizyfarmequipment.com\/wp-content\/uploads\/2022\/04\/hammer-mill-feed-grinder0.jpg\" alt=\"moinho de martelo moedor de alimenta\u00e7\u00e3o\" class=\"wp-image-3235\" title=\"moinho de martelo moedor de alimenta\u00e7\u00e3o\"\/><figcaption class=\"wp-element-caption\">moinho de martelo moedor de alimenta\u00e7\u00e3o<\/figcaption><\/figure>","protected":false},"excerpt":{"rendered":"<p>O moinho de martelos moedor tritura palha e gr\u00e3os em part\u00edculas finas com alta efici\u00eancia.<\/p>","protected":false},"author":1,"featured_media":3239,"parent":0,"template":"","tags":[256,251,252,254,253,257,255],"product-type":[130],"class_list":["post-3228","product","type-product","status-publish","has-post-thumbnail","hentry","tag-corn-mill-grinder-machine","tag-hammer-crusher","tag-hammer-mill","tag-hammer-mill-feed-grinder","tag-hammer-mill-grinder","tag-hammer-pulverizer-machine-price","tag-high-speed-hammer-mill","product-type-corn-grains-grinding-equipment"],"_links":{"self":[{"href":"https:\/\/taizyfarmequipment.com\/pt\/wp-json\/wp\/v2\/product\/3228","targetHints":{"allow":["GET"]}}],"collection":[{"href":"https:\/\/taizyfarmequipment.com\/pt\/wp-json\/wp\/v2\/product"}],"about":[{"href":"https:\/\/taizyfarmequipment.com\/pt\/wp-json\/wp\/v2\/types\/product"}],"author":[{"embeddable":true,"href":"https:\/\/taizyfarmequipment.com\/pt\/wp-json\/wp\/v2\/users\/1"}],"wp:featuredmedia":[{"embeddable":true,"href":"https:\/\/taizyfarmequipment.com\/pt\/wp-json\/wp\/v2\/media\/3239"}],"wp:attachment":[{"href":"https:\/\/taizyfarmequipment.com\/pt\/wp-json\/wp\/v2\/media?parent=3228"}],"wp:term":[{"taxonomy":"post_tag","embeddable":true,"href":"https:\/\/taizyfarmequipment.com\/pt\/wp-json\/wp\/v2\/tags?post=3228"},{"taxonomy":"product-type","embeddable":true,"href":"https:\/\/taizyfarmequipment.com\/pt\/wp-json\/wp\/v2\/product-type?post=3228"}],"curies":[{"name":"wp","href":"https:\/\/api.w.org\/{rel}","templated":true}]}}