{"id":3275,"date":"2022-04-25T07:23:21","date_gmt":"2022-04-25T07:23:21","guid":{"rendered":"https:\/\/taizyfarmequipment.com\/?post_type=product&#038;p=3275"},"modified":"2024-10-18T15:05:53","modified_gmt":"2024-10-18T07:05:53","slug":"maquina-do-moinho-de-disco","status":"publish","type":"product","link":"https:\/\/taizyfarmequipment.com\/pt\/product\/disk-mill-machine\/","title":{"rendered":"M\u00e1quina fresadora de disco | M\u00e1quina moedora de gr\u00e3os | Triturador de gr\u00e3os com ciclone"},"content":{"rendered":"<div class=\"kk-star-ratings kksr-auto kksr-align-left kksr-valign-top\"     data-payload='{&quot;align&quot;:&quot;left&quot;,&quot;id&quot;:&quot;3275&quot;,&quot;slug&quot;:&quot;default&quot;,&quot;valign&quot;:&quot;top&quot;,&quot;ignore&quot;:&quot;&quot;,&quot;reference&quot;:&quot;auto&quot;,&quot;class&quot;:&quot;&quot;,&quot;count&quot;:&quot;17&quot;,&quot;legendonly&quot;:&quot;&quot;,&quot;readonly&quot;:&quot;&quot;,&quot;score&quot;:&quot;4.6&quot;,&quot;starsonly&quot;:&quot;&quot;,&quot;best&quot;:&quot;5&quot;,&quot;gap&quot;:&quot;5&quot;,&quot;greet&quot;:&quot;Rate this product&quot;,&quot;legend&quot;:&quot;4.6\\\/5 - (17 votes)&quot;,&quot;size&quot;:&quot;24&quot;,&quot;title&quot;:&quot;Disk mill machine | Grain grinder machine | Grain crusher with cyclone&quot;,&quot;width&quot;:&quot;130.9&quot;,&quot;_legend&quot;:&quot;{score}\\\/{best} - ({count} {votes})&quot;,&quot;font_factor&quot;:&quot;1.25&quot;}'>              <div class=\"kksr-stars\">      <div class=\"kksr-stars-inactive\">             <div class=\"kksr-star\" data-star=\"1\" style=\"padding-right: 5px\">               <div class=\"kksr-icon\" style=\"width: 24px; height: 24px;\"><\/div>         <\/div>             <div class=\"kksr-star\" data-star=\"2\" style=\"padding-right: 5px\">               <div class=\"kksr-icon\" style=\"width: 24px; height: 24px;\"><\/div>         <\/div>             <div class=\"kksr-star\" data-star=\"3\" style=\"padding-right: 5px\">               <div class=\"kksr-icon\" style=\"width: 24px; height: 24px;\"><\/div>         <\/div>             <div class=\"kksr-star\" data-star=\"4\" style=\"padding-right: 5px\">               <div class=\"kksr-icon\" style=\"width: 24px; height: 24px;\"><\/div>         <\/div>             <div class=\"kksr-star\" data-star=\"5\" style=\"padding-right: 5px\">               <div class=\"kksr-icon\" style=\"width: 24px; height: 24px;\"><\/div>         <\/div>     <\/div>      <div class=\"kksr-stars-active\" style=\"width: 130.9px;\">             <div class=\"kksr-star\" style=\"padding-right: 5px\">               <div class=\"kksr-icon\" style=\"width: 24px; height: 24px;\"><\/div>         <\/div>             <div class=\"kksr-star\" style=\"padding-right: 5px\">               <div class=\"kksr-icon\" style=\"width: 24px; height: 24px;\"><\/div>         <\/div>             <div class=\"kksr-star\" style=\"padding-right: 5px\">               <div class=\"kksr-icon\" style=\"width: 24px; height: 24px;\"><\/div>         <\/div>             <div class=\"kksr-star\" style=\"padding-right: 5px\">               <div class=\"kksr-icon\" style=\"width: 24px; height: 24px;\"><\/div>         <\/div>             <div class=\"kksr-star\" style=\"padding-right: 5px\">               <div class=\"kksr-icon\" style=\"width: 24px; height: 24px;\"><\/div>         <\/div>     <\/div> <\/div>                   <div class=\"kksr-legend\" style=\"font-size: 19.2px;\">             4,6\/5 - (17 votos)    <\/div>     <\/div>  <p>A m\u00e1quina moinho de disco \u00e9 um dispositivo de moagem altamente eficiente e vers\u00e1til, projetado para processar uma ampla gama de materiais em p\u00f3 fino. Suas principais vantagens incluem alta efici\u00eancia de moagem, distribui\u00e7\u00e3o uniforme de tamanho de part\u00edculas e constru\u00e7\u00e3o robusta. <\/p>    <p>A m\u00e1quina moedora de gr\u00e3os possui configura\u00e7\u00f5es de moagem ajust\u00e1veis \u200b\u200bpara atingir a finura desejada, tornando-a adequada para diversas aplica\u00e7\u00f5es, como processamento de alimentos, produtos farmac\u00eauticos e qu\u00edmicos. <\/p>    <p>Com discos dur\u00e1veis \u200b\u200bfeitos de materiais de alta qualidade, a fresadora de discos garante desempenho consistente e opera\u00e7\u00e3o duradoura. Seu design compacto e f\u00e1cil manuten\u00e7\u00e3o aumentam ainda mais seu apelo para opera\u00e7\u00f5es industriais e de pequena escala.<\/p>    <figure class=\"wp-block-gallery has-nested-images columns-default is-cropped wp-block-gallery-2 is-layout-flex wp-block-gallery-is-layout-flex\"> <figure class=\"wp-block-image size-large\"><img loading=\"lazy\" decoding=\"async\" width=\"720\" height=\"540\" data-id=\"4561\" src=\"https:\/\/taizyfarmequipment.com\/wp-content\/uploads\/2022\/04\/Disk-mill-machine-for-sale.webp\" alt=\"M\u00e1quina fresadora de disco para venda\" class=\"wp-image-4561\" srcset=\"https:\/\/taizyfarmequipment.com\/wp-content\/uploads\/2022\/04\/Disk-mill-machine-for-sale.webp 720w, https:\/\/taizyfarmequipment.com\/wp-content\/uploads\/2022\/04\/Disk-mill-machine-for-sale-300x225.webp 300w, https:\/\/taizyfarmequipment.com\/wp-content\/uploads\/2022\/04\/Disk-mill-machine-for-sale-16x12.webp 16w\" sizes=\"auto, (max-width: 720px) 100vw, 720px\" \/><figcaption class=\"wp-element-caption\">M\u00e1quina fresadora de disco para venda<\/figcaption><\/figure>    <figure class=\"wp-block-image size-large\"><img loading=\"lazy\" decoding=\"async\" width=\"720\" height=\"540\" data-id=\"4562\" src=\"https:\/\/taizyfarmequipment.com\/wp-content\/uploads\/2022\/04\/Disk-mill-machine.webp\" alt=\"M\u00e1quina fresadora de disco\" class=\"wp-image-4562\" srcset=\"https:\/\/taizyfarmequipment.com\/wp-content\/uploads\/2022\/04\/Disk-mill-machine.webp 720w, https:\/\/taizyfarmequipment.com\/wp-content\/uploads\/2022\/04\/Disk-mill-machine-300x225.webp 300w, https:\/\/taizyfarmequipment.com\/wp-content\/uploads\/2022\/04\/Disk-mill-machine-16x12.webp 16w\" sizes=\"auto, (max-width: 720px) 100vw, 720px\" \/><figcaption class=\"wp-element-caption\">M\u00e1quina fresadora de disco<\/figcaption><\/figure> <\/figure>    <h2 class=\"wp-block-heading\" id=\"h-introduction-to-grain-crushing-machine\">Introdu\u00e7\u00e3o \u00e0 m\u00e1quina trituradora de gr\u00e3os<\/h2>    <p>Nossa Taizy fabrica uma grande variedade de trituradores de gr\u00e3os. Existem moinhos de disco, moedores de gr\u00e3os e trituradores de gr\u00e3os com ciclones, etc.<\/p>    <p>Todas essas m\u00e1quinas podem esmagar gr\u00e3os, materiais medicinais, alimentos, ra\u00e7\u00f5es, etc. Podemos comer o material processado ou us\u00e1-lo para criar aves, etc. .<\/p>    <p class=\"translation-block\">Al\u00e9m disso, tamb\u00e9m fabricamos m\u00e1quinas de descascar gr\u00e3os e m\u00e1quinas de fabrica\u00e7\u00e3o de farinha de milho <a href=\"https:\/\/taizyfarmequipment.com\/pt\/produto\/maquina-de-fazer-graos-de-milho\/\">grits-making machines<\/a>. Todas estas m\u00e1quinas podem ajudar a processar o gr\u00e3o facilmente.<\/p>    <figure class=\"wp-block-gallery has-nested-images columns-default is-cropped wp-block-gallery-3 is-layout-flex wp-block-gallery-is-layout-flex\"> <figure class=\"wp-block-image size-large\"><img loading=\"lazy\" decoding=\"async\" width=\"720\" height=\"540\" data-id=\"3278\" src=\"https:\/\/taizyfarmequipment.com\/wp-content\/uploads\/2022\/04\/disk-mill-machine0.jpg\" alt=\"m\u00e1quina do moinho de disco\" class=\"wp-image-3278\" title=\"m\u00e1quina do moinho de disco\"\/><figcaption class=\"wp-element-caption\">m\u00e1quina do moinho de disco<\/figcaption><\/figure>    <figure class=\"wp-block-image size-large\"><img loading=\"lazy\" decoding=\"async\" width=\"720\" height=\"540\" data-id=\"3279\" src=\"https:\/\/taizyfarmequipment.com\/wp-content\/uploads\/2022\/04\/grain-grinder-machine0.jpg\" alt=\"\" class=\"wp-image-3279\"\/><figcaption class=\"wp-element-caption\">m\u00e1quina moedora de gr\u00e3os<\/figcaption><\/figure>    <figure class=\"wp-block-image size-large\"><img loading=\"lazy\" decoding=\"async\" width=\"720\" height=\"540\" data-id=\"3280\" src=\"https:\/\/taizyfarmequipment.com\/wp-content\/uploads\/2022\/04\/corn-crushe0.jpg\" alt=\"\" class=\"wp-image-3280\"\/><figcaption class=\"wp-element-caption\">triturador de milho<\/figcaption><\/figure> <\/figure>    <h2 class=\"wp-block-heading\">Tipo 1: m\u00e1quina fresadora de disco<\/h2>    <p>Uma m\u00e1quina moinho de disco \u00e9 um equipamento especialmente capaz de esmagar todos os tipos de gr\u00e3os, alimentos, materiais medicinais, ra\u00e7\u00f5es, etc.<\/p>    <p>Esta fresa de disco tem uma estrutura compacta, opera\u00e7\u00e3o segura e conveniente, bela apar\u00eancia, baixo consumo de energia, desempenho est\u00e1vel e confi\u00e1vel e \u00e9 muito popular entre os usu\u00e1rios. <\/p>    <p>A pot\u00eancia do pulverizador pode ser um motor el\u00e9trico ou a gasolina. Os clientes podem escolher a pot\u00eancia de acordo com suas necessidades.<\/p>    <figure class=\"wp-block-image size-full\"><img loading=\"lazy\" decoding=\"async\" width=\"720\" height=\"540\" src=\"https:\/\/taizyfarmequipment.com\/wp-content\/uploads\/2022\/04\/disk-mill-machine10.jpg\" alt=\"m\u00e1quina do moinho de disco\" class=\"wp-image-3281\" title=\"m\u00e1quina do moinho de disco\"\/><figcaption class=\"wp-element-caption\">m\u00e1quina do moinho de disco<\/figcaption><\/figure>    <h3 class=\"wp-block-heading\">Que materiais a fresadora de disco pode manusear?<\/h3>    <p>A m\u00e1quina moinho de disco \u00e9 adequada para triturar milho, trigo, feij\u00e3o, palha, videiras, batatas secas e frescas, piment\u00f5es secos (frescos) com casca de folhas, materiais medicinais chineses, gr\u00e3os integrais, ra\u00e7\u00f5es, etc. <\/p>    <p>Tamb\u00e9m pode triturar minerais de baixa dureza, como gesso, p\u00f3 de chumbo, p\u00f3 de deslizamento, terras raras, ind\u00fastria qu\u00edmica, argila, carv\u00e3o, etc. Portanto, \u00e9 um equipamento ideal para uso comercial e dom\u00e9stico.<\/p>    <figure class=\"wp-block-image size-full\"><img loading=\"lazy\" decoding=\"async\" width=\"720\" height=\"540\" src=\"https:\/\/taizyfarmequipment.com\/wp-content\/uploads\/2022\/04\/Grains0.jpg\" alt=\"Gr\u00e3os\" class=\"wp-image-3290\" title=\"Gr\u00e3os\"\/><figcaption class=\"wp-element-caption\">Gr\u00e3os<\/figcaption><\/figure>    <h3 class=\"wp-block-heading\">Estrutura da fresadora de disco<\/h3>    <p>A fresadora de disco inclui principalmente seis partes: a parte superior do corpo, a tampa, o conjunto do rotor, a tela, o dispositivo de alimenta\u00e7\u00e3o e a estrutura. O corpo e o conjunto do rotor juntos formam uma c\u00e2mara de britagem. O conjunto do rotor \u00e9 a principal pe\u00e7a de trabalho. A britagem \u00e9 realizada na c\u00e2mara de britagem. A m\u00e1quina \u00e9 pequena, ocupa uma pequena \u00e1rea e possui alta efici\u00eancia de trabalho.<\/p>    <figure class=\"wp-block-image size-full\"><img loading=\"lazy\" decoding=\"async\" width=\"720\" height=\"540\" src=\"https:\/\/taizyfarmequipment.com\/wp-content\/uploads\/2022\/04\/disk-mill-machine-0.jpg\" alt=\"m\u00e1quina do moinho de disco\" class=\"wp-image-3282\" title=\"m\u00e1quina do moinho de disco\"\/><figcaption class=\"wp-element-caption\">m\u00e1quina do moinho de disco<\/figcaption><\/figure>    <h3 class=\"wp-block-heading\">Qual \u00e9 o princ\u00edpio de funcionamento da fresadora de disco?<\/h3>    <p>Quando o material entra na c\u00e2mara de britagem, a estrutura em forma de garra rapidamente transforma a m\u00e1quina em p\u00f3 fino e pasta sob a a\u00e7\u00e3o de sopro parcial. E tamb\u00e9m o amassamento dos dentes redondos e planos. Em seguida, \u00e9 descarregado atrav\u00e9s do orif\u00edcio da peneira sob a a\u00e7\u00e3o da for\u00e7a centr\u00edfuga e do fluxo de ar. <\/p>    <p>A retificadora de disco possui caracter\u00edsticas de estrutura simples, instala\u00e7\u00e3o, uso e manuten\u00e7\u00e3o convenientes e ampla faixa de utiliza\u00e7\u00e3o.<\/p>    <h3 class=\"wp-block-heading\">Par\u00e2metros da m\u00e1quina fresadora de disco&nbsp;&nbsp;&nbsp;<\/h3>    <figure class=\"wp-block-table\"><table><tbody><tr><td>Modelo<\/td><td>9FZ-280<\/td><\/tr><tr><td>Capacidade<\/td><td>300-500 kg\/hora<\/td><\/tr><tr><td>Peso<\/td><td>60kg<\/td><\/tr><tr><td>Tamanho<\/td><td>530*420*440mm<\/td><\/tr><\/tbody><\/table><figcaption class=\"wp-element-caption\">Par\u00e2metros do moedor de milho<\/figcaption><\/figure>    <h3 class=\"wp-block-heading\">Como funciona o moedor de milho?<\/h3>    <figure class=\"wp-block-embed is-type-video is-provider-youtube wp-block-embed-youtube wp-embed-aspect-16-9 wp-has-aspect-ratio\"><div class=\"wp-block-embed__wrapper\"> <iframe loading=\"lazy\" title=\"p\u00f3 muito fino! Moedor de disco ou disco, m\u00e1quina de moer milho\/triturador de milho\/m\u00e1quina moedora de milho\" width=\"500\" height=\"281\" src=\"https:\/\/www.youtube.com\/embed\/GpSOvkaJMOE?feature=oembed\" frameborder=\"0\" allow=\"accelerometer; autoplay; clipboard-write; encrypted-media; gyroscope; picture-in-picture; web-share\" referrerpolicy=\"strict-origin-when-cross-origin\" allowfullscreen><\/iframe> <\/div><figcaption class=\"wp-element-caption\">V\u00eddeo de funcionamento da m\u00e1quina moedora de milho<\/figcaption><\/figure>    <h2 class=\"wp-block-heading\">Tipo 2: m\u00e1quina moedora de gr\u00e3os<\/h2>    <p>A m\u00e1quina moedora de gr\u00e3os \u00e9 um produto que pode moer gr\u00e3os em p\u00f3 ou processar gr\u00e3os por via \u00famida em polpa. A m\u00e1quina moedora de gr\u00e3os \u00e9 poderosa e pode processar todos os tipos de farinha de arroz, leite de arroz, farinha, farinha de milho, farinha de trigo, farinha de soja, etc. <\/p>    <p>A m\u00e1quina tem as caracter\u00edsticas de produ\u00e7\u00e3o de p\u00f3 fino, dupla utiliza\u00e7\u00e3o seca e \u00famida e espessura ajust\u00e1vel. Portanto, ele pode atender a uma variedade de necessidades. Al\u00e9m disso, a m\u00e1quina possui um interruptor el\u00e9trico \u00e0 prova de vazamentos com alto desempenho de seguran\u00e7a.<\/p>    <figure class=\"wp-block-image size-full is-resized\"><img loading=\"lazy\" decoding=\"async\" width=\"720\" height=\"540\" src=\"https:\/\/taizyfarmequipment.com\/wp-content\/uploads\/2022\/04\/commercial-grain-grinder0.jpg\" alt=\"moedor de gr\u00e3os comercial\" class=\"wp-image-3283\" title=\"moedor de gr\u00e3os comercial\"\/><figcaption class=\"wp-element-caption\">moedor de gr\u00e3os comercial<\/figcaption><\/figure>    <h3 class=\"wp-block-heading\">Componentes do moinho de gr\u00e3os<\/h3>    <p>A m\u00e1quina inclui principalmente um funil de alimenta\u00e7\u00e3o, bot\u00e3o de ajuste de espessura, motor, sa\u00edda, suporte de espessamento, interruptor e assim por diante. Este moedor de gr\u00e3os \u00e9 compacto e dur\u00e1vel, com alta efici\u00eancia de trabalho.<\/p>    <figure class=\"wp-block-image size-full\"><img loading=\"lazy\" decoding=\"async\" width=\"720\" height=\"540\" src=\"https:\/\/taizyfarmequipment.com\/wp-content\/uploads\/2022\/04\/electric-grain-mill-for-sale-.jpg\" alt=\"Moinho el\u00e9trico de gr\u00e3os para venda\" class=\"wp-image-3284\" title=\"Moinho el\u00e9trico de gr\u00e3os para venda\"\/><figcaption class=\"wp-element-caption\">Moinho el\u00e9trico de gr\u00e3os para venda<\/figcaption><\/figure>    <h3 class=\"wp-block-heading\">Quais s\u00e3o as vantagens do moinho el\u00e9trico de gr\u00e3os?<\/h3>    <ol class=\"wp-block-list\"> <li>O moedor de gr\u00e3os tem uma longa vida \u00fatil. Cabe\u00e7a espessada, disco de moagem de a\u00e7o, alta pureza de material, alta dureza e superf\u00edcie fina, o que torna a moagem mais delicada.<\/li>    <li>A finura do produto acabado \u00e9 ajust\u00e1vel. A m\u00e1quina possui um bot\u00e3o de ajuste de espessura e o cliente pode ajust\u00e1-lo de acordo com suas necessidades.<\/li>    <li>A m\u00e1quina tem uma ampla gama de aplica\u00e7\u00f5es e pode processar diversos alimentos, medicamentos e outros materiais.<\/li>    <li>Motor de alta pot\u00eancia, usando fio de cobre de alta temperatura. Ent\u00e3o, a m\u00e1quina \u00e9 dur\u00e1vel.<\/li>    <li>Amplie e engrosse o funil, forte e firme.<\/li> <\/ol>    <h2 class=\"wp-block-heading\">Tipo 3: triturador de gr\u00e3os com ciclone  <\/h2>    <p>O triturador de gr\u00e3os com ciclone \u00e9 um pulverizador que pode processar arroz, pimenta seca, fitoterapia chinesa, gr\u00e3os inteiros, ra\u00e7\u00e3o, etc. A diferen\u00e7a entre este moedor de gr\u00e3os e o tipo 1 e o tipo 2 \u00e9 que esta m\u00e1quina possui um tubo que pode sugar o material por si s\u00f3, o que economiza tempo e esfor\u00e7o. <\/p>    <p>A espessura do pulverizador tamb\u00e9m pode ser alterada, mas a tela dentro da m\u00e1quina precisa ser substitu\u00edda. Al\u00e9m disso, este moedor de moinho de gr\u00e3os possui um tanque de remo\u00e7\u00e3o de poeira, que coleta a poeira quando a m\u00e1quina est\u00e1 funcionando, o que \u00e9 ben\u00e9fico para a sa\u00fade das pessoas.<\/p>    <figure class=\"wp-block-image size-full is-resized\"><img loading=\"lazy\" decoding=\"async\" width=\"720\" height=\"540\" src=\"https:\/\/taizyfarmequipment.com\/wp-content\/uploads\/2022\/04\/grain-crusher-for-grain0.jpg\" alt=\"triturador de gr\u00e3os para gr\u00e3os\" class=\"wp-image-3285\" title=\"triturador de gr\u00e3os para gr\u00e3os\"\/><figcaption class=\"wp-element-caption\">triturador de gr\u00e3os para gr\u00e3os<\/figcaption><\/figure>    <h3 class=\"wp-block-heading\">Componentes da m\u00e1quina moinho de gr\u00e3os com ciclone<\/h3>    <p>A m\u00e1quina moinho de gr\u00e3os com ciclone \u00e9 composta principalmente por uma porta de alimenta\u00e7\u00e3o, um interruptor, uma mangueira de transporte, uma c\u00e2mara de pulveriza\u00e7\u00e3o, uma porta de descarga e um tanque de remo\u00e7\u00e3o de poeira espessada.<\/p>    <figure class=\"wp-block-image size-full\"><img loading=\"lazy\" decoding=\"async\" width=\"720\" height=\"540\" src=\"https:\/\/taizyfarmequipment.com\/wp-content\/uploads\/2022\/04\/grain-mill-machine-with-cyclone-.jpg\" alt=\"moinho de gr\u00e3os com ciclone\" class=\"wp-image-3286\" title=\"moinho de gr\u00e3os com ciclone\"\/><figcaption class=\"wp-element-caption\">moinho de gr\u00e3os com ciclone<\/figcaption><\/figure>    <h3 class=\"wp-block-heading\">Quais s\u00e3o as caracter\u00edsticas do triturador de gr\u00e3os?<\/h3>    <ol class=\"wp-block-list\"> <li>A estrutura \u00e9 simples, a c\u00e2mara de britagem \u00e9 relativamente estreita, o volume \u00e9 pequeno e o peso \u00e9 leve.<\/li>    <li>O \u00e2ngulo de envolvimento da tela \u00e9 de 360 \u200b\u200bgraus, a efici\u00eancia da produ\u00e7\u00e3o \u00e9 relativamente alta e a velocidade de trabalho \u00e9 alta.<\/li>    <li>O produto possui tamanho de part\u00edcula fino e ampla adaptabilidade aos materiais de processamento e pode ser amplamente utilizado na tritura\u00e7\u00e3o de gr\u00e3os, ra\u00e7\u00f5es, mat\u00e9rias-primas qu\u00edmicas e fitoterapia chinesa.<\/li>    <li>O pulverizador autoescorvante \u00e9 equipado com um ciclone, com fun\u00e7\u00e3o autoescorvante, que pode sugar automaticamente a mat\u00e9ria-prima para a c\u00e2mara de britagem. Assim, melhora o \u00edndice de aproveitamento da mat\u00e9ria-prima e evita desperd\u00edcios. Ap\u00f3s a britagem, o ciclone pode efetivamente impedir que os produtos sejam esmagados, espalhados e respingados para garantir a sa\u00edda da britagem.<\/li> <\/ol>    <figure class=\"wp-block-gallery has-nested-images columns-default is-cropped wp-block-gallery-4 is-layout-flex wp-block-gallery-is-layout-flex\"> <figure class=\"wp-block-image size-large\"><img loading=\"lazy\" decoding=\"async\" width=\"720\" height=\"540\" data-id=\"3287\" src=\"https:\/\/taizyfarmequipment.com\/wp-content\/uploads\/2022\/04\/manufactuer-of-the-grain-grinder0.jpg\" alt=\"fabrica\u00e7\u00e3o do moedor de gr\u00e3os\" class=\"wp-image-3287\" title=\"fabrica\u00e7\u00e3o do moedor de gr\u00e3os\"\/><figcaption class=\"wp-element-caption\">fabrica\u00e7\u00e3o do moedor de gr\u00e3os<\/figcaption><\/figure>    <figure class=\"wp-block-image size-large\"><img loading=\"lazy\" decoding=\"async\" width=\"720\" height=\"540\" data-id=\"3288\" src=\"https:\/\/taizyfarmequipment.com\/wp-content\/uploads\/2022\/04\/stock-of-the-disk-mill-machine0.jpg\" alt=\"estoque da m\u00e1quina fresadora de disco\" class=\"wp-image-3288\" title=\"estoque da m\u00e1quina fresadora de disco\"\/><figcaption class=\"wp-element-caption\">estoque da m\u00e1quina fresadora de disco<\/figcaption><\/figure>    <figure class=\"wp-block-image size-large\"><img loading=\"lazy\" decoding=\"async\" width=\"720\" height=\"540\" data-id=\"3289\" src=\"https:\/\/taizyfarmequipment.com\/wp-content\/uploads\/2022\/04\/grain-grinder-for-maize0.jpg\" alt=\"moedor de gr\u00e3os para milho\" class=\"wp-image-3289\" title=\"moedor de gr\u00e3os para milho\"\/><figcaption class=\"wp-element-caption\">moedor de gr\u00e3os para milho<\/figcaption><\/figure> <\/figure>    <h2 class=\"wp-block-heading\">Opera\u00e7\u00e3o e manuten\u00e7\u00e3o seguras da m\u00e1quina<\/h2>    <ol class=\"wp-block-list\"> <li>Antes de ligar a m\u00e1quina, deve-se ler atentamente o manual de instru\u00e7\u00f5es, realizar ajustes e manuten\u00e7\u00e3o normal.<\/li>    <li>A pot\u00eancia de suporte deve atender aos requisitos e n\u00e3o devemos aumentar a velocidade do fuso sem permiss\u00e3o.<\/li>    <li>Antes de ligar a m\u00e1quina, verifique se o sentido de funcionamento \u00e9 igual ao sentido de corte, caso contr\u00e1rio n\u00e3o devemos ligar a m\u00e1quina.<\/li>    <li>Os materiais que precisam ser cortados n\u00e3o devem ser misturados com objetos duros como metais e pedras, caso contr\u00e1rio a m\u00e1quina ser\u00e1 danificada.<\/li>    <li>Depois de ligarmos a m\u00e1quina por algumas horas, \u00e9 necess\u00e1rio observar se as diversas pe\u00e7as est\u00e3o soltas e os rolamentos devem ser preenchidos regularmente com manteiga.<\/li> <\/ol>    <figure class=\"wp-block-gallery has-nested-images columns-default is-cropped wp-block-gallery-5 is-layout-flex wp-block-gallery-is-layout-flex\"> <figure class=\"wp-block-image size-large\"><img loading=\"lazy\" decoding=\"async\" width=\"720\" height=\"540\" data-id=\"4559\" src=\"https:\/\/taizyfarmequipment.com\/wp-content\/uploads\/2022\/04\/disk-miller-machine.webp\" alt=\"m\u00e1quina fresadora de disco\" class=\"wp-image-4559\" srcset=\"https:\/\/taizyfarmequipment.com\/wp-content\/uploads\/2022\/04\/disk-miller-machine.webp 720w, https:\/\/taizyfarmequipment.com\/wp-content\/uploads\/2022\/04\/disk-miller-machine-300x225.webp 300w, https:\/\/taizyfarmequipment.com\/wp-content\/uploads\/2022\/04\/disk-miller-machine-16x12.webp 16w\" sizes=\"auto, (max-width: 720px) 100vw, 720px\" \/><figcaption class=\"wp-element-caption\">m\u00e1quina fresadora de disco<\/figcaption><\/figure>    <figure class=\"wp-block-image size-large\"><img loading=\"lazy\" decoding=\"async\" width=\"720\" height=\"540\" data-id=\"4560\" src=\"https:\/\/taizyfarmequipment.com\/wp-content\/uploads\/2022\/04\/disk-milling-machine.webp\" alt=\"fresadora de disco\" class=\"wp-image-4560\" srcset=\"https:\/\/taizyfarmequipment.com\/wp-content\/uploads\/2022\/04\/disk-milling-machine.webp 720w, https:\/\/taizyfarmequipment.com\/wp-content\/uploads\/2022\/04\/disk-milling-machine-300x225.webp 300w, https:\/\/taizyfarmequipment.com\/wp-content\/uploads\/2022\/04\/disk-milling-machine-16x12.webp 16w\" sizes=\"auto, (max-width: 720px) 100vw, 720px\" \/><figcaption class=\"wp-element-caption\">fresadora de disco<\/figcaption><\/figure> <\/figure>    <h2 class=\"wp-block-heading\">Conclus\u00e3o<\/h2>    <p>A fresadora de disco combina efici\u00eancia, durabilidade e versatilidade, tornando-a a escolha ideal para retificar uma ampla variedade de materiais. Quer voc\u00ea esteja na ind\u00fastria de processamento de alimentos, farmac\u00eautica ou qu\u00edmica, esta m\u00e1quina atender\u00e1 \u00e0s suas necessidades e aumentar\u00e1 a efici\u00eancia de sua produ\u00e7\u00e3o. <\/p>    <p>Contate-nos hoje para saber mais sobre a fresadora de disco e obter os pre\u00e7os mais recentes. Estamos ansiosos para fazer parceria com voc\u00ea e ajudar sua empresa a alcan\u00e7ar novos patamares.<\/p>","protected":false},"excerpt":{"rendered":"<p>Nossa Taizy fabrica v\u00e1rios trituradores de gr\u00e3os. E s\u00e3o moinhos de disco, moedores de gr\u00e3os, trituradores de gr\u00e3os com ciclones, etc. <\/p>","protected":false},"author":1,"featured_media":3277,"parent":0,"template":"","tags":[312,314,313],"product-type":[130],"class_list":["post-3275","product","type-product","status-publish","has-post-thumbnail","hentry","tag-disk-mill-machine","tag-grain-crusher","tag-grain-grinder","product-type-corn-grains-grinding-equipment"],"_links":{"self":[{"href":"https:\/\/taizyfarmequipment.com\/pt\/wp-json\/wp\/v2\/product\/3275","targetHints":{"allow":["GET"]}}],"collection":[{"href":"https:\/\/taizyfarmequipment.com\/pt\/wp-json\/wp\/v2\/product"}],"about":[{"href":"https:\/\/taizyfarmequipment.com\/pt\/wp-json\/wp\/v2\/types\/product"}],"author":[{"embeddable":true,"href":"https:\/\/taizyfarmequipment.com\/pt\/wp-json\/wp\/v2\/users\/1"}],"wp:featuredmedia":[{"embeddable":true,"href":"https:\/\/taizyfarmequipment.com\/pt\/wp-json\/wp\/v2\/media\/3277"}],"wp:attachment":[{"href":"https:\/\/taizyfarmequipment.com\/pt\/wp-json\/wp\/v2\/media?parent=3275"}],"wp:term":[{"taxonomy":"post_tag","embeddable":true,"href":"https:\/\/taizyfarmequipment.com\/pt\/wp-json\/wp\/v2\/tags?post=3275"},{"taxonomy":"product-type","embeddable":true,"href":"https:\/\/taizyfarmequipment.com\/pt\/wp-json\/wp\/v2\/product-type?post=3275"}],"curies":[{"name":"wp","href":"https:\/\/api.w.org\/{rel}","templated":true}]}}