{"id":3291,"date":"2022-04-25T09:47:06","date_gmt":"2022-04-25T09:47:06","guid":{"rendered":"https:\/\/taizyfarmequipment.com\/?post_type=product&#038;p=3291"},"modified":"2023-12-27T18:02:41","modified_gmt":"2023-12-27T10:02:41","slug":"pequena-maquina-de-descascar-milho","status":"publish","type":"product","link":"https:\/\/taizyfarmequipment.com\/pt\/product\/small-corn-peeling-machine\/","title":{"rendered":"M\u00e1quina pequena para descascar milho\u4e28Descascador de pele de milho"},"content":{"rendered":"<div class=\"kk-star-ratings kksr-auto kksr-align-left kksr-valign-top\"     data-payload='{&quot;align&quot;:&quot;left&quot;,&quot;id&quot;:&quot;3291&quot;,&quot;slug&quot;:&quot;default&quot;,&quot;valign&quot;:&quot;top&quot;,&quot;ignore&quot;:&quot;&quot;,&quot;reference&quot;:&quot;auto&quot;,&quot;class&quot;:&quot;&quot;,&quot;count&quot;:&quot;9&quot;,&quot;legendonly&quot;:&quot;&quot;,&quot;readonly&quot;:&quot;&quot;,&quot;score&quot;:&quot;4.7&quot;,&quot;starsonly&quot;:&quot;&quot;,&quot;best&quot;:&quot;5&quot;,&quot;gap&quot;:&quot;5&quot;,&quot;greet&quot;:&quot;Rate this product&quot;,&quot;legend&quot;:&quot;4.7\\\/5 - (9 votes)&quot;,&quot;size&quot;:&quot;24&quot;,&quot;title&quot;:&quot;Small corn peeling machine\u4e28Maize skin peeler&quot;,&quot;width&quot;:&quot;133.8&quot;,&quot;_legend&quot;:&quot;{score}\\\/{best} - ({count} {votes})&quot;,&quot;font_factor&quot;:&quot;1.25&quot;}'>              <div class=\"kksr-stars\">      <div class=\"kksr-stars-inactive\">             <div class=\"kksr-star\" data-star=\"1\" style=\"padding-right: 5px\">               <div class=\"kksr-icon\" style=\"width: 24px; height: 24px;\"><\/div>         <\/div>             <div class=\"kksr-star\" data-star=\"2\" style=\"padding-right: 5px\">               <div class=\"kksr-icon\" style=\"width: 24px; height: 24px;\"><\/div>         <\/div>             <div class=\"kksr-star\" data-star=\"3\" style=\"padding-right: 5px\">               <div class=\"kksr-icon\" style=\"width: 24px; height: 24px;\"><\/div>         <\/div>             <div class=\"kksr-star\" data-star=\"4\" style=\"padding-right: 5px\">               <div class=\"kksr-icon\" style=\"width: 24px; height: 24px;\"><\/div>         <\/div>             <div class=\"kksr-star\" data-star=\"5\" style=\"padding-right: 5px\">               <div class=\"kksr-icon\" style=\"width: 24px; height: 24px;\"><\/div>         <\/div>     <\/div>      <div class=\"kksr-stars-active\" style=\"width: 133.8px;\">             <div class=\"kksr-star\" style=\"padding-right: 5px\">               <div class=\"kksr-icon\" style=\"width: 24px; height: 24px;\"><\/div>         <\/div>             <div class=\"kksr-star\" style=\"padding-right: 5px\">               <div class=\"kksr-icon\" style=\"width: 24px; height: 24px;\"><\/div>         <\/div>             <div class=\"kksr-star\" style=\"padding-right: 5px\">               <div class=\"kksr-icon\" style=\"width: 24px; height: 24px;\"><\/div>         <\/div>             <div class=\"kksr-star\" style=\"padding-right: 5px\">               <div class=\"kksr-icon\" style=\"width: 24px; height: 24px;\"><\/div>         <\/div>             <div class=\"kksr-star\" style=\"padding-right: 5px\">               <div class=\"kksr-icon\" style=\"width: 24px; height: 24px;\"><\/div>         <\/div>     <\/div> <\/div>                   <div class=\"kksr-legend\" style=\"font-size: 19.2px;\">             4,7\/5 - (9 votos)    <\/div>     <\/div>  <p>A pequena m\u00e1quina descascadora de milho \u00e9 um equipamento que as pessoas usam para descascar milho no dia a dia. A m\u00e1quina descascadora de milho \u00e9 pequena, de estrutura simples e f\u00e1cil de operar. \u00c9 um bom ajudante para descascar milho dom\u00e9stico. O descascamento do milho passou a ser a primeira etapa do processamento do milho porque o milho descascado tem bom sabor e \u00e9 f\u00e1cil de processar. <\/p>    <p>Assim, o milho descascado pode ser posteriormente processado em salgadinhos, salgadinhos, farinha, etc. Al\u00e9m disso, tamb\u00e9m podemos transformar o milho sem descascar em ra\u00e7\u00e3o, que \u00e9 mais nutritivo e de f\u00e1cil absor\u00e7\u00e3o.<\/p>    <figure class=\"wp-block-embed is-type-video is-provider-youtube wp-block-embed-youtube wp-embed-aspect-16-9 wp-has-aspect-ratio\"><div class=\"wp-block-embed__wrapper\"> <iframe loading=\"lazy\" title=\"Diga adeus ao trabalho manual: desempacotando e testando o descascador de milho pequeno #corn #maize\" width=\"500\" height=\"281\" src=\"https:\/\/www.youtube.com\/embed\/Fp8cYi34eMY?feature=oembed\" frameborder=\"0\" allow=\"accelerometer; autoplay; clipboard-write; encrypted-media; gyroscope; picture-in-picture; web-share\" referrerpolicy=\"strict-origin-when-cross-origin\" allowfullscreen><\/iframe> <\/div><figcaption class=\"wp-element-caption\">V\u00eddeo de funcionamento da m\u00e1quina de descascar milho<\/figcaption><\/figure>    <h2 class=\"wp-block-heading\" id=\"h-introduction-to-small-corn-peeling-machine\">Introdu\u00e7\u00e3o \u00e0 pequena m\u00e1quina de descascar milho<\/h2>    <p>A pequena m\u00e1quina descascadora de milho que produzimos tem um bom efeito de descascamento e alta efici\u00eancia de trabalho. Ele m\u00f3i o milho em v\u00e1rios l\u00f3bulos grandes enquanto descasca, e o milho processado \u00e9 macio, livre de g\u00e9rmen preto e farelo. Al\u00e9m disso, o produto acabado ap\u00f3s o descascamento fica limpo. E podemos envi\u00e1-lo diretamente ao mercado para venda. <\/p>    <p>Quanto \u00e0 energia, a energia da m\u00e1quina de descascamento de milho pode ser um motor el\u00e9trico ou um motor a diesel. Portanto, pode atender aos requisitos de energia das pessoas em diferentes regi\u00f5es. <\/p>    <p class=\"translation-block\">Geralmente, a m\u00e1quina \u00e9 usada em pequenas f\u00e1bricas de alimentos e resid\u00eancias. Como fabricante de maquinaria agr\u00edcola, tamb\u00e9m produzimos debulhadoras de milho, <a href=\"https:\/\/taizyfarmequipment.com\/pt\/produto\/debulhador-multi-graos\/\">debulhadoras de milho<\/a>, <a href=\"https:\/\/taizyfarmequipment.com\/pt\/produto\/maquina-de-fazer-graos-de-milho\/\" data-type=\"link\" data-id=\"https:\/\/taizyfarmequipment.com\/product\/corn-grits-making-machine\/\">m\u00e1quinas de produ\u00e7\u00e3o de gr\u00e3os de milho<\/a> e m\u00e1quinas de farinha de milho. Pode resolver a maioria das necessidades das pessoas para o processamento do milho.<\/p>    <figure class=\"wp-block-gallery has-nested-images columns-2 is-cropped wp-block-gallery-2 is-layout-flex wp-block-gallery-is-layout-flex\"> <figure class=\"wp-block-image size-large\"><img loading=\"lazy\" decoding=\"async\" width=\"720\" height=\"540\" data-id=\"3294\" src=\"https:\/\/taizyfarmequipment.com\/wp-content\/uploads\/2022\/04\/small-corn-peeling-machine0.jpg\" alt=\"pequena m\u00e1quina de descascar milho\" class=\"wp-image-3294\" title=\"pequena m\u00e1quina de descascar milho\"\/><figcaption class=\"wp-element-caption\">pequena m\u00e1quina de descascar milho<\/figcaption><\/figure>    <figure class=\"wp-block-image size-large\"><img loading=\"lazy\" decoding=\"async\" width=\"720\" height=\"540\" data-id=\"3295\" src=\"https:\/\/taizyfarmequipment.com\/wp-content\/uploads\/2022\/04\/corn-skin-peeler0.jpg\" alt=\"descascador de pele de milho\" class=\"wp-image-3295\" title=\"descascador de pele de milho\"\/><figcaption class=\"wp-element-caption\">descascador de pele de milho<\/figcaption><\/figure>    <figure class=\"wp-block-image size-large\"><img loading=\"lazy\" decoding=\"async\" width=\"720\" height=\"540\" data-id=\"3296\" src=\"https:\/\/taizyfarmequipment.com\/wp-content\/uploads\/2022\/04\/Maize-skin-peeling-machine-.jpg\" alt=\"M\u00e1quina de descascar pele de milho\" class=\"wp-image-3296\" title=\"M\u00e1quina de descascar pele de milho\"\/><figcaption class=\"wp-element-caption\">m\u00e1quina de descascar pele de milho<\/figcaption><\/figure>    <figure class=\"wp-block-image size-large\"><img loading=\"lazy\" decoding=\"async\" width=\"720\" height=\"540\" data-id=\"3297\" src=\"https:\/\/taizyfarmequipment.com\/wp-content\/uploads\/2022\/04\/maize-peeler0.jpg\" alt=\"Descascador de milho\" class=\"wp-image-3297\" title=\"Descascador de milho\"\/><figcaption class=\"wp-element-caption\">descascador de pele de milho<\/figcaption><\/figure> <\/figure>    <h2 class=\"wp-block-heading\">Estrutura do descascador de milho<\/h2>    <p>O descascador de casca de milho inclui principalmente uma porta de alimenta\u00e7\u00e3o, bot\u00e3o de ajuste de velocidade de alimenta\u00e7\u00e3o, faca de descascamento, exporta\u00e7\u00e3o de casca de milho, exporta\u00e7\u00e3o de produto acabado, etc. A estrutura geral da pequena m\u00e1quina de descascamento de milho \u00e9 compacta, ocupa uma pequena \u00e1rea, \u00e9 forte e dur\u00e1vel, e tem uma longa vida \u00fatil.<\/p>    <figure class=\"wp-block-image size-full\"><img loading=\"lazy\" decoding=\"async\" width=\"720\" height=\"540\" src=\"https:\/\/taizyfarmequipment.com\/wp-content\/uploads\/2022\/04\/corn-skin-removers-structure-0.jpg\" alt=\"estrutura do removedor de pele de milho\" class=\"wp-image-3293\" title=\"estrutura do removedor de pele de milho\"\/><figcaption class=\"wp-element-caption\">Estrutura do removedor de pele de milho<\/figcaption><\/figure>    <h2 class=\"wp-block-heading\">Par\u00e2metros da m\u00e1quina descascadora de milho<\/h2>    <figure class=\"wp-block-table\"><table><tbody><tr><td>Nome<\/td><td>M\u00e1quina descascadora de milho<\/td><\/tr><tr><td>Poder<\/td><td>Motor el\u00e9trico de 5,5 kW ou motor diesel de 12 HP<\/td><\/tr><tr><td>Capacidade<\/td><td>300-500 kg\/hora<\/td><\/tr><tr><td>Peso<\/td><td>100kg<\/td><\/tr><tr><td>Tamanho<\/td><td>660*450*1020mm<\/td><\/tr><\/tbody><\/table><figcaption class=\"wp-element-caption\">O par\u00e2metro da m\u00e1quina de descascamento de milho<\/figcaption><\/figure>    <h2 class=\"wp-block-heading\">Por que precisamos descascar o milho?<\/h2>    <p>Os principais componentes da casca de milho s\u00e3o fibras, amido e prote\u00edna, e seu n\u00edvel nutricional n\u00e3o \u00e9 alto. O que \u00e9 mais cascas de milho \u00e9 dif\u00edcil e dif\u00edcil de lidar com uma pasta, que consome tempo e trabalha intensiva para o processamento profundo. <\/p>    <p>Al\u00e9m disso, o sabor da casca de milho \u00e9 muito pobre, o que afetar\u00e1 a ingest\u00e3o e o sabor dos alimentos processados \u200b\u200bn\u00e3o b\u00e1sicos. Portanto, ao processar farinha de milho, gr\u00e3os de milho e alimentos de milho, o fabricante retirar\u00e1 a casca do milho antes do processamento.<\/p>    <figure class=\"wp-block-image size-full\"><img loading=\"lazy\" decoding=\"async\" width=\"720\" height=\"540\" src=\"https:\/\/taizyfarmequipment.com\/wp-content\/uploads\/2022\/04\/corn-peeling-machine-for-sale.webp\" alt=\"M\u00e1quina de descascar milho \u00e0 venda\" class=\"wp-image-4264\" srcset=\"https:\/\/taizyfarmequipment.com\/wp-content\/uploads\/2022\/04\/corn-peeling-machine-for-sale.webp 720w, https:\/\/taizyfarmequipment.com\/wp-content\/uploads\/2022\/04\/corn-peeling-machine-for-sale-300x225.webp 300w\" sizes=\"auto, (max-width: 720px) 100vw, 720px\" \/><figcaption class=\"wp-element-caption\">M\u00e1quina de descascar milho \u00e0 venda<\/figcaption><\/figure>    <h2 class=\"wp-block-heading\">Quais s\u00e3o os benef\u00edcios de descascar o milho?<\/h2>    <p>1. Ao descascar o milho, a casca do milho produzida pelo equipamento de processamento do milho \u00e9 pequena e a qualidade do produto tamb\u00e9m pode ser melhorada.<\/p>    <p>2. O embri\u00e3o e o endosperma do milho s\u00e3o envoltos pela pele. Ap\u00f3s o descascamento, \u00e9 f\u00e1cil de separar, o que pode melhorar a efici\u00eancia da desgermina\u00e7\u00e3o, o que favorece um processamento mais fino.<\/p>    <p>3. Ap\u00f3s o descascamento, pode melhorar a qualidade comest\u00edvel de diversos alimentos produzidos pelo milho.<\/p>    <p>4. \u00c9 prov\u00e1vel que a camada de milho contenha subst\u00e2ncias nocivas, que podem ser removidas pela muda e melhorar a pureza do produto.<\/p>    <figure class=\"wp-block-image size-full\"><img loading=\"lazy\" decoding=\"async\" width=\"720\" height=\"540\" src=\"https:\/\/taizyfarmequipment.com\/wp-content\/uploads\/2022\/04\/corn-peeling-machine-for-business.webp\" alt=\"m\u00e1quina de descascar milho para neg\u00f3cios\" class=\"wp-image-4265\" srcset=\"https:\/\/taizyfarmequipment.com\/wp-content\/uploads\/2022\/04\/corn-peeling-machine-for-business.webp 720w, https:\/\/taizyfarmequipment.com\/wp-content\/uploads\/2022\/04\/corn-peeling-machine-for-business-300x225.webp 300w\" sizes=\"auto, (max-width: 720px) 100vw, 720px\" \/><figcaption class=\"wp-element-caption\">m\u00e1quina de descascar milho para neg\u00f3cios<\/figcaption><\/figure>    <h2 class=\"wp-block-heading\">Aplica\u00e7\u00f5es da m\u00e1quina descascadora de milho<\/h2>    <ol class=\"wp-block-list\"> <li><strong>Pequenas Fazendas:<\/strong> <ul class=\"wp-block-list\"> <li>Adequado para opera\u00e7\u00f5es agr\u00edcolas de pequena escala no cultivo de milho.<\/li>    <li>Economiza tempo e trabalho em compara\u00e7\u00e3o com o descascamento manual, permitindo que os agricultores processem o milho com mais efici\u00eancia.<\/li> <\/ul> <\/li>    <li><strong>Vendedores de comida de rua:<\/strong> <ul class=\"wp-block-list\"> <li>Permite o preparo r\u00e1pido e eficiente do milho para vendedores ambulantes de comida que incorporam milho em suas ofertas.<\/li>    <li>Aumenta a produtividade durante per\u00edodos de maior movimento.<\/li> <\/ul> <\/li>    <li><strong>Empresas de processamento de alimentos:<\/strong> <ul class=\"wp-block-list\"> <li>\u00datil para empresas de processamento de alimentos que utilizam milho como ingrediente em diversos produtos.<\/li>    <li>Aumenta a efici\u00eancia da produ\u00e7\u00e3o e a consist\u00eancia no processamento do milho.<\/li> <\/ul> <\/li>    <li><strong>Produ\u00e7\u00e3o de Alimentos Enlatados e Congelados:<\/strong> <ul class=\"wp-block-list\"> <li>Incorporado em linhas de produ\u00e7\u00e3o de produtos de milho enlatados ou congelados.<\/li>    <li>Ajuda a manter a qualidade do produto e reduz o trabalho manual no processamento em grande escala.<\/li> <\/ul> <\/li>    <li><strong>Fabricantes de produtos de milho:<\/strong> <ul class=\"wp-block-list\"> <li>Usado por empresas que fabricam produtos \u00e0 base de milho, como farinha de milho, fub\u00e1 ou salgadinhos de milho.<\/li>    <li>Contribui para a efici\u00eancia e rentabilidade do processo produtivo.<\/li> <\/ul> <\/li> <\/ol>    <figure class=\"wp-block-image size-large\"><img loading=\"lazy\" decoding=\"async\" width=\"720\" height=\"540\" src=\"https:\/\/taizyfarmequipment.com\/wp-content\/uploads\/2022\/04\/exported-corn-peeling-machine.webp\" alt=\"m\u00e1quina de descascar milho exportada\" class=\"wp-image-4266\" srcset=\"https:\/\/taizyfarmequipment.com\/wp-content\/uploads\/2022\/04\/exported-corn-peeling-machine.webp 720w, https:\/\/taizyfarmequipment.com\/wp-content\/uploads\/2022\/04\/exported-corn-peeling-machine-300x225.webp 300w\" sizes=\"auto, (max-width: 720px) 100vw, 720px\" \/><figcaption class=\"wp-element-caption\">m\u00e1quina de descascar milho exportada<\/figcaption><\/figure>    <h2 class=\"wp-block-heading\">Pequena m\u00e1quina de descascar milho vendida para a \u00c1frica do Sul<\/h2>    <p>Na semana passada, enviamos 10 conjuntos de pequenas m\u00e1quinas de descascar milho para a \u00c1frica do Sul. Entramos em contato com os clientes atrav\u00e9s de suas mensagens no site. Atrav\u00e9s da comunica\u00e7\u00e3o, soubemos que o cliente queria construir uma pequena f\u00e1brica de descascamento de milho. <\/p>    <p>Como est\u00e1 apenas come\u00e7ando, o cliente deseja comprar primeiro v\u00e1rias pequenas m\u00e1quinas descascadoras de milho. Por isso recomendamos esta m\u00e1quina aos nossos clientes. O cliente final decide fazer um pedido de dez conjuntos. A seguir est\u00e3o as fotos de embalagem e entrega da m\u00e1quina.<\/p>    <figure class=\"wp-block-gallery has-nested-images columns-default is-cropped wp-block-gallery-3 is-layout-flex wp-block-gallery-is-layout-flex\"> <figure class=\"wp-block-image size-large\"><img loading=\"lazy\" decoding=\"async\" width=\"720\" height=\"540\" data-id=\"3298\" src=\"https:\/\/taizyfarmequipment.com\/wp-content\/uploads\/2022\/04\/wooden-case-packaging0-2.jpg\" alt=\"embalagem em caixa de madeira\" class=\"wp-image-3298\" title=\"embalagem em caixa de madeira\"\/><figcaption class=\"wp-element-caption\">embalagem em caixa de madeira<\/figcaption><\/figure>    <figure class=\"wp-block-image size-large\"><img loading=\"lazy\" decoding=\"async\" width=\"720\" height=\"540\" data-id=\"3299\" src=\"https:\/\/taizyfarmequipment.com\/wp-content\/uploads\/2022\/04\/loading-of-the-maize-peller-machine0.jpg\" alt=\"carregamento da pequena m\u00e1quina de descascar milho\" class=\"wp-image-3299\" title=\"carregamento da pequena m\u00e1quina de descascar milho\"\/><figcaption class=\"wp-element-caption\">carregamento da pequena m\u00e1quina de descascar milho<\/figcaption><\/figure>    <figure class=\"wp-block-image size-large\"><img loading=\"lazy\" decoding=\"async\" width=\"720\" height=\"540\" data-id=\"3300\" src=\"https:\/\/taizyfarmequipment.com\/wp-content\/uploads\/2022\/04\/shipping-of-the-machine0.jpg\" alt=\"envio da m\u00e1quina\" class=\"wp-image-3300\" title=\"envio da m\u00e1quina\"\/><figcaption class=\"wp-element-caption\">envio da m\u00e1quina<\/figcaption><\/figure> <\/figure>    <h2 class=\"wp-block-heading\">Invista em nossa m\u00e1quina de descascar milho<\/h2>    <p>Na agita\u00e7\u00e3o da vida moderna, a m\u00e1quina Peeler Machine n\u00e3o \u00e9 apenas mais um aparelho de cozinha-\u00e9 o seu ingresso para conveni\u00eancia sem m\u00e3os e efici\u00eancia aumentada. Diga adeus a peeling manual tedioso e abra\u00e7ar uma nova era de experi\u00eancias de cozinha sem esfor\u00e7o!<\/p>    <p>Se voc\u00ea deseja aumentar a efici\u00eancia da cozinha, saborear momentos mais deliciosos e acrescentar um toque de inova\u00e7\u00e3o \u00e0 sua culin\u00e1ria, a pequena m\u00e1quina de descascamento de milho \u00e9 sem d\u00favida uma escolha indispens\u00e1vel. N\u00e3o deixe que o trabalho manual diminua seu entusiasmo culin\u00e1rio - deixe a pequena m\u00e1quina de descasque de milho ser a estrela brilhante em sua jornada de cozinha.<\/p>","protected":false},"excerpt":{"rendered":"<p>A pequena m\u00e1quina de descascar milho tem um bom efeito de descascamento e alta efici\u00eancia de trabalho. E o milho processado \u00e9 macio, sem g\u00e9rmen preto e farelo.<\/p>","protected":false},"author":1,"featured_media":3301,"parent":0,"template":"","tags":[],"product-type":[131],"class_list":["post-3291","product","type-product","status-publish","has-post-thumbnail","hentry","product-type-grains-peeling-machine"],"_links":{"self":[{"href":"https:\/\/taizyfarmequipment.com\/pt\/wp-json\/wp\/v2\/product\/3291","targetHints":{"allow":["GET"]}}],"collection":[{"href":"https:\/\/taizyfarmequipment.com\/pt\/wp-json\/wp\/v2\/product"}],"about":[{"href":"https:\/\/taizyfarmequipment.com\/pt\/wp-json\/wp\/v2\/types\/product"}],"author":[{"embeddable":true,"href":"https:\/\/taizyfarmequipment.com\/pt\/wp-json\/wp\/v2\/users\/1"}],"wp:featuredmedia":[{"embeddable":true,"href":"https:\/\/taizyfarmequipment.com\/pt\/wp-json\/wp\/v2\/media\/3301"}],"wp:attachment":[{"href":"https:\/\/taizyfarmequipment.com\/pt\/wp-json\/wp\/v2\/media?parent=3291"}],"wp:term":[{"taxonomy":"post_tag","embeddable":true,"href":"https:\/\/taizyfarmequipment.com\/pt\/wp-json\/wp\/v2\/tags?post=3291"},{"taxonomy":"product-type","embeddable":true,"href":"https:\/\/taizyfarmequipment.com\/pt\/wp-json\/wp\/v2\/product-type?post=3291"}],"curies":[{"name":"wp","href":"https:\/\/api.w.org\/{rel}","templated":true}]}}