{"id":3302,"date":"2022-04-26T10:22:49","date_gmt":"2022-04-26T10:22:49","guid":{"rendered":"https:\/\/taizyfarmequipment.com\/?post_type=product&#038;p=3302"},"modified":"2025-11-26T15:37:56","modified_gmt":"2025-11-26T07:37:56","slug":"maquina-de-descascar-milho-fresco","status":"publish","type":"product","link":"https:\/\/taizyfarmequipment.com\/pt\/product\/fresh-corn-shelling-machine\/","title":{"rendered":"M\u00e1quina de descascar milho fresco \u4e28 Equipamento de debulha de milho doce"},"content":{"rendered":"<div class=\"kk-star-ratings kksr-auto kksr-align-left kksr-valign-top\"     data-payload='{&quot;align&quot;:&quot;left&quot;,&quot;id&quot;:&quot;3302&quot;,&quot;slug&quot;:&quot;default&quot;,&quot;valign&quot;:&quot;top&quot;,&quot;ignore&quot;:&quot;&quot;,&quot;reference&quot;:&quot;auto&quot;,&quot;class&quot;:&quot;&quot;,&quot;count&quot;:&quot;18&quot;,&quot;legendonly&quot;:&quot;&quot;,&quot;readonly&quot;:&quot;&quot;,&quot;score&quot;:&quot;4.9&quot;,&quot;starsonly&quot;:&quot;&quot;,&quot;best&quot;:&quot;5&quot;,&quot;gap&quot;:&quot;5&quot;,&quot;greet&quot;:&quot;Rate this product&quot;,&quot;legend&quot;:&quot;4.9\\\/5 - (18 votes)&quot;,&quot;size&quot;:&quot;24&quot;,&quot;title&quot;:&quot;Fresh corn shelling machine\u4e28Sweet corn threshing machine equipment&quot;,&quot;width&quot;:&quot;139.6&quot;,&quot;_legend&quot;:&quot;{score}\\\/{best} - ({count} {votes})&quot;,&quot;font_factor&quot;:&quot;1.25&quot;}'>              <div class=\"kksr-stars\">      <div class=\"kksr-stars-inactive\">             <div class=\"kksr-star\" data-star=\"1\" style=\"padding-right: 5px\">               <div class=\"kksr-icon\" style=\"width: 24px; height: 24px;\"><\/div>         <\/div>             <div class=\"kksr-star\" data-star=\"2\" style=\"padding-right: 5px\">               <div class=\"kksr-icon\" style=\"width: 24px; height: 24px;\"><\/div>         <\/div>             <div class=\"kksr-star\" data-star=\"3\" style=\"padding-right: 5px\">               <div class=\"kksr-icon\" style=\"width: 24px; height: 24px;\"><\/div>         <\/div>             <div class=\"kksr-star\" data-star=\"4\" style=\"padding-right: 5px\">               <div class=\"kksr-icon\" style=\"width: 24px; height: 24px;\"><\/div>         <\/div>             <div class=\"kksr-star\" data-star=\"5\" style=\"padding-right: 5px\">               <div class=\"kksr-icon\" style=\"width: 24px; height: 24px;\"><\/div>         <\/div>     <\/div>      <div class=\"kksr-stars-active\" style=\"width: 139.6px;\">             <div class=\"kksr-star\" style=\"padding-right: 5px\">               <div class=\"kksr-icon\" style=\"width: 24px; height: 24px;\"><\/div>         <\/div>             <div class=\"kksr-star\" style=\"padding-right: 5px\">               <div class=\"kksr-icon\" style=\"width: 24px; height: 24px;\"><\/div>         <\/div>             <div class=\"kksr-star\" style=\"padding-right: 5px\">               <div class=\"kksr-icon\" style=\"width: 24px; height: 24px;\"><\/div>         <\/div>             <div class=\"kksr-star\" style=\"padding-right: 5px\">               <div class=\"kksr-icon\" style=\"width: 24px; height: 24px;\"><\/div>         <\/div>             <div class=\"kksr-star\" style=\"padding-right: 5px\">               <div class=\"kksr-icon\" style=\"width: 24px; height: 24px;\"><\/div>         <\/div>     <\/div> <\/div>                   <div class=\"kksr-legend\" style=\"font-size: 19.2px;\">             4,9\/5 - (18 votos)    <\/div>     <\/div>  <p>A m\u00e1quina de descascar milho fresco \u00e9 um dispositivo que pode separar gr\u00e3os de milho fresco e espiga de milho. Os gr\u00e3os de milho tratados podem ser posteriormente processados \u200b\u200bou congelados para produzir alimentos ultracongelados. <\/p>    <p>A m\u00e1quina debulhadora de milho doce \u00e9 f\u00e1cil de operar e possui alta efici\u00eancia de trabalho. E pode lidar com todos os tipos de milho fresco, milho doce, milho ceroso e milho descongelado.<\/p>    <figure class=\"wp-block-embed is-type-video is-provider-youtube wp-block-embed-youtube wp-embed-aspect-16-9 wp-has-aspect-ratio\"><div class=\"wp-block-embed__wrapper\"> <iframe loading=\"lazy\" title=\"M\u00e1quina de Debulhar Milho Fresco | Despolpadeira de Milho de Alta Efici\u00eancia para Milho Doce #milho #milho #debulhar\" width=\"500\" height=\"281\" src=\"https:\/\/www.youtube.com\/embed\/iTv3jonA5pk?feature=oembed\" frameborder=\"0\" allow=\"accelerometer; autoplay; clipboard-write; encrypted-media; gyroscope; picture-in-picture; web-share\" referrerpolicy=\"strict-origin-when-cross-origin\" allowfullscreen><\/iframe> <\/div><figcaption class=\"wp-element-caption\">V\u00eddeo de funcionamento da m\u00e1quina de descasque de milho fresco<\/figcaption><\/figure>    <h2 class=\"wp-block-heading\" id=\"h-introduction-to-the-fresh-corn-shelling-machine\">Introdu\u00e7\u00e3o \u00e0 m\u00e1quina de descascar milho fresco&nbsp;<\/h2>    <p>Nossas m\u00e1quinas de descascar milho fresco s\u00e3o de a\u00e7o inoxid\u00e1vel 304 e atendem aos padr\u00f5es GMP e USDA. A m\u00e1quina pode manusear milho de todos os tamanhos e formatos. <\/p>    <p>Existem dois modelos desta m\u00e1quina: HYMZ-268 e HYMZ-368. A diferen\u00e7a entre as duas m\u00e1quinas \u00e9 a presen\u00e7a ou aus\u00eancia de correia transportadora e a sa\u00edda. A m\u00e1quina com correia transportadora tem uma produ\u00e7\u00e3o maior. <\/p>    <p>Em rela\u00e7\u00e3o \u00e0 pot\u00eancia, a pot\u00eancia desta debulhadora de milho fresco \u00e9 o motor. <\/p>    <p class=\"translation-block\">Al\u00e9m disso, a m\u00e1quina de debulhar milho tem um ventilador, que soprar\u00e1 as impurezas dos gr\u00e3os de milho. Assim, o produto final de gr\u00e3os de milho fica limpo e bonito. Para al\u00e9m desta m\u00e1quina, tamb\u00e9m temos um <a href=\"https:\/\/taizyfarmequipment.com\/pt\/produto\/maquina-debulhadora-de-arroz-e-trigo\/\" data-type=\"link\" data-id=\"https:\/\/taizyfarmequipment.com\/product\/rice-and-wheat-thresher-machine\/\">debulhadora de arroz e trigo<\/a>, descascadora de milho e <a href=\"https:\/\/taizyfarmequipment.com\/pt\/produto\/maquina-de-fazer-graos-de-milho\/\">m\u00e1quina de produ\u00e7\u00e3o de fub\u00e1 de milho<\/a>, etc.<\/p>    <figure class=\"wp-block-gallery has-nested-images columns-default is-cropped wp-block-gallery-2 is-layout-flex wp-block-gallery-is-layout-flex\"> <figure class=\"wp-block-image size-large\"><img loading=\"lazy\" decoding=\"async\" width=\"720\" height=\"540\" data-id=\"3305\" src=\"https:\/\/taizyfarmequipment.com\/wp-content\/uploads\/2022\/04\/sweet-maize-thresher0.jpg\" alt=\"debulhador de milho doce\" class=\"wp-image-3305\" title=\"debulhador de milho doce\"\/><figcaption class=\"wp-element-caption\">debulhador de milho doce<\/figcaption><\/figure>    <figure class=\"wp-block-image size-large\"><img loading=\"lazy\" decoding=\"async\" width=\"720\" height=\"540\" data-id=\"3306\" src=\"https:\/\/taizyfarmequipment.com\/wp-content\/uploads\/2022\/04\/fresh-corn-thresher-machine0.jpg\" alt=\"m\u00e1quina debulhadora de milho fresco\" class=\"wp-image-3306\" title=\"m\u00e1quina debulhadora de milho fresco\"\/><figcaption class=\"wp-element-caption\">m\u00e1quina debulhadora de milho fresco<\/figcaption><\/figure> <\/figure>    <h2 class=\"wp-block-heading\">Quais s\u00e3o os usos da debulhadora de milho doce?<\/h2>    <p>Esta m\u00e1quina de descascar milho fresco \u00e9 adequada para f\u00e1bricas de processamento de alimentos, como cozinhas centrais, gr\u00e3os de milho enlatados, xarope de milho de congelamento r\u00e1pido, f\u00e1bricas de gr\u00e3os de milho, processamento de alimentos secos, processamento de produtos agr\u00edcolas e secund\u00e1rios, etc.<\/p>    <figure class=\"wp-block-image size-full\"><img loading=\"lazy\" decoding=\"async\" width=\"720\" height=\"541\" src=\"https:\/\/taizyfarmequipment.com\/wp-content\/uploads\/2022\/04\/Fresh-corn-thresher-tuya_720_541.jpg\" alt=\"Debulhador de milho fresco.\" class=\"wp-image-3309\" title=\"Debulhador de milho fresco.\"\/><figcaption class=\"wp-element-caption\">Debulhador de milho fresco. Debulhador de milho fresco.<\/figcaption><\/figure>    <h2 class=\"wp-block-heading\">Estrutura da debulhadora de milho fresco<\/h2>    <p>A debulhadora de milho fresco inclui principalmente uma estrutura, roda, rolo de borracha, dispositivo de debulha, sa\u00edda de gr\u00e3o de milho, ventilador, sa\u00edda de espiga de milho, gabinete de controle el\u00e9trico, etc. efici\u00eancia. <\/p>    <p>Al\u00e9m do mais, o material desta debulhadora de milho fresco \u00e9 o a\u00e7o inoxid\u00e1vel 304, e os gr\u00e3os de milho ap\u00f3s a debulha ficam mais limpos e higi\u00eanicos e podem ser consumidos com confian\u00e7a.<\/p>    <figure class=\"wp-block-image size-full\"><img loading=\"lazy\" decoding=\"async\" width=\"720\" height=\"540\" src=\"https:\/\/taizyfarmequipment.com\/wp-content\/uploads\/2022\/04\/fresh-corn-shelling-machines-structure0.jpg\" alt=\"estrutura da m\u00e1quina de descascar milho fresco\" class=\"wp-image-3307\" title=\"estrutura da m\u00e1quina de descascar milho fresco\"\/><figcaption class=\"wp-element-caption\">Estrutura da m\u00e1quina de bombardeio de milho fresco<\/figcaption><\/figure>    <h2 class=\"wp-block-heading\">Quais s\u00e3o as fun\u00e7\u00f5es e caracter\u00edsticas de cada parte do descascador de milho doce?<\/h2>    <h3 class=\"wp-block-heading\">1. Rolo de borracha<\/h3>    <p>Fun\u00e7\u00e3o: Pode usar seu atrito para enviar milho para a debulhadora da m\u00e1quina.<\/p>    <p>Caracter\u00edsticas: Como o material de borracha \u00e9 relativamente macio e flex\u00edvel, ele n\u00e3o danifica a casca dos gr\u00e3os de milho durante o processo de trabalho, de modo que os gr\u00e3os de milho mant\u00eam uma boa forma.<\/p>    <h3 class=\"wp-block-heading\">2. Dispositivo debulhador<\/h3>    <p>Fun\u00e7\u00e3o: Esta parte pode cortar os gr\u00e3os de milho da espiga de milho.<\/p>    <p>Caracter\u00edsticas: A l\u00e2mina do aparelho \u00e9 ajust\u00e1vel, podendo ajustar a l\u00e2mina de acordo com o di\u00e2metro da espiga de milho que manuseamos. Portanto, ele aguenta milho de todos os tamanhos. Al\u00e9m disso, o material e o design desta l\u00e2mina s\u00e3o especialmente projetados para um corte razo\u00e1vel.<\/p>    <h3 class=\"wp-block-heading\">3. Sa\u00edda de espiga de milho<\/h3>    <p>Fun\u00e7\u00e3o: Tirar a espiga de milho da m\u00e1quina.<\/p>    <p>Caracter\u00edsticas: 4 guias de engrenagem podem guiar a espiga de milho, o que pode efetivamente evitar o fen\u00f4meno de a espiga de milho ficar presa na m\u00e1quina.<\/p>    <h3 class=\"wp-block-heading\">4. Ventilador<\/h3>    <p>Fun\u00e7\u00e3o: Pode efetivamente eliminar as impurezas dos gr\u00e3os de milho.<\/p>    <figure class=\"wp-block-gallery has-nested-images columns-2 is-cropped wp-block-gallery-3 is-layout-flex wp-block-gallery-is-layout-flex\"> <figure class=\"wp-block-image size-large\"><img loading=\"lazy\" decoding=\"async\" width=\"720\" height=\"539\" data-id=\"3310\" src=\"https:\/\/taizyfarmequipment.com\/wp-content\/uploads\/2022\/04\/roller-9.jpg\" alt=\" rolo de borracha\" class=\"wp-image-3310\" title=\" rolo de borracha\"\/><figcaption class=\"wp-element-caption\"> rolo de borracha<\/figcaption><\/figure>    <figure class=\"wp-block-image size-large\"><img loading=\"lazy\" decoding=\"async\" width=\"720\" height=\"541\" data-id=\"3311\" src=\"https:\/\/taizyfarmequipment.com\/wp-content\/uploads\/2022\/04\/blade-01.jpg\" alt=\"dispositivo de l\u00e2mina\" class=\"wp-image-3311\" title=\"dispositivo de l\u00e2mina\"\/><figcaption class=\"wp-element-caption\">dispositivo de l\u00e2mina<\/figcaption><\/figure>    <figure class=\"wp-block-image size-large\"><img loading=\"lazy\" decoding=\"async\" width=\"720\" height=\"539\" data-id=\"3312\" src=\"https:\/\/taizyfarmequipment.com\/wp-content\/uploads\/2022\/04\/blade-9.jpg\" alt=\"l\u00e2mina\" class=\"wp-image-3312\" title=\"l\u00e2mina\"\/><figcaption class=\"wp-element-caption\">l\u00e2mina<\/figcaption><\/figure>    <figure class=\"wp-block-image size-large\"><img loading=\"lazy\" decoding=\"async\" width=\"720\" height=\"733\" data-id=\"3313\" src=\"https:\/\/taizyfarmequipment.com\/wp-content\/uploads\/2022\/04\/corn-cob-outlet-3.jpg\" alt=\"sa\u00edda de espiga de milho \" class=\"wp-image-3313\" title=\"sa\u00edda de espiga de milho \"\/><figcaption class=\"wp-element-caption\">sa\u00edda de espiga de milho<\/figcaption><\/figure> <\/figure>    <h2 class=\"wp-block-heading\">Par\u00e2metro t\u00e9cnico da debulhadora de milho fresco<\/h2>    <figure class=\"wp-block-table\"><table><tbody><tr><td>Modelo<\/td><td>Tens\u00e3o<\/td><td>Motor<\/td><td>Produ\u00e7\u00e3o<\/td><td>Tamanho do transportador de entrada<\/td><td>Tamanho da m\u00e1quina<\/td><td>Peso da m\u00e1quina<\/td><\/tr><tr><td>HYMZ-268<\/td><td>220V 1 fase<\/td><td>1CV+1\/2CV+1\/4CV<\/td><td>400\uff0d500kg\/h\uff08somente sementes\uff09<\/td><td>Sem<\/td><td>630*620*1250mm<\/td><td>100KG<\/td><\/tr><tr><td>HYMZ-368<\/td><td>220V 1 fase<\/td><td>1CV+1\/2CV+1\/4CV<\/td><td>600kg\/h\uff08somente sementes\uff09<\/td><td>690*260*380mm<\/td><td>1320*620*1250mm<\/td><td>100KG<\/td><\/tr><\/tbody><\/table><figcaption class=\"wp-element-caption\">Par\u00e2metro da m\u00e1quina de debulha de milho fresco<\/figcaption><\/figure>    <h2 class=\"wp-block-heading\">Fluxo de trabalho da debulhadora el\u00e9trica autom\u00e1tica de milho<\/h2>    <p>1. Primeiro, ligue a m\u00e1quina de descascar milho fresco ap\u00f3s confirmar que a m\u00e1quina est\u00e1 em uso normal, coloque a espiga de milho na correia transportadora voltada para a m\u00e1quina ou coloque-a diretamente no dispositivo de rolo de borracha.<\/p>    <p>2. Em seguida, o rolo de borracha envia o milho para a debulhadora e a l\u00e2mina debulha o milho.<\/p>    <p>3. Em seguida, os gr\u00e3os de milho saem da sa\u00edda e o soprador remove as impurezas dos gr\u00e3os de milho.<\/p>    <p>4. Ao mesmo tempo, a espiga de milho \u00e9 descarregada pela outra sa\u00edda. A m\u00e1quina faz o trabalho.<\/p>    <h2 class=\"wp-block-heading\">Quais s\u00e3o as vantagens da debulhadora de milho industrial?<\/h2>    <p>1. O material \u00e9 seguro e toda a m\u00e1quina \u00e9 feita de a\u00e7o inoxid\u00e1vel, limpa e higi\u00eanica.<\/p>    <p>2. A debulhadora de milho fresco possui rodas, que s\u00e3o f\u00e1ceis de mover.<\/p>    <p>3. O conversor de frequ\u00eancia controla a velocidade e a opera\u00e7\u00e3o \u00e9 simples, adequada para todos os tipos de milho fresco, doce, glutinoso e milho congelado ap\u00f3s a debulha.<\/p>    <p>4. Forte adaptabilidade. N\u00e3o \u00e9 adequado apenas para produ\u00e7\u00e3o em larga escala em f\u00e1bricas com linhas de montagem, mas tamb\u00e9m para processamento em oficinas familiares.<\/p>    <p>5. A taxa de utiliza\u00e7\u00e3o da m\u00e1quina \u00e9 alta. A descascadora de milho fresco pode ser ajustada automaticamente de acordo com o tamanho das espigas de milho, adequada para debulhar milho de diversos tamanhos, com alta taxa de debulha. E a profundidade de debulha da m\u00e1quina \u00e9 ajust\u00e1vel, e a taxa de descascamento do milho doce pode chegar a 100%.<\/p>    <p>6. A ferramenta tem uma longa vida \u00fatil. As facas desta m\u00e1quina s\u00e3o feitas de materiais especiais de a\u00e7o inoxid\u00e1vel, que n\u00e3o requerem afia\u00e7\u00e3o a longo prazo e s\u00e3o mais dur\u00e1veis.<\/p>    <figure class=\"wp-block-image size-full\"><img loading=\"lazy\" decoding=\"async\" width=\"720\" height=\"540\" src=\"https:\/\/taizyfarmequipment.com\/wp-content\/uploads\/2022\/04\/finished-product0.jpg\" alt=\"produto acabado\" class=\"wp-image-3308\" title=\"produto acabado\"\/><figcaption class=\"wp-element-caption\">produto acabado<\/figcaption><\/figure>    <h2 class=\"wp-block-heading\">Perguntas frequentes<\/h2>    <p>1. Existe exig\u00eancia quanto ao di\u00e2metro da espiga de milho?<\/p>    <p>N\u00e3o h\u00e1 requisito, pois as p\u00e1s da unidade de debulha da m\u00e1quina podem ser ajustadas de acordo com o di\u00e2metro do milho.<\/p>    <p>2. Qual \u00e9 a diferen\u00e7a entre HYMZ-268 e HYMZ-368?<\/p>    <p>368 tem mais uma correia transportadora e a produ\u00e7\u00e3o \u00e9 maior.<\/p>    <p>3.\u00a0Qual \u00e9 o material da m\u00e1quina de descascar milho fresco?<\/p>    <p>Material de a\u00e7o inoxid\u00e1vel 304.<\/p>    <p>4. Qual \u00e9 a pot\u00eancia da m\u00e1quina?<\/p>    <p>Motor.<\/p>    <p>5. Qual \u00e9 o menor comprimento de milho tratado?<\/p>    <p>80mm.<\/p>","protected":false},"excerpt":{"rendered":"<p>A m\u00e1quina de descascar milho fresco pode separar os gr\u00e3os de milho fresco da espiga de milho. E os gr\u00e3os de milho podem ser processados \u200b\u200bposteriormente.<\/p>","protected":false},"author":1,"featured_media":3304,"parent":0,"template":"","tags":[278,274,275,273,277,276,279,281,280],"product-type":[129],"class_list":["post-3302","product","type-product","status-publish","has-post-thumbnail","hentry","tag-electric-automatic-corn-thresher","tag-fresh-corn-sheller","tag-fresh-corn-shelling-machine","tag-fresh-corn-threshing-machine","tag-fresh-maize-thresher","tag-fresh-sweet-corn-thresher-machine","tag-stainless-steel-corn-sheller-machine","tag-sweet-corn-thresher-for-sale","tag-sweet-corn-threshing-machine-equipment","product-type-thresher-and-sheller"],"_links":{"self":[{"href":"https:\/\/taizyfarmequipment.com\/pt\/wp-json\/wp\/v2\/product\/3302","targetHints":{"allow":["GET"]}}],"collection":[{"href":"https:\/\/taizyfarmequipment.com\/pt\/wp-json\/wp\/v2\/product"}],"about":[{"href":"https:\/\/taizyfarmequipment.com\/pt\/wp-json\/wp\/v2\/types\/product"}],"author":[{"embeddable":true,"href":"https:\/\/taizyfarmequipment.com\/pt\/wp-json\/wp\/v2\/users\/1"}],"wp:featuredmedia":[{"embeddable":true,"href":"https:\/\/taizyfarmequipment.com\/pt\/wp-json\/wp\/v2\/media\/3304"}],"wp:attachment":[{"href":"https:\/\/taizyfarmequipment.com\/pt\/wp-json\/wp\/v2\/media?parent=3302"}],"wp:term":[{"taxonomy":"post_tag","embeddable":true,"href":"https:\/\/taizyfarmequipment.com\/pt\/wp-json\/wp\/v2\/tags?post=3302"},{"taxonomy":"product-type","embeddable":true,"href":"https:\/\/taizyfarmequipment.com\/pt\/wp-json\/wp\/v2\/product-type?post=3302"}],"curies":[{"name":"wp","href":"https:\/\/api.w.org\/{rel}","templated":true}]}}