{"id":3316,"date":"2022-04-27T10:08:41","date_gmt":"2022-04-27T10:08:41","guid":{"rendered":"https:\/\/taizyfarmequipment.com\/?post_type=product&#038;p=3316"},"modified":"2025-11-26T16:10:03","modified_gmt":"2025-11-26T08:10:03","slug":"secador-de-graos-circulante","status":"publish","type":"product","link":"https:\/\/taizyfarmequipment.com\/pt\/product\/circulating-grain-dryer\/","title":{"rendered":"Secador de gr\u00e3os em circula\u00e7\u00e3o | Secador mec\u00e2nico para arroz e milho"},"content":{"rendered":"<div class=\"kk-star-ratings kksr-auto kksr-align-left kksr-valign-top\"     data-payload='{&quot;align&quot;:&quot;left&quot;,&quot;id&quot;:&quot;3316&quot;,&quot;slug&quot;:&quot;default&quot;,&quot;valign&quot;:&quot;top&quot;,&quot;ignore&quot;:&quot;&quot;,&quot;reference&quot;:&quot;auto&quot;,&quot;class&quot;:&quot;&quot;,&quot;count&quot;:&quot;20&quot;,&quot;legendonly&quot;:&quot;&quot;,&quot;readonly&quot;:&quot;&quot;,&quot;score&quot;:&quot;4.5&quot;,&quot;starsonly&quot;:&quot;&quot;,&quot;best&quot;:&quot;5&quot;,&quot;gap&quot;:&quot;5&quot;,&quot;greet&quot;:&quot;Rate this product&quot;,&quot;legend&quot;:&quot;4.5\\\/5 - (20 votes)&quot;,&quot;size&quot;:&quot;24&quot;,&quot;title&quot;:&quot;Circulating grain dryer | Mechanical dryer for rice and corn&quot;,&quot;width&quot;:&quot;128&quot;,&quot;_legend&quot;:&quot;{score}\\\/{best} - ({count} {votes})&quot;,&quot;font_factor&quot;:&quot;1.25&quot;}'>              <div class=\"kksr-stars\">      <div class=\"kksr-stars-inactive\">             <div class=\"kksr-star\" data-star=\"1\" style=\"padding-right: 5px\">               <div class=\"kksr-icon\" style=\"width: 24px; height: 24px;\"><\/div>         <\/div>             <div class=\"kksr-star\" data-star=\"2\" style=\"padding-right: 5px\">               <div class=\"kksr-icon\" style=\"width: 24px; height: 24px;\"><\/div>         <\/div>             <div class=\"kksr-star\" data-star=\"3\" style=\"padding-right: 5px\">               <div class=\"kksr-icon\" style=\"width: 24px; height: 24px;\"><\/div>         <\/div>             <div class=\"kksr-star\" data-star=\"4\" style=\"padding-right: 5px\">               <div class=\"kksr-icon\" style=\"width: 24px; height: 24px;\"><\/div>         <\/div>             <div class=\"kksr-star\" data-star=\"5\" style=\"padding-right: 5px\">               <div class=\"kksr-icon\" style=\"width: 24px; height: 24px;\"><\/div>         <\/div>     <\/div>      <div class=\"kksr-stars-active\" style=\"width: 128px;\">             <div class=\"kksr-star\" style=\"padding-right: 5px\">               <div class=\"kksr-icon\" style=\"width: 24px; height: 24px;\"><\/div>         <\/div>             <div class=\"kksr-star\" style=\"padding-right: 5px\">               <div class=\"kksr-icon\" style=\"width: 24px; height: 24px;\"><\/div>         <\/div>             <div class=\"kksr-star\" style=\"padding-right: 5px\">               <div class=\"kksr-icon\" style=\"width: 24px; height: 24px;\"><\/div>         <\/div>             <div class=\"kksr-star\" style=\"padding-right: 5px\">               <div class=\"kksr-icon\" style=\"width: 24px; height: 24px;\"><\/div>         <\/div>             <div class=\"kksr-star\" style=\"padding-right: 5px\">               <div class=\"kksr-icon\" style=\"width: 24px; height: 24px;\"><\/div>         <\/div>     <\/div> <\/div>                   <div class=\"kksr-legend\" style=\"font-size: 19.2px;\">             4,5\/5 - (20 votos)    <\/div>     <\/div>  <p>O secador de gr\u00e3os circulante tamb\u00e9m \u00e9 chamado de secador de circula\u00e7\u00e3o de baixa temperatura, que pode secar v\u00e1rias sementes de gr\u00e3os em grandes quantidades. Em geral, a m\u00e1quina \u00e9 adequada para grandes esta\u00e7\u00f5es de gr\u00e3os, fazendas, etc. Os gr\u00e3os tratados s\u00e3o f\u00e1ceis de armazenar por muito tempo, transportados por longas dist\u00e2ncias e posteriormente processados. <\/p>    <p>Existem atualmente diferentes formas de secadores de gr\u00e3os no mercado, com diferentes estruturas internas e diferentes m\u00e9todos de processamento das m\u00e1quinas. A m\u00e1quina passou por desenvolvimento cont\u00ednuo e o modelo mais recente \u00e9 o secador de gr\u00e3os de fluxo misto de quatro gera\u00e7\u00f5es. Nossos secadores de gr\u00e3os de produ\u00e7\u00e3o existentes s\u00e3o as m\u00e1quinas mais recentes desse tipo.<\/p>    <h2 class=\"wp-block-heading\" id=\"h-introduction-to-circulating-grain-dryer\">Introdu\u00e7\u00e3o ao secador de gr\u00e3os circulante<\/h2>    <p>Nossos secadores de gr\u00e3os v\u00eam em diferentes modelos com diferentes rendimentos por lote. Normalmente, os modelos 5H-15 e 5H-32 s\u00e3o mais comumente usados. Esta m\u00e1quina de secar gr\u00e3os possui a mais recente forma de secagem, a camada de secagem de canto. E tal estrutura de secagem pode prolongar o processo de descida do gr\u00e3o, para que o ar quente possa secar o material mais completamente. Al\u00e9m disso, a m\u00e1quina possui v\u00e1rios m\u00e9todos de aquecimento, que podem ser combust\u00edvel de biomassa, fog\u00e3o a diesel, queimador de g\u00e1s natural e queimador el\u00e9trico. <\/p>    <p class=\"translation-block\">Os gr\u00e3os tratados ficam livres de bolor, vermes e sabores estranhos. Portanto, a secagem dos gr\u00e3os \u00e9 um bom assistente para secar grandes quantidades de gr\u00e3os. E podemos usar o debulhador para debulhar os gr\u00e3os antes da secagem em massa. Temos <a href=\"https:\/\/www.agriculture-machine.com\/multifunctional-thresher-for-maize-beans-sorghum-millet\/\" target=\"_blank\" rel=\"noopener\">debulhador multifuncional<\/a>, <a href=\"https:\/\/taizyfarmequipment.com\/pt\/produto\/maquina-debulhadora-para-trigo-de-arroz\/\">debulhador para arroz e trigo<\/a>, debulhador de milho, entre outros.<\/p>    <figure class=\"wp-block-gallery has-nested-images columns-default is-cropped wp-block-gallery-2 is-layout-flex wp-block-gallery-is-layout-flex\"> <figure class=\"wp-block-image size-large\"><img loading=\"lazy\" decoding=\"async\" width=\"720\" height=\"540\" data-id=\"3319\" src=\"https:\/\/taizyfarmequipment.com\/wp-content\/uploads\/2022\/04\/circulating-grain-dryer-0.jpg\" alt=\"\" class=\"wp-image-3319\"\/><figcaption class=\"wp-element-caption\">secador de gr\u00e3os circulante<\/figcaption><\/figure>    <figure class=\"wp-block-image size-large\"><img loading=\"lazy\" decoding=\"async\" width=\"720\" height=\"540\" data-id=\"3320\" src=\"https:\/\/taizyfarmequipment.com\/wp-content\/uploads\/2022\/04\/mechanical-dryer-for-rice-and-corn0.jpg\" alt=\"secador mec\u00e2nico para arroz e milho\" class=\"wp-image-3320\" title=\"secador mec\u00e2nico para arroz e milho\"\/><figcaption class=\"wp-element-caption\">secador mec\u00e2nico para arroz e milho<\/figcaption><\/figure> <\/figure>    <h2 class=\"wp-block-heading\">Qual o escopo de aplica\u00e7\u00e3o do secador mec\u00e2nico de arroz?<\/h2>    <p>Gr\u00e3os adequados: arroz, trigo, milho, soja, sorgo, milho, colza e sementes de girassol, etc.<\/p>    <p>Campos aplic\u00e1veis: fazendas, esta\u00e7\u00f5es de gr\u00e3os e fam\u00edlias profissionais que cultivam gr\u00e3os.<\/p>    <figure class=\"wp-block-image size-full\"><img loading=\"lazy\" decoding=\"async\" width=\"720\" height=\"540\" src=\"https:\/\/taizyfarmequipment.com\/wp-content\/uploads\/2022\/04\/grains0.jpg\" alt=\"gr\u00e3os\" class=\"wp-image-3321\" title=\" gr\u00e3os\"\/><figcaption class=\"wp-element-caption\"> gr\u00e3os<\/figcaption><\/figure>    <h2 class=\"wp-block-heading\">Estrutura do secador de gr\u00e3os circulante<\/h2>    <p>O secador de gr\u00e3os circulante inclui elevador, silo, camada de aquecimento, fonte de calor, ventilador, etc.<\/p>    <figure class=\"wp-block-image size-full\"><img loading=\"lazy\" decoding=\"async\" width=\"720\" height=\"540\" src=\"https:\/\/taizyfarmequipment.com\/wp-content\/uploads\/2022\/04\/structure-of-the-circulating-grain-dryer0.jpg\" alt=\"estrutura do secador de gr\u00e3os circulante\" class=\"wp-image-3322\" title=\"estrutura do secador de gr\u00e3os circulante\"\/><figcaption class=\"wp-element-caption\">estrutura do secador de gr\u00e3os circulante<\/figcaption><\/figure>    <h3 class=\"wp-block-heading\"><strong>Quais s\u00e3o as fun\u00e7\u00f5es de cada parte do secador de gr\u00e3os<\/strong>?<\/h3>    <p>1. Elevador: entregar o gr\u00e3o no silo do secador de gr\u00e3os em circula\u00e7\u00e3o.<\/p>    <p>2. Silo: A altura do silo \u00e9 diferente para diferentes modelos. Quanto maior o modelo, maior ser\u00e1 a altura do compartimento.<\/p>    <p>3. Camada de aquecimento: Dentro desta pe\u00e7a est\u00e1 a camada da caixa de canto. O ar quente entra na camada de secagem para secar os gr\u00e3os que passam por esta camada. O design da camada da caixa de canto pode prolongar o processo de queda do material, podendo secar completamente o material. E o ar quente pode passar suavemente pela camada de aquecimento sem causar obstru\u00e7\u00e3o de poeira.<\/p>    <p>4. Parte da fonte de calor: Esta parte do secador de gr\u00e3os circulante pode ser um fog\u00e3o de biomassa, fog\u00e3o a diesel, queimador de g\u00e1s natural e queimador el\u00e9trico. O ar quente produzido por todas estas fontes geradoras de calor \u00e9 limpo e higi\u00e9nico.<\/p>    <p>5. Ventilador: Extraia o ar quente da camada de secagem. Ventiladores de alta qualidade s\u00e3o dur\u00e1veis \u200b\u200be t\u00eam uma longa vida \u00fatil.<\/p>    <figure class=\"wp-block-gallery has-nested-images columns-2 is-cropped wp-block-gallery-3 is-layout-flex wp-block-gallery-is-layout-flex\"> <figure class=\"wp-block-image size-large\"><img loading=\"lazy\" decoding=\"async\" width=\"750\" height=\"563\" data-id=\"3323\" src=\"https:\/\/taizyfarmequipment.com\/wp-content\/uploads\/2022\/04\/elevator-3.jpg\" alt=\"elevador\" class=\"wp-image-3323\" title=\"elevador\"\/><figcaption class=\"wp-element-caption\">elevador<\/figcaption><\/figure>    <figure class=\"wp-block-image size-large\"><img loading=\"lazy\" decoding=\"async\" width=\"720\" height=\"540\" data-id=\"3324\" src=\"https:\/\/taizyfarmequipment.com\/wp-content\/uploads\/2022\/04\/heating-sources0.jpg\" alt=\"fontes de aquecimento\" class=\"wp-image-3324\" title=\"fontes de aquecimento\"\/><figcaption class=\"wp-element-caption\">fontes de aquecimento<\/figcaption><\/figure>    <figure class=\"wp-block-image size-large\"><img loading=\"lazy\" decoding=\"async\" width=\"720\" height=\"540\" data-id=\"3325\" src=\"https:\/\/taizyfarmequipment.com\/wp-content\/uploads\/2022\/04\/PLC0.jpg\" alt=\"CLP\" class=\"wp-image-3325\" title=\"CLP\"\/><figcaption class=\"wp-element-caption\">CLP<\/figcaption><\/figure>    <figure class=\"wp-block-image size-large\"><img loading=\"lazy\" decoding=\"async\" width=\"720\" height=\"540\" data-id=\"3326\" src=\"https:\/\/taizyfarmequipment.com\/wp-content\/uploads\/2022\/04\/fan0.jpg\" alt=\"f\u00e3\" class=\"wp-image-3326\" title=\"f\u00e3\"\/><figcaption class=\"wp-element-caption\">f\u00e3<\/figcaption><\/figure> <\/figure>    <h2 class=\"wp-block-heading\"><strong>O processo de trabalho do secador de torre de gr\u00e3os<\/strong><\/h2>    <p>O secador de gr\u00e3os circulante como um todo inclui muitas estruturas complexas. Inclui principalmente um sistema de energia, sistema de transmiss\u00e3o, sistema de controle e sistema de secagem.<\/p>    <p>1. Primeiro colocamos uma grande quantidade de gr\u00e3os na \u00e1rea de armazenamento de gr\u00e3os.<\/p>    <p>2. Em seguida ligue o secador de gr\u00e3os circulante, o elevador da m\u00e1quina ir\u00e1 recolher os gr\u00e3os e transferi-los para o silo do secador.<\/p>    <p>3. O gr\u00e3o continua caindo at\u00e9 atingir a camada de secagem.<\/p>    <p>4. O gr\u00e3o \u00e9 bloqueado pela estrutura de canto da camada de secagem, o que reduzir\u00e1 a velocidade de queda. Ao mesmo tempo, o ar quente seca o gr\u00e3o atrav\u00e9s desta camada.<\/p>    <p>5. O gr\u00e3o seco final \u00e9 descarregado pela sa\u00edda.<\/p>    <h2 class=\"wp-block-heading\">Quais s\u00e3o as vantagens do secador de gr\u00e3os comercial?<\/h2>    <p>1. A secagem \u00e9 uniforme, a precipita\u00e7\u00e3o \u00e9 r\u00e1pida e a precipita\u00e7\u00e3o por hora \u00e9 de cerca de 1,2%, o que efetivamente encurta o tempo de secagem e reduz o custo de secagem.<\/p>    <p>2. A secagem de gr\u00e3os uniformes tem uma baixa taxa de ruptura da cintura, que \u00e9 duas vezes mais baixa que a dos secadores de fluxo cruzado.<\/p>    <p>3. A taxa de germina\u00e7\u00e3o das sementes secas por esta m\u00e1quina \u00e9 alta e a taxa de germina\u00e7\u00e3o identificada \u00e9 86%.<\/p>    <p>4. A entrada de ar tipo caixa de canto \u00e9 suave e n\u00e3o precisamos ser limpas ap\u00f3s anos de uso.<\/p>    <p>5. O arroz seco tem boa qualidade, amplas vendas no mercado e lucros consider\u00e1veis.<\/p>    <p>6. F\u00e1cil de operar. Sistema de controle totalmente autom\u00e1tico com tela sens\u00edvel ao toque, f\u00e1cil de operar, pode determinar automaticamente a \u00e1gua, parar automaticamente ao atingir o valor definido.<\/p>    <p>7. Limpeza ecologicamente correta. Equipado com um fog\u00e3o a quente ecol\u00f3gico para garantir que os alimentos n\u00e3o sejam polu\u00eddos, com o mesmo ru\u00eddo atemporal de produtos similares, vibra\u00e7\u00e3o fraca, economia de combust\u00edvel, baixo custo e longa vida \u00fatil.<\/p>    <figure class=\"wp-block-gallery has-nested-images columns-2 is-cropped wp-block-gallery-4 is-layout-flex wp-block-gallery-is-layout-flex\"> <figure class=\"wp-block-image size-large\"><img loading=\"lazy\" decoding=\"async\" width=\"720\" height=\"540\" data-id=\"3327\" src=\"https:\/\/taizyfarmequipment.com\/wp-content\/uploads\/2022\/04\/circulating-grain-dryer-0-1.jpg\" alt=\"secador de gr\u00e3os circulante\" class=\"wp-image-3327\" title=\"secador de gr\u00e3os circulante\"\/><figcaption class=\"wp-element-caption\">secador de gr\u00e3os circulante<\/figcaption><\/figure>    <figure class=\"wp-block-image size-large\"><img loading=\"lazy\" decoding=\"async\" width=\"720\" height=\"540\" data-id=\"3328\" src=\"https:\/\/taizyfarmequipment.com\/wp-content\/uploads\/2022\/04\/circulating-grain-dryer10.jpg\" alt=\"secador de gr\u00e3os em lote\" class=\"wp-image-3328\" title=\"secador de gr\u00e3os em lote\"\/><figcaption class=\"wp-element-caption\">c<br>secador de gr\u00e3os em lote<\/figcaption><\/figure>    <figure class=\"wp-block-image size-large\"><img loading=\"lazy\" decoding=\"async\" width=\"720\" height=\"540\" data-id=\"3329\" src=\"https:\/\/taizyfarmequipment.com\/wp-content\/uploads\/2022\/04\/circulating-grain-dryer-40.jpg\" alt=\"secador de gr\u00e3os circulante\" class=\"wp-image-3329\" title=\"secador de gr\u00e3os circulante\"\/><figcaption class=\"wp-element-caption\">secador de gr\u00e3os circulante<\/figcaption><\/figure>    <figure class=\"wp-block-image size-large\"><img loading=\"lazy\" decoding=\"async\" width=\"720\" height=\"540\" data-id=\"3330\" src=\"https:\/\/taizyfarmequipment.com\/wp-content\/uploads\/2022\/04\/mechanical-dryer-for-rice-and-corn-0.jpg\" alt=\"secador mec\u00e2nico para arroz e milho\" class=\"wp-image-3330\" title=\"secador mec\u00e2nico para arroz e milho\"\/><figcaption class=\"wp-element-caption\">secador mec\u00e2nico para arroz e milho<\/figcaption><\/figure> <\/figure>    <h2 class=\"wp-block-heading\">Perguntas frequentes<\/h2>    <p>1. Qual \u00e9 a taxa de remo\u00e7\u00e3o de \u00e1gua por hora para o tipo 1,15?<\/p>    <p>1-1.2%.<\/p>    <p>2. A diferen\u00e7a entre a camada de secagem do tipo 5H-15 e do tipo 5H-32?<\/p>    <p>A altura \u00e9 a mesma, a largura \u00e9 diferente, o tipo 5H-32 \u00e9 mais largo e mais comprido, duas vezes mais longo que o tipo 5H-15, o 5H-15 tem uma entrada de ar e o 5H-32 tem duas entradas de ar.<\/p>    <p>3. Como saber se o gr\u00e3o est\u00e1 cheio do secador?<\/p>    <p>H\u00e1 uma luz de advert\u00eancia no gabinete de controle.<\/p>    <p>4. Qual a temperatura interna do secador de gr\u00e3os circulante?<\/p>    <p>A temperatura de diferentes locais \u00e9 diferente, os gr\u00e3os comerciais s\u00e3o geralmente cerca de 60 graus Celsius e as sementes s\u00e3o cerca de 40 graus Celsius.<\/p>    <p>5. Qual \u00e9 o material do elevador de canecas?<\/p>    <p>Lona de nylon puro.<\/p>    <p>6. Qual \u00e9 a marca e fun\u00e7\u00e3o do gabinete de controle?<\/p>    <p>Siemens, Alemanha, caixa de controle de automa\u00e7\u00e3o PLC.<\/p>    <p><\/p>    <p><\/p>    <p><\/p>    <p><\/p>","protected":false},"excerpt":{"rendered":"<p>O secador de gr\u00e3os tamb\u00e9m \u00e9 chamado de secador de circula\u00e7\u00e3o de baixa temperatura, que pode secar v\u00e1rias sementes de gr\u00e3os em grandes quantidades.<\/p>","protected":false},"author":1,"featured_media":3318,"parent":0,"template":"","tags":[],"product-type":[282],"class_list":["post-3316","product","type-product","status-publish","has-post-thumbnail","hentry","product-type-grains-dryer"],"_links":{"self":[{"href":"https:\/\/taizyfarmequipment.com\/pt\/wp-json\/wp\/v2\/product\/3316","targetHints":{"allow":["GET"]}}],"collection":[{"href":"https:\/\/taizyfarmequipment.com\/pt\/wp-json\/wp\/v2\/product"}],"about":[{"href":"https:\/\/taizyfarmequipment.com\/pt\/wp-json\/wp\/v2\/types\/product"}],"author":[{"embeddable":true,"href":"https:\/\/taizyfarmequipment.com\/pt\/wp-json\/wp\/v2\/users\/1"}],"wp:featuredmedia":[{"embeddable":true,"href":"https:\/\/taizyfarmequipment.com\/pt\/wp-json\/wp\/v2\/media\/3318"}],"wp:attachment":[{"href":"https:\/\/taizyfarmequipment.com\/pt\/wp-json\/wp\/v2\/media?parent=3316"}],"wp:term":[{"taxonomy":"post_tag","embeddable":true,"href":"https:\/\/taizyfarmequipment.com\/pt\/wp-json\/wp\/v2\/tags?post=3316"},{"taxonomy":"product-type","embeddable":true,"href":"https:\/\/taizyfarmequipment.com\/pt\/wp-json\/wp\/v2\/product-type?post=3316"}],"curies":[{"name":"wp","href":"https:\/\/api.w.org\/{rel}","templated":true}]}}