{"id":3334,"date":"2022-05-05T11:34:45","date_gmt":"2022-05-05T11:34:45","guid":{"rendered":"https:\/\/taizyfarmequipment.com\/?post_type=product&#038;p=3334"},"modified":"2024-03-14T09:59:46","modified_gmt":"2024-03-14T01:59:46","slug":"maquina-de-coletar-aboboras","status":"publish","type":"product","link":"https:\/\/taizyfarmequipment.com\/pt\/product\/pumpkin-collecting-machine\/","title":{"rendered":"M\u00e1quina de coleta de ab\u00f3bora\u4e28m\u00e1quina de colheita de melancia"},"content":{"rendered":"<div class=\"kk-star-ratings kksr-auto kksr-align-left kksr-valign-top\"     data-payload='{&quot;align&quot;:&quot;left&quot;,&quot;id&quot;:&quot;3334&quot;,&quot;slug&quot;:&quot;default&quot;,&quot;valign&quot;:&quot;top&quot;,&quot;ignore&quot;:&quot;&quot;,&quot;reference&quot;:&quot;auto&quot;,&quot;class&quot;:&quot;&quot;,&quot;count&quot;:&quot;7&quot;,&quot;legendonly&quot;:&quot;&quot;,&quot;readonly&quot;:&quot;&quot;,&quot;score&quot;:&quot;4.5&quot;,&quot;starsonly&quot;:&quot;&quot;,&quot;best&quot;:&quot;5&quot;,&quot;gap&quot;:&quot;5&quot;,&quot;greet&quot;:&quot;Rate this product&quot;,&quot;legend&quot;:&quot;4.5\\\/5 - (7 votes)&quot;,&quot;size&quot;:&quot;24&quot;,&quot;title&quot;:&quot;Pumpkin collecting machine\u4e28watermelon harvest machine&quot;,&quot;width&quot;:&quot;128&quot;,&quot;_legend&quot;:&quot;{score}\\\/{best} - ({count} {votes})&quot;,&quot;font_factor&quot;:&quot;1.25&quot;}'>              <div class=\"kksr-stars\">      <div class=\"kksr-stars-inactive\">             <div class=\"kksr-star\" data-star=\"1\" style=\"padding-right: 5px\">               <div class=\"kksr-icon\" style=\"width: 24px; height: 24px;\"><\/div>         <\/div>             <div class=\"kksr-star\" data-star=\"2\" style=\"padding-right: 5px\">               <div class=\"kksr-icon\" style=\"width: 24px; height: 24px;\"><\/div>         <\/div>             <div class=\"kksr-star\" data-star=\"3\" style=\"padding-right: 5px\">               <div class=\"kksr-icon\" style=\"width: 24px; height: 24px;\"><\/div>         <\/div>             <div class=\"kksr-star\" data-star=\"4\" style=\"padding-right: 5px\">               <div class=\"kksr-icon\" style=\"width: 24px; height: 24px;\"><\/div>         <\/div>             <div class=\"kksr-star\" data-star=\"5\" style=\"padding-right: 5px\">               <div class=\"kksr-icon\" style=\"width: 24px; height: 24px;\"><\/div>         <\/div>     <\/div>      <div class=\"kksr-stars-active\" style=\"width: 128px;\">             <div class=\"kksr-star\" style=\"padding-right: 5px\">               <div class=\"kksr-icon\" style=\"width: 24px; height: 24px;\"><\/div>         <\/div>             <div class=\"kksr-star\" style=\"padding-right: 5px\">               <div class=\"kksr-icon\" style=\"width: 24px; height: 24px;\"><\/div>         <\/div>             <div class=\"kksr-star\" style=\"padding-right: 5px\">               <div class=\"kksr-icon\" style=\"width: 24px; height: 24px;\"><\/div>         <\/div>             <div class=\"kksr-star\" style=\"padding-right: 5px\">               <div class=\"kksr-icon\" style=\"width: 24px; height: 24px;\"><\/div>         <\/div>             <div class=\"kksr-star\" style=\"padding-right: 5px\">               <div class=\"kksr-icon\" style=\"width: 24px; height: 24px;\"><\/div>         <\/div>     <\/div> <\/div>                   <div class=\"kksr-legend\" style=\"font-size: 19.2px;\">             4,5\/5 - (7 votos)    <\/div>     <\/div>  <p>A m\u00e1quina coletora de ab\u00f3bora \u00e9 um equipamento que pode coletar sementes de mel\u00e3o, ab\u00f3bora, caba\u00e7a, etc. A m\u00e1quina pode realizar m\u00faltiplas opera\u00e7\u00f5es, como quebrar vinhas, coletar e formar tiras. E voltando para a fila de uma s\u00f3 vez. A m\u00e1quina \u00e9 adequada para coletar com efici\u00eancia um grande n\u00famero de ab\u00f3boras, sementes de mel\u00e3o, caba\u00e7as, etc. Al\u00e9m disso, esta m\u00e1quina de coleta de ab\u00f3bora \u00e9 robusta e dur\u00e1vel, f\u00e1cil de operar, tem alta efici\u00eancia de trabalho e pode economizar muita m\u00e3o de obra.<\/p>    <h2 class=\"wp-block-heading\" id=\"h-introduction-of-pumpkin-collecting-machine\">Introdu\u00e7\u00e3o da m\u00e1quina de coleta de ab\u00f3bora<\/h2>    <p class=\"translation-block\"><br>Os colectores de ab\u00f3bora que produzimos trabalham com tractores atrav\u00e9s do PDF. O trator conduz a m\u00e1quina para trabalhar. E \u00e0 medida que a m\u00e1quina opera, enrola as trepadeiras enquanto alinha os frutos. Assim, as pessoas podem tratar das ab\u00f3boras de forma mais conveniente. A m\u00e1quina tem elevada produ\u00e7\u00e3o e ampla \u00e1rea de colheita. Portanto, \u00e9 um equipamento ideal para uma recolha em grande escala de ab\u00f3boras, mel\u00f5es-semente, etc. Al\u00e9m disso, tamb\u00e9m temos um <a href=\"https:\/\/taizyfarmequipment.com\/pt\/produto\/extrator-de-semente-de-abobora\/\">extrator de sementes de ab\u00f3bora<\/a>, que pode remover rapidamente as sementes de ab\u00f3boras, mel\u00f5es-semente, etc.<\/p>    <h2 class=\"wp-block-heading\">Estrutura da colheitadeira de melancia<\/h2>    <p class=\"translation-block\"><br>Esta <a href=\"https:\/\/www.agriculture-machine.com\/watermelon-and-pumpkin-harvester-machine\/\" target=\"_blank\" rel=\"noopener\">ceifeira de melancia<\/a> tem principalmente um quadro, uma roda colectora, um eixo removedor de trepadeiras, uma roda de apoio, uma caixa de engrenagens, um sistema de transmiss\u00e3o, uma tubagem hidr\u00e1ulica e outros componentes.<\/p>    <p><\/p>    <h2 class=\"wp-block-heading\">Par\u00e2metros da colheitadeira de sementes de mel\u00e3o<\/h2>    <p><br>A estrutura adota uma estrutura combinada de tubo quadrado; toda a caixa de velocidades distribui a pot\u00eancia; a estrutura da roda de barra dupla; Os principais par\u00e2metros t\u00e9cnicos s\u00e3o os seguintes:<\/p>    <figure class=\"wp-block-table\"><table><tbody><tr><td>Largura de trabalho (cm)<\/td><td>Estrutura divina<\/td><td>Definir forma de barra<\/td><td>Di\u00e2metro espiral (cm)<\/td><td>Velocidade de trabalho\uff08Km\/h\uff09<\/td><td>Pot\u00eancia (kW)<\/td><td>Peso (kg)<\/td><\/tr><tr><td>1200+1050<\/td><td>Martelo de tira dupla de borracha<\/td><td>H\u00e9lice dupla<\/td><td>50<\/td><td>\u22655&nbsp;<\/td><td>22~44<\/td><td>518<\/td><\/tr><\/tbody><\/table><figcaption class=\"wp-element-caption\">O par\u00e2metro da Watermelon Harvester<\/figcaption><\/figure>    <h2 class=\"wp-block-heading\"> Princ\u00edpio de funcionamento de uma colheitadeira de ab\u00f3bora<\/h2>    <ol class=\"wp-block-list\"> <li>Ligue o trator, o trator distribuir\u00e1 a pot\u00eancia para cada sistema de eixo passo a passo e continuamente. E a implementa\u00e7\u00e3o ir\u00e1 girar de acordo.<\/li>    <li>Sob a a\u00e7\u00e3o da articula\u00e7\u00e3o de quatro barras e do cilindro hidr\u00e1ulico, o cilindro do parafuso da ferramenta mant\u00e9m uma posi\u00e7\u00e3o relativa com o solo;<\/li>    <li>Quando a m\u00e1quina avan\u00e7a, um grupo de cilindros helicoidais relativamente girat\u00f3rios transporta as sementes de mel\u00e3o para ambos os lados da m\u00e1quina;<\/li>    <li>Sob a a\u00e7\u00e3o do cilindro espiral e do eixo de remo\u00e7\u00e3o de videiras. A m\u00e1quina separa e corta as vinhas e ramos de ervas daninhas;<\/li>    <li>O cilindro de \u00f3leo levantar\u00e1 o trator quando ele virar;<\/li>    <li>Atrav\u00e9s de dois ciclos de opera\u00e7\u00e3o, as sementes de mel\u00e3o transportadas para ambos os lados s\u00e3o coletadas em fileiras;<\/li>    <li>Na a\u00e7\u00e3o acima, completa as opera\u00e7\u00f5es de retirada de cip\u00f3s, transporte, forma\u00e7\u00e3o de tiras e coleta de sementes de mel\u00e3o.<\/li> <\/ol>    <h2 class=\"wp-block-heading\">Quais s\u00e3o as vantagens de um colecionador de ab\u00f3boras?<\/h2>    <ol class=\"wp-block-list\"> <li>Usamos a\u00e7o de alta qualidade para soldar o coletor de ab\u00f3bora. Portanto a m\u00e1quina possui uma estrutura razo\u00e1vel, forte e dur\u00e1vel.<\/li>    <li>O cilindro espiral exclusivo \u00e9 f\u00e1cil de remover plantas como vinhas e ervas daninhas, e a efici\u00eancia do trabalho \u00e9 alta.<\/li>    <li>Al\u00e9m disso, usamos matrizes especiais para estampar as pe\u00e7as de chapa met\u00e1lica. E adotamos a estrutura em forma de press\u00e3o e em forma de arco, que possui caracter\u00edsticas de robustez e destreza.<\/li>    <li>Usando a\u00e7o de alta qualidade para fazer o sistema de eixo. E processe-os integralmente ap\u00f3s montagem e soldagem, com alta precis\u00e3o.<\/li>    <li>Adote rolamentos de alta qualidade e pe\u00e7as padr\u00e3o para garantir a confiabilidade de toda a m\u00e1quina.<\/li>    <li>Pe\u00e7as e componentes do mesmo modelo e categoria s\u00e3o intercambi\u00e1veis \u200b\u200be f\u00e1ceis de substituir.<\/li>    <li>Adota um m\u00e9todo de conex\u00e3o flex\u00edvel com a parte de pot\u00eancia, que possui melhor adaptabilidade ao solo.<\/li>    <li>A estrutura especial da roda de suporte traseiro \u00e9 f\u00e1cil de usar e leve para andar.<\/li> <\/ol>    <h2 class=\"wp-block-heading\">Precau\u00e7\u00f5es para uso e opera\u00e7\u00e3o da m\u00e1quina coletora de ab\u00f3bora<\/h2>    <ol class=\"wp-block-list\"> <li>A velocidade pode afetar significativamente a qualidade das sementes, por favor opere a uma velocidade de 2 km\/h a 5 km\/h.<\/li>    <li>No caso de limpeza ou manuten\u00e7\u00e3o dos implementos, o trator deve estar desligado e o eixo de transmiss\u00e3o completamente parado antes de prosseguir.<\/li>    <li>Fique sempre atento \u00e0s condi\u00e7\u00f5es de trabalho quando o sistema de eleva\u00e7\u00e3o hidr\u00e1ulica do trator estiver abaixado at\u00e9 o ponto mais baixo, caso contr\u00e1rio o implemento poder\u00e1 ficar suspenso e o desempenho do implemento ser\u00e1 reduzido;<\/li>    <li>Se o solo for irregular ou muito pegajoso, reduza adequadamente a press\u00e3o dos pneus do trator para melhorar a estabilidade da opera\u00e7\u00e3o.<\/li>    <li>Se a superf\u00edcie estiver coberta com muitos detritos ou rizomas, preste sempre aten\u00e7\u00e3o na limpeza para evitar que se enrosquem.<\/li>    <li>Limpe regularmente o emaranhado de cada eixo da m\u00e1quina para evitar bloqueios, de modo a n\u00e3o afetar o efeito de uso;<\/li>    <li>N\u00e3o recue quando a m\u00e1quina cair no ch\u00e3o, o que pode causar danos \u00e0 m\u00e1quina.<\/li>    <li>Assim que o ve\u00edculo estiver em r\u00e9, saia imediatamente e verifique todas as pe\u00e7as da m\u00e1quina de coleta de ab\u00f3boras.<\/li>    <li>Ao virar, o implemento deve estar suspenso.<\/li>    <li>Durante a opera\u00e7\u00e3o ou transporte, em caso de chamadas anormais, lan\u00e7amento de pedras, lan\u00e7amento de terra, etc., pare imediatamente e descubra os motivos.<\/li> <\/ol>","protected":false},"excerpt":{"rendered":"<p>A m\u00e1quina de coleta de ab\u00f3bora \u00e9 equipamento que pode coletar mel\u00f5es de sementes, ab\u00f3boras, caba\u00e7as etc. A m\u00e1quina pode concluir v\u00e1rias opera\u00e7\u00f5es, como quebrar videiras, coletar e formar tiras.<\/p>","protected":false},"author":1,"featured_media":4037,"parent":0,"template":"","tags":[],"product-type":[128],"class_list":["post-3334","product","type-product","status-publish","has-post-thumbnail","hentry","product-type-harvester"],"_links":{"self":[{"href":"https:\/\/taizyfarmequipment.com\/pt\/wp-json\/wp\/v2\/product\/3334","targetHints":{"allow":["GET"]}}],"collection":[{"href":"https:\/\/taizyfarmequipment.com\/pt\/wp-json\/wp\/v2\/product"}],"about":[{"href":"https:\/\/taizyfarmequipment.com\/pt\/wp-json\/wp\/v2\/types\/product"}],"author":[{"embeddable":true,"href":"https:\/\/taizyfarmequipment.com\/pt\/wp-json\/wp\/v2\/users\/1"}],"wp:featuredmedia":[{"embeddable":true,"href":"https:\/\/taizyfarmequipment.com\/pt\/wp-json\/wp\/v2\/media\/4037"}],"wp:attachment":[{"href":"https:\/\/taizyfarmequipment.com\/pt\/wp-json\/wp\/v2\/media?parent=3334"}],"wp:term":[{"taxonomy":"post_tag","embeddable":true,"href":"https:\/\/taizyfarmequipment.com\/pt\/wp-json\/wp\/v2\/tags?post=3334"},{"taxonomy":"product-type","embeddable":true,"href":"https:\/\/taizyfarmequipment.com\/pt\/wp-json\/wp\/v2\/product-type?post=3334"}],"curies":[{"name":"wp","href":"https:\/\/api.w.org\/{rel}","templated":true}]}}