{"id":3337,"date":"2022-05-06T10:28:24","date_gmt":"2022-05-06T10:28:24","guid":{"rendered":"https:\/\/taizyfarmequipment.com\/?post_type=product&#038;p=3337"},"modified":"2025-11-26T17:02:07","modified_gmt":"2025-11-26T09:02:07","slug":"pequena-maquina-de-moagem-de-arroz","status":"publish","type":"product","link":"https:\/\/taizyfarmequipment.com\/pt\/product\/small-rice-milling-machine\/","title":{"rendered":"Pequena fresadora de arroz | Moinho de arroz dom\u00e9stico com moedor"},"content":{"rendered":"<div class=\"kk-star-ratings kksr-auto kksr-align-left kksr-valign-top\"     data-payload='{&quot;align&quot;:&quot;left&quot;,&quot;id&quot;:&quot;3337&quot;,&quot;slug&quot;:&quot;default&quot;,&quot;valign&quot;:&quot;top&quot;,&quot;ignore&quot;:&quot;&quot;,&quot;reference&quot;:&quot;auto&quot;,&quot;class&quot;:&quot;&quot;,&quot;count&quot;:&quot;30&quot;,&quot;legendonly&quot;:&quot;&quot;,&quot;readonly&quot;:&quot;&quot;,&quot;score&quot;:&quot;4.8&quot;,&quot;starsonly&quot;:&quot;&quot;,&quot;best&quot;:&quot;5&quot;,&quot;gap&quot;:&quot;5&quot;,&quot;greet&quot;:&quot;Rate this product&quot;,&quot;legend&quot;:&quot;4.8\\\/5 - (30 votes)&quot;,&quot;size&quot;:&quot;24&quot;,&quot;title&quot;:&quot;Small rice milling machine | Household rice mill with grinder&quot;,&quot;width&quot;:&quot;136.7&quot;,&quot;_legend&quot;:&quot;{score}\\\/{best} - ({count} {votes})&quot;,&quot;font_factor&quot;:&quot;1.25&quot;}'>              <div class=\"kksr-stars\">      <div class=\"kksr-stars-inactive\">             <div class=\"kksr-star\" data-star=\"1\" style=\"padding-right: 5px\">               <div class=\"kksr-icon\" style=\"width: 24px; height: 24px;\"><\/div>         <\/div>             <div class=\"kksr-star\" data-star=\"2\" style=\"padding-right: 5px\">               <div class=\"kksr-icon\" style=\"width: 24px; height: 24px;\"><\/div>         <\/div>             <div class=\"kksr-star\" data-star=\"3\" style=\"padding-right: 5px\">               <div class=\"kksr-icon\" style=\"width: 24px; height: 24px;\"><\/div>         <\/div>             <div class=\"kksr-star\" data-star=\"4\" style=\"padding-right: 5px\">               <div class=\"kksr-icon\" style=\"width: 24px; height: 24px;\"><\/div>         <\/div>             <div class=\"kksr-star\" data-star=\"5\" style=\"padding-right: 5px\">               <div class=\"kksr-icon\" style=\"width: 24px; height: 24px;\"><\/div>         <\/div>     <\/div>      <div class=\"kksr-stars-active\" style=\"width: 136.7px;\">             <div class=\"kksr-star\" style=\"padding-right: 5px\">               <div class=\"kksr-icon\" style=\"width: 24px; height: 24px;\"><\/div>         <\/div>             <div class=\"kksr-star\" style=\"padding-right: 5px\">               <div class=\"kksr-icon\" style=\"width: 24px; height: 24px;\"><\/div>         <\/div>             <div class=\"kksr-star\" style=\"padding-right: 5px\">               <div class=\"kksr-icon\" style=\"width: 24px; height: 24px;\"><\/div>         <\/div>             <div class=\"kksr-star\" style=\"padding-right: 5px\">               <div class=\"kksr-icon\" style=\"width: 24px; height: 24px;\"><\/div>         <\/div>             <div class=\"kksr-star\" style=\"padding-right: 5px\">               <div class=\"kksr-icon\" style=\"width: 24px; height: 24px;\"><\/div>         <\/div>     <\/div> <\/div>                   <div class=\"kksr-legend\" style=\"font-size: 19.2px;\">             4,8\/5 - (30 votos)    <\/div>     <\/div>  <p>A pequena fresadora de arroz \u00e9 um dispositivo que pode transformar arroz integral em arroz. Com a melhoria gradual dos padr\u00f5es de vida, as pessoas apresentam requisitos mais elevados para a qualidade do arroz, o que faz com que o processo de moagem do arroz melhore rapidamente. A produ\u00e7\u00e3o do pequeno moinho de arroz \u00e9 adequada para uso dom\u00e9stico ou pequenas oficinas, pequenas f\u00e1bricas, etc. <\/p>    <p>A pequena fresadora de arroz tem as caracter\u00edsticas de tamanho pequeno, alta velocidade, opera\u00e7\u00e3o conveniente, f\u00e1cil de mover e baixo ru\u00eddo. Quando usamos a fresadora de arroz, podemos ajustar o grau de moagem de arroz da m\u00e1quina de acordo com nossas pr\u00f3prias necessidades. Dessa forma, as pessoas podem obter arroz conforme o esperado. O arroz tratado \u00e9 branco e isento de impurezas e pode ser vendido diretamente.<\/p>    <figure class=\"wp-block-embed is-type-video is-provider-youtube wp-block-embed-youtube wp-embed-aspect-16-9 wp-has-aspect-ratio\"><div class=\"wp-block-embed__wrapper\"> <iframe loading=\"lazy\" title=\"Melhor fresadora de arroz para pequenas fazendas #farming #agriculture #rice #ricemill\" width=\"500\" height=\"281\" src=\"https:\/\/www.youtube.com\/embed\/ZTTRcMJv0qY?feature=oembed\" frameborder=\"0\" allow=\"accelerometer; autoplay; clipboard-write; encrypted-media; gyroscope; picture-in-picture; web-share\" referrerpolicy=\"strict-origin-when-cross-origin\" allowfullscreen><\/iframe> <\/div><figcaption class=\"wp-element-caption\">V\u00eddeo de funcionamento da pequena fresadora de arroz<\/figcaption><\/figure>    <h2 class=\"wp-block-heading\" id=\"h-introduction-of-small-rice-milling-machine\">Introdu\u00e7\u00e3o de pequena fresadora de arroz<\/h2>    <p>Nossos pequenos moinhos de arroz produzidos pela Taizy possuem v\u00e1rios estilos e podem atender \u00e0s necessidades de diversos clientes. Portanto, al\u00e9m da fun\u00e7\u00e3o de moagem de arroz, tamb\u00e9m podemos equipar a m\u00e1quina de moagem de arroz com as fun\u00e7\u00f5es de triturar gr\u00e3os, bater, remover pedras e peneirar. Ele realmente realiza uma m\u00e1quina multifuncional e economiza energia. Ao mesmo tempo, os clientes tamb\u00e9m podem realizar uma variedade de neg\u00f3cios e obter mais lucros. <\/p>    <p>Quanto \u00e0 mat\u00e9ria-prima a ser processada, pode-se utilizar arroz de gr\u00e3o redondo ou arroz de gr\u00e3o longo. Portanto, eles podem manusear o arroz comum do mercado e os clientes podem utiliz\u00e1-lo com confian\u00e7a. Esta m\u00e1quina foi bem recebida por muitos pa\u00edses e n\u00f3s a exportamos para o Reino Unido, Gana, Burkina Faso, Nig\u00e9ria, Z\u00e2mbia, Congo, etc. <\/p>    <p class=\"translation-block\">Al\u00e9m desta m\u00e1quina, tamb\u00e9m temos uma <a href=\"https:\/\/taizyfarmequipment.com\/pt\/produto\/maquina-de-moagem-de-arroz-automatica-de-15t-d\/\">linha de moagem de arroz de grande dimens\u00e3o<\/a> que pode processar grandes lotes de arroz. A linha de produ\u00e7\u00e3o \u00e9 um equipamento mais inteligente e totalmente autom\u00e1tico, o que poupar\u00e1 muita m\u00e3o-de-obra e tempo. Este artigo apresenta v\u00e1rias formas de m\u00e1quinas de moagem de arroz.<\/p>    <figure class=\"wp-block-gallery has-nested-images columns-default is-cropped wp-block-gallery-2 is-layout-flex wp-block-gallery-is-layout-flex\"> <figure class=\"wp-block-image size-large\"><img loading=\"lazy\" decoding=\"async\" width=\"720\" height=\"540\" data-id=\"3350\" src=\"https:\/\/taizyfarmequipment.com\/wp-content\/uploads\/2022\/05\/4-1.jpg\" alt=\"pequena m\u00e1quina de moagem de arroz\" class=\"wp-image-3350\" title=\"pequena m\u00e1quina de moagem de arroz\"\/><figcaption class=\"wp-element-caption\">pequena m\u00e1quina de moagem de arroz<\/figcaption><\/figure>    <figure class=\"wp-block-image size-large\"><img loading=\"lazy\" decoding=\"async\" width=\"720\" height=\"540\" data-id=\"3351\" src=\"https:\/\/taizyfarmequipment.com\/wp-content\/uploads\/2022\/05\/5-1.jpg\" alt=\" fresadora de arroz\" class=\"wp-image-3351\" title=\" fresadora de arroz\"\/><figcaption class=\"wp-element-caption\"> fresadora de arroz<\/figcaption><\/figure>    <figure class=\"wp-block-image size-large\"><img loading=\"lazy\" decoding=\"async\" width=\"720\" height=\"540\" data-id=\"3352\" src=\"https:\/\/taizyfarmequipment.com\/wp-content\/uploads\/2022\/05\/2-1.jpg\" alt=\"mini moinho de arroz\" class=\"wp-image-3352\" title=\"mini moinho de arroz\"\/><figcaption class=\"wp-element-caption\">mini moinho de arroz<\/figcaption><\/figure> <\/figure>    <h2 class=\"wp-block-heading\">O escopo do moinho de arroz dom\u00e9stico com moedor<\/h2>    <p>Este moinho de arroz \u00e9 adequado para fam\u00edlias, fazendas, lojas de medicina chinesa, fazendas, fazendas, f\u00e1bricas de peixes, f\u00e1bricas de ra\u00e7\u00f5es, pequenos moinhos de arroz, etc. Ele pode processar arroz, milho, soja, feij\u00e3o mungo, trigo, medicina tradicional chinesa e outros mat\u00e9rias-primas.<\/p>    <h2 class=\"wp-block-heading\">Tipo 1: Pequena fresadora de arroz<\/h2>    <p>Este tipo de fresadora de arroz tem apenas uma fun\u00e7\u00e3o de moer arroz e n\u00e3o possui outras fun\u00e7\u00f5es adicionais. A pot\u00eancia da m\u00e1quina \u00e9 o motor. Podemos ajustar o grau de moagem do arroz da m\u00e1quina ajustando o parafuso na frente da m\u00e1quina. <\/p>    <p>O moinho de arroz ir\u00e1 gerar calor durante a moagem do arroz, por isso a tela \u00e9 feita de material resistente ao calor e tem uma vida \u00fatil mais longa.<\/p>    <figure class=\"wp-block-gallery has-nested-images columns-default is-cropped wp-block-gallery-3 is-layout-flex wp-block-gallery-is-layout-flex\"> <figure class=\"wp-block-image size-large\"><img loading=\"lazy\" decoding=\"async\" width=\"720\" height=\"540\" data-id=\"3345\" src=\"https:\/\/taizyfarmequipment.com\/wp-content\/uploads\/2022\/05\/3.jpg\" alt=\"moinho de arroz\" class=\"wp-image-3345\" title=\"moinho de arroz\"\/><figcaption class=\"wp-element-caption\">moinho de arroz<\/figcaption><\/figure>    <figure class=\"wp-block-image size-large\"><img loading=\"lazy\" decoding=\"async\" width=\"720\" height=\"540\" data-id=\"3344\" src=\"https:\/\/taizyfarmequipment.com\/wp-content\/uploads\/2022\/05\/4.jpg\" alt=\"moinho de arroz dom\u00e9stico\" class=\"wp-image-3344\" title=\"moinho de arroz dom\u00e9stico\"\/><figcaption class=\"wp-element-caption\">moinho de arroz dom\u00e9stico<\/figcaption><\/figure> <\/figure>    <h3 class=\"wp-block-heading\">A estrutura do moinho de arroz<\/h3>    <p>A fresadora de arroz tem estrutura simples, opera\u00e7\u00e3o conveniente, economia de tempo e m\u00e3o de obra. Inclui principalmente um rack, tremonha de alimenta\u00e7\u00e3o, energia, c\u00e2mara de moagem de arroz, parafuso de ajuste, porta de descarga, tela e assim por diante.<\/p>    <figure class=\"wp-block-image size-full\"><img loading=\"lazy\" decoding=\"async\" width=\"720\" height=\"540\" src=\"https:\/\/taizyfarmequipment.com\/wp-content\/uploads\/2022\/05\/combined-mini-rice-mill.jpg\" alt=\"mini moinho de arroz combinado\" class=\"wp-image-3357\" title=\"mini moinho de arroz combinado\"\/><figcaption class=\"wp-element-caption\">mini moinho de arroz combinado<\/figcaption><\/figure>    <h2 class=\"wp-block-heading\">Tipo 2: Moinho de arroz com moedor<\/h2>    <p>Al\u00e9m de moer arroz, esse tipo de moinho de arroz tamb\u00e9m pode moer todos os tipos de gr\u00e3os. Este modelo de m\u00e1quina possui mais uma fun\u00e7\u00e3o de tritura\u00e7\u00e3o que o Tipo 1. A parte pulverizadora deste tipo \u00e9 diferente, uma \u00e9 do tipo garra e a outra \u00e9 ao mesmo tempo triturar e bater. Os clientes podem escolher m\u00e1quinas de acordo com suas necessidades. A pot\u00eancia deste tipo de m\u00e1quina tamb\u00e9m \u00e9 o motor.<\/p>    <figure class=\"wp-block-gallery has-nested-images columns-default is-cropped wp-block-gallery-4 is-layout-flex wp-block-gallery-is-layout-flex\"> <figure class=\"wp-block-image size-large\"><img loading=\"lazy\" decoding=\"async\" width=\"720\" height=\"540\" data-id=\"3347\" src=\"https:\/\/taizyfarmequipment.com\/wp-content\/uploads\/2022\/05\/5.jpg\" alt=\"moinho de arroz com moedor\" class=\"wp-image-3347\" title=\"moinho de arroz com moedor\"\/><figcaption class=\"wp-element-caption\">moinho de arroz com moedor<\/figcaption><\/figure>    <figure class=\"wp-block-image size-large\"><img loading=\"lazy\" decoding=\"async\" width=\"720\" height=\"540\" data-id=\"3346\" src=\"https:\/\/taizyfarmequipment.com\/wp-content\/uploads\/2022\/05\/6.jpg\" alt=\"moinho de arroz com triturador\" class=\"wp-image-3346\" title=\"moinho de arroz com triturador\"\/><figcaption class=\"wp-element-caption\">moinho de arroz com triturador<\/figcaption><\/figure> <\/figure>    <h3 class=\"wp-block-heading\">A estrutura da pequena m\u00e1quina de moinho de arroz<\/h3>    <p>A m\u00e1quina de moagem de arroz inclui principalmente uma cremalheira, uma tremonha de alimenta\u00e7\u00e3o, uma pot\u00eancia, uma c\u00e2mara de moagem de arroz, um dispositivo de tritura\u00e7\u00e3o, moagem e dispositivo de batimento, um parafuso de ajuste, uma porta de descarga, uma tela e assim por diante.<\/p>    <figure class=\"wp-block-image size-full\"><img loading=\"lazy\" decoding=\"async\" width=\"720\" height=\"540\" src=\"https:\/\/taizyfarmequipment.com\/wp-content\/uploads\/2022\/05\/rice-mill-machine-with-grinder.jpg\" alt=\"m\u00e1quina de moinho de arroz com moedor\" class=\"wp-image-3356\" title=\"m\u00e1quina de moinho de arroz com moedor\"\/><figcaption class=\"wp-element-caption\">m\u00e1quina de moinho de arroz com moedor<\/figcaption><\/figure>    <h2 class=\"wp-block-heading\">Tipo 3: Moinho de arroz com stoner e peneira vibrat\u00f3ria<\/h2>    <p>Este modelo de moinho de arroz vem em v\u00e1rios formatos, podemos equip\u00e1-lo com pedra, peneira vibrat\u00f3ria e triturador. Os clientes podem escolher essas fun\u00e7\u00f5es adicionais de acordo com suas necessidades, e tamb\u00e9m podemos personalizar a m\u00e1quina. O removedor de pedras pode remover pedras, areia e outras impurezas contidas no arroz n\u00e3o tratado. Isso pode reduzir os danos ao moinho de arroz e prolongar sua vida \u00fatil. <\/p>    <p>A fun\u00e7\u00e3o da peneira vibrat\u00f3ria \u00e9 filtrar o arroz quebrado contido no arroz mo\u00eddo. O arroz restante ap\u00f3s a peneira\u00e7\u00e3o \u00e9 um produto final completo, branco e bonito. O moinho de arroz pode adicionar tr\u00eas fun\u00e7\u00f5es: m\u00e1quina de remo\u00e7\u00e3o de pedras, peneira vibrat\u00f3ria e pulverizador ao mesmo tempo. Este modelo de fresadora de arroz realmente \u00e9 uma m\u00e1quina multifuncional.<\/p>    <figure class=\"wp-block-gallery has-nested-images columns-default is-cropped wp-block-gallery-5 is-layout-flex wp-block-gallery-is-layout-flex\"> <figure class=\"wp-block-image size-large\"><img loading=\"lazy\" decoding=\"async\" width=\"720\" height=\"540\" data-id=\"3349\" src=\"https:\/\/taizyfarmequipment.com\/wp-content\/uploads\/2022\/05\/1.jpg\" alt=\"\" class=\"wp-image-3349\"\/><\/figure>    <figure class=\"wp-block-image size-large\"><img loading=\"lazy\" decoding=\"async\" width=\"720\" height=\"540\" data-id=\"3348\" src=\"https:\/\/taizyfarmequipment.com\/wp-content\/uploads\/2022\/05\/2.jpg\" alt=\"\" class=\"wp-image-3348\"\/><\/figure> <\/figure>    <h3 class=\"wp-block-heading\">Estrutura da fresadora multifuncional de arroz<\/h3>    <p>A m\u00e1quina de moagem de arroz multifuncional inclui principalmente uma cremalheira, uma entrada, uma pot\u00eancia, uma c\u00e2mara de moagem de arroz, um dispositivo de tritura\u00e7\u00e3o, moagem e dispositivo de batimento, um parafuso de ajuste, uma porta de descarga, uma tela, um removedor de pedra, um dispositivo vibrat\u00f3rio tela, etc<\/p>    <figure class=\"wp-block-image size-full\"><img loading=\"lazy\" decoding=\"async\" width=\"720\" height=\"540\" src=\"https:\/\/taizyfarmequipment.com\/wp-content\/uploads\/2022\/05\/modern-rice-mill-machinery.jpg\" alt=\"m\u00e1quinas modernas de moinho de arroz\" class=\"wp-image-3355\" title=\"m\u00e1quinas modernas de moinho de arroz\"\/><figcaption class=\"wp-element-caption\">m\u00e1quinas modernas de moinho de arroz<\/figcaption><\/figure>    <h2 class=\"wp-block-heading\">Par\u00e2metros da fresadora de arroz multifuncional<\/h2>    <figure class=\"wp-block-table\"><table><tbody><tr><td>Nome do produto&nbsp;<\/td><td>M\u00e1quina combinada mais peneira vibrat\u00f3ria&nbsp;<\/td><\/tr><tr><td>Modelo N\u00c3O.&nbsp;<\/td><td>6N40C-9FZ21<\/td><\/tr><tr><td>Frequ\u00eancia de vibra\u00e7\u00e3o<\/td><td>484 batimentos\/min<\/td><\/tr><tr><td>Fun\u00e7\u00f5es&nbsp;<\/td><td>Moinho de arroz\/moinho de farinha\/separador de arroz quebrado<\/td><\/tr><tr><td>Motor acionado<\/td><td>Motor 3HP<\/td><\/tr><tr><td>Detalhes do motor<\/td><td>220V, 50HZ, monof\u00e1sico, cobre&nbsp;<\/td><\/tr><tr><td>taxa separada de arroz quebrado<\/td><td>90-93%<\/td><\/tr><tr><td>Capacidade&nbsp;<\/td><td>150kg\/hora<\/td><\/tr><\/tbody><\/table><figcaption class=\"wp-element-caption\">par\u00e2metro da m\u00e1quina multifuncional de moagem de arroz<\/figcaption><\/figure>    <h2 class=\"wp-block-heading\">Princ\u00edpio de funcionamento do moinho de arroz dom\u00e9stico <\/h2>    <figure class=\"wp-block-image size-full\"><img loading=\"lazy\" decoding=\"async\" width=\"720\" height=\"540\" src=\"https:\/\/taizyfarmequipment.com\/wp-content\/uploads\/2022\/05\/Small-rice-milling-machine-details.webp\" alt=\"Detalhes da pequena fresadora de arroz\" class=\"wp-image-4545\" srcset=\"https:\/\/taizyfarmequipment.com\/wp-content\/uploads\/2022\/05\/Small-rice-milling-machine-details.webp 720w, https:\/\/taizyfarmequipment.com\/wp-content\/uploads\/2022\/05\/Small-rice-milling-machine-details-300x225.webp 300w, https:\/\/taizyfarmequipment.com\/wp-content\/uploads\/2022\/05\/Small-rice-milling-machine-details-16x12.webp 16w\" sizes=\"auto, (max-width: 720px) 100vw, 720px\" \/><figcaption class=\"wp-element-caption\">Detalhes da pequena fresadora de arroz<\/figcaption><\/figure>    <p>O moinho de arroz utiliza principalmente for\u00e7a mec\u00e2nica para descascar e branquear o arroz integral. O arroz integral entra no dispositivo de moagem de arroz a partir da tremonha de alimenta\u00e7\u00e3o atrav\u00e9s do mecanismo regulador de fluxo. Em seguida, a cabe\u00e7a do parafuso envia o arroz integral para o rolo de moagem de arroz, e o arroz segue o rolo de lixa em espiral.<\/p>    <p>Durante esse processo, os rolos de areia esfregar\u00e3o o arroz integral e, ao mesmo tempo, haver\u00e1 atrito entre os gr\u00e3os de arroz e entre os gr\u00e3os de arroz e a peneira de arroz. Finalmente, o arroz integral vira arroz. <\/p>    <p>Ao mesmo tempo, o p\u00f3 do farelo ser\u00e1 trilhado e os gr\u00e3os de arroz ser\u00e3o removidos pelo spray de ar, e os furos da peneira ser\u00e3o exclu\u00eddos. No final teremos um arroz limpo e bonito.<\/p>    <h2 class=\"wp-block-heading\">Quais s\u00e3o as vantagens do moinho de arroz multifuncional?<\/h2>    <figure class=\"wp-block-image size-full\"><img loading=\"lazy\" decoding=\"async\" width=\"720\" height=\"540\" src=\"https:\/\/taizyfarmequipment.com\/wp-content\/uploads\/2022\/05\/Small-rice-milling-machine-for-business.webp\" alt=\"Pequena fresadora de arroz para empresas\" class=\"wp-image-4546\" srcset=\"https:\/\/taizyfarmequipment.com\/wp-content\/uploads\/2022\/05\/Small-rice-milling-machine-for-business.webp 720w, https:\/\/taizyfarmequipment.com\/wp-content\/uploads\/2022\/05\/Small-rice-milling-machine-for-business-300x225.webp 300w, https:\/\/taizyfarmequipment.com\/wp-content\/uploads\/2022\/05\/Small-rice-milling-machine-for-business-16x12.webp 16w\" sizes=\"auto, (max-width: 720px) 100vw, 720px\" \/><figcaption class=\"wp-element-caption\">Pequena fresadora de arroz para empresas<\/figcaption><\/figure>    <ul class=\"wp-block-list\"> <li>Estrutura simples e f\u00e1cil opera\u00e7\u00e3o. As pessoas n\u00e3o precisam aprender a operar o moinho de arroz, s\u00f3 precisam v\u00ea-lo uma vez para oper\u00e1-lo. A opera\u00e7\u00e3o por uma s\u00f3 pessoa economiza tempo e esfor\u00e7o.<\/li>    <li>As m\u00e1quinas dom\u00e9sticas de moagem de arroz s\u00e3o pequenas em tamanho e peso e f\u00e1ceis de mover, para que as pessoas possam moer arroz em qualquer lugar.<\/li>    <li>A fresadora de arroz tem pouca vibra\u00e7\u00e3o durante o trabalho, por isso n\u00e3o deve ser consertada especialmente.<\/li>    <li>O moinho de arroz dom\u00e9stico tem um bom efeito de veda\u00e7\u00e3o e o derramamento de poeira \u00e9 muito pequeno quando a m\u00e1quina est\u00e1 funcionando, o que \u00e9 limpo e higi\u00eanico.<\/li>    <li>O efeito de moagem do arroz \u00e9 bom, todo arroz <a href=\"https:\/\/en.wikipedia.org\/wiki\/Grain\" data-type=\"link\" data-id=\"https:\/\/en.wikipedia.org\/wiki\/Grain\" target=\"_blank\" rel=\"noopener\">gr\u00e3os<\/a> s\u00e3o processados. A taxa de quebra dos gr\u00e3os de arroz acabados \u00e9 baixa e a qualidade dos produtos acabados \u00e9 alta.<\/li> <\/ul>    <h2 class=\"wp-block-heading\">M\u00e1quina de moagem de arroz vendida para a Nig\u00e9ria<\/h2>    <p>O cliente \u00e9 da Nig\u00e9ria e deixa uma mensagem atrav\u00e9s do nosso site. Nossos gerentes de neg\u00f3cios se comunicam com os clientes via WhatsApp. Ap\u00f3s comunica\u00e7\u00e3o, soubemos que o cliente pretendia abrir uma pequena oficina de moagem de arroz. <\/p>    <p>Recomendamos m\u00e1quinas de moagem e tritura\u00e7\u00e3o de arroz de acordo com as necessidades espec\u00edficas dos clientes. Finalmente, o cliente decidiu encomendar duas m\u00e1quinas integradas de moagem e tritura\u00e7\u00e3o de arroz. A seguir est\u00e1 o diagrama de embalagem e entrega da m\u00e1quina.<\/p>    <figure class=\"wp-block-gallery has-nested-images columns-default is-cropped wp-block-gallery-6 is-layout-flex wp-block-gallery-is-layout-flex\"> <figure class=\"wp-block-image size-large\"><img loading=\"lazy\" decoding=\"async\" width=\"720\" height=\"540\" data-id=\"3341\" src=\"https:\/\/taizyfarmequipment.com\/wp-content\/uploads\/2022\/05\/wooden-case-packaging0.jpg\" alt=\"\" class=\"wp-image-3341\"\/><\/figure>    <figure class=\"wp-block-image size-large\"><img loading=\"lazy\" decoding=\"async\" width=\"720\" height=\"540\" data-id=\"3342\" src=\"https:\/\/taizyfarmequipment.com\/wp-content\/uploads\/2022\/05\/loading-of-the-maize-peller-machine0.jpg\" alt=\"\" class=\"wp-image-3342\"\/><\/figure>    <figure class=\"wp-block-image size-large\"><img loading=\"lazy\" decoding=\"async\" width=\"720\" height=\"540\" data-id=\"3343\" src=\"https:\/\/taizyfarmequipment.com\/wp-content\/uploads\/2022\/05\/shipping-of-the-machine0.jpg\" alt=\"\" class=\"wp-image-3343\"\/><\/figure> <\/figure>    <h2 class=\"wp-block-heading\">Contate-nos!<\/h2>    <p>Concluindo, nossa pequena fresadora de arroz oferece uma solu\u00e7\u00e3o compacta e eficiente para suas necessidades de processamento de arroz. Seu tamanho pequeno desmente suas poderosas capacidades, proporcionando resultados de fresamento de alta qualidade enquanto requer espa\u00e7o m\u00ednimo. <\/p>    <p>Com opera\u00e7\u00e3o f\u00e1cil de usar e baixos requisitos de manuten\u00e7\u00e3o, nossa pequena fresadora de arroz \u00e9 a escolha perfeita para pequenos produtores de arroz ou para uso dom\u00e9stico. <\/p>    <p>Experimente a conveni\u00eancia, efici\u00eancia e qualidade que nossa m\u00e1quina traz para suas opera\u00e7\u00f5es de moagem de arroz. Escolha nossa pequena fresadora de arroz para desempenho confi\u00e1vel e resultados excepcionais.<\/p>    <figure class=\"wp-block-gallery has-nested-images columns-default is-cropped wp-block-gallery-7 is-layout-flex wp-block-gallery-is-layout-flex\"> <figure class=\"wp-block-image size-large\"><img loading=\"lazy\" decoding=\"async\" width=\"720\" height=\"540\" data-id=\"4547\" src=\"https:\/\/taizyfarmequipment.com\/wp-content\/uploads\/2022\/05\/Small-rice-milling-machine-for-sale.webp\" alt=\"Venda pequena fresadora de arroz\" class=\"wp-image-4547\" srcset=\"https:\/\/taizyfarmequipment.com\/wp-content\/uploads\/2022\/05\/Small-rice-milling-machine-for-sale.webp 720w, https:\/\/taizyfarmequipment.com\/wp-content\/uploads\/2022\/05\/Small-rice-milling-machine-for-sale-300x225.webp 300w, https:\/\/taizyfarmequipment.com\/wp-content\/uploads\/2022\/05\/Small-rice-milling-machine-for-sale-16x12.webp 16w\" sizes=\"auto, (max-width: 720px) 100vw, 720px\" \/><figcaption class=\"wp-element-caption\">Venda pequena fresadora de arroz<\/figcaption><\/figure>    <figure class=\"wp-block-image size-large\"><img loading=\"lazy\" decoding=\"async\" width=\"720\" height=\"540\" data-id=\"4548\" src=\"https:\/\/taizyfarmequipment.com\/wp-content\/uploads\/2022\/05\/Small-rice-milling-machine-stucture.webp\" alt=\"Estrutura da pequena fresadora de arroz\" class=\"wp-image-4548\" srcset=\"https:\/\/taizyfarmequipment.com\/wp-content\/uploads\/2022\/05\/Small-rice-milling-machine-stucture.webp 720w, https:\/\/taizyfarmequipment.com\/wp-content\/uploads\/2022\/05\/Small-rice-milling-machine-stucture-300x225.webp 300w, https:\/\/taizyfarmequipment.com\/wp-content\/uploads\/2022\/05\/Small-rice-milling-machine-stucture-16x12.webp 16w\" sizes=\"auto, (max-width: 720px) 100vw, 720px\" \/><figcaption class=\"wp-element-caption\">Estrutura da pequena fresadora de arroz<\/figcaption><\/figure> <\/figure>","protected":false},"excerpt":{"rendered":"<p>A pequena fresadora de arroz pode transformar arroz integral em arroz. A produ\u00e7\u00e3o \u00e9 adequada para uso dom\u00e9stico, pequenas oficinas, etc. <\/p>","protected":false},"author":1,"featured_media":3340,"parent":0,"template":"","tags":[284,286,288,287,283],"product-type":[132],"class_list":["post-3337","product","type-product","status-publish","has-post-thumbnail","hentry","tag-household-rice-mill-with-grinder","tag-mini-rice-milling-machine","tag-multifunctional-rice-milling-machine","tag-rice-mill-with-stoner-and-vibrating-screen","tag-small-rice-milling-machine","product-type-rice-mill"],"_links":{"self":[{"href":"https:\/\/taizyfarmequipment.com\/pt\/wp-json\/wp\/v2\/product\/3337","targetHints":{"allow":["GET"]}}],"collection":[{"href":"https:\/\/taizyfarmequipment.com\/pt\/wp-json\/wp\/v2\/product"}],"about":[{"href":"https:\/\/taizyfarmequipment.com\/pt\/wp-json\/wp\/v2\/types\/product"}],"author":[{"embeddable":true,"href":"https:\/\/taizyfarmequipment.com\/pt\/wp-json\/wp\/v2\/users\/1"}],"wp:featuredmedia":[{"embeddable":true,"href":"https:\/\/taizyfarmequipment.com\/pt\/wp-json\/wp\/v2\/media\/3340"}],"wp:attachment":[{"href":"https:\/\/taizyfarmequipment.com\/pt\/wp-json\/wp\/v2\/media?parent=3337"}],"wp:term":[{"taxonomy":"post_tag","embeddable":true,"href":"https:\/\/taizyfarmequipment.com\/pt\/wp-json\/wp\/v2\/tags?post=3337"},{"taxonomy":"product-type","embeddable":true,"href":"https:\/\/taizyfarmequipment.com\/pt\/wp-json\/wp\/v2\/product-type?post=3337"}],"curies":[{"name":"wp","href":"https:\/\/api.w.org\/{rel}","templated":true}]}}