{"id":3359,"date":"2022-05-09T10:07:18","date_gmt":"2022-05-09T10:07:18","guid":{"rendered":"https:\/\/taizyfarmequipment.com\/?post_type=product&#038;p=3359"},"modified":"2022-11-10T17:45:12","modified_gmt":"2022-11-10T09:45:12","slug":"cortador-de-palha-e-moedor-de-graos-combinado","status":"publish","type":"product","link":"https:\/\/taizyfarmequipment.com\/pt\/product\/combined-straw-cutter-and-grain-grinder\/","title":{"rendered":"Cortador de palha e moedor de gr\u00e3os combinado"},"content":{"rendered":"<div class=\"kk-star-ratings kksr-auto kksr-align-left kksr-valign-top\"     data-payload='{&quot;align&quot;:&quot;left&quot;,&quot;id&quot;:&quot;3359&quot;,&quot;slug&quot;:&quot;default&quot;,&quot;valign&quot;:&quot;top&quot;,&quot;ignore&quot;:&quot;&quot;,&quot;reference&quot;:&quot;auto&quot;,&quot;class&quot;:&quot;&quot;,&quot;count&quot;:&quot;7&quot;,&quot;legendonly&quot;:&quot;&quot;,&quot;readonly&quot;:&quot;&quot;,&quot;score&quot;:&quot;4.8&quot;,&quot;starsonly&quot;:&quot;&quot;,&quot;best&quot;:&quot;5&quot;,&quot;gap&quot;:&quot;5&quot;,&quot;greet&quot;:&quot;Rate this product&quot;,&quot;legend&quot;:&quot;4.8\\\/5 - (7 votes)&quot;,&quot;size&quot;:&quot;24&quot;,&quot;title&quot;:&quot;Combined straw cutter and grain grinder&quot;,&quot;width&quot;:&quot;136.7&quot;,&quot;_legend&quot;:&quot;{score}\\\/{best} - ({count} {votes})&quot;,&quot;font_factor&quot;:&quot;1.25&quot;}'>              <div class=\"kksr-stars\">      <div class=\"kksr-stars-inactive\">             <div class=\"kksr-star\" data-star=\"1\" style=\"padding-right: 5px\">               <div class=\"kksr-icon\" style=\"width: 24px; height: 24px;\"><\/div>         <\/div>             <div class=\"kksr-star\" data-star=\"2\" style=\"padding-right: 5px\">               <div class=\"kksr-icon\" style=\"width: 24px; height: 24px;\"><\/div>         <\/div>             <div class=\"kksr-star\" data-star=\"3\" style=\"padding-right: 5px\">               <div class=\"kksr-icon\" style=\"width: 24px; height: 24px;\"><\/div>         <\/div>             <div class=\"kksr-star\" data-star=\"4\" style=\"padding-right: 5px\">               <div class=\"kksr-icon\" style=\"width: 24px; height: 24px;\"><\/div>         <\/div>             <div class=\"kksr-star\" data-star=\"5\" style=\"padding-right: 5px\">               <div class=\"kksr-icon\" style=\"width: 24px; height: 24px;\"><\/div>         <\/div>     <\/div>      <div class=\"kksr-stars-active\" style=\"width: 136.7px;\">             <div class=\"kksr-star\" style=\"padding-right: 5px\">               <div class=\"kksr-icon\" style=\"width: 24px; height: 24px;\"><\/div>         <\/div>             <div class=\"kksr-star\" style=\"padding-right: 5px\">               <div class=\"kksr-icon\" style=\"width: 24px; height: 24px;\"><\/div>         <\/div>             <div class=\"kksr-star\" style=\"padding-right: 5px\">               <div class=\"kksr-icon\" style=\"width: 24px; height: 24px;\"><\/div>         <\/div>             <div class=\"kksr-star\" style=\"padding-right: 5px\">               <div class=\"kksr-icon\" style=\"width: 24px; height: 24px;\"><\/div>         <\/div>             <div class=\"kksr-star\" style=\"padding-right: 5px\">               <div class=\"kksr-icon\" style=\"width: 24px; height: 24px;\"><\/div>         <\/div>     <\/div> <\/div>                   <div class=\"kksr-legend\" style=\"font-size: 19.2px;\">             4,8\/5 - (7 votos)    <\/div>     <\/div>  <p>O cortador de palha e o moedor de gr\u00e3os combinados s\u00e3o uma m\u00e1quina agr\u00edcola multifuncional. \u00c9 uma m\u00e1quina multifuncional que pode realizar tr\u00eas fun\u00e7\u00f5es: corte de palha, tritura\u00e7\u00e3o e moagem de gr\u00e3os. Portanto, os agricultores podem usar uma m\u00e1quina para resolver as necessidades de ra\u00e7\u00e3o do processo agr\u00edcola. Agora existem v\u00e1rios tipos de cortadores e moedores de palha no mercado, e tamb\u00e9m temos esses tipos de m\u00e1quinas. E ap\u00f3s pesquisa cont\u00ednua, produzimos uma m\u00e1quina que combina tr\u00eas fun\u00e7\u00f5es em uma. \u00c9 um bom ajudante para os agricultores fazerem ra\u00e7\u00e3o.<\/p>    <h2 class=\"wp-block-heading\">Introdu\u00e7\u00e3o do cortador de palha e moedor de gr\u00e3os combinados<\/h2>    <p class=\"translation-block\">\u6211\u4eec\u7684<a href=\"https:\/\/www.agriculture-machine.com\/combined-chaff-cutter-and-grinder-straw-cutter-and-grain-grinder\/\" target=\"_blank\" rel=\"noopener\">\u79f8\u79c6\u548c\u8c37\u7269\u7c89\u788e\u673a<\/a>\u53ef\u914d\u5907\u4e24\u79cd\u52a8\u529b\uff1a\u7535\u52a8\u673a\u548c\u67f4\u6cb9\u53d1\u52a8\u673a\u3002\u5ba2\u6237\u53ef\u6839\u636e\u81ea\u8eab\u9700\u6c42\u9009\u62e9\u3002\u8be5\u673a\u5668\u53ef\u52a0\u5de5\u79f8\u79c6\u3001\u9752\u8349\u3001\u7a3b\u8349\u3001\u9ea6\u79c6\u7b49\u5404\u79cd\u9972\u6599\uff0c\u4e5f\u53ef\u7c89\u788e\u5404\u79cd\u8c37\u7269\u3002\u52a0\u5de5\u540e\u7684\u9972\u6599\u548c\u8c37\u7269\u53ef\u4f5c\u4e3a\u9972\u6599\u5582\u517b\u7272\u755c\u6216\u50a8\u5b58\u3002\u94e1\u8349\u673a\u548c\u7c89\u788e\u673a\u64cd\u4f5c\u7b80\u4fbf\u3001\u6548\u7387\u9ad8\u3001\u529f\u80fd\u591a\uff0c\u6df1\u53d7\u56fd\u5185\u5916\u7528\u6237\u7684\u6b22\u8fce\u3002\u6b64\u5916\uff0c\u6211\u4eec\u8fd8\u6709<a href=\"https:\/\/taizyfarmequipment.com\/pt\/produto\/maquina-cortadora-de-grama\/\">\u94e1\u8349\u673a<\/a>\u3001<a href=\"https:\/\/taizyfarmequipment.com\/pt\/produto\/enfardadeira-redonda-para-silagem\/\">\u9752\u8d2e\u6253\u6346\u673a<\/a>\u3001<a href=\"https:\/\/taizyfarmequipment.com\/pt\/produto\/moedor-de-martelo\/\">\u8c37\u7269\u7c89\u788e\u673a<\/a>\u7b49\u3002<\/p>    <figure class=\"wp-block-gallery has-nested-images columns-default is-cropped wp-block-gallery-2 is-layout-flex wp-block-gallery-is-layout-flex\"> <figure class=\"wp-block-image size-large\"><img loading=\"lazy\" decoding=\"async\" width=\"720\" height=\"540\" data-id=\"3364\" src=\"https:\/\/taizyfarmequipment.com\/wp-content\/uploads\/2022\/05\/chaff-cutter-and-grain-grinder.jpg\" alt=\"cortador de palha e moedor de gr\u00e3os\" class=\"wp-image-3364\" title=\"cortador de palha e moedor de gr\u00e3os\"\/><figcaption class=\"wp-element-caption\">cortador de palha e moedor de gr\u00e3os<\/figcaption><\/figure>    <figure class=\"wp-block-image size-large\"><img loading=\"lazy\" decoding=\"async\" width=\"720\" height=\"540\" data-id=\"3365\" src=\"https:\/\/taizyfarmequipment.com\/wp-content\/uploads\/2022\/05\/straw-cutter-1.jpg\" alt=\"cortador de palha\" class=\"wp-image-3365\" title=\"cortador de palha\"\/><figcaption class=\"wp-element-caption\">cortador de palha<\/figcaption><\/figure> <\/figure>    <h2 class=\"wp-block-heading\" id=\"h-the-scope-of-application-of-the-combined-chaff-cutter\">O escopo de aplica\u00e7\u00e3o do cortador de palha combinado<\/h2>    <p>O cortador de palha e o moedor de gr\u00e3os combinados podem lidar com grama molhada e palha, como talos de milho, talos de trigo, vinhas de batata doce, etc. Cereais, como milho, trigo, etc., espigas de milho e cascas de amendoim tamb\u00e9m podem ser esmagados por esta m\u00e1quina.<\/p>    <p>As mat\u00e9rias-primas processadas podem ser utilizadas na cria\u00e7\u00e3o de cavalos, bovinos, ovinos, patos, galinhas, porcos, coelhos, etc.<\/p>    <figure class=\"wp-block-gallery has-nested-images columns-default is-cropped wp-block-gallery-3 is-layout-flex wp-block-gallery-is-layout-flex\"> <figure class=\"wp-block-image size-large\"><img loading=\"lazy\" decoding=\"async\" width=\"720\" height=\"540\" data-id=\"3361\" src=\"https:\/\/taizyfarmequipment.com\/wp-content\/uploads\/2022\/05\/raw-material-2.jpg\" alt=\"talo\" class=\"wp-image-3361\" title=\"talo \"\/><figcaption class=\"wp-element-caption\">talo<\/figcaption><\/figure>    <figure class=\"wp-block-image size-large\"><img loading=\"lazy\" decoding=\"async\" width=\"720\" height=\"540\" data-id=\"3362\" src=\"https:\/\/taizyfarmequipment.com\/wp-content\/uploads\/2022\/05\/raw-material-1.jpg\" alt=\"gr\u00e3o\" class=\"wp-image-3362\" title=\"gr\u00e3o\"\/><figcaption class=\"wp-element-caption\">gr\u00e3o<\/figcaption><\/figure> <\/figure>    <h2 class=\"wp-block-heading\">Estrutura do cortador de palha e moedor de gr\u00e3os<\/h2>    <p>Este cortador de palha combinado e moedor de gr\u00e3os tem principalmente uma estrutura, entrada de gr\u00e3os, entrada de grama, manilha, sa\u00edda de tritura\u00e7\u00e3o, c\u00e2mara de tritura\u00e7\u00e3o, guilhotina e c\u00e2mara de tritura\u00e7\u00e3o, rodas, etc.<\/p>    <figure class=\"wp-block-image size-full is-resized\"><img loading=\"lazy\" decoding=\"async\" src=\"https:\/\/taizyfarmequipment.com\/wp-content\/uploads\/2022\/05\/straw-cutter-and-grain-grinders-structure.jpg\" alt=\"estrutura do cortador de palha e moedor de gr\u00e3os\" class=\"wp-image-3373\" width=\"720\" height=\"540\" title=\"estrutura do cortador de palha e moedor de gr\u00e3os\"\/><figcaption class=\"wp-element-caption\">Cortador de palha e estrutura do moedor de gr\u00e3os<\/figcaption><\/figure>    <h2 class=\"wp-block-heading\">Par\u00e2metros do cortador de palha<\/h2>    <p>Temos dois modelos deste cortador de palha e moedor de gr\u00e3os combinados, eles t\u00eam diferentes tamanhos de pot\u00eancia e pot\u00eancia, que podem atender \u00e0s diferentes necessidades dos clientes.<\/p>    <figure class=\"wp-block-table\"><table><tbody><tr><td>Modelo<\/td><td>Poder<\/td><td>Capacidade<\/td><td>Comprimento da l\u00e2mina<\/td><td>Quantidade de l\u00e2minas<\/td><td>Tamanho total<\/td><\/tr><tr><td>9ZRF-3.8<\/td><td>bif\u00e1sico 4,5kW, trif\u00e1sico 3kW<\/td><td>3800kg\/hora<\/td><td>220*70*6mm<\/td><td>5<\/td><td>1700*1200*1500mm<\/td><\/tr><tr><td>9ZRF-4.8<\/td><td>bif\u00e1sico 4,5kW, trif\u00e1sico 3kW<\/td><td>4000kg\/hora<\/td><td>280*70*6mm<\/td><td>5<\/td><td>1950*1200*1800mm<\/td><\/tr><\/tbody><\/table><figcaption class=\"wp-element-caption\">O par\u00e2metro do cortador de pilha<\/figcaption><\/figure>    <h2 class=\"wp-block-heading\">Quais s\u00e3o as vantagens do cortador e moedor de grama?<\/h2>    <p>1. A forragem processada pelo cortador de palha e moedor de gr\u00e3os combinado \u00e9 macia, triturada e delicada, com boa palatabilidade. O gado se alimenta mais e mastiga com mais facilidade, melhor digest\u00e3o, o que tamb\u00e9m melhora a taxa de utiliza\u00e7\u00e3o das mat\u00e9rias-primas.<\/p>    <p>2. Ajust\u00e1vel, podemos ajustar o comprimento da forragem e o tamanho das part\u00edculas de gr\u00e3os ajustando a al\u00e7a.<\/p>    <p>3. O cortador de palha e o moedor de gr\u00e3os combinados funcionam com um corpo est\u00e1vel, bom desempenho, alta efici\u00eancia e baixo ru\u00eddo.<\/p>    <p>4. Adotando mecanismo avan\u00e7ado de alimenta\u00e7\u00e3o de grama, alimenta\u00e7\u00e3o autom\u00e1tica, corrente de transporte n\u00e3o emaranha grama, alimenta\u00e7\u00e3o suave de grama e alta produtividade.<\/p>    <p>5. Ampla aplica\u00e7\u00e3o, pode lidar com todos os tipos de grama e gr\u00e3os para criar todos os tipos de gado.<\/p>    <figure class=\"wp-block-gallery has-nested-images columns-default is-cropped wp-block-gallery-4 is-layout-flex wp-block-gallery-is-layout-flex\"> <figure class=\"wp-block-image size-large\"><img loading=\"lazy\" decoding=\"async\" width=\"720\" height=\"540\" data-id=\"3366\" src=\"https:\/\/taizyfarmequipment.com\/wp-content\/uploads\/2022\/05\/combined-staw-cutter-and-grain-grinder.jpg\" alt=\"Cortador de palha e moedor de gr\u00e3os combinado \" class=\"wp-image-3366\" title=\"Cortador de palha e moedor de gr\u00e3os combinado \"\/><figcaption class=\"wp-element-caption\">Cortador de palha e moedor de gr\u00e3os combinado <\/figcaption><\/figure>    <figure class=\"wp-block-image size-large\"><img loading=\"lazy\" decoding=\"async\" width=\"720\" height=\"540\" data-id=\"3368\" src=\"https:\/\/taizyfarmequipment.com\/wp-content\/uploads\/2022\/05\/chaff-cutter.jpg\" alt=\"cortador de palha\" class=\"wp-image-3368\" title=\"cortador de palha\"\/><figcaption class=\"wp-element-caption\">cortador de palha<\/figcaption><\/figure>    <figure class=\"wp-block-image size-large\"><img loading=\"lazy\" decoding=\"async\" width=\"720\" height=\"540\" data-id=\"3369\" src=\"https:\/\/taizyfarmequipment.com\/wp-content\/uploads\/2022\/05\/grass-chopper.jpg\" alt=\"cortador de grama\" class=\"wp-image-3369\" title=\"cortador de grama\"\/><figcaption class=\"wp-element-caption\">cortador de grama<\/figcaption><\/figure> <\/figure>    <h2 class=\"wp-block-heading\">Por que escolher nossa m\u00e1quina para cortar, amassar e triturar palha?<\/h2>    <p>1. Usamos materiais de alta qualidade em todas as nossas m\u00e1quinas agr\u00edcolas, desde a produ\u00e7\u00e3o at\u00e9 a montagem, e os levamos a s\u00e9rio.<\/p>    <p>2. Servi\u00e7o de alta qualidade. Recomendamos a m\u00e1quina certa de acordo com a pr\u00f3pria situa\u00e7\u00e3o do cliente. Apoiamos on -line ou offline para resolver v\u00e1rios problemas para nossos clientes.<\/p>    <p>3. Nossas m\u00e1quinas agr\u00edcolas rec\u00e9m-projetadas podem atender \u00e0s m\u00faltiplas necessidades dos clientes.<\/p>    <p>4. Oferecemos um servi\u00e7o de garantia de um ano. Durante o per\u00edodo de garantia, ajudaremos os clientes a resolver diversos problemas com a m\u00e1quina.<\/p>    <figure class=\"wp-block-gallery has-nested-images columns-default is-cropped wp-block-gallery-5 is-layout-flex wp-block-gallery-is-layout-flex\"> <figure class=\"wp-block-image size-large\"><img loading=\"lazy\" decoding=\"async\" width=\"720\" height=\"540\" data-id=\"3370\" src=\"https:\/\/taizyfarmequipment.com\/wp-content\/uploads\/2022\/05\/factory.jpg\" alt=\"f\u00e1brica\" class=\"wp-image-3370\" title=\"f\u00e1brica\"\/><figcaption class=\"wp-element-caption\">f\u00e1brica<\/figcaption><\/figure>    <figure class=\"wp-block-image size-large\"><img loading=\"lazy\" decoding=\"async\" width=\"720\" height=\"540\" data-id=\"3371\" src=\"https:\/\/taizyfarmequipment.com\/wp-content\/uploads\/2022\/05\/5-2.jpg\" alt=\"m\u00e1quina de corte de grama\" class=\"wp-image-3371\" title=\"m\u00e1quina de corte de grama\"\/><figcaption class=\"wp-element-caption\">m\u00e1quina de corte de grama<\/figcaption><\/figure> <\/figure>","protected":false},"excerpt":{"rendered":"<p>O cortador de palha e o moedor de gr\u00e3os combinados podem executar tr\u00eas fun\u00e7\u00f5es: corte de palha, tritura\u00e7\u00e3o e moagem de gr\u00e3os. \u00c9 uma m\u00e1quina multifuncional.<\/p>","protected":false},"author":1,"featured_media":3363,"parent":0,"template":"","tags":[289,292,290,291,294,293],"product-type":[133],"class_list":["post-3359","product","type-product","status-publish","has-post-thumbnail","hentry","tag-chaff-cutter","tag-chopper-cutter","tag-combined-straw-cutter-and-grain-grinder","tag-grass-cutter","tag-hay-cutter","tag-straw-chaff-cutter","product-type-silage-machine"],"_links":{"self":[{"href":"https:\/\/taizyfarmequipment.com\/pt\/wp-json\/wp\/v2\/product\/3359","targetHints":{"allow":["GET"]}}],"collection":[{"href":"https:\/\/taizyfarmequipment.com\/pt\/wp-json\/wp\/v2\/product"}],"about":[{"href":"https:\/\/taizyfarmequipment.com\/pt\/wp-json\/wp\/v2\/types\/product"}],"author":[{"embeddable":true,"href":"https:\/\/taizyfarmequipment.com\/pt\/wp-json\/wp\/v2\/users\/1"}],"wp:featuredmedia":[{"embeddable":true,"href":"https:\/\/taizyfarmequipment.com\/pt\/wp-json\/wp\/v2\/media\/3363"}],"wp:attachment":[{"href":"https:\/\/taizyfarmequipment.com\/pt\/wp-json\/wp\/v2\/media?parent=3359"}],"wp:term":[{"taxonomy":"post_tag","embeddable":true,"href":"https:\/\/taizyfarmequipment.com\/pt\/wp-json\/wp\/v2\/tags?post=3359"},{"taxonomy":"product-type","embeddable":true,"href":"https:\/\/taizyfarmequipment.com\/pt\/wp-json\/wp\/v2\/product-type?post=3359"}],"curies":[{"name":"wp","href":"https:\/\/api.w.org\/{rel}","templated":true}]}}