{"id":3450,"date":"2022-05-30T09:48:22","date_gmt":"2022-05-30T09:48:22","guid":{"rendered":"https:\/\/taizyfarmequipment.com\/?post_type=product&#038;p=3450"},"modified":"2024-01-11T17:56:56","modified_gmt":"2024-01-11T09:56:56","slug":"cortador-de-palha-de-grama","status":"publish","type":"product","link":"https:\/\/taizyfarmequipment.com\/pt\/product\/grass-chaff-cutter\/","title":{"rendered":"Cortador de palha de grama\u4e28M\u00e1quina cortadora de forragem"},"content":{"rendered":"<div class=\"kk-star-ratings kksr-auto kksr-align-left kksr-valign-top\"     data-payload='{&quot;align&quot;:&quot;left&quot;,&quot;id&quot;:&quot;3450&quot;,&quot;slug&quot;:&quot;default&quot;,&quot;valign&quot;:&quot;top&quot;,&quot;ignore&quot;:&quot;&quot;,&quot;reference&quot;:&quot;auto&quot;,&quot;class&quot;:&quot;&quot;,&quot;count&quot;:&quot;22&quot;,&quot;legendonly&quot;:&quot;&quot;,&quot;readonly&quot;:&quot;&quot;,&quot;score&quot;:&quot;4.6&quot;,&quot;starsonly&quot;:&quot;&quot;,&quot;best&quot;:&quot;5&quot;,&quot;gap&quot;:&quot;5&quot;,&quot;greet&quot;:&quot;Rate this product&quot;,&quot;legend&quot;:&quot;4.6\\\/5 - (22 votes)&quot;,&quot;size&quot;:&quot;24&quot;,&quot;title&quot;:&quot;Grass chaff cutter\u4e28Fodder cutter machine&quot;,&quot;width&quot;:&quot;130.9&quot;,&quot;_legend&quot;:&quot;{score}\\\/{best} - ({count} {votes})&quot;,&quot;font_factor&quot;:&quot;1.25&quot;}'>              <div class=\"kksr-stars\">      <div class=\"kksr-stars-inactive\">             <div class=\"kksr-star\" data-star=\"1\" style=\"padding-right: 5px\">               <div class=\"kksr-icon\" style=\"width: 24px; height: 24px;\"><\/div>         <\/div>             <div class=\"kksr-star\" data-star=\"2\" style=\"padding-right: 5px\">               <div class=\"kksr-icon\" style=\"width: 24px; height: 24px;\"><\/div>         <\/div>             <div class=\"kksr-star\" data-star=\"3\" style=\"padding-right: 5px\">               <div class=\"kksr-icon\" style=\"width: 24px; height: 24px;\"><\/div>         <\/div>             <div class=\"kksr-star\" data-star=\"4\" style=\"padding-right: 5px\">               <div class=\"kksr-icon\" style=\"width: 24px; height: 24px;\"><\/div>         <\/div>             <div class=\"kksr-star\" data-star=\"5\" style=\"padding-right: 5px\">               <div class=\"kksr-icon\" style=\"width: 24px; height: 24px;\"><\/div>         <\/div>     <\/div>      <div class=\"kksr-stars-active\" style=\"width: 130.9px;\">             <div class=\"kksr-star\" style=\"padding-right: 5px\">               <div class=\"kksr-icon\" style=\"width: 24px; height: 24px;\"><\/div>         <\/div>             <div class=\"kksr-star\" style=\"padding-right: 5px\">               <div class=\"kksr-icon\" style=\"width: 24px; height: 24px;\"><\/div>         <\/div>             <div class=\"kksr-star\" style=\"padding-right: 5px\">               <div class=\"kksr-icon\" style=\"width: 24px; height: 24px;\"><\/div>         <\/div>             <div class=\"kksr-star\" style=\"padding-right: 5px\">               <div class=\"kksr-icon\" style=\"width: 24px; height: 24px;\"><\/div>         <\/div>             <div class=\"kksr-star\" style=\"padding-right: 5px\">               <div class=\"kksr-icon\" style=\"width: 24px; height: 24px;\"><\/div>         <\/div>     <\/div> <\/div>                   <div class=\"kksr-legend\" style=\"font-size: 19.2px;\">             4,6\/5 - (22 votos)    <\/div>     <\/div>  <p>Cutter Chaff \u00e9 a m\u00e1quinas de processamento de palha auto-desenvolvidas da nossa empresa. \u00c9 um novo tipo de m\u00e1quina de processamento de alimenta\u00e7\u00e3o grossa que integra o corte e a amastra. A m\u00e1quina possui as caracter\u00edsticas do desempenho avan\u00e7ado, estrutura razo\u00e1vel e uma ampla gama de aplica\u00e7\u00f5es. Al\u00e9m disso, seu desempenho material de processamento e qualidade de processamento est\u00e3o em um n\u00edvel avan\u00e7ado. <\/p>    <p>\u00c9 usado principalmente para processar grama triturada, como talos de milho, mudas de amendoim, vinhas de batata-doce, grama de bambu real, capim-elefante doce, cana-de-a\u00e7\u00facar e assim por diante. Este cortador de palha de grama \u00e9 um equipamento \u00famido e seco, portanto, seja material de grama verde ou material de grama seca, pode ser processado.<\/p>    <figure class=\"wp-block-embed is-type-video is-provider-youtube wp-block-embed-youtube wp-embed-aspect-16-9 wp-has-aspect-ratio\"><div class=\"wp-block-embed__wrapper\"> <iframe loading=\"lazy\" title=\"Da grama \u00e0 ra\u00e7\u00e3o: Compreendendo o processo de corte de palha de grama #grass #chaff #chaffcutter #cutting\" width=\"500\" height=\"281\" src=\"https:\/\/www.youtube.com\/embed\/zeVbOb07lEg?feature=oembed\" frameborder=\"0\" allow=\"accelerometer; autoplay; clipboard-write; encrypted-media; gyroscope; picture-in-picture; web-share\" referrerpolicy=\"strict-origin-when-cross-origin\" allowfullscreen><\/iframe> <\/div><figcaption class=\"wp-element-caption\">Processo de trabalho do cortador de palha<\/figcaption><\/figure>    <h2 class=\"wp-block-heading\" id=\"h-introduction-of-grass-chaff-cutter\">Introdu\u00e7\u00e3o do cortador de palha de grama<\/h2>    <p>Produzimos diversos modelos de cortadores de palha. Os clientes podem escolher o modelo da m\u00e1quina de acordo com suas necessidades. Os modelos de m\u00e1quinas s\u00e3o diferentes e a produ\u00e7\u00e3o tamb\u00e9m \u00e9 diferente. <\/p>    <p>Em rela\u00e7\u00e3o \u00e0 pot\u00eancia da m\u00e1quina, a pot\u00eancia pode ser de motor el\u00e9trico, motor diesel ou motor a gasolina. <\/p>    <p>Al\u00e9m disso, cada modelo da nossa m\u00e1quina de cortador de forragem possui uma correia transportadora, que pode alimentar automaticamente o material na c\u00e2mara de corte. Isso ajuda a melhorar a efici\u00eancia da m\u00e1quina e salvar o trabalho. <\/p>    <p class=\"translation-block\">Tamb\u00e9m temos a <a href=\"https:\/\/taizyfarmequipment.com\/pt\/produto\/enfardadeira-redonda-para-silagem\/\">prensa enfardadeira de silagem<\/a>, que pode enfardar silagem processada automaticamente. Aqui est\u00e3o as nossas m\u00e1quinas para cada modelo.<\/p>    <figure class=\"wp-block-gallery has-nested-images columns-default is-cropped wp-block-gallery-2 is-layout-flex wp-block-gallery-is-layout-flex\"> <figure class=\"wp-block-image size-large\"><img loading=\"lazy\" decoding=\"async\" width=\"720\" height=\"540\" data-id=\"3463\" src=\"https:\/\/taizyfarmequipment.com\/wp-content\/uploads\/2022\/05\/2.5-grass-chaff-cutter-.jpg\" alt=\"2,5 cortador de palha de grama\" class=\"wp-image-3463\" title=\"2,5 cortador de palha de grama \"\/><figcaption class=\"wp-element-caption\">2,5 cortador de palha de grama<\/figcaption><\/figure>    <figure class=\"wp-block-image size-large\"><img loading=\"lazy\" decoding=\"async\" width=\"720\" height=\"540\" data-id=\"3459\" src=\"https:\/\/taizyfarmequipment.com\/wp-content\/uploads\/2022\/05\/3.8A-garss-chopper-.jpg\" alt=\"Picador de grama 3.8A\" class=\"wp-image-3459\" title=\"Helic\u00f3ptero de grama 3.8A \"\/><figcaption class=\"wp-element-caption\">Picador de grama 3.8A<\/figcaption><\/figure>    <figure class=\"wp-block-image size-large\"><img loading=\"lazy\" decoding=\"async\" width=\"720\" height=\"540\" data-id=\"3464\" src=\"https:\/\/taizyfarmequipment.com\/wp-content\/uploads\/2022\/05\/3.8B-fodder-cutter-machine-.jpg\" alt=\"m\u00e1quina do cortador da forragem 3.8B\" class=\"wp-image-3464\" title=\"m\u00e1quina do cortador da forragem 3.8B \"\/><figcaption class=\"wp-element-caption\">m\u00e1quina do cortador da forragem 3.8B<\/figcaption><\/figure>    <figure class=\"wp-block-image size-large\"><img loading=\"lazy\" decoding=\"async\" width=\"720\" height=\"540\" data-id=\"3461\" src=\"https:\/\/taizyfarmequipment.com\/wp-content\/uploads\/2022\/05\/4.8-chaff-cutter-.jpg\" alt=\"4.8 cortador de palha\" class=\"wp-image-3461\" title=\"4.8 cortador de palha \"\/><figcaption class=\"wp-element-caption\">4.8 cortador de palha<\/figcaption><\/figure>    <figure class=\"wp-block-image size-large\"><img loading=\"lazy\" decoding=\"async\" width=\"720\" height=\"540\" data-id=\"3460\" src=\"https:\/\/taizyfarmequipment.com\/wp-content\/uploads\/2022\/05\/6.8-choper-cutter-machine-.jpg\" alt=\"M\u00e1quina cortadora de helic\u00f3ptero 6.8\" class=\"wp-image-3460\"\/><figcaption class=\"wp-element-caption\">M\u00e1quina cortadora de helic\u00f3ptero 6.8<\/figcaption><\/figure>    <figure class=\"wp-block-image size-large\"><img loading=\"lazy\" decoding=\"async\" width=\"720\" height=\"540\" data-id=\"3462\" src=\"https:\/\/taizyfarmequipment.com\/wp-content\/uploads\/2022\/05\/8-chaff-cutter-.jpg\" alt=\"8 cortador de palha\" class=\"wp-image-3462\" title=\"8 cortador de palha \"\/><figcaption class=\"wp-element-caption\">8 cortador de palha<\/figcaption><\/figure> <\/figure>    <h2 class=\"wp-block-heading\">Escopo de aplica\u00e7\u00e3o da m\u00e1quina cortadora de forragem<\/h2>    <p>A m\u00e1quina cortadora de forragem \u00e9 usada principalmente para fazer ra\u00e7\u00e3o para porcos, bovinos, ovinos, cavalos, burros, mulas, coelhos, galinhas, patos, gansos e outras aves e gado. <\/p>    <p>A m\u00e1quina pode manusear palhas de milho, palhas de cereais, palhas de arroz, palhas de feij\u00e3o, vinhas de amendoim, alfafa e outros materiais.<\/p>    <figure class=\"wp-block-gallery has-nested-images columns-default is-cropped wp-block-gallery-3 is-layout-flex wp-block-gallery-is-layout-flex\"> <figure class=\"wp-block-image size-large\"><img loading=\"lazy\" decoding=\"async\" width=\"720\" height=\"540\" data-id=\"3452\" src=\"https:\/\/taizyfarmequipment.com\/wp-content\/uploads\/2022\/05\/various-materials-1-1.jpg\" alt=\"aplica\u00e7\u00f5es da m\u00e1quina de corte de palha\" class=\"wp-image-3452\"\/><figcaption class=\"wp-element-caption\">aplica\u00e7\u00f5es da m\u00e1quina de corte de palha<\/figcaption><\/figure>    <figure class=\"wp-block-image size-large\"><img loading=\"lazy\" decoding=\"async\" width=\"720\" height=\"540\" data-id=\"3454\" src=\"https:\/\/taizyfarmequipment.com\/wp-content\/uploads\/2022\/05\/various-animals-0.jpg\" alt=\"uso de m\u00e1quina cortadora de grama\" class=\"wp-image-3454\" title=\"objeto de alimenta\u00e7\u00e3o\"\/><figcaption class=\"wp-element-caption\">uso de m\u00e1quina cortadora de grama<\/figcaption><\/figure> <\/figure>    <h2 class=\"wp-block-heading\">Estrutura da m\u00e1quina cortadora de palha<\/h2>    <p>Os principais componentes do cortador de palha incluem principalmente um transportador, entrada, sala de corte e amassamento, sa\u00edda, estrutura, rodas da alavanca de c\u00e2mbio, estrutura do motor, tampa protetora, etc. <\/p>    <figure class=\"wp-block-image size-full\"><img loading=\"lazy\" decoding=\"async\" width=\"720\" height=\"470\" src=\"https:\/\/taizyfarmequipment.com\/wp-content\/uploads\/2022\/05\/straw-cutting-machine-structure.jpg\" alt=\"Estrutura da m\u00e1quina de corte de palha\" class=\"wp-image-3453\" title=\"estrutura da m\u00e1quina de corte de palha\"\/><figcaption class=\"wp-element-caption\">Estrutura da m\u00e1quina de corte de palha<\/figcaption><\/figure>    <h2 class=\"wp-block-heading\">V\u00eddeo de trabalho do cortador de palha de grama<\/h2>    <figure class=\"wp-block-embed is-type-video is-provider-youtube wp-block-embed-youtube wp-embed-aspect-16-9 wp-has-aspect-ratio\"><div class=\"wp-block-embed__wrapper\"> <iframe loading=\"lazy\" title=\"Cortador de palha | m\u00e1quina para cortar relva | m\u00e1quina de fazer ra\u00e7\u00e3o para gado para talo de milho, alfafa, etc.\" width=\"500\" height=\"281\" src=\"https:\/\/www.youtube.com\/embed\/jraLJjs5Tig?feature=oembed\" frameborder=\"0\" allow=\"accelerometer; autoplay; clipboard-write; encrypted-media; gyroscope; picture-in-picture; web-share\" referrerpolicy=\"strict-origin-when-cross-origin\" allowfullscreen><\/iframe> <\/div><figcaption class=\"wp-element-caption\">processo de trabalho da m\u00e1quina picadora de grama<\/figcaption><\/figure>    <h2 class=\"wp-block-heading\">Diferentes tipos de par\u00e2metros da m\u00e1quina picadora de grama <\/h2>    <figure class=\"wp-block-table\"><table><tbody><tr><td>Modelo<\/td><td>Poder<\/td><td>Capacidade<\/td><td>Tamanho<\/td><td>Peso<\/td><\/tr><tr><td>9ZR-2.5T<\/td><td>Motor el\u00e9trico de 3-4,5 kw<\/td><td>2500kg\/hora<\/td><td>1350*490*750mm<\/td><td>67kg<\/td><\/tr><tr><td>9ZR-3.8A<\/td><td>Motor el\u00e9trico de 3-4,5 kw<\/td><td>3800kg\/hora<\/td><td>1650*550*900mm<\/td><td>88kg<\/td><\/tr><tr><td>9ZR-3.8B<\/td><td>Motor el\u00e9trico de 3-4,5 kw<\/td><td>3800kg\/hora<\/td><td>1750*550*900mm<\/td><td>93kg<\/td><\/tr><tr><td>9ZR-4.8T<strong><\/strong>&nbsp;<\/td><td>motor el\u00e9trico de 5,5 kw<\/td><td>4800kg\/hora<\/td><td>1750*600*930mm<\/td><td>116kg<\/td><\/tr><tr><td>9ZR-6.8<strong><\/strong>&nbsp;<\/td><td>motor el\u00e9trico de 7,5 kw<\/td><td>6.800kg\/h<\/td><td>2283*740*1040mm<\/td><td>189kg<\/td><\/tr><tr><td>9ZR-8<\/td><td>motor el\u00e9trico 11kw<\/td><td>8.000 kg\/hora&nbsp;<\/td><td>3400*830*1200mm<\/td><td>320kg<\/td><\/tr><\/tbody><\/table><figcaption class=\"wp-element-caption\">Par\u00e2metros da m\u00e1quina cortadora de palha de grama<\/figcaption><\/figure>    <h2 class=\"wp-block-heading\">Por que precisamos usar um cortador de palha para processar materiais?<\/h2>    <p>Os caules a serem processados \u200b\u200bincluem talos de milho, palha de cereais, palha de arroz, talos de feij\u00e3o, vinhas de amendoim, alfafa, etc., que s\u00e3o ricos em celulose bruta, vitaminas, minerais, prote\u00edna bruta, etc., e s\u00e3o alimentos naturais para o gado. <\/p>    <p>No entanto, os caules das plantas n\u00e3o processados \u200b\u200bn\u00e3o s\u00e3o facilmente digeridos e absorvidos pelo gado devido \u00e0 sua forma natural e c\u00f3rtex duro, pelo que necessitam de ser processados \u200b\u200bposteriormente. <\/p>    <p>M\u00e9todos mec\u00e2nicos s\u00e3o usados \u200b\u200bpara alterar a forma dos caules das plantas para torn\u00e1-los adequados para o consumo do gado. Nos equipamentos de processamento mec\u00e2nico de caules de plantas, um dos comumente utilizados s\u00e3o m\u00e1quinas de corte e tritura\u00e7\u00e3o. Consiste em cortar os caules das plantas em pequenas se\u00e7\u00f5es e depois martel\u00e1-los e amass\u00e1-los por dispositivos mec\u00e2nicos para formar uma forragem macia, curta e desfiada. <\/p>    <p>Esta forma de ra\u00e7\u00e3o pode melhorar a palatabilidade do consumo do gado e favorece a digest\u00e3o e absor\u00e7\u00e3o de nutrientes, melhorando muito a taxa de utiliza\u00e7\u00e3o da forragem.<\/p>    <figure class=\"wp-block-image size-full\"><img loading=\"lazy\" decoding=\"async\" width=\"720\" height=\"540\" src=\"https:\/\/taizyfarmequipment.com\/wp-content\/uploads\/2022\/05\/grass-chaff-cutter-with-a-disel-engine.webp\" alt=\"cortador de palha com motor diesel\" class=\"wp-image-4305\" srcset=\"https:\/\/taizyfarmequipment.com\/wp-content\/uploads\/2022\/05\/grass-chaff-cutter-with-a-disel-engine.webp 720w, https:\/\/taizyfarmequipment.com\/wp-content\/uploads\/2022\/05\/grass-chaff-cutter-with-a-disel-engine-300x225.webp 300w\" sizes=\"auto, (max-width: 720px) 100vw, 720px\" \/><figcaption class=\"wp-element-caption\">cortador de palha com motor diesel<\/figcaption><\/figure>    <h2 class=\"wp-block-heading\">Quais s\u00e3o as vantagens da m\u00e1quina cortadora de forragem?<\/h2>    <ol class=\"wp-block-list\"> <li>A grama <a href=\"https:\/\/en.wikipedia.org\/wiki\/Chaff\" data-type=\"link\" data-id=\"https:\/\/en.wikipedia.org\/wiki\/Chaff\" target=\"_blank\" rel=\"noopener\">palha<\/a> O cortador \u00e9 composto principalmente pela alimenta\u00e7\u00e3o da estrutura, carca\u00e7a, rotor e outros componentes. Tem as vantagens de estrutura razo\u00e1vel, opera\u00e7\u00e3o conveniente e alta efici\u00eancia de produ\u00e7\u00e3o.<\/li>    <li>Esta s\u00e9rie de produtos mudou o princ\u00edpio simples de corte da l\u00e2mina da m\u00e1quina anterior, o uso de corte, bate, amassando, esfregando e outros efeitos f\u00edsicos do material em um comprimento uniforme, macio e fino, enquanto h\u00e1 um aumento no Dispositivo de alimenta\u00e7\u00e3o autom\u00e1tica, impedindo efetivamente o bloqueio e o fen\u00f4meno desigual de alimenta\u00e7\u00e3o.<\/li>    <li>A m\u00e1quina integra o corte e triturador com um, toda a m\u00e1quina consiste na guilhotina, l\u00e2mina de martelo e l\u00e2mina de vento, tritura\u00e7\u00e3o de tr\u00eas partes, guilhotina e outras fun\u00e7\u00f5es. <\/li>    <li>Estrutura compacta, pequeno volume e pequeno peso.<\/li>    <li>A alta sa\u00edda da m\u00e1quina, estrutura simples, opera\u00e7\u00e3o f\u00e1cil e processamento de uma ampla gama de caracter\u00edsticas. <\/li>    <li>L\u00e2minas grandes espessadas de dupla face, al\u00e9m de 32 facas de amassar de dupla face, podem ser completamente quebradas amassando a grama em seda, melhorando a alimenta\u00e7\u00e3o de gado e ovelhas, a grama \u00e9 basicamente toda usada para economizar o custo de cria\u00e7\u00e3o.<\/li> <\/ol>    <figure class=\"wp-block-image size-full\"><img loading=\"lazy\" decoding=\"async\" width=\"720\" height=\"540\" src=\"https:\/\/taizyfarmequipment.com\/wp-content\/uploads\/2022\/05\/grass-chopper-machine.webp\" alt=\"m\u00e1quina cortadora de grama\" class=\"wp-image-4306\" srcset=\"https:\/\/taizyfarmequipment.com\/wp-content\/uploads\/2022\/05\/grass-chopper-machine.webp 720w, https:\/\/taizyfarmequipment.com\/wp-content\/uploads\/2022\/05\/grass-chopper-machine-300x225.webp 300w\" sizes=\"auto, (max-width: 720px) 100vw, 720px\" \/><figcaption class=\"wp-element-caption\">m\u00e1quina cortadora de grama<\/figcaption><\/figure>    <h2 class=\"wp-block-heading\">Manuten\u00e7\u00e3o do cortador de palha de grama<\/h2>    <ol class=\"wp-block-list\"> <li>Antes e depois da opera\u00e7\u00e3o, inspecione regularmente todos os fixadores para evitar afrouxamentos e poss\u00edveis danos \u00e0 m\u00e1quina.<\/li>    <li>Durante a opera\u00e7\u00e3o, adicione uma quantidade adequada de \u00f3leo de motor 30# em cada orif\u00edcio de inje\u00e7\u00e3o de \u00f3leo a cada 2 horas. Lubrifique as posi\u00e7\u00f5es dos rolamentos com graxa uma vez por dia para garantir a lubrifica\u00e7\u00e3o adequada durante o trabalho.<\/li>    <li>Durante a opera\u00e7\u00e3o, afie as l\u00e2minas m\u00f3veis e fixas a cada 6 horas de trabalho para manter a nitidez.<\/li>    <li>Ap\u00f3s interromper a opera\u00e7\u00e3o, limpe imediatamente a m\u00e1quina de ervas daninhas e poeira, lubrifique todos os pontos de lubrifica\u00e7\u00e3o e armazene-a em um armaz\u00e9m seco se n\u00e3o for usada por um longo per\u00edodo para evitar corros\u00e3o devido \u00e0 exposi\u00e7\u00e3o ao vento e \u00e0 chuva.<\/li> <\/ol>    <figure class=\"wp-block-gallery has-nested-images columns-default is-cropped wp-block-gallery-4 is-layout-flex wp-block-gallery-is-layout-flex\"> <figure class=\"wp-block-image size-large\"><img loading=\"lazy\" decoding=\"async\" width=\"720\" height=\"540\" data-id=\"3455\" src=\"https:\/\/taizyfarmequipment.com\/wp-content\/uploads\/2022\/05\/grass-chaff-cutter-0.jpg\" alt=\"cortador de palha com bom pre\u00e7o\" class=\"wp-image-3455\" title=\"cortador de palha de grama\"\/><figcaption class=\"wp-element-caption\">cortador de palha com bom pre\u00e7o<\/figcaption><\/figure>    <figure class=\"wp-block-image size-large\"><img loading=\"lazy\" decoding=\"async\" width=\"720\" height=\"540\" data-id=\"3456\" src=\"https:\/\/taizyfarmequipment.com\/wp-content\/uploads\/2022\/05\/grass-chaff-cutter-40.jpg\" alt=\"m\u00e1quina industrial do cortador da forragem\" class=\"wp-image-3456\" title=\"m\u00e1quina cortadora de forragem\"\/><figcaption class=\"wp-element-caption\">m\u00e1quina industrial do cortador da forragem<\/figcaption><\/figure> <\/figure>    <h2 class=\"wp-block-heading\">Caso de sucesso<\/h2>    <p>Na semana passada, nosso cliente do Cazaquist\u00e3o comprou de n\u00f3s um cortador picador 9ZR-3.8B. O cliente solicitou que a m\u00e1quina fosse movida por um motor diesel. O cliente \u00e9 do Alibaba, nosso gerente de vendas viu que o cliente enviou uma consulta sobre o cortador de grama e imediatamente se comunicou com o cliente. <\/p>    <p>Ao entender que o cliente havia importado a m\u00e1quina da China, ele tinha experi\u00eancia em importa\u00e7\u00e3o e sabia mais sobre a m\u00e1quina. Portanto, todo o processo de compra foi relativamente r\u00e1pido. A seguir est\u00e1 uma foto da embalagem da m\u00e1quina para envio.<\/p>    <figure class=\"wp-block-gallery has-nested-images columns-default is-cropped wp-block-gallery-5 is-layout-flex wp-block-gallery-is-layout-flex\"> <figure class=\"wp-block-image size-large\"><img loading=\"lazy\" decoding=\"async\" width=\"720\" height=\"540\" data-id=\"3458\" src=\"https:\/\/taizyfarmequipment.com\/wp-content\/uploads\/2022\/05\/wooden-case-packaging0-3.jpg\" alt=\"pacote de m\u00e1quina cortadora de forragem\" class=\"wp-image-3458\" title=\"embalagem em caixa de madeira\"\/><figcaption class=\"wp-element-caption\">pacote de m\u00e1quina cortadora de forragem<\/figcaption><\/figure>    <figure class=\"wp-block-image size-large\"><img loading=\"lazy\" decoding=\"async\" width=\"720\" height=\"540\" data-id=\"3457\" src=\"https:\/\/taizyfarmequipment.com\/wp-content\/uploads\/2022\/05\/shipping-of-the-grass-chaff-cutter-0.jpg\" alt=\"m\u00e1quina de corte de grama exportada\" class=\"wp-image-3457\" title=\"envio do cortador de palha de grama\"\/><figcaption class=\"wp-element-caption\">m\u00e1quina de corte de grama exportada<\/figcaption><\/figure> <\/figure>    <h2 class=\"wp-block-heading\">Invista em nossa m\u00e1quina cortadora de palha<\/h2>    <p>No \u00e2mbito da agricultura moderna, a M\u00e1quina Cortadora de Palha se destaca como uma ferramenta indispens\u00e1vel para aumentar a efici\u00eancia e agilizar as opera\u00e7\u00f5es agr\u00edcolas. Seu design inovador e desempenho excepcional garantem \u00f3timos resultados no processamento de forragens. <\/p>    <p>Seja voc\u00ea um agricultor em larga escala ou um pequeno propriet\u00e1rio, esta m\u00e1quina atende \u00e0s suas necessidades, elevando sua produ\u00e7\u00e3o agr\u00edcola a novos patamares.<\/p>    <p>Se voc\u00ea ficou intrigado com a M\u00e1quina Cortadora de Palha e deseja saber mais detalhes ou receber um or\u00e7amento personalizado, n\u00e3o hesite em nos contatar. Nossa equipe dedicada est\u00e1 pronta para dar todo o suporte, garantindo que voc\u00ea escolha o modelo que melhor se adapta \u00e0s necessidades da sua fazenda. <\/p>    <p>N\u00e3o perca a oportunidade de aumentar a produtividade agr\u00edcola - entre em contato conosco agora e embarque em um novo cap\u00edtulo na agricultura moderna!<\/p>    <figure class=\"wp-block-gallery has-nested-images columns-default is-cropped wp-block-gallery-6 is-layout-flex wp-block-gallery-is-layout-flex\"> <figure class=\"wp-block-image size-large\"><img loading=\"lazy\" decoding=\"async\" width=\"720\" height=\"540\" data-id=\"4303\" src=\"https:\/\/taizyfarmequipment.com\/wp-content\/uploads\/2022\/05\/chaff-cutter-for-business.webp\" alt=\"cortador de palha para neg\u00f3cios\" class=\"wp-image-4303\" srcset=\"https:\/\/taizyfarmequipment.com\/wp-content\/uploads\/2022\/05\/chaff-cutter-for-business.webp 720w, https:\/\/taizyfarmequipment.com\/wp-content\/uploads\/2022\/05\/chaff-cutter-for-business-300x225.webp 300w\" sizes=\"auto, (max-width: 720px) 100vw, 720px\" \/><figcaption class=\"wp-element-caption\">cortador de palha para neg\u00f3cios<\/figcaption><\/figure>    <figure class=\"wp-block-image size-large\"><img loading=\"lazy\" decoding=\"async\" width=\"720\" height=\"540\" data-id=\"4304\" src=\"https:\/\/taizyfarmequipment.com\/wp-content\/uploads\/2022\/05\/grass-chaff-cutter-for-sale.webp\" alt=\"Vendo cortador de palha de grama\" class=\"wp-image-4304\" srcset=\"https:\/\/taizyfarmequipment.com\/wp-content\/uploads\/2022\/05\/grass-chaff-cutter-for-sale.webp 720w, https:\/\/taizyfarmequipment.com\/wp-content\/uploads\/2022\/05\/grass-chaff-cutter-for-sale-300x225.webp 300w\" sizes=\"auto, (max-width: 720px) 100vw, 720px\" \/><figcaption class=\"wp-element-caption\">Vendo cortador de palha de grama<\/figcaption><\/figure> <\/figure>","protected":false},"excerpt":{"rendered":"<p>O cortador de palha de grama \u00e9 uma m\u00e1quina de processamento de alimenta\u00e7\u00e3o grossa que integra corte e amassamento. \u00c9 usado principalmente para processar grama triturada, como talos de milho, mudas de amendoim, vinhas de batata-doce, grama de bambu real e assim por diante.<\/p>","protected":false},"author":1,"featured_media":3466,"parent":0,"template":"","tags":[298,300,296,299,295,297,182],"product-type":[133],"class_list":["post-3450","product","type-product","status-publish","has-post-thumbnail","hentry","tag-animal-feed-chaff-cutter-machine","tag-chaff-cutter-machine-for-agriculture","tag-fodder-cutter-machine","tag-forage-chopper","tag-grass-chaff-cutter","tag-silage-chaff-cutter-machine","tag-silage-chopper","product-type-silage-machine"],"_links":{"self":[{"href":"https:\/\/taizyfarmequipment.com\/pt\/wp-json\/wp\/v2\/product\/3450","targetHints":{"allow":["GET"]}}],"collection":[{"href":"https:\/\/taizyfarmequipment.com\/pt\/wp-json\/wp\/v2\/product"}],"about":[{"href":"https:\/\/taizyfarmequipment.com\/pt\/wp-json\/wp\/v2\/types\/product"}],"author":[{"embeddable":true,"href":"https:\/\/taizyfarmequipment.com\/pt\/wp-json\/wp\/v2\/users\/1"}],"wp:featuredmedia":[{"embeddable":true,"href":"https:\/\/taizyfarmequipment.com\/pt\/wp-json\/wp\/v2\/media\/3466"}],"wp:attachment":[{"href":"https:\/\/taizyfarmequipment.com\/pt\/wp-json\/wp\/v2\/media?parent=3450"}],"wp:term":[{"taxonomy":"post_tag","embeddable":true,"href":"https:\/\/taizyfarmequipment.com\/pt\/wp-json\/wp\/v2\/tags?post=3450"},{"taxonomy":"product-type","embeddable":true,"href":"https:\/\/taizyfarmequipment.com\/pt\/wp-json\/wp\/v2\/product-type?post=3450"}],"curies":[{"name":"wp","href":"https:\/\/api.w.org\/{rel}","templated":true}]}}