{"id":3516,"date":"2022-06-06T10:09:08","date_gmt":"2022-06-06T10:09:08","guid":{"rendered":"https:\/\/taizyfarmequipment.com\/?post_type=product&#038;p=3516"},"modified":"2024-01-22T15:36:04","modified_gmt":"2024-01-22T07:36:04","slug":"maquina-de-enfardadeira-de-coleta-de-feno","status":"publish","type":"product","link":"https:\/\/taizyfarmequipment.com\/pt\/product\/hay-pick-up-baler-machine\/","title":{"rendered":"M\u00e1quina enfardadeira coletora de feno\u4e28trator com enfardadeira"},"content":{"rendered":"<div class=\"kk-star-ratings kksr-auto kksr-align-left kksr-valign-top\"     data-payload='{&quot;align&quot;:&quot;left&quot;,&quot;id&quot;:&quot;3516&quot;,&quot;slug&quot;:&quot;default&quot;,&quot;valign&quot;:&quot;top&quot;,&quot;ignore&quot;:&quot;&quot;,&quot;reference&quot;:&quot;auto&quot;,&quot;class&quot;:&quot;&quot;,&quot;count&quot;:&quot;30&quot;,&quot;legendonly&quot;:&quot;&quot;,&quot;readonly&quot;:&quot;&quot;,&quot;score&quot;:&quot;4.7&quot;,&quot;starsonly&quot;:&quot;&quot;,&quot;best&quot;:&quot;5&quot;,&quot;gap&quot;:&quot;5&quot;,&quot;greet&quot;:&quot;Rate this product&quot;,&quot;legend&quot;:&quot;4.7\\\/5 - (30 votes)&quot;,&quot;size&quot;:&quot;24&quot;,&quot;title&quot;:&quot;Hay pick up baler machine\u4e28tractor with baler&quot;,&quot;width&quot;:&quot;133.8&quot;,&quot;_legend&quot;:&quot;{score}\\\/{best} - ({count} {votes})&quot;,&quot;font_factor&quot;:&quot;1.25&quot;}'>              <div class=\"kksr-stars\">      <div class=\"kksr-stars-inactive\">             <div class=\"kksr-star\" data-star=\"1\" style=\"padding-right: 5px\">               <div class=\"kksr-icon\" style=\"width: 24px; height: 24px;\"><\/div>         <\/div>             <div class=\"kksr-star\" data-star=\"2\" style=\"padding-right: 5px\">               <div class=\"kksr-icon\" style=\"width: 24px; height: 24px;\"><\/div>         <\/div>             <div class=\"kksr-star\" data-star=\"3\" style=\"padding-right: 5px\">               <div class=\"kksr-icon\" style=\"width: 24px; height: 24px;\"><\/div>         <\/div>             <div class=\"kksr-star\" data-star=\"4\" style=\"padding-right: 5px\">               <div class=\"kksr-icon\" style=\"width: 24px; height: 24px;\"><\/div>         <\/div>             <div class=\"kksr-star\" data-star=\"5\" style=\"padding-right: 5px\">               <div class=\"kksr-icon\" style=\"width: 24px; height: 24px;\"><\/div>         <\/div>     <\/div>      <div class=\"kksr-stars-active\" style=\"width: 133.8px;\">             <div class=\"kksr-star\" style=\"padding-right: 5px\">               <div class=\"kksr-icon\" style=\"width: 24px; height: 24px;\"><\/div>         <\/div>             <div class=\"kksr-star\" style=\"padding-right: 5px\">               <div class=\"kksr-icon\" style=\"width: 24px; height: 24px;\"><\/div>         <\/div>             <div class=\"kksr-star\" style=\"padding-right: 5px\">               <div class=\"kksr-icon\" style=\"width: 24px; height: 24px;\"><\/div>         <\/div>             <div class=\"kksr-star\" style=\"padding-right: 5px\">               <div class=\"kksr-icon\" style=\"width: 24px; height: 24px;\"><\/div>         <\/div>             <div class=\"kksr-star\" style=\"padding-right: 5px\">               <div class=\"kksr-icon\" style=\"width: 24px; height: 24px;\"><\/div>         <\/div>     <\/div> <\/div>                   <div class=\"kksr-legend\" style=\"font-size: 19.2px;\">             4,7\/5 - (30 votos)    <\/div>     <\/div>  <p>A m\u00e1quina enfardadeira de coleta de feno \u00e9 um tipo de equipamento de colheita e colheita de palha, que pode completar automaticamente a colheita, enfardamento e libera\u00e7\u00e3o de pasto, arroz, trigo e talos de milho amassados, amplamente utilizado para coleta e enfardamento de pastagens secas e verdes, arroz, trigo e talos de milho. A m\u00e1quina para colheita e enfardamento de palha possui as caracter\u00edsticas de estrutura compacta, opera\u00e7\u00e3o conveniente e alta confiabilidade. <\/p>    <p>O fardo formado \u00e9 pequeno e compacto, e o fardo \u00e9 solto por dentro e apertado por fora, com boa permeabilidade ao ar, o que \u00e9 conveniente para transporte e armazenamento.<\/p>    <h2 class=\"wp-block-heading\" id=\"h-introduction-to-hay-pick-up-baler-machine\">Introdu\u00e7\u00e3o \u00e0 m\u00e1quina enfardadeira de coleta de feno<\/h2>    <p class=\"translation-block\"><br>Agora produzimos <a href=\"https:\/\/www.agriculture-machine.com\/round-silage-straw-harvester-and-baler-machine-picking-and-bundling-machine\/\" target=\"_blank\" rel=\"noopener\">m\u00e1quina de recolha e enfardamento de palha<\/a> que pode manusear produtos acabados redondos e quadrados. A m\u00e1quina de recolha e enfardamento de palha redonda pode enfardar com corda de sisal ou rede, enquanto a quadrada s\u00f3 pode enfardar com corda. Ambos os modelos funcionam com um trator atrav\u00e9s de uma tomada de pot\u00eancia (PTO). Sobre a largura de colheita da m\u00e1quina. A largura de colheita da quadrada \u00e9 de 2,2 metros e a redonda de 1,8 metros. <\/p>    <p class=\"translation-block\">A promo\u00e7\u00e3o e utiliza\u00e7\u00e3o desta m\u00e1quina desempenharam um grande papel na promo\u00e7\u00e3o da solu\u00e7\u00e3o para a reciclagem da palha e na melhoria da polui\u00e7\u00e3o ambiental causada pela queima de palha no meio rural. E na melhoria da qualidade da utiliza\u00e7\u00e3o da palha e da erva. Desde o seu lan\u00e7amento, a m\u00e1quina tem sido apreciada pela maioria dos agricultores e \u00e9 uma boa ajuda para os nossos agricultores enriquecerem. Al\u00e9m disso, temos tamb\u00e9m o <a href=\"https:\/\/taizyfarmequipment.com\/pt\/produto\/maquina-de-prensagem-de-fardos-quadrados\/\">enfardador de silagem com recolha<\/a> com fun\u00e7\u00e3o de tritura\u00e7\u00e3o. <\/p>    <figure class=\"wp-block-gallery has-nested-images columns-default is-cropped wp-block-gallery-2 is-layout-flex wp-block-gallery-is-layout-flex\"> <figure class=\"wp-block-image size-large\"><img loading=\"lazy\" decoding=\"async\" width=\"720\" height=\"540\" data-id=\"3524\" src=\"https:\/\/taizyfarmequipment.com\/wp-content\/uploads\/2022\/06\/Pickup-Round-Baler-0.jpg\" alt=\"Enfardadeira redonda coletora\" class=\"wp-image-3524\" title=\"Enfardadeira redonda coletora\"\/><figcaption class=\"wp-element-caption\">Enfardadeira redonda coletora<\/figcaption><\/figure>    <figure class=\"wp-block-image size-large\"><img loading=\"lazy\" decoding=\"async\" width=\"720\" height=\"540\" data-id=\"3525\" src=\"https:\/\/taizyfarmequipment.com\/wp-content\/uploads\/2022\/06\/hay-pick-up-baler-machine0.jpg\" alt=\"m\u00e1quina de enfardadeira de coleta de feno\" class=\"wp-image-3525\" title=\"m\u00e1quina de enfardadeira de coleta de feno\"\/><figcaption class=\"wp-element-caption\">m\u00e1quina de enfardadeira de coleta de feno<\/figcaption><\/figure> <\/figure>    <h2 class=\"wp-block-heading\">Escopo de aplica\u00e7\u00e3o do trator com enfardadeira<\/h2>    <p><br>O trator com enfardadeira pode processar palha de trigo, palha de arroz, pasto, mudas de amendoim, palha de milho, arroz, trigo, palha de colza, soja, etc. <\/p>    <h2 class=\"wp-block-heading\">Estrutura da enfardadeira coletora redonda<\/h2>    <p><br>A m\u00e1quina \u00e9 composta principalmente de selecionador, tambor de feno, mecanismo de transmiss\u00e3o de roda dentada, caixa de corda, haste guia de corda e dispositivo de aviso, mecanismo de controle hidr\u00e1ulico e outros componentes. Ao enfardar, ele pode conduzir automaticamente a corda, pegar automaticamente a palha, enfardar automaticamente e cortar automaticamente a corda. E pode alterar o c\u00edrculo da corda e a densidade do fardo ao enfardar, ajustando o tamanho da roda da ranhura, para que o fardo n\u00e3o fique espalhado e bagun\u00e7ado.<\/p>    <figure class=\"wp-block-image size-full is-resized\"><img loading=\"lazy\" decoding=\"async\" src=\"https:\/\/taizyfarmequipment.com\/wp-content\/uploads\/2022\/06\/square-stalk-baling-machines-structure2-.jpg\" alt=\"estrutura da m\u00e1quina enfardadeira de haste quadrada\" class=\"wp-image-3520\" width=\"720\" height=\"540\" title=\"estrutura da m\u00e1quina enfardadeira de haste quadrada\"\/><figcaption class=\"wp-element-caption\">Estrutura da m\u00e1quina de ca\u00e7a quadrada<\/figcaption><\/figure>    <h2 class=\"wp-block-heading\">Par\u00e2metros da enfardadeira de coleta de feno<\/h2>    <figure class=\"wp-block-table\"><table><tbody><tr><td>Modelo<\/td><td><strong>ST80*100<\/strong><\/td><\/tr><tr><td>Peso<\/td><td>680kg<\/td><\/tr><tr><td>Pot\u00eancia do trator<\/td><td>Mais de 40cv<\/td><\/tr><tr><td>Dimens\u00e3o Geral<\/td><td>1,63*1,37*1,43m<\/td><\/tr><tr><td>Tamanho da enfardadeira<\/td><td>\u03a6800*1000mm<\/td><\/tr><tr><td>Peso da enfardadeira<\/td><td>40-50kg<\/td><\/tr><tr><td>Capacidade<\/td><td>1,3-1,65 acres\/h<\/td><\/tr><\/tbody><\/table><figcaption class=\"wp-element-caption\">Hay Pick Up Up Machine Par\u00e2metro<\/figcaption><\/figure>    <h2 class=\"wp-block-heading\">Vantagens da enfardadeira quadrada pequena de alta capacidade<\/h2>    <ol class=\"wp-block-list\"> <li>Pegada pequena, opera\u00e7\u00e3o leve e simples, alta efici\u00eancia.<\/li>    <li>Alta efici\u00eancia de trabalho, uma hora pode coletar palha em mais de 5 acres, cerca de 800 kg de colheita de palha.<\/li>    <li>O fardo de palha possui estrutura compacta, alta densidade e boa permeabilidade ao ar.<\/li>    <li>A palha ap\u00f3s o enfardamento reduz a pegada da palha e reduz bastante a pegada de armazenamento.<\/li>    <li>Os fardos de palha s\u00e3o f\u00e1ceis de transportar e tamb\u00e9m reduzem a possibilidade de inc\u00eandio.<\/li> <\/ol>    <figure class=\"wp-block-gallery has-nested-images columns-default is-cropped wp-block-gallery-3 is-layout-flex wp-block-gallery-is-layout-flex\"> <figure class=\"wp-block-image size-large\"><img loading=\"lazy\" decoding=\"async\" width=\"720\" height=\"540\" data-id=\"3521\" src=\"https:\/\/taizyfarmequipment.com\/wp-content\/uploads\/2022\/06\/square-straw-pick-up-baler-machine-.jpg\" alt=\"M\u00e1quina enfardadeira de coleta de palha quadrada\" class=\"wp-image-3521\" title=\"M\u00e1quina enfardadeira de coleta de palha quadrada\"\/><figcaption class=\"wp-element-caption\">M\u00e1quina enfardadeira de coleta de palha quadrada<\/figcaption><\/figure>    <figure class=\"wp-block-image size-large\"><img loading=\"lazy\" decoding=\"async\" width=\"720\" height=\"540\" data-id=\"3522\" src=\"https:\/\/taizyfarmequipment.com\/wp-content\/uploads\/2022\/06\/tractor-with-baler-0.jpg\" alt=\"trator com enfardadeira\" class=\"wp-image-3522\" title=\"trator com enfardadeira\"\/><figcaption class=\"wp-element-caption\">trator com enfardadeira<\/figcaption><\/figure> <\/figure>    <h2 class=\"wp-block-heading\">Princ\u00edpio de funcionamento da enfardadeira com coleta de talo<\/h2>    <p><br>O eixo de sa\u00edda de pot\u00eancia do trator \u00e9 alimentado ao eixo de entrada da enfardadeira atrav\u00e9s do eixo de transmiss\u00e3o universal, que aciona o mecanismo do rolo de enrolamento. E o mecanismo de coleta de palha atrav\u00e9s da roda dentada e da corrente, respectivamente. A interface de sa\u00edda hidr\u00e1ulica do trator \u00e9 usada para controlar a expans\u00e3o e contra\u00e7\u00e3o do pist\u00e3o do cilindro para realizar a opera\u00e7\u00e3o de libera\u00e7\u00e3o do fardo.<\/p>    <h2 class=\"wp-block-heading\">Pontos t\u00e9cnicos de opera\u00e7\u00e3o da m\u00e1quina de colheita e enfardamento de palha<\/h2>    <ol class=\"wp-block-list\"> <li>O motorista deve dominar a tecnologia de opera\u00e7\u00e3o de dire\u00e7\u00e3o. Durante a opera\u00e7\u00e3o, o motorista deve dirigir no centro para evitar que o fardo fique grande.<\/li>    <li>Corda de fardo com estrutura de bombeamento externa e menos n\u00f3s, de alta resist\u00eancia, para evitar quebra de corda ou corda de cart\u00e3o.<\/li>    <li>Envie a corda quando o acelerador estiver est\u00e1vel, mantenha o acelerador na velocidade m\u00e9dia para garantir a qualidade do envio da corda.<\/li>    <li>Ao enviar a corda para parar, mova imediatamente a v\u00e1lvula hidr\u00e1ulica, n\u00e3o pausa, para que o fardo de palha n\u00e3o seja esfregado pelo rolo de press\u00e3o. Ao liberar o fardo, n\u00e3o diminua a velocidade, que o fardo pode ser liberado pela in\u00e9rcia girando.<\/li> <\/ol>    <figure class=\"wp-block-image size-full\"><img loading=\"lazy\" decoding=\"async\" width=\"720\" height=\"540\" src=\"https:\/\/taizyfarmequipment.com\/wp-content\/uploads\/2022\/06\/hay-pick-up-baler-machine-0.jpg\" alt=\"m\u00e1quina de enfardadeira de coleta de feno \" class=\"wp-image-3523\" title=\"m\u00e1quina de enfardadeira de coleta de feno \"\/><figcaption class=\"wp-element-caption\">m\u00e1quina de enfardadeira de coleta de feno<\/figcaption><\/figure>","protected":false},"excerpt":{"rendered":"<p>A enfardadeira de feno pode completar automaticamente a colheita, enfardamento e libera\u00e7\u00e3o de pasto para arroz, trigo e talos de milho amassados.<\/p>","protected":false},"author":1,"featured_media":3518,"parent":0,"template":"","tags":[],"product-type":[133],"class_list":["post-3516","product","type-product","status-publish","has-post-thumbnail","hentry","product-type-silage-machine"],"_links":{"self":[{"href":"https:\/\/taizyfarmequipment.com\/pt\/wp-json\/wp\/v2\/product\/3516","targetHints":{"allow":["GET"]}}],"collection":[{"href":"https:\/\/taizyfarmequipment.com\/pt\/wp-json\/wp\/v2\/product"}],"about":[{"href":"https:\/\/taizyfarmequipment.com\/pt\/wp-json\/wp\/v2\/types\/product"}],"author":[{"embeddable":true,"href":"https:\/\/taizyfarmequipment.com\/pt\/wp-json\/wp\/v2\/users\/1"}],"wp:featuredmedia":[{"embeddable":true,"href":"https:\/\/taizyfarmequipment.com\/pt\/wp-json\/wp\/v2\/media\/3518"}],"wp:attachment":[{"href":"https:\/\/taizyfarmequipment.com\/pt\/wp-json\/wp\/v2\/media?parent=3516"}],"wp:term":[{"taxonomy":"post_tag","embeddable":true,"href":"https:\/\/taizyfarmequipment.com\/pt\/wp-json\/wp\/v2\/tags?post=3516"},{"taxonomy":"product-type","embeddable":true,"href":"https:\/\/taizyfarmequipment.com\/pt\/wp-json\/wp\/v2\/product-type?post=3516"}],"curies":[{"name":"wp","href":"https:\/\/api.w.org\/{rel}","templated":true}]}}