{"id":3529,"date":"2022-06-07T09:46:21","date_gmt":"2022-06-07T09:46:21","guid":{"rendered":"https:\/\/taizyfarmequipment.com\/?post_type=product&#038;p=3529"},"modified":"2025-11-26T17:05:14","modified_gmt":"2025-11-26T09:05:14","slug":"semeadora-de-legumes-manual","status":"publish","type":"product","link":"https:\/\/taizyfarmequipment.com\/pt\/product\/hand-push-vegetable-seeder\/","title":{"rendered":"Semeador de legumes manual | M\u00e1quina de planta\u00e7\u00e3o de sementes de legumes"},"content":{"rendered":"<div class=\"kk-star-ratings kksr-auto kksr-align-left kksr-valign-top\"     data-payload='{&quot;align&quot;:&quot;left&quot;,&quot;id&quot;:&quot;3529&quot;,&quot;slug&quot;:&quot;default&quot;,&quot;valign&quot;:&quot;top&quot;,&quot;ignore&quot;:&quot;&quot;,&quot;reference&quot;:&quot;auto&quot;,&quot;class&quot;:&quot;&quot;,&quot;count&quot;:&quot;12&quot;,&quot;legendonly&quot;:&quot;&quot;,&quot;readonly&quot;:&quot;&quot;,&quot;score&quot;:&quot;4.6&quot;,&quot;starsonly&quot;:&quot;&quot;,&quot;best&quot;:&quot;5&quot;,&quot;gap&quot;:&quot;5&quot;,&quot;greet&quot;:&quot;Rate this product&quot;,&quot;legend&quot;:&quot;4.6\\\/5 - (12 votes)&quot;,&quot;size&quot;:&quot;24&quot;,&quot;title&quot;:&quot;Hand push vegetable seeder | Vegetable seed planting machine&quot;,&quot;width&quot;:&quot;130.9&quot;,&quot;_legend&quot;:&quot;{score}\\\/{best} - ({count} {votes})&quot;,&quot;font_factor&quot;:&quot;1.25&quot;}'>              <div class=\"kksr-stars\">      <div class=\"kksr-stars-inactive\">             <div class=\"kksr-star\" data-star=\"1\" style=\"padding-right: 5px\">               <div class=\"kksr-icon\" style=\"width: 24px; height: 24px;\"><\/div>         <\/div>             <div class=\"kksr-star\" data-star=\"2\" style=\"padding-right: 5px\">               <div class=\"kksr-icon\" style=\"width: 24px; height: 24px;\"><\/div>         <\/div>             <div class=\"kksr-star\" data-star=\"3\" style=\"padding-right: 5px\">               <div class=\"kksr-icon\" style=\"width: 24px; height: 24px;\"><\/div>         <\/div>             <div class=\"kksr-star\" data-star=\"4\" style=\"padding-right: 5px\">               <div class=\"kksr-icon\" style=\"width: 24px; height: 24px;\"><\/div>         <\/div>             <div class=\"kksr-star\" data-star=\"5\" style=\"padding-right: 5px\">               <div class=\"kksr-icon\" style=\"width: 24px; height: 24px;\"><\/div>         <\/div>     <\/div>      <div class=\"kksr-stars-active\" style=\"width: 130.9px;\">             <div class=\"kksr-star\" style=\"padding-right: 5px\">               <div class=\"kksr-icon\" style=\"width: 24px; height: 24px;\"><\/div>         <\/div>             <div class=\"kksr-star\" style=\"padding-right: 5px\">               <div class=\"kksr-icon\" style=\"width: 24px; height: 24px;\"><\/div>         <\/div>             <div class=\"kksr-star\" style=\"padding-right: 5px\">               <div class=\"kksr-icon\" style=\"width: 24px; height: 24px;\"><\/div>         <\/div>             <div class=\"kksr-star\" style=\"padding-right: 5px\">               <div class=\"kksr-icon\" style=\"width: 24px; height: 24px;\"><\/div>         <\/div>             <div class=\"kksr-star\" style=\"padding-right: 5px\">               <div class=\"kksr-icon\" style=\"width: 24px; height: 24px;\"><\/div>         <\/div>     <\/div> <\/div>                   <div class=\"kksr-legend\" style=\"font-size: 19.2px;\">             4,6\/5 - (12 votos)    <\/div>     <\/div>  <p>Nossa semeadora de vegetais empurra a m\u00e3o pode semear uma variedade de sementes de vegetais. Os plantadores vegetais t\u00eam n\u00fameros de linha diferentes, que podem atender \u00e0 demanda do cliente pelo n\u00famero de linhas. Em geral, nossos plantadores vegetais s\u00e3o motores a gasolina. Como a m\u00e1quina tem tra\u00e7\u00e3o alimentada, as pessoas n\u00e3o precisam se esfor\u00e7ar muito para usar a m\u00e1quina. E a semente de legumes tem uma velocidade de semeadura r\u00e1pida, alta efici\u00eancia e economia de tempo. <\/p>    <p class=\"translation-block\">Quando a m\u00e1quina est\u00e1 a funcionar, pode completar as a\u00e7\u00f5es de sulca\u00e7\u00e3o, semeadura e cobertura de solo numa s\u00f3 opera\u00e7\u00e3o. E a m\u00e1quina pode trabalhar em campos planos e em ribanceiras, n\u00e3o sendo exigente quanto ao terreno e apresentando forte adaptabilidade. Para al\u00e9m disso, temos tamb\u00e9m uma <a href=\"https:\/\/taizyfarmequipment.com\/pt\/produto\/maquina-de-criacao-de-bercario\/\">m\u00e1quina de viveiro de mudas<\/a> para semear sementes em tabuleiros de tubos (plug trays), adequada para planta\u00e7\u00e3o em estufas.<\/p>    <figure class=\"wp-block-gallery has-nested-images columns-default is-cropped wp-block-gallery-2 is-layout-flex wp-block-gallery-is-layout-flex\"> <figure class=\"wp-block-image size-large\"><img loading=\"lazy\" decoding=\"async\" width=\"720\" height=\"540\" data-id=\"3535\" src=\"https:\/\/taizyfarmequipment.com\/wp-content\/uploads\/2022\/06\/hand-push-soybean-seeder-0.jpg\" alt=\"semeador de soja manual \" class=\"wp-image-3535\" title=\"semeador de soja manual \"\/><figcaption class=\"wp-element-caption\">semeador de soja manual<\/figcaption><\/figure>    <figure class=\"wp-block-image size-large\"><img loading=\"lazy\" decoding=\"async\" width=\"720\" height=\"540\" data-id=\"3536\" src=\"https:\/\/taizyfarmequipment.com\/wp-content\/uploads\/2022\/06\/vegetable-seed-planting-machine-0.jpg\" alt=\"m\u00e1quina de plantar sementes de vegetais\" class=\"wp-image-3536\" title=\"m\u00e1quina de plantar sementes de vegetais\"\/><figcaption class=\"wp-element-caption\">m\u00e1quina de plantar sementes de vegetais<\/figcaption><\/figure> <\/figure>    <h2 class=\"wp-block-heading\" id=\"h-application-scope-of-the-hand-push-vegetable-seeder\">Escopo de aplica\u00e7\u00e3o da semeadora de vegetais manual<\/h2>    <p class=\"translation-block\">Esta <a href=\"https:\/\/www.agriculture-machine.com\/vegetable-seed-planters-vegetable-sowing-machine\/\" target=\"_blank\" rel=\"noopener\">semeadora manual de legumes<\/a> pode plantar cenouras, daikon, cenouras, nabos, beterrabas, cebolas, espinafres, rabanetes, daikon, cenouras, nabos, beterrabas, cebolas, brotos verdes, couve, espargos, girassol, alface, aipo, couve, couve pequena, repolhinho, choy sum, cebolinho, snow red, s\u00e9samo, uva, pimento, couve-flor, br\u00f3colos, colza, pain\u00e7o, soja, trigo, erva forrageira e outras sementes de pequeno e m\u00e9dio porte. Para sementes de tamanhos diferentes, devemos trocar os diferentes tabuleiros de semeadura.<\/p>    <figure class=\"wp-block-gallery has-nested-images columns-default is-cropped wp-block-gallery-3 is-layout-flex wp-block-gallery-is-layout-flex\"> <figure class=\"wp-block-image size-large\"><img loading=\"lazy\" decoding=\"async\" width=\"720\" height=\"540\" data-id=\"3532\" src=\"https:\/\/taizyfarmequipment.com\/wp-content\/uploads\/2022\/06\/seeds-0.jpg\" alt=\"sementes\" class=\"wp-image-3532\" title=\"sementes\"\/><figcaption class=\"wp-element-caption\">sementes<\/figcaption><\/figure>    <figure class=\"wp-block-image size-large\"><img loading=\"lazy\" decoding=\"async\" width=\"720\" height=\"540\" data-id=\"3533\" src=\"https:\/\/taizyfarmequipment.com\/wp-content\/uploads\/2022\/06\/variuos-seeds-0.jpg\" alt=\"v\u00e1rias sementes\" class=\"wp-image-3533\" title=\"v\u00e1rias sementes\"\/><figcaption class=\"wp-element-caption\">v\u00e1rias sementes<\/figcaption><\/figure> <\/figure>    <h2 class=\"wp-block-heading\"><br><br>Estrutura da m\u00e1quina de plantio de sementes de hortali\u00e7as<\/h2>    <p>A m\u00e1quina para plantar sementes de vegetais inclui principalmente energia, abridor, caixa de sementes, corrim\u00e3o, roda de cobertura de solo, rodas e assim por diante.<\/p>    <figure class=\"wp-block-image size-full\"><img loading=\"lazy\" decoding=\"async\" width=\"720\" height=\"540\" src=\"https:\/\/taizyfarmequipment.com\/wp-content\/uploads\/2022\/06\/tomato-seed-planting-machine-0.jpg\" alt=\"m\u00e1quina de plantar sementes de tomate\" class=\"wp-image-3534\" title=\"m\u00e1quina de plantar sementes de tomate\"\/><figcaption class=\"wp-element-caption\">m\u00e1quina de plantar sementes de tomate<\/figcaption><\/figure>    <h2 class=\"wp-block-heading\">Princ\u00edpio de funcionamento da m\u00e1quina de plantio de sementes de tomate<\/h2>    <p>Ap\u00f3s o controle preciso do n\u00famero de sementes plantadas pelo sistema local de controle de semeadura, as sementes ficam relativamente regulares e as sementes individuais s\u00e3o lan\u00e7adas na camada do solo. No final das contas, o espa\u00e7amento entre plantas \u00e9 natural e razo\u00e1vel, o que evita o laborioso elo de agachamento e desbaste artificial. Ao mesmo tempo, a efici\u00eancia da semeadura \u00e9 mais de 15 vezes maior que a da semeadura manual. <\/p>    <h2 class=\"wp-block-heading\">Especifica\u00e7\u00e3o da semeadora de vegetais manual<\/h2>    <figure class=\"wp-block-table\"><table><tbody><tr><td>M\u00e9todo inicial<\/td><td>arranque manual<\/td><\/tr><tr><td>Poder<\/td><td>Motor a gasolina 170 4.0KW<\/td><\/tr><tr><td>Peso<\/td><td>160kg<\/td><\/tr><tr><td>Tamanho da embalagem<\/td><td>1160*1260*870mm<\/td><\/tr><\/tbody><\/table><figcaption class=\"wp-element-caption\">Par\u00e2metro do semeador de vegetais de empurrar \u00e0 m\u00e3o<\/figcaption><\/figure>    <h2 class=\"wp-block-heading\"><br>Quais s\u00e3o as caracter\u00edsticas da m\u00e1quina de plantio de hortali\u00e7as?<\/h2>    <ol class=\"wp-block-list\"> <li>A m\u00e1quina de plantio de vegetais pode completar valas, semeadura, cobertura do solo e detona\u00e7\u00e3o ao mesmo tempo.<\/li>    <li>Com sua pr\u00f3pria usina, \u00e9 adequado para opera\u00e7\u00f5es em grande escala. E pode trabalhar no cume.<\/li>    <li>Sementes pequenas t\u00eam um bom efeito no plantio intensivo.<\/li>    <li>F\u00e1cil de operar e h\u00e1bil no giro.<\/li>    <li>A roda de semeadura feita de materiais especiais pode lan\u00e7ar sementes com precis\u00e3o. E tem uma alta taxa de queda de sementes. Portanto, esta m\u00e1quina tamb\u00e9m economiza sementes.<\/li>    <li>Ambos os lados possuem rodas de borracha m\u00f3veis. Portanto, \u00e9 conveniente para o armazenamento e movimenta\u00e7\u00e3o da plantadeira quando ela n\u00e3o estiver funcionando.<\/li>    <li>Tipo roda semeadora, montagem livre. Portanto, \u00e9 destac\u00e1vel para aumentar ou diminuir o n\u00famero de linhas.<\/li>    <li>Podemos mudar a roda de semeadura para semear diferentes tipos de sementes.<\/li>    <li>Combine aleatoriamente diferentes tipos de engrenagens para ajustar o espa\u00e7amento das plantas.<\/li> <\/ol>    <p><\/p>","protected":false},"excerpt":{"rendered":"<p>A semente de vegetais de empurridade pode semear uma variedade de sementes de vegetais. E temos linhas diferentes, que podem atender \u00e0 demanda do cliente diferente. <\/p>","protected":false},"author":1,"featured_media":3531,"parent":0,"template":"","tags":[],"product-type":[235],"class_list":["post-3529","product","type-product","status-publish","has-post-thumbnail","hentry","product-type-planter"],"_links":{"self":[{"href":"https:\/\/taizyfarmequipment.com\/pt\/wp-json\/wp\/v2\/product\/3529","targetHints":{"allow":["GET"]}}],"collection":[{"href":"https:\/\/taizyfarmequipment.com\/pt\/wp-json\/wp\/v2\/product"}],"about":[{"href":"https:\/\/taizyfarmequipment.com\/pt\/wp-json\/wp\/v2\/types\/product"}],"author":[{"embeddable":true,"href":"https:\/\/taizyfarmequipment.com\/pt\/wp-json\/wp\/v2\/users\/1"}],"wp:featuredmedia":[{"embeddable":true,"href":"https:\/\/taizyfarmequipment.com\/pt\/wp-json\/wp\/v2\/media\/3531"}],"wp:attachment":[{"href":"https:\/\/taizyfarmequipment.com\/pt\/wp-json\/wp\/v2\/media?parent=3529"}],"wp:term":[{"taxonomy":"post_tag","embeddable":true,"href":"https:\/\/taizyfarmequipment.com\/pt\/wp-json\/wp\/v2\/tags?post=3529"},{"taxonomy":"product-type","embeddable":true,"href":"https:\/\/taizyfarmequipment.com\/pt\/wp-json\/wp\/v2\/product-type?post=3529"}],"curies":[{"name":"wp","href":"https:\/\/api.w.org\/{rel}","templated":true}]}}