{"id":3552,"date":"2022-06-10T09:35:42","date_gmt":"2022-06-10T09:35:42","guid":{"rendered":"https:\/\/taizyfarmequipment.com\/?post_type=product&#038;p=3552"},"modified":"2025-06-18T17:34:51","modified_gmt":"2025-06-18T09:34:51","slug":"maquina-descascadora-de-milho","status":"publish","type":"product","link":"https:\/\/taizyfarmequipment.com\/pt\/product\/maize-sheller-machine\/","title":{"rendered":"M\u00e1quina descascadora de milho | M\u00e1quina de debulha de milho de alta capacidade"},"content":{"rendered":"<div class=\"kk-star-ratings kksr-auto kksr-align-left kksr-valign-top\"     data-payload='{&quot;align&quot;:&quot;left&quot;,&quot;id&quot;:&quot;3552&quot;,&quot;slug&quot;:&quot;default&quot;,&quot;valign&quot;:&quot;top&quot;,&quot;ignore&quot;:&quot;&quot;,&quot;reference&quot;:&quot;auto&quot;,&quot;class&quot;:&quot;&quot;,&quot;count&quot;:&quot;15&quot;,&quot;legendonly&quot;:&quot;&quot;,&quot;readonly&quot;:&quot;&quot;,&quot;score&quot;:&quot;4.7&quot;,&quot;starsonly&quot;:&quot;&quot;,&quot;best&quot;:&quot;5&quot;,&quot;gap&quot;:&quot;5&quot;,&quot;greet&quot;:&quot;Rate this product&quot;,&quot;legend&quot;:&quot;4.7\\\/5 - (15 votes)&quot;,&quot;size&quot;:&quot;24&quot;,&quot;title&quot;:&quot;Maize sheller machine | High capacity corn threshing machine&quot;,&quot;width&quot;:&quot;133.8&quot;,&quot;_legend&quot;:&quot;{score}\\\/{best} - ({count} {votes})&quot;,&quot;font_factor&quot;:&quot;1.25&quot;}'>              <div class=\"kksr-stars\">      <div class=\"kksr-stars-inactive\">             <div class=\"kksr-star\" data-star=\"1\" style=\"padding-right: 5px\">               <div class=\"kksr-icon\" style=\"width: 24px; height: 24px;\"><\/div>         <\/div>             <div class=\"kksr-star\" data-star=\"2\" style=\"padding-right: 5px\">               <div class=\"kksr-icon\" style=\"width: 24px; height: 24px;\"><\/div>         <\/div>             <div class=\"kksr-star\" data-star=\"3\" style=\"padding-right: 5px\">               <div class=\"kksr-icon\" style=\"width: 24px; height: 24px;\"><\/div>         <\/div>             <div class=\"kksr-star\" data-star=\"4\" style=\"padding-right: 5px\">               <div class=\"kksr-icon\" style=\"width: 24px; height: 24px;\"><\/div>         <\/div>             <div class=\"kksr-star\" data-star=\"5\" style=\"padding-right: 5px\">               <div class=\"kksr-icon\" style=\"width: 24px; height: 24px;\"><\/div>         <\/div>     <\/div>      <div class=\"kksr-stars-active\" style=\"width: 133.8px;\">             <div class=\"kksr-star\" style=\"padding-right: 5px\">               <div class=\"kksr-icon\" style=\"width: 24px; height: 24px;\"><\/div>         <\/div>             <div class=\"kksr-star\" style=\"padding-right: 5px\">               <div class=\"kksr-icon\" style=\"width: 24px; height: 24px;\"><\/div>         <\/div>             <div class=\"kksr-star\" style=\"padding-right: 5px\">               <div class=\"kksr-icon\" style=\"width: 24px; height: 24px;\"><\/div>         <\/div>             <div class=\"kksr-star\" style=\"padding-right: 5px\">               <div class=\"kksr-icon\" style=\"width: 24px; height: 24px;\"><\/div>         <\/div>             <div class=\"kksr-star\" style=\"padding-right: 5px\">               <div class=\"kksr-icon\" style=\"width: 24px; height: 24px;\"><\/div>         <\/div>     <\/div> <\/div>                   <div class=\"kksr-legend\" style=\"font-size: 19.2px;\">             4,7\/5 - (15 votos)    <\/div>     <\/div>  <p class=\"translation-block\">The <strong>M\u00e1quina descascadora de milho<\/strong> \u00e9 um equipamento de debulha de milho de alta efici\u00eancia que simplifica o processo p\u00f3s-colheita para agricultores e processadores de cereais. <\/p>    <p>Capaz de processar at\u00e9 6 toneladas de milho seco por hora, esta m\u00e1quina garante uma taxa de debulha impressionante de mais de 99,5% com uma taxa de danos inferior a 1,5%. Ela combina debulha, separa\u00e7\u00e3o, limpeza e descarga de gr\u00e3os em uma \u00fanica opera\u00e7\u00e3o suave. <\/p>    <p>Movido por um motor a diesel ou el\u00e9trico, a m\u00e1quina descascadora de milho possui um sistema de alimenta\u00e7\u00e3o por correia, descarregador de ciclone e componentes ajust\u00e1veis para se adequar a v\u00e1rias condi\u00e7\u00f5es de trabalho. <\/p>    <figure class=\"wp-block-embed is-type-video is-provider-youtube wp-block-embed-youtube wp-embed-aspect-16-9 wp-has-aspect-ratio\"><div class=\"wp-block-embed__wrapper\"> <iframe loading=\"lazy\" title=\"M\u00e1quina de debulha de milho de alto desempenho \u2013 Maximize a sua colheita! #milho #debuleira #agricultura\" width=\"500\" height=\"281\" src=\"https:\/\/www.youtube.com\/embed\/R3A8AMbCGYA?feature=oembed\" frameborder=\"0\" allow=\"accelerometer; autoplay; clipboard-write; encrypted-media; gyroscope; picture-in-picture; web-share\" referrerpolicy=\"strict-origin-when-cross-origin\" allowfullscreen><\/iframe> <\/div><figcaption class=\"wp-element-caption\">V\u00eddeo de funcionamento da m\u00e1quina descascadora de milho<\/figcaption><\/figure>    <h2 class=\"wp-block-heading\" id=\"h-what-is-a-sheller-machine\">M\u00e1quina descascadora de milho \u00e0 venda<\/h2>    <p class=\"translation-block\"><strong>M\u00e1quina descascadora de milho \u00e0 venda<\/strong> \u2013 concebida para remover eficientemente os gr\u00e3os de milho da espiga em grandes quantidades. Esta m\u00e1quina vers\u00e1til suporta op\u00e7\u00f5es de motor diesel e motor el\u00e9trico, permitindo satisfazer as diversas necessidades de energia dos clientes em diferentes regi\u00f5es. <\/p>    <p>Para aumentar ainda mais a conveni\u00eancia, est\u00e3o dispon\u00edveis acess\u00f3rios opcionais, como um tubo de transporte de gr\u00e3os e uma correia transportadora, que ajudam a reduzir significativamente o esfor\u00e7o manual durante a opera\u00e7\u00e3o. <\/p>    <p class=\"translation-block\">Al\u00e9m do descascador de milho a seco, tamb\u00e9m oferecemos uma <strong><a href=\"https:\/\/taizyfarmequipment.com\/pt\/produto\/maquina-de-descascar-milho-fresco\/\" data-type=\"link\" data-id=\"https:\/\/taizyfarmequipment.com\/product\/fresh-corn-shelling-machine\/\">m\u00e1quina de debulha de milho fresco<\/a><\/strong> especialmente fabricada para processar milho n\u00e3o seco, proporcionando mais flexibilidade para diferentes condi\u00e7\u00f5es de colheita.<\/p>    <figure class=\"wp-block-gallery has-nested-images columns-default is-cropped wp-block-gallery-2 is-layout-flex wp-block-gallery-is-layout-flex\"> <figure class=\"wp-block-image size-large\"><img loading=\"lazy\" decoding=\"async\" width=\"720\" height=\"540\" data-id=\"3555\" src=\"https:\/\/taizyfarmequipment.com\/wp-content\/uploads\/2022\/06\/maize-sheller-machine-1.jpg\" alt=\"m\u00e1quina descascadora de milho\" class=\"wp-image-3555\" title=\"m\u00e1quina descascadora de milho\"\/><figcaption class=\"wp-element-caption\">m\u00e1quina descascadora de milho<\/figcaption><\/figure>    <figure class=\"wp-block-image size-large\"><img loading=\"lazy\" decoding=\"async\" width=\"720\" height=\"540\" data-id=\"3556\" src=\"https:\/\/taizyfarmequipment.com\/wp-content\/uploads\/2022\/06\/corn-thresher-machine-.jpg\" alt=\"m\u00e1quina debulhadora de milho \" class=\"wp-image-3556\" title=\"m\u00e1quina debulhadora de milho \"\/><figcaption class=\"wp-element-caption\">m\u00e1quina debulhadora de milho <\/figcaption><\/figure> <\/figure>    <h2 class=\"wp-block-heading\">Estrutura da m\u00e1quina descascadora de milho<\/h2>    <p>A m\u00e1quina descascadora de milho apresenta uma estrutura bem projetada que garante uma debulha eficiente do milho e uma opera\u00e7\u00e3o f\u00e1cil. \u00c9 constru\u00edda com componentes dur\u00e1veis que trabalham juntos para separar os gr\u00e3os de milho da espiga, minimizando o esfor\u00e7o de trabalho.<\/p>    <div class=\"wp-block-media-text is-stacked-on-mobile\"><figure class=\"wp-block-media-text__media\"><img loading=\"lazy\" decoding=\"async\" width=\"720\" height=\"540\" src=\"https:\/\/taizyfarmequipment.com\/wp-content\/uploads\/2022\/06\/high-capacity-corn-threshing-machine-.jpg\" alt=\"m\u00e1quina debulhadora de milho de alta capacidade\" class=\"wp-image-3557 size-full\"\/><\/figure><div class=\"wp-block-media-text__content\"> <ul class=\"wp-block-list\"> <li><strong>Entrada de milho<\/strong> \u2013 Onde o milho \u00e9 alimentado na m\u00e1quina.<\/li>    <li><strong>Dispositivo interno de debulha e rolo<\/strong> \u2013 Respons\u00e1vel por separar os gr\u00e3os da espiga atrav\u00e9s de rota\u00e7\u00e3o em alta velocidade e fric\u00e7\u00e3o.<\/li>    <li><strong>Sa\u00edda de gr\u00e3os de milho<\/strong> \u2013 Descarrega os gr\u00e3os separados ap\u00f3s o processamento.<\/li>    <li><strong>Sa\u00edda de espigas de milho<\/strong> \u2013 Expulsa as espigas vazias separadamente para manter o processo limpo e eficiente.<\/li>    <li><strong>Sistema de pot\u00eancia<\/strong> \u2013 Equipado com um motor el\u00e9trico ou um motor a diesel para se adequar \u00e0 disponibilidade de energia.<\/li>    <li><strong>Estrutura da m\u00e1quina<\/strong> \u2013 Fornece uma base est\u00e1vel para suportar todos os componentes durante a opera\u00e7\u00e3o.<\/li> <\/ul> <\/div><\/div>    <p class=\"translation-block\"><strong>Equipamento opcional:<\/strong> Para melhorar ainda mais a efici\u00eancia do trabalho, a m\u00e1quina descascadora de milho pode ser equipada com uma <strong>correia transportadora<\/strong> e um <strong>tubo de transporte de gr\u00e3os<\/strong>. A correia transportadora simplifica o processo de alimenta\u00e7\u00e3o ao entregar automaticamente o milho \u00e0 c\u00e2mara de debulha, reduzindo a necessidade de manuseio manual. <\/p>    <p>Entretanto, o tubo de transporte de gr\u00e3os permite a coleta e o transporte centralizados dos gr\u00e3os descascados para um local designado. Ambas as adi\u00e7\u00f5es ajudam a economizar m\u00e3o de obra e tornam a opera\u00e7\u00e3o geral mais conveniente e simplificada.<\/p>    <h2 class=\"wp-block-heading\">Especifica\u00e7\u00e3o do descascador de milho comercial<\/h2>    <figure class=\"wp-block-table\"><table><tbody><tr><td>Modelo<\/td><td>5TY-80D (com alimentador e transportador de eleva\u00e7\u00e3o)<\/td><\/tr><tr><td>Poder<\/td><td>Motor diesel de 15 HP ou motor de 7,5 KW<\/td><\/tr><tr><td>Capacidade<\/td><td>6t\/h (sementes de milho)<\/td><\/tr><tr><td>Taxa de debulha<\/td><td>\u226599,5%<\/td><\/tr><tr><td>Taxa de perda<\/td><td>\u22642,0%<\/td><\/tr><tr><td>Taxa de quebra<\/td><td>\u22641,5%<\/td><\/tr><tr><td>Taxa de impureza<\/td><td>\u22641,0%<\/td><\/tr><tr><td>Peso<\/td><td>350kg<\/td><\/tr><tr><td>Tamanho<\/td><td>3860*1360*2480\u00a0mil\u00edmetros<\/td><\/tr><\/tbody><\/table><figcaption class=\"wp-element-caption\"><strong>descascador de milho comercial<\/strong>os par\u00e2metros de<\/figcaption><\/figure>    <h2 class=\"wp-block-heading\">Procedimento de trabalho da m\u00e1quina de descascar milho<\/h2>    <div class=\"wp-block-media-text has-media-on-the-right is-stacked-on-mobile\"><div class=\"wp-block-media-text__content\"> <ul class=\"wp-block-list\"> <li><strong>Alimenta\u00e7\u00e3o de milho na correia transportadora<\/strong> <ul class=\"wp-block-list\"> <li>O usu\u00e1rio come\u00e7a por colocar o milho na correia transportadora da m\u00e1quina debulhadora de milho.<\/li> <\/ul> <\/li>    <li><strong>Entrega da correia transportadora para a c\u00e2mara de debulha<\/strong> <ul class=\"wp-block-list\"> <li>A correia transportadora move-se continuamente, transportando o milho e entregando-o na c\u00e2mara de debulha da m\u00e1quina.<\/li> <\/ul> <\/li>    <li><strong>A\u00e7\u00e3o de debulha dentro da c\u00e2mara<\/strong> <ul class=\"wp-block-list\"> <li>Uma vez na c\u00e2mara de debulha, o milho encontra o rolo de ferro e a tela.<\/li>    <li>O rolo de ferro gira e, atrav\u00e9s da sua intera\u00e7\u00e3o com a tela, aplica for\u00e7as de atrito e impacto ao milho. Esta a\u00e7\u00e3o debulha o milho, soltando os gr\u00e3os das espigas.<\/li> <\/ul> <\/li> <\/ul> <\/div><figure class=\"wp-block-media-text__media\"><img loading=\"lazy\" decoding=\"async\" width=\"720\" height=\"540\" src=\"https:\/\/taizyfarmequipment.com\/wp-content\/uploads\/2022\/06\/automatic-corn-threshing-machine-.jpg\" alt=\"debulhadora autom\u00e1tica de milho \" class=\"wp-image-3559 size-full\"\/><\/figure><\/div>    <div class=\"wp-block-media-text is-stacked-on-mobile\"><figure class=\"wp-block-media-text__media\"><img loading=\"lazy\" decoding=\"async\" width=\"720\" height=\"540\" src=\"https:\/\/taizyfarmequipment.com\/wp-content\/uploads\/2022\/06\/high-speed-maize-sheller-machine-.jpg\" alt=\"m\u00e1quina descascadora de milho de alta velocidade\" class=\"wp-image-3561 size-full\"\/><\/figure><div class=\"wp-block-media-text__content\"> <ul class=\"wp-block-list\"> <li><strong>Separa\u00e7\u00e3o de espigas de milho e gr\u00e3os<\/strong> <ul class=\"wp-block-list\"> <li>Ap\u00f3s a debulha, os mecanismos internos da m\u00e1quina, que podem depender de fatores como tamanho, forma e diferen\u00e7as de peso, separam as espigas de milho dos gr\u00e3os.<\/li> <\/ul> <\/li>    <li><strong>Descarregamento das sa\u00eddas correspondentes<\/strong> <ul class=\"wp-block-list\"> <li>Os gr\u00e3os de milho separados saem da m\u00e1quina atrav\u00e9s da sa\u00edda designada para gr\u00e3os.<\/li>    <li>As espigas de milho s\u00e3o descarregadas pela sa\u00edda de espigas, completando o processo de debulha.<\/li> <\/ul> <\/li> <\/ul> <\/div><\/div>    <h2 class=\"wp-block-heading\"><strong>Vantagens da debulhadora autom\u00e1tica de milho<\/strong><\/h2>    <div class=\"wp-block-media-text has-media-on-the-right is-stacked-on-mobile\"><div class=\"wp-block-media-text__content\"> <ul class=\"wp-block-list\"> <li><strong>M\u00faltiplas fun\u00e7\u00f5es em um passo<\/strong> \u2013 Esta m\u00e1quina integra debulha, separa\u00e7\u00e3o, limpeza e empilhamento, completando todas as tarefas em uma \u00fanica opera\u00e7\u00e3o.<\/li>    <li><strong>Alta efici\u00eancia<\/strong> \u2013 Com uma produ\u00e7\u00e3o de at\u00e9 6 toneladas por hora, melhora significativamente a produtividade.<\/li>    <li><strong>Desempenho excelente<\/strong> \u2013 Garante uma alta taxa de remo\u00e7\u00e3o de gr\u00e3os e entrega um produto final limpo.<\/li>    <li><strong>Constru\u00e7\u00e3o dur\u00e1vel<\/strong> \u2013 Constru\u00edda com materiais de alta qualidade, a m\u00e1quina \u00e9 robusta e confi\u00e1vel para uso a longo prazo.<\/li>    <li><strong>Transporte de gr\u00e3os eficiente<\/strong> \u2013 O tubo de transporte de gr\u00e3os opcional ajuda a entregar gr\u00e3os de milho diretamente a um local designado, reduzindo o trabalho e aumentando a conveni\u00eancia.<\/li> <\/ul> <\/div><figure class=\"wp-block-media-text__media\"><img loading=\"lazy\" decoding=\"async\" width=\"720\" height=\"540\" src=\"https:\/\/taizyfarmequipment.com\/wp-content\/uploads\/2022\/06\/Maize-sheller-machine.webp\" alt=\"M\u00e1quina descascadora de milho\" class=\"wp-image-4852 size-full\" srcset=\"https:\/\/taizyfarmequipment.com\/wp-content\/uploads\/2022\/06\/Maize-sheller-machine.webp 720w, https:\/\/taizyfarmequipment.com\/wp-content\/uploads\/2022\/06\/Maize-sheller-machine-300x225.webp 300w, https:\/\/taizyfarmequipment.com\/wp-content\/uploads\/2022\/06\/Maize-sheller-machine-16x12.webp 16w\" sizes=\"auto, (max-width: 720px) 100vw, 720px\" \/><\/figure><\/div>    <h2 class=\"wp-block-heading\">Instala\u00e7\u00e3o e regulagem de descascador de milho industrial<\/h2>    <div class=\"wp-block-media-text is-stacked-on-mobile\"><figure class=\"wp-block-media-text__media\"><img loading=\"lazy\" decoding=\"async\" width=\"720\" height=\"540\" src=\"https:\/\/taizyfarmequipment.com\/wp-content\/uploads\/2022\/06\/industrial-corn-sheller-.jpg\" alt=\"descascador de milho industrial\" class=\"wp-image-3560 size-full\"\/><\/figure><div class=\"wp-block-media-text__content\"> <ul class=\"wp-block-list\"> <li><strong>Instalar o motor a diesel<\/strong> no quadro. Ajuste a barra de parafuso para apertar ou afrouxar a correia. Desaperte o parafuso de separa\u00e7\u00e3o para levantar o motor, afrouxar a correia e permitir a partida sem carga.<\/li>    <li><strong>Verifique a tens\u00e3o da correia<\/strong> para o eixo, auger, elevador e ventilador. Certifique-se de que todas as correias est\u00e3o moderadamente apertadas.<\/li>    <li><strong>Ajuste o \u00e2ngulo da tela vibrat\u00f3ria<\/strong> alterando a altura dos dois quadros de suporte para controlar a velocidade de descarga de impurezas.<\/li>    <li><strong>Configure a sa\u00edda de impurezas<\/strong>. Prenda um grande saco de tecido abaixo da tela para coletar as impurezas descarregadas.<\/li>    <li><strong>Estabilize a m\u00e1quina<\/strong> ajustando as varas de suporte sob o motor a diesel at\u00e9 que as rodas fiquem quase fora do ch\u00e3o para uma opera\u00e7\u00e3o est\u00e1vel.<\/li> <\/ul> <\/div><\/div>    <h2 class=\"wp-block-heading\">Contate-nos agora!<\/h2>    <p class=\"translation-block\">Our <strong><a href=\"https:\/\/en.wikipedia.org\/wiki\/Maize\" data-type=\"link\" data-id=\"https:\/\/en.wikipedia.org\/wiki\/Maize\" target=\"_blank\" rel=\"noopener\">maize<\/a> sheller machine<\/strong> offers exceptional efficiency and durability. With options for diesel or electric power and additional accessories like conveyor belts and grain pipes, this machine can be customized to fit your specific needs and improve your corn processing workflow. <\/p>    <p class=\"translation-block\">Besides the maize sheller, we provide a full range of corn processing equipment, including <a href=\"https:\/\/taizyfarmequipment.com\/pt\/produto\/maquina-do-moinho-de-disco\/\" data-type=\"link\" data-id=\"https:\/\/taizyfarmequipment.com\/product\/disk-mill-machine\/\">corn grinders<\/a> and <a href=\"https:\/\/taizyfarmequipment.com\/pt\/produto\/maquina-de-descascar-milho-fresco\/\" data-type=\"link\" data-id=\"https:\/\/taizyfarmequipment.com\/product\/fresh-corn-shelling-machine\/\">fresh corn threshers<\/a>, designed to help you handle every step of corn production with ease. <\/p>    <p>Se voc\u00ea deseja aumentar sua produtividade e reduzir os custos de m\u00e3o de obra, n\u00e3o hesite em nos contatar para uma consulta detalhada e pre\u00e7os competitivos. Estamos ansiosos para ajud\u00e1-lo a encontrar a solu\u00e7\u00e3o de maquin\u00e1rio perfeita!<\/p>    <figure class=\"wp-block-image size-large\"><img loading=\"lazy\" decoding=\"async\" width=\"720\" height=\"540\" src=\"https:\/\/taizyfarmequipment.com\/wp-content\/uploads\/2022\/06\/corn-threshing-machine.webp\" alt=\"debulhadora de milho\" class=\"wp-image-4854\" srcset=\"https:\/\/taizyfarmequipment.com\/wp-content\/uploads\/2022\/06\/corn-threshing-machine.webp 720w, https:\/\/taizyfarmequipment.com\/wp-content\/uploads\/2022\/06\/corn-threshing-machine-300x225.webp 300w, https:\/\/taizyfarmequipment.com\/wp-content\/uploads\/2022\/06\/corn-threshing-machine-16x12.webp 16w\" sizes=\"auto, (max-width: 720px) 100vw, 720px\" \/><figcaption class=\"wp-element-caption\">debulhadora de milho<\/figcaption><\/figure>","protected":false},"excerpt":{"rendered":"<p>A M\u00e1quina Descascar Milho \u00e9 um equipamento de debulha de milho de alta efici\u00eancia que simplifica o processo p\u00f3s-colheita para agricultores e processadores de gr\u00e3os. <\/p>","protected":false},"author":1,"featured_media":3554,"parent":0,"template":"","tags":[340],"product-type":[129],"class_list":["post-3552","product","type-product","status-publish","has-post-thumbnail","hentry","tag-maize-sheller-machine","product-type-thresher-and-sheller"],"_links":{"self":[{"href":"https:\/\/taizyfarmequipment.com\/pt\/wp-json\/wp\/v2\/product\/3552","targetHints":{"allow":["GET"]}}],"collection":[{"href":"https:\/\/taizyfarmequipment.com\/pt\/wp-json\/wp\/v2\/product"}],"about":[{"href":"https:\/\/taizyfarmequipment.com\/pt\/wp-json\/wp\/v2\/types\/product"}],"author":[{"embeddable":true,"href":"https:\/\/taizyfarmequipment.com\/pt\/wp-json\/wp\/v2\/users\/1"}],"wp:featuredmedia":[{"embeddable":true,"href":"https:\/\/taizyfarmequipment.com\/pt\/wp-json\/wp\/v2\/media\/3554"}],"wp:attachment":[{"href":"https:\/\/taizyfarmequipment.com\/pt\/wp-json\/wp\/v2\/media?parent=3552"}],"wp:term":[{"taxonomy":"post_tag","embeddable":true,"href":"https:\/\/taizyfarmequipment.com\/pt\/wp-json\/wp\/v2\/tags?post=3552"},{"taxonomy":"product-type","embeddable":true,"href":"https:\/\/taizyfarmequipment.com\/pt\/wp-json\/wp\/v2\/product-type?post=3552"}],"curies":[{"name":"wp","href":"https:\/\/api.w.org\/{rel}","templated":true}]}}