{"id":3849,"date":"2022-11-21T17:58:07","date_gmt":"2022-11-21T09:58:07","guid":{"rendered":"https:\/\/taizyfarmequipment.com\/?post_type=product&#038;p=3849"},"modified":"2025-11-26T16:12:54","modified_gmt":"2025-11-26T08:12:54","slug":"colheitadeira-de-forragem-para-venda","status":"publish","type":"product","link":"https:\/\/taizyfarmequipment.com\/pt\/product\/forage-harvester-for-sale\/","title":{"rendered":"Venda colhedora de forragem | Colheitadeira de silagem"},"content":{"rendered":"<div class=\"kk-star-ratings kksr-auto kksr-align-left kksr-valign-top\"     data-payload='{&quot;align&quot;:&quot;left&quot;,&quot;id&quot;:&quot;3849&quot;,&quot;slug&quot;:&quot;default&quot;,&quot;valign&quot;:&quot;top&quot;,&quot;ignore&quot;:&quot;&quot;,&quot;reference&quot;:&quot;auto&quot;,&quot;class&quot;:&quot;&quot;,&quot;count&quot;:&quot;16&quot;,&quot;legendonly&quot;:&quot;&quot;,&quot;readonly&quot;:&quot;&quot;,&quot;score&quot;:&quot;4.6&quot;,&quot;starsonly&quot;:&quot;&quot;,&quot;best&quot;:&quot;5&quot;,&quot;gap&quot;:&quot;5&quot;,&quot;greet&quot;:&quot;Rate this product&quot;,&quot;legend&quot;:&quot;4.6\\\/5 - (16 votes)&quot;,&quot;size&quot;:&quot;24&quot;,&quot;title&quot;:&quot;Forage harvester for sale | Silage harvester&quot;,&quot;width&quot;:&quot;130.9&quot;,&quot;_legend&quot;:&quot;{score}\\\/{best} - ({count} {votes})&quot;,&quot;font_factor&quot;:&quot;1.25&quot;}'>              <div class=\"kksr-stars\">      <div class=\"kksr-stars-inactive\">             <div class=\"kksr-star\" data-star=\"1\" style=\"padding-right: 5px\">               <div class=\"kksr-icon\" style=\"width: 24px; height: 24px;\"><\/div>         <\/div>             <div class=\"kksr-star\" data-star=\"2\" style=\"padding-right: 5px\">               <div class=\"kksr-icon\" style=\"width: 24px; height: 24px;\"><\/div>         <\/div>             <div class=\"kksr-star\" data-star=\"3\" style=\"padding-right: 5px\">               <div class=\"kksr-icon\" style=\"width: 24px; height: 24px;\"><\/div>         <\/div>             <div class=\"kksr-star\" data-star=\"4\" style=\"padding-right: 5px\">               <div class=\"kksr-icon\" style=\"width: 24px; height: 24px;\"><\/div>         <\/div>             <div class=\"kksr-star\" data-star=\"5\" style=\"padding-right: 5px\">               <div class=\"kksr-icon\" style=\"width: 24px; height: 24px;\"><\/div>         <\/div>     <\/div>      <div class=\"kksr-stars-active\" style=\"width: 130.9px;\">             <div class=\"kksr-star\" style=\"padding-right: 5px\">               <div class=\"kksr-icon\" style=\"width: 24px; height: 24px;\"><\/div>         <\/div>             <div class=\"kksr-star\" style=\"padding-right: 5px\">               <div class=\"kksr-icon\" style=\"width: 24px; height: 24px;\"><\/div>         <\/div>             <div class=\"kksr-star\" style=\"padding-right: 5px\">               <div class=\"kksr-icon\" style=\"width: 24px; height: 24px;\"><\/div>         <\/div>             <div class=\"kksr-star\" style=\"padding-right: 5px\">               <div class=\"kksr-icon\" style=\"width: 24px; height: 24px;\"><\/div>         <\/div>             <div class=\"kksr-star\" style=\"padding-right: 5px\">               <div class=\"kksr-icon\" style=\"width: 24px; height: 24px;\"><\/div>         <\/div>     <\/div> <\/div>                   <div class=\"kksr-legend\" style=\"font-size: 19.2px;\">             4,6\/5 - (16 votos)    <\/div>     <\/div>  <p>A colhedora de forragem \u00e9 eficiente para tritura\u00e7\u00e3o e coleta de palha. Ele pode esmagar talos de milho e devolv\u00ea-los ao campo ou colet\u00e1-los para uso como ra\u00e7\u00e3o ou forragem para o gado. <\/p>    <p>Dispon\u00edvel em diversos modelos com larguras de corte de 1m a 2m, a colhedora \u00e9 compat\u00edvel com trator de 60 CV e opera com capacidade de 0,25-0,48 m\u00b2\/h, alcan\u00e7ando taxa de recupera\u00e7\u00e3o superior a 80%. <\/p>    <p>A altura ajust\u00e1vel do restolho e as capacidades de corte eficientes tornam-no numa ferramenta essencial para uma gest\u00e3o eficaz da palha em opera\u00e7\u00f5es agr\u00edcolas.<\/p>    <figure class=\"wp-block-embed is-type-video is-provider-youtube wp-block-embed-youtube wp-embed-aspect-16-9 wp-has-aspect-ratio\"><div class=\"wp-block-embed__wrapper\"> <iframe loading=\"lazy\" title=\"Conhe\u00e7a os especialistas: Entrevistas com agricultores sobre as melhores pr\u00e1ticas para colheitadeiras de forragem #silagem #forragem\" width=\"500\" height=\"281\" src=\"https:\/\/www.youtube.com\/embed\/GWtISYUIpYM?feature=oembed\" frameborder=\"0\" allow=\"accelerometer; autoplay; clipboard-write; encrypted-media; gyroscope; picture-in-picture; web-share\" referrerpolicy=\"strict-origin-when-cross-origin\" allowfullscreen><\/iframe> <\/div><figcaption class=\"wp-element-caption\">Processo de trabalho da colhedora de silagem<\/figcaption><\/figure>    <h2 class=\"wp-block-heading\">Faixa de aplica\u00e7\u00e3o da colhedora de silagem<\/h2>    <div class=\"wp-block-media-text is-stacked-on-mobile\"><figure class=\"wp-block-media-text__media\"><img loading=\"lazy\" decoding=\"async\" width=\"720\" height=\"540\" src=\"https:\/\/taizyfarmequipment.com\/wp-content\/uploads\/2022\/11\/straw-field.webp\" alt=\"campo de palha\" class=\"wp-image-4726 size-full\" srcset=\"https:\/\/taizyfarmequipment.com\/wp-content\/uploads\/2022\/11\/straw-field.webp 720w, https:\/\/taizyfarmequipment.com\/wp-content\/uploads\/2022\/11\/straw-field-300x225.webp 300w, https:\/\/taizyfarmequipment.com\/wp-content\/uploads\/2022\/11\/straw-field-16x12.webp 16w\" sizes=\"auto, (max-width: 720px) 100vw, 720px\" \/><\/figure><div class=\"wp-block-media-text__content\"> <p>A colhedora de silagem pode processar diversas mat\u00e9rias-primas, incluindo:<\/p>    <ul class=\"wp-block-list\"> <li>Milho <a href=\"https:\/\/en.wikipedia.org\/wiki\/Stalk\" data-type=\"link\" data-id=\"https:\/\/en.wikipedia.org\/wiki\/Stalk\" target=\"_blank\" rel=\"noopener\">talos<\/a><\/li>    <li>Talos de sorgo<\/li>    <li>Talos de algod\u00e3o<\/li>    <li>Talos de trigo<\/li>    <li>Gram\u00edneas<\/li> <\/ul>    <p>As mat\u00e9rias-primas trituradas podem ser:<\/p>    <ul class=\"wp-block-list\"> <li>Embalado em silagem para armazenamento<\/li>    <li>Retornou diretamente ao campo<\/li> <\/ul> <\/div><\/div>    <h2 class=\"wp-block-heading\">Colhedora de forragem \u00e0 venda<\/h2>    <div class=\"wp-block-media-text has-media-on-the-right is-stacked-on-mobile\"><div class=\"wp-block-media-text__content\"> <ul class=\"wp-block-list\"> <li>A colhedora de forragem necessita de trator para opera\u00e7\u00e3o, sendo que o tamanho do trator varia conforme o modelo.<\/li>    <li>Uma colheitadeira de silagem com largura de colheita de 1 metro normalmente precisa de um trator com no m\u00ednimo 60 cavalos de pot\u00eancia.<\/li>    <li>As larguras de colheita dispon\u00edveis incluem 1m, 1,3m, 1,5m, 1,65m, 1,8m, 2m, 2,2m e 2,4m.<\/li>    <li>Para clientes que desejam fazer silagem, um <a href=\"https:\/\/taizyfarmequipment.com\/pt\/produto\/enfardadeira-redonda-para-silagem\/\" data-type=\"link\" data-id=\"https:\/\/taizyfarmequipment.com\/product\/silage-round-baler\/\">enfardadeira redonda para silagem<\/a> pode ser usado para enfardar a palha triturada.<\/li>    <li>A forragem enfardada \u00e9 conveniente para armazenamento e transporte.<\/li> <\/ul> <\/div><figure class=\"wp-block-media-text__media\"><img loading=\"lazy\" decoding=\"async\" width=\"720\" height=\"540\" src=\"https:\/\/taizyfarmequipment.com\/wp-content\/uploads\/2022\/11\/forage-harvester-for-sale-2.webp\" alt=\"Colhedora de forragem \u00e0 venda\" class=\"wp-image-3851 size-full\"\/><\/figure><\/div>    <h2 class=\"wp-block-heading\">Par\u00e2metros da m\u00e1quina de tritura\u00e7\u00e3o e reciclagem de palha<\/h2>    <figure class=\"wp-block-table\"><table><tbody><tr><td>Nome<\/td><td>Colheitadeira de palha<\/td><\/tr><tr><td>Motor<\/td><td>Trator \u226560HP<\/td><\/tr><tr><td>Dimens\u00e3o<\/td><td>1,6*1,2*2,8m<\/td><\/tr><tr><td>Peso<\/td><td>800kg<\/td><\/tr><tr><td>Largura de colheita<\/td><td>1,3m<\/td><\/tr><tr><td>Taxa de reciclagem<\/td><td>\u226580%<\/td><\/tr><tr><td>Dist\u00e2ncia de arremesso<\/td><td>3-5m<\/td><\/tr><tr><td>Altura do arremesso<\/td><td>\u22652m<\/td><\/tr><tr><td>O comprimento da palha esmagada<\/td><td>Menos de 80 mm<\/td><\/tr><tr><td>L\u00e2mina rotativa<\/td><td>32 unidades<\/td><\/tr><tr><td>Velocidade do eixo do cortador<\/td><td>2160 r\/min<\/td><\/tr><tr><td>Velocidade de trabalho<\/td><td>2-4km\/h<\/td><\/tr><tr><td>Capacidade<\/td><td>0,25-0,48h\u33a1\/h<\/td><\/tr><\/tbody><\/table><figcaption class=\"wp-element-caption\">Par\u00e2metro da m\u00e1quina de esmagamento e reciclagem de palha<\/figcaption><\/figure>    <h2 class=\"wp-block-heading\">Princ\u00edpio de funcionamento da colheitadeira de forragens<\/h2>    <div class=\"wp-block-media-text is-stacked-on-mobile\"><figure class=\"wp-block-media-text__media\"><img loading=\"lazy\" decoding=\"async\" width=\"720\" height=\"540\" src=\"https:\/\/taizyfarmequipment.com\/wp-content\/uploads\/2022\/11\/Silage-harvester-with-a-good-price.webp\" alt=\"Colhedora de silagem com bom pre\u00e7o\" class=\"wp-image-4294 size-full\" srcset=\"https:\/\/taizyfarmequipment.com\/wp-content\/uploads\/2022\/11\/Silage-harvester-with-a-good-price.webp 720w, https:\/\/taizyfarmequipment.com\/wp-content\/uploads\/2022\/11\/Silage-harvester-with-a-good-price-300x225.webp 300w\" sizes=\"auto, (max-width: 720px) 100vw, 720px\" \/><\/figure><div class=\"wp-block-media-text__content\"> <p>A colheitadeira de forragens funciona de forma eficiente ao empregar uma l\u00e2mina girat\u00f3ria de alta velocidade que inicia o processo de corte \u00e0 medida que a palha \u00e9 puxada para dentro da caixa. <\/p>    <p>O design da caixa, com uma parede interior em linha dobrada, facilita v\u00e1rias cis\u00f5es do talo, assegurando que a palha seja finamente esmagada.<\/p> <\/div><\/div>    <div class=\"wp-block-media-text has-media-on-the-right is-stacked-on-mobile\"><div class=\"wp-block-media-text__content\"> <p>O ventilador desempenha ent\u00e3o um papel crucial na expuls\u00e3o do material processado, permitindo uma opera\u00e7\u00e3o simplificada. <\/p>    <p>Al\u00e9m disso, a op\u00e7\u00e3o de incluir uma cuba de recolha aumenta a conveni\u00eancia ao reunir diretamente a palha esmagada.<\/p> <\/div><figure class=\"wp-block-media-text__media\"><img loading=\"lazy\" decoding=\"async\" width=\"720\" height=\"540\" src=\"https:\/\/taizyfarmequipment.com\/wp-content\/uploads\/2022\/11\/Silage-harvester-for-sale.webp\" alt=\"Colheitadeira de silagem \u00e0 venda\" class=\"wp-image-4293 size-full\" srcset=\"https:\/\/taizyfarmequipment.com\/wp-content\/uploads\/2022\/11\/Silage-harvester-for-sale.webp 720w, https:\/\/taizyfarmequipment.com\/wp-content\/uploads\/2022\/11\/Silage-harvester-for-sale-300x225.webp 300w\" sizes=\"auto, (max-width: 720px) 100vw, 720px\" \/><\/figure><\/div>    <h2 class=\"wp-block-heading\">Estrutura da m\u00e1quina de recolha de palha<\/h2>    <div class=\"wp-block-media-text is-stacked-on-mobile\"><figure class=\"wp-block-media-text__media\"><img loading=\"lazy\" decoding=\"async\" width=\"720\" height=\"540\" src=\"https:\/\/taizyfarmequipment.com\/wp-content\/uploads\/2022\/11\/Small-silage-chopper-.webp\" alt=\"l\u00e2minas de picador de silagem\" class=\"wp-image-3854 size-full\"\/><\/figure><div class=\"wp-block-media-text__content\"> <p>A m\u00e1quina de recolha de palha inclui principalmente uma cobertura, estrutura, suspens\u00e3o, montagem de caixa de engrenagens, grande roda de tens\u00e3o, ventilador, polia de transi\u00e7\u00e3o, tubo de entrada, parafuso, lacuna de l\u00edquido, roda de base e tubo de sa\u00edda.<\/p> <\/div><\/div>    <h2 class=\"wp-block-heading\">Principais caracter\u00edsticas da estrutura da colhedora de forragem <\/h2>    <div class=\"wp-block-media-text has-media-on-the-right is-stacked-on-mobile\"><div class=\"wp-block-media-text__content\"> <ul class=\"wp-block-list\"> <li>L\u00e2mina rotativa de alta velocidade para corte eficiente.<\/li>    <li>Parede interna em forma de linha dobrada exclusiva para corte m\u00faltiplo.<\/li>    <li>Transporte de palha triturada assistido por ventilador.<\/li>    <li>Funil de coleta opcional para dep\u00f3sito direto.<\/li>    <li>Vers\u00e1til no manuseio de diversas mat\u00e9rias-primas como talos de milho, talos de trigo e gram\u00edneas.<\/li> <\/ul> <\/div><figure class=\"wp-block-media-text__media\"><img loading=\"lazy\" decoding=\"async\" width=\"720\" height=\"540\" src=\"https:\/\/taizyfarmequipment.com\/wp-content\/uploads\/2022\/11\/forage-harvester-for-sale-3.webp\" alt=\"estrutura interna da colhedora de forragem\" class=\"wp-image-3855 size-full\"\/><\/figure><\/div>    <h2 class=\"wp-block-heading\">Vantagens da colhedora de forragem para venda<\/h2>    <ul class=\"wp-block-list\"> <li>A colhedora de forragem \u00e0 venda adota alimenta\u00e7\u00e3o autom\u00e1tica e possui alta efici\u00eancia de produ\u00e7\u00e3o. A qualidade de fabrica\u00e7\u00e3o \u00e9 confi\u00e1vel e possui caracter\u00edsticas de estrutura simples, opera\u00e7\u00e3o conveniente, pequeno volume e alta efici\u00eancia.<\/li>    <li>A palha reciclada n\u00e3o \u00e9 limitada pela secura e umidade, podendo tamb\u00e9m processar materiais \u00famidos, o que melhora a efici\u00eancia do trabalho.<\/li>    <li>Dur\u00e1vel. Componentes de estrutura de a\u00e7o, materiais s\u00f3lidos e confi\u00e1veis, rolamentos autocompensadores de alta pot\u00eancia e longa vida \u00fatil.<\/li>    <li>De uso mais amplo, a colhedora de forragem \u00e0 venda pode n\u00e3o apenas esmagar talos de milho, mas tamb\u00e9m processar palha de trigo, talos de algod\u00e3o, palha, casca de arroz, casca de amendoim, espiga de milho, galhos, folhas e serragem.<\/li>    <li>A colhedora de forragem \u00e0 venda \u00e9 f\u00e1cil de mover, o que \u00e9 conveniente para a produ\u00e7\u00e3o no campo.<\/li> <\/ul>    <figure class=\"wp-block-image size-full\"><img loading=\"lazy\" decoding=\"async\" width=\"720\" height=\"540\" src=\"https:\/\/taizyfarmequipment.com\/wp-content\/uploads\/2022\/11\/forage-harvester-for-sale-4.webp\" alt=\"m\u00e1quina picadora de silagem em estoque\" class=\"wp-image-3856\" title=\"Colhedora de forragem \u00e0 venda\"\/><figcaption class=\"wp-element-caption\">m\u00e1quina picadora de silagem em estoque<\/figcaption><\/figure>    <h2 class=\"wp-block-heading\">Dicas de manuten\u00e7\u00e3o para a colhedora de forragem<\/h2>    <div class=\"wp-block-media-text is-stacked-on-mobile\"><figure class=\"wp-block-media-text__media\"><img loading=\"lazy\" decoding=\"async\" width=\"720\" height=\"540\" src=\"https:\/\/taizyfarmequipment.com\/wp-content\/uploads\/2022\/11\/corn-chopper-.webp\" alt=\"f\u00e1brica de m\u00e1quinas picadoras de milho\" class=\"wp-image-3857 size-full\"\/><\/figure><div class=\"wp-block-media-text__content\"> <ul class=\"wp-block-list\"> <li>Verifique e aperte os fixadores de conex\u00e3o.<\/li>    <li>Inspecione a condi\u00e7\u00e3o de veda\u00e7\u00e3o da caixa de engrenagens.<\/li>    <li>Adicione \u00f3leo lubrificante em todos os pontos de lubrifica\u00e7\u00e3o.<\/li>    <li>Remova a argila para evitar o aumento da carga da m\u00e1quina.<\/li>    <li>Monitorar a temperatura dos rolamentos; ajuste ou reabaste\u00e7a se estiver muito alto.<\/li>    <li>Abra a tampa do ventilador para verificar e apertar os parafusos soltos do cubo da roda.<\/li> <\/ul> <\/div><\/div>    <h2 class=\"wp-block-heading\">Perguntas frequentes sobre a m\u00e1quina colheitadora de silagem<\/h2>   <div id=\"rank-math-faq\" class=\"rank-math-block\"> <div class=\"rank-math-list\"> <div id=\"faq-question-1704854080661\" class=\"rank-math-list-item\"> <h3 class=\"rank-math-question\">Quais s\u00e3o os acess\u00f3rios?<\/h3> <div class=\"rank-math-answer\">  <p>10 l\u00e2minas e l\u00e2minas em forma de Y.<\/p>  <\/div> <\/div> <div id=\"faq-question-1704854089320\" class=\"rank-math-list-item\"> <h3 class=\"rank-math-question\">Qual \u00e9 a m\u00e1quina correspondente?<\/h3> <div class=\"rank-math-answer\">  <p>M\u00e1quina embaladora de fardos.<\/p>  <\/div> <\/div> <div id=\"faq-question-1704854125511\" class=\"rank-math-list-item\"> <h3 class=\"rank-math-question\">A m\u00e1quina pode colher milho, sorgo e outras culturas?<\/h3> <div class=\"rank-math-answer\">  <p>N\u00e3o pode ser colhido, o sorgo milho ser\u00e1 esmagado diretamente pela m\u00e1quina.<\/p>  <\/div> <\/div> <div id=\"faq-question-1704854153905\" class=\"rank-math-list-item\"> <h3 class=\"rank-math-question\">A m\u00e1quina pode trabalhar em zonas h\u00famidas?<\/h3> <div class=\"rank-math-answer\">  <p>N\u00e3o, isso danificar\u00e1 a l\u00e2mina e, s\u00e9rio, bloquear\u00e1 o elevador.<\/p>  <\/div> <\/div> <div id=\"faq-question-1704854190291\" class=\"rank-math-list-item\"> <h3 class=\"rank-math-question\">Com que frequ\u00eancia substituir a l\u00e2mina?<\/h3> <div class=\"rank-math-answer\">  <p>A m\u00e1quina pode ser substitu\u00edda ap\u00f3s 2 anos de uso.<\/p>  <\/div> <\/div> <\/div> <\/div>   <figure class=\"wp-block-image size-full\"><img loading=\"lazy\" decoding=\"async\" width=\"720\" height=\"540\" src=\"https:\/\/taizyfarmequipment.com\/wp-content\/uploads\/2022\/11\/silage-harvester-.webp\" alt=\"colheitadeira de silagem comercial\" class=\"wp-image-3859\" title=\"colheitadeira de silagem\"\/><figcaption class=\"wp-element-caption\">colheitadeira de silagem comercial<\/figcaption><\/figure>    <h2 class=\"wp-block-heading\">Conex\u00e3o do dispositivo de sa\u00edda hidr\u00e1ulica da m\u00e1quina colhedora de caules<\/h2>    <figure class=\"wp-block-gallery has-nested-images columns-default is-cropped wp-block-gallery-2 is-layout-flex wp-block-gallery-is-layout-flex\"> <figure class=\"wp-block-image size-large\"><img loading=\"lazy\" decoding=\"async\" width=\"720\" height=\"540\" data-id=\"3852\" src=\"https:\/\/taizyfarmequipment.com\/wp-content\/uploads\/2022\/11\/stalk-harvester-machine-.webp\" alt=\"m\u00e1quina colheitadeira de talos\" class=\"wp-image-3852\" title=\"m\u00e1quina colheitadeira de talos\"\/><figcaption class=\"wp-element-caption\">m\u00e1quina colheitadeira de talos<\/figcaption><\/figure>    <figure class=\"wp-block-image size-large\"><img loading=\"lazy\" decoding=\"async\" width=\"720\" height=\"540\" data-id=\"3853\" src=\"https:\/\/taizyfarmequipment.com\/wp-content\/uploads\/2022\/11\/silage-chopper-.webp\" alt=\"conex\u00e3o da m\u00e1quina colheitadeira de caules\" class=\"wp-image-3853\" title=\"m\u00e1quina colheitadeira de talos\"\/><figcaption class=\"wp-element-caption\">conex\u00e3o da m\u00e1quina colheitadeira de caules<\/figcaption><\/figure> <\/figure>    <h2 class=\"wp-block-heading\">Colheitadeira de forragens vendida para o Camboja<\/h2>    <p>Nosso cliente cambojano acabou de comprar conosco uma colhedora de forragem. Atrav\u00e9s da comunica\u00e7\u00e3o com o cliente, ficamos sabendo que ele tem um milharal e alimenta ovelhas. <\/p>    <p>Portanto, para fazer uso mais eficiente desses talos de milho, o cliente espera comprar uma m\u00e1quina que possa processar diretamente caules de milho no campo. A \u00e1rea de plantio do cliente n\u00e3o \u00e9 muito grande e recomendamos uma largura de colheita de 1,5 metros. <\/p>    <p>Como o cliente possui seu trator, ele s\u00f3 precisa comprar a pe\u00e7a para colheita da palha. Ap\u00f3s o cliente receber a m\u00e1quina, orientaremos o cliente sobre como conectar o trator online. Portanto, os clientes podem comprar com confian\u00e7a.<\/p>    <figure class=\"wp-block-image size-full\"><img loading=\"lazy\" decoding=\"async\" width=\"720\" height=\"540\" src=\"https:\/\/taizyfarmequipment.com\/wp-content\/uploads\/2022\/11\/forage-chopper-packing-and-shipping-.webp\" alt=\"transportes de picador de forragem\" class=\"wp-image-3858\" title=\"embalagem e envio de picador de forragem\"\/><figcaption class=\"wp-element-caption\">transportes de picador de forragem<\/figcaption><\/figure>    <h2 class=\"wp-block-heading\">Contate-nos<\/h2>    <p>Na busca pela colhedora de silagem ideal, nosso produto n\u00e3o s\u00f3 oferece desempenho e versatilidade excepcionais, mas tamb\u00e9m \u00e9 meticulosamente projetado para garantir opera\u00e7\u00f5es agr\u00edcolas eficientes e confi\u00e1veis. <\/p>    <p>Sinta -se \u00e0 vontade para entrar em contato com nossa equipe dedicada para obter mais informa\u00e7\u00f5es sobre o nosso Harvester de silagem. Estamos comprometidos em fornecer consultas detalhadas do produto e recomendar o modelo mais adequado com base nas necessidades espec\u00edficas da sua fazenda.<\/p>","protected":false},"excerpt":{"rendered":"<p>A colheitadeira de forragens \u00e9 eficiente para esmagamento e recolha de palha.<\/p>","protected":false},"author":1,"featured_media":3850,"parent":0,"template":"","tags":[337,338],"product-type":[133],"class_list":["post-3849","product","type-product","status-publish","has-post-thumbnail","hentry","tag-forage-harvester","tag-silage-harvester","product-type-silage-machine"],"_links":{"self":[{"href":"https:\/\/taizyfarmequipment.com\/pt\/wp-json\/wp\/v2\/product\/3849","targetHints":{"allow":["GET"]}}],"collection":[{"href":"https:\/\/taizyfarmequipment.com\/pt\/wp-json\/wp\/v2\/product"}],"about":[{"href":"https:\/\/taizyfarmequipment.com\/pt\/wp-json\/wp\/v2\/types\/product"}],"author":[{"embeddable":true,"href":"https:\/\/taizyfarmequipment.com\/pt\/wp-json\/wp\/v2\/users\/1"}],"wp:featuredmedia":[{"embeddable":true,"href":"https:\/\/taizyfarmequipment.com\/pt\/wp-json\/wp\/v2\/media\/3850"}],"wp:attachment":[{"href":"https:\/\/taizyfarmequipment.com\/pt\/wp-json\/wp\/v2\/media?parent=3849"}],"wp:term":[{"taxonomy":"post_tag","embeddable":true,"href":"https:\/\/taizyfarmequipment.com\/pt\/wp-json\/wp\/v2\/tags?post=3849"},{"taxonomy":"product-type","embeddable":true,"href":"https:\/\/taizyfarmequipment.com\/pt\/wp-json\/wp\/v2\/product-type?post=3849"}],"curies":[{"name":"wp","href":"https:\/\/api.w.org\/{rel}","templated":true}]}}