{"id":3912,"date":"2022-12-13T15:43:34","date_gmt":"2022-12-13T07:43:34","guid":{"rendered":"https:\/\/taizyfarmequipment.com\/?post_type=product&#038;p=3912"},"modified":"2025-11-26T16:02:04","modified_gmt":"2025-11-26T08:02:04","slug":"transplantador-de-arroz-para-mudas-de-arroz","status":"publish","type":"product","link":"https:\/\/taizyfarmequipment.com\/pt\/product\/rice-transplanter-for-rice-seedings\/","title":{"rendered":"Transplantador de arroz de 4 linhas para sementes de arroz"},"content":{"rendered":"<div class=\"kk-star-ratings kksr-auto kksr-align-left kksr-valign-top\"     data-payload='{&quot;align&quot;:&quot;left&quot;,&quot;id&quot;:&quot;3912&quot;,&quot;slug&quot;:&quot;default&quot;,&quot;valign&quot;:&quot;top&quot;,&quot;ignore&quot;:&quot;&quot;,&quot;reference&quot;:&quot;auto&quot;,&quot;class&quot;:&quot;&quot;,&quot;count&quot;:&quot;5&quot;,&quot;legendonly&quot;:&quot;&quot;,&quot;readonly&quot;:&quot;&quot;,&quot;score&quot;:&quot;4.7&quot;,&quot;starsonly&quot;:&quot;&quot;,&quot;best&quot;:&quot;5&quot;,&quot;gap&quot;:&quot;5&quot;,&quot;greet&quot;:&quot;Rate this product&quot;,&quot;legend&quot;:&quot;4.7\\\/5 - (5 votes)&quot;,&quot;size&quot;:&quot;24&quot;,&quot;title&quot;:&quot;4 row rice transplanter for rice seedings&quot;,&quot;width&quot;:&quot;133.8&quot;,&quot;_legend&quot;:&quot;{score}\\\/{best} - ({count} {votes})&quot;,&quot;font_factor&quot;:&quot;1.25&quot;}'>              <div class=\"kksr-stars\">      <div class=\"kksr-stars-inactive\">             <div class=\"kksr-star\" data-star=\"1\" style=\"padding-right: 5px\">               <div class=\"kksr-icon\" style=\"width: 24px; height: 24px;\"><\/div>         <\/div>             <div class=\"kksr-star\" data-star=\"2\" style=\"padding-right: 5px\">               <div class=\"kksr-icon\" style=\"width: 24px; height: 24px;\"><\/div>         <\/div>             <div class=\"kksr-star\" data-star=\"3\" style=\"padding-right: 5px\">               <div class=\"kksr-icon\" style=\"width: 24px; height: 24px;\"><\/div>         <\/div>             <div class=\"kksr-star\" data-star=\"4\" style=\"padding-right: 5px\">               <div class=\"kksr-icon\" style=\"width: 24px; height: 24px;\"><\/div>         <\/div>             <div class=\"kksr-star\" data-star=\"5\" style=\"padding-right: 5px\">               <div class=\"kksr-icon\" style=\"width: 24px; height: 24px;\"><\/div>         <\/div>     <\/div>      <div class=\"kksr-stars-active\" style=\"width: 133.8px;\">             <div class=\"kksr-star\" style=\"padding-right: 5px\">               <div class=\"kksr-icon\" style=\"width: 24px; height: 24px;\"><\/div>         <\/div>             <div class=\"kksr-star\" style=\"padding-right: 5px\">               <div class=\"kksr-icon\" style=\"width: 24px; height: 24px;\"><\/div>         <\/div>             <div class=\"kksr-star\" style=\"padding-right: 5px\">               <div class=\"kksr-icon\" style=\"width: 24px; height: 24px;\"><\/div>         <\/div>             <div class=\"kksr-star\" style=\"padding-right: 5px\">               <div class=\"kksr-icon\" style=\"width: 24px; height: 24px;\"><\/div>         <\/div>             <div class=\"kksr-star\" style=\"padding-right: 5px\">               <div class=\"kksr-icon\" style=\"width: 24px; height: 24px;\"><\/div>         <\/div>     <\/div> <\/div>                   <div class=\"kksr-legend\" style=\"font-size: 19.2px;\">             4,7\/5 - (5 votos)    <\/div>     <\/div>  <p>O transplantador de arroz j\u00e1 \u00e9 a primeira escolha para a maioria dos produtores de arroz. Hoje em dia, para realizar o trabalho agr\u00edcola de forma mais eficiente, tornou-se comum o uso de m\u00e1quinas para transplantar mudas de arroz. A m\u00e1quina de plantar arroz \u00e9 poderosa. <\/p>    <p>E nosso transplantador pode plantar 4 ou 6 fileiras de mudas por vez. Comparado ao trabalho manual, \u00e9 mais eficiente e o efeito do transplante de mudas de arroz tamb\u00e9m \u00e9 bom.<\/p>    <h2 class=\"wp-block-heading\">Introdu\u00e7\u00e3o do transplantador de arroz<\/h2>    <p>Atualmente, produzimos transplantadores de arroz em modelos de 4 e 6 linhas. Em rela\u00e7\u00e3o ao transplantador de arroz de 4 fileiras, o usu\u00e1rio precisa empurrar a m\u00e1quina manualmente para funcionar. O transplantador de arroz \u00e9 movido por um motor a gasolina. Ao usar a m\u00e1quina de plantar arroz de 6 fileiras, o cliente precisa sentar e dirigir o transplantador de arroz. Para o transplantador de 6 filas, a pot\u00eancia \u00e9 um motor diesel.<br>Al\u00e9m disso, podemos ajustar a profundidade deste modelo de transplantador de arroz de 15 cm a 35 cm.<\/p>    <p class=\"translation-block\">Al\u00e9m destas m\u00e1quinas para transplantar arroz, tamb\u00e9m produzimos <a href=\"https:\/\/taizyfarmequipment.com\/pt\/produto\/semeadora-de-legumes-manual\/\">m\u00e1quinas para transplantar vegetais<\/a>, que podem transplantar mudas de v\u00e1rios vegetais.<\/p>    <figure class=\"wp-block-gallery has-nested-images columns-default is-cropped wp-block-gallery-2 is-layout-flex wp-block-gallery-is-layout-flex\"> <figure class=\"wp-block-image size-full\"><img loading=\"lazy\" decoding=\"async\" width=\"720\" height=\"540\" data-id=\"4974\" src=\"https:\/\/taizyfarmequipment.com\/wp-content\/uploads\/2022\/12\/rice-transplanter.webp\" alt=\"transplantador de arroz\" class=\"wp-image-4974\" title=\"Transplantador de arroz de 4 fileiras\" srcset=\"https:\/\/taizyfarmequipment.com\/wp-content\/uploads\/2022\/12\/rice-transplanter.webp 720w, https:\/\/taizyfarmequipment.com\/wp-content\/uploads\/2022\/12\/rice-transplanter-300x225.webp 300w, https:\/\/taizyfarmequipment.com\/wp-content\/uploads\/2022\/12\/rice-transplanter-16x12.webp 16w\" sizes=\"auto, (max-width: 720px) 100vw, 720px\" \/><figcaption class=\"wp-element-caption\">transplantador de arroz<\/figcaption><\/figure>    <figure class=\"wp-block-image size-large\"><img loading=\"lazy\" decoding=\"async\" width=\"720\" height=\"540\" data-id=\"3918\" src=\"https:\/\/taizyfarmequipment.com\/wp-content\/uploads\/2022\/12\/6-row-rice-planting-machine-.webp\" alt=\"M\u00e1quina de plantar arroz de 6 linhas\" class=\"wp-image-3918\" title=\"M\u00e1quina de plantar arroz de 6 linhas\"\/><figcaption class=\"wp-element-caption\">M\u00e1quina de plantar arroz de 6 linhas<\/figcaption><\/figure> <\/figure>    <h2 class=\"wp-block-heading\">Que tipo de m\u00e1quina pode funcionar com a semeadora de arroz?<\/h2>    <p class=\"translation-block\">A transplantadora de arroz pode funcionar em conjunto com as <a href=\"https:\/\/www.agriculture-machine.com\/rice-nursery-seedling-machine\/\" target=\"_blank\" rel=\"noopener\">m\u00e1quinas de viveiro para mudas<\/a>. Podemos usar a m\u00e1quina de cultivo de mudas para cultivar as mudas de arroz primeiro. E depois podemos transplantar as mudas de arroz quando estiverem maduras. Isto poupa muito tempo na cria\u00e7\u00e3o artificial de mudas e no transplante de arroz, melhorando a efici\u00eancia.<\/p>    <figure class=\"wp-block-image size-full\"><img loading=\"lazy\" decoding=\"async\" width=\"720\" height=\"540\" src=\"https:\/\/taizyfarmequipment.com\/wp-content\/uploads\/2022\/12\/Rice-Nursery-Seedling-Machine-.jpg\" alt=\"m\u00e1quina de ber\u00e7\u00e1rio de arroz\" class=\"wp-image-3919\" title=\"m\u00e1quina de ber\u00e7\u00e1rio de arroz\"\/><figcaption class=\"wp-element-caption\">m\u00e1quina de ber\u00e7\u00e1rio de arroz<\/figcaption><\/figure>    <h2 class=\"wp-block-heading\">Por que precisamos usar uma m\u00e1quina semeadora de arroz?<\/h2>    <ol class=\"wp-block-list\"> <li>Alta efici\u00eancia de trabalho. Todos sabemos que o transplante manual consome muito tempo. E precisa empregar muito pessoal, s\u00f3 assim melhorou o custo do plantio do arroz. Portanto, usar uma m\u00e1quina semeadora de arroz pode ser mais eficiente e econ\u00f4mico.<\/li>    <li>A m\u00e1quina de semear arroz funciona bem. Porque o trabalho da m\u00e1quina pode realizar e manter o espa\u00e7amento padr\u00e3o entre plantas e linhas. Isso tamb\u00e9m ajuda as mudas a crescerem melhor.<\/li> <\/ol>    <h2 class=\"wp-block-heading\">A estrutura da m\u00e1quina de plantar arroz<\/h2>    <ol class=\"wp-block-list\"> <li>A primeira \u00e9 a plantadora de arroz com 4 linhas. Este tipo de plantio de arroz \u00e9 composto principalmente por caixa de mudas, moldura da bandeja de mudas, motor, roda, etc. A seguir est\u00e1 o diagrama detalhado da estrutura da m\u00e1quina.<\/li> <\/ol>    <figure class=\"wp-block-image size-full is-resized\"><img loading=\"lazy\" decoding=\"async\" width=\"720\" height=\"540\" src=\"https:\/\/taizyfarmequipment.com\/wp-content\/uploads\/2022\/12\/4-row-paddy-planting-machines-structure.webp\" alt=\"Estrutura da m\u00e1quina de plantio de arroz de 4 fileiras\" class=\"wp-image-4975\" style=\"width:720px;height:540px\" title=\"Estrutura da m\u00e1quina de plantio de arroz de 4 fileiras\" srcset=\"https:\/\/taizyfarmequipment.com\/wp-content\/uploads\/2022\/12\/4-row-paddy-planting-machines-structure.webp 720w, https:\/\/taizyfarmequipment.com\/wp-content\/uploads\/2022\/12\/4-row-paddy-planting-machines-structure-300x225.webp 300w, https:\/\/taizyfarmequipment.com\/wp-content\/uploads\/2022\/12\/4-row-paddy-planting-machines-structure-16x12.webp 16w\" sizes=\"auto, (max-width: 720px) 100vw, 720px\" \/><figcaption class=\"wp-element-caption\">Estrutura da m\u00e1quina de plantio de arroz de 4 fileiras<\/figcaption><\/figure>    <p>2. A seguir est\u00e1 o diagrama estrutural do transplantador de arroz de 6 fileiras.<\/p>    <figure class=\"wp-block-image size-full\"><img loading=\"lazy\" decoding=\"async\" width=\"720\" height=\"540\" src=\"https:\/\/taizyfarmequipment.com\/wp-content\/uploads\/2022\/12\/6-row-rice-transplanter-strucure-.webp\" alt=\"Estrutura do transplantador de arroz de 6 fileiras \" class=\"wp-image-3921\" title=\"Estrutura do transplantador de arroz de 6 fileiras \"\/><figcaption class=\"wp-element-caption\">Estrutura do transplantador de arroz de 6 fileiras<\/figcaption><\/figure>    <h2 class=\"wp-block-heading\">Princ\u00edpio de funcionamento da m\u00e1quina de planta\u00e7\u00e3o de arroz<\/h2>    <p>Embora a apar\u00eancia da m\u00e1quina seja diferente. Mas o fluxo b\u00e1sico de como as m\u00e1quinas funcionam \u00e9 praticamente o mesmo. <\/p>    <ol class=\"wp-block-list\"> <li>O broto de arroz da folha inteira \u00e9 colocado na caixa de mudas. <\/li>    <li>Em seguida, mova lateralmente com a caixa de mudas, e o coletor de mudas retira um determinado n\u00famero de mudas em divis\u00f5es sucessivas. <\/li>    <li>Sob a a\u00e7\u00e3o do mecanismo de controle de trajet\u00f3ria, as mudas s\u00e3o inseridas no solo de acordo com as exig\u00eancias agron\u00f4micas. <\/li>    <li>Por fim, o dispositivo de coleta de mudas volta \u00e0 caixa de mudas para buscar as mudas de acordo com uma determinada trajet\u00f3ria.<\/li> <\/ol>    <figure class=\"wp-block-gallery has-nested-images columns-default is-cropped wp-block-gallery-3 is-layout-flex wp-block-gallery-is-layout-flex\"> <figure class=\"wp-block-image size-large\"><img loading=\"lazy\" decoding=\"async\" width=\"720\" height=\"540\" data-id=\"3923\" src=\"https:\/\/taizyfarmequipment.com\/wp-content\/uploads\/2022\/12\/rice-plantation-machine-.webp\" alt=\"m\u00e1quina de planta\u00e7\u00e3o de arroz\" class=\"wp-image-3923\" title=\"m\u00e1quina de planta\u00e7\u00e3o de arroz\"\/><figcaption class=\"wp-element-caption\">m\u00e1quina de planta\u00e7\u00e3o de arroz<\/figcaption><\/figure>    <figure class=\"wp-block-image size-large\"><img loading=\"lazy\" decoding=\"async\" width=\"720\" height=\"540\" data-id=\"3924\" src=\"https:\/\/taizyfarmequipment.com\/wp-content\/uploads\/2022\/12\/rice-planting-machine-.webp\" alt=\"m\u00e1quina de plantar arroz \" class=\"wp-image-3924\" title=\"m\u00e1quina de plantar arroz \"\/><figcaption class=\"wp-element-caption\">m\u00e1quina de plantar arroz<\/figcaption><\/figure> <\/figure>    <h2 class=\"wp-block-heading\">Informa\u00e7\u00f5es t\u00e9cnicas detalhadas sobre m\u00e1quina de plantar arroz<\/h2>    <h2 class=\"wp-block-heading\">4 linhas <\/h2>    <figure class=\"wp-block-table\"><table><tbody><tr><td>Modelo<\/td><td>2ZS-4<\/td><\/tr><tr><td>Tamanho<\/td><td>2140\u00d71630\u00d7910(mil\u00edmetro)<\/td><\/tr><tr><td>Peso<\/td><td>165kg<\/td><\/tr><tr><td>Pot\u00eancia do motor<\/td><td>2,6\/3000 (kw\/rpm)<\/td><\/tr><tr><td>Linhas de trabalho<\/td><td>4 linhas<\/td><\/tr><tr><td>Velocidade de trabalho<\/td><td>0,34-0,77 \uff08m\/s\uff09<\/td><\/tr><tr><td>Dist\u00e2ncia da linha<\/td><td>300(mm)<\/td><\/tr><tr><td>Dist\u00e2ncia de semeadura<\/td><td>210;180;160;140;120(mm)<\/td><\/tr><tr><td>Profundidade de semeadura<\/td><td>15-35(mm)<\/td><\/tr><\/tbody><\/table><\/figure>    <h2 class=\"wp-block-heading\">6 linhas <\/h2>    <figure class=\"wp-block-table\"><table><tbody><tr><td>Modelo<\/td><td>CY-6<\/td><\/tr><tr><td>Modelo de motor diesel<\/td><td>Partida manual 175F<\/td><\/tr><tr><td>Sa\u00edda do motor diesel (kw\/HP)<\/td><td>3.72\/5.5<\/td><\/tr><tr><td>Velocidade de rota\u00e7\u00e3o do motor diesel (r\/min)<\/td><td>2600<\/td><\/tr><tr><td>N\u00famero de linha de transplante<\/td><td>6<\/td><\/tr><tr><td>Dist\u00e2ncia linha a linha (mm)<\/td><td>300mm<\/td><\/tr><tr><td>Dist\u00e2ncia colina a colina (mm)<\/td><td>120\/140 mm<\/td><\/tr><tr><td>Efici\u00eancia de transplante<\/td><td>0,35-0,5 acres\/h<\/td><\/tr><tr><td>Peso l\u00edquido<\/td><td>300kg<\/td><\/tr><\/tbody><\/table><\/figure>    <h2 class=\"wp-block-heading\">Quais s\u00e3o as caracter\u00edsticas da m\u00e1quina semeadora de arroz?<\/h2>    <ol class=\"wp-block-list\"> <li>O transplantador de arroz funciona r\u00e1pido e semeia as mudas de maneira uniforme, o que contribui para a resist\u00eancia a doen\u00e7as e alto rendimento!<\/li>    <li>O transplantador de arroz de 4 fileiras precisa ser port\u00e1til e o transplantador de arroz de 6 fileiras pode ser conduzido. N\u00e3o h\u00e1 necessidade de as pessoas se curvarem para plantar mudas de arroz. Isso reduz muito a intensidade de trabalho das pessoas.<\/li>    <li>O trabalho da m\u00e1quina realiza uma cova para uma muda, evitando o fen\u00f4meno de desperd\u00edcio de mudas.<\/li>    <li>O arroz plantado pelo transplantador de arroz favorece a ventila\u00e7\u00e3o do arroz e do sol. Esses gr\u00e3os de arroz est\u00e3o cheios e a taxa de casca vazia \u00e9 baixa.<\/li> <\/ol>    <figure class=\"wp-block-image size-full is-resized\"><img loading=\"lazy\" decoding=\"async\" width=\"720\" height=\"540\" src=\"https:\/\/taizyfarmequipment.com\/wp-content\/uploads\/2022\/12\/rice-sowing-machine-1-1.webp\" alt=\"m\u00e1quina de semear arroz \" class=\"wp-image-3925\" style=\"width:720px;height:540px\" title=\"m\u00e1quina de semear arroz \"\/><figcaption class=\"wp-element-caption\">m\u00e1quina de semear arroz <\/figcaption><\/figure>    <h2 class=\"wp-block-heading\">A melhor escolha do cliente da Taizy Machinery<\/h2>    <ol class=\"wp-block-list\"> <li>Somos um fabricante profissional de m\u00e1quinas agr\u00edcolas. Estamos comprometidos em pesquisar e projetar m\u00e1quinas agr\u00edcolas mais convenientes e de alta qualidade.<\/li>    <li>M\u00e1quinas de alta qualidade. As m\u00e1quinas que fabricamos s\u00e3o feitas com os melhores materiais. Desta forma, a vida \u00fatil da m\u00e1quina \u00e9 maior.<\/li>    <li>Equipe de servi\u00e7o profissional. Nosso gerente de vendas pode lhe fornecer solu\u00e7\u00f5es profissionais, entre em contato conosco.<\/li>    <li>Servi\u00e7o p\u00f3s-venda de um ano. Forneceremos aos clientes um servi\u00e7o p\u00f3s-venda de um ano online ou offline.<\/li> <\/ol>    <figure class=\"wp-block-gallery has-nested-images columns-default is-cropped wp-block-gallery-4 is-layout-flex wp-block-gallery-is-layout-flex\"> <figure class=\"wp-block-image size-large\"><img loading=\"lazy\" decoding=\"async\" width=\"720\" height=\"540\" data-id=\"3926\" src=\"https:\/\/taizyfarmequipment.com\/wp-content\/uploads\/2022\/12\/paddy-seeding-machine-.webp\" alt=\"m\u00e1quina de semeadura de arroz \" class=\"wp-image-3926\" title=\"m\u00e1quina de semeadura de arroz \"\/><figcaption class=\"wp-element-caption\">m\u00e1quina de semeadura de arroz<\/figcaption><\/figure>    <figure class=\"wp-block-image size-large\"><img loading=\"lazy\" decoding=\"async\" width=\"720\" height=\"540\" data-id=\"3928\" src=\"https:\/\/taizyfarmequipment.com\/wp-content\/uploads\/2022\/12\/exporting-of-the-paddy-saowing-machine-.webp\" alt=\"exporta\u00e7\u00e3o da m\u00e1quina de arroz paddy saowing\" class=\"wp-image-3928\" title=\"exporta\u00e7\u00e3o da m\u00e1quina de arroz paddy saowing\"\/><figcaption class=\"wp-element-caption\">exporta\u00e7\u00e3o da m\u00e1quina de arroz paddy saowing<\/figcaption><\/figure> <\/figure>","protected":false},"excerpt":{"rendered":"<p>O transplantador de arroz j\u00e1 \u00e9 a primeira escolha para a maioria dos produtores de arroz. Hoje em dia, para realizar o trabalho agr\u00edcola de forma mais eficiente, tornou-se um fen\u00f3meno comum.<\/p>","protected":false},"author":1,"featured_media":3915,"parent":0,"template":"","tags":[],"product-type":[134],"class_list":["post-3912","product","type-product","status-publish","has-post-thumbnail","hentry","product-type-nursery-transplanter"],"_links":{"self":[{"href":"https:\/\/taizyfarmequipment.com\/pt\/wp-json\/wp\/v2\/product\/3912","targetHints":{"allow":["GET"]}}],"collection":[{"href":"https:\/\/taizyfarmequipment.com\/pt\/wp-json\/wp\/v2\/product"}],"about":[{"href":"https:\/\/taizyfarmequipment.com\/pt\/wp-json\/wp\/v2\/types\/product"}],"author":[{"embeddable":true,"href":"https:\/\/taizyfarmequipment.com\/pt\/wp-json\/wp\/v2\/users\/1"}],"wp:featuredmedia":[{"embeddable":true,"href":"https:\/\/taizyfarmequipment.com\/pt\/wp-json\/wp\/v2\/media\/3915"}],"wp:attachment":[{"href":"https:\/\/taizyfarmequipment.com\/pt\/wp-json\/wp\/v2\/media?parent=3912"}],"wp:term":[{"taxonomy":"post_tag","embeddable":true,"href":"https:\/\/taizyfarmequipment.com\/pt\/wp-json\/wp\/v2\/tags?post=3912"},{"taxonomy":"product-type","embeddable":true,"href":"https:\/\/taizyfarmequipment.com\/pt\/wp-json\/wp\/v2\/product-type?post=3912"}],"curies":[{"name":"wp","href":"https:\/\/api.w.org\/{rel}","templated":true}]}}