{"id":3938,"date":"2022-12-19T17:18:33","date_gmt":"2022-12-19T09:18:33","guid":{"rendered":"https:\/\/taizyfarmequipment.com\/?post_type=product&#038;p=3938"},"modified":"2023-01-07T17:38:31","modified_gmt":"2023-01-07T09:38:31","slug":"ligador-de-cevada-para-arroz-e-trigo","status":"publish","type":"product","link":"https:\/\/taizyfarmequipment.com\/pt\/product\/reaper-binder-for-rice-and-wheat\/","title":{"rendered":"Pasta Ceifadora para arroz e trigo"},"content":{"rendered":"<div class=\"kk-star-ratings kksr-auto kksr-align-left kksr-valign-top\"     data-payload='{&quot;align&quot;:&quot;left&quot;,&quot;id&quot;:&quot;3938&quot;,&quot;slug&quot;:&quot;default&quot;,&quot;valign&quot;:&quot;top&quot;,&quot;ignore&quot;:&quot;&quot;,&quot;reference&quot;:&quot;auto&quot;,&quot;class&quot;:&quot;&quot;,&quot;count&quot;:&quot;30&quot;,&quot;legendonly&quot;:&quot;&quot;,&quot;readonly&quot;:&quot;&quot;,&quot;score&quot;:&quot;4.7&quot;,&quot;starsonly&quot;:&quot;&quot;,&quot;best&quot;:&quot;5&quot;,&quot;gap&quot;:&quot;5&quot;,&quot;greet&quot;:&quot;Rate this product&quot;,&quot;legend&quot;:&quot;4.7\\\/5 - (30 votes)&quot;,&quot;size&quot;:&quot;24&quot;,&quot;title&quot;:&quot;Reaper binder for rice and wheat&quot;,&quot;width&quot;:&quot;133.8&quot;,&quot;_legend&quot;:&quot;{score}\\\/{best} - ({count} {votes})&quot;,&quot;font_factor&quot;:&quot;1.25&quot;}'>              <div class=\"kksr-stars\">      <div class=\"kksr-stars-inactive\">             <div class=\"kksr-star\" data-star=\"1\" style=\"padding-right: 5px\">               <div class=\"kksr-icon\" style=\"width: 24px; height: 24px;\"><\/div>         <\/div>             <div class=\"kksr-star\" data-star=\"2\" style=\"padding-right: 5px\">               <div class=\"kksr-icon\" style=\"width: 24px; height: 24px;\"><\/div>         <\/div>             <div class=\"kksr-star\" data-star=\"3\" style=\"padding-right: 5px\">               <div class=\"kksr-icon\" style=\"width: 24px; height: 24px;\"><\/div>         <\/div>             <div class=\"kksr-star\" data-star=\"4\" style=\"padding-right: 5px\">               <div class=\"kksr-icon\" style=\"width: 24px; height: 24px;\"><\/div>         <\/div>             <div class=\"kksr-star\" data-star=\"5\" style=\"padding-right: 5px\">               <div class=\"kksr-icon\" style=\"width: 24px; height: 24px;\"><\/div>         <\/div>     <\/div>      <div class=\"kksr-stars-active\" style=\"width: 133.8px;\">             <div class=\"kksr-star\" style=\"padding-right: 5px\">               <div class=\"kksr-icon\" style=\"width: 24px; height: 24px;\"><\/div>         <\/div>             <div class=\"kksr-star\" style=\"padding-right: 5px\">               <div class=\"kksr-icon\" style=\"width: 24px; height: 24px;\"><\/div>         <\/div>             <div class=\"kksr-star\" style=\"padding-right: 5px\">               <div class=\"kksr-icon\" style=\"width: 24px; height: 24px;\"><\/div>         <\/div>             <div class=\"kksr-star\" style=\"padding-right: 5px\">               <div class=\"kksr-icon\" style=\"width: 24px; height: 24px;\"><\/div>         <\/div>             <div class=\"kksr-star\" style=\"padding-right: 5px\">               <div class=\"kksr-icon\" style=\"width: 24px; height: 24px;\"><\/div>         <\/div>     <\/div> <\/div>                   <div class=\"kksr-legend\" style=\"font-size: 19.2px;\">             4,7\/5 - (30 votos)    <\/div>     <\/div>  <p class=\"translation-block\">O atrelador-ceifador \u00e9 um pequeno ceifeiro especialmente utilizado para colher trigo, arroz e outras culturas. Por ser um ceifeiro pequeno, \u00e9 muito adequado para fam\u00edlias com pequenas parcelas. Para al\u00e9m deste ceifeiro, tamb\u00e9m temos um <a href=\"https:\/\/www.agriculture-machine.com\/reaper-binder\/\" target=\"_blank\" rel=\"noopener\">ligador de corte de arroz<\/a>. Os materiais colhidos podem ser colhidos e amarrotados.<\/p>    <h2 class=\"wp-block-heading\">O que \u00e9 m\u00e1quina de encaderna\u00e7\u00e3o ceifeira?<\/h2>    <p>Existem 3 modelos de ligantes Reaper produzidos pela Taizy. Diferentes modelos de m\u00e1quinas colheitadeiras de arroz t\u00eam diferentes larguras de colheita. Recomendamos a m\u00e1quina com largura de colheita adequada de acordo com a situa\u00e7\u00e3o espec\u00edfica do cliente. A m\u00e1quina de corte de arroz \u00e9 movida por um motor diesel. <\/p>    <p>Temos 3 tipos de cortadores. Um \u00e9 aquele com l\u00e2mina vertical para cortar grama emaranhada. Outro tipo \u00e9 aquele com estrutura de suporte na parte superior, adequado para hastes mais altas, como hastes de milho. O terceiro \u00e9 o modelo comum, sem faca vertical e suporte.<\/p>    <figure class=\"wp-block-gallery has-nested-images columns-default is-cropped wp-block-gallery-2 is-layout-flex wp-block-gallery-is-layout-flex\"> <figure class=\"wp-block-image size-large\"><img loading=\"lazy\" decoding=\"async\" width=\"720\" height=\"540\" data-id=\"4031\" src=\"https:\/\/taizyfarmequipment.com\/wp-content\/uploads\/2023\/01\/reaper-binder-machine-.webp\" alt=\"m\u00e1quina de encaderna\u00e7\u00e3o ceifeira\" class=\"wp-image-4031\" title=\"m\u00e1quina de encaderna\u00e7\u00e3o ceifeira\"\/><figcaption class=\"wp-element-caption\">m\u00e1quina de encaderna\u00e7\u00e3o ceifeira<\/figcaption><\/figure>    <figure class=\"wp-block-image size-large\"><img loading=\"lazy\" decoding=\"async\" width=\"720\" height=\"540\" data-id=\"4032\" src=\"https:\/\/taizyfarmequipment.com\/wp-content\/uploads\/2023\/01\/wheat-cutting-and-binding-machine.webp\" alt=\"m\u00e1quina de corte e liga\u00e7\u00e3o de trigo\" class=\"wp-image-4032\" title=\"m\u00e1quina de corte e liga\u00e7\u00e3o de trigo\"\/><figcaption class=\"wp-element-caption\">m\u00e1quina de corte e liga\u00e7\u00e3o de trigo<\/figcaption><\/figure>    <figure class=\"wp-block-image size-large\"><img loading=\"lazy\" decoding=\"async\" width=\"720\" height=\"540\" data-id=\"4033\" src=\"https:\/\/taizyfarmequipment.com\/wp-content\/uploads\/2023\/01\/Hand-reaper-machine-.webp\" alt=\"M\u00e1quina ceifadora manual\" class=\"wp-image-4033\" title=\"M\u00e1quina ceifadora manual\"\/><figcaption class=\"wp-element-caption\">M\u00e1quina ceifadora manual<\/figcaption><\/figure> <\/figure>    <h2 class=\"wp-block-heading\">Quais plantas a m\u00e1quina de cortar e encadernar arroz pode manipular?<\/h2>    <p class=\"translation-block\">As nossas m\u00e1quinas de corte e amarra\u00e7\u00e3o de arroz conseguem lidar com uma ampla gama de materiais. Estes materiais incluem arroz, trigo, soja, relva, milho-mi\u00fado, cereais, alfafa, etc. Para al\u00e9m do atrelador-ceifador \u00e0 venda, tamb\u00e9m produzimos <a href=\"https:\/\/taizyfarmequipment.com\/pt\/produto\/colheitadeira-de-milho-de-linha-unica\/\">ceifeiras de milho de fileira \u00fanica<\/a> especialmente para a colheita de milho. A ceifeira de milho colhe uma \u00fanica fila de milho de cada vez, e uma pessoa pode completar o trabalho.<\/p>    <figure class=\"wp-block-image size-full\"><img loading=\"lazy\" decoding=\"async\" width=\"720\" height=\"540\" src=\"https:\/\/taizyfarmequipment.com\/wp-content\/uploads\/2023\/01\/various-plants-.webp\" alt=\"v\u00e1rias plantas \" class=\"wp-image-4034\" title=\"v\u00e1rias plantas \"\/><figcaption class=\"wp-element-caption\">v\u00e1rias plantas<\/figcaption><\/figure>    <h2 class=\"wp-block-heading\">Par\u00e2metro da m\u00e1quina de Hand Reaper<\/h2>    <figure class=\"wp-block-table\"><table><tbody><tr><td>Largura da colheita<\/td><td>1000<\/td><\/tr><tr><td>Altura ap\u00f3s o corte<\/td><td>\u226550<\/td><\/tr><tr><td>Capacidade<\/td><td>0,41-0,66 acres\/h<\/td><\/tr><tr><td>\u00c2ngulo de coloca\u00e7\u00e3o (graus)<\/td><td>90\u00b120<\/td><\/tr><tr><td>Forma de coloca\u00e7\u00e3o<\/td><td>lateralmente<\/td><\/tr><tr><td>Poder de apoio<\/td><td>(3,64KW) 170F\/motor diesel de tr\u00eas an\u00e9is 4,5 cavalos<\/td><\/tr><tr><td>Peso l\u00edquido (kg)<\/td><td>210<\/td><\/tr><tr><td>Peso bruto (KG)<\/td><td>250<\/td><\/tr><tr><td>Tamanho do pacote (comprimento*largura*altura) m<\/td><td>1.3*1.07*0.65<\/td><\/tr><\/tbody><\/table><figcaption class=\"wp-element-caption\">Par\u00e2metro da m\u00e1quina de Hand Reaper<\/figcaption><\/figure>    <h2 class=\"wp-block-heading\">Vantagens favor\u00e1veis \u200b\u200bda ceifeira manual<\/h2>    <ol class=\"wp-block-list\"> <li>Ampla gama de aplica\u00e7\u00f5es. Pode lidar com as culturas mais comuns.<\/li>    <li>F\u00e1cil de usar. O desempenho da opera\u00e7\u00e3o \u00e9 forte. E todo o trabalho pode ser conclu\u00eddo com apenas uma opera\u00e7\u00e3o manual.<\/li>    <li>A estrutura da colheitadeira manual \u00e9 compacta, o volume \u00e9 pequeno e a \u00e1rea ocupada pela enfardadeira \u00e9 o equipamento mais conveniente para o agricultor fazer a colheita.<\/li>    <li>A m\u00e1quina \u00e9 adequada para uso em montanhas, colinas e campos pequenos.<\/li>    <li>Os pneus correspondentes durante a opera\u00e7\u00e3o s\u00e3o pneus alargados de grande di\u00e2metro, que t\u00eam forte capacidade de passagem e s\u00e3o especialmente adequados para opera\u00e7\u00f5es em solo molhado e podre.<\/li>    <li>Embreagem de dire\u00e7\u00e3o manual, dire\u00e7\u00e3o f\u00e1cil e flex\u00edvel, pequeno raio de giro, sem desvio em terreno molhado ou ruim.<\/li> <\/ol>    <figure class=\"wp-block-image size-full\"><img loading=\"lazy\" decoding=\"async\" width=\"720\" height=\"540\" src=\"https:\/\/taizyfarmequipment.com\/wp-content\/uploads\/2023\/01\/manual-paddy-reaper-.webp\" alt=\"ceifeira de arroz manual\" class=\"wp-image-4035\" title=\"ceifeira de arroz manual\"\/><figcaption class=\"wp-element-caption\">ceifeira de arroz manual<\/figcaption><\/figure>    <h2 class=\"wp-block-heading\">Como funciona a m\u00e1quina de corte de arroz?<\/h2>    <p>\u00c0 medida que a ceifeira avan\u00e7a, o divisor de culturas separa a colheita. As facas ent\u00e3o cortam a colheita. Em seguida, a correia transportadora envia a colheita verticalmente para a esquerda. Finalmente, sob a a\u00e7\u00e3o da roda estrelada e da mola de fraca press\u00e3o, as colheitas s\u00e3o colocadas em tiras e colocadas no ch\u00e3o de maneira organizada.<\/p>    <h2 class=\"wp-block-heading\">V\u00eddeo de trabalho da m\u00e1quina de corte de trigo<\/h2>    <figure class=\"wp-block-embed is-type-video is-provider-youtube wp-block-embed-youtube wp-embed-aspect-4-3 wp-has-aspect-ratio\"><div class=\"wp-block-embed__wrapper\"> <iframe loading=\"lazy\" title=\"v\u00eddeo muito excelente!!! como instalar a ceifeira de trigo e arroz e a m\u00e1quina de encaderna\u00e7\u00e3o?\" width=\"500\" height=\"375\" src=\"https:\/\/www.youtube.com\/embed\/qVnE7wE-lAI?feature=oembed\" frameborder=\"0\" allow=\"accelerometer; autoplay; clipboard-write; encrypted-media; gyroscope; picture-in-picture; web-share\" referrerpolicy=\"strict-origin-when-cross-origin\" allowfullscreen><\/iframe> <\/div><\/figure>    <h2 class=\"wp-block-heading\">Colheitadeira de arroz Taizy - melhor escolha<\/h2>    <ol class=\"wp-block-list\"> <li>Somos um fabricante profissional de m\u00e1quinas agr\u00edcolas. Tem o compromisso de fabricar produtos de m\u00e1quinas agr\u00edcolas dur\u00e1veis \u200b\u200be de alta qualidade. Portanto, cada uma das nossas m\u00e1quinas agr\u00edcolas \u00e9 de alta qualidade e baixo pre\u00e7o. Os clientes podem comprar com confian\u00e7a.<\/li>    <li>Exportamos m\u00e1quinas h\u00e1 muitos anos. Portanto, os clientes estrangeiros podem ser ajudados a lidar com muitos problemas encontrados no processo de compra.<\/li>    <li>Servi\u00e7o abrangente. Nossa equipe de vendas possui conhecimento profissional em m\u00e1quinas. Pode ajudar os clientes a responder a v\u00e1rias perguntas sobre a m\u00e1quina.<\/li>    <li>Servi\u00e7o p\u00f3s-venda de um ano. Apoiamos o servi\u00e7o p\u00f3s-venda de um ano para todas as m\u00e1quinas.<\/li> <\/ol>    <figure class=\"wp-block-image size-full\"><img loading=\"lazy\" decoding=\"async\" width=\"720\" height=\"540\" src=\"https:\/\/taizyfarmequipment.com\/wp-content\/uploads\/2023\/01\/rice-reaper-harvester-.webp\" alt=\"colheitadeira de arroz\" class=\"wp-image-4036\" title=\"colheitadeira de arroz\"\/><figcaption class=\"wp-element-caption\">colheitadeira de arroz<\/figcaption><\/figure>","protected":false},"excerpt":{"rendered":"<p>O ceifador \u00e9 uma pequena colheitadeira especialmente usada para colher trigo, arroz e outras culturas. Por ser uma colhedora pequena, \u00e9 muito indicada para fam\u00edlias com campos pequenos.<\/p>","protected":false},"author":1,"featured_media":4029,"parent":0,"template":"","tags":[301],"product-type":[128],"class_list":["post-3938","product","type-product","status-publish","has-post-thumbnail","hentry","tag-reaper-binder","product-type-harvester"],"_links":{"self":[{"href":"https:\/\/taizyfarmequipment.com\/pt\/wp-json\/wp\/v2\/product\/3938","targetHints":{"allow":["GET"]}}],"collection":[{"href":"https:\/\/taizyfarmequipment.com\/pt\/wp-json\/wp\/v2\/product"}],"about":[{"href":"https:\/\/taizyfarmequipment.com\/pt\/wp-json\/wp\/v2\/types\/product"}],"author":[{"embeddable":true,"href":"https:\/\/taizyfarmequipment.com\/pt\/wp-json\/wp\/v2\/users\/1"}],"wp:featuredmedia":[{"embeddable":true,"href":"https:\/\/taizyfarmequipment.com\/pt\/wp-json\/wp\/v2\/media\/4029"}],"wp:attachment":[{"href":"https:\/\/taizyfarmequipment.com\/pt\/wp-json\/wp\/v2\/media?parent=3938"}],"wp:term":[{"taxonomy":"post_tag","embeddable":true,"href":"https:\/\/taizyfarmequipment.com\/pt\/wp-json\/wp\/v2\/tags?post=3938"},{"taxonomy":"product-type","embeddable":true,"href":"https:\/\/taizyfarmequipment.com\/pt\/wp-json\/wp\/v2\/product-type?post=3938"}],"curies":[{"name":"wp","href":"https:\/\/api.w.org\/{rel}","templated":true}]}}