{"id":3944,"date":"2022-12-21T17:06:49","date_gmt":"2022-12-21T09:06:49","guid":{"rendered":"https:\/\/taizyfarmequipment.com\/?post_type=product&#038;p=3944"},"modified":"2025-11-26T15:59:48","modified_gmt":"2025-11-26T07:59:48","slug":"maquina-automatica-de-semeadura-de-arroz","status":"publish","type":"product","link":"https:\/\/taizyfarmequipment.com\/pt\/product\/automatic-paddy-seed-sowing-machine\/","title":{"rendered":"M\u00e1quina autom\u00e1tica de semeadura de arroz em casca"},"content":{"rendered":"<div class=\"kk-star-ratings kksr-auto kksr-align-left kksr-valign-top\"     data-payload='{&quot;align&quot;:&quot;left&quot;,&quot;id&quot;:&quot;3944&quot;,&quot;slug&quot;:&quot;default&quot;,&quot;valign&quot;:&quot;top&quot;,&quot;ignore&quot;:&quot;&quot;,&quot;reference&quot;:&quot;auto&quot;,&quot;class&quot;:&quot;&quot;,&quot;count&quot;:&quot;25&quot;,&quot;legendonly&quot;:&quot;&quot;,&quot;readonly&quot;:&quot;&quot;,&quot;score&quot;:&quot;4.7&quot;,&quot;starsonly&quot;:&quot;&quot;,&quot;best&quot;:&quot;5&quot;,&quot;gap&quot;:&quot;5&quot;,&quot;greet&quot;:&quot;Rate this product&quot;,&quot;legend&quot;:&quot;4.7\\\/5 - (25 votes)&quot;,&quot;size&quot;:&quot;24&quot;,&quot;title&quot;:&quot;Automatic rice paddy seed sowing machine&quot;,&quot;width&quot;:&quot;133.8&quot;,&quot;_legend&quot;:&quot;{score}\\\/{best} - ({count} {votes})&quot;,&quot;font_factor&quot;:&quot;1.25&quot;}'>              <div class=\"kksr-stars\">      <div class=\"kksr-stars-inactive\">             <div class=\"kksr-star\" data-star=\"1\" style=\"padding-right: 5px\">               <div class=\"kksr-icon\" style=\"width: 24px; height: 24px;\"><\/div>         <\/div>             <div class=\"kksr-star\" data-star=\"2\" style=\"padding-right: 5px\">               <div class=\"kksr-icon\" style=\"width: 24px; height: 24px;\"><\/div>         <\/div>             <div class=\"kksr-star\" data-star=\"3\" style=\"padding-right: 5px\">               <div class=\"kksr-icon\" style=\"width: 24px; height: 24px;\"><\/div>         <\/div>             <div class=\"kksr-star\" data-star=\"4\" style=\"padding-right: 5px\">               <div class=\"kksr-icon\" style=\"width: 24px; height: 24px;\"><\/div>         <\/div>             <div class=\"kksr-star\" data-star=\"5\" style=\"padding-right: 5px\">               <div class=\"kksr-icon\" style=\"width: 24px; height: 24px;\"><\/div>         <\/div>     <\/div>      <div class=\"kksr-stars-active\" style=\"width: 133.8px;\">             <div class=\"kksr-star\" style=\"padding-right: 5px\">               <div class=\"kksr-icon\" style=\"width: 24px; height: 24px;\"><\/div>         <\/div>             <div class=\"kksr-star\" style=\"padding-right: 5px\">               <div class=\"kksr-icon\" style=\"width: 24px; height: 24px;\"><\/div>         <\/div>             <div class=\"kksr-star\" style=\"padding-right: 5px\">               <div class=\"kksr-icon\" style=\"width: 24px; height: 24px;\"><\/div>         <\/div>             <div class=\"kksr-star\" style=\"padding-right: 5px\">               <div class=\"kksr-icon\" style=\"width: 24px; height: 24px;\"><\/div>         <\/div>             <div class=\"kksr-star\" style=\"padding-right: 5px\">               <div class=\"kksr-icon\" style=\"width: 24px; height: 24px;\"><\/div>         <\/div>     <\/div> <\/div>                   <div class=\"kksr-legend\" style=\"font-size: 19.2px;\">             4,7\/5 - (25 votos)    <\/div>     <\/div>  <p class=\"translation-block\">A m\u00e1quina de semear sementes de arrozal pode melhorar a efici\u00eancia do cultivo de mudas de arroz. Com uma capacidade de <strong>969-1017 tabuleiros por hora<\/strong>, garante uma sementeira r\u00e1pida e uniforme, reduzindo significativamente o trabalho manual. <\/p>    <p>Esta m\u00e1quina autom\u00e1tica de semear sementes de arrozal apresenta dosagem automatizada de sementes e enchimento de tabuleiros, proporcionando resultados consistentes que melhoram a qualidade e o crescimento das mudas. <\/p>    <figure class=\"wp-block-embed is-type-video is-provider-youtube wp-block-embed-youtube wp-embed-aspect-9-16 wp-has-aspect-ratio\"><div class=\"wp-block-embed__wrapper\"> <iframe loading=\"lazy\" title=\"M\u00e1quina autom\u00e1tica de semear sementes de arrozal para agricultura de alta efici\u00eancia #arroz #arrozal #semear #agricultura\" width=\"422\" height=\"750\" src=\"https:\/\/www.youtube.com\/embed\/XhMncCF22Iw?feature=oembed\" frameborder=\"0\" allow=\"accelerometer; autoplay; clipboard-write; encrypted-media; gyroscope; picture-in-picture; web-share\" referrerpolicy=\"strict-origin-when-cross-origin\" allowfullscreen><\/iframe> <\/div><figcaption class=\"wp-element-caption\">V\u00eddeo de funcionamento da m\u00e1quina autom\u00e1tica de semear sementes de arrozal<\/figcaption><\/figure>    <h2 class=\"wp-block-heading\">M\u00e1quina de semear sementes de arrozal \u00e0 venda<\/h2>    <div class=\"wp-block-media-text is-stacked-on-mobile\"><figure class=\"wp-block-media-text__media\"><img loading=\"lazy\" decoding=\"async\" width=\"720\" height=\"540\" src=\"https:\/\/taizyfarmequipment.com\/wp-content\/uploads\/2023\/01\/paddy-seed-sowing-machine-2.webp\" alt=\"m\u00e1quina de semear sementes de arroz\" class=\"wp-image-4022 size-full\"\/><\/figure><div class=\"wp-block-media-text__content\"> <p>A m\u00e1quina autom\u00e1tica de semeadura em tabuleiro para arroz de Taizy integra alimenta\u00e7\u00e3o de tabuleiros, carregamento de solo, sementeira, rega e empilhamento de tabuleiros num s\u00f3 equipamento. <\/p>    <p>Economiza m\u00e3o de obra e tempo, garante semeadura precisa, melhora a taxa de sobreviv\u00eancia das mudas e reduz o desperd\u00edcio de sementes.<\/p> <\/div><\/div>    <h2 class=\"wp-block-heading\">Estrutura da m\u00e1quina de mudas de arroz<\/h2>    <div class=\"wp-block-media-text has-media-on-the-right is-stacked-on-mobile\"><div class=\"wp-block-media-text__content\"> <p>A m\u00e1quina cont\u00e9m principalmente uma correia transportadora, caixa de mulch, parte de pulveriza\u00e7\u00e3o de \u00e1gua, dispositivo de semeadura, parte de empilhamento de tabuleiros, parte de carregamento de solo, etc.<\/p> <\/div><figure class=\"wp-block-media-text__media\"><img loading=\"lazy\" decoding=\"async\" width=\"720\" height=\"540\" src=\"https:\/\/taizyfarmequipment.com\/wp-content\/uploads\/2023\/01\/rice-seedling-machine-.webp\" alt=\"m\u00e1quina de mudas de arroz\" class=\"wp-image-4023 size-full\"\/><\/figure><\/div>    <h2 class=\"wp-block-heading\">Como funciona a m\u00e1quina de sementeira de arrozal?<\/h2>    <div class=\"wp-block-media-text is-stacked-on-mobile\"><figure class=\"wp-block-media-text__media\"><img loading=\"lazy\" decoding=\"async\" width=\"720\" height=\"540\" src=\"https:\/\/taizyfarmequipment.com\/wp-content\/uploads\/2023\/01\/automatic-paddy-rice-seeding-machine-.webp\" alt=\"m\u00e1quina de semeadura de arroz em casca para empresas\" class=\"wp-image-4020 size-full\"\/><\/figure><div class=\"wp-block-media-text__content\"> <ul class=\"wp-block-list\"> <li>Coloque um tabuleiro de mudas no dispositivo autom\u00e1tico de fornecimento de tabuleiros e ligue a m\u00e1quina.<\/li>    <li>A correia transportadora move o tabuleiro para a primeira caixa de solo para uma cobertura uniforme de terra.<\/li>    <li>Escovas removem qualquer excesso de solo do tabuleiro.<\/li>    <li>A varredora de \u00e1gua pulveriza \u00e1gua sobre o tabuleiro.<\/li>    <li>O tabuleiro passa pela se\u00e7\u00e3o de semeadura, onde as sementes s\u00e3o semeadas com precis\u00e3o.<\/li>    <li>A bandeja \u00e9 novamente coberta ap\u00f3s a semeadura para apoiar <a href=\"https:\/\/en.wikipedia.org\/wiki\/Seedling\" data-type=\"link\" data-id=\"https:\/\/en.wikipedia.org\/wiki\/Seedling\" target=\"_blank\" rel=\"noopener\">muda<\/a> crescimento.<\/li>    <li>A m\u00e1quina empilha automaticamente os tabuleiros de mudas, prontos para serem recolhidos pelos trabalhadores.<\/li> <\/ul> <\/div><\/div>    <h2 class=\"wp-block-heading\">Vantagens da m\u00e1quina de mudas de viveiro de arroz<\/h2>    <ol class=\"wp-block-list\"> <li><strong>Alta efici\u00eancia de semeadura<\/strong>. Combina cobertura, semeadura, rega e empilhamento autom\u00e1tico de bandejas numa \u00fanica m\u00e1quina para completar todas as tarefas de semeadura rapidamente.<\/li>    <li><strong>Semea\u00e7\u00e3o precisa<\/strong>. Economiza sementes de arroz e garante que as mudas cres\u00e7am bem com uma alta taxa de sobreviv\u00eancia.<\/li>    <li><strong>Alta automa\u00e7\u00e3o<\/strong>. Alimenta automaticamente bandejas, empilha bandejas e inclui uma esteira de alimenta\u00e7\u00e3o autom\u00e1tica de solo, reduzindo os requisitos de m\u00e3o-de-obra.<\/li>    <li><strong>Opera\u00e7\u00e3o f\u00e1cil<\/strong>. Estrutura simples permite que uma pessoa complete todo o processo de semeadura do arroz de forma eficiente.<\/li> <\/ol>    <figure class=\"wp-block-gallery has-nested-images columns-default is-cropped wp-block-gallery-2 is-layout-flex wp-block-gallery-is-layout-flex\"> <figure class=\"wp-block-image size-large\"><img loading=\"lazy\" decoding=\"async\" width=\"720\" height=\"540\" data-id=\"4025\" src=\"https:\/\/taizyfarmequipment.com\/wp-content\/uploads\/2023\/01\/factory-.webp\" alt=\"M\u00e1quina de mudas de viveiro de arroz em estoque\" class=\"wp-image-4025\" title=\"Nossa f\u00e1brica \"\/><figcaption class=\"wp-element-caption\">M\u00e1quina de mudas de viveiro de arroz em estoque<\/figcaption><\/figure>    <figure class=\"wp-block-image size-large\"><img loading=\"lazy\" decoding=\"async\" width=\"720\" height=\"540\" data-id=\"4027\" src=\"https:\/\/taizyfarmequipment.com\/wp-content\/uploads\/2023\/01\/part-of-our-factory-.webp\" alt=\"m\u00e1quina de mudas de viveiro de arroz exportada\" class=\"wp-image-4027\" title=\"parte de nossa f\u00e1brica \"\/><figcaption class=\"wp-element-caption\">m\u00e1quina de mudas de viveiro de arroz exportada<\/figcaption><\/figure> <\/figure>    <h2 class=\"wp-block-heading\">Par\u00e2metros da m\u00e1quina de plantio de sementes de arroz<\/h2>    <figure class=\"wp-block-table\"><table><tbody><tr><td>Modelo<strong><\/strong><\/td><td>TZY-280A<strong><\/strong><\/td><\/tr><tr><td>Tamanho<\/td><td>6830*460*1020mm<strong><\/strong><\/td><\/tr><tr><td>Peso<\/td><td>190kg<strong><\/strong><\/td><\/tr><tr><td>Poder<\/td><td>240 W para entrega 120 W para semeadura<strong><\/strong><\/td><\/tr><tr><td>Funil auxiliar de solo para sementeira<\/td><td>45L<strong><\/strong><\/td><\/tr><tr><td>Funil de sementes<\/td><td>30L<strong><\/strong><\/td><\/tr><tr><td>Funil auxiliar de solo para sementeira<\/td><td>45L<\/td><\/tr><tr><td>Quantidade de semeadura (g\/tabuleiro)<\/td><td>95~304,5<strong><\/strong><\/td><\/tr><tr><td>Capacidade<\/td><td>969-1017 bandeja\/hora<\/td><\/tr><tr><td>Espessura do subsolo<\/td><td>18-25mm<\/td><\/tr><tr><td>A espessura da superf\u00edcie do solo<\/td><td>3-9 mm<\/td><\/tr><\/tbody><\/table><figcaption class=\"wp-element-caption\">Par\u00e2metros da m\u00e1quina de plantio de sementes de arroz<\/figcaption><\/figure>    <h2 class=\"wp-block-heading\">Quais s\u00e3o as m\u00e1quinas que podem trabalhar com a m\u00e1quina de mudas de arroz?<\/h2>    <div class=\"wp-block-media-text has-media-on-the-right is-stacked-on-mobile\"><div class=\"wp-block-media-text__content\"> <p class=\"translation-block\">A m\u00e1quina de mudas de arroz pode ser usada em combina\u00e7\u00e3o com um <a href=\"https:\/\/taizyfarmequipment.com\/pt\/produto\/transplantador-de-arroz-para-mudas-de-arroz\/\" data-type=\"link\" data-id=\"https:\/\/taizyfarmequipment.com\/product\/rice-transplanter-for-rice-seedings\/\">transplantador de arroz<\/a> para melhorar muito a efici\u00eancia. <\/p>    <p>Primeiro, a m\u00e1quina de mudas \u00e9 usada para semear as sementes e, uma vez que as mudas cres\u00e7am at\u00e9 \u00e0 maturidade, o transplantador de arroz \u00e9 ent\u00e3o utilizado para plant\u00e1-las no campo.<\/p> <\/div><figure class=\"wp-block-media-text__media\"><img loading=\"lazy\" decoding=\"async\" width=\"720\" height=\"540\" src=\"https:\/\/taizyfarmequipment.com\/wp-content\/uploads\/2022\/12\/rice-transplanter.webp\" alt=\"transplantador de arroz\" class=\"wp-image-4974 size-full\" srcset=\"https:\/\/taizyfarmequipment.com\/wp-content\/uploads\/2022\/12\/rice-transplanter.webp 720w, https:\/\/taizyfarmequipment.com\/wp-content\/uploads\/2022\/12\/rice-transplanter-300x225.webp 300w, https:\/\/taizyfarmequipment.com\/wp-content\/uploads\/2022\/12\/rice-transplanter-16x12.webp 16w\" sizes=\"auto, (max-width: 720px) 100vw, 720px\" \/><\/figure><\/div>    <h2 class=\"wp-block-heading\">M\u00e1quina de viveiro de arroz vendida ao Azerbaij\u00e3o<\/h2>    <p>Um cliente do Azerbaij\u00e3o comprou-nos uma m\u00e1quina de semear sementes de arroz. O cliente comprou para seu amigo. Durante a comunica\u00e7\u00e3o com o cliente sobre a m\u00e1quina, enviamos fotos, v\u00eddeos e par\u00e2metros da m\u00e1quina ao cliente. <\/p>    <p>Tamb\u00e9m apresentamos ao cliente dois modelos de nossa m\u00e1quina de mudas de arroz. Um \u00e9 um modelo padr\u00e3o e o outro \u00e9 totalmente autom\u00e1tico. Ent\u00e3o o cliente decidiu comprar a m\u00e1quina de mudas de arroz totalmente autom\u00e1tica ap\u00f3s discutir o assunto com seus amigos.<\/p>    <figure class=\"wp-block-image size-large\"><img loading=\"lazy\" decoding=\"async\" width=\"720\" height=\"540\" src=\"https:\/\/taizyfarmequipment.com\/wp-content\/uploads\/2023\/01\/paddy-seed-sowing-machine-.jpg\" alt=\"transporte de m\u00e1quina semeadora de sementes de arroz\" class=\"wp-image-4028\" title=\"m\u00e1quina de semear sementes de arroz\"\/><figcaption class=\"wp-element-caption\">transporte de m\u00e1quina semeadora de sementes de arroz<\/figcaption><\/figure>    <h2 class=\"wp-block-heading\">Por que escolher comprar a m\u00e1quina autom\u00e1tica de semear sementes de arrozal connosco?<\/h2>    <p>Priorizamos a qualidade e durabilidade do produto, garantindo que a M\u00e1quina Semeadora de Arroz em Casca mantenha um desempenho alto e est\u00e1vel durante longos per\u00edodos de uso. Al\u00e9m disso, nossa equipe de atendimento ao cliente est\u00e1 prontamente dispon\u00edvel para fornecer suporte e esclarecer quaisquer d\u00favidas relacionadas ao uso e manuten\u00e7\u00e3o da m\u00e1quina.<\/p>    <p>Se voc\u00ea pretende melhorar a efici\u00eancia do plantio de arroz, reduzir os custos de m\u00e3o de obra e melhorar o futuro da produ\u00e7\u00e3o agr\u00edcola, nossa M\u00e1quina Semeadora de Arroz em Casca \u00e9 a escolha ideal. <\/p>    <h2 class=\"wp-block-heading\">Conclus\u00e3o<\/h2>    <p>Sinta-se \u00e0 vontade para nos contatar a qualquer momento; esperamos fornecer informa\u00e7\u00f5es mais detalhadas e personalizar uma solu\u00e7\u00e3o que melhor atenda \u00e0s suas necessidades agr\u00edcolas. Ao escolher a nossa m\u00e1quina, voc\u00ea est\u00e1 dando um passo em dire\u00e7\u00e3o a uma produ\u00e7\u00e3o agr\u00edcola mais eficiente, sustent\u00e1vel e bem-sucedida.<\/p>","protected":false},"excerpt":{"rendered":"<p>A m\u00e1quina de semear sementes de arrozal pode melhorar a efici\u00eancia do cultivo de mudas de arroz. <\/p>","protected":false},"author":1,"featured_media":4019,"parent":0,"template":"","tags":[343],"product-type":[134],"class_list":["post-3944","product","type-product","status-publish","has-post-thumbnail","hentry","tag-automatic-rice-paddy-seed-sowing-machine","product-type-nursery-transplanter"],"_links":{"self":[{"href":"https:\/\/taizyfarmequipment.com\/pt\/wp-json\/wp\/v2\/product\/3944","targetHints":{"allow":["GET"]}}],"collection":[{"href":"https:\/\/taizyfarmequipment.com\/pt\/wp-json\/wp\/v2\/product"}],"about":[{"href":"https:\/\/taizyfarmequipment.com\/pt\/wp-json\/wp\/v2\/types\/product"}],"author":[{"embeddable":true,"href":"https:\/\/taizyfarmequipment.com\/pt\/wp-json\/wp\/v2\/users\/1"}],"wp:featuredmedia":[{"embeddable":true,"href":"https:\/\/taizyfarmequipment.com\/pt\/wp-json\/wp\/v2\/media\/4019"}],"wp:attachment":[{"href":"https:\/\/taizyfarmequipment.com\/pt\/wp-json\/wp\/v2\/media?parent=3944"}],"wp:term":[{"taxonomy":"post_tag","embeddable":true,"href":"https:\/\/taizyfarmequipment.com\/pt\/wp-json\/wp\/v2\/tags?post=3944"},{"taxonomy":"product-type","embeddable":true,"href":"https:\/\/taizyfarmequipment.com\/pt\/wp-json\/wp\/v2\/product-type?post=3944"}],"curies":[{"name":"wp","href":"https:\/\/api.w.org\/{rel}","templated":true}]}}