{"id":3965,"date":"2023-01-04T11:05:05","date_gmt":"2023-01-04T03:05:05","guid":{"rendered":"https:\/\/taizyfarmequipment.com\/?post_type=product&#038;p=3965"},"modified":"2024-09-09T17:48:51","modified_gmt":"2024-09-09T09:48:51","slug":"arado-de-disco-para-venda","status":"publish","type":"product","link":"https:\/\/taizyfarmequipment.com\/pt\/product\/disc-plow-for-sale\/","title":{"rendered":"Vendo arado de disco trator de 4 rodas"},"content":{"rendered":"<div class=\"kk-star-ratings kksr-auto kksr-align-left kksr-valign-top\"     data-payload='{&quot;align&quot;:&quot;left&quot;,&quot;id&quot;:&quot;3965&quot;,&quot;slug&quot;:&quot;default&quot;,&quot;valign&quot;:&quot;top&quot;,&quot;ignore&quot;:&quot;&quot;,&quot;reference&quot;:&quot;auto&quot;,&quot;class&quot;:&quot;&quot;,&quot;count&quot;:&quot;26&quot;,&quot;legendonly&quot;:&quot;&quot;,&quot;readonly&quot;:&quot;&quot;,&quot;score&quot;:&quot;4.7&quot;,&quot;starsonly&quot;:&quot;&quot;,&quot;best&quot;:&quot;5&quot;,&quot;gap&quot;:&quot;5&quot;,&quot;greet&quot;:&quot;Rate this product&quot;,&quot;legend&quot;:&quot;4.7\\\/5 - (26 votes)&quot;,&quot;size&quot;:&quot;24&quot;,&quot;title&quot;:&quot;Tractor 4-wheeler disc plow for sale&quot;,&quot;width&quot;:&quot;133.8&quot;,&quot;_legend&quot;:&quot;{score}\\\/{best} - ({count} {votes})&quot;,&quot;font_factor&quot;:&quot;1.25&quot;}'>              <div class=\"kksr-stars\">      <div class=\"kksr-stars-inactive\">             <div class=\"kksr-star\" data-star=\"1\" style=\"padding-right: 5px\">               <div class=\"kksr-icon\" style=\"width: 24px; height: 24px;\"><\/div>         <\/div>             <div class=\"kksr-star\" data-star=\"2\" style=\"padding-right: 5px\">               <div class=\"kksr-icon\" style=\"width: 24px; height: 24px;\"><\/div>         <\/div>             <div class=\"kksr-star\" data-star=\"3\" style=\"padding-right: 5px\">               <div class=\"kksr-icon\" style=\"width: 24px; height: 24px;\"><\/div>         <\/div>             <div class=\"kksr-star\" data-star=\"4\" style=\"padding-right: 5px\">               <div class=\"kksr-icon\" style=\"width: 24px; height: 24px;\"><\/div>         <\/div>             <div class=\"kksr-star\" data-star=\"5\" style=\"padding-right: 5px\">               <div class=\"kksr-icon\" style=\"width: 24px; height: 24px;\"><\/div>         <\/div>     <\/div>      <div class=\"kksr-stars-active\" style=\"width: 133.8px;\">             <div class=\"kksr-star\" style=\"padding-right: 5px\">               <div class=\"kksr-icon\" style=\"width: 24px; height: 24px;\"><\/div>         <\/div>             <div class=\"kksr-star\" style=\"padding-right: 5px\">               <div class=\"kksr-icon\" style=\"width: 24px; height: 24px;\"><\/div>         <\/div>             <div class=\"kksr-star\" style=\"padding-right: 5px\">               <div class=\"kksr-icon\" style=\"width: 24px; height: 24px;\"><\/div>         <\/div>             <div class=\"kksr-star\" style=\"padding-right: 5px\">               <div class=\"kksr-icon\" style=\"width: 24px; height: 24px;\"><\/div>         <\/div>             <div class=\"kksr-star\" style=\"padding-right: 5px\">               <div class=\"kksr-icon\" style=\"width: 24px; height: 24px;\"><\/div>         <\/div>     <\/div> <\/div>                   <div class=\"kksr-legend\" style=\"font-size: 19.2px;\">             4,7\/5 - (26 votos)    <\/div>     <\/div>  <p>O arado de disco \u00e0 venda pode soltar o solo com efici\u00eancia ap\u00f3s a colheita. Movido por tratores de 18 a 160 cv, esse equipamento permite ao agricultor revolv\u00ea-lo com facilidade, reduzindo significativamente o trabalho manual. <\/p>    <p>Ao minimizar a compacta\u00e7\u00e3o do solo e melhorar a aera\u00e7\u00e3o e a penetra\u00e7\u00e3o da \u00e1gua, o arado de disco cria condi\u00e7\u00f5es ideais para o crescimento saud\u00e1vel das culturas.<\/p>    <figure class=\"wp-block-embed is-type-video is-provider-youtube wp-block-embed-youtube wp-embed-aspect-16-9 wp-has-aspect-ratio\"><div class=\"wp-block-embed__wrapper\"> <iframe loading=\"lazy\" title=\"Por que este arado de disco \u00e9 essencial para todos os agricultores #agricultura #agricultura #aragem\" width=\"500\" height=\"281\" src=\"https:\/\/www.youtube.com\/embed\/oKwRLv9Ahp8?feature=oembed\" frameborder=\"0\" allow=\"accelerometer; autoplay; clipboard-write; encrypted-media; gyroscope; picture-in-picture; web-share\" referrerpolicy=\"strict-origin-when-cross-origin\" allowfullscreen><\/iframe> <\/div><figcaption class=\"wp-element-caption\">v\u00eddeo de trabalho do arado de disco<\/figcaption><\/figure>    <h2 class=\"wp-block-heading\">Arado de disco \u00e0 venda<\/h2>    <p>O arado de disco \u00e0 venda depende principalmente de seu disco c\u00f4ncavo para um afrouxamento eficiente do solo. A Taizy oferece diversos modelos para atender \u00e0s diferentes necessidades agr\u00edcolas, com op\u00e7\u00f5es que v\u00e3o desde dois discos no modelo menor at\u00e9 seis discos no maior. <\/p>    <p>Al\u00e9m de v\u00e1rios tamanhos, a Taizy tamb\u00e9m oferece tr\u00eas estilos distintos de arados de disco: arados triangulares, de tubo redondo e arados para peixes pequenos, oferecendo aos clientes uma ampla gama de op\u00e7\u00f5es para atender \u00e0s suas necessidades espec\u00edficas.<\/p>    <p class=\"translation-block\">Ao usar o arado de discos, este liga-se a um tractor atrav\u00e9s de um sistema de suspens\u00e3o de tr\u00eas pontos. Para clientes que j\u00e1 possuem tractores, determinamos o tamanho apropriado do arado com base na pot\u00eancia do <a href=\"https:\/\/en.wikipedia.org\/wiki\/Tractor\" data-type=\"link\" data-id=\"https:\/\/en.wikipedia.org\/wiki\/Tractor\" target=\"_blank\" rel=\"noopener\">tractor<\/a>.<\/p>    <figure class=\"wp-block-image size-full\"><img loading=\"lazy\" decoding=\"async\" width=\"720\" height=\"540\" src=\"https:\/\/taizyfarmequipment.com\/wp-content\/uploads\/2023\/01\/disc-plow-for-sale-in-stock.webp\" alt=\"arado de disco para venda em estoque\" class=\"wp-image-4668\" srcset=\"https:\/\/taizyfarmequipment.com\/wp-content\/uploads\/2023\/01\/disc-plow-for-sale-in-stock.webp 720w, https:\/\/taizyfarmequipment.com\/wp-content\/uploads\/2023\/01\/disc-plow-for-sale-in-stock-300x225.webp 300w, https:\/\/taizyfarmequipment.com\/wp-content\/uploads\/2023\/01\/disc-plow-for-sale-in-stock-16x12.webp 16w\" sizes=\"auto, (max-width: 720px) 100vw, 720px\" \/><figcaption class=\"wp-element-caption\">arado de disco para venda em estoque<\/figcaption><\/figure>    <h3 class=\"wp-block-heading\"><strong>Principais recursos<\/strong><\/h3>    <ul class=\"wp-block-list\"> <li><strong>Modelos de disco.<\/strong> Dispon\u00edvel com 2 a 6 discos.<\/li>    <li><strong>Estilos<\/strong>. Arados triangulares, de tubo redondo e pequenos peixes.<\/li>    <li><strong>Compatibilidade com trator.<\/strong> Fixa-se ao trator atrav\u00e9s de um sistema de suspens\u00e3o de tr\u00eas pontos.<\/li>    <li><strong>Personaliza\u00e7\u00e3o<\/strong>. O tamanho do arado \u00e9 adaptado \u00e0 pot\u00eancia do trator do cliente.<\/li> <\/ul>    <figure class=\"wp-block-gallery has-nested-images columns-default is-cropped wp-block-gallery-2 is-layout-flex wp-block-gallery-is-layout-flex\"> <figure class=\"wp-block-image size-large\"><img loading=\"lazy\" decoding=\"async\" width=\"720\" height=\"540\" data-id=\"3985\" src=\"https:\/\/taizyfarmequipment.com\/wp-content\/uploads\/2023\/01\/triangular-disc-plow-for-sale-.webp\" alt=\"arado de disco triangular para venda\" class=\"wp-image-3985\" title=\"arado de disco triangular para venda\"\/><figcaption class=\"wp-element-caption\">arado de disco triangular para venda<\/figcaption><\/figure>    <figure class=\"wp-block-image size-large\"><img loading=\"lazy\" decoding=\"async\" width=\"720\" height=\"540\" data-id=\"3986\" src=\"https:\/\/taizyfarmequipment.com\/wp-content\/uploads\/2023\/01\/round-tube-disc-plough-.webp\" alt=\"arado de disco de tubo redondo \" class=\"wp-image-3986\" title=\"arado de disco de tubo redondo \"\/><figcaption class=\"wp-element-caption\">arado de disco de tubo redondo<\/figcaption><\/figure>    <figure class=\"wp-block-image size-large\"><img loading=\"lazy\" decoding=\"async\" width=\"720\" height=\"540\" data-id=\"3987\" src=\"https:\/\/taizyfarmequipment.com\/wp-content\/uploads\/2023\/01\/small-fish-plow-.webp\" alt=\"arado para peixes pequenos\" class=\"wp-image-3987\" title=\"arado para peixes pequenos\"\/><figcaption class=\"wp-element-caption\">arado para peixes pequenos<\/figcaption><\/figure> <\/figure>    <h2 class=\"wp-block-heading\">Aplica\u00e7\u00f5es de arado de disco de 4 rodas<\/h2>    <p>O arado de disco \u00e9 ideal para lidar com diversas condi\u00e7\u00f5es desafiadoras de terras agr\u00edcolas. \u00c9 excelente em arar regi\u00f5es secas, quebrar terras n\u00e3o cultivadas e trabalhar em solo misturado com detritos. <\/p>    <p>Seu design garante desempenho confi\u00e1vel em diferentes terrenos, tornando-o uma escolha vers\u00e1til para a agricultura moderna.<\/p>    <figure class=\"wp-block-image size-full\"><img loading=\"lazy\" decoding=\"async\" width=\"720\" height=\"540\" src=\"https:\/\/taizyfarmequipment.com\/wp-content\/uploads\/2023\/01\/industrial-disc-plow-for-sale.webp\" alt=\"arado de disco industrial para venda\" class=\"wp-image-4673\" srcset=\"https:\/\/taizyfarmequipment.com\/wp-content\/uploads\/2023\/01\/industrial-disc-plow-for-sale.webp 720w, https:\/\/taizyfarmequipment.com\/wp-content\/uploads\/2023\/01\/industrial-disc-plow-for-sale-300x225.webp 300w, https:\/\/taizyfarmequipment.com\/wp-content\/uploads\/2023\/01\/industrial-disc-plow-for-sale-16x12.webp 16w\" sizes=\"auto, (max-width: 720px) 100vw, 720px\" \/><figcaption class=\"wp-element-caption\">arado de disco industrial para venda<\/figcaption><\/figure>    <h3 class=\"wp-block-heading\"><strong>\u00c2mbito de aplica\u00e7\u00e3o:<\/strong><\/h3>    <ul class=\"wp-block-list\"> <li>Adequado para arar terras maduras em \u00e1reas agr\u00edcolas secas.<\/li>    <li>Eficaz para limpar terrenos baldios cobertos de ervas daninhas.<\/li>    <li>Capaz de cultivar solos contendo restos de alvenaria.<\/li> <\/ul>    <figure class=\"wp-block-image size-full\"><img loading=\"lazy\" decoding=\"async\" width=\"720\" height=\"540\" src=\"https:\/\/taizyfarmequipment.com\/wp-content\/uploads\/2023\/01\/disc-plow-for-sale-2.webp\" alt=\" arado de disco para venda\" class=\"wp-image-3970\" title=\" arado de disco para venda\"\/><figcaption class=\"wp-element-caption\"> arado de disco para venda<\/figcaption><\/figure>    <h2 class=\"wp-block-heading\">Par\u00e2metros do arado de disco<\/h2>    <figure class=\"wp-block-table\"><table><tbody><tr><td>Modelo<\/td><td>1LYQ-220<\/td><td>1LYQ-315<\/td><td>1LYQ-320<\/td><td>1LYQ-325<\/td><td>1LYQ-425<\/td><td>1LYQ-525<\/td><td>1LYQ-625<\/td><\/tr><tr><td>Largura do corte (mm)<\/td><td>400<\/td><td>450<\/td><td>600<\/td><td>750<\/td><td>1000<\/td><td>1250<\/td><td>1500<\/td><\/tr><tr><td>Profundidade de corte (mm)<\/td><td>200<\/td><td>200<\/td><td>200<\/td><td>250-300<\/td><td>250-300<\/td><td>250-300<\/td><td>250-300<\/td><\/tr><tr><td>Di\u00e2metro do disco (mm)<\/td><td>510<\/td><td>460<\/td><td>510<\/td><td>600<\/td><td>600<\/td><td>600<\/td><td>600<\/td><\/tr><tr><td>Quantidade de disco<\/td><td>2<\/td><td>3<\/td><td>3<\/td><td>3<\/td><td>4<\/td><td>5<\/td><td>6<\/td><\/tr><tr><td>Peso (kg)<\/td><td>140<\/td><td>160<\/td><td>190<\/td><td>420<\/td><td>490<\/td><td>565<\/td><td>640<\/td><\/tr><tr><td>P\u00f3 de trator (hp)<\/td><td>18<\/td><td>25<\/td><td>25-40<\/td><td>50<\/td><td>90<\/td><td>120<\/td><td>160<\/td><\/tr><tr><td>Gato montado<\/td><td>Cat1: Suspens\u00e3o de tr\u00eas pontos<\/td><td>Cat1<\/td><td>Cat1<\/td><td>Cat2: Suspens\u00e3o de tr\u00eas pontos<\/td><td>Cat2<\/td><td>Cat2<\/td><td>Cat2<\/td><\/tr><\/tbody><\/table><figcaption class=\"wp-element-caption\">par\u00e2metro do arado de disco<\/figcaption><\/figure>    <h2 class=\"wp-block-heading\">Estrutura do arado de disco de 4 rodas<\/h2>    <p>A estrutura do arado de 4 rodas foi projetada para facilitar a opera\u00e7\u00e3o, permitindo que uma pessoa gerencie diferentes modelos de maneira eficaz. <\/p>    <p>Com design simples, o arado \u00e9 constru\u00eddo para um preparo confi\u00e1vel do solo e uso eficiente em tarefas agr\u00edcolas. O arado de disco triangular, por exemplo, \u00e9 composto por diversos componentes essenciais que garantem seu bom desempenho.<\/p>    <figure class=\"wp-block-gallery has-nested-images columns-default is-cropped wp-block-gallery-3 is-layout-flex wp-block-gallery-is-layout-flex\"> <figure class=\"wp-block-image size-large\"><img loading=\"lazy\" decoding=\"async\" width=\"720\" height=\"540\" data-id=\"4669\" src=\"https:\/\/taizyfarmequipment.com\/wp-content\/uploads\/2023\/01\/disc-plow-for-sale-price.webp\" alt=\"arado de disco a pre\u00e7o de venda\" class=\"wp-image-4669\" srcset=\"https:\/\/taizyfarmequipment.com\/wp-content\/uploads\/2023\/01\/disc-plow-for-sale-price.webp 720w, https:\/\/taizyfarmequipment.com\/wp-content\/uploads\/2023\/01\/disc-plow-for-sale-price-300x225.webp 300w, https:\/\/taizyfarmequipment.com\/wp-content\/uploads\/2023\/01\/disc-plow-for-sale-price-16x12.webp 16w\" sizes=\"auto, (max-width: 720px) 100vw, 720px\" \/><figcaption class=\"wp-element-caption\">arado de disco a pre\u00e7o de venda<\/figcaption><\/figure>    <figure class=\"wp-block-image size-large\"><img loading=\"lazy\" decoding=\"async\" width=\"720\" height=\"540\" data-id=\"4670\" src=\"https:\/\/taizyfarmequipment.com\/wp-content\/uploads\/2023\/01\/disc-plow-for-sale.webp\" alt=\"arado de disco para venda\" class=\"wp-image-4670\" srcset=\"https:\/\/taizyfarmequipment.com\/wp-content\/uploads\/2023\/01\/disc-plow-for-sale.webp 720w, https:\/\/taizyfarmequipment.com\/wp-content\/uploads\/2023\/01\/disc-plow-for-sale-300x225.webp 300w, https:\/\/taizyfarmequipment.com\/wp-content\/uploads\/2023\/01\/disc-plow-for-sale-16x12.webp 16w\" sizes=\"auto, (max-width: 720px) 100vw, 720px\" \/><figcaption class=\"wp-element-caption\">arado de disco para venda<\/figcaption><\/figure> <\/figure>    <h3 class=\"wp-block-heading\"><strong>Principais componentes estruturais do arado de disco de 4 rodas<\/strong><\/h3>    <ul class=\"wp-block-list\"> <li><strong>Corpo do arado de disco.<\/strong> A parte principal \u00e9 respons\u00e1vel pela penetra\u00e7\u00e3o e soltura do solo.<\/li>    <li><strong>Roda traseira.<\/strong> Ajuda a manter o equil\u00edbrio e controla a profundidade da aragem.<\/li>    <li><strong>Placa girat\u00f3ria de solo.<\/strong> Garante um giro suave e eficiente do solo durante a opera\u00e7\u00e3o.<\/li>    <li><strong>Estrutura de arado.<\/strong> Fornece suporte estrutural para toda a montagem.<\/li>    <li><strong>Quadro de suspens\u00e3o.<\/strong> Conecta o arado ao trator atrav\u00e9s de uma liga\u00e7\u00e3o de tr\u00eas pontos.<\/li>    <li><strong>Al\u00e7a de ajuste do eixo de suspens\u00e3o.<\/strong> Permite f\u00e1cil ajuste de posi\u00e7\u00e3o e profundidade.<\/li>    <li><strong>Eixo de suspens\u00e3o.<\/strong> Estabiliza a liga\u00e7\u00e3o entre o arado e o trator.<\/li> <\/ul>    <p>Este design bem estruturado garante que o arado de 4 rodas tenha um desempenho confi\u00e1vel e eficiente em v\u00e1rios ambientes agr\u00edcolas.<\/p>    <figure class=\"wp-block-image size-full\"><img loading=\"lazy\" decoding=\"async\" width=\"720\" height=\"540\" src=\"https:\/\/taizyfarmequipment.com\/wp-content\/uploads\/2023\/01\/4-wheeler-disc-plow-.webp\" alt=\" arado de disco para venda\" class=\"wp-image-3969\" title=\" arado de disco para venda\"\/><figcaption class=\"wp-element-caption\"> arado de disco para venda<\/figcaption><\/figure>    <h2 class=\"wp-block-heading\">Como funciona o arado de 3 discos?<\/h2>    <p>O arado de 3 discos funciona aproveitando a rota\u00e7\u00e3o dos seus discos c\u00f4ncavos para cortar, levantar e revirar o solo. \u00c0 medida que o trator puxa o arado para frente, os discos giram em torno de seu eixo central. <\/p>    <p>As bordas afiadas dos discos cortam o solo, enquanto as superf\u00edcies c\u00f4ncavas ajudam a levantar e virar o solo para os lados, resultando em sulcos bem formados que preparam o terreno para o plantio.<\/p>    <h3 class=\"wp-block-heading\"><strong>Principais etapas de como o arado funciona<\/strong><\/h3>    <ul class=\"wp-block-list\"> <li>O trator puxa o arado, iniciando a rota\u00e7\u00e3o do disco.<\/li>    <li>As bordas dos discos cortam o solo \u00e0 medida que avan\u00e7am.<\/li>    <li>Os discos c\u00f4ncavos levantam o solo, virando-o para os lados e para tr\u00e1s.<\/li>    <li>Ap\u00f3s o revolvimento do solo \u00e9 criado um sulco, deixando o campo pronto para o cultivo.<\/li> <\/ul>    <figure class=\"wp-block-image size-full\"><img loading=\"lazy\" decoding=\"async\" width=\"720\" height=\"540\" src=\"https:\/\/taizyfarmequipment.com\/wp-content\/uploads\/2023\/01\/3-disc-plough-.webp\" alt=\"Arado de 3 discos\" class=\"wp-image-3971\" title=\"Arado de 3 discos\"\/><figcaption class=\"wp-element-caption\">Arado de 3 discos<\/figcaption><\/figure>    <h2 class=\"wp-block-heading\">Vantagens do arado de disco trator<\/h2>    <ul class=\"wp-block-list\"> <li><strong>Opera\u00e7\u00e3o eficiente.<\/strong> Funciona sem se enroscar na grama, bloquear ou ser afetado por solo jovem.<\/li>    <li><strong>Uso vers\u00e1til.<\/strong> Adequado para arar terras agr\u00edcolas complexas com ervas daninhas, caules e resist\u00eancia do solo.<\/li>    <li><strong>Efici\u00eancia aprimorada.<\/strong> Reduz o tempo de rota\u00e7\u00e3o da cabe\u00e7a do trator, melhorando a efici\u00eancia geral de trabalho.<\/li>    <li><strong>Desempenho em condi\u00e7\u00f5es secas.<\/strong> Opera de forma eficaz sem umidade, reduzindo valas de umidade e nivelando a superf\u00edcie.<\/li>    <li><strong>Compacto e econ\u00f4mico.<\/strong> O arado pendular horizontal tem estrutura compacta, pesa cerca de um ter\u00e7o menos que um arado girat\u00f3rio e \u00e9 mais acess\u00edvel.<\/li> <\/ul>    <figure class=\"wp-block-image size-full\"><img loading=\"lazy\" decoding=\"async\" width=\"720\" height=\"540\" src=\"https:\/\/taizyfarmequipment.com\/wp-content\/uploads\/2023\/01\/tractor-disc-plow-.webp\" alt=\"arado de disco trator\" class=\"wp-image-3972\" title=\"arado de disco trator\"\/><figcaption class=\"wp-element-caption\">arado de disco trator<\/figcaption><\/figure>    <h2 class=\"wp-block-heading\">Por que precisamos de arar?<\/h2>    <p>A aragem \u00e9 essencial para uma prepara\u00e7\u00e3o eficaz do canteiro, oferecendo in\u00fameros benef\u00edcios que melhoram a qualidade do solo e a produtividade das culturas. <\/p>    <p>Ele desempenha um papel crucial na decomposi\u00e7\u00e3o do solo, no controle de ervas daninhas e pragas e na melhoria do manejo do restolho. <\/p>    <p>Ao incorporar v\u00e1rios res\u00edduos de solo e culturas, a aragem tamb\u00e9m aumenta a atividade e a estrutura do solo.<\/p>    <figure class=\"wp-block-image size-full\"><img loading=\"lazy\" decoding=\"async\" width=\"720\" height=\"540\" src=\"https:\/\/taizyfarmequipment.com\/wp-content\/uploads\/2023\/01\/high-quality-disc-plow-for-sale.webp\" alt=\"Arado de disco de alta qualidade para venda\" class=\"wp-image-4672\" srcset=\"https:\/\/taizyfarmequipment.com\/wp-content\/uploads\/2023\/01\/high-quality-disc-plow-for-sale.webp 720w, https:\/\/taizyfarmequipment.com\/wp-content\/uploads\/2023\/01\/high-quality-disc-plow-for-sale-300x225.webp 300w, https:\/\/taizyfarmequipment.com\/wp-content\/uploads\/2023\/01\/high-quality-disc-plow-for-sale-16x12.webp 16w\" sizes=\"auto, (max-width: 720px) 100vw, 720px\" \/><figcaption class=\"wp-element-caption\">Arado de disco de alta qualidade para venda<\/figcaption><\/figure>    <h3 class=\"wp-block-heading\"><strong>Raz\u00f5es para arar<\/strong><\/h3>    <ul class=\"wp-block-list\"> <li><strong>Quebra do solo.<\/strong> Consegue a fragmenta\u00e7\u00e3o do solo e prepara um canteiro adequado.<\/li>    <li><strong>Controle de ervas daninhas e pragas.<\/strong> Ajuda a controlar e reduzir ervas daninhas e pragas.<\/li>    <li><strong>Melhor gerenciamento de restolho.<\/strong> Facilita uma melhor decomposi\u00e7\u00e3o dos res\u00edduos da colheita.<\/li>    <li><strong>Melhoria da estrutura do solo.<\/strong> Mistura solo e res\u00edduos de colheita para melhorar a estrutura geral do solo.<\/li>    <li><strong>Distribui\u00e7\u00e3o uniforme do solo.<\/strong> Garante uma estrutura mais uniforme do solo e melhora a distribui\u00e7\u00e3o de umidade, incluindo \u00e1gua, oxig\u00eanio, nutrientes e aera\u00e7\u00e3o.<\/li>    <li><strong>Redu\u00e7\u00e3o do uso de produtos qu\u00edmicos.<\/strong> Enterra profundamente a palha e o restolho, diminuindo a necessidade de herbicidas e reduzindo a polui\u00e7\u00e3o ambiental.<\/li> <\/ul>    <figure class=\"wp-block-image size-full\"><img loading=\"lazy\" decoding=\"async\" width=\"720\" height=\"540\" src=\"https:\/\/taizyfarmequipment.com\/wp-content\/uploads\/2023\/01\/effective-disc-plow-for-sale.webp\" alt=\"arado de disco eficaz para venda\" class=\"wp-image-4671\" title=\"arado de disco\" srcset=\"https:\/\/taizyfarmequipment.com\/wp-content\/uploads\/2023\/01\/effective-disc-plow-for-sale.webp 720w, https:\/\/taizyfarmequipment.com\/wp-content\/uploads\/2023\/01\/effective-disc-plow-for-sale-300x225.webp 300w, https:\/\/taizyfarmequipment.com\/wp-content\/uploads\/2023\/01\/effective-disc-plow-for-sale-16x12.webp 16w\" sizes=\"auto, (max-width: 720px) 100vw, 720px\" \/><figcaption class=\"wp-element-caption\">arado de disco eficaz para venda<\/figcaption><\/figure>    <h2 class=\"wp-block-heading\">Contate-nos!<\/h2>    <p>Na Taizy, nos orgulhamos de fornecer m\u00e1quinas agr\u00edcolas de primeira linha com desempenho e confiabilidade excepcionais. Nosso arado de disco \u00e9 apenas um exemplo do nosso compromisso com a qualidade e a inova\u00e7\u00e3o. <\/p>    <p class=\"translation-block\">Al\u00e9m disso, oferecemos um <a href=\"https:\/\/taizyfarmequipment.com\/pt\/produto\/arado-de-disco-de-alta-resistencia-a-venda\/\">Escarificador de Disco Hidr\u00e1ulico de Alta Resist\u00eancia<\/a> \u00e0 venda, concebido para lidar com as condi\u00e7\u00f5es de solo mais exigentes com facilidade.<\/p>    <p>Escolha a Taizy para solu\u00e7\u00f5es agr\u00edcolas avan\u00e7adas que impulsionam o seu sucesso. Contate-nos hoje para saber mais sobre nossos produtos e como podemos atender \u00e0s suas necessidades agr\u00edcolas.<\/p>","protected":false},"excerpt":{"rendered":"<p>O arado de disco \u00e0 venda pode soltar o solo com efici\u00eancia ap\u00f3s a colheita. Movido por tratores de 18 a 160 cv, esse equipamento permite ao agricultor revolv\u00ea-lo com facilidade, reduzindo significativamente o trabalho manual. <\/p>","protected":false},"author":1,"featured_media":3983,"parent":0,"template":"","tags":[336,334,335],"product-type":[302],"class_list":["post-3965","product","type-product","status-publish","has-post-thumbnail","hentry","tag-agriculture","tag-disc-plow","tag-farming","product-type-arable-plows"],"_links":{"self":[{"href":"https:\/\/taizyfarmequipment.com\/pt\/wp-json\/wp\/v2\/product\/3965","targetHints":{"allow":["GET"]}}],"collection":[{"href":"https:\/\/taizyfarmequipment.com\/pt\/wp-json\/wp\/v2\/product"}],"about":[{"href":"https:\/\/taizyfarmequipment.com\/pt\/wp-json\/wp\/v2\/types\/product"}],"author":[{"embeddable":true,"href":"https:\/\/taizyfarmequipment.com\/pt\/wp-json\/wp\/v2\/users\/1"}],"wp:featuredmedia":[{"embeddable":true,"href":"https:\/\/taizyfarmequipment.com\/pt\/wp-json\/wp\/v2\/media\/3983"}],"wp:attachment":[{"href":"https:\/\/taizyfarmequipment.com\/pt\/wp-json\/wp\/v2\/media?parent=3965"}],"wp:term":[{"taxonomy":"post_tag","embeddable":true,"href":"https:\/\/taizyfarmequipment.com\/pt\/wp-json\/wp\/v2\/tags?post=3965"},{"taxonomy":"product-type","embeddable":true,"href":"https:\/\/taizyfarmequipment.com\/pt\/wp-json\/wp\/v2\/product-type?post=3965"}],"curies":[{"name":"wp","href":"https:\/\/api.w.org\/{rel}","templated":true}]}}