{"id":3988,"date":"2023-01-05T14:40:47","date_gmt":"2023-01-05T06:40:47","guid":{"rendered":"https:\/\/taizyfarmequipment.com\/?post_type=product&#038;p=3988"},"modified":"2025-11-26T16:10:56","modified_gmt":"2025-11-26T08:10:56","slug":"arado-de-disco-de-alta-resistencia-a-venda","status":"publish","type":"product","link":"https:\/\/taizyfarmequipment.com\/pt\/product\/heavy-duty-disc-harrow-for-sale\/","title":{"rendered":"Venda grade de discos hidr\u00e1ulica para servi\u00e7o pesado"},"content":{"rendered":"<div class=\"kk-star-ratings kksr-auto kksr-align-left kksr-valign-top\"     data-payload='{&quot;align&quot;:&quot;left&quot;,&quot;id&quot;:&quot;3988&quot;,&quot;slug&quot;:&quot;default&quot;,&quot;valign&quot;:&quot;top&quot;,&quot;ignore&quot;:&quot;&quot;,&quot;reference&quot;:&quot;auto&quot;,&quot;class&quot;:&quot;&quot;,&quot;count&quot;:&quot;8&quot;,&quot;legendonly&quot;:&quot;&quot;,&quot;readonly&quot;:&quot;&quot;,&quot;score&quot;:&quot;4.9&quot;,&quot;starsonly&quot;:&quot;&quot;,&quot;best&quot;:&quot;5&quot;,&quot;gap&quot;:&quot;5&quot;,&quot;greet&quot;:&quot;Rate this product&quot;,&quot;legend&quot;:&quot;4.9\\\/5 - (8 votes)&quot;,&quot;size&quot;:&quot;24&quot;,&quot;title&quot;:&quot;Hydraulic heavy duty disc harrow for sale&quot;,&quot;width&quot;:&quot;139.6&quot;,&quot;_legend&quot;:&quot;{score}\\\/{best} - ({count} {votes})&quot;,&quot;font_factor&quot;:&quot;1.25&quot;}'>              <div class=\"kksr-stars\">      <div class=\"kksr-stars-inactive\">             <div class=\"kksr-star\" data-star=\"1\" style=\"padding-right: 5px\">               <div class=\"kksr-icon\" style=\"width: 24px; height: 24px;\"><\/div>         <\/div>             <div class=\"kksr-star\" data-star=\"2\" style=\"padding-right: 5px\">               <div class=\"kksr-icon\" style=\"width: 24px; height: 24px;\"><\/div>         <\/div>             <div class=\"kksr-star\" data-star=\"3\" style=\"padding-right: 5px\">               <div class=\"kksr-icon\" style=\"width: 24px; height: 24px;\"><\/div>         <\/div>             <div class=\"kksr-star\" data-star=\"4\" style=\"padding-right: 5px\">               <div class=\"kksr-icon\" style=\"width: 24px; height: 24px;\"><\/div>         <\/div>             <div class=\"kksr-star\" data-star=\"5\" style=\"padding-right: 5px\">               <div class=\"kksr-icon\" style=\"width: 24px; height: 24px;\"><\/div>         <\/div>     <\/div>      <div class=\"kksr-stars-active\" style=\"width: 139.6px;\">             <div class=\"kksr-star\" style=\"padding-right: 5px\">               <div class=\"kksr-icon\" style=\"width: 24px; height: 24px;\"><\/div>         <\/div>             <div class=\"kksr-star\" style=\"padding-right: 5px\">               <div class=\"kksr-icon\" style=\"width: 24px; height: 24px;\"><\/div>         <\/div>             <div class=\"kksr-star\" style=\"padding-right: 5px\">               <div class=\"kksr-icon\" style=\"width: 24px; height: 24px;\"><\/div>         <\/div>             <div class=\"kksr-star\" style=\"padding-right: 5px\">               <div class=\"kksr-icon\" style=\"width: 24px; height: 24px;\"><\/div>         <\/div>             <div class=\"kksr-star\" style=\"padding-right: 5px\">               <div class=\"kksr-icon\" style=\"width: 24px; height: 24px;\"><\/div>         <\/div>     <\/div> <\/div>                   <div class=\"kksr-legend\" style=\"font-size: 19.2px;\">             4,9\/5 - (8 votos)    <\/div>     <\/div>  <p>A grade de discos resistente \u00e9 usada principalmente para quebrar o solo ap\u00f3s arar. Isso atende aos requisitos do solo antes da semeadura. O disco do trator para servi\u00e7o pesado tamb\u00e9m pode ser usado para capinar, lavoura rasa e remo\u00e7\u00e3o de restolho em terras com restolho. <\/p>    <p class=\"translation-block\">De um modo geral, um grade de discos \u00e9 um conjunto de grades com m\u00faltiplos discos c\u00f4ncavos ou serrilhados fixos a um eixo horizontal. E n\u00f3s sempre aramos o terreno com um <a href=\"https:\/\/taizyfarmequipment.com\/pt\/produto\/arado-de-disco-para-venda\/\">arado de discos<\/a> antes de o gradar.<\/p>    <h2 class=\"wp-block-heading\">Introdu\u00e7\u00e3o da grade de discos para servi\u00e7o pesado<\/h2>    <p>Existem v\u00e1rios tipos de grades de discos resistentes produzidas pela Taizy. E produzimos grades de discos opostas para servi\u00e7o pesado, grades de disco offset para servi\u00e7o pesado, grades pesadas dobr\u00e1veis \u200b\u200bhidr\u00e1ulicas, etc.<\/p>    <p class=\"translation-block\">Este tipo de <a href=\"https:\/\/www.agriculture-machine.com\/heavy-disc-harrow-hydraulic-trailed-heavy-duty-harrow\/\" target=\"_blank\" rel=\"noopener\">grades de discos de servi\u00e7o pesado<\/a> \u00e9 tracionado por press\u00e3o hidr\u00e1ulica. A grade de discos de servi\u00e7o pesado \u00e9 principalmente usada em campos antes de arar tocas, quebrar a superf\u00edcie das tocas e fragmentar a palha para a devolver ao campo. Existem tamb\u00e9m opera\u00e7\u00f5es de esmagamento do solo ap\u00f3s a lavra\u00e7\u00e3o, nivelamento e conserva\u00e7\u00e3o da humidade.<\/p>    <p>Possui as caracter\u00edsticas de estrutura razo\u00e1vel, transporte forte e dur\u00e1vel, conveniente, pequeno raio de giro, f\u00e1cil ajuste, manuten\u00e7\u00e3o e assim por diante. <\/p>    <figure class=\"wp-block-gallery has-nested-images columns-default is-cropped wp-block-gallery-2 is-layout-flex wp-block-gallery-is-layout-flex\"> <figure class=\"wp-block-image size-large\"><img loading=\"lazy\" decoding=\"async\" width=\"720\" height=\"540\" data-id=\"3991\" src=\"https:\/\/taizyfarmequipment.com\/wp-content\/uploads\/2023\/01\/opposed-heavy-duty-disc-harrows-.webp\" alt=\"grades de discos resistentes opostas\" class=\"wp-image-3991\" title=\"grades de discos resistentes opostas\"\/><figcaption class=\"wp-element-caption\">grades de discos resistentes opostas<\/figcaption><\/figure>    <figure class=\"wp-block-image size-large\"><img loading=\"lazy\" decoding=\"async\" width=\"720\" height=\"540\" data-id=\"3992\" src=\"https:\/\/taizyfarmequipment.com\/wp-content\/uploads\/2023\/01\/offset-heavy-duty-disc-harrows-.webp\" alt=\"grades de disco para servi\u00e7o pesado offset\" class=\"wp-image-3992\" title=\"grades de disco para servi\u00e7o pesado offset\"\/><figcaption class=\"wp-element-caption\">grades de disco para servi\u00e7o pesado offset<\/figcaption><\/figure>    <figure class=\"wp-block-image size-large\"><img loading=\"lazy\" decoding=\"async\" width=\"720\" height=\"540\" data-id=\"3993\" src=\"https:\/\/taizyfarmequipment.com\/wp-content\/uploads\/2023\/01\/hydraulic-folding-heavy-harrows-.webp\" alt=\"grades pesadas dobr\u00e1veis \u200b\u200bhidr\u00e1ulicas\" class=\"wp-image-3993\" title=\"grades pesadas dobr\u00e1veis \u200b\u200bhidr\u00e1ulicas\"\/><figcaption class=\"wp-element-caption\">grades pesadas dobr\u00e1veis \u200b\u200bhidr\u00e1ulicas<\/figcaption><\/figure> <\/figure>    <h2 class=\"wp-block-heading\">Estrutura da grade de discos pesada<\/h2>    <p>A grade de disco para servi\u00e7o pesado \u00e9 composta principalmente por um disco, estrutura de grade, grupo de grade, dispositivo de tra\u00e7\u00e3o ou suspens\u00e3o, mecanismo de ajuste de declina\u00e7\u00e3o, etc. E \u00e9 f\u00e1cil de manter e reparar. Toda a estrutura da m\u00e1quina \u00e9 simples, f\u00e1cil de operar e com bom efeito de trabalho.<\/p>    <figure class=\"wp-block-image size-full is-resized\"><img loading=\"lazy\" decoding=\"async\" width=\"720\" height=\"540\" src=\"https:\/\/taizyfarmequipment.com\/wp-content\/uploads\/2023\/01\/heavy-disc-harrow-.webp\" alt=\"grade de discos pesada\" class=\"wp-image-3994\" style=\"width:720px;height:540px\" title=\"grade de discos pesada\"\/><figcaption class=\"wp-element-caption\">grade de discos pesada<\/figcaption><\/figure>    <h2 class=\"wp-block-heading\">Como funciona a grade de discos offset para servi\u00e7o pesado?<\/h2>    <p>Quando a grade de disco resistente funciona, a l\u00e2mina do disco fica perpendicular ao solo. E a dire\u00e7\u00e3o da m\u00e1quina para frente para formar um \u00e2ngulo obl\u00edquo. Ent\u00e3o, sob a a\u00e7\u00e3o da tra\u00e7\u00e3o do trator e da for\u00e7a de rea\u00e7\u00e3o do solo, a l\u00e2mina do ancinho rola ao longo do eixo angular. Sob a a\u00e7\u00e3o da gravidade de suc\u00e7\u00e3o do ancinho, a faca de suc\u00e7\u00e3o do ancinho corta o solo. <\/p>    <p>Ao mesmo tempo, a l\u00e2mina da grade de disco cortou a base e o restolho da colheita, cortando o sulco. O solo sobe ligeiramente ao longo da superf\u00edcie do ancinho e depois cai, o que tem um certo efeito de cobertura morta.<\/p>    <figure class=\"wp-block-image size-full\"><img loading=\"lazy\" decoding=\"async\" width=\"720\" height=\"540\" src=\"https:\/\/taizyfarmequipment.com\/wp-content\/uploads\/2023\/01\/heavy-disc-harrow-2.webp\" alt=\"grade de discos pesada\" class=\"wp-image-3995\" title=\"grade de discos pesada\"\/><figcaption class=\"wp-element-caption\">grade de discos pesada<\/figcaption><\/figure>    <h2 class=\"wp-block-heading\">Par\u00e2metros t\u00e9cnicos do disco offset pesado<\/h2>    <figure class=\"wp-block-table\"><table><tbody><tr><td>Modelo<\/td><td>Largura de trabalho (mm)<\/td><td>Profundidade de trabalho (mm)<\/td><td>Di\u00e2metro do disco (mm)<\/td><td>N\u00ba do disco (pcs)<\/td><td>Peso (kg)<\/td><td>Pot\u00eancia correspondente (hp)<\/td><td>Liga\u00e7\u00e3o<\/td><\/tr><tr><td>1BZ-1.8<\/td><td>1800<\/td><td>200<\/td><td>660<\/td><td>16<\/td><td>1160<\/td><td>70<\/td><td>Hidr\u00e1ulico rebocado com trator<\/td><\/tr><tr><td>1BZ-2.2<\/td><td>2200<\/td><td>200<\/td><td>660<\/td><td>20<\/td><td>1250<\/td><td>80<\/td><td>Hidr\u00e1ulico rebocado com trator<\/td><\/tr><tr><td>1BZ-2,5<\/td><td>2500<\/td><td>200<\/td><td>660<\/td><td>24<\/td><td>1350<\/td><td>90<\/td><td>Hidr\u00e1ulico rebocado com trator<\/td><\/tr><tr><td>1BZ-3.0<\/td><td>3000<\/td><td>200<\/td><td>660<\/td><td>28<\/td><td>1430<\/td><td>100<\/td><td>Hidr\u00e1ulico rebocado com trator<\/td><\/tr><tr><td>1BZ-3.4<\/td><td>3400<\/td><td>200<\/td><td>660<\/td><td>32<\/td><td>1550<\/td><td>120<\/td><td>Hidr\u00e1ulico rebocado com trator<\/td><\/tr><tr><td>1BZ-4.0<\/td><td>4000<\/td><td>200<\/td><td>660<\/td><td>36<\/td><td>1900<\/td><td>150<\/td><td>Hidr\u00e1ulico rebocado com trator<\/td><\/tr><tr><td>1BZ-5.3<\/td><td>5300<\/td><td>200<\/td><td>660<\/td><td>48<\/td><td>2500<\/td><td>180<\/td><td>Hidr\u00e1ulico rebocado com trator<\/td><\/tr><\/tbody><\/table><figcaption class=\"wp-element-caption\">par\u00e2metro do disco offset pesado<\/figcaption><\/figure>    <h2 class=\"wp-block-heading\">Quais s\u00e3o as vantagens da grade de discos offset pesada?<\/h2>    <ol class=\"wp-block-list\"> <li>A grade de discos para servi\u00e7o pesado possui alta taxa de esmagamento do solo, o que favorece o preparo do solo.<\/li>    <li>A grade pesada de disco tem as caracter\u00edsticas de grama n\u00e3o emaranhada, alta qualidade de opera\u00e7\u00e3o e alta efici\u00eancia.<\/li>    <li>A grade de discos resistente pode cortar e misturar melhor os res\u00edduos da colheita para formar um tamanho de solo mais regular.<\/li>    <li>A grade de discos \u00e9 forte e dur\u00e1vel e pode penetrar melhor em solos duros e crocantes.<\/li>    <li>Bom desempenho da m\u00e1quina e trabalho di\u00e1rio est\u00e1vel.<\/li> <\/ol>    <figure class=\"wp-block-image size-full\"><img loading=\"lazy\" decoding=\"async\" width=\"720\" height=\"540\" src=\"https:\/\/taizyfarmequipment.com\/wp-content\/uploads\/2023\/01\/heavy-disc-harrow-3.webp\" alt=\"grade de discos pesada\" class=\"wp-image-3996\" title=\"grade de discos pesada\"\/><figcaption class=\"wp-element-caption\">grade de discos pesada<\/figcaption><\/figure>    <h2 class=\"wp-block-heading\">A diferen\u00e7a entre grade de disco e arado de disco<\/h2>    <ol class=\"wp-block-list\"> <li>O objeto da opera\u00e7\u00e3o e o papel da m\u00e1quina s\u00e3o diferentes. O arado de disco \u00e9 usado principalmente para arar e cultivar terras n\u00e3o cultivadas. E a grade de discos \u00e9 usada para triturar e classificar terras cultivadas.<\/li>    <li>A forma de conex\u00e3o com a locomotiva \u00e9 diferente. O arado de disco tem suspens\u00e3o de tr\u00eas pontos, a grade de disco tem um tipo de grande tra\u00e7\u00e3o e tamb\u00e9m existem tipos de suspens\u00e3o pequena.<\/li>    <li>A estrutura da m\u00e1quina e a opera\u00e7\u00e3o da for\u00e7a s\u00e3o diferentes. O arado de disco \u00e9 uma suspens\u00e3o de tr\u00eas pontos, um dispositivo para equilibrar a press\u00e3o lateral da roda traseira, a unidade est\u00e1 sujeita \u00e0 press\u00e3o lateral durante a opera\u00e7\u00e3o. A grade de discos \u00e9 composta por uma estrutura de tra\u00e7\u00e3o, uma estrutura de grade e v\u00e1rios grupos de discos com simetria esquerda e direita. E a for\u00e7a \u00e9 relativamente equilibrada durante a opera\u00e7\u00e3o.<\/li>    <li>A estrutura das principais pe\u00e7as de trabalho e o dispositivo s\u00e3o diferentes. Disco de arado de disco esf\u00e9rico c\u00f4ncavo, espessura da borda do disco em 0,5-1mm. declina\u00e7\u00e3o de trabalho de 40-45. E a superf\u00edcie vertical em 15-25 graus de inclina\u00e7\u00e3o. A concavidade esf\u00e9rica da grade de disco \u00e9 relativamente pequena e a espessura da borda do disco \u00e9 de 0,3-0,8 mm. E a inclina\u00e7\u00e3o de trabalho \u00e9 de 0 a 10 graus, sem inclina\u00e7\u00e3o.<\/li> <\/ol>    <figure class=\"wp-block-gallery has-nested-images columns-default is-cropped wp-block-gallery-3 is-layout-flex wp-block-gallery-is-layout-flex\"> <figure class=\"wp-block-image size-large\"><img loading=\"lazy\" decoding=\"async\" width=\"720\" height=\"540\" data-id=\"3997\" src=\"https:\/\/taizyfarmequipment.com\/wp-content\/uploads\/2023\/01\/disc-plow-.webp\" alt=\"\" class=\"wp-image-3997\"\/><figcaption class=\"wp-element-caption\">arado de disco<\/figcaption><\/figure>    <figure class=\"wp-block-image size-large\"><img loading=\"lazy\" decoding=\"async\" width=\"720\" height=\"540\" data-id=\"3999\" src=\"https:\/\/taizyfarmequipment.com\/wp-content\/uploads\/2023\/01\/disc-harrow-.webp\" alt=\"grade de disco \" class=\"wp-image-3999\" title=\"grade de disco \"\/><figcaption class=\"wp-element-caption\">grade de disco <\/figcaption><\/figure> <\/figure>    <p><\/p>","protected":false},"excerpt":{"rendered":"<p>A grade de discos resistente \u00e9 usada principalmente para quebrar o solo ap\u00f3s arar. Isso atende aos requisitos do solo antes da semeadura.<\/p>","protected":false},"author":1,"featured_media":3990,"parent":0,"template":"","tags":[],"product-type":[302],"class_list":["post-3988","product","type-product","status-publish","has-post-thumbnail","hentry","product-type-arable-plows"],"_links":{"self":[{"href":"https:\/\/taizyfarmequipment.com\/pt\/wp-json\/wp\/v2\/product\/3988","targetHints":{"allow":["GET"]}}],"collection":[{"href":"https:\/\/taizyfarmequipment.com\/pt\/wp-json\/wp\/v2\/product"}],"about":[{"href":"https:\/\/taizyfarmequipment.com\/pt\/wp-json\/wp\/v2\/types\/product"}],"author":[{"embeddable":true,"href":"https:\/\/taizyfarmequipment.com\/pt\/wp-json\/wp\/v2\/users\/1"}],"wp:featuredmedia":[{"embeddable":true,"href":"https:\/\/taizyfarmequipment.com\/pt\/wp-json\/wp\/v2\/media\/3990"}],"wp:attachment":[{"href":"https:\/\/taizyfarmequipment.com\/pt\/wp-json\/wp\/v2\/media?parent=3988"}],"wp:term":[{"taxonomy":"post_tag","embeddable":true,"href":"https:\/\/taizyfarmequipment.com\/pt\/wp-json\/wp\/v2\/tags?post=3988"},{"taxonomy":"product-type","embeddable":true,"href":"https:\/\/taizyfarmequipment.com\/pt\/wp-json\/wp\/v2\/product-type?post=3988"}],"curies":[{"name":"wp","href":"https:\/\/api.w.org\/{rel}","templated":true}]}}