{"id":4206,"date":"2023-11-16T16:54:32","date_gmt":"2023-11-16T08:54:32","guid":{"rendered":"https:\/\/taizyfarmequipment.com\/?post_type=product&#038;p=4206"},"modified":"2023-11-16T16:54:34","modified_gmt":"2023-11-16T08:54:34","slug":"maquina-debulhadora-de-arroz-e-trigo","status":"publish","type":"product","link":"https:\/\/taizyfarmequipment.com\/pt\/product\/rice-and-wheat-thresher-machine\/","title":{"rendered":"M\u00e1quina debulhadora de arroz e trigo"},"content":{"rendered":"<div class=\"kk-star-ratings kksr-auto kksr-align-left kksr-valign-top\"     data-payload='{&quot;align&quot;:&quot;left&quot;,&quot;id&quot;:&quot;4206&quot;,&quot;slug&quot;:&quot;default&quot;,&quot;valign&quot;:&quot;top&quot;,&quot;ignore&quot;:&quot;&quot;,&quot;reference&quot;:&quot;auto&quot;,&quot;class&quot;:&quot;&quot;,&quot;count&quot;:&quot;12&quot;,&quot;legendonly&quot;:&quot;&quot;,&quot;readonly&quot;:&quot;&quot;,&quot;score&quot;:&quot;4.6&quot;,&quot;starsonly&quot;:&quot;&quot;,&quot;best&quot;:&quot;5&quot;,&quot;gap&quot;:&quot;5&quot;,&quot;greet&quot;:&quot;Rate this product&quot;,&quot;legend&quot;:&quot;4.6\\\/5 - (12 votes)&quot;,&quot;size&quot;:&quot;24&quot;,&quot;title&quot;:&quot;Rice and wheat thresher machine&quot;,&quot;width&quot;:&quot;130.9&quot;,&quot;_legend&quot;:&quot;{score}\\\/{best} - ({count} {votes})&quot;,&quot;font_factor&quot;:&quot;1.25&quot;}'>              <div class=\"kksr-stars\">      <div class=\"kksr-stars-inactive\">             <div class=\"kksr-star\" data-star=\"1\" style=\"padding-right: 5px\">               <div class=\"kksr-icon\" style=\"width: 24px; height: 24px;\"><\/div>         <\/div>             <div class=\"kksr-star\" data-star=\"2\" style=\"padding-right: 5px\">               <div class=\"kksr-icon\" style=\"width: 24px; height: 24px;\"><\/div>         <\/div>             <div class=\"kksr-star\" data-star=\"3\" style=\"padding-right: 5px\">               <div class=\"kksr-icon\" style=\"width: 24px; height: 24px;\"><\/div>         <\/div>             <div class=\"kksr-star\" data-star=\"4\" style=\"padding-right: 5px\">               <div class=\"kksr-icon\" style=\"width: 24px; height: 24px;\"><\/div>         <\/div>             <div class=\"kksr-star\" data-star=\"5\" style=\"padding-right: 5px\">               <div class=\"kksr-icon\" style=\"width: 24px; height: 24px;\"><\/div>         <\/div>     <\/div>      <div class=\"kksr-stars-active\" style=\"width: 130.9px;\">             <div class=\"kksr-star\" style=\"padding-right: 5px\">               <div class=\"kksr-icon\" style=\"width: 24px; height: 24px;\"><\/div>         <\/div>             <div class=\"kksr-star\" style=\"padding-right: 5px\">               <div class=\"kksr-icon\" style=\"width: 24px; height: 24px;\"><\/div>         <\/div>             <div class=\"kksr-star\" style=\"padding-right: 5px\">               <div class=\"kksr-icon\" style=\"width: 24px; height: 24px;\"><\/div>         <\/div>             <div class=\"kksr-star\" style=\"padding-right: 5px\">               <div class=\"kksr-icon\" style=\"width: 24px; height: 24px;\"><\/div>         <\/div>             <div class=\"kksr-star\" style=\"padding-right: 5px\">               <div class=\"kksr-icon\" style=\"width: 24px; height: 24px;\"><\/div>         <\/div>     <\/div> <\/div>                   <div class=\"kksr-legend\" style=\"font-size: 19.2px;\">             4,6\/5 - (12 votos)    <\/div>     <\/div>  <p><br>A m\u00e1quina debulhadora de arroz e trigo \u00e9 adequada para debulhar uma variedade de culturas, incluindo trigo, arroz, soja, colza, milho, sorgo e outros. Caracteriza-se por sua alta efici\u00eancia de produ\u00e7\u00e3o, debulha completa e sem danos e teor m\u00ednimo de impurezas. <\/p>    <p>Esta m\u00e1quina pode ser movida por tr\u00eas op\u00e7\u00f5es diferentes: motor diesel, motor a gasolina ou motor el\u00e9trico, oferecendo adaptabilidade de acordo com requisitos espec\u00edficos.<\/p>    <figure class=\"wp-block-gallery has-nested-images columns-default is-cropped wp-block-gallery-2 is-layout-flex wp-block-gallery-is-layout-flex\"> <figure class=\"wp-block-image size-large\"><img loading=\"lazy\" decoding=\"async\" width=\"720\" height=\"540\" data-id=\"4216\" src=\"https:\/\/taizyfarmequipment.com\/wp-content\/uploads\/2023\/11\/commercial-thresher-machine.webp\" alt=\"m\u00e1quina debulhadora comercial\" class=\"wp-image-4216\" srcset=\"https:\/\/taizyfarmequipment.com\/wp-content\/uploads\/2023\/11\/commercial-thresher-machine.webp 720w, https:\/\/taizyfarmequipment.com\/wp-content\/uploads\/2023\/11\/commercial-thresher-machine-300x225.webp 300w\" sizes=\"auto, (max-width: 720px) 100vw, 720px\" \/><figcaption class=\"wp-element-caption\">m\u00e1quina debulhadora comercial<\/figcaption><\/figure>    <figure class=\"wp-block-image size-large\"><img loading=\"lazy\" decoding=\"async\" width=\"720\" height=\"540\" data-id=\"4217\" src=\"https:\/\/taizyfarmequipment.com\/wp-content\/uploads\/2023\/11\/industrial-thresher-machine.webp\" alt=\"m\u00e1quina debulhadora industrial\" class=\"wp-image-4217\" srcset=\"https:\/\/taizyfarmequipment.com\/wp-content\/uploads\/2023\/11\/industrial-thresher-machine.webp 720w, https:\/\/taizyfarmequipment.com\/wp-content\/uploads\/2023\/11\/industrial-thresher-machine-300x225.webp 300w\" sizes=\"auto, (max-width: 720px) 100vw, 720px\" \/><figcaption class=\"wp-element-caption\">m\u00e1quina debulhadora industrial<\/figcaption><\/figure>    <figure class=\"wp-block-image size-large\"><img loading=\"lazy\" decoding=\"async\" width=\"720\" height=\"540\" data-id=\"4218\" src=\"https:\/\/taizyfarmequipment.com\/wp-content\/uploads\/2023\/11\/thresher-machine-with-good-price.webp\" alt=\"m\u00e1quina debulhadora com bom pre\u00e7o\" class=\"wp-image-4218\" srcset=\"https:\/\/taizyfarmequipment.com\/wp-content\/uploads\/2023\/11\/thresher-machine-with-good-price.webp 720w, https:\/\/taizyfarmequipment.com\/wp-content\/uploads\/2023\/11\/thresher-machine-with-good-price-300x225.webp 300w\" sizes=\"auto, (max-width: 720px) 100vw, 720px\" \/><figcaption class=\"wp-element-caption\">m\u00e1quina debulhadora com bom pre\u00e7o<\/figcaption><\/figure> <\/figure>    <h2 class=\"wp-block-heading\">Princ\u00edpio de funcionamento da m\u00e1quina debulhadora de arroz e trigo<\/h2>    <p>Nossa m\u00e1quina de thresher de arroz e trigo compreende uma entrada, sa\u00edda de palha, sa\u00edda de sementes e cilindro de debulha. Aqui est\u00e1 uma vis\u00e3o geral do princ\u00edpio de funcionamento da m\u00e1quina:<\/p>    <figure class=\"wp-block-image size-full\"><img loading=\"lazy\" decoding=\"async\" width=\"720\" height=\"540\" src=\"https:\/\/taizyfarmequipment.com\/wp-content\/uploads\/2023\/11\/thresher-machine.webp\" alt=\"m\u00e1quina debulhadora\" class=\"wp-image-4219\" srcset=\"https:\/\/taizyfarmequipment.com\/wp-content\/uploads\/2023\/11\/thresher-machine.webp 720w, https:\/\/taizyfarmequipment.com\/wp-content\/uploads\/2023\/11\/thresher-machine-300x225.webp 300w\" sizes=\"auto, (max-width: 720px) 100vw, 720px\" \/><figcaption class=\"wp-element-caption\">m\u00e1quina debulhadora<\/figcaption><\/figure>    <ol class=\"wp-block-list\"> <li><strong>Processo de alimenta\u00e7\u00e3o:<\/strong> Os agricultores inserem as culturas colhidas, como arroz ou trigo, atrav\u00e9s da entrada, direcionando-as para a m\u00e1quina.<\/li>    <li><strong>Opera\u00e7\u00e3o do cilindro debulhador:<\/strong> As colheitas entram no cilindro debulhador, componente crucial. O cilindro trilhador, por rota\u00e7\u00e3o ou outro meio mec\u00e2nico, separa os gr\u00e3os da palha. Durante este processo, a m\u00e1quina aplica a for\u00e7a adequada para garantir uma debulha eficaz.<\/li>    <li><strong>Separa\u00e7\u00e3o de Sementes e Palha:<\/strong> Terminada a trilha, as sementes (gr\u00e3os) e a palha s\u00e3o descarregadas pela sa\u00edda de sementes e pela sa\u00edda de palha, respectivamente. A sa\u00edda de sementes \u00e9 utilizada para coletar os gr\u00e3os separados, enquanto a sa\u00edda de palha expele os res\u00edduos culturais n\u00e3o aproveitados.<\/li> <\/ol>    <figure class=\"wp-block-image size-full\"><img loading=\"lazy\" decoding=\"async\" width=\"720\" height=\"540\" src=\"https:\/\/taizyfarmequipment.com\/wp-content\/uploads\/2023\/11\/structure-of-rice-and-wheat-threshing-machine.webp\" alt=\"estrutura da debulhadora de arroz e trigo\" class=\"wp-image-4209\" srcset=\"https:\/\/taizyfarmequipment.com\/wp-content\/uploads\/2023\/11\/structure-of-rice-and-wheat-threshing-machine.webp 720w, https:\/\/taizyfarmequipment.com\/wp-content\/uploads\/2023\/11\/structure-of-rice-and-wheat-threshing-machine-300x225.webp 300w\" sizes=\"auto, (max-width: 720px) 100vw, 720px\" \/><figcaption class=\"wp-element-caption\">estrutura da debulhadora de arroz e trigo<\/figcaption><\/figure>    <h2 class=\"wp-block-heading\">Mat\u00e9rias-primas da debulhadora<\/h2>    <p>Nossa m\u00e1quina Thresher \u00e9 uma ferramenta agr\u00edcola vers\u00e1til adequada para uma variedade de culturas, incluindo soja, sorgo, trigo, milho, arroz, colza, quinoa, gergelim e muito mais. ADIBILIDADOS EM PARA CARACTER\u00cdSTICAS DE CLOURAS DIFERENTES, esta m\u00e1quina est\u00e1 equipada com telas de tamanhos variados, permitindo a sele\u00e7\u00e3o do tamanho da malha apropriado com base nas dimens\u00f5es da colheita.<\/p>    <p>A flexibilidade desta m\u00e1quina permite que os agricultores processem com efici\u00eancia uma gama diversificada de culturas usando um \u00fanico equipamento. Ao escolher o tamanho da tela certo, nossa m\u00e1quina de debulhador garante um excelente desempenho, garantindo uma separa\u00e7\u00e3o eficiente e completa durante o processo de debulha. <\/p>    <p>Seja soja, sorgo, trigo ou outras culturas, esta m\u00e1quina fornece uma solu\u00e7\u00e3o ideal para cada uma, tornando a produ\u00e7\u00e3o agr\u00edcola mais conveniente e eficiente. A adaptabilidade e a versatilidade do design destinam -se a atender \u00e0s necessidades de diferentes fazendas e culturas, aumentando, em \u00faltima an\u00e1lise, a efici\u00eancia e a qualidade do processamento agr\u00edcola.<\/p>    <figure class=\"wp-block-gallery has-nested-images columns-default is-cropped wp-block-gallery-3 is-layout-flex wp-block-gallery-is-layout-flex\"> <figure class=\"wp-block-image size-large\"><img loading=\"lazy\" decoding=\"async\" width=\"720\" height=\"540\" data-id=\"4210\" src=\"https:\/\/taizyfarmequipment.com\/wp-content\/uploads\/2023\/11\/different-materials-of-rice-and-wheat-threshing-machine.webp\" alt=\"diferentes materiais de m\u00e1quina de debulha de arroz e trigo\" class=\"wp-image-4210\" srcset=\"https:\/\/taizyfarmequipment.com\/wp-content\/uploads\/2023\/11\/different-materials-of-rice-and-wheat-threshing-machine.webp 720w, https:\/\/taizyfarmequipment.com\/wp-content\/uploads\/2023\/11\/different-materials-of-rice-and-wheat-threshing-machine-300x225.webp 300w\" sizes=\"auto, (max-width: 720px) 100vw, 720px\" \/><figcaption class=\"wp-element-caption\">diferentes materiais de m\u00e1quina de debulha de arroz e trigo<\/figcaption><\/figure>    <figure class=\"wp-block-image size-large\"><img loading=\"lazy\" decoding=\"async\" width=\"720\" height=\"540\" data-id=\"4211\" src=\"https:\/\/taizyfarmequipment.com\/wp-content\/uploads\/2023\/11\/raw-materials-of-rice-and-wheat-threshing-machine.webp\" alt=\"mat\u00e9rias-primas da m\u00e1quina debulhadora de arroz e trigo\" class=\"wp-image-4211\" srcset=\"https:\/\/taizyfarmequipment.com\/wp-content\/uploads\/2023\/11\/raw-materials-of-rice-and-wheat-threshing-machine.webp 720w, https:\/\/taizyfarmequipment.com\/wp-content\/uploads\/2023\/11\/raw-materials-of-rice-and-wheat-threshing-machine-300x225.webp 300w\" sizes=\"auto, (max-width: 720px) 100vw, 720px\" \/><figcaption class=\"wp-element-caption\">mat\u00e9rias-primas da m\u00e1quina debulhadora de arroz e trigo<\/figcaption><\/figure> <\/figure>    <h2 class=\"wp-block-heading\">Par\u00e2metros da m\u00e1quina debulhadora de arroz e trigo<\/h2>    <figure class=\"wp-block-table\"><table><tbody><tr><td>Modelo<\/td><td>Velocidade nominal<\/td><td>Capacidade<\/td><td>Cilindro debulhador<\/td><td>Tamanho da peneira<\/td><td>Peso<\/td><td>Tamanho total<\/td><\/tr><tr><td>TZ-90<\/td><td>3600 rpm<\/td><td>600-800 kg\/hora<\/td><td>360*900mm<\/td><td>870*610mm<\/td><td>90kg<\/td><td>1640*1640*1280mm<\/td><\/tr><\/tbody><\/table><\/figure>    <h2 class=\"wp-block-heading\">Aplica\u00e7\u00e3o principal da m\u00e1quina debulhadora de arroz e trigo<\/h2>    <ol class=\"wp-block-list\"> <li><strong>Propriet\u00e1rios de fazendas em grande escala:<\/strong> Estas m\u00e1quinas desempenham um papel crucial nas explora\u00e7\u00f5es agr\u00edcolas de grande escala. Para quem cultiva extensas \u00e1reas de arroz e trigo, este equipamento aumenta significativamente a efici\u00eancia da produ\u00e7\u00e3o e reduz a necessidade de uma grande for\u00e7a de trabalho.<\/li>    <li><strong>Pequenos agricultores:<\/strong> Mesmo em opera\u00e7\u00f5es agr\u00edcolas menores, a m\u00e1quina debulhadora de arroz e trigo prova ser uma ferramenta valiosa. Ajuda os pequenos agricultores a manusear as colheitas de forma mais eficiente, reduzindo o trabalho f\u00edsico e melhorando a produtividade global.<\/li>    <li><strong>Produtores multiculturais:<\/strong> Devido \u00e0 versatilidade destas debulhadoras, elas s\u00e3o ideais para agricultores envolvidos em cultivos multiculturais. Isso inclui aqueles que cultivam diferentes tipos de culturas, como trigo, arroz, soja, colza e muito mais.<\/li>    <li><strong>Produtores agr\u00edcolas tecnologicamente avan\u00e7ados:<\/strong> Os agricultores que adotam tecnologias agr\u00edcolas modernas e equipamentos mecanizados consideram a m\u00e1quina debulhadora de arroz e trigo indispens\u00e1vel. Esses produtores tendem a investir em ferramentas agr\u00edcolas avan\u00e7adas para aumentar a efici\u00eancia e os rendimentos.<\/li>    <li><strong>Regi\u00f5es com escassez de m\u00e3o de obra:<\/strong> Em algumas zonas rurais que enfrentam escassez de m\u00e3o-de-obra, os agricultores tendem a adoptar ferramentas automatizadas, como a debulhadora de arroz e trigo, para aliviar as press\u00f5es laborais.<\/li> <\/ol>    <figure class=\"wp-block-gallery has-nested-images columns-default is-cropped wp-block-gallery-4 is-layout-flex wp-block-gallery-is-layout-flex\"> <figure class=\"wp-block-image size-large\"><img loading=\"lazy\" decoding=\"async\" width=\"720\" height=\"540\" data-id=\"4213\" src=\"https:\/\/taizyfarmequipment.com\/wp-content\/uploads\/2023\/11\/thresher-machine-for-sale.webp\" alt=\"m\u00e1quina debulhadora para venda\" class=\"wp-image-4213\" srcset=\"https:\/\/taizyfarmequipment.com\/wp-content\/uploads\/2023\/11\/thresher-machine-for-sale.webp 720w, https:\/\/taizyfarmequipment.com\/wp-content\/uploads\/2023\/11\/thresher-machine-for-sale-300x225.webp 300w\" sizes=\"auto, (max-width: 720px) 100vw, 720px\" \/><figcaption class=\"wp-element-caption\">m\u00e1quina debulhadora para venda<\/figcaption><\/figure>    <figure class=\"wp-block-image size-large\"><img loading=\"lazy\" decoding=\"async\" width=\"720\" height=\"540\" data-id=\"4212\" src=\"https:\/\/taizyfarmequipment.com\/wp-content\/uploads\/2023\/11\/thresher-machine-for-business.webp\" alt=\"m\u00e1quina debulhadora para neg\u00f3cios\" class=\"wp-image-4212\" srcset=\"https:\/\/taizyfarmequipment.com\/wp-content\/uploads\/2023\/11\/thresher-machine-for-business.webp 720w, https:\/\/taizyfarmequipment.com\/wp-content\/uploads\/2023\/11\/thresher-machine-for-business-300x225.webp 300w\" sizes=\"auto, (max-width: 720px) 100vw, 720px\" \/><figcaption class=\"wp-element-caption\">m\u00e1quina debulhadora para neg\u00f3cios<\/figcaption><\/figure> <\/figure>    <h2 class=\"wp-block-heading\">Por que escolher comprar nossa m\u00e1quina debulhadora de arroz e trigo<\/h2>    <p>Como fornecedor de m\u00e1quinas debulhadoras de arroz e trigo, temos orgulho em fornecer produtos e servi\u00e7os excepcionais. Nossa capacidade de estoque \u00e9 um fator chave para nosso sucesso, garantindo nossa capacidade de responder prontamente \u00e0s necessidades dos clientes e atender pedidos de diversas escalas e tipos.<\/p>    <p>Ter um amplo estoque significa que podemos fornecer solu\u00e7\u00f5es flex\u00edveis, atendendo rapidamente \u00e0s necessidades personalizadas de nossos clientes. Nosso estoque abrange n\u00e3o apenas modelos padr\u00e3o, mas tamb\u00e9m uma ampla gama de tamanhos e configura\u00e7\u00f5es, atendendo \u00e0s necessidades de diferentes regi\u00f5es e opera\u00e7\u00f5es agr\u00edcolas.<\/p>    <p>Como seu parceiro de confian\u00e7a, temos o compromisso de fornecer m\u00e1quinas debulhadoras de arroz e trigo de alto desempenho, dur\u00e1veis \u200b\u200be econ\u00f4micas. Quer voc\u00ea seja um grande propriet\u00e1rio de uma fazenda, um pequeno agricultor ou uma empresa agr\u00edcola, nossa capacidade de estoque nos permite atender \u00e0s suas diversas necessidades, contribuindo para o avan\u00e7o da sua produ\u00e7\u00e3o agr\u00edcola. Esperamos estabelecer uma parceria de longo prazo consigo, impulsionando colectivamente o crescimento e a prosperidade no sector agr\u00edcola.<\/p>    <figure class=\"wp-block-gallery has-nested-images columns-default is-cropped wp-block-gallery-5 is-layout-flex wp-block-gallery-is-layout-flex\"> <figure class=\"wp-block-image size-large\"><img loading=\"lazy\" decoding=\"async\" width=\"720\" height=\"540\" data-id=\"4214\" src=\"https:\/\/taizyfarmequipment.com\/wp-content\/uploads\/2023\/11\/rice-and-wheat-threshing-machine-in-stock.webp\" alt=\"M\u00e1quina debulhadora de arroz e trigo em estoque\" class=\"wp-image-4214\" srcset=\"https:\/\/taizyfarmequipment.com\/wp-content\/uploads\/2023\/11\/rice-and-wheat-threshing-machine-in-stock.webp 720w, https:\/\/taizyfarmequipment.com\/wp-content\/uploads\/2023\/11\/rice-and-wheat-threshing-machine-in-stock-300x225.webp 300w\" sizes=\"auto, (max-width: 720px) 100vw, 720px\" \/><figcaption class=\"wp-element-caption\">M\u00e1quina debulhadora de arroz e trigo em estoque<\/figcaption><\/figure>    <figure class=\"wp-block-image size-large\"><img loading=\"lazy\" decoding=\"async\" width=\"720\" height=\"540\" data-id=\"4215\" src=\"https:\/\/taizyfarmequipment.com\/wp-content\/uploads\/2023\/11\/transportation-of-rice-and-wheat-threshing-machine.webp\" alt=\"transporte de m\u00e1quina debulhadora de arroz e trigo\" class=\"wp-image-4215\" srcset=\"https:\/\/taizyfarmequipment.com\/wp-content\/uploads\/2023\/11\/transportation-of-rice-and-wheat-threshing-machine.webp 720w, https:\/\/taizyfarmequipment.com\/wp-content\/uploads\/2023\/11\/transportation-of-rice-and-wheat-threshing-machine-300x225.webp 300w\" sizes=\"auto, (max-width: 720px) 100vw, 720px\" \/><figcaption class=\"wp-element-caption\">transporte de m\u00e1quina debulhadora de arroz e trigo<\/figcaption><\/figure> <\/figure>","protected":false},"excerpt":{"rendered":"<p>A m\u00e1quina debulhadora de arroz e trigo \u00e9 adequada para debulhar uma variedade de culturas, incluindo trigo, arroz, soja, colza, milho, sorgo e outros. <\/p>","protected":false},"author":1,"featured_media":4207,"parent":0,"template":"","tags":[],"product-type":[129],"class_list":["post-4206","product","type-product","status-publish","has-post-thumbnail","hentry","product-type-thresher-and-sheller"],"_links":{"self":[{"href":"https:\/\/taizyfarmequipment.com\/pt\/wp-json\/wp\/v2\/product\/4206","targetHints":{"allow":["GET"]}}],"collection":[{"href":"https:\/\/taizyfarmequipment.com\/pt\/wp-json\/wp\/v2\/product"}],"about":[{"href":"https:\/\/taizyfarmequipment.com\/pt\/wp-json\/wp\/v2\/types\/product"}],"author":[{"embeddable":true,"href":"https:\/\/taizyfarmequipment.com\/pt\/wp-json\/wp\/v2\/users\/1"}],"wp:featuredmedia":[{"embeddable":true,"href":"https:\/\/taizyfarmequipment.com\/pt\/wp-json\/wp\/v2\/media\/4207"}],"wp:attachment":[{"href":"https:\/\/taizyfarmequipment.com\/pt\/wp-json\/wp\/v2\/media?parent=4206"}],"wp:term":[{"taxonomy":"post_tag","embeddable":true,"href":"https:\/\/taizyfarmequipment.com\/pt\/wp-json\/wp\/v2\/tags?post=4206"},{"taxonomy":"product-type","embeddable":true,"href":"https:\/\/taizyfarmequipment.com\/pt\/wp-json\/wp\/v2\/product-type?post=4206"}],"curies":[{"name":"wp","href":"https:\/\/api.w.org\/{rel}","templated":true}]}}