{"id":4326,"date":"2024-02-01T17:14:53","date_gmt":"2024-02-01T09:14:53","guid":{"rendered":"https:\/\/taizyfarmequipment.com\/?post_type=product&#038;p=4326"},"modified":"2025-11-25T15:43:14","modified_gmt":"2025-11-25T07:43:14","slug":"maquina-de-espalhar-silagem","status":"publish","type":"product","link":"https:\/\/taizyfarmequipment.com\/pt\/product\/silage-spreader-machine\/","title":{"rendered":"M\u00e1quina espalhadora de silagem\u4e28Carro espalhador de forragem"},"content":{"rendered":"<div class=\"kk-star-ratings kksr-auto kksr-align-left kksr-valign-top\"     data-payload='{&quot;align&quot;:&quot;left&quot;,&quot;id&quot;:&quot;4326&quot;,&quot;slug&quot;:&quot;default&quot;,&quot;valign&quot;:&quot;top&quot;,&quot;ignore&quot;:&quot;&quot;,&quot;reference&quot;:&quot;auto&quot;,&quot;class&quot;:&quot;&quot;,&quot;count&quot;:&quot;19&quot;,&quot;legendonly&quot;:&quot;&quot;,&quot;readonly&quot;:&quot;&quot;,&quot;score&quot;:&quot;4.6&quot;,&quot;starsonly&quot;:&quot;&quot;,&quot;best&quot;:&quot;5&quot;,&quot;gap&quot;:&quot;5&quot;,&quot;greet&quot;:&quot;Rate this product&quot;,&quot;legend&quot;:&quot;4.6\\\/5 - (19 votes)&quot;,&quot;size&quot;:&quot;24&quot;,&quot;title&quot;:&quot;Silage spreader machine\u4e28Forage spreading car&quot;,&quot;width&quot;:&quot;130.9&quot;,&quot;_legend&quot;:&quot;{score}\\\/{best} - ({count} {votes})&quot;,&quot;font_factor&quot;:&quot;1.25&quot;}'>              <div class=\"kksr-stars\">      <div class=\"kksr-stars-inactive\">             <div class=\"kksr-star\" data-star=\"1\" style=\"padding-right: 5px\">               <div class=\"kksr-icon\" style=\"width: 24px; height: 24px;\"><\/div>         <\/div>             <div class=\"kksr-star\" data-star=\"2\" style=\"padding-right: 5px\">               <div class=\"kksr-icon\" style=\"width: 24px; height: 24px;\"><\/div>         <\/div>             <div class=\"kksr-star\" data-star=\"3\" style=\"padding-right: 5px\">               <div class=\"kksr-icon\" style=\"width: 24px; height: 24px;\"><\/div>         <\/div>             <div class=\"kksr-star\" data-star=\"4\" style=\"padding-right: 5px\">               <div class=\"kksr-icon\" style=\"width: 24px; height: 24px;\"><\/div>         <\/div>             <div class=\"kksr-star\" data-star=\"5\" style=\"padding-right: 5px\">               <div class=\"kksr-icon\" style=\"width: 24px; height: 24px;\"><\/div>         <\/div>     <\/div>      <div class=\"kksr-stars-active\" style=\"width: 130.9px;\">             <div class=\"kksr-star\" style=\"padding-right: 5px\">               <div class=\"kksr-icon\" style=\"width: 24px; height: 24px;\"><\/div>         <\/div>             <div class=\"kksr-star\" style=\"padding-right: 5px\">               <div class=\"kksr-icon\" style=\"width: 24px; height: 24px;\"><\/div>         <\/div>             <div class=\"kksr-star\" style=\"padding-right: 5px\">               <div class=\"kksr-icon\" style=\"width: 24px; height: 24px;\"><\/div>         <\/div>             <div class=\"kksr-star\" style=\"padding-right: 5px\">               <div class=\"kksr-icon\" style=\"width: 24px; height: 24px;\"><\/div>         <\/div>             <div class=\"kksr-star\" style=\"padding-right: 5px\">               <div class=\"kksr-icon\" style=\"width: 24px; height: 24px;\"><\/div>         <\/div>     <\/div> <\/div>                   <div class=\"kksr-legend\" style=\"font-size: 19.2px;\">             4,6\/5 - (19 votos)    <\/div>     <\/div>  <p>A m\u00e1quina espalhadora de silagem \u00e9 um implemento agr\u00edcola vital projetado para a distribui\u00e7\u00e3o uniforme de silagem nos campos. <\/p>    <p>A silagem, um alimento fermentado feito de forragens verdes como milho ou grama, serve como uma fonte nutricional crucial para o gado durante v\u00e1rias esta\u00e7\u00f5es. <\/p>    <p>Para garantir a utiliza\u00e7\u00e3o eficiente da silagem e a sua cobertura uniforme nos campos agr\u00edcolas, os agricultores recorrem ao uso de m\u00e1quinas espalhadoras de silagem.<\/p>    <h2 class=\"wp-block-heading\">Os principais componentes da m\u00e1quina espalhadora de silagem<\/h2>    <p>Normalmente acoplada a tratores para mobilidade eficiente entre campos, a m\u00e1quina compreende uma tremonha, um sistema de transporte e um mecanismo de espalhamento. <\/p>    <p>A tremonha armazena a silagem, enquanto o sistema de transporte a transporta at\u00e9 o mecanismo espalhador, que garante a dispers\u00e3o uniforme da silagem na superf\u00edcie do campo.<\/p>    <h2 class=\"wp-block-heading\">Diferentes tipos de espalhador de silagem<\/h2>    <p>Os espalhadores de silagem desempenham um papel fundamental na agricultura moderna, facilitando a distribui\u00e7\u00e3o eficiente de materiais forrageiros entre os campos. Entre os diversos tipos dispon\u00edveis, os espalhadores de silagem el\u00e9tricos, diesel e autopropelidos se destacam por suas caracter\u00edsticas e capacidades exclusivas.<\/p>    <h3 class=\"wp-block-heading\"><strong>1. Espalhador de silagem el\u00e9trico:<\/strong><\/h3>    <figure class=\"wp-block-image size-full\"><img loading=\"lazy\" decoding=\"async\" width=\"720\" height=\"540\" src=\"https:\/\/taizyfarmequipment.com\/wp-content\/uploads\/2024\/02\/Electric-Silage-Spreader-1.webp\" alt=\"Espalhador de silagem el\u00e9trico\" class=\"wp-image-4939\" srcset=\"https:\/\/taizyfarmequipment.com\/wp-content\/uploads\/2024\/02\/Electric-Silage-Spreader-1.webp 720w, https:\/\/taizyfarmequipment.com\/wp-content\/uploads\/2024\/02\/Electric-Silage-Spreader-1-300x225.webp 300w, https:\/\/taizyfarmequipment.com\/wp-content\/uploads\/2024\/02\/Electric-Silage-Spreader-1-16x12.webp 16w\" sizes=\"auto, (max-width: 720px) 100vw, 720px\" \/><figcaption class=\"wp-element-caption\">Espalhador de silagem el\u00e9trico<\/figcaption><\/figure>    <p>Os espalhadores de silagem el\u00e9tricos s\u00e3o movidos a eletricidade e s\u00e3o conhecidos por sua opera\u00e7\u00e3o ecologicamente correta. Estas m\u00e1quinas oferecem uma solu\u00e7\u00e3o confi\u00e1vel e econ\u00f4mica para agricultores que buscam uma abordagem sustent\u00e1vel para distribui\u00e7\u00e3o de forragem. <\/p>    <p>Os modelos el\u00e9tricos s\u00e3o frequentemente preferidos pelo seu funcionamento silencioso e baixos requisitos de manuten\u00e7\u00e3o. Contribuem para reduzir o impacto ambiental das atividades agr\u00edcolas, tornando-as uma escolha para quem d\u00e1 prioridade a pr\u00e1ticas agr\u00edcolas verdes.<\/p>    <figure class=\"wp-block-table\"><table><tbody><tr><td>Tamanho total<\/td><td>3,6*1,5*2,0m<\/td><\/tr><tr><td>Tamanho do compartimento<\/td><td>2,0*1,2*1,4m<\/td><\/tr><tr><td>Largura da correia<\/td><td>400mm<\/td><\/tr><tr><td>Tens\u00e3o<\/td><td>72v<\/td><\/tr><tr><td>Volume<\/td><td>3m\u00b3<\/td><\/tr><tr><td>Altura de espalhamento<\/td><td>60cm<\/td><\/tr><\/tbody><\/table><figcaption class=\"wp-element-caption\"><strong>Par\u00e2metros do espalhador de silagem el\u00e9trica<\/strong><\/figcaption><\/figure>    <h3 class=\"wp-block-heading\"><strong>2. Espalhador de silagem diesel:<\/strong><\/h3>    <figure class=\"wp-block-image size-full\"><img loading=\"lazy\" decoding=\"async\" width=\"720\" height=\"540\" src=\"https:\/\/taizyfarmequipment.com\/wp-content\/uploads\/2024\/02\/Diesel-Silage-Spreader-2.webp\" alt=\"Espalhador de Silagem Diesel\" class=\"wp-image-4940\" srcset=\"https:\/\/taizyfarmequipment.com\/wp-content\/uploads\/2024\/02\/Diesel-Silage-Spreader-2.webp 720w, https:\/\/taizyfarmequipment.com\/wp-content\/uploads\/2024\/02\/Diesel-Silage-Spreader-2-300x225.webp 300w, https:\/\/taizyfarmequipment.com\/wp-content\/uploads\/2024\/02\/Diesel-Silage-Spreader-2-16x12.webp 16w\" sizes=\"auto, (max-width: 720px) 100vw, 720px\" \/><figcaption class=\"wp-element-caption\">Espalhador de Silagem Diesel<\/figcaption><\/figure>    <p>Os espalhadores de silagem a diesel s\u00e3o robustos e potentes, adequados para opera\u00e7\u00f5es agr\u00edcolas em grande escala. Essas m\u00e1quinas s\u00e3o conhecidas por seu alto torque e durabilidade, o que as torna capazes de cobrir \u00e1reas extensas com efici\u00eancia. <\/p>    <p>Os espalhadores movidos a diesel s\u00e3o frequentemente preferidos em situa\u00e7\u00f5es onde uma fonte de energia constante e poderosa \u00e9 crucial. A versatilidade e a efici\u00eancia de combust\u00edvel dos motores diesel tornam estes espalhadores adequados para v\u00e1rios materiais forrageiros, garantindo um desempenho confi\u00e1vel em diversos ambientes agr\u00edcolas.<\/p>    <figure class=\"wp-block-table\"><table><tbody><tr><td>Tamanho total<\/td><td>4,7*1,7*2,2m<\/td><\/tr><tr><td>Tamanho de entrada<\/td><td>2500*1400mm<\/td><\/tr><tr><td>Tamanho da sa\u00edda<\/td><td>600*470mm<\/td><\/tr><tr><td>Tens\u00e3o<\/td><td>12v<\/td><\/tr><tr><td>Volume<\/td><td>5m\u00b3<\/td><\/tr><tr><td>Altura de espalhamento<\/td><td>60cm<\/td><\/tr><\/tbody><\/table><figcaption class=\"wp-element-caption\"><strong>Par\u00e2metros do espalhador de silagem diesel<\/strong><\/figcaption><\/figure>    <h3 class=\"wp-block-heading\"><strong>3. Espalhador de silagem autopropelido com funcionalidade de mistura:<\/strong><\/h3>    <figure class=\"wp-block-image size-full\"><img loading=\"lazy\" decoding=\"async\" width=\"720\" height=\"540\" src=\"https:\/\/taizyfarmequipment.com\/wp-content\/uploads\/2024\/02\/Self-Propelled-Silage-Spreader.webp\" alt=\"Espalhador de silagem autopropelido\" class=\"wp-image-4330\" srcset=\"https:\/\/taizyfarmequipment.com\/wp-content\/uploads\/2024\/02\/Self-Propelled-Silage-Spreader.webp 720w, https:\/\/taizyfarmequipment.com\/wp-content\/uploads\/2024\/02\/Self-Propelled-Silage-Spreader-300x225.webp 300w\" sizes=\"auto, (max-width: 720px) 100vw, 720px\" \/><figcaption class=\"wp-element-caption\">Espalhador de silagem autopropelido<\/figcaption><\/figure>    <p>O espalhador de silagem autopropelido, equipado com fun\u00e7\u00e3o de mistura, representa uma solu\u00e7\u00e3o de ponta em tecnologia de distribui\u00e7\u00e3o de forragem. Esta m\u00e1quina inovadora n\u00e3o s\u00f3 espalha a silagem, mas tamb\u00e9m incorpora um mecanismo de mistura. Esse recurso permite que o espalhador manuseie materiais como palha e grama com efici\u00eancia. <\/p>    <p>Embora n\u00e3o processe gr\u00e3os devido \u00e0 rota\u00e7\u00e3o lenta das l\u00e2minas ap\u00f3s a agita\u00e7\u00e3o da folha, ele se destaca em triturar e misturar palha mais longa. A a\u00e7\u00e3o de mistura e esmagamento alcan\u00e7ada atrav\u00e9s do contato de agita\u00e7\u00e3o e l\u00e2mina permite a quebra efetiva da palha em part\u00edculas mais finas, aumentando sua adequa\u00e7\u00e3o ao consumo de animais.<\/p>    <figure class=\"wp-block-table\"><table><tbody><tr><td>Tamanho total<\/td><td>5000*1800*2300mm<\/td><\/tr><tr><td>Tamanho de entrada<\/td><td>1050*700mm<\/td><\/tr><tr><td>Tamanho da sa\u00edda<\/td><td>700*500mm<\/td><\/tr><tr><td>Peso<\/td><td>3100kg<\/td><\/tr><\/tbody><\/table><figcaption class=\"wp-element-caption\"><strong>Par\u00e2metros do espalhador de silagem autopropelido<\/strong><\/figcaption><\/figure>    <h2 class=\"wp-block-heading\">Por que comprar um carro espalhador de forragem?<\/h2>    <ol class=\"wp-block-list\"> <li><strong>Distribui\u00e7\u00e3o Eficiente de Forragem:<\/strong> <ul class=\"wp-block-list\"> <li>Os carros espalhadores de forragem s\u00e3o projetados para garantir a distribui\u00e7\u00e3o uniforme e eficiente de silagem ou outros materiais forrageiros nos campos. Isto promove uma cobertura uniforme e ajuda a prevenir o consumo excessivo ou a subutiliza\u00e7\u00e3o dos recursos alimentares.<\/li> <\/ul> <\/li>    <li><strong>Economia de tempo e m\u00e3o de obra:<\/strong> <ul class=\"wp-block-list\"> <li>A distribui\u00e7\u00e3o mecanizada de forragem reduz significativamente o tempo e o trabalho necess\u00e1rios para a distribui\u00e7\u00e3o manual. Isto permite aos agricultores cobrir \u00e1reas maiores com mais rapidez, otimizando a sua efici\u00eancia operacional.<\/li> <\/ul> <\/li>    <li><strong>Aumento da produtividade:<\/strong> <ul class=\"wp-block-list\"> <li>Ao agilizar o processo de distribui\u00e7\u00e3o de forragem, essas m\u00e1quinas contribuem para o aumento da produtividade na fazenda. O gado pode ter acesso a uma fonte de alimenta\u00e7\u00e3o consistente e bem distribu\u00edda, promovendo animais mais saud\u00e1veis \u200b\u200be produtivos.<\/li> <\/ul> <\/li>    <li><strong>Gerenciamento econ\u00f4mico de feeds:<\/strong> <ul class=\"wp-block-list\"> <li>Os carros espalhadores de forragem ajudam a minimizar o desperd\u00edcio de ra\u00e7\u00e3o, garantindo uma distribui\u00e7\u00e3o controlada e precisa. Isto contribui para a poupan\u00e7a de custos, uma vez que os agricultores podem tirar o m\u00e1ximo partido dos seus recursos forrageiros sem perdas desnecess\u00e1rias.<\/li> <\/ul> <\/li>    <li><strong>Melhor equil\u00edbrio nutricional:<\/strong> <ul class=\"wp-block-list\"> <li>A distribui\u00e7\u00e3o uniforme de materiais forrageiros ajuda a manter uma ingest\u00e3o nutricional equilibrada para o gado. Isso \u00e9 crucial para sua sa\u00fade geral, crescimento e reprodu\u00e7\u00e3o.<\/li> <\/ul> <\/li>    <li><strong>Versatilidade:<\/strong> <ul class=\"wp-block-list\"> <li>Muitas m\u00e1quinas espalhadoras de forragem s\u00e3o vers\u00e1teis e podem lidar com v\u00e1rios tipos de materiais forrageiros. Essa adaptabilidade permite que os agricultores utilizem o equipamento para diferentes culturas e \u00e9pocas.<\/li> <\/ul> <\/li> <\/ol>    <figure class=\"wp-block-image size-full\"><img loading=\"lazy\" decoding=\"async\" width=\"720\" height=\"540\" src=\"https:\/\/taizyfarmequipment.com\/wp-content\/uploads\/2024\/02\/Silage-spreader-machine-for-sale.webp\" alt=\"M\u00e1quina espalhadora de silagem para venda\" class=\"wp-image-4331\" srcset=\"https:\/\/taizyfarmequipment.com\/wp-content\/uploads\/2024\/02\/Silage-spreader-machine-for-sale.webp 720w, https:\/\/taizyfarmequipment.com\/wp-content\/uploads\/2024\/02\/Silage-spreader-machine-for-sale-300x225.webp 300w\" sizes=\"auto, (max-width: 720px) 100vw, 720px\" \/><figcaption class=\"wp-element-caption\">M\u00e1quina espalhadora de silagem para venda<\/figcaption><\/figure>    <h2 class=\"wp-block-heading\">Conclus\u00e3o<\/h2>    <p class=\"translation-block\">Comprometida em fornecer espalhadores de silagem eficientes e fi\u00e1veis <a href=\"https:\/\/en.wikipedia.org\/wiki\/Spreader\" data-type=\"link\" data-id=\"https:\/\/en.wikipedia.org\/wiki\/Spreader\" target=\"_blank\" rel=\"noopener\">espalhadores<\/a>, a nossa empresa responde \u00e0s diversas necessidades das explora\u00e7\u00f5es agr\u00edcolas na distribui\u00e7\u00e3o e processamento de forragens. Quer sejam el\u00e9tricos, a gas\u00f3leo ou autopropelidos com funcionalidade de mistura, a nossa gama de produtos enfatiza sustentabilidade, durabilidade e inova\u00e7\u00e3o. <\/p>    <p>A op\u00e7\u00e3o por nossos espalhadores de silagem garante excelente desempenho do produto e servi\u00e7o p\u00f3s-venda profissional. Esperamos ansiosamente colaborar com voc\u00ea para aumentar a efici\u00eancia agr\u00edcola e promover o desenvolvimento sustent\u00e1vel. Entre em contato com nossa equipe de vendas para obter informa\u00e7\u00f5es detalhadas e deixe-nos adaptar a solu\u00e7\u00e3o ideal para suas necessidades espec\u00edficas.<\/p>    <figure class=\"wp-block-image size-full\"><img loading=\"lazy\" decoding=\"async\" width=\"720\" height=\"540\" src=\"https:\/\/taizyfarmequipment.com\/wp-content\/uploads\/2024\/02\/Silage-spreader-machine-with-a-good-price.webp\" alt=\"M\u00e1quina espalhadora de silagem com bom pre\u00e7o\" class=\"wp-image-4332\" srcset=\"https:\/\/taizyfarmequipment.com\/wp-content\/uploads\/2024\/02\/Silage-spreader-machine-with-a-good-price.webp 720w, https:\/\/taizyfarmequipment.com\/wp-content\/uploads\/2024\/02\/Silage-spreader-machine-with-a-good-price-300x225.webp 300w\" sizes=\"auto, (max-width: 720px) 100vw, 720px\" \/><figcaption class=\"wp-element-caption\">M\u00e1quina espalhadora de silagem com bom pre\u00e7o<\/figcaption><\/figure>    <p><\/p>    <p><\/p>    <p><\/p>    <p><\/p>","protected":false},"excerpt":{"rendered":"<p>A m\u00e1quina espalhadora de silagem \u00e9 um implemento agr\u00edcola vital projetado para a distribui\u00e7\u00e3o uniforme de silagem nos campos.<\/p>","protected":false},"author":1,"featured_media":4942,"parent":0,"template":"","tags":[],"product-type":[133],"class_list":["post-4326","product","type-product","status-publish","has-post-thumbnail","hentry","product-type-silage-machine"],"_links":{"self":[{"href":"https:\/\/taizyfarmequipment.com\/pt\/wp-json\/wp\/v2\/product\/4326","targetHints":{"allow":["GET"]}}],"collection":[{"href":"https:\/\/taizyfarmequipment.com\/pt\/wp-json\/wp\/v2\/product"}],"about":[{"href":"https:\/\/taizyfarmequipment.com\/pt\/wp-json\/wp\/v2\/types\/product"}],"author":[{"embeddable":true,"href":"https:\/\/taizyfarmequipment.com\/pt\/wp-json\/wp\/v2\/users\/1"}],"wp:featuredmedia":[{"embeddable":true,"href":"https:\/\/taizyfarmequipment.com\/pt\/wp-json\/wp\/v2\/media\/4942"}],"wp:attachment":[{"href":"https:\/\/taizyfarmequipment.com\/pt\/wp-json\/wp\/v2\/media?parent=4326"}],"wp:term":[{"taxonomy":"post_tag","embeddable":true,"href":"https:\/\/taizyfarmequipment.com\/pt\/wp-json\/wp\/v2\/tags?post=4326"},{"taxonomy":"product-type","embeddable":true,"href":"https:\/\/taizyfarmequipment.com\/pt\/wp-json\/wp\/v2\/product-type?post=4326"}],"curies":[{"name":"wp","href":"https:\/\/api.w.org\/{rel}","templated":true}]}}