{"id":4345,"date":"2024-02-05T16:24:51","date_gmt":"2024-02-05T08:24:51","guid":{"rendered":"https:\/\/taizyfarmequipment.com\/?post_type=product&#038;p=4345"},"modified":"2025-11-25T15:47:22","modified_gmt":"2025-11-25T07:47:22","slug":"maquina-de-corte-de-palha","status":"publish","type":"product","link":"https:\/\/taizyfarmequipment.com\/pt\/product\/straw-cutting-machine\/","title":{"rendered":"M\u00e1quina de corte de palha\u4e28Equipamento de corte de palha"},"content":{"rendered":"<div class=\"kk-star-ratings kksr-auto kksr-align-left kksr-valign-top\"     data-payload='{&quot;align&quot;:&quot;left&quot;,&quot;id&quot;:&quot;4345&quot;,&quot;slug&quot;:&quot;default&quot;,&quot;valign&quot;:&quot;top&quot;,&quot;ignore&quot;:&quot;&quot;,&quot;reference&quot;:&quot;auto&quot;,&quot;class&quot;:&quot;&quot;,&quot;count&quot;:&quot;12&quot;,&quot;legendonly&quot;:&quot;&quot;,&quot;readonly&quot;:&quot;&quot;,&quot;score&quot;:&quot;4.9&quot;,&quot;starsonly&quot;:&quot;&quot;,&quot;best&quot;:&quot;5&quot;,&quot;gap&quot;:&quot;5&quot;,&quot;greet&quot;:&quot;Rate this product&quot;,&quot;legend&quot;:&quot;4.9\\\/5 - (12 votes)&quot;,&quot;size&quot;:&quot;24&quot;,&quot;title&quot;:&quot;Straw cutting machine\u4e28Chaff cutter equipment&quot;,&quot;width&quot;:&quot;139.6&quot;,&quot;_legend&quot;:&quot;{score}\\\/{best} - ({count} {votes})&quot;,&quot;font_factor&quot;:&quot;1.25&quot;}'>              <div class=\"kksr-stars\">      <div class=\"kksr-stars-inactive\">             <div class=\"kksr-star\" data-star=\"1\" style=\"padding-right: 5px\">               <div class=\"kksr-icon\" style=\"width: 24px; height: 24px;\"><\/div>         <\/div>             <div class=\"kksr-star\" data-star=\"2\" style=\"padding-right: 5px\">               <div class=\"kksr-icon\" style=\"width: 24px; height: 24px;\"><\/div>         <\/div>             <div class=\"kksr-star\" data-star=\"3\" style=\"padding-right: 5px\">               <div class=\"kksr-icon\" style=\"width: 24px; height: 24px;\"><\/div>         <\/div>             <div class=\"kksr-star\" data-star=\"4\" style=\"padding-right: 5px\">               <div class=\"kksr-icon\" style=\"width: 24px; height: 24px;\"><\/div>         <\/div>             <div class=\"kksr-star\" data-star=\"5\" style=\"padding-right: 5px\">               <div class=\"kksr-icon\" style=\"width: 24px; height: 24px;\"><\/div>         <\/div>     <\/div>      <div class=\"kksr-stars-active\" style=\"width: 139.6px;\">             <div class=\"kksr-star\" style=\"padding-right: 5px\">               <div class=\"kksr-icon\" style=\"width: 24px; height: 24px;\"><\/div>         <\/div>             <div class=\"kksr-star\" style=\"padding-right: 5px\">               <div class=\"kksr-icon\" style=\"width: 24px; height: 24px;\"><\/div>         <\/div>             <div class=\"kksr-star\" style=\"padding-right: 5px\">               <div class=\"kksr-icon\" style=\"width: 24px; height: 24px;\"><\/div>         <\/div>             <div class=\"kksr-star\" style=\"padding-right: 5px\">               <div class=\"kksr-icon\" style=\"width: 24px; height: 24px;\"><\/div>         <\/div>             <div class=\"kksr-star\" style=\"padding-right: 5px\">               <div class=\"kksr-icon\" style=\"width: 24px; height: 24px;\"><\/div>         <\/div>     <\/div> <\/div>                   <div class=\"kksr-legend\" style=\"font-size: 19.2px;\">             4,9\/5 - (12 votos)    <\/div>     <\/div>  <p>A m\u00e1quina de corte de palha tem a finalidade de cortar e pulverizar diversos materiais como palha, palha, talo de milho, sorgo, silagem e praticamente qualquer tipo de palha em capim finamente processado, adequado para alimenta\u00e7\u00e3o de animais. <\/p>    <p>Esta grama finamente processada pode ser utilizada como ra\u00e7\u00e3o para uma variedade de animais, incluindo bovinos, vacas, cavalos, cabras, ovelhas, galinhas, patos, coelhos, etc., facilitando a digest\u00e3o dos animais. <\/p>    <p>A m\u00e1quina \u00e9 constru\u00edda com uma estrutura de l\u00e2mina de martelo robusta e dur\u00e1vel. Al\u00e9m disso, incorpora uma esteira transportadora para alimenta\u00e7\u00e3o eficiente da grama, garantindo uma efici\u00eancia m\u00ednima de trabalho de pelo menos 4t\/h.<\/p>    <figure class=\"wp-block-embed is-type-video is-provider-youtube wp-block-embed-youtube wp-embed-aspect-16-9 wp-has-aspect-ratio\"><div class=\"wp-block-embed__wrapper\"> <iframe loading=\"lazy\" title=\"Melhore sua colheita: os benef\u00edcios de usar uma m\u00e1quina de corte de palha #chaff #chaffcutter #cutting\" width=\"500\" height=\"281\" src=\"https:\/\/www.youtube.com\/embed\/KO3jyxd94Rk?feature=oembed\" frameborder=\"0\" allow=\"accelerometer; autoplay; clipboard-write; encrypted-media; gyroscope; picture-in-picture; web-share\" referrerpolicy=\"strict-origin-when-cross-origin\" allowfullscreen><\/iframe> <\/div><figcaption class=\"wp-element-caption\">v\u00eddeo de trabalho da m\u00e1quina cortadora de palha<\/figcaption><\/figure>    <h2 class=\"wp-block-heading\">Par\u00e2metros da m\u00e1quina de corte de palha<\/h2>    <figure class=\"wp-block-table\"><table><tbody><tr><td>Modelo<\/td><td>RSJ-6<\/td><td>RSJ-10<\/td><td>RSJ-15<\/td><\/tr><tr><td>Poder<\/td><td>15+1,5 kW<\/td><td>22+2,2 kW<\/td><td>30+4kw<\/td><\/tr><tr><td>Velocidade do Eixo Principal<\/td><td>1750r\/min<\/td><td>1750r\/min<\/td><td>1750r\/min<\/td><\/tr><tr><td>Capacidade<\/td><td>4-7t\/h<\/td><td>7-10t\/h<\/td><td>15t\/h<\/td><\/tr><tr><td>Quantidade de l\u00e2minas<\/td><td>40 unidades<\/td><td>48 unidades<\/td><td>80 unidades<\/td><\/tr><tr><td>Dimens\u00e3o (C*L*A)<\/td><td>2750*950*1500mm<\/td><td>3130*890*1230mm<\/td><td>3900*1400*1200mm<\/td><\/tr><\/tbody><\/table><figcaption class=\"wp-element-caption\">Par\u00e2metros do equipamento cortador de palha<\/figcaption><\/figure>    <h2 class=\"wp-block-heading\">Materiais adequados para m\u00e1quina de corte de silagem<\/h2>    <figure class=\"wp-block-image size-full\"><img loading=\"lazy\" decoding=\"async\" width=\"720\" height=\"540\" src=\"https:\/\/taizyfarmequipment.com\/wp-content\/uploads\/2024\/02\/Chaff-cutter-equipment-in-display.webp\" alt=\"Equipamento cortador de palha em exposi\u00e7\u00e3o\" class=\"wp-image-4350\" srcset=\"https:\/\/taizyfarmequipment.com\/wp-content\/uploads\/2024\/02\/Chaff-cutter-equipment-in-display.webp 720w, https:\/\/taizyfarmequipment.com\/wp-content\/uploads\/2024\/02\/Chaff-cutter-equipment-in-display-300x225.webp 300w\" sizes=\"auto, (max-width: 720px) 100vw, 720px\" \/><figcaption class=\"wp-element-caption\">Equipamento cortador de palha em exposi\u00e7\u00e3o<\/figcaption><\/figure>    <p>A m\u00e1quina de corte de silagem \u00e9 um equipamento vers\u00e1til adequado para processar diversos materiais. Seus principais materiais aplic\u00e1veis \u200b\u200bincluem grama e palha, abrangendo uma variedade de fontes vegetais. <\/p>    <p>Isto inclui, mas n\u00e3o est\u00e1 limitado a, diferentes tipos de grama, como grama verde e feno, bem como v\u00e1rios tipos de palha, como talos de milho, talos de sorgo e muito mais.<\/p>    <h2 class=\"wp-block-heading\">Como funciona o equipamento cortador de palha?<\/h2>   <div id=\"rank-math-howto\" class=\"rank-math-block\" > <div class=\"rank-math-howto-description\">  <\/div>  <div class=\"rank-math-steps\"> <div id=\"howto-step-1707115707591\" class=\"rank-math-step\"> <h3 class=\"rank-math-step-title\">1. <strong>Material de alimenta\u00e7\u00e3o:<\/strong><\/h3> <div class=\"rank-math-step-content\"><p>A mat\u00e9ria-prima, que pode ser palha, feno ou outro tipo de forragem, \u00e9 alimentada manual ou mecanicamente no cortador de palha. O cortador de palha possui uma esteira transportadora para auxiliar nesse processo.<\/p> <\/div> <\/div> <div id=\"howto-step-1707115737529\" class=\"rank-math-step\"> <h3 class=\"rank-math-step-title\">2. <strong>Mecanismo de corte:<\/strong><\/h3> <div class=\"rank-math-step-content\"><img loading=\"lazy\" decoding=\"async\" width=\"720\" height=\"540\" src=\"https:\/\/taizyfarmequipment.com\/wp-content\/uploads\/2024\/02\/blades-of-Straw-cutting-machine.webp\" class=\"attachment-full size-full\" alt=\"l\u00e2minas de m\u00e1quina de corte de palha\" srcset=\"https:\/\/taizyfarmequipment.com\/wp-content\/uploads\/2024\/02\/blades-of-Straw-cutting-machine.webp 720w, https:\/\/taizyfarmequipment.com\/wp-content\/uploads\/2024\/02\/blades-of-Straw-cutting-machine-300x225.webp 300w\" sizes=\"auto, (max-width: 720px) 100vw, 720px\" \/><p>Dentro do cortador de palha existe um mecanismo de corte que consiste em l\u00e2minas ou facas rotativas. Essas l\u00e2minas s\u00e3o projetadas para cortar a mat\u00e9ria-prima em peda\u00e7os menores e mais manej\u00e1veis.<\/p> <\/div> <\/div> <div id=\"howto-step-1707116108921\" class=\"rank-math-step\"> <h3 class=\"rank-math-step-title\">3. <strong>Fonte de energia:<\/strong><\/h3> <div class=\"rank-math-step-content\"><p>Os cortadores de palha podem ser alimentados por v\u00e1rias fontes, incluindo eletricidade e motores a diesel. A fonte de energia aciona o mecanismo de corte para executar a a\u00e7\u00e3o de corte.<\/p> <\/div> <\/div> <div id=\"howto-step-1707116499877\" class=\"rank-math-step\"> <h3 class=\"rank-math-step-title\">4. <strong>Coleta ou Descarga:<\/strong><\/h3> <div class=\"rank-math-step-content\"><p>O material cortado \u00e9 ent\u00e3o descarregado atrav\u00e9s de uma bica. O m\u00e9todo de coleta depende do uso pretendido.<\/p> <\/div> <\/div> <div id=\"howto-step-1707116871593\" class=\"rank-math-step\"> <h3 class=\"rank-math-step-title\">5. <strong>Recursos de seguran\u00e7a:<\/strong><\/h3> <div class=\"rank-math-step-content\"><p>Os cortadores de palha modernos incluem recursos de seguran\u00e7a, como bot\u00f5es de parada de emerg\u00eancia, prote\u00e7\u00f5es ao redor das pe\u00e7as m\u00f3veis e prote\u00e7\u00e3o contra sobrecarga para garantir a seguran\u00e7a do operador.<\/p> <\/div> <\/div> <\/div> <\/div>       <figure class=\"wp-block-image size-full\"><img loading=\"lazy\" decoding=\"async\" width=\"720\" height=\"540\" src=\"https:\/\/taizyfarmequipment.com\/wp-content\/uploads\/2024\/02\/commercial-Chaff-cutter-equipment.webp\" alt=\"equipamento comercial de corte de palha\" class=\"wp-image-4356\" srcset=\"https:\/\/taizyfarmequipment.com\/wp-content\/uploads\/2024\/02\/commercial-Chaff-cutter-equipment.webp 720w, https:\/\/taizyfarmequipment.com\/wp-content\/uploads\/2024\/02\/commercial-Chaff-cutter-equipment-300x225.webp 300w\" sizes=\"auto, (max-width: 720px) 100vw, 720px\" \/><figcaption class=\"wp-element-caption\">equipamento comercial de corte de palha<\/figcaption><\/figure>    <h2 class=\"wp-block-heading\">Principais vantagens da m\u00e1quina de corte de palha<\/h2>    <ol class=\"wp-block-list\"> <li><strong>Versatilidade:<\/strong> A m\u00e1quina foi projetada para cortar e triturar diversos materiais, incluindo palha, palha, talo de milho, sorgo e silagem. Esta versatilidade o torna adequado para o processamento de uma ampla gama de res\u00edduos agr\u00edcolas.<\/li>    <li><strong>Estrutura dur\u00e1vel das l\u00e2minas do martelo:<\/strong> A ado\u00e7\u00e3o de uma estrutura de l\u00e2mina de martelo aumenta a durabilidade e a resist\u00eancia. Este design garante que a m\u00e1quina possa suportar os rigores do uso cont\u00ednuo em opera\u00e7\u00f5es agr\u00edcolas.<\/li>    <li><strong>Correia transportadora para alimenta\u00e7\u00e3o eficiente:<\/strong> A inclus\u00e3o de correia transportadora facilita o processo de alimenta\u00e7\u00e3o, contribuindo para maior efici\u00eancia de trabalho. Esse recurso garante um fluxo consistente e simplificado de materiais atrav\u00e9s da m\u00e1quina.<\/li>    <li><strong>Alta efici\u00eancia de trabalho:<\/strong> A m\u00e1quina \u00e9 capaz de atingir uma efici\u00eancia de trabalho de pelo menos 4 toneladas por hora. Esta alta efici\u00eancia \u00e9 crucial para opera\u00e7\u00f5es agr\u00edcolas em grande escala, economizando tempo e m\u00e3o de obra.<\/li> <\/ol>    <figure class=\"wp-block-image size-full\"><img loading=\"lazy\" decoding=\"async\" width=\"720\" height=\"540\" src=\"https:\/\/taizyfarmequipment.com\/wp-content\/uploads\/2024\/02\/Chaff-cutter-equipment-for-business.webp\" alt=\"Equipamento cortador de palha para empresas\" class=\"wp-image-4351\" srcset=\"https:\/\/taizyfarmequipment.com\/wp-content\/uploads\/2024\/02\/Chaff-cutter-equipment-for-business.webp 720w, https:\/\/taizyfarmequipment.com\/wp-content\/uploads\/2024\/02\/Chaff-cutter-equipment-for-business-300x225.webp 300w\" sizes=\"auto, (max-width: 720px) 100vw, 720px\" \/><figcaption class=\"wp-element-caption\">Equipamento cortador de palha para empresas<\/figcaption><\/figure>    <h2 class=\"wp-block-heading\">Diferen\u00e7as entre m\u00e1quina de corte de palha e m\u00e1quina picadora de grama<\/h2>    <p>As distin\u00e7\u00f5es entre uma m\u00e1quina de corte de palha e uma m\u00e1quina picadora de grama residem no seu design e nas caracter\u00edsticas do material processado. Uma diferen\u00e7a principal \u00e9 o n\u00famero de l\u00e2minas empregadas em cada m\u00e1quina. A m\u00e1quina de corte de palha est\u00e1 equipada com m\u00faltiplas l\u00e2minas, oferecendo um mecanismo de corte mais complexo. Em contraste, a m\u00e1quina picadora de grama utiliza uma \u00fanica l\u00e2mina, simplificando sua estrutura de corte.<\/p>    <p>Outra diferen\u00e7a not\u00e1vel \u00e9 a forma do produto final produzido por cada m\u00e1quina. A m\u00e1quina de corte de palha produz pe\u00e7as alongadas e semelhantes a fios como resultado final. Esses fios finos s\u00e3o adequados para aplica\u00e7\u00f5es como alimenta\u00e7\u00e3o de gado, vacas, cavalos e outros animais devido \u00e0 sua f\u00e1cil digestibilidade.<\/p>    <p>Por outro lado, a m\u00e1quina picadora de grama cria produtos finais em forma de bloco. Este projeto \u00e9 particularmente vantajoso para certas aplica\u00e7\u00f5es onde s\u00e3o preferidos peda\u00e7os de grama mais grossos, atendendo \u00e0s prefer\u00eancias alimentares de diferentes animais.<\/p>    <figure class=\"wp-block-image size-full\"><img loading=\"lazy\" decoding=\"async\" width=\"720\" height=\"540\" src=\"https:\/\/taizyfarmequipment.com\/wp-content\/uploads\/2024\/02\/automatic-Chaff-cutter-equipment.webp\" alt=\"equipamento autom\u00e1tico de corte de palha\" class=\"wp-image-4352\" srcset=\"https:\/\/taizyfarmequipment.com\/wp-content\/uploads\/2024\/02\/automatic-Chaff-cutter-equipment.webp 720w, https:\/\/taizyfarmequipment.com\/wp-content\/uploads\/2024\/02\/automatic-Chaff-cutter-equipment-300x225.webp 300w\" sizes=\"auto, (max-width: 720px) 100vw, 720px\" \/><figcaption class=\"wp-element-caption\">equipamento autom\u00e1tico de corte de palha<\/figcaption><\/figure>    <h2 class=\"wp-block-heading\">Equipamento de apoio do cortador de palha<\/h2>    <p class=\"translation-block\">O nosso picador de palha n\u00e3o s\u00f3 fornece funcionalidades avan\u00e7adas de corte como tamb\u00e9m pode ser combinado com um enfardador de silagem para oferecer uma solu\u00e7\u00e3o completa para o processamento de alimenta\u00e7\u00e3o. A combina\u00e7\u00e3o do picador de palha com um <a href=\"https:\/\/taizyfarmequipment.com\/pt\/produto\/enfardadeira-redonda-para-silagem\/\">enfardador de silagem<\/a> permite uma preserva\u00e7\u00e3o mais eficiente do alimento, prolongando a sua vida \u00fatil e facilitando o transporte quando necess\u00e1rio.<\/p>    <p>A integra\u00e7\u00e3o de uma enfardadeira de silagem facilita a compacta\u00e7\u00e3o dos materiais cortados em embalagens bem embaladas, aumentando a densidade da alimenta\u00e7\u00e3o e reduzindo efetivamente os requisitos de espa\u00e7o de armazenamento. Isto n\u00e3o s\u00f3 ajuda a reduzir os custos de armazenamento, mas tamb\u00e9m garante que a ra\u00e7\u00e3o permane\u00e7a fresca e nutritiva por um per\u00edodo prolongado.<\/p>    <p>Al\u00e9m disso, o sistema cortador de palha, quando aliado a uma enfardadeira de silagem, agiliza o processo de transporte da ra\u00e7\u00e3o. A ra\u00e7\u00e3o embalada \u00e9 mais f\u00e1cil de empilhar e manusear, aumentando a conveni\u00eancia do transporte e tornando a produ\u00e7\u00e3o agr\u00edcola mais eficiente.<\/p>    <figure class=\"wp-block-image size-full\"><img loading=\"lazy\" decoding=\"async\" width=\"720\" height=\"540\" src=\"https:\/\/taizyfarmequipment.com\/wp-content\/uploads\/2022\/05\/3.8A-garss-chopper-.jpg\" alt=\"Picador de grama 3.8A\" class=\"wp-image-3459\"\/><figcaption class=\"wp-element-caption\">Picador de grama 3.8A<\/figcaption><\/figure>    <h2 class=\"wp-block-heading\">Invista em nossa m\u00e1quina de corte de palha<\/h2>    <p class=\"translation-block\">Como fornecedor l\u00edder de <a href=\"https:\/\/en.wikipedia.org\/wiki\/Straw\" data-type=\"link\" data-id=\"https:\/\/en.wikipedia.org\/wiki\/Straw\" target=\"_blank\" rel=\"noopener\">palha<\/a> m\u00e1quinas de corte, estamos empenhados em fornecer equipamentos que se destacam em desempenho e fiabilidade para satisfazer as suas necessidades agr\u00edcolas. Reconhecida pela nossa tecnologia avan\u00e7ada, design dur\u00e1vel e capacidade de produ\u00e7\u00e3o eficiente, a nossa empresa fornece solu\u00e7\u00f5es fi\u00e1veis que aumentam a efici\u00eancia do processamento de alimentos.<\/p>    <p>Simultaneamente, a satisfa\u00e7\u00e3o do cliente sempre foi a nossa principal prioridade. Nossa equipe profissional se dedica a fornecer servi\u00e7os de pr\u00e9-venda e p\u00f3s-venda de alta qualidade, garantindo suporte abrangente durante sua compra, instala\u00e7\u00e3o e uso.<\/p>    <p>Damos as boas-vindas a voc\u00ea para nos consultar e nos visitar para uma compreens\u00e3o mais profunda de nossas avan\u00e7adas m\u00e1quinas de corte de palha. Ao escolher nossos produtos, voc\u00ea ganha acesso a alto desempenho, durabilidade e excepcional efici\u00eancia operacional. <\/p>    <p>Sinta-se \u00e0 vontade para nos contatar a qualquer momento; esperamos fornecer a voc\u00ea as melhores solu\u00e7\u00f5es e contribuir juntos para o avan\u00e7o da produ\u00e7\u00e3o agr\u00edcola.<\/p>    <figure class=\"wp-block-image size-full\"><img loading=\"lazy\" decoding=\"async\" width=\"720\" height=\"540\" src=\"https:\/\/taizyfarmequipment.com\/wp-content\/uploads\/2024\/02\/Straw-cutting-machine-with-a-good-price-1.webp\" alt=\"M\u00e1quina de corte de palha com bom pre\u00e7o\" class=\"wp-image-4943\" srcset=\"https:\/\/taizyfarmequipment.com\/wp-content\/uploads\/2024\/02\/Straw-cutting-machine-with-a-good-price-1.webp 720w, https:\/\/taizyfarmequipment.com\/wp-content\/uploads\/2024\/02\/Straw-cutting-machine-with-a-good-price-1-300x225.webp 300w, https:\/\/taizyfarmequipment.com\/wp-content\/uploads\/2024\/02\/Straw-cutting-machine-with-a-good-price-1-16x12.webp 16w\" sizes=\"auto, (max-width: 720px) 100vw, 720px\" \/><figcaption class=\"wp-element-caption\">M\u00e1quina de corte de palha com bom pre\u00e7o<\/figcaption><\/figure>","protected":false},"excerpt":{"rendered":"<p>A m\u00e1quina de corte de palha tem a finalidade de cortar e pulverizar diversos materiais como palha, palha, talo de milho, sorgo, silagem e praticamente qualquer tipo de palha em capim finamente processado, adequado para alimenta\u00e7\u00e3o de animais.<\/p>","protected":false},"author":1,"featured_media":4346,"parent":0,"template":"","tags":[],"product-type":[133],"class_list":["post-4345","product","type-product","status-publish","has-post-thumbnail","hentry","product-type-silage-machine"],"_links":{"self":[{"href":"https:\/\/taizyfarmequipment.com\/pt\/wp-json\/wp\/v2\/product\/4345","targetHints":{"allow":["GET"]}}],"collection":[{"href":"https:\/\/taizyfarmequipment.com\/pt\/wp-json\/wp\/v2\/product"}],"about":[{"href":"https:\/\/taizyfarmequipment.com\/pt\/wp-json\/wp\/v2\/types\/product"}],"author":[{"embeddable":true,"href":"https:\/\/taizyfarmequipment.com\/pt\/wp-json\/wp\/v2\/users\/1"}],"wp:featuredmedia":[{"embeddable":true,"href":"https:\/\/taizyfarmequipment.com\/pt\/wp-json\/wp\/v2\/media\/4346"}],"wp:attachment":[{"href":"https:\/\/taizyfarmequipment.com\/pt\/wp-json\/wp\/v2\/media?parent=4345"}],"wp:term":[{"taxonomy":"post_tag","embeddable":true,"href":"https:\/\/taizyfarmequipment.com\/pt\/wp-json\/wp\/v2\/tags?post=4345"},{"taxonomy":"product-type","embeddable":true,"href":"https:\/\/taizyfarmequipment.com\/pt\/wp-json\/wp\/v2\/product-type?post=4345"}],"curies":[{"name":"wp","href":"https:\/\/api.w.org\/{rel}","templated":true}]}}