{"id":4458,"date":"2024-03-20T09:49:30","date_gmt":"2024-03-20T01:49:30","guid":{"rendered":"https:\/\/taizyfarmequipment.com\/?post_type=product&#038;p=4458"},"modified":"2025-02-07T17:11:30","modified_gmt":"2025-02-07T09:11:30","slug":"maquina-de-semeadura-de-viveiro","status":"publish","type":"product","link":"https:\/\/taizyfarmequipment.com\/pt\/product\/nursery-seeding-machine\/","title":{"rendered":"M\u00e1quina de semeadura de viveiro | M\u00e1quina de plantio de mudas de \u00e1rvore"},"content":{"rendered":"<div class=\"kk-star-ratings kksr-auto kksr-align-left kksr-valign-top\"     data-payload='{&quot;align&quot;:&quot;left&quot;,&quot;id&quot;:&quot;4458&quot;,&quot;slug&quot;:&quot;default&quot;,&quot;valign&quot;:&quot;top&quot;,&quot;ignore&quot;:&quot;&quot;,&quot;reference&quot;:&quot;auto&quot;,&quot;class&quot;:&quot;&quot;,&quot;count&quot;:&quot;22&quot;,&quot;legendonly&quot;:&quot;&quot;,&quot;readonly&quot;:&quot;&quot;,&quot;score&quot;:&quot;4.8&quot;,&quot;starsonly&quot;:&quot;&quot;,&quot;best&quot;:&quot;5&quot;,&quot;gap&quot;:&quot;5&quot;,&quot;greet&quot;:&quot;Rate this product&quot;,&quot;legend&quot;:&quot;4.8\\\/5 - (22 votes)&quot;,&quot;size&quot;:&quot;24&quot;,&quot;title&quot;:&quot;Nursery seeding machine | Tree seedling planting machine&quot;,&quot;width&quot;:&quot;136.7&quot;,&quot;_legend&quot;:&quot;{score}\\\/{best} - ({count} {votes})&quot;,&quot;font_factor&quot;:&quot;1.25&quot;}'>              <div class=\"kksr-stars\">      <div class=\"kksr-stars-inactive\">             <div class=\"kksr-star\" data-star=\"1\" style=\"padding-right: 5px\">               <div class=\"kksr-icon\" style=\"width: 24px; height: 24px;\"><\/div>         <\/div>             <div class=\"kksr-star\" data-star=\"2\" style=\"padding-right: 5px\">               <div class=\"kksr-icon\" style=\"width: 24px; height: 24px;\"><\/div>         <\/div>             <div class=\"kksr-star\" data-star=\"3\" style=\"padding-right: 5px\">               <div class=\"kksr-icon\" style=\"width: 24px; height: 24px;\"><\/div>         <\/div>             <div class=\"kksr-star\" data-star=\"4\" style=\"padding-right: 5px\">               <div class=\"kksr-icon\" style=\"width: 24px; height: 24px;\"><\/div>         <\/div>             <div class=\"kksr-star\" data-star=\"5\" style=\"padding-right: 5px\">               <div class=\"kksr-icon\" style=\"width: 24px; height: 24px;\"><\/div>         <\/div>     <\/div>      <div class=\"kksr-stars-active\" style=\"width: 136.7px;\">             <div class=\"kksr-star\" style=\"padding-right: 5px\">               <div class=\"kksr-icon\" style=\"width: 24px; height: 24px;\"><\/div>         <\/div>             <div class=\"kksr-star\" style=\"padding-right: 5px\">               <div class=\"kksr-icon\" style=\"width: 24px; height: 24px;\"><\/div>         <\/div>             <div class=\"kksr-star\" style=\"padding-right: 5px\">               <div class=\"kksr-icon\" style=\"width: 24px; height: 24px;\"><\/div>         <\/div>             <div class=\"kksr-star\" style=\"padding-right: 5px\">               <div class=\"kksr-icon\" style=\"width: 24px; height: 24px;\"><\/div>         <\/div>             <div class=\"kksr-star\" style=\"padding-right: 5px\">               <div class=\"kksr-icon\" style=\"width: 24px; height: 24px;\"><\/div>         <\/div>     <\/div> <\/div>                   <div class=\"kksr-legend\" style=\"font-size: 19.2px;\">             4,8\/5 - (22 votos)    <\/div>     <\/div>  <p class=\"translation-block\">A nossa <strong>m\u00e1quina de sementeira para viveiro com PLC<\/strong> pode aumentar a precis\u00e3o e a efici\u00eancia na cultura moderna de viveiros. Equipada com um avan\u00e7ado <strong>sistema controlado por aut\u00f3mato program\u00e1vel (PLC)<\/strong>, esta m\u00e1quina oferece <strong>controlo e personaliza\u00e7\u00e3o incompar\u00e1veis<\/strong> para opera\u00e7\u00f5es de sementeira. <\/p>    <p class=\"translation-block\">Garante <strong>coloca\u00e7\u00e3o precisa das sementes e gest\u00e3o ideal do solo<\/strong>, maximizando o rendimento enquanto reduz os custos de m\u00e3o-de-obra. Quer seja usada para <strong>alface, tomate, ou outras culturas<\/strong>, a nossa m\u00e1quina de sementeira para viveiro fornece <strong>desempenho consistente e de alta velocidade<\/strong>, tornando-a uma escolha ideal para produtores profissionais de viveiros.<\/p>    <figure class=\"wp-block-embed is-type-video is-provider-youtube wp-block-embed-youtube wp-embed-aspect-16-9 wp-has-aspect-ratio\"><div class=\"wp-block-embed__wrapper\"> <iframe loading=\"lazy\" title=\"Aumente as opera\u00e7\u00f5es do seu viveiro: apresentando nossa m\u00e1quina de semeadura para viveiros! #agricultura #agricultura\" width=\"500\" height=\"281\" src=\"https:\/\/www.youtube.com\/embed\/mzOvl9zySyg?feature=oembed\" frameborder=\"0\" allow=\"accelerometer; autoplay; clipboard-write; encrypted-media; gyroscope; picture-in-picture; web-share\" referrerpolicy=\"strict-origin-when-cross-origin\" allowfullscreen><\/iframe> <\/div><figcaption class=\"wp-element-caption\">v\u00eddeo de funcionamento da m\u00e1quina de semeadura de ber\u00e7\u00e1rio<\/figcaption><\/figure>    <h2 class=\"wp-block-heading\">Principais caracter\u00edsticas da m\u00e1quina de semeadura de viveiro<\/h2>    <div class=\"wp-block-media-text is-stacked-on-mobile\"><figure class=\"wp-block-media-text__media\"><img loading=\"lazy\" decoding=\"async\" width=\"720\" height=\"540\" src=\"https:\/\/taizyfarmequipment.com\/wp-content\/uploads\/2024\/03\/Nursery-seeding-machine-with-a-good-price.webp\" alt=\"M\u00e1quina semeadora de viveiro com bom pre\u00e7o\" class=\"wp-image-4460 size-full\" srcset=\"https:\/\/taizyfarmequipment.com\/wp-content\/uploads\/2024\/03\/Nursery-seeding-machine-with-a-good-price.webp 720w, https:\/\/taizyfarmequipment.com\/wp-content\/uploads\/2024\/03\/Nursery-seeding-machine-with-a-good-price-300x225.webp 300w, https:\/\/taizyfarmequipment.com\/wp-content\/uploads\/2024\/03\/Nursery-seeding-machine-with-a-good-price-16x12.webp 16w\" sizes=\"auto, (max-width: 720px) 100vw, 720px\" \/><\/figure><div class=\"wp-block-media-text__content\"> <ul class=\"wp-block-list\"> <li><strong>Bandejas pretas personalizadas.<\/strong> Projetado para bandejas pretas especializadas sem lacunas inferiores, impedindo a semeadura de dupla linha para a coloca\u00e7\u00e3o precisa das sementes.<\/li>    <li><strong><a href=\"https:\/\/en.wikipedia.org\/wiki\/Programmable_logic_controller\" data-type=\"link\" data-id=\"https:\/\/en.wikipedia.org\/wiki\/Programmable_logic_controller\" target=\"_blank\" rel=\"noopener\">CLP<\/a> integra\u00e7\u00e3o.<\/strong> Substitui as placas de circuito tradicionais por um controlador l\u00f3gico program\u00e1vel (PLC) para maior confiabilidade, personaliza\u00e7\u00e3o e desempenho consistente.<\/li>    <li><strong>Compatibilidade vers\u00e1til da bandeja.<\/strong> Suporta bandejas pretas padr\u00e3o com sensores inferiores para semeadura de dupla linha e bandejas brancas com configura\u00e7\u00f5es espec\u00edficas para acomodar as limita\u00e7\u00f5es do sensor.<\/li> <\/ul> <\/div><\/div>    <div class=\"wp-block-media-text has-media-on-the-right is-stacked-on-mobile\"><div class=\"wp-block-media-text__content\"> <ul class=\"wp-block-list\"> <li><strong>Interface da tela sens\u00edvel ao toque.<\/strong> O design f\u00e1cil de usar permite ajustes f\u00e1ceis de configura\u00e7\u00e3o, incluindo configura\u00e7\u00f5es para bandejas brancas. As configura\u00e7\u00f5es devem ser reaprendidas ap\u00f3s uma interrup\u00e7\u00e3o de energia.<\/li>    <li><strong>Coloca\u00e7\u00e3o de sementes com v\u00e1rias agulha.<\/strong> Cada tubo possui tr\u00eas agulhas, permitindo a coloca\u00e7\u00e3o simult\u00e2nea de tr\u00eas sementes para semeadura mais r\u00e1pida e eficiente.<\/li> <\/ul> <\/div><figure class=\"wp-block-media-text__media\"><img loading=\"lazy\" decoding=\"async\" width=\"720\" height=\"540\" src=\"https:\/\/taizyfarmequipment.com\/wp-content\/uploads\/2024\/03\/high-capacity-tree-nursery-machine.webp\" alt=\"m\u00e1quina de viveiro de \u00e1rvores de alta capacidade\" class=\"wp-image-4466 size-full\" srcset=\"https:\/\/taizyfarmequipment.com\/wp-content\/uploads\/2024\/03\/high-capacity-tree-nursery-machine.webp 720w, https:\/\/taizyfarmequipment.com\/wp-content\/uploads\/2024\/03\/high-capacity-tree-nursery-machine-300x225.webp 300w, https:\/\/taizyfarmequipment.com\/wp-content\/uploads\/2024\/03\/high-capacity-tree-nursery-machine-16x12.webp 16w\" sizes=\"auto, (max-width: 720px) 100vw, 720px\" \/><\/figure><\/div>    <p>Com esses recursos principais, nossa m\u00e1quina de semeadura em viveiro oferece uma solu\u00e7\u00e3o abrangente para a coloca\u00e7\u00e3o eficiente e precisa de sementes, atendendo a uma ampla variedade de tipos de bandejas e requisitos de plantio.<\/p>    <h2 class=\"wp-block-heading\">Como funciona a m\u00e1quina de semeadura de ber\u00e7\u00e1rio?<\/h2>    <p>O fluxo de trabalho da nossa m\u00e1quina de semeadura de viveiro envolve v\u00e1rias etapas sequenciais para garantir uma semeadura eficiente e precisa. Veja como funciona:<\/p>    <div class=\"wp-block-media-text is-stacked-on-mobile\"><figure class=\"wp-block-media-text__media\"><img loading=\"lazy\" decoding=\"async\" width=\"720\" height=\"540\" src=\"https:\/\/taizyfarmequipment.com\/wp-content\/uploads\/2024\/03\/commercial-nursery-seedling-machine.webp\" alt=\"m\u00e1quina comercial de mudas de viveiro\" class=\"wp-image-4461 size-full\" srcset=\"https:\/\/taizyfarmequipment.com\/wp-content\/uploads\/2024\/03\/commercial-nursery-seedling-machine.webp 720w, https:\/\/taizyfarmequipment.com\/wp-content\/uploads\/2024\/03\/commercial-nursery-seedling-machine-300x225.webp 300w, https:\/\/taizyfarmequipment.com\/wp-content\/uploads\/2024\/03\/commercial-nursery-seedling-machine-16x12.webp 16w\" sizes=\"auto, (max-width: 720px) 100vw, 720px\" \/><\/figure><div class=\"wp-block-media-text__content\"> <ul class=\"wp-block-list\"> <li><strong>Cobertura do solo.<\/strong> Dispensa uniformemente uma camada de solo nas bandejas, criando um meio de crescimento ideal para a germina\u00e7\u00e3o de sementes.<\/li>    <li><strong>Perfura\u00e7\u00e3o de orif\u00edcio.<\/strong> Usa mecanismos especializados para criar orif\u00edcios uniformemente espa\u00e7ados no solo, garantindo a coloca\u00e7\u00e3o uniforme de sementes.<\/li>    <li><strong>Semeadura.<\/strong> Deposita com precis\u00e3o as sementes nos orif\u00edcios preparados usando mecanismos de precis\u00e3o como suc\u00e7\u00e3o a v\u00e1cuo.<\/li>    <li><strong>Cobertura secund\u00e1ria do solo.<\/strong> Aplica outra camada do solo sobre as sementes, protegendo -as e promovendo a germina\u00e7\u00e3o est\u00e1vel.<\/li> <\/ul> <\/div><\/div>    <p>Seguindo este fluxo de trabalho abrangente, nossa m\u00e1quina de semeadura para viveiros garante uma semeadura eficiente e uniforme, ao mesmo tempo que otimiza as condi\u00e7\u00f5es de cultivo das sementes. Este processo cont\u00ednuo aumenta a produtividade e o rendimento no cultivo em viveiro, facilitando a propaga\u00e7\u00e3o de plantas saud\u00e1veis \u200b\u200be vigorosas.<\/p>    <h2 class=\"wp-block-heading\">Par\u00e2metros da m\u00e1quina de semente de ber\u00e7\u00e1rio<\/h2>    <figure class=\"wp-block-table\"><table class=\"has-fixed-layout\"><tbody><tr><td>Modelo<\/td><td>KMR-100<\/td><\/tr><tr><td>Capacidade<\/td><td>500-1200 bandejas\/hora<\/td><\/tr><tr><td>Precis\u00e3o<\/td><td>&gt;97-98%<\/td><\/tr><tr><td>Sistema<\/td><td>Sistema de detec\u00e7\u00e3o de sensor fotoel\u00e9trico autom\u00e1tico<\/td><\/tr><tr><td>Material da m\u00e1quina<\/td><td>A\u00e7o inoxid\u00e1vel<\/td><\/tr><tr><td>Poder<\/td><td>650kW<\/td><\/tr><tr><td>Tamanho para semente<\/td><td>0,3-15mm<\/td><\/tr><tr><td>Tamanho da bandeja<\/td><td>O padr\u00e3o normal \u00e9 540*280mm<\/td><\/tr><tr><td>Tamanho<\/td><td>4800*950*1600mm<\/td><\/tr><tr><td>Peso<\/td><td>400kg<\/td><\/tr><\/tbody><\/table><figcaption class=\"wp-element-caption\">Par\u00e2metros da m\u00e1quina de mudas de ber\u00e7\u00e1rio de plantas<\/figcaption><\/figure>    <h2 class=\"wp-block-heading\">Equipamento complementar da m\u00e1quina de plantio de mudas de \u00e1rvores<\/h2>    <p>Nossa m\u00e1quina de plantio de mudas de \u00e1rvores vem equipada com equipamentos complementares, incluindo sistema de irriga\u00e7\u00e3o e elevador de solo, aumentando ainda mais a efici\u00eancia do plantio e a conveni\u00eancia operacional.<\/p>    <div class=\"wp-block-media-text has-media-on-the-right is-stacked-on-mobile\"><div class=\"wp-block-media-text__content\"> <h3 class=\"wp-block-heading\"><strong>Elevador do solo<\/strong><\/h3>    <p>Sua fun\u00e7\u00e3o \u00e9 transmitir a quantidade necess\u00e1ria de solo ou meio para a \u00e1rea de plantio, fornecendo condi\u00e7\u00f5es de crescimento adequadas para as mudas de \u00e1rvore. <\/p>    <p>Esse processo reduz a necessidade de trabalho manual, melhorando a efici\u00eancia e a precis\u00e3o do plantio.<\/p> <\/div><figure class=\"wp-block-media-text__media\"><img loading=\"lazy\" decoding=\"async\" width=\"720\" height=\"540\" src=\"https:\/\/taizyfarmequipment.com\/wp-content\/uploads\/2024\/03\/Soil-Elevator.webp\" alt=\"Elevador de solo\" class=\"wp-image-4463 size-full\" srcset=\"https:\/\/taizyfarmequipment.com\/wp-content\/uploads\/2024\/03\/Soil-Elevator.webp 720w, https:\/\/taizyfarmequipment.com\/wp-content\/uploads\/2024\/03\/Soil-Elevator-300x225.webp 300w, https:\/\/taizyfarmequipment.com\/wp-content\/uploads\/2024\/03\/Soil-Elevator-16x12.webp 16w\" sizes=\"auto, (max-width: 720px) 100vw, 720px\" \/><\/figure><\/div>    <div class=\"wp-block-media-text is-stacked-on-mobile\"><figure class=\"wp-block-media-text__media\"><img loading=\"lazy\" decoding=\"async\" width=\"720\" height=\"540\" src=\"https:\/\/taizyfarmequipment.com\/wp-content\/uploads\/2024\/03\/Watering-System.webp\" alt=\"Sistema de rega\" class=\"wp-image-4464 size-full\" srcset=\"https:\/\/taizyfarmequipment.com\/wp-content\/uploads\/2024\/03\/Watering-System.webp 720w, https:\/\/taizyfarmequipment.com\/wp-content\/uploads\/2024\/03\/Watering-System-300x225.webp 300w, https:\/\/taizyfarmequipment.com\/wp-content\/uploads\/2024\/03\/Watering-System-16x12.webp 16w\" sizes=\"auto, (max-width: 720px) 100vw, 720px\" \/><\/figure><div class=\"wp-block-media-text__content\"> <h3 class=\"wp-block-heading\"><strong>Sistema de rega<\/strong><\/h3>    <p>A inclus\u00e3o de um sistema de rega garante um processo abrangente e eficaz de plantio de mudas de \u00e1rvore. <\/p>    <p>Ap\u00f3s o plantio das mudas de \u00e1rvore, o sistema de rega espalhe automaticamente a \u00e1gua, garantindo que o solo na \u00e1rea de plantio mantenha o n\u00edvel de umidade apropriado. <\/p>    <p>Isso promove o crescimento das mudas de \u00e1rvores e as taxas de sobreviv\u00eancia.<\/p> <\/div><\/div>    <p>Essas caracter\u00edsticas adicionais do equipamento tornam nossa m\u00e1quina de plantio de mudas de \u00e1rvores mais completa e vers\u00e1til, capaz de atender diversas necessidades de plantio em diferentes cen\u00e1rios. Eles fornecem aos usu\u00e1rios uma solu\u00e7\u00e3o de plantio mais conveniente e eficiente.<\/p>    <h2 class=\"wp-block-heading\">Acess\u00f3rios para m\u00e1quinas de semeadura de ber\u00e7\u00e1rio<\/h2>    <p>Nossa m\u00e1quina de semeadura de ber\u00e7\u00e1rio vem com um conjunto de acess\u00f3rios abrangentes, fornecendo ferramentas essenciais para plantio cont\u00ednuo e manuten\u00e7\u00e3o eficiente da m\u00e1quina. Para melhorar a conveni\u00eancia do usu\u00e1rio, todas as compras de m\u00e1quinas incluem um kit de ferramentas de cortesia, garantindo uma opera\u00e7\u00e3o suave e manuten\u00e7\u00e3o f\u00e1cil.<\/p>    <div class=\"wp-block-media-text has-media-on-the-right is-stacked-on-mobile\"><div class=\"wp-block-media-text__content\"> <ul class=\"wp-block-list\"> <li><strong>Variedade de agulhas de suc\u00e7\u00e3o.<\/strong> Cinco modelos diferentes para acomodar v\u00e1rios tipos de sementes.<\/li>    <li><strong>Agulhas de limpeza.<\/strong> Ajuda a remover bloqueios e manter a opera\u00e7\u00e3o suave.<\/li>    <li><strong>Pistola de ar.<\/strong> Auxilia na limpeza e limpeza de detritos da m\u00e1quina.<\/li>    <li><strong>Telas de peneira.<\/strong> Garante a sele\u00e7\u00e3o adequada de sementes e evita o entupimento.<\/li>    <li><strong>Copos de suc\u00e7\u00e3o.<\/strong> Aumenta a precis\u00e3o na coleta e na coloca\u00e7\u00e3o de sementes.<\/li> <\/ul> <\/div><figure class=\"wp-block-media-text__media\"><img loading=\"lazy\" decoding=\"async\" width=\"720\" height=\"540\" src=\"https:\/\/taizyfarmequipment.com\/wp-content\/uploads\/2024\/03\/Accessories-of-nursery-seedling-machine.webp\" alt=\"Acess\u00f3rios da m\u00e1quina de mudas de viveiro\" class=\"wp-image-4465 size-full\" srcset=\"https:\/\/taizyfarmequipment.com\/wp-content\/uploads\/2024\/03\/Accessories-of-nursery-seedling-machine.webp 720w, https:\/\/taizyfarmequipment.com\/wp-content\/uploads\/2024\/03\/Accessories-of-nursery-seedling-machine-300x225.webp 300w, https:\/\/taizyfarmequipment.com\/wp-content\/uploads\/2024\/03\/Accessories-of-nursery-seedling-machine-16x12.webp 16w\" sizes=\"auto, (max-width: 720px) 100vw, 720px\" \/><\/figure><\/div>    <h2 class=\"wp-block-heading\">Como manter a m\u00e1quina de semeadura de ber\u00e7\u00e1rio?<\/h2>    <div class=\"wp-block-media-text is-stacked-on-mobile\"><figure class=\"wp-block-media-text__media\"><img loading=\"lazy\" decoding=\"async\" width=\"720\" height=\"540\" src=\"https:\/\/taizyfarmequipment.com\/wp-content\/uploads\/2024\/03\/Nursery-seeding-machine-1.webp\" alt=\"M\u00e1quina de semeadura de viveiro\" class=\"wp-image-4462 size-full\" srcset=\"https:\/\/taizyfarmequipment.com\/wp-content\/uploads\/2024\/03\/Nursery-seeding-machine-1.webp 720w, https:\/\/taizyfarmequipment.com\/wp-content\/uploads\/2024\/03\/Nursery-seeding-machine-1-300x225.webp 300w, https:\/\/taizyfarmequipment.com\/wp-content\/uploads\/2024\/03\/Nursery-seeding-machine-1-16x12.webp 16w\" sizes=\"auto, (max-width: 720px) 100vw, 720px\" \/><\/figure><div class=\"wp-block-media-text__content\"> <ul class=\"wp-block-list\"> <li>Armazene as sementes excedentes corretamente e limpe a m\u00e1quina ap\u00f3s cada sess\u00e3o de plantio.<\/li>    <li>Se a m\u00e1quina permanecer n\u00e3o utilizada por um longo tempo, limpe -a bem antes do armazenamento.<\/li>    <li>Aplique o \u00f3leo do motor para vincular componentes e graxa \u00e0 corrente e rodar para evitar o desgaste.<\/li>    <li>Mantenha a m\u00e1quina em uma \u00e1rea seca e bem ventilada para evitar danos \u00e0 umidade.<\/li>    <li>Lubrifique regularmente a \u00e1rvore de cames e a liga\u00e7\u00e3o na \u00e1rea de semeadura para garantir uma opera\u00e7\u00e3o suave.<\/li> <\/ul> <\/div><\/div>    <h2 class=\"wp-block-heading\">Invista em nossa m\u00e1quina de mudas de viveiro<\/h2>    <p>Se voc\u00ea est\u00e1 em busca de uma m\u00e1quina de plantio confi\u00e1vel, sinceramente o convidamos a entrar em contato conosco para saber mais sobre nossa M\u00e1quina de Mudas para Viveiro e solicitar um or\u00e7amento. Deixe-nos trabalhar juntos para criar uma solu\u00e7\u00e3o de plantio eficiente e sustent\u00e1vel, ajudando voc\u00ea a alcan\u00e7ar maior sucesso!<\/p>    <p class=\"translation-block\">Al\u00e9m disso, oferecemos outros modelos de <a href=\"https:\/\/taizyfarmequipment.com\/pt\/produto\/maquina-de-criacao-de-bercario\/\" data-type=\"link\" data-id=\"https:\/\/taizyfarmequipment.com\/product\/nursery-raising-machine\/\">M\u00e1quinas de Mudas para Viveiro<\/a> para satisfazer diferentes necessidades dos clientes. Quer necessite de maior capacidade, maior velocidade ou funcionalidades espec\u00edficas, temos op\u00e7\u00f5es adequadas para si. Sinta-se \u00e0 vontade para consultar a nossa equipa de vendas para mais op\u00e7\u00f5es e recomenda\u00e7\u00f5es personalizadas.<\/p>","protected":false},"excerpt":{"rendered":"<p>Nossa m\u00e1quina de semeadura de ber\u00e7\u00e1rio habilitada para PLC pode aumentar a precis\u00e3o e a efici\u00eancia no cultivo moderno de viveiro.<\/p>","protected":false},"author":1,"featured_media":4467,"parent":0,"template":"","tags":[339],"product-type":[134],"class_list":["post-4458","product","type-product","status-publish","has-post-thumbnail","hentry","tag-nursery-seeding-machine","product-type-nursery-transplanter"],"_links":{"self":[{"href":"https:\/\/taizyfarmequipment.com\/pt\/wp-json\/wp\/v2\/product\/4458","targetHints":{"allow":["GET"]}}],"collection":[{"href":"https:\/\/taizyfarmequipment.com\/pt\/wp-json\/wp\/v2\/product"}],"about":[{"href":"https:\/\/taizyfarmequipment.com\/pt\/wp-json\/wp\/v2\/types\/product"}],"author":[{"embeddable":true,"href":"https:\/\/taizyfarmequipment.com\/pt\/wp-json\/wp\/v2\/users\/1"}],"wp:featuredmedia":[{"embeddable":true,"href":"https:\/\/taizyfarmequipment.com\/pt\/wp-json\/wp\/v2\/media\/4467"}],"wp:attachment":[{"href":"https:\/\/taizyfarmequipment.com\/pt\/wp-json\/wp\/v2\/media?parent=4458"}],"wp:term":[{"taxonomy":"post_tag","embeddable":true,"href":"https:\/\/taizyfarmequipment.com\/pt\/wp-json\/wp\/v2\/tags?post=4458"},{"taxonomy":"product-type","embeddable":true,"href":"https:\/\/taizyfarmequipment.com\/pt\/wp-json\/wp\/v2\/product-type?post=4458"}],"curies":[{"name":"wp","href":"https:\/\/api.w.org\/{rel}","templated":true}]}}