{"id":5063,"date":"2026-04-08T16:36:29","date_gmt":"2026-04-08T08:36:29","guid":{"rendered":"https:\/\/taizyfarmequipment.com\/?post_type=product&#038;p=5063"},"modified":"2026-04-08T16:48:22","modified_gmt":"2026-04-08T08:48:22","slug":"manure-cleaning-machine","status":"publish","type":"product","link":"https:\/\/taizyfarmequipment.com\/pt\/product\/manure-cleaning-machine\/","title":{"rendered":"M\u00e1quina de limpeza de esterco"},"content":{"rendered":"<div class=\"kk-star-ratings kksr-auto kksr-align-left kksr-valign-top\"     data-payload='{&quot;align&quot;:&quot;left&quot;,&quot;id&quot;:&quot;5063&quot;,&quot;slug&quot;:&quot;default&quot;,&quot;valign&quot;:&quot;top&quot;,&quot;ignore&quot;:&quot;&quot;,&quot;reference&quot;:&quot;auto&quot;,&quot;class&quot;:&quot;&quot;,&quot;count&quot;:&quot;0&quot;,&quot;legendonly&quot;:&quot;&quot;,&quot;readonly&quot;:&quot;&quot;,&quot;score&quot;:&quot;0&quot;,&quot;starsonly&quot;:&quot;&quot;,&quot;best&quot;:&quot;5&quot;,&quot;gap&quot;:&quot;5&quot;,&quot;greet&quot;:&quot;Rate this product&quot;,&quot;legend&quot;:&quot;0\\\/5 - (0 votes)&quot;,&quot;size&quot;:&quot;24&quot;,&quot;title&quot;:&quot;Manure cleaning machine&quot;,&quot;width&quot;:&quot;0&quot;,&quot;_legend&quot;:&quot;{score}\\\/{best} - ({count} {votes})&quot;,&quot;font_factor&quot;:&quot;1.25&quot;}'>              <div class=\"kksr-stars\">      <div class=\"kksr-stars-inactive\">             <div class=\"kksr-star\" data-star=\"1\" style=\"padding-right: 5px\">               <div class=\"kksr-icon\" style=\"width: 24px; height: 24px;\"><\/div>         <\/div>             <div class=\"kksr-star\" data-star=\"2\" style=\"padding-right: 5px\">               <div class=\"kksr-icon\" style=\"width: 24px; height: 24px;\"><\/div>         <\/div>             <div class=\"kksr-star\" data-star=\"3\" style=\"padding-right: 5px\">               <div class=\"kksr-icon\" style=\"width: 24px; height: 24px;\"><\/div>         <\/div>             <div class=\"kksr-star\" data-star=\"4\" style=\"padding-right: 5px\">               <div class=\"kksr-icon\" style=\"width: 24px; height: 24px;\"><\/div>         <\/div>             <div class=\"kksr-star\" data-star=\"5\" style=\"padding-right: 5px\">               <div class=\"kksr-icon\" style=\"width: 24px; height: 24px;\"><\/div>         <\/div>     <\/div>      <div class=\"kksr-stars-active\" style=\"width: 0px;\">             <div class=\"kksr-star\" style=\"padding-right: 5px\">               <div class=\"kksr-icon\" style=\"width: 24px; height: 24px;\"><\/div>         <\/div>             <div class=\"kksr-star\" style=\"padding-right: 5px\">               <div class=\"kksr-icon\" style=\"width: 24px; height: 24px;\"><\/div>         <\/div>             <div class=\"kksr-star\" style=\"padding-right: 5px\">               <div class=\"kksr-icon\" style=\"width: 24px; height: 24px;\"><\/div>         <\/div>             <div class=\"kksr-star\" style=\"padding-right: 5px\">               <div class=\"kksr-icon\" style=\"width: 24px; height: 24px;\"><\/div>         <\/div>             <div class=\"kksr-star\" style=\"padding-right: 5px\">               <div class=\"kksr-icon\" style=\"width: 24px; height: 24px;\"><\/div>         <\/div>     <\/div> <\/div>                   <div class=\"kksr-legend\" style=\"font-size: 19.2px;\">             <span class=\"kksr-muted\">Avalie este produto<\/span>     <\/div>     <\/div>  <p class=\"translation-block\">A m\u00e1quina de limpeza de esterco recolhe, transporta e remove res\u00edduos animais de forma eficiente, melhorando a higiene e a efici\u00eancia operacional em explora\u00e7\u00f5es de gado e aves. \u00c9 adequada para explora\u00e7\u00f5es av\u00edcolas, leiteiras, su\u00ednas, ovinas e caprinas, bem como outras opera\u00e7\u00f5es de cria\u00e7\u00e3o intensiva. Oferecemos tr\u00eas modelos \u2014<strong>QF-2, QF-3, e QF-5<\/strong>\u2014 para atender a diferentes tamanhos de fazenda e capacidades de processamento, desde pequenos celeiros com corredores estreitos at\u00e9 opera\u00e7\u00f5es de grande escala e alta capacidade.<\/p>    <p>A m\u00e1quina de limpeza de esterco de gado automatiza a remo\u00e7\u00e3o de esterco usando mecanismos integrados como escarificadores, correias de corrente e tombamento hidr\u00e1ulico para descarga r\u00e1pida. Os seus principais benef\u00edcios incluem manter ambientes limpos na pocilga, reduzir custos de m\u00e3o-de-obra, diminuir riscos de doen\u00e7as, minimizar emiss\u00f5es de gases nocivos e apoiar a recolha centralizada de esterco para fertilizante org\u00e2nico. Ideal para opera\u00e7\u00f5es de cria\u00e7\u00e3o intensiva e fazendas de todos os tamanhos, garante uma gest\u00e3o eficiente de res\u00edduos enquanto melhora a produtividade geral da fazenda.<\/p>    <figure class=\"wp-block-embed is-type-video is-provider-youtube wp-block-embed-youtube wp-embed-aspect-9-16 wp-has-aspect-ratio\"><div class=\"wp-block-embed__wrapper\"> <iframe loading=\"lazy\" title=\"Processo de Funcionamento de M\u00e1quinas de Limpeza de Esterco de Explora\u00e7\u00e3o #esterco #agricultura #fazenda #limpeza\" width=\"422\" height=\"750\" src=\"https:\/\/www.youtube.com\/embed\/Dk2twr279no?feature=oembed\" frameborder=\"0\" allow=\"accelerometer; autoplay; clipboard-write; encrypted-media; gyroscope; picture-in-picture; web-share\" referrerpolicy=\"strict-origin-when-cross-origin\" allowfullscreen><\/iframe> <\/div><figcaption class=\"wp-element-caption\">V\u00eddeo de funcionamento da m\u00e1quina de limpeza de esterco<\/figcaption><\/figure>    <h2 class=\"wp-block-heading\">Vantagens da m\u00e1quina de limpeza de esterco<\/h2>    <ul class=\"wp-block-list\"> <li><strong>Alta efici\u00eancia e economia de m\u00e3o-de-obra<\/strong> <ul class=\"wp-block-list\"> <li>Automatiza a recolha, transporte e descarregamento de esterco, substituindo o trabalho manual. Leva apenas 3-8 minutos por carga, melhorando muito a efici\u00eancia da limpeza e reduzindo significativamente os custos de m\u00e3o-de-obra.<\/li> <\/ul> <\/li>    <li><strong>Ambiente de Gado mais Saud\u00e1vel<\/strong> <ul class=\"wp-block-list\"> <li>Remove o esterco a tempo para reduzir emiss\u00f5es de am\u00f3nia e gases nocivos. Minimize doen\u00e7as respirat\u00f3rias, pododermatite e outras infe\u00e7\u00f5es, criando um espa\u00e7o higi\u00e9nico que aumenta a taxa de crescimento e bem-estar do gado.<\/li> <\/ul> <\/li>    <li><strong>Utiliza\u00e7\u00e3o de Recursos<\/strong> <ul class=\"wp-block-list\"> <li>Centraliza a recolha de esterco para f\u00e1cil processamento em fertilizante org\u00e2nico, transformando res\u00edduos em recursos valiosos na fazenda, enquanto cumpre as regulamenta\u00e7\u00f5es ambientais.<\/li> <\/ul> <\/li>    <li><strong>Dur\u00e1vel e F\u00e1cil de Operar<\/strong> <ul class=\"wp-block-list\"> <li>Equipado com correias de corrente resistentes ao desgaste, escarificadores e sistemas hidr\u00e1ulicos. Os modelos apresentam controlo de velocidade sem escovas e chassis de carregador para opera\u00e7\u00e3o est\u00e1vel em ambientes dif\u00edceis de pocilga. Opera\u00e7\u00e3o simples adequada a v\u00e1rias escalas de fazenda.<\/li> <\/ul> <\/li>    <li><strong>Adaptabilidade a m\u00faltiplos cen\u00e1rios<\/strong> <ul class=\"wp-block-list\"> <li>Dispon\u00edvel em vers\u00f5es compactas de tr\u00eas rodas (largura de limpeza de 900mm, hopper de 3m\u00b3) e de quatro rodas de alta resist\u00eancia (largura de 2000mm, 5m\u00b3). Adequado para explora\u00e7\u00f5es de gado, latic\u00ednios, porcos e ovelhas com corredores de bet\u00e3o ou pocilgas compactas.<\/li> <\/ul> <\/li> <\/ul>    <figure class=\"wp-block-gallery has-nested-images columns-default is-cropped wp-block-gallery-2 is-layout-flex wp-block-gallery-is-layout-flex\"> <figure class=\"wp-block-image size-large\"><img loading=\"lazy\" decoding=\"async\" width=\"720\" height=\"540\" data-id=\"5067\" src=\"https:\/\/taizyfarmequipment.com\/wp-content\/uploads\/2026\/04\/cows.webp\" alt=\"vacas\" class=\"wp-image-5067\" srcset=\"https:\/\/taizyfarmequipment.com\/wp-content\/uploads\/2026\/04\/cows.webp 720w, https:\/\/taizyfarmequipment.com\/wp-content\/uploads\/2026\/04\/cows-300x225.webp 300w, https:\/\/taizyfarmequipment.com\/wp-content\/uploads\/2026\/04\/cows-16x12.webp 16w\" sizes=\"auto, (max-width: 720px) 100vw, 720px\" \/><figcaption class=\"wp-element-caption\">vacas<\/figcaption><\/figure>    <figure class=\"wp-block-image size-large\"><img loading=\"lazy\" decoding=\"async\" width=\"720\" height=\"540\" data-id=\"5066\" src=\"https:\/\/taizyfarmequipment.com\/wp-content\/uploads\/2026\/04\/automatic-manure-scraper.webp\" alt=\"Escarificador de esterco autom\u00e1tico\" class=\"wp-image-5066\" srcset=\"https:\/\/taizyfarmequipment.com\/wp-content\/uploads\/2026\/04\/automatic-manure-scraper.webp 720w, https:\/\/taizyfarmequipment.com\/wp-content\/uploads\/2026\/04\/automatic-manure-scraper-300x225.webp 300w, https:\/\/taizyfarmequipment.com\/wp-content\/uploads\/2026\/04\/automatic-manure-scraper-16x12.webp 16w\" sizes=\"auto, (max-width: 720px) 100vw, 720px\" \/><figcaption class=\"wp-element-caption\">Escarificador de esterco autom\u00e1tico<\/figcaption><\/figure> <\/figure>    <h2 class=\"wp-block-heading\">Como funciona a m\u00e1quina de limpeza de esterco de vaca?<\/h2>    <p>Uma m\u00e1quina de limpeza de esterco funciona atrav\u00e9s de um fluxo de trabalho totalmente integrado e automatizado para otimizar a gest\u00e3o de esterco na pocilga. Primeiro, a m\u00e1quina desloca-se lentamente ao longo do corredor da pocilga, onde o seu mecanismo de escarificador ou p\u00e1 frontal varre e recolhe o esterco do ch\u00e3o, descompactando res\u00edduos compactados para garantir uma limpeza completa. O esterco recolhido \u00e9 ent\u00e3o levantado por um sistema de correia escarificadora de corrente at\u00e9 ao hopper a bordo (com capacidades que variam de 2m\u00b3 a 5m\u00b3) para armazenamento centralizado. <\/p>    <p>Quando o hopper estiver cheio, o ve\u00edculo transporta o esterco para uma \u00e1rea de processamento ou armazenamento designada, e o sistema hidr\u00e1ulico de tombamento descarrega automaticamente o res\u00edduos em segundos, eliminando o manuseio manual. Alimentado por motores diesel confi\u00e1veis, a m\u00e1quina possui controlo de velocidade sem escovas e opera\u00e7\u00e3o hidr\u00e1ulica completa para movimentos suaves, eficientes e cont\u00ednuos, tornando todo o processo de limpeza cont\u00ednuo, sem trabalho e altamente eficiente.<\/p>    <figure class=\"wp-block-image size-full\"><img loading=\"lazy\" decoding=\"async\" width=\"720\" height=\"540\" src=\"https:\/\/taizyfarmequipment.com\/wp-content\/uploads\/2026\/04\/pig-dung-cleaning-machine.webp\" alt=\"m\u00e1quina de limpeza de dejetos de porco\" class=\"wp-image-5072\" srcset=\"https:\/\/taizyfarmequipment.com\/wp-content\/uploads\/2026\/04\/pig-dung-cleaning-machine.webp 720w, https:\/\/taizyfarmequipment.com\/wp-content\/uploads\/2026\/04\/pig-dung-cleaning-machine-300x225.webp 300w, https:\/\/taizyfarmequipment.com\/wp-content\/uploads\/2026\/04\/pig-dung-cleaning-machine-16x12.webp 16w\" sizes=\"auto, (max-width: 720px) 100vw, 720px\" \/><figcaption class=\"wp-element-caption\">m\u00e1quina de limpeza de dejetos de porco<\/figcaption><\/figure>    <h2 class=\"wp-block-heading\">Par\u00e2metros da m\u00e1quina de limpeza de esterco<\/h2>    <div class=\"wp-block-media-text is-stacked-on-mobile\"><figure class=\"wp-block-media-text__media\"><img loading=\"lazy\" decoding=\"async\" width=\"720\" height=\"540\" src=\"https:\/\/taizyfarmequipment.com\/wp-content\/uploads\/2026\/04\/cow-manure-cleaning-machine.webp\" alt=\"m\u00e1quina de limpeza de esterco de vaca\" class=\"wp-image-5069 size-full\" srcset=\"https:\/\/taizyfarmequipment.com\/wp-content\/uploads\/2026\/04\/cow-manure-cleaning-machine.webp 720w, https:\/\/taizyfarmequipment.com\/wp-content\/uploads\/2026\/04\/cow-manure-cleaning-machine-300x225.webp 300w, https:\/\/taizyfarmequipment.com\/wp-content\/uploads\/2026\/04\/cow-manure-cleaning-machine-16x12.webp 16w\" sizes=\"auto, (max-width: 720px) 100vw, 720px\" \/><\/figure><div class=\"wp-block-media-text__content\"> <ul class=\"wp-block-list\"> <li><strong>Modelo<\/strong>: QF-2 <\/li>    <li><strong>Pot\u00eancia Nominal<\/strong>: 13.24 Kw <\/li>    <li><strong>Dimens\u00f5es Gerais (L\u00d7W\u00d7H)<\/strong>: 3600*1470*2050 mm <\/li>    <li><strong>Largura de Abertura de Alimenta\u00e7\u00e3o<\/strong>: 900 mm <\/li>    <li><strong>Dimens\u00f5es do Hopper (L\u00d7W\u00d7H)<\/strong>: 1500*1400*750 mm <\/li>    <li><strong>Tamanho da Entrada do Transportador (L\u00d7W)<\/strong>: 200*250 mm <\/li> <\/ul> <\/div><\/div>    <div class=\"wp-block-media-text has-media-on-the-right is-stacked-on-mobile\"><div class=\"wp-block-media-text__content\"> <ul class=\"wp-block-list\"> <li><strong>Modelo<\/strong>: QF-3<\/li>    <li><strong>Dimens\u00f5es Gerais<\/strong>: 4500*1450*2450mm <\/li>    <li><strong>Pot\u00eancia do Sistema de Correia<\/strong>: Motor Diesel de 25HP<\/li>    <li><strong>Pot\u00eancia de Viagem<\/strong>: Chassis de tr\u00eas rodas <\/li>    <li><strong>Efici\u00eancia de Trabalho<\/strong>: 3-5 minutos por ve\u00edculo <\/li>    <li><strong>Volume do Hopper<\/strong>: 3 metros c\u00fabicos<\/li> <\/ul> <\/div><figure class=\"wp-block-media-text__media\"><img loading=\"lazy\" decoding=\"async\" width=\"720\" height=\"540\" src=\"https:\/\/taizyfarmequipment.com\/wp-content\/uploads\/2026\/04\/cattle-manure-cleaning-machine-factory.webp\" alt=\"F\u00e1brica de m\u00e1quinas de limpeza de esterco de gado\" class=\"wp-image-5068 size-full\" srcset=\"https:\/\/taizyfarmequipment.com\/wp-content\/uploads\/2026\/04\/cattle-manure-cleaning-machine-factory.webp 720w, https:\/\/taizyfarmequipment.com\/wp-content\/uploads\/2026\/04\/cattle-manure-cleaning-machine-factory-300x225.webp 300w, https:\/\/taizyfarmequipment.com\/wp-content\/uploads\/2026\/04\/cattle-manure-cleaning-machine-factory-16x12.webp 16w\" sizes=\"auto, (max-width: 720px) 100vw, 720px\" \/><\/figure><\/div>    <div class=\"wp-block-media-text is-stacked-on-mobile\"><figure class=\"wp-block-media-text__media\"><img loading=\"lazy\" decoding=\"async\" width=\"720\" height=\"540\" src=\"https:\/\/taizyfarmequipment.com\/wp-content\/uploads\/2026\/04\/Manure-cleaning-machine-sale.webp\" alt=\"Venda de m\u00e1quina de limpeza de esterco\" class=\"wp-image-5070 size-full\" srcset=\"https:\/\/taizyfarmequipment.com\/wp-content\/uploads\/2026\/04\/Manure-cleaning-machine-sale.webp 720w, https:\/\/taizyfarmequipment.com\/wp-content\/uploads\/2026\/04\/Manure-cleaning-machine-sale-300x225.webp 300w, https:\/\/taizyfarmequipment.com\/wp-content\/uploads\/2026\/04\/Manure-cleaning-machine-sale-16x12.webp 16w\" sizes=\"auto, (max-width: 720px) 100vw, 720px\" \/><\/figure><div class=\"wp-block-media-text__content\"> <ul class=\"wp-block-list\"> <li><strong>Modelo<\/strong>: QF-5 <\/li>    <li><strong>Volume do Hopper<\/strong>: 5 m\u00b3 <\/li>    <li><strong>Dimens\u00f5es Gerais (L\u00d7W\u00d7H)<\/strong>: 5200*2200*2600 mm <\/li>    <li><strong>Dimens\u00f5es da Caixa (L\u00d7W\u00d7H)<\/strong>: 2850*1800*1150 mm <\/li>    <li><strong>Largura de Limpeza de Esterco<\/strong>: 2000 mm <\/li>    <li><strong>Velocidade de Limpeza de Esterco<\/strong>: 5-8 minutos por ve\u00edculo (dependendo da espessura da camada de esterco) <\/li>    <li><strong>Peso Estrutural<\/strong>: 3500 kg <\/li>    <li><strong>Velocidade de Viagem<\/strong>: \u226430 Km\/h <\/li>    <li><strong>Quantidade de Pneus<\/strong>: 4 pneus<\/li> <\/ul> <\/div><\/div>    <h2 class=\"wp-block-heading\">Casos de clientes com o escarificador de esterco<\/h2>    <p class=\"translation-block\">Uma fazenda de latic\u00ednios na <strong>Alemanha<\/strong> com mais de 500 vacas costumava depender de limpeza manual, que exigia v\u00e1rios trabalhadores e levava horas todos os dias. Ap\u00f3s usar o nosso escarificador de esterco, todo o trabalho de limpeza tornou-se mecanizado e eficiente. O sistema autom\u00e1tico de recolha e transporte reduziu significativamente a m\u00e3o-de-obra e encurtou o tempo de limpeza di\u00e1rio.<\/p>    <p class=\"translation-block\">Muitos agricultores de gado na <strong>Holanda, Fran\u00e7a e Pol\u00f3nia<\/strong> tamb\u00e9m partilharam feedback positivo ap\u00f3s usar a m\u00e1quina. A limpeza oportuna do esterco melhorou bastante a higiene na pocilga, reduziu gases nocivos e diminuiu efetivamente as taxas de doen\u00e7as entre o gado. Com maior efici\u00eancia e custos operacionais mais baixos, a escarificadora de esterco tornou-se amplamente utilizada em grandes explora\u00e7\u00f5es de gado, porcos e ovelhas por toda a Europa.<\/p>    <figure class=\"wp-block-image size-full\"><img loading=\"lazy\" decoding=\"async\" width=\"720\" height=\"540\" src=\"https:\/\/taizyfarmequipment.com\/wp-content\/uploads\/2026\/04\/pigs.webp\" alt=\"porcos\" class=\"wp-image-5071\" srcset=\"https:\/\/taizyfarmequipment.com\/wp-content\/uploads\/2026\/04\/pigs.webp 720w, https:\/\/taizyfarmequipment.com\/wp-content\/uploads\/2026\/04\/pigs-300x225.webp 300w, https:\/\/taizyfarmequipment.com\/wp-content\/uploads\/2026\/04\/pigs-16x12.webp 16w\" sizes=\"auto, (max-width: 720px) 100vw, 720px\" \/><figcaption class=\"wp-element-caption\">porcos<\/figcaption><\/figure>    <h2 class=\"wp-block-heading\">Equipamento de apoio da m\u00e1quina de limpeza de esterco<\/h2>    <p class=\"translation-block\">A m\u00e1quina de limpeza de esterco pode ser usada juntamente com um <a href=\"https:\/\/taizyfarmequipment.com\/pt\/produto\/maquina-de-espalhar-silagem\/\" data-type=\"link\" data-id=\"https:\/\/taizyfarmequipment.com\/product\/silage-spreader-machine\/\">ve\u00edculo de espalhamento de ra\u00e7\u00e3o<\/a> para melhorar a efici\u00eancia da fazenda. Enquanto o limpador de esterco remove res\u00edduos e mant\u00e9m a pocilga higi\u00eanica, o ve\u00edculo de espalhamento fornece ra\u00e7\u00e3o de forma uniforme ao gado. Esta combina\u00e7\u00e3o de \u201climpeza   alimenta\u00e7\u00e3o\u201d reduz o trabalho, melhora a efici\u00eancia da gest\u00e3o e \u00e9 ideal para fazendas modernas de grande escala.<\/p>    <figure class=\"wp-block-image size-full\"><img loading=\"lazy\" decoding=\"async\" width=\"720\" height=\"540\" src=\"https:\/\/taizyfarmequipment.com\/wp-content\/uploads\/2024\/02\/Diesel-Silage-Spreader-2.webp\" alt=\"Espalhador de Silagem Diesel\" class=\"wp-image-4940\" srcset=\"https:\/\/taizyfarmequipment.com\/wp-content\/uploads\/2024\/02\/Diesel-Silage-Spreader-2.webp 720w, https:\/\/taizyfarmequipment.com\/wp-content\/uploads\/2024\/02\/Diesel-Silage-Spreader-2-300x225.webp 300w, https:\/\/taizyfarmequipment.com\/wp-content\/uploads\/2024\/02\/Diesel-Silage-Spreader-2-16x12.webp 16w\" sizes=\"auto, (max-width: 720px) 100vw, 720px\" \/><figcaption class=\"wp-element-caption\">Espalhador de Silagem Diesel<\/figcaption><\/figure>    <h2 class=\"wp-block-heading\">Conclus\u00e3o<\/h2>    <p>A m\u00e1quina de limpeza de esterco de gado pode otimizar as opera\u00e7\u00f5es di\u00e1rias, elevar a higiene na pocilga e aumentar os lucros. Contacte-nos hoje para uma cota\u00e7\u00e3o personalizada, especifica\u00e7\u00f5es t\u00e9cnicas detalhadas e pre\u00e7os exclusivos \u2014 vamos construir um futuro mais eficiente e rent\u00e1vel para a sua fazenda juntos.<\/p>","protected":false},"excerpt":{"rendered":"<p>A m\u00e1quina de limpeza de esterco recolhe, transporta e remove res\u00edduos animais de forma eficiente, melhorando a higiene e a efici\u00eancia operacional em explora\u00e7\u00f5es de gado e aves.<\/p>","protected":false},"author":1,"featured_media":5065,"parent":0,"template":"","tags":[345],"product-type":[133],"class_list":["post-5063","product","type-product","status-publish","has-post-thumbnail","hentry","tag-manure-cleaning-machine","product-type-silage-machine"],"_links":{"self":[{"href":"https:\/\/taizyfarmequipment.com\/pt\/wp-json\/wp\/v2\/product\/5063","targetHints":{"allow":["GET"]}}],"collection":[{"href":"https:\/\/taizyfarmequipment.com\/pt\/wp-json\/wp\/v2\/product"}],"about":[{"href":"https:\/\/taizyfarmequipment.com\/pt\/wp-json\/wp\/v2\/types\/product"}],"author":[{"embeddable":true,"href":"https:\/\/taizyfarmequipment.com\/pt\/wp-json\/wp\/v2\/users\/1"}],"wp:featuredmedia":[{"embeddable":true,"href":"https:\/\/taizyfarmequipment.com\/pt\/wp-json\/wp\/v2\/media\/5065"}],"wp:attachment":[{"href":"https:\/\/taizyfarmequipment.com\/pt\/wp-json\/wp\/v2\/media?parent=5063"}],"wp:term":[{"taxonomy":"post_tag","embeddable":true,"href":"https:\/\/taizyfarmequipment.com\/pt\/wp-json\/wp\/v2\/tags?post=5063"},{"taxonomy":"product-type","embeddable":true,"href":"https:\/\/taizyfarmequipment.com\/pt\/wp-json\/wp\/v2\/product-type?post=5063"}],"curies":[{"name":"wp","href":"https:\/\/api.w.org\/{rel}","templated":true}]}}