{"id":5074,"date":"2026-04-21T17:43:26","date_gmt":"2026-04-21T09:43:26","guid":{"rendered":"https:\/\/taizyfarmequipment.com\/?post_type=product&#038;p=5074"},"modified":"2026-04-21T17:59:49","modified_gmt":"2026-04-21T09:59:49","slug":"feed-pellet-making-machine-plant","status":"publish","type":"product","link":"https:\/\/taizyfarmequipment.com\/pt\/product\/feed-pellet-making-machine-plant\/","title":{"rendered":"Planta de m\u00e1quina de fabrica\u00e7\u00e3o de pellets para ra\u00e7\u00e3o"},"content":{"rendered":"<div class=\"kk-star-ratings kksr-auto kksr-align-left kksr-valign-top\"     data-payload='{&quot;align&quot;:&quot;left&quot;,&quot;id&quot;:&quot;5074&quot;,&quot;slug&quot;:&quot;default&quot;,&quot;valign&quot;:&quot;top&quot;,&quot;ignore&quot;:&quot;&quot;,&quot;reference&quot;:&quot;auto&quot;,&quot;class&quot;:&quot;&quot;,&quot;count&quot;:&quot;0&quot;,&quot;legendonly&quot;:&quot;&quot;,&quot;readonly&quot;:&quot;&quot;,&quot;score&quot;:&quot;0&quot;,&quot;starsonly&quot;:&quot;&quot;,&quot;best&quot;:&quot;5&quot;,&quot;gap&quot;:&quot;5&quot;,&quot;greet&quot;:&quot;Rate this product&quot;,&quot;legend&quot;:&quot;0\\\/5 - (0 votes)&quot;,&quot;size&quot;:&quot;24&quot;,&quot;title&quot;:&quot;Feed pellet making machine plant&quot;,&quot;width&quot;:&quot;0&quot;,&quot;_legend&quot;:&quot;{score}\\\/{best} - ({count} {votes})&quot;,&quot;font_factor&quot;:&quot;1.25&quot;}'>              <div class=\"kksr-stars\">      <div class=\"kksr-stars-inactive\">             <div class=\"kksr-star\" data-star=\"1\" style=\"padding-right: 5px\">               <div class=\"kksr-icon\" style=\"width: 24px; height: 24px;\"><\/div>         <\/div>             <div class=\"kksr-star\" data-star=\"2\" style=\"padding-right: 5px\">               <div class=\"kksr-icon\" style=\"width: 24px; height: 24px;\"><\/div>         <\/div>             <div class=\"kksr-star\" data-star=\"3\" style=\"padding-right: 5px\">               <div class=\"kksr-icon\" style=\"width: 24px; height: 24px;\"><\/div>         <\/div>             <div class=\"kksr-star\" data-star=\"4\" style=\"padding-right: 5px\">               <div class=\"kksr-icon\" style=\"width: 24px; height: 24px;\"><\/div>         <\/div>             <div class=\"kksr-star\" data-star=\"5\" style=\"padding-right: 5px\">               <div class=\"kksr-icon\" style=\"width: 24px; height: 24px;\"><\/div>         <\/div>     <\/div>      <div class=\"kksr-stars-active\" style=\"width: 0px;\">             <div class=\"kksr-star\" style=\"padding-right: 5px\">               <div class=\"kksr-icon\" style=\"width: 24px; height: 24px;\"><\/div>         <\/div>             <div class=\"kksr-star\" style=\"padding-right: 5px\">               <div class=\"kksr-icon\" style=\"width: 24px; height: 24px;\"><\/div>         <\/div>             <div class=\"kksr-star\" style=\"padding-right: 5px\">               <div class=\"kksr-icon\" style=\"width: 24px; height: 24px;\"><\/div>         <\/div>             <div class=\"kksr-star\" style=\"padding-right: 5px\">               <div class=\"kksr-icon\" style=\"width: 24px; height: 24px;\"><\/div>         <\/div>             <div class=\"kksr-star\" style=\"padding-right: 5px\">               <div class=\"kksr-icon\" style=\"width: 24px; height: 24px;\"><\/div>         <\/div>     <\/div> <\/div>                   <div class=\"kksr-legend\" style=\"font-size: 19.2px;\">             <span class=\"kksr-muted\">Avalie este produto<\/span>     <\/div>     <\/div>  <p class=\"translation-block\">A F\u00e1brica de M\u00e1quinas de Produ\u00e7\u00e3o de Pellets para Ra\u00e7\u00e3o \u00e9 um sistema de produ\u00e7\u00e3o autom\u00e1tico avan\u00e7ado, amplamente utilizado no processamento de pellets de ra\u00e7\u00e3o para gado e aves. \u00c9 especialmente adequado para f\u00e1bricas de ra\u00e7\u00e3o de m\u00e9dio e grande porte e fazendas de cria\u00e7\u00e3o devido \u00e0 sua alta efici\u00eancia, desempenho est\u00e1vel e forte adaptabilidade a diferentes mat\u00e9rias-primas. A capacidade de produ\u00e7\u00e3o varia de <strong>80\u20131200 kg\/h<\/strong>, atendendo a v\u00e1rias escalas de produ\u00e7\u00e3o.<\/p>    <p>A linha de produ\u00e7\u00e3o pode processar milho, trigo, soja e farelo de \u00f3leo, garantindo excelente versatilidade de mat\u00e9rias-primas e qualidade consistente dos pellets para v\u00e1rias formula\u00e7\u00f5es de ra\u00e7\u00e3o. Com alto n\u00edvel de automa\u00e7\u00e3o e baixo consumo de energia, melhora significativamente a efici\u00eancia de produ\u00e7\u00e3o enquanto reduz os requisitos de m\u00e3o-de-obra.<\/p>    <p>O sistema completo integra quatro processos principais: tritura\u00e7\u00e3o, mistura, pelleting e embalagem. Esta F\u00e1brica de M\u00e1quinas de Produ\u00e7\u00e3o de Pellets para Ra\u00e7\u00e3o \u00e9 uma solu\u00e7\u00e3o ideal para a produ\u00e7\u00e3o moderna de ra\u00e7\u00e3o, oferecendo capacidades de processamento de p\u00f3 e de pellets, ajudando as empresas a aumentar a produ\u00e7\u00e3o e a reduzir custos operacionais.<\/p>    <figure class=\"wp-block-embed is-type-video is-provider-youtube wp-block-embed-youtube wp-embed-aspect-9-16 wp-has-aspect-ratio\"><div class=\"wp-block-embed__wrapper\"> <iframe loading=\"lazy\" title=\"Linha de produ\u00e7\u00e3o completa de pellets para ra\u00e7\u00e3o para uma agricultura de alta efici\u00eancia #ra\u00e7\u00e3o #pelletmill #agricultura\" width=\"422\" height=\"750\" src=\"https:\/\/www.youtube.com\/embed\/7M5dzyUklzo?feature=oembed\" frameborder=\"0\" allow=\"accelerometer; autoplay; clipboard-write; encrypted-media; gyroscope; picture-in-picture; web-share\" referrerpolicy=\"strict-origin-when-cross-origin\" allowfullscreen><\/iframe> <\/div><figcaption class=\"wp-element-caption\">V\u00eddeo de funcionamento da f\u00e1brica de pellets para ra\u00e7\u00e3o<\/figcaption><\/figure>    <h2 class=\"wp-block-heading\">Aplica\u00e7\u00f5es da f\u00e1brica de m\u00e1quinas de produ\u00e7\u00e3o de pellets para ra\u00e7\u00e3o<\/h2>    <p class=\"translation-block\">A <strong>F\u00e1brica de M\u00e1quinas de Produ\u00e7\u00e3o de Pellets para Ra\u00e7\u00e3o<\/strong> pode produzir pellets de alta qualidade, adequados para uma ampla variedade de animais, tornando-se altamente vers\u00e1til para diferentes necessidades agr\u00edcolas. \u00c9 comumente usada para produzir ra\u00e7\u00e3o para aves como galinhas, patos e gansos, bem como gado incluindo vacas, ovelhas, cabras e porcos. <\/p>    <p>Al\u00e9m disso, ajustando a f\u00f3rmula e o tamanho do pellet, a linha de produ\u00e7\u00e3o tamb\u00e9m pode ser usada para fabricar ra\u00e7\u00e3o para animais aqu\u00e1ticos como peixes e camar\u00f5es. Essa flexibilidade permite aos agricultores e produtores de ra\u00e7\u00e3o atender \u00e0s necessidades nutricionais de diferentes animais, enquanto melhora a efici\u00eancia da alimenta\u00e7\u00e3o e a produtividade geral da fazenda.<\/p>    <figure class=\"wp-block-gallery has-nested-images columns-default is-cropped wp-block-gallery-2 is-layout-flex wp-block-gallery-is-layout-flex\"> <figure class=\"wp-block-image size-large\"><img loading=\"lazy\" decoding=\"async\" width=\"720\" height=\"540\" data-id=\"5077\" src=\"https:\/\/taizyfarmequipment.com\/wp-content\/uploads\/2026\/04\/chickens.webp\" alt=\"galinhas\" class=\"wp-image-5077\" srcset=\"https:\/\/taizyfarmequipment.com\/wp-content\/uploads\/2026\/04\/chickens.webp 720w, https:\/\/taizyfarmequipment.com\/wp-content\/uploads\/2026\/04\/chickens-300x225.webp 300w, https:\/\/taizyfarmequipment.com\/wp-content\/uploads\/2026\/04\/chickens-16x12.webp 16w\" sizes=\"auto, (max-width: 720px) 100vw, 720px\" \/><figcaption class=\"wp-element-caption\">galinhas<\/figcaption><\/figure>    <figure class=\"wp-block-image size-large\"><img loading=\"lazy\" decoding=\"async\" width=\"720\" height=\"540\" data-id=\"5078\" src=\"https:\/\/taizyfarmequipment.com\/wp-content\/uploads\/2026\/04\/ducks.webp\" alt=\"patos\" class=\"wp-image-5078\" srcset=\"https:\/\/taizyfarmequipment.com\/wp-content\/uploads\/2026\/04\/ducks.webp 720w, https:\/\/taizyfarmequipment.com\/wp-content\/uploads\/2026\/04\/ducks-300x225.webp 300w, https:\/\/taizyfarmequipment.com\/wp-content\/uploads\/2026\/04\/ducks-16x12.webp 16w\" sizes=\"auto, (max-width: 720px) 100vw, 720px\" \/><figcaption class=\"wp-element-caption\">patos<\/figcaption><\/figure> <\/figure>    <h2 class=\"wp-block-heading\">Componentes da f\u00e1brica de m\u00e1quinas de produ\u00e7\u00e3o de pellets para ra\u00e7\u00e3o<\/h2>    <p class=\"translation-block\">A <strong>F\u00e1brica de M\u00e1quinas de Produ\u00e7\u00e3o de Pellets para Ra\u00e7\u00e3o<\/strong> geralmente inclui uma m\u00e1quina de tritura\u00e7\u00e3o para reduzir mat\u00e9rias-primas a part\u00edculas finas, uma m\u00e1quina de mistura para obter uma mistura uniforme de ingredientes, uma m\u00e1quina de pellets para comprimir a mistura em pellets de alta densidade, uma m\u00e1quina de resfriamento para baixar a temperatura dos pellets e melhorar a dureza, e uma m\u00e1quina de embalagem para pesar e embalar os produtos finais. <\/p>    <p>Juntos, esses componentes trabalham em coordena\u00e7\u00e3o para garantir uma produ\u00e7\u00e3o est\u00e1vel, alta efici\u00eancia e qualidade consistente da ra\u00e7\u00e3o.<\/p>    <div class=\"wp-block-media-text is-stacked-on-mobile\"><figure class=\"wp-block-media-text__media\"><img loading=\"lazy\" decoding=\"async\" width=\"720\" height=\"540\" src=\"https:\/\/taizyfarmequipment.com\/wp-content\/uploads\/2026\/04\/grain-crusher.webp\" alt=\"triturador de gr\u00e3os\" class=\"wp-image-5079 size-full\" srcset=\"https:\/\/taizyfarmequipment.com\/wp-content\/uploads\/2026\/04\/grain-crusher.webp 720w, https:\/\/taizyfarmequipment.com\/wp-content\/uploads\/2026\/04\/grain-crusher-300x225.webp 300w, https:\/\/taizyfarmequipment.com\/wp-content\/uploads\/2026\/04\/grain-crusher-16x12.webp 16w\" sizes=\"auto, (max-width: 720px) 100vw, 720px\" \/><\/figure><div class=\"wp-block-media-text__content\"> <h3 class=\"wp-block-heading\"><a href=\"https:\/\/taizyfarmequipment.com\/pt\/produto\/moedor-de-martelo\/\" data-type=\"link\" data-id=\"https:\/\/taizyfarmequipment.com\/product\/hammer-mill-grinder\/\">Triturador de gr\u00e3os<\/a><\/h3>    <p class=\"translation-block\">A <strong>triturador de gr\u00e3os<\/strong> combina um triturador e uma picadora numa \u00fanica unidade. <\/p>    <p>Al\u00e9m de ser adequada para moer ra\u00e7\u00e3o concentrada, como milho e soja, bem como v\u00e1rios tipos de palha, talos de milho, cascas de amendoim, ervas daninhas e galhos, tamb\u00e9m \u00e9 adequada para moer mat\u00e9rias-primas como madeira e galhos.<\/p>    <p>Com tamanhos de tela ajust\u00e1veis, a m\u00e1quina pode controlar a finura do produto final para atender a diferentes requisitos de alimenta\u00e7\u00e3o. <\/p> <\/div><\/div>    <figure class=\"wp-block-table\"><table class=\"has-fixed-layout\"><thead><tr><th>Modelo<\/th><th>Poder<\/th><th>Sa\u00edda<\/th><th>Dimens\u00e3o Geral<\/th><th>Peso<\/th><\/tr><\/thead><tbody><tr><td>MGDP-420B<\/td><td>11kW<\/td><td>500-800kg\/h<\/td><td>1600\u00d7600\u00d71200mm<\/td><td>360kg<\/td><\/tr><tr><td>MGDP-500B<\/td><td>22kW<\/td><td>800-1200kg\/h<\/td><td>2200\u00d71300\u00d71450mm<\/td><td>600kg<\/td><\/tr><tr><td>MGDP-600B<\/td><td>30kW<\/td><td>1200-1800kg\/h<\/td><td>2300\u00d71450\u00d71450mm<\/td><td>780kg<\/td><\/tr><tr><td>MGDP-700B<\/td><td>37kW<\/td><td>1800-2500kg\/h<\/td><td>2450\u00d71500\u00d71450mm<\/td><td>900kg<\/td><\/tr><\/tbody><\/table><figcaption class=\"wp-element-caption\">Par\u00e2metros do triturador de gr\u00e3os<\/figcaption><\/figure>    <div class=\"wp-block-media-text has-media-on-the-right is-stacked-on-mobile\"><div class=\"wp-block-media-text__content\"> <h3 class=\"wp-block-heading\">M\u00e1quina de mistura<\/h3>    <p class=\"translation-block\">A <strong>m\u00e1quina de mistura<\/strong> \u00e9 respons\u00e1vel por misturar uniformemente mat\u00e9rias-primas trituradas com aditivos. Garante que nutrientes, vitaminas e minerais estejam distribu\u00eddos de forma homog\u00eanea em cada lote.<\/p>    <p>Quando a porta de descarga \u00e9 aberta, este equipamento garante que todo o material no tambor de mistura seja completamente descarregado. Com um tempo de descarga curto e sem material residual, melhora efetivamente a efici\u00eancia de produ\u00e7\u00e3o.<\/p> <\/div><figure class=\"wp-block-media-text__media\"><img loading=\"lazy\" decoding=\"async\" width=\"720\" height=\"540\" src=\"https:\/\/taizyfarmequipment.com\/wp-content\/uploads\/2026\/04\/mixing-machine.webp\" alt=\"m\u00e1quina de mistura\" class=\"wp-image-5080 size-full\" srcset=\"https:\/\/taizyfarmequipment.com\/wp-content\/uploads\/2026\/04\/mixing-machine.webp 720w, https:\/\/taizyfarmequipment.com\/wp-content\/uploads\/2026\/04\/mixing-machine-300x225.webp 300w, https:\/\/taizyfarmequipment.com\/wp-content\/uploads\/2026\/04\/mixing-machine-16x12.webp 16w\" sizes=\"auto, (max-width: 720px) 100vw, 720px\" \/><\/figure><\/div>    <figure class=\"wp-block-table\"><table class=\"has-fixed-layout\"><thead><tr><th>Modelo<\/th><th>Poder<\/th><th>Sa\u00edda<\/th><th>Dimens\u00e3o Geral<\/th><th>Peso<\/th><\/tr><\/thead><tbody><tr><td>MGWJ-250<\/td><td>4kW<\/td><td>0.5-1.2T\/h<\/td><td>2100\u00d7800\u00d71550mm<\/td><td>210kg<\/td><\/tr><tr><td>MGWJ-500<\/td><td>7.5kW<\/td><td>1.3-1.8T\/h<\/td><td>2800\u00d71200\u00d72000mm<\/td><td>900kg<\/td><\/tr><tr><td>MGWJ-1000<\/td><td>11kW<\/td><td>1.5-2.5T\/h<\/td><td>3200\u00d71200\u00d72300mm<\/td><td>1200kg<\/td><\/tr><tr><td>MGWJ-2000<\/td><td>18.5kW<\/td><td>1.5-2.5T\/h<\/td><td>3800\u00d71400\u00d72350mm<\/td><td>1500kg<\/td><\/tr><\/tbody><\/table><figcaption class=\"wp-element-caption\">Par\u00e2metros da m\u00e1quina de mistura<\/figcaption><\/figure>    <div class=\"wp-block-media-text is-stacked-on-mobile\"><figure class=\"wp-block-media-text__media\"><img loading=\"lazy\" decoding=\"async\" width=\"720\" height=\"540\" src=\"https:\/\/taizyfarmequipment.com\/wp-content\/uploads\/2026\/04\/feed-pellet-making-machine.webp\" alt=\"m\u00e1quina de fazer pellets para ra\u00e7\u00e3o\" class=\"wp-image-5081 size-full\" srcset=\"https:\/\/taizyfarmequipment.com\/wp-content\/uploads\/2026\/04\/feed-pellet-making-machine.webp 720w, https:\/\/taizyfarmequipment.com\/wp-content\/uploads\/2026\/04\/feed-pellet-making-machine-300x225.webp 300w, https:\/\/taizyfarmequipment.com\/wp-content\/uploads\/2026\/04\/feed-pellet-making-machine-16x12.webp 16w\" sizes=\"auto, (max-width: 720px) 100vw, 720px\" \/><\/figure><div class=\"wp-block-media-text__content\"> <h3 class=\"wp-block-heading\">M\u00e1quina de fazer pellets para ra\u00e7\u00e3o<\/h3>    <p class=\"translation-block\">A <strong>m\u00e1quina de fazer pellets para ra\u00e7\u00e3o<\/strong> \u00e9 respons\u00e1vel por comprimir materiais misturados em pellets de ra\u00e7\u00e3o uniformes. Utiliza press\u00e3o e calor gerados por rolos e matrizes para formar pellets densos, dur\u00e1veis e com boa dureza.<\/p>    <p>A m\u00e1quina garante tamanho e qualidade consistentes dos pellets, melhorando a palatabilidade e digestibilidade da ra\u00e7\u00e3o para gado e aves. <\/p>    <p>Com matrizes ajust\u00e1veis, pode produzir pellets adequados para diferentes animais.<\/p> <\/div><\/div>    <figure class=\"wp-block-table\"><table class=\"has-fixed-layout\"><thead><tr><th>Modelo<\/th><th>Poder<\/th><th>Sa\u00edda<\/th><th>Dimens\u00e3o total (mm)<\/th><th>Peso (kg)<\/th><\/tr><\/thead><tbody><tr><td>MGPM-150A<\/td><td>10 HP<\/td><td>80-120kg\/h<\/td><td>950\u00d7600\u00d7800<\/td><td>165\/190<\/td><\/tr><tr><td>MGPM-200A<\/td><td>15 HP<\/td><td>200-300kg\/h<\/td><td>1240\u00d7800\u00d7900<\/td><td>350\/380<\/td><\/tr><tr><td>MGPM-260A<\/td><td>30 HP<\/td><td>400-600kg\/h<\/td><td>2000\u00d7770\u00d71100<\/td><td>480\/520<\/td><\/tr><tr><td>MGPM-300A<\/td><td>41 HP<\/td><td>600-800 kg\/hora<\/td><td>2300\u00d7700\u00d71250<\/td><td>850\/890<\/td><\/tr><tr><td>MGPM-400A<\/td><td>55 HP<\/td><td>800-1200kg\/h<\/td><td>2300\u00d7700\u00d71250<\/td><td>1050\/1100<\/td><\/tr><\/tbody><\/table><figcaption class=\"wp-element-caption\">Par\u00e2metros da m\u00e1quina de fazer pellets para ra\u00e7\u00e3o<\/figcaption><\/figure>    <div class=\"wp-block-media-text has-media-on-the-right is-stacked-on-mobile\"><div class=\"wp-block-media-text__content\"> <h3 class=\"wp-block-heading\">M\u00e1quina de resfriamento<\/h3>    <p class=\"translation-block\">A <strong>m\u00e1quina de resfriamento<\/strong> \u00e9 usada para reduzir a temperatura e a umidade dos pellets rec\u00e9m-produzidos. Ap\u00f3s a pelleting, a ra\u00e7\u00e3o est\u00e1 quente e macia, portanto, o resfriamento \u00e9 necess\u00e1rio para melhorar a dureza e a estabilidade.<\/p>    <p>Ao usar fluxo de ar para baixar rapidamente a temperatura, a m\u00e1quina ajuda a prevenir deforma\u00e7\u00f5es e garante uma melhor qualidade dos pellets.<\/p> <\/div><figure class=\"wp-block-media-text__media\"><img loading=\"lazy\" decoding=\"async\" width=\"720\" height=\"540\" src=\"https:\/\/taizyfarmequipment.com\/wp-content\/uploads\/2026\/04\/cooling-machine.webp\" alt=\"m\u00e1quina de resfriamento\" class=\"wp-image-5082 size-full\" srcset=\"https:\/\/taizyfarmequipment.com\/wp-content\/uploads\/2026\/04\/cooling-machine.webp 720w, https:\/\/taizyfarmequipment.com\/wp-content\/uploads\/2026\/04\/cooling-machine-300x225.webp 300w, https:\/\/taizyfarmequipment.com\/wp-content\/uploads\/2026\/04\/cooling-machine-16x12.webp 16w\" sizes=\"auto, (max-width: 720px) 100vw, 720px\" \/><\/figure><\/div>    <figure class=\"wp-block-table\"><table class=\"has-fixed-layout\"><thead><tr><th>Modelo<\/th><th>Poder<\/th><th>Sa\u00edda<\/th><th>Dimens\u00e3o total (mm)<\/th><th>Peso (kg)<\/th><\/tr><\/thead><tbody><tr><td>MGLQ-50<\/td><td>0.75 2.2kW<\/td><td>0-500kg\/h<\/td><td>1800\u00d7750\u00d71100<\/td><td>220+65<\/td><\/tr><tr><td>MGLQ-70<\/td><td>0.75 2.2 2.2kW<\/td><td>0-1000kg\/h<\/td><td>1800\u00d7750\u00d71100<\/td><td>220+120<\/td><\/tr><\/tbody><\/table><figcaption class=\"wp-element-caption\">Par\u00e2metros da m\u00e1quina de resfriamento<\/figcaption><\/figure>    <div class=\"wp-block-media-text is-stacked-on-mobile\"><figure class=\"wp-block-media-text__media\"><img loading=\"lazy\" decoding=\"async\" width=\"720\" height=\"540\" src=\"https:\/\/taizyfarmequipment.com\/wp-content\/uploads\/2026\/04\/packing-machine.webp\" alt=\"m\u00e1quina de embalagem\" class=\"wp-image-5083 size-full\" srcset=\"https:\/\/taizyfarmequipment.com\/wp-content\/uploads\/2026\/04\/packing-machine.webp 720w, https:\/\/taizyfarmequipment.com\/wp-content\/uploads\/2026\/04\/packing-machine-300x225.webp 300w, https:\/\/taizyfarmequipment.com\/wp-content\/uploads\/2026\/04\/packing-machine-16x12.webp 16w\" sizes=\"auto, (max-width: 720px) 100vw, 720px\" \/><\/figure><div class=\"wp-block-media-text__content\"> <h3 class=\"wp-block-heading\">M\u00e1quina de embalagem<\/h3>    <p class=\"translation-block\">A <strong>m\u00e1quina de embalagem<\/strong> \u00e9 a unidade final na F\u00e1brica de M\u00e1quinas de Produ\u00e7\u00e3o de Pellets para Ra\u00e7\u00e3o, respons\u00e1vel por pesar e embalar os pellets de ra\u00e7\u00e3o acabados. Garante uma medi\u00e7\u00e3o precisa e uma embalagem consistente, melhorando a efici\u00eancia e reduzindo o trabalho manual.<\/p>    <p>Equipado com fun\u00e7\u00f5es autom\u00e1ticas de pesagem e selagem, o que proporciona desempenho de embalagem r\u00e1pido e confi\u00e1vel. <\/p>    <p>Ajuda a manter a qualidade do produto, simplifica o armazenamento e transporte, e apoia a produ\u00e7\u00e3o cont\u00ednua e em grande escala de ra\u00e7\u00e3o.<\/p> <\/div><\/div>    <figure class=\"wp-block-table\"><table class=\"has-fixed-layout\"><thead><tr><th>Modelo<\/th><th>Poder<\/th><th>Faixa de Embalagem<\/th><th>Dimens\u00e3o total (mm)<\/th><th>Peso (kg)<\/th><\/tr><\/thead><tbody><tr><td>MGBZ-50<\/td><td>1kW<\/td><td>10-50kg\/bag<\/td><td>1200\u00d71200\u00d72400 1200\u00d71200\u00d71200 2400\u00d7700\u00d7400<\/td><td>600<\/td><\/tr><\/tbody><\/table><figcaption class=\"wp-element-caption\">Par\u00e2metros da m\u00e1quina de embalagem<\/figcaption><\/figure>    <h2 class=\"wp-block-heading\">Vantagens da linha de produ\u00e7\u00e3o de pellets para ra\u00e7\u00e3o<\/h2>    <ul class=\"wp-block-list\"> <li>Opera\u00e7\u00e3o f\u00e1cil e manuten\u00e7\u00e3o conveniente, reduzindo os requisitos de habilidade do trabalhador e os custos de manuten\u00e7\u00e3o di\u00e1ria.<\/li>    <li>Processamento em alta temperatura durante a opera\u00e7\u00e3o (80\u201390\u00b0C), que ajuda na matura\u00e7\u00e3o do pellet e fornece efeitos de esteriliza\u00e7\u00e3o. <\/li>    <li>Pellets acabados s\u00e3o mais f\u00e1ceis de armazenar, embalar e transportar, melhorando a efici\u00eancia log\u00edstica geral. <\/li>    <li>O design da estrutura do rolo garante compacta\u00e7\u00e3o forte, opera\u00e7\u00e3o com baixo ru\u00eddo e alta efici\u00eancia de produ\u00e7\u00e3o. <\/li>    <li>Alta adaptabilidade de materiais, adequada para processar v\u00e1rias mat\u00e9rias-primas com ampla gama de aplica\u00e7\u00f5es. <\/li>    <li>Sistema de molde ajust\u00e1vel, permitindo uma produ\u00e7\u00e3o flex\u00edvel de pellets para diferentes esp\u00e9cies de aves e gado.<\/li> <\/ul>    <figure class=\"wp-block-gallery has-nested-images columns-default is-cropped wp-block-gallery-3 is-layout-flex wp-block-gallery-is-layout-flex\"> <figure class=\"wp-block-image size-large\"><img loading=\"lazy\" decoding=\"async\" width=\"720\" height=\"540\" data-id=\"5084\" src=\"https:\/\/taizyfarmequipment.com\/wp-content\/uploads\/2026\/04\/feed-pellet-maker-production-line.webp\" alt=\"linha de produ\u00e7\u00e3o de pellets para ra\u00e7\u00e3o\" class=\"wp-image-5084\" srcset=\"https:\/\/taizyfarmequipment.com\/wp-content\/uploads\/2026\/04\/feed-pellet-maker-production-line.webp 720w, https:\/\/taizyfarmequipment.com\/wp-content\/uploads\/2026\/04\/feed-pellet-maker-production-line-300x225.webp 300w, https:\/\/taizyfarmequipment.com\/wp-content\/uploads\/2026\/04\/feed-pellet-maker-production-line-16x12.webp 16w\" sizes=\"auto, (max-width: 720px) 100vw, 720px\" \/><figcaption class=\"wp-element-caption\">linha de produ\u00e7\u00e3o de pellets para ra\u00e7\u00e3o<\/figcaption><\/figure>    <figure class=\"wp-block-image size-large\"><img loading=\"lazy\" decoding=\"async\" width=\"720\" height=\"540\" data-id=\"5085\" src=\"https:\/\/taizyfarmequipment.com\/wp-content\/uploads\/2026\/04\/Feed-pellet-making-machine-plant-price.webp\" alt=\"Pre\u00e7o da f\u00e1brica de pellets para ra\u00e7\u00e3o\" class=\"wp-image-5085\" srcset=\"https:\/\/taizyfarmequipment.com\/wp-content\/uploads\/2026\/04\/Feed-pellet-making-machine-plant-price.webp 720w, https:\/\/taizyfarmequipment.com\/wp-content\/uploads\/2026\/04\/Feed-pellet-making-machine-plant-price-300x225.webp 300w, https:\/\/taizyfarmequipment.com\/wp-content\/uploads\/2026\/04\/Feed-pellet-making-machine-plant-price-16x12.webp 16w\" sizes=\"auto, (max-width: 720px) 100vw, 720px\" \/><figcaption class=\"wp-element-caption\">Pre\u00e7o da f\u00e1brica de pellets para ra\u00e7\u00e3o<\/figcaption><\/figure> <\/figure>    <h2 class=\"wp-block-heading\">Conclus\u00e3o<\/h2>    <p class=\"translation-block\">Em conclus\u00e3o, a <strong>F\u00e1brica de M\u00e1quinas de Produ\u00e7\u00e3o de Pellets para Ra\u00e7\u00e3o<\/strong> oferece uma solu\u00e7\u00e3o completa, eficiente e flex\u00edvel para a produ\u00e7\u00e3o moderna de ra\u00e7\u00e3o. Com seu alto n\u00edvel de automa\u00e7\u00e3o, desempenho est\u00e1vel e ampla adaptabilidade a mat\u00e9rias-primas, ajuda as empresas a melhorar a produtividade enquanto reduz custos. <\/p>    <p>Contacte-nos hoje para obter especifica\u00e7\u00f5es detalhadas, pre\u00e7os e uma solu\u00e7\u00e3o personalizada para impulsionar a sua efici\u00eancia na produ\u00e7\u00e3o de ra\u00e7\u00e3o.<\/p>    <figure class=\"wp-block-image size-full\"><img loading=\"lazy\" decoding=\"async\" width=\"720\" height=\"540\" src=\"https:\/\/taizyfarmequipment.com\/wp-content\/uploads\/2026\/04\/Feed-pellet-making-machine-plant-in-stock.webp\" alt=\"F\u00e1brica de pellets para ra\u00e7\u00e3o em stock\" class=\"wp-image-5086\" srcset=\"https:\/\/taizyfarmequipment.com\/wp-content\/uploads\/2026\/04\/Feed-pellet-making-machine-plant-in-stock.webp 720w, https:\/\/taizyfarmequipment.com\/wp-content\/uploads\/2026\/04\/Feed-pellet-making-machine-plant-in-stock-300x225.webp 300w, https:\/\/taizyfarmequipment.com\/wp-content\/uploads\/2026\/04\/Feed-pellet-making-machine-plant-in-stock-16x12.webp 16w\" sizes=\"auto, (max-width: 720px) 100vw, 720px\" \/><figcaption class=\"wp-element-caption\">F\u00e1brica de pellets para ra\u00e7\u00e3o em stock<\/figcaption><\/figure>","protected":false},"excerpt":{"rendered":"<p>A F\u00e1brica de M\u00e1quinas de Produ\u00e7\u00e3o de Pellets para Ra\u00e7\u00e3o \u00e9 um sistema de produ\u00e7\u00e3o autom\u00e1tico avan\u00e7ado, amplamente utilizado no processamento de pellets de ra\u00e7\u00e3o para gado e aves.<\/p>","protected":false},"author":1,"featured_media":5087,"parent":0,"template":"","tags":[346],"product-type":[234],"class_list":["post-5074","product","type-product","status-publish","has-post-thumbnail","hentry","tag-feed-pellet-making-machine-plant","product-type-other"],"_links":{"self":[{"href":"https:\/\/taizyfarmequipment.com\/pt\/wp-json\/wp\/v2\/product\/5074","targetHints":{"allow":["GET"]}}],"collection":[{"href":"https:\/\/taizyfarmequipment.com\/pt\/wp-json\/wp\/v2\/product"}],"about":[{"href":"https:\/\/taizyfarmequipment.com\/pt\/wp-json\/wp\/v2\/types\/product"}],"author":[{"embeddable":true,"href":"https:\/\/taizyfarmequipment.com\/pt\/wp-json\/wp\/v2\/users\/1"}],"wp:featuredmedia":[{"embeddable":true,"href":"https:\/\/taizyfarmequipment.com\/pt\/wp-json\/wp\/v2\/media\/5087"}],"wp:attachment":[{"href":"https:\/\/taizyfarmequipment.com\/pt\/wp-json\/wp\/v2\/media?parent=5074"}],"wp:term":[{"taxonomy":"post_tag","embeddable":true,"href":"https:\/\/taizyfarmequipment.com\/pt\/wp-json\/wp\/v2\/tags?post=5074"},{"taxonomy":"product-type","embeddable":true,"href":"https:\/\/taizyfarmequipment.com\/pt\/wp-json\/wp\/v2\/product-type?post=5074"}],"curies":[{"name":"wp","href":"https:\/\/api.w.org\/{rel}","templated":true}]}}