{"id":5089,"date":"2026-04-28T16:36:51","date_gmt":"2026-04-28T08:36:51","guid":{"rendered":"https:\/\/taizyfarmequipment.com\/?post_type=product&#038;p=5089"},"modified":"2026-04-28T16:38:20","modified_gmt":"2026-04-28T08:38:20","slug":"dual-film-silage-wrapping-machine","status":"publish","type":"product","link":"https:\/\/taizyfarmequipment.com\/pt\/product\/dual-film-silage-wrapping-machine\/","title":{"rendered":"M\u00e1quina de embrulho de silagem de filme duplo 9YDB-60"},"content":{"rendered":"<div class=\"kk-star-ratings kksr-auto kksr-align-left kksr-valign-top\"     data-payload='{&quot;align&quot;:&quot;left&quot;,&quot;id&quot;:&quot;5089&quot;,&quot;slug&quot;:&quot;default&quot;,&quot;valign&quot;:&quot;top&quot;,&quot;ignore&quot;:&quot;&quot;,&quot;reference&quot;:&quot;auto&quot;,&quot;class&quot;:&quot;&quot;,&quot;count&quot;:&quot;25&quot;,&quot;legendonly&quot;:&quot;&quot;,&quot;readonly&quot;:&quot;&quot;,&quot;score&quot;:&quot;4.9&quot;,&quot;starsonly&quot;:&quot;&quot;,&quot;best&quot;:&quot;5&quot;,&quot;gap&quot;:&quot;5&quot;,&quot;greet&quot;:&quot;Rate this product&quot;,&quot;legend&quot;:&quot;4.9\\\/5 - (25 votes)&quot;,&quot;size&quot;:&quot;24&quot;,&quot;title&quot;:&quot;9YDB-60 dual film silage wrapping machine&quot;,&quot;width&quot;:&quot;139.6&quot;,&quot;_legend&quot;:&quot;{score}\\\/{best} - ({count} {votes})&quot;,&quot;font_factor&quot;:&quot;1.25&quot;}'>              <div class=\"kksr-stars\">      <div class=\"kksr-stars-inactive\">             <div class=\"kksr-star\" data-star=\"1\" style=\"padding-right: 5px\">               <div class=\"kksr-icon\" style=\"width: 24px; height: 24px;\"><\/div>         <\/div>             <div class=\"kksr-star\" data-star=\"2\" style=\"padding-right: 5px\">               <div class=\"kksr-icon\" style=\"width: 24px; height: 24px;\"><\/div>         <\/div>             <div class=\"kksr-star\" data-star=\"3\" style=\"padding-right: 5px\">               <div class=\"kksr-icon\" style=\"width: 24px; height: 24px;\"><\/div>         <\/div>             <div class=\"kksr-star\" data-star=\"4\" style=\"padding-right: 5px\">               <div class=\"kksr-icon\" style=\"width: 24px; height: 24px;\"><\/div>         <\/div>             <div class=\"kksr-star\" data-star=\"5\" style=\"padding-right: 5px\">               <div class=\"kksr-icon\" style=\"width: 24px; height: 24px;\"><\/div>         <\/div>     <\/div>      <div class=\"kksr-stars-active\" style=\"width: 139.6px;\">             <div class=\"kksr-star\" style=\"padding-right: 5px\">               <div class=\"kksr-icon\" style=\"width: 24px; height: 24px;\"><\/div>         <\/div>             <div class=\"kksr-star\" style=\"padding-right: 5px\">               <div class=\"kksr-icon\" style=\"width: 24px; height: 24px;\"><\/div>         <\/div>             <div class=\"kksr-star\" style=\"padding-right: 5px\">               <div class=\"kksr-icon\" style=\"width: 24px; height: 24px;\"><\/div>         <\/div>             <div class=\"kksr-star\" style=\"padding-right: 5px\">               <div class=\"kksr-icon\" style=\"width: 24px; height: 24px;\"><\/div>         <\/div>             <div class=\"kksr-star\" style=\"padding-right: 5px\">               <div class=\"kksr-icon\" style=\"width: 24px; height: 24px;\"><\/div>         <\/div>     <\/div> <\/div>                   <div class=\"kksr-legend\" style=\"font-size: 19.2px;\">             4,9\/5 - (25 votos)    <\/div>     <\/div>  <p class=\"translation-block\">A <strong>m\u00e1quina de embrulhar silagem de filme duplo 9YDB-60<\/strong> \u00e9 uma m\u00e1quina totalmente autom\u00e1tica para enfardamento e embrulhamento eficiente de silagem. \u00c9 amplamente utilizada em explora\u00e7\u00f5es agr\u00edcolas, opera\u00e7\u00f5es de gado e f\u00e1bricas de processamento de ra\u00e7\u00e3o. Com a sua tecnologia de embrulho simult\u00e2neo de filme duplo, a m\u00e1quina pode completar rapidamente o processo de compress\u00e3o e selagem de materiais de forragem, melhorando significativamente a qualidade de preserva\u00e7\u00e3o e reduzindo a perda de nutrientes. O seu elevado n\u00edvel de automa\u00e7\u00e3o garante uma opera\u00e7\u00e3o est\u00e1vel e desempenho cont\u00ednuo, economizando muito custos de m\u00e3o-de-obra e aumentando a produtividade geral. Com uma <strong>capacidade de 60\u201385 fardos\/hora<\/strong>, \u00e9 uma excelente escolha para produ\u00e7\u00e3o de silagem de m\u00e9dia e grande escala.<\/p>    <p class=\"translation-block\">A <strong>m\u00e1quina de embrulhar silagem de filme duplo 9YDB-60<\/strong> \u00e9 adequada para processar talos de milho, relva de pastagem e v\u00e1rios tipos de materiais de silagem. Produz fardos compactados de forma apertada com um <strong>tamanho de fardo de \u03a6550 \u00d7 550 mm<\/strong> e um <strong>peso de fardo de 80\u2013120 kg<\/strong>, dependendo da densidade do material e do conte\u00fado de humidade. A m\u00e1quina fornece uma embrulha de filme uniforme e duradoura, isolando eficazmente o ar e a humidade para prolongar a vida \u00fatil do armazenamento. Com um design estrutural razo\u00e1vel e manuten\u00e7\u00e3o f\u00e1cil, esta m\u00e1quina tamb\u00e9m pode ser personalizada de acordo com diferentes requisitos do utilizador, tornando-se uma solu\u00e7\u00e3o ideal para fazendas de grande escala modernas que procuram equipamentos eficientes de processamento de silagem.<\/p>    <figure class=\"wp-block-embed is-type-video is-provider-youtube wp-block-embed-youtube wp-embed-aspect-9-16 wp-has-aspect-ratio\"><div class=\"wp-block-embed__wrapper\"> <iframe loading=\"lazy\" title=\"M\u00e1quina autom\u00e1tica de embrulhar silagem de filme duplo 9YDB-60 para uso agr\u00edcola #silagem #agricultura #fazenda\" width=\"422\" height=\"750\" src=\"https:\/\/www.youtube.com\/embed\/v2LZRjeVWTM?feature=oembed\" frameborder=\"0\" allow=\"accelerometer; autoplay; clipboard-write; encrypted-media; gyroscope; picture-in-picture; web-share\" referrerpolicy=\"strict-origin-when-cross-origin\" allowfullscreen><\/iframe> <\/div><figcaption class=\"wp-element-caption\">V\u00eddeo de funcionamento da m\u00e1quina de embrulhar silagem<\/figcaption><\/figure>    <h2 class=\"wp-block-heading\">Estrutura da m\u00e1quina de fardos de palha<\/h2>    <figure class=\"wp-block-image size-full\"><img loading=\"lazy\" decoding=\"async\" width=\"720\" height=\"540\" src=\"https:\/\/taizyfarmequipment.com\/wp-content\/uploads\/2026\/04\/9YDB-60-dual-film-silage-wrapping-machine-structure.webp\" alt=\"Estrutura da m\u00e1quina de embrulhar silagem de filme duplo 9YDB-60\" class=\"wp-image-5093\" srcset=\"https:\/\/taizyfarmequipment.com\/wp-content\/uploads\/2026\/04\/9YDB-60-dual-film-silage-wrapping-machine-structure.webp 720w, https:\/\/taizyfarmequipment.com\/wp-content\/uploads\/2026\/04\/9YDB-60-dual-film-silage-wrapping-machine-structure-300x225.webp 300w, https:\/\/taizyfarmequipment.com\/wp-content\/uploads\/2026\/04\/9YDB-60-dual-film-silage-wrapping-machine-structure-16x12.webp 16w\" sizes=\"auto, (max-width: 720px) 100vw, 720px\" \/><figcaption class=\"wp-element-caption\">Estrutura da m\u00e1quina de embrulhar silagem de filme duplo 9YDB-60<\/figcaption><\/figure>    <h2 class=\"wp-block-heading\">Detalhes da m\u00e1quina de embrulhar silagem de filme duplo 9YDB-60<\/h2>    <figure class=\"wp-block-gallery has-nested-images columns-2 is-cropped wp-block-gallery-2 is-layout-flex wp-block-gallery-is-layout-flex\"> <figure class=\"wp-block-image size-large\"><img loading=\"lazy\" decoding=\"async\" width=\"720\" height=\"540\" data-id=\"5095\" src=\"https:\/\/taizyfarmequipment.com\/wp-content\/uploads\/2026\/04\/fully-automatic-silage-baler-plc-control-panel.webp\" alt=\"Painel de controlo PLC da enfardadeira de silagem totalmente autom\u00e1tica\" class=\"wp-image-5095\" srcset=\"https:\/\/taizyfarmequipment.com\/wp-content\/uploads\/2026\/04\/fully-automatic-silage-baler-plc-control-panel.webp 720w, https:\/\/taizyfarmequipment.com\/wp-content\/uploads\/2026\/04\/fully-automatic-silage-baler-plc-control-panel-300x225.webp 300w, https:\/\/taizyfarmequipment.com\/wp-content\/uploads\/2026\/04\/fully-automatic-silage-baler-plc-control-panel-16x12.webp 16w\" sizes=\"auto, (max-width: 720px) 100vw, 720px\" \/><figcaption class=\"wp-element-caption\">Painel de controlo PLC da enfardadeira de silagem totalmente autom\u00e1tica<\/figcaption><\/figure>    <figure class=\"wp-block-image size-large\"><img loading=\"lazy\" decoding=\"async\" width=\"720\" height=\"540\" data-id=\"5094\" src=\"https:\/\/taizyfarmequipment.com\/wp-content\/uploads\/2026\/04\/automatic-recycling-protection-device-for-silage-baler.webp\" alt=\"Dispositivo de prote\u00e7\u00e3o de reciclagem autom\u00e1tica para enfardadeira de silagem\" class=\"wp-image-5094\" srcset=\"https:\/\/taizyfarmequipment.com\/wp-content\/uploads\/2026\/04\/automatic-recycling-protection-device-for-silage-baler.webp 720w, https:\/\/taizyfarmequipment.com\/wp-content\/uploads\/2026\/04\/automatic-recycling-protection-device-for-silage-baler-300x225.webp 300w, https:\/\/taizyfarmequipment.com\/wp-content\/uploads\/2026\/04\/automatic-recycling-protection-device-for-silage-baler-16x12.webp 16w\" sizes=\"auto, (max-width: 720px) 100vw, 720px\" \/><figcaption class=\"wp-element-caption\">Dispositivo de prote\u00e7\u00e3o de reciclagem autom\u00e1tica para enfardadeira de silagem<\/figcaption><\/figure>    <figure class=\"wp-block-image size-large\"><img loading=\"lazy\" decoding=\"async\" width=\"720\" height=\"540\" data-id=\"5096\" src=\"https:\/\/taizyfarmequipment.com\/wp-content\/uploads\/2026\/04\/high-efficiency-dual-film-silage-wrapper.webp\" alt=\"Embrulhadora de silagem de filme duplo de alta efici\u00eancia\" class=\"wp-image-5096\" srcset=\"https:\/\/taizyfarmequipment.com\/wp-content\/uploads\/2026\/04\/high-efficiency-dual-film-silage-wrapper.webp 720w, https:\/\/taizyfarmequipment.com\/wp-content\/uploads\/2026\/04\/high-efficiency-dual-film-silage-wrapper-300x225.webp 300w, https:\/\/taizyfarmequipment.com\/wp-content\/uploads\/2026\/04\/high-efficiency-dual-film-silage-wrapper-16x12.webp 16w\" sizes=\"auto, (max-width: 720px) 100vw, 720px\" \/><figcaption class=\"wp-element-caption\">Embrulhadora de silagem de filme duplo de alta efici\u00eancia<\/figcaption><\/figure>    <figure class=\"wp-block-image size-large\"><img loading=\"lazy\" decoding=\"async\" width=\"720\" height=\"540\" data-id=\"5097\" src=\"https:\/\/taizyfarmequipment.com\/wp-content\/uploads\/2026\/04\/silage-baler-power-unit-and-air-compressor.webp\" alt=\"Unidade de pot\u00eancia da enfardadeira de silagem e compressor de ar\" class=\"wp-image-5097\" srcset=\"https:\/\/taizyfarmequipment.com\/wp-content\/uploads\/2026\/04\/silage-baler-power-unit-and-air-compressor.webp 720w, https:\/\/taizyfarmequipment.com\/wp-content\/uploads\/2026\/04\/silage-baler-power-unit-and-air-compressor-300x225.webp 300w, https:\/\/taizyfarmequipment.com\/wp-content\/uploads\/2026\/04\/silage-baler-power-unit-and-air-compressor-16x12.webp 16w\" sizes=\"auto, (max-width: 720px) 100vw, 720px\" \/><figcaption class=\"wp-element-caption\">Unidade de pot\u00eancia da enfardadeira de silagem e compressor de ar<\/figcaption><\/figure> <\/figure>    <h2 class=\"wp-block-heading\">Vantagens da m\u00e1quina de embrulhar silagem<\/h2>    <div class=\"wp-block-media-text is-stacked-on-mobile\"><figure class=\"wp-block-media-text__media\"><img loading=\"lazy\" decoding=\"async\" width=\"720\" height=\"540\" src=\"https:\/\/taizyfarmequipment.com\/wp-content\/uploads\/2026\/04\/dual-film-silage-wrapping-machine.webp\" alt=\"m\u00e1quina de embrulhar silagem de filme duplo\" class=\"wp-image-5098 size-full\" srcset=\"https:\/\/taizyfarmequipment.com\/wp-content\/uploads\/2026\/04\/dual-film-silage-wrapping-machine.webp 720w, https:\/\/taizyfarmequipment.com\/wp-content\/uploads\/2026\/04\/dual-film-silage-wrapping-machine-300x225.webp 300w, https:\/\/taizyfarmequipment.com\/wp-content\/uploads\/2026\/04\/dual-film-silage-wrapping-machine-16x12.webp 16w\" sizes=\"auto, (max-width: 720px) 100vw, 720px\" \/><\/figure><div class=\"wp-block-media-text__content\"> <ul class=\"wp-block-list\"> <li>Processo de trabalho totalmente autom\u00e1tico, integrando enfardamento e embrulhamento para poupar tempo e custos de m\u00e3o-de-obra. <\/li>    <li>Design de veda\u00e7\u00e3o de filme duplo que isola ar e humidade, prevenindo eficazmente o bolor e a deteriora\u00e7\u00e3o da forragem. <\/li>    <li>A compacta\u00e7\u00e3o de alta densidade melhora a qualidade da fermenta\u00e7\u00e3o da silagem e prolonga o per\u00edodo de armazenamento do alimento. <\/li>    <li>Opera\u00e7\u00e3o simples com sistema de controlo inteligente, f\u00e1cil de dominar e manter pelos agricultores. <\/li>    <li>Design m\u00f3vel flex\u00edvel, adapt\u00e1vel a v\u00e1rias explora\u00e7\u00f5es agr\u00edcolas, pastagens e locais de trabalho complexos. <\/li>    <li>Compatibilidade ampla, adequada para palha de milho, alfafa, centeio e v\u00e1rios materiais de forragem. <\/li>    <li>Desempenho de funcionamento est\u00e1vel e baixo consumo de energia, proporcionando benef\u00edcios econ\u00f3micos a longo prazo. <\/li>    <li>V\u00e1rios modelos de m\u00e1quinas opcionais, para atender a diferentes escalas de produ\u00e7\u00e3o e exig\u00eancias do local.<\/li> <\/ul> <\/div><\/div>    <h2 class=\"wp-block-heading\">Perguntas frequentes sobre a enfardadeira de silagem de filme duplo<\/h2>   <div id=\"rank-math-faq\" class=\"rank-math-block\"> <div class=\"rank-math-list\"> <div id=\"faq-question-1777356741442\" class=\"rank-math-list-item\"> <h3 class=\"rank-math-question\">Que materiais pode processar a m\u00e1quina de embrulhar silagem de filme duplo 9YDB-60?<\/h3> <div class=\"rank-math-answer\">  <p>A m\u00e1quina de embrulhar silagem de filme duplo 9YDB-60 \u00e9 adequada para talos de milho, relva fresca, alfafa, palha, forragem e outros materiais de silagem h\u00famidos.<\/p>  <\/div> <\/div> <div id=\"faq-question-1777356755955\" class=\"rank-math-list-item\"> <h3 class=\"rank-math-question\">Qual \u00e9 a vantagem do sistema de embrulho de filme duplo?<\/h3> <div class=\"rank-math-answer\">  <p>O sistema de embrulho de filme duplo melhora o desempenho de veda\u00e7\u00e3o, reduz a exposi\u00e7\u00e3o ao oxig\u00e9nio, preserva nutrientes e prolonga o tempo de armazenamento da silagem.<\/p>  <\/div> <\/div> <div id=\"faq-question-1777356776314\" class=\"rank-math-list-item\"> <h3 class=\"rank-math-question\">A m\u00e1quina \u00e9 totalmente autom\u00e1tica?<\/h3> <div class=\"rank-math-answer\">  <p>Sim, a m\u00e1quina de embrulhar silagem de filme duplo 9YDB-60 possui fun\u00e7\u00f5es autom\u00e1ticas de alimenta\u00e7\u00e3o, enfardamento, amarra\u00e7\u00e3o, embrulhamento, abertura da c\u00e2mara, viragem do fardo e rein\u00edcio.<\/p>  <\/div> <\/div> <div id=\"faq-question-1777356803066\" class=\"rank-math-list-item\"> <h3 class=\"rank-math-question\">A m\u00e1quina \u00e9 f\u00e1cil de operar?<\/h3> <div class=\"rank-math-answer\">  <p class=\"translation-block\">Sim, est\u00e1 equipado com um <strong>gabinete de controlo LCD<\/strong>, permitindo aos utilizadores monitorizar e ajustar as opera\u00e7\u00f5es convenientemente.<\/p>  <\/div> <\/div> <div id=\"faq-question-1777356820307\" class=\"rank-math-list-item\"> <h3 class=\"rank-math-question\">Qual \u00e9 a densidade de compacta\u00e7\u00e3o dos fardos de silagem embrulhados?<\/h3> <div class=\"rank-math-answer\">  <p>Adotando uma estrutura de compress\u00e3o de correia otimizada, a densidade do fardo pode atingir acima de 800kg\/m\u00b3. A compacta\u00e7\u00e3o de alta densidade economiza espa\u00e7o de armazenamento e transporte, al\u00e9m de melhorar ainda mais o efeito de preserva\u00e7\u00e3o geral da silagem.<\/p>  <\/div> <\/div> <\/div> <\/div>   <figure class=\"wp-block-gallery has-nested-images columns-default is-cropped wp-block-gallery-3 is-layout-flex wp-block-gallery-is-layout-flex\"> <figure class=\"wp-block-image size-large\"><img loading=\"lazy\" decoding=\"async\" width=\"720\" height=\"540\" data-id=\"5099\" src=\"https:\/\/taizyfarmequipment.com\/wp-content\/uploads\/2026\/04\/forage-baler.webp\" alt=\"fardadeira de forragem\" class=\"wp-image-5099\" srcset=\"https:\/\/taizyfarmequipment.com\/wp-content\/uploads\/2026\/04\/forage-baler.webp 720w, https:\/\/taizyfarmequipment.com\/wp-content\/uploads\/2026\/04\/forage-baler-300x225.webp 300w, https:\/\/taizyfarmequipment.com\/wp-content\/uploads\/2026\/04\/forage-baler-16x12.webp 16w\" sizes=\"auto, (max-width: 720px) 100vw, 720px\" \/><figcaption class=\"wp-element-caption\">fardadeira de forragem<\/figcaption><\/figure>    <figure class=\"wp-block-image size-large\"><img loading=\"lazy\" decoding=\"async\" width=\"720\" height=\"540\" data-id=\"5100\" src=\"https:\/\/taizyfarmequipment.com\/wp-content\/uploads\/2026\/04\/hay-wrapper.webp\" alt=\"embrulhadora de feno\" class=\"wp-image-5100\" srcset=\"https:\/\/taizyfarmequipment.com\/wp-content\/uploads\/2026\/04\/hay-wrapper.webp 720w, https:\/\/taizyfarmequipment.com\/wp-content\/uploads\/2026\/04\/hay-wrapper-300x225.webp 300w, https:\/\/taizyfarmequipment.com\/wp-content\/uploads\/2026\/04\/hay-wrapper-16x12.webp 16w\" sizes=\"auto, (max-width: 720px) 100vw, 720px\" \/><figcaption class=\"wp-element-caption\">embrulhadora de feno<\/figcaption><\/figure> <\/figure>    <h2 class=\"wp-block-heading\">Par\u00e2metros da m\u00e1quina de embrulhar silagem de filme duplo 9YDB-60<\/h2>    <figure class=\"wp-block-table\"><table class=\"has-fixed-layout\"><tbody><tr><td>Modelo<\/td><td>9YDB-60<\/td><\/tr><tr><td>Tamanho do fardo<\/td><td>\u03a6550 \u00d7 550 mm<\/td><\/tr><tr><td>Peso do fardo<\/td><td>80\u2013120 kg<\/td><\/tr><tr><td>Efici\u00eancia de Produ\u00e7\u00e3o<\/td><td>60\u201385 fardos\/hora<\/td><\/tr><tr><td>Pot\u00eancia de suporte<\/td><td>7,5 kW \u00d7 6<\/td><\/tr><tr><td>Motor de Embalamento<\/td><td>0,75 kW<\/td><\/tr><tr><td>Motor do Compressor de Ar<\/td><td>3 kW<\/td><\/tr><tr><td>M\u00e9todo de Enlace<\/td><td>Autom\u00e1tico<\/td><\/tr><tr><td>M\u00e9todo de Estiramento do Filme<\/td><td>Autom\u00e1tico<\/td><\/tr><tr><td>Tamanho do Transportador de Alimenta\u00e7\u00e3o<\/td><td>2500 \u00d7 63 mm<\/td><\/tr><tr><td>Dimens\u00f5es da M\u00e1quina<\/td><td>5100 \u00d7 1700 \u00d7 1950 mm<\/td><\/tr><tr><td>Peso Total<\/td><td>1200 kg<\/td><\/tr><tr><td>Largura do Filme Interior<\/td><td>600 mm<\/td><\/tr><tr><td>Especifica\u00e7\u00e3o do Filme de Silagem<\/td><td>1800 m \u00d7 250 mm \u00d7 25 \u03bcm<\/td><\/tr><tr><td>Sistema de Controlo<\/td><td>Display LCD<\/td><\/tr><\/tbody><\/table><figcaption class=\"wp-element-caption\">Par\u00e2metros da m\u00e1quina de embrulhar silagem<\/figcaption><\/figure>    <figure class=\"wp-block-image size-full\"><img loading=\"lazy\" decoding=\"async\" width=\"720\" height=\"540\" src=\"https:\/\/taizyfarmequipment.com\/wp-content\/uploads\/2026\/04\/straw-wrapping-machine.webp\" alt=\"m\u00e1quina de embrulhar palha\" class=\"wp-image-5103\" srcset=\"https:\/\/taizyfarmequipment.com\/wp-content\/uploads\/2026\/04\/straw-wrapping-machine.webp 720w, https:\/\/taizyfarmequipment.com\/wp-content\/uploads\/2026\/04\/straw-wrapping-machine-300x225.webp 300w, https:\/\/taizyfarmequipment.com\/wp-content\/uploads\/2026\/04\/straw-wrapping-machine-16x12.webp 16w\" sizes=\"auto, (max-width: 720px) 100vw, 720px\" \/><figcaption class=\"wp-element-caption\">m\u00e1quina de embrulhar palha<\/figcaption><\/figure>    <h2 class=\"wp-block-heading\">Caso de sucesso da m\u00e1quina de enfardar feno<\/h2>    <p>Uma fazenda de latic\u00ednios no Vietname utilizou a m\u00e1quina de embrulhar silagem de filme duplo 9YDB-60 para resolver problemas de escassez de m\u00e3o-de-obra e bolor na forragem. A opera\u00e7\u00e3o totalmente autom\u00e1tica reduziu significativamente a necessidade de m\u00e3o-de-obra, enquanto o embrulho herm\u00e9tico de filme duplo reduziu eficazmente a deteriora\u00e7\u00e3o da silagem e prolongou o tempo de armazenamento. A produ\u00e7\u00e3o est\u00e1vel e a enfardagem de alta densidade ajudaram a reduzir custos de produ\u00e7\u00e3o e a melhorar a efici\u00eancia na alimenta\u00e7\u00e3o.<\/p>    <p>Uma cooperativa agr\u00edcola no Qu\u00e9nia adotou esta enfardadeira de feno para processar v\u00e1rios materiais de forragem. Com movimento flex\u00edvel e controlo inteligente, a m\u00e1quina oferece uma produ\u00e7\u00e3o di\u00e1ria constante e uma qualidade de fardo uniforme. Permite a produ\u00e7\u00e3o em grande escala de silagem, ajuda a cooperativa a expandir as vendas no mercado local e traz benef\u00edcios econ\u00f3micos not\u00e1veis.<\/p>    <figure class=\"wp-block-gallery has-nested-images columns-default is-cropped wp-block-gallery-4 is-layout-flex wp-block-gallery-is-layout-flex\"> <figure class=\"wp-block-image size-large\"><img loading=\"lazy\" decoding=\"async\" width=\"720\" height=\"540\" data-id=\"5101\" src=\"https:\/\/taizyfarmequipment.com\/wp-content\/uploads\/2026\/04\/silage-baler-and-wrapper.webp\" alt=\"enfardadeira e embrulhadora de silagem\" class=\"wp-image-5101\" srcset=\"https:\/\/taizyfarmequipment.com\/wp-content\/uploads\/2026\/04\/silage-baler-and-wrapper.webp 720w, https:\/\/taizyfarmequipment.com\/wp-content\/uploads\/2026\/04\/silage-baler-and-wrapper-300x225.webp 300w, https:\/\/taizyfarmequipment.com\/wp-content\/uploads\/2026\/04\/silage-baler-and-wrapper-16x12.webp 16w\" sizes=\"auto, (max-width: 720px) 100vw, 720px\" \/><figcaption class=\"wp-element-caption\">enfardadeira e embrulhadora de silagem<\/figcaption><\/figure>    <figure class=\"wp-block-image size-large\"><img loading=\"lazy\" decoding=\"async\" width=\"720\" height=\"540\" data-id=\"5102\" src=\"https:\/\/taizyfarmequipment.com\/wp-content\/uploads\/2026\/04\/silage-wrapper.webp\" alt=\"envolt\u00f3rio de silagem\" class=\"wp-image-5102\" srcset=\"https:\/\/taizyfarmequipment.com\/wp-content\/uploads\/2026\/04\/silage-wrapper.webp 720w, https:\/\/taizyfarmequipment.com\/wp-content\/uploads\/2026\/04\/silage-wrapper-300x225.webp 300w, https:\/\/taizyfarmequipment.com\/wp-content\/uploads\/2026\/04\/silage-wrapper-16x12.webp 16w\" sizes=\"auto, (max-width: 720px) 100vw, 720px\" \/><figcaption class=\"wp-element-caption\">envolt\u00f3rio de silagem<\/figcaption><\/figure> <\/figure>    <h2 class=\"wp-block-heading\">Conclus\u00e3o<\/h2>    <p>Aumente a sua efici\u00eancia de processamento de forragem com a nossa m\u00e1quina de embrulhar silagem de filme duplo 9YDB-60. Com desempenho est\u00e1vel, opera\u00e7\u00e3o totalmente autom\u00e1tica e preserva\u00e7\u00e3o superior da silagem, adapta-se perfeitamente a pequenas e m\u00e9dias explora\u00e7\u00f5es para reduzir custos e aumentar lucros. <\/p>    <p class=\"translation-block\">Tamb\u00e9m oferecemos uma vasta gama de <a href=\"https:\/\/taizyfarmequipment.com\/pt\/produto\/enfardadeira-redonda-para-silagem\/\" data-type=\"link\" data-id=\"https:\/\/taizyfarmequipment.com\/product\/silage-round-baler\/\">outros modelos de enfardadeiras e m\u00e1quinas de embrulhar feno<\/a>, dispon\u00edveis para sele\u00e7\u00e3o para atender a diferentes cen\u00e1rios de uso e necessidades de produ\u00e7\u00e3o. N\u00e3o hesite em contactar-nos para or\u00e7amentos competitivos e solu\u00e7\u00f5es profissionais hoje mesmo!<\/p>    <p><\/p>","protected":false},"excerpt":{"rendered":"<p>A m\u00e1quina de embrulhar silagem de filme duplo 9YDB-60 \u00e9 uma m\u00e1quina totalmente autom\u00e1tica para enfardamento e embrulhamento eficiente de silagem.<\/p>","protected":false},"author":1,"featured_media":5092,"parent":0,"template":"","tags":[347],"product-type":[133],"class_list":["post-5089","product","type-product","status-publish","has-post-thumbnail","hentry","tag-silage-wrapping-machine","product-type-silage-machine"],"_links":{"self":[{"href":"https:\/\/taizyfarmequipment.com\/pt\/wp-json\/wp\/v2\/product\/5089","targetHints":{"allow":["GET"]}}],"collection":[{"href":"https:\/\/taizyfarmequipment.com\/pt\/wp-json\/wp\/v2\/product"}],"about":[{"href":"https:\/\/taizyfarmequipment.com\/pt\/wp-json\/wp\/v2\/types\/product"}],"author":[{"embeddable":true,"href":"https:\/\/taizyfarmequipment.com\/pt\/wp-json\/wp\/v2\/users\/1"}],"wp:featuredmedia":[{"embeddable":true,"href":"https:\/\/taizyfarmequipment.com\/pt\/wp-json\/wp\/v2\/media\/5092"}],"wp:attachment":[{"href":"https:\/\/taizyfarmequipment.com\/pt\/wp-json\/wp\/v2\/media?parent=5089"}],"wp:term":[{"taxonomy":"post_tag","embeddable":true,"href":"https:\/\/taizyfarmequipment.com\/pt\/wp-json\/wp\/v2\/tags?post=5089"},{"taxonomy":"product-type","embeddable":true,"href":"https:\/\/taizyfarmequipment.com\/pt\/wp-json\/wp\/v2\/product-type?post=5089"}],"curies":[{"name":"wp","href":"https:\/\/api.w.org\/{rel}","templated":true}]}}