{"id":2505,"date":"2022-01-28T09:02:54","date_gmt":"2022-01-28T09:02:54","guid":{"rendered":"https:\/\/taizyfarmequipment.com\/?page_id=2505"},"modified":"2022-02-28T09:47:13","modified_gmt":"2022-02-28T09:47:13","slug":"tong-quan-nha-may","status":"publish","type":"page","link":"https:\/\/taizyfarmequipment.com\/vi\/factory-overview\/","title":{"rendered":"T\u1ed5ng quan v\u1ec1 nh\u00e0 m\u00e1y"},"content":{"rendered":"<p>K\u1ec3 t\u1eeb khi th\u00e0nh l\u1eadp c\u00f4ng ty, ch\u00fang t\u00f4i \u0111\u00e3 x\u00e2y d\u1ef1ng h\u01a1n 30.000 m\u00e9t vu\u00f4ng nh\u00e0 x\u01b0\u1edfng. Nh\u00e0 m\u00e1y c\u1ee7a ch\u00fang t\u00f4i c\u00f3 c\u00e1c b\u1ed9 ph\u1eadn kh\u00e1c nhau, bao g\u1ed3m b\u1ed9 ph\u1eadn R&amp;D, b\u1ed9 ph\u1eadn thi\u1ebft k\u1ebf, b\u1ed9 ph\u1eadn s\u1ea3n xu\u1ea5t, b\u1ed9 ph\u1eadn l\u1eafp r\u00e1p v\u00e0 b\u1ed9 ph\u1eadn \u0111\u00f3ng g\u00f3i. <\/p>    <p>T\u1eeb s\u1ea3n xu\u1ea5t \u0111\u1ebfn s\u1ea3n xu\u1ea5t, m\u1ecdi b\u01b0\u1edbc \u0111\u1ec1u \u0111\u01b0\u1ee3c x\u1eed l\u00fd b\u1edfi c\u00e1c k\u1ef9 thu\u1eadt vi\u00ean chuy\u00ean nghi\u1ec7p. \u0110i\u1ec1u n\u00e0y \u0111\u1ea3m b\u1ea3o s\u1ef1 chuy\u1ec3n ti\u1ebfp su\u00f4n s\u1ebb gi\u1eefa m\u1ed7i b\u01b0\u1edbc s\u1ea3n xu\u1ea5t. B\u00ean c\u1ea1nh \u0111\u00f3, c\u01a1 s\u1edf s\u1ea3n xu\u1ea5t c\u1ee7a ch\u00fang t\u00f4i ti\u00ean ti\u1ebfn v\u00e0 ch\u00ednh x\u00e1c, do \u0111\u00f3 \u0111\u1ea3m b\u1ea3o \u0111\u1ed9 ch\u00ednh x\u00e1c v\u00e0 nh\u1ecf g\u1ecdn c\u1ee7a m\u00e1y m\u00f3c.<\/p>    <p>Nh\u00e0 m\u00e1y c\u1ee7a ch\u00fang t\u00f4i \u0111\u00e3 s\u1ea3n xu\u1ea5t m\u00e1y m\u00f3c theo ti\u00eau chu\u1ea9n qu\u1ed1c t\u1ebf k\u1ec3 t\u1eeb khi th\u00e0nh l\u1eadp. T\u1ea5t c\u1ea3 c\u00e1c m\u00e1y \u0111\u1ec1u \u0111\u01b0\u1ee3c l\u00e0m b\u1eb1ng v\u1eadt li\u1ec7u ch\u1ea5t l\u01b0\u1ee3ng cao. V\u00ec v\u1eady, m\u00e1y \u0111\u01b0\u1ee3c s\u1ea3n xu\u1ea5t c\u00f3 kh\u1ea3 n\u0103ng ch\u1ed1ng m\u00e0i m\u00f2n v\u00e0 c\u00f3 tu\u1ed5i th\u1ecd cao.<\/p>    <h2 class=\"wp-block-heading\" id=\"h-what-agricultural-machinery-do-we-produce\">Ch\u00fang t\u00f4i s\u1ea3n xu\u1ea5t m\u00e1y m\u00f3c n\u00f4ng nghi\u1ec7p g\u00ec?<\/h2>    <p>Nh\u00e0 m\u00e1y c\u1ee7a ch\u00fang t\u00f4i s\u1ea3n xu\u1ea5t \u0111\u1ee7 lo\u1ea1i m\u00e1y m\u00f3c n\u00f4ng nghi\u1ec7p \u0111\u1ec3 \u0111\u00e1p \u1ee9ng nhi\u1ec1u nhu c\u1ea7u n\u00f4ng nghi\u1ec7p kh\u00e1c nhau. N\u00f3 ch\u1ee7 y\u1ebfu bao g\u1ed3m m\u00e1y b\u00f3c v\u1ecf \u0111\u1eadu ph\u1ed9ng, m\u00e1y \u0111\u00f3ng g\u00f3i v\u00e0 \u0111\u00f3ng g\u00f3i, m\u00e1y \u00e9p vi\u00ean th\u1ee9c \u0103n cho c\u00e1, m\u00e1y tu\u1ed1t l\u00faa \u0111a ch\u1ee9c n\u0103ng, m\u00e1y xay x\u00e1t g\u1ea1o, m\u00e1y \u01b0\u01a1m c\u00e2y gi\u1ed1ng, v.v. C\u00e1c lo\u1ea1i kh\u00e1c l\u00e0 m\u00e1y tu\u1ed1t l\u00faa, m\u00e1y b\u00f3c v\u1ecf, m\u00e1y c\u1eaft tr\u1ea5u, m\u00e1y x\u1edbi \u0111\u1ea5t, m\u00e1y nghi\u1ec1n ng\u0169 c\u1ed1c, m\u00e1y xay l\u00faa, m\u00e1y ng\u00f4, m\u00e1y g\u1eb7t, m\u00e1y g\u1eb7t, m\u00e1y gieo h\u1ea1t, m\u00e1y c\u1ea5y, m\u00e1y nghi\u1ec1n vi\u00ean, v.v.<\/p>    <figure class=\"wp-block-gallery has-nested-images columns-default is-cropped wp-block-gallery-2 is-layout-flex wp-block-gallery-is-layout-flex\"> <figure class=\"wp-block-image size-large\"><img loading=\"lazy\" decoding=\"async\" width=\"720\" height=\"540\" data-id=\"2779\" src=\"https:\/\/taizyfarmequipment.com\/wp-content\/uploads\/2022\/02\/factory-1-720_540.jpg\" alt=\"kho m\u00e1y\" class=\"wp-image-2779\" title=\"kho m\u00e1y\" srcset=\"https:\/\/taizyfarmequipment.com\/wp-content\/uploads\/2022\/02\/factory-1-720_540.jpg 720w, https:\/\/taizyfarmequipment.com\/wp-content\/uploads\/2022\/02\/factory-1-720_540-300x225.jpg 300w\" sizes=\"auto, (max-width: 720px) 100vw, 720px\" \/><figcaption>kho m\u00e1y<\/figcaption><\/figure>    <figure class=\"wp-block-image size-large\"><img loading=\"lazy\" decoding=\"async\" width=\"720\" height=\"540\" data-id=\"2778\" src=\"https:\/\/taizyfarmequipment.com\/wp-content\/uploads\/2022\/02\/factory-720_540.jpg\" alt=\"m\u00e1y n\u00f4ng nghi\u1ec7p \u0111\u00f3ng g\u00f3i\" class=\"wp-image-2778\" title=\"m\u00e1y n\u00f4ng nghi\u1ec7p \u0111\u00f3ng g\u00f3i\" srcset=\"https:\/\/taizyfarmequipment.com\/wp-content\/uploads\/2022\/02\/factory-720_540.jpg 720w, https:\/\/taizyfarmequipment.com\/wp-content\/uploads\/2022\/02\/factory-720_540-300x225.jpg 300w\" sizes=\"auto, (max-width: 720px) 100vw, 720px\" \/><figcaption>m\u00e1y n\u00f4ng nghi\u1ec7p \u0111\u00f3ng g\u00f3i<\/figcaption><\/figure> <figcaption class=\"blocks-gallery-caption\">m\u00e1y m\u00f3c n\u00f4ng nghi\u1ec7p<\/figcaption><\/figure>    <h2 class=\"wp-block-heading\">C\u00e1c qu\u1ed1c gia ch\u00ednh m\u00e0 ch\u00fang t\u00f4i b\u00e1n h\u00e0ng l\u00e0 g\u00ec?<\/h2>    <p>V\u1edbi s\u1ef1 ph\u00e1t tri\u1ec3n kh\u00f4ng ng\u1eebng c\u1ee7a c\u00f4ng ty, s\u1ea3n ph\u1ea9m c\u1ee7a ch\u00fang t\u00f4i \u0111\u00e3 \u0111\u01b0\u1ee3c b\u00e1n \u1edf nhi\u1ec1u qu\u1ed1c gia nh\u01b0 Ch\u00e2u Phi, \u0110\u00f4ng Nam \u00c1 v\u00e0 Nam M\u1ef9, nh\u01b0 Nigeria, Ghana, Peru, Indonesia, v.v.<\/p>    <h2 class=\"wp-block-heading\">Kinh nghi\u1ec7m xu\u1ea5t kh\u1ea9u phong ph\u00fa<\/h2>    <p>Trong qu\u00e1 tr\u00ecnh th\u01b0\u01a1ng m\u1ea1i xu\u1ea5t kh\u1ea9u li\u00ean t\u1ee5c, ch\u00fang t\u00f4i \u0111\u00e3 t\u00edch l\u0169y \u0111\u01b0\u1ee3c nhi\u1ec1u kinh nghi\u1ec7m xu\u1ea5t kh\u1ea9u.<\/p>    <p>1. C\u00f3 th\u1ec3 gi\u1edbi thi\u1ec7u m\u00e1y ph\u00f9 h\u1ee3p t\u00f9y theo t\u00ecnh h\u00ecnh c\u1ee7a kh\u00e1ch h\u00e0ng.<\/p>    <p>2. Ch\u00fang t\u00f4i c\u0169ng c\u00f3 th\u1ec3 t\u00f9y ch\u1ec9nh m\u00e1y cho kh\u00e1ch h\u00e0ng theo nhu c\u1ea7u c\u1ee5 th\u1ec3.<\/p>    <p>3. Ch\u00fang t\u00f4i ch\u1ea5p nh\u1eadn nhi\u1ec1u ph\u01b0\u01a1ng th\u1ee9c thanh to\u00e1n kh\u00e1c nhau, ch\u1eb3ng h\u1ea1n nh\u01b0 \u0110\u1ea3m b\u1ea3o th\u01b0\u01a1ng m\u1ea1i, T\/T, Western Union, Money Gram, L\/C, Pay Pal, Ti\u1ec1n m\u1eb7t, v.v. Kh\u00e1ch h\u00e0ng c\u00f3 th\u1ec3 ch\u1ecdn ph\u01b0\u01a1ng th\u1ee9c thanh to\u00e1n thu\u1eadn ti\u1ec7n cho m\u00ecnh.<\/p>    <p>4. Ch\u00fang t\u00f4i c\u00f3 \u0111\u1ea7y \u0111\u1ee7 ch\u1ee9ng ch\u1ec9. C\u00f4ng ty ch\u00fang t\u00f4i \u0111\u00e3 c\u00f3 ch\u1ee9ng ch\u1ec9 ISO 9001 v\u00e0 h\u1ea7u h\u1ebft c\u00e1c s\u1ea3n ph\u1ea9m \u0111\u1ec1u c\u00f3 ch\u1ee9ng ch\u1ec9 CE.\u00a0Ch\u00fang t\u00f4i c\u00f2n c\u00f3 th\u1ec3 nh\u1eadn PVOC, SONCAP, SABER, C\/O \u01b0u \u0111\u00e3i \u0111\u1ec3 gi\u00fap kh\u00e1ch h\u00e0ng th\u00f4ng quan nh\u1eadp kh\u1ea9u d\u1ec5 d\u00e0ng.<\/p>    <p>5. Ngo\u00e0i ra, ch\u00fang t\u00f4i c\u00f3 m\u1ed9t h\u1ec7 th\u1ed1ng h\u1eadu c\u1ea7n ho\u00e0n ch\u1ec9nh, c\u00f3 th\u1ec3 cung c\u1ea5p cho kh\u00e1ch h\u00e0ng nhi\u1ec1u ph\u01b0\u01a1ng th\u1ee9c v\u1eadn chuy\u1ec3n kh\u00e1c nhau. V\u00ed d\u1ee5 LCL ho\u1eb7c FCL b\u1eb1ng \u0111\u01b0\u1eddng bi\u1ec3n, ho\u1eb7c b\u1eb1ng \u0111\u01b0\u1eddng h\u00e0ng kh\u00f4ng, chuy\u1ec3n ph\u00e1t nhanh qu\u1ed1c t\u1ebf.<\/p>    <p>K\u1ec3 t\u1eeb khi th\u00e0nh l\u1eadp nh\u00e0 m\u00e1y, ch\u00fang t\u00f4i \u0111\u00e3 thi\u1ebft l\u1eadp quan h\u1ec7 h\u1ee3p t\u00e1c v\u1edbi nhi\u1ec1u n\u01b0\u1edbc ngo\u00e0i. V\u00e0 ch\u00fang t\u00f4i c\u00f3 nhi\u1ec1u kinh nghi\u1ec7m trong vi\u1ec7c th\u1ef1c hi\u1ec7n c\u00e1c D\u1ef1 \u00e1n \u0111\u1ea5u th\u1ea7u t\u1eeb c\u00e1c t\u1ed5 ch\u1ee9c phi ch\u00ednh ph\u1ee7, FAO, UNDP v\u00e0 Mua s\u1eafm Ch\u00ednh ph\u1ee7.\u00a0<\/p>    <h2 class=\"wp-block-heading\">kh\u1ea9u hi\u1ec7u c\u1ee7a ch\u00fang t\u00f4i<\/h2>    <p>V\u00ec n\u00f4ng d\u00e2n, v\u00ec n\u00f4ng nghi\u1ec7p, v\u00ec cu\u1ed9c s\u1ed1ng t\u1ed1t \u0111\u1eb9p h\u01a1n.<\/p>","protected":false},"excerpt":{"rendered":"<p>Since the establishment of the company, we have built more than 30,000 square meters of factories. Our factory has different departments, including R&amp;D department, design department, manufacturing department, assembly department and packing department. From production to manufacturing, every step is handled by professional technicians. This ensures a smooth transition between each production step. Besides, our [&hellip;]<\/p>\n","protected":false},"author":1,"featured_media":2772,"parent":0,"menu_order":0,"comment_status":"closed","ping_status":"closed","template":"","meta":{"footnotes":""},"class_list":["post-2505","page","type-page","status-publish","has-post-thumbnail","hentry"],"_links":{"self":[{"href":"https:\/\/taizyfarmequipment.com\/vi\/wp-json\/wp\/v2\/pages\/2505","targetHints":{"allow":["GET"]}}],"collection":[{"href":"https:\/\/taizyfarmequipment.com\/vi\/wp-json\/wp\/v2\/pages"}],"about":[{"href":"https:\/\/taizyfarmequipment.com\/vi\/wp-json\/wp\/v2\/types\/page"}],"author":[{"embeddable":true,"href":"https:\/\/taizyfarmequipment.com\/vi\/wp-json\/wp\/v2\/users\/1"}],"replies":[{"embeddable":true,"href":"https:\/\/taizyfarmequipment.com\/vi\/wp-json\/wp\/v2\/comments?post=2505"}],"version-history":[{"count":0,"href":"https:\/\/taizyfarmequipment.com\/vi\/wp-json\/wp\/v2\/pages\/2505\/revisions"}],"wp:featuredmedia":[{"embeddable":true,"href":"https:\/\/taizyfarmequipment.com\/vi\/wp-json\/wp\/v2\/media\/2772"}],"wp:attachment":[{"href":"https:\/\/taizyfarmequipment.com\/vi\/wp-json\/wp\/v2\/media?parent=2505"}],"curies":[{"name":"wp","href":"https:\/\/api.w.org\/{rel}","templated":true}]}}