{"id":7,"date":"2021-12-10T07:35:19","date_gmt":"2021-12-10T07:35:19","guid":{"rendered":"http:\/\/taizyfarmequipment.local\/?page_id=7"},"modified":"2022-03-23T03:23:16","modified_gmt":"2022-03-23T03:23:16","slug":"ve-chung-toi","status":"publish","type":"page","link":"https:\/\/taizyfarmequipment.com\/vi\/about-us\/","title":{"rendered":"V\u1ec1 ch\u00fang t\u00f4i"},"content":{"rendered":"<p><\/p>    <h2 class=\"wp-block-heading\" id=\"h-who-we-are\">Ch\u00fang t\u00f4i l\u00e0 ai  <\/h2>    <p class=\"translation-block\">Zhengzhou Taizy Machinery Co., Ltd is a company specializing in the research, manufacture, development and sale of <a href=\"\/vi\/san-pham\/\">m\u00e1y m\u00f3c n\u00f4ng nghi\u1ec7p<\/a>. With the continuous increase in the scale of agricultural planting and the constant improvement of crop yields, agricultural machinery has become the daily needs of people in all countries. Therefore, our company was established in 2011 with the corporate mission of \u201cletting Chinese machines change every corner of the world\u201d. Since the establishment of our company, we have built more than 30,000 square meters of workshops and have 200 professional technicians. They are committed to creating better machines and equipment. At the same time, our agricultural machinery has also been welcomed both at home and abroad. Nowadays, our products have enjoyed great popularity in Ch\u00e2u Phi ,\u0110\u00f4ng Nam \u00c1 and Nam M\u1ef9 ,such as Nigeria, Ghana ,Peru ,Indonesia etc. Meanwhile, we have rich experience in doing Tender Projects from NGO ,FAO, UNDP and Government Procurement.<\/p>    <figure class=\"wp-block-gallery has-nested-images columns-default is-cropped wp-block-gallery-2 is-layout-flex wp-block-gallery-is-layout-flex\"> <figure class=\"wp-block-image size-large\"><img loading=\"lazy\" decoding=\"async\" width=\"720\" height=\"540\" data-id=\"2736\" src=\"https:\/\/taizyfarmequipment.com\/wp-content\/uploads\/2022\/02\/55-tuya-tuya-tuya_720_540.jpg\" alt=\"nh\u00e0 m\u00e1y c\u1ee7a ch\u00fang t\u00f4i\" class=\"wp-image-2736\" title=\"nh\u00e0 m\u00e1y c\u1ee7a ch\u00fang t\u00f4i\" srcset=\"https:\/\/taizyfarmequipment.com\/wp-content\/uploads\/2022\/02\/55-tuya-tuya-tuya_720_540.jpg 720w, https:\/\/taizyfarmequipment.com\/wp-content\/uploads\/2022\/02\/55-tuya-tuya-tuya_720_540-300x225.jpg 300w\" sizes=\"auto, (max-width: 720px) 100vw, 720px\" \/><figcaption>nh\u00e0 m\u00e1y c\u1ee7a ch\u00fang t\u00f4i<\/figcaption><\/figure>    <figure class=\"wp-block-image size-large\"><img loading=\"lazy\" decoding=\"async\" width=\"720\" height=\"540\" data-id=\"2737\" src=\"https:\/\/taizyfarmequipment.com\/wp-content\/uploads\/2022\/02\/53-tuya_720_540.jpg\" alt=\"m\u00e1y s\u1ea3n xu\u1ea5t\" class=\"wp-image-2737\" title=\"m\u00e1y s\u1ea3n xu\u1ea5t\" srcset=\"https:\/\/taizyfarmequipment.com\/wp-content\/uploads\/2022\/02\/53-tuya_720_540.jpg 720w, https:\/\/taizyfarmequipment.com\/wp-content\/uploads\/2022\/02\/53-tuya_720_540-300x225.jpg 300w\" sizes=\"auto, (max-width: 720px) 100vw, 720px\" \/><figcaption>m\u00e1y s\u1ea3n xu\u1ea5t<\/figcaption><\/figure> <figcaption class=\"blocks-gallery-caption\">tr\u01b0ng b\u00e0y nh\u00e0 m\u00e1y<\/figcaption><\/figure>    <h2 class=\"wp-block-heading\" id=\"h-our-main-products\">S\u1ea3n ph\u1ea9m ch\u00ednh c\u1ee7a ch\u00fang t\u00f4i<\/h2>    <p class=\"translation-block\">Our main products include Thresher, Sheller,<a href=\"https:\/\/www.agriculture-machine.com\/the-functions-uses-and-prices-of-the-combined-chaff-cutter-and-grain-grinder\/\" target=\"_blank\" rel=\"noopener\">Chaff cutter<\/a>, Cultivator, Grain Crusher,Rice Miller,<a href=\"https:\/\/cornmachines.com\/\" target=\"_blank\" rel=\"noopener\">Corn Machinery<\/a>, Harvester, Reaper Binder, Seeder,Transplanter,<a href=\"https:\/\/pelletmillmachine.com\/\" target=\"_blank\" rel=\"noopener\">pllet mill machines<\/a>, etc. Nowadays, our products are favored by Africa and South East Asia market, like Nigeria, Kenya, South Africa, Ghana, Congo, Ethiopia, Namibia, Morocco, Botswana, Zimbabwe, Uganda, Algeria, Cameroon etc.<\/p>    <h2 class=\"wp-block-heading\" id=\"h-our-address\">\u0110\u1ecba ch\u1ec9 c\u1ee7a ch\u00fang t\u00f4i<\/h2>    <p>C\u00f4ng ty ch\u00fang t\u00f4i \u0111\u1eb7t t\u1ea1i Qu\u1ea3ng tr\u01b0\u1eddng Zhengshang Jingkai, \u0111\u01b0\u1eddng East Hanghai, ETDZ, Zhengzhou, Henan, Trung Qu\u1ed1c. Khu v\u1ef1c n\u00e0y l\u00e0 m\u1ed9t trung t\u00e2m kinh t\u1ebf v\u00e0 th\u01b0\u01a1ng m\u1ea1i quan tr\u1ecdng. \u1ede \u0111\u00e2y ch\u00fang ta c\u00f3 ngu\u1ed3n nh\u00e2n l\u1ef1c v\u00e0 v\u1eadt l\u1ef1c d\u1ed3i d\u00e0o.<\/p>    <figure class=\"wp-block-gallery has-nested-images columns-default is-cropped wp-block-gallery-3 is-layout-flex wp-block-gallery-is-layout-flex\"> <figure class=\"wp-block-image size-large\"><img loading=\"lazy\" decoding=\"async\" width=\"720\" height=\"540\" data-id=\"2738\" src=\"https:\/\/taizyfarmequipment.com\/wp-content\/uploads\/2022\/02\/44_720_540.jpg\" alt=\"v\u0103n ph\u00f2ng c\u1ee7a ch\u00fang t\u00f4i\" class=\"wp-image-2738\" title=\"v\u0103n ph\u00f2ng c\u1ee7a ch\u00fang t\u00f4i\" srcset=\"https:\/\/taizyfarmequipment.com\/wp-content\/uploads\/2022\/02\/44_720_540.jpg 720w, https:\/\/taizyfarmequipment.com\/wp-content\/uploads\/2022\/02\/44_720_540-300x225.jpg 300w\" sizes=\"auto, (max-width: 720px) 100vw, 720px\" \/><figcaption>v\u0103n ph\u00f2ng c\u1ee7a ch\u00fang t\u00f4i<\/figcaption><\/figure>    <figure class=\"wp-block-image size-large\"><img loading=\"lazy\" decoding=\"async\" width=\"720\" height=\"540\" data-id=\"2739\" src=\"https:\/\/taizyfarmequipment.com\/wp-content\/uploads\/2022\/02\/88-tuya_720_540.jpg\" alt=\"t\u00f2a nh\u00e0 v\u0103n ph\u00f2ng\" class=\"wp-image-2739\" title=\"t\u00f2a nh\u00e0 v\u0103n ph\u00f2ng\" srcset=\"https:\/\/taizyfarmequipment.com\/wp-content\/uploads\/2022\/02\/88-tuya_720_540.jpg 720w, https:\/\/taizyfarmequipment.com\/wp-content\/uploads\/2022\/02\/88-tuya_720_540-300x225.jpg 300w\" sizes=\"auto, (max-width: 720px) 100vw, 720px\" \/><figcaption>t\u00f2a nh\u00e0 v\u0103n ph\u00f2ng<\/figcaption><\/figure> <figcaption class=\"blocks-gallery-caption\">\u0110\u1ecba ch\u1ec9 c\u1ee7a ch\u00fang t\u00f4i<\/figcaption><\/figure>    <h2 class=\"wp-block-heading\" id=\"h-our-service\">D\u1ecbch v\u1ee5 c\u1ee7a ch\u00fang t\u00f4i<\/h2>    <p>Ch\u00fang t\u00f4i c\u00f3 nh\u1eefng ng\u01b0\u1eddi qu\u1ea3n l\u00fd chuy\u00ean nghi\u1ec7p \u0111\u1ec3 li\u00ean l\u1ea1c v\u1edbi b\u1ea1n. H\u1ecd c\u00f3 th\u1ec3 nhanh ch\u00f3ng tr\u1ea3 l\u1eddi nhi\u1ec1u c\u00e2u h\u1ecfi kh\u00e1c nhau, cung c\u1ea5p th\u00f4ng tin m\u00e1y to\u00e0n di\u1ec7n v\u00e0 gi\u1ea3i ph\u00e1p m\u00e1y h\u1ee3p l\u00fd. Sau \u0111\u00e2y l\u00e0 n\u1ed9i dung d\u1ecbch v\u1ee5 c\u1ee7a ch\u00fang t\u00f4i:<\/p>    <p>B\u00e1n tr\u01b0\u1edbc<\/p>    <ol class=\"wp-block-list\" type=\"1\"><li>Hi\u1ec3u \u0111\u1ea7y \u0111\u1ee7 nhu c\u1ea7u c\u1ee7a b\u1ea1n. Ch\u00fang t\u00f4i s\u1ebd h\u1ecfi v\u1ec1 nguy\u00ean li\u1ec7u th\u00f4 c\u1ee7a b\u1ea1n, s\u1ed1 l\u01b0\u1ee3ng nguy\u00ean li\u1ec7u th\u00f4 b\u1ea1n mu\u1ed1n x\u1eed l\u00fd, ng\u00e2n s\u00e1ch c\u1ee7a b\u1ea1n v\u00e0 h\u01a1n th\u1ebf n\u1eefa. \u0110\u1ec3 \u0111\u01b0\u1ee3c t\u01b0 v\u1ea5n lo\u1ea1i m\u00e1y ph\u00f9 h\u1ee3p cho b\u1ea1n.<\/li><li>Sau khi x\u00e1c nh\u1eadn nhu c\u1ea7u c\u1ee7a b\u1ea1n, ch\u00fang t\u00f4i s\u1ebd l\u1eadp b\u00e1o gi\u00e1 cho b\u1ea1n. B\u00e1o gi\u00e1 ch\u1ee9a c\u00e1c th\u00f4ng s\u1ed1 v\u00e0 chi ti\u1ebft c\u1ee7a m\u00e1y. Ch\u00fang t\u00f4i c\u0169ng s\u1ebd li\u1ec7t k\u00ea c\u00e1c m\u00e1y kh\u00e1c \u0111\u00e1p \u1ee9ng y\u00eau c\u1ea7u c\u1ee7a b\u1ea1n \u0111\u1ec3 b\u1ea1n tham kh\u1ea3o.<\/li><\/ol>    <p>\u0110ang gi\u1ea3m gi\u00e1<\/p>    <ol class=\"wp-block-list\" type=\"1\"><li>Ch\u00fang t\u00f4i cung c\u1ea5p c\u00e1c ph\u01b0\u01a1ng th\u1ee9c thanh to\u00e1n an to\u00e0n v\u00e0 nhanh ch\u00f3ng. Ch\u00fang t\u00f4i ch\u1ea5p nh\u1eadn \u0110\u1ea3m b\u1ea3o th\u01b0\u01a1ng m\u1ea1i, T \/ T, Money Gram, L \/ C, Pay Pal, Western Union, Ti\u1ec1n m\u1eb7t, v.v. B\u1ea1n c\u00f3 th\u1ec3 ch\u1ecdn t\u00f9y theo s\u1ef1 thu\u1eadn ti\u1ec7n c\u1ee7a m\u00ecnh.<\/li><li>Bao b\u00ec tr\u1ef1c quan v\u00e0 v\u1eadn chuy\u1ec3n. Ch\u00fang t\u00f4i s\u1ebd g\u1eedi cho b\u1ea1n h\u00ecnh \u1ea3nh c\u1ee7a m\u00e1y tr\u01b0\u1edbc v\u00e0 sau khi \u0111\u00f3ng g\u00f3i. Ngo\u00e0i ra,\u00a0ch\u00fang t\u00f4i\u00a0c\u00f3 th\u1ec3 cung c\u1ea5p video quay c\u1ea3nh m\u00e1y c\u1ee7a b\u1ea1n ch\u1ea1y kh\u00f4ng t\u1ea3i n\u1ebfu c\u1ea7n.<\/li><\/ol>    <p>Sau b\u00e1n h\u00e0ng<\/p>    <ol class=\"wp-block-list\" type=\"1\"><li>Th\u00f4ng b\u00e1o th\u00f4ng tin h\u1eadu c\u1ea7n k\u1ecbp th\u1eddi. Ch\u00fang t\u00f4i s\u1ebd ki\u1ec3m tra th\u00f4ng tin v\u1eadn chuy\u1ec3n c\u1ee7a m\u00e1y v\u00e0 th\u00f4ng b\u00e1o cho b\u1ea1n v\u1ec1 ti\u1ebfn \u0111\u1ed9 v\u1eadn chuy\u1ec3n.<\/li><li>D\u1ecbch v\u1ee5 l\u1eafp \u0111\u1eb7t t\u1eadn n\u01a1i. N\u1ebfu b\u1ea1n c\u1ea7n. Ch\u00fang t\u00f4i c\u00f3 th\u1ec3 g\u1eedi m\u1ed9t k\u1ef9 s\u01b0 chuy\u00ean nghi\u1ec7p \u0111\u1ebfn \u0111\u1ecba ph\u01b0\u01a1ng c\u1ee7a b\u1ea1n v\u00e0 cung c\u1ea5p h\u01b0\u1edbng d\u1eabn c\u00e0i \u0111\u1eb7t v\u00e0 s\u1eed d\u1ee5ng.<\/li><li>H\u01b0\u1edbng d\u1eabn tr\u1ef1c tuy\u1ebfn. Ch\u00fang t\u00f4i c\u0169ng cung c\u1ea5p h\u01b0\u1edbng d\u1eabn tr\u1ef1c tuy\u1ebfn. Ch\u00fang t\u00f4i h\u1ee9a s\u1ebd gi\u00fap b\u1ea1n s\u1eed d\u1ee5ng m\u00e1y t\u1ed1t sau khi mua m\u00e1y c\u1ee7a ch\u00fang t\u00f4i.<\/li><\/ol>    <figure class=\"wp-block-gallery has-nested-images columns-default is-cropped wp-block-gallery-4 is-layout-flex wp-block-gallery-is-layout-flex\"> <figure class=\"wp-block-image size-large\"><img loading=\"lazy\" decoding=\"async\" width=\"720\" height=\"540\" data-id=\"2741\" src=\"https:\/\/taizyfarmequipment.com\/wp-content\/uploads\/2022\/02\/11-tuya_720_540.jpg\" alt=\"Tri\u1ec3n l\u00e3m \u1edf n\u01b0\u1edbc ngo\u00e0i\" class=\"wp-image-2741\" title=\"Tri\u1ec3n l\u00e3m \u1edf n\u01b0\u1edbc ngo\u00e0i\" srcset=\"https:\/\/taizyfarmequipment.com\/wp-content\/uploads\/2022\/02\/11-tuya_720_540.jpg 720w, https:\/\/taizyfarmequipment.com\/wp-content\/uploads\/2022\/02\/11-tuya_720_540-300x225.jpg 300w\" sizes=\"auto, (max-width: 720px) 100vw, 720px\" \/><figcaption>Tri\u1ec3n l\u00e3m \u1edf n\u01b0\u1edbc ngo\u00e0i<\/figcaption><\/figure>    <figure class=\"wp-block-image size-large\"><img loading=\"lazy\" decoding=\"async\" width=\"720\" height=\"540\" data-id=\"2743\" src=\"https:\/\/taizyfarmequipment.com\/wp-content\/uploads\/2022\/02\/08-tuya-tuya_720_540.jpg\" alt=\"Tham quan nh\u00e0 m\u00e1y\" class=\"wp-image-2743\" title=\"Tham quan nh\u00e0 m\u00e1y\" srcset=\"https:\/\/taizyfarmequipment.com\/wp-content\/uploads\/2022\/02\/08-tuya-tuya_720_540.jpg 720w, https:\/\/taizyfarmequipment.com\/wp-content\/uploads\/2022\/02\/08-tuya-tuya_720_540-300x225.jpg 300w\" sizes=\"auto, (max-width: 720px) 100vw, 720px\" \/><figcaption>Tham quan nh\u00e0 m\u00e1y<\/figcaption><\/figure> <figcaption class=\"blocks-gallery-caption\">Tri\u1ec3n l\u00e3m \u1edf n\u01b0\u1edbc ngo\u00e0i v\u00e0 tham quan nh\u00e0 m\u00e1y<\/figcaption><\/figure>    <p><\/p>    <p><\/p>    <p><\/p>    <p><\/p>    <p><\/p>    <p><\/p>","protected":false},"excerpt":{"rendered":"<p>Who we are Zhengzhou Taizy Machinery Co., Ltd is a company specializing in the research, manufacture, development and sale of agricultural machinery. With the continuous increase in the scale of agricultural planting and the constant improvement of crop yields, agricultural machinery has become the daily needs of people in all countries. Therefore, our company was [&hellip;]<\/p>\n","protected":false},"author":1,"featured_media":2747,"parent":0,"menu_order":0,"comment_status":"closed","ping_status":"closed","template":"","meta":{"footnotes":""},"class_list":["post-7","page","type-page","status-publish","has-post-thumbnail","hentry"],"_links":{"self":[{"href":"https:\/\/taizyfarmequipment.com\/vi\/wp-json\/wp\/v2\/pages\/7","targetHints":{"allow":["GET"]}}],"collection":[{"href":"https:\/\/taizyfarmequipment.com\/vi\/wp-json\/wp\/v2\/pages"}],"about":[{"href":"https:\/\/taizyfarmequipment.com\/vi\/wp-json\/wp\/v2\/types\/page"}],"author":[{"embeddable":true,"href":"https:\/\/taizyfarmequipment.com\/vi\/wp-json\/wp\/v2\/users\/1"}],"replies":[{"embeddable":true,"href":"https:\/\/taizyfarmequipment.com\/vi\/wp-json\/wp\/v2\/comments?post=7"}],"version-history":[{"count":0,"href":"https:\/\/taizyfarmequipment.com\/vi\/wp-json\/wp\/v2\/pages\/7\/revisions"}],"wp:featuredmedia":[{"embeddable":true,"href":"https:\/\/taizyfarmequipment.com\/vi\/wp-json\/wp\/v2\/media\/2747"}],"wp:attachment":[{"href":"https:\/\/taizyfarmequipment.com\/vi\/wp-json\/wp\/v2\/media?parent=7"}],"curies":[{"name":"wp","href":"https:\/\/api.w.org\/{rel}","templated":true}]}}