{"id":9,"date":"2021-12-10T07:35:38","date_gmt":"2021-12-10T07:35:38","guid":{"rendered":"http:\/\/taizyfarmequipment.local\/?page_id=9"},"modified":"2023-08-29T18:19:31","modified_gmt":"2023-08-29T10:19:31","slug":"lien-he-voi-chung-toi","status":"publish","type":"page","link":"https:\/\/taizyfarmequipment.com\/vi\/contact-us\/","title":{"rendered":"Li\u00ean h\u1ec7 v\u1edbi ch\u00fang t\u00f4i"},"content":{"rendered":"<p class=\"has-medium-font-size\" style=\"font-style:normal;font-weight:400\">Taizy Farm Equipment hoan ngh\u00eanh m\u1ecdi y\u00eau c\u1ea7u v\u00e0 ch\u00fang t\u00f4i s\u1ebd li\u00ean h\u1ec7 l\u1ea1i v\u1edbi b\u1ea1n trong th\u1eddi gian ng\u1eafn. Vui l\u00f2ng \u0111\u1ec3 l\u1ea1i massage v\u00e0 ch\u00fang t\u00f4i s\u1ebd li\u00ean h\u1ec7 v\u1edbi b\u1ea1n trong th\u1eddi gian s\u1edbm nh\u1ea5t.<\/p>    <p> <\/p>    <div class=\"wp-block-columns pt50 is-layout-flex wp-container-core-columns-is-layout-28f84493 wp-block-columns-is-layout-flex\"> <div class=\"wp-block-column is-layout-flow wp-block-column-is-layout-flow\"> <figure class=\"wp-block-image aligncenter size-full is-resized\"><img loading=\"lazy\" decoding=\"async\" src=\"https:\/\/taizyfarmequipment.com\/wp-content\/uploads\/2022\/03\/smartphone.png\" alt=\"\" class=\"wp-image-2949\" style=\"width:70px;height:70px\" width=\"70\" height=\"70\"\/><figcaption class=\"wp-element-caption\">\u0110i\u1ec7n tho\u1ea1i<\/figcaption><\/figure>    <p class=\"has-text-align-center\">+86 17329326135<\/p> <\/div>    <div class=\"wp-block-column is-layout-flow wp-block-column-is-layout-flow\"> <figure class=\"wp-block-image aligncenter size-full is-resized\"><img loading=\"lazy\" decoding=\"async\" src=\"https:\/\/taizyfarmequipment.com\/wp-content\/uploads\/2022\/03\/email.png\" alt=\"\" class=\"wp-image-2950\" style=\"width:70px;height:70px\" width=\"70\" height=\"70\"\/><figcaption class=\"wp-element-caption\">E-mail<\/figcaption><\/figure>    <p class=\"has-text-align-center\">info@taizyfarmequipment.com<\/p> <\/div>    <div class=\"wp-block-column is-layout-flow wp-block-column-is-layout-flow\"> <figure class=\"wp-block-image aligncenter size-full is-resized\"><img loading=\"lazy\" decoding=\"async\" src=\"https:\/\/taizyfarmequipment.com\/wp-content\/uploads\/2022\/03\/whatsapp.png\" alt=\"\" class=\"wp-image-2951\" style=\"width:70px;height:70px\" width=\"70\" height=\"70\"\/><figcaption class=\"wp-element-caption\">WhatsApp<\/figcaption><\/figure>    <p class=\"has-text-align-center\">+86 17329326135<\/p> <\/div>    <div class=\"wp-block-column is-layout-flow wp-block-column-is-layout-flow\"> <figure class=\"wp-block-image aligncenter size-full is-resized\"><img loading=\"lazy\" decoding=\"async\" src=\"https:\/\/taizyfarmequipment.com\/wp-content\/uploads\/2022\/03\/address.png\" alt=\"\" class=\"wp-image-2953\" style=\"width:70px;height:70px\" width=\"70\" height=\"70\"\/><figcaption class=\"wp-element-caption\">\u0110\u1ecba ch\u1ec9<\/figcaption><\/figure>    <p class=\"has-text-align-center\">Khu ph\u00e1t tri\u1ec3n kinh t\u1ebf Zhengzhou, H\u00e0 Nam, Trung Qu\u1ed1c<\/p> <\/div> <\/div>    <p><\/p>","protected":false},"excerpt":{"rendered":"<p>Thi\u1ebft b\u1ecb N\u00f4ng tr\u1ea1i Taizy hoan ngh\u00eanh t\u1ea5t c\u1ea3 c\u00e1c y\u00eau c\u1ea7u v\u00e0 ch\u00fang t\u00f4i s\u1ebd ph\u1ea3n h\u1ed3i b\u1ea1n s\u1edbm. Vui l\u00f2ng \u0111\u1ec3 l\u1ea1i tin nh\u1eafn c\u1ee7a b\u1ea1n v\u00e0 ch\u00fang t\u00f4i s\u1ebd li\u00ean h\u1ec7 v\u1edbi b\u1ea1n c\u00e0ng s\u1edbm c\u00e0ng t\u1ed1t. +86 17329326135 info@taizyfarmequipment.com +86 17329326135 Khu ph\u00e1t tri\u1ec3n kinh t\u1ebf Tr\u1ecbnh Ch\u00e2u, H\u00e0 Nam, Trung Qu\u1ed1c<\/p>","protected":false},"author":1,"featured_media":0,"parent":0,"menu_order":0,"comment_status":"closed","ping_status":"closed","template":"","meta":{"footnotes":""},"class_list":["post-9","page","type-page","status-publish","hentry"],"_links":{"self":[{"href":"https:\/\/taizyfarmequipment.com\/vi\/wp-json\/wp\/v2\/pages\/9","targetHints":{"allow":["GET"]}}],"collection":[{"href":"https:\/\/taizyfarmequipment.com\/vi\/wp-json\/wp\/v2\/pages"}],"about":[{"href":"https:\/\/taizyfarmequipment.com\/vi\/wp-json\/wp\/v2\/types\/page"}],"author":[{"embeddable":true,"href":"https:\/\/taizyfarmequipment.com\/vi\/wp-json\/wp\/v2\/users\/1"}],"replies":[{"embeddable":true,"href":"https:\/\/taizyfarmequipment.com\/vi\/wp-json\/wp\/v2\/comments?post=9"}],"version-history":[{"count":0,"href":"https:\/\/taizyfarmequipment.com\/vi\/wp-json\/wp\/v2\/pages\/9\/revisions"}],"wp:attachment":[{"href":"https:\/\/taizyfarmequipment.com\/vi\/wp-json\/wp\/v2\/media?parent=9"}],"curies":[{"name":"wp","href":"https:\/\/api.w.org\/{rel}","templated":true}]}}