{"id":2542,"date":"2022-02-08T08:27:48","date_gmt":"2022-02-08T08:27:48","guid":{"rendered":"https:\/\/taizyfarmequipment.com\/"},"modified":"2025-11-26T15:25:32","modified_gmt":"2025-11-26T07:25:32","slug":"may-boc-vo-hat-vung-tu-dong","status":"publish","type":"product","link":"https:\/\/taizyfarmequipment.com\/vi\/product\/automatic-sesame-seeds-peeling-hulling-machine\/","title":{"rendered":"M\u00e1y b\u00f3c v\u1ecf h\u1ea1t v\u1eebng t\u1ef1 \u0111\u1ed9ng tuy\u1ec7t v\u1eddi"},"content":{"rendered":"<div class=\"kk-star-ratings kksr-auto kksr-align-left kksr-valign-top\"     data-payload='{&quot;align&quot;:&quot;left&quot;,&quot;id&quot;:&quot;2542&quot;,&quot;slug&quot;:&quot;default&quot;,&quot;valign&quot;:&quot;top&quot;,&quot;ignore&quot;:&quot;&quot;,&quot;reference&quot;:&quot;auto&quot;,&quot;class&quot;:&quot;&quot;,&quot;count&quot;:&quot;26&quot;,&quot;legendonly&quot;:&quot;&quot;,&quot;readonly&quot;:&quot;&quot;,&quot;score&quot;:&quot;4.8&quot;,&quot;starsonly&quot;:&quot;&quot;,&quot;best&quot;:&quot;5&quot;,&quot;gap&quot;:&quot;5&quot;,&quot;greet&quot;:&quot;Rate this product&quot;,&quot;legend&quot;:&quot;4.8\\\/5 - (26 b\u00ecnh ch\u1ecdn)&quot;,&quot;size&quot;:&quot;24&quot;,&quot;title&quot;:&quot;Great automatic sesame seeds peeling hulling machine&quot;,&quot;width&quot;:&quot;136.7&quot;,&quot;_legend&quot;:&quot;{score}\\\/{best} - ({count} {votes})&quot;,&quot;font_factor&quot;:&quot;1.25&quot;}'>              <div class=\"kksr-stars\">      <div class=\"kksr-stars-inactive\">             <div class=\"kksr-star\" data-star=\"1\" style=\"padding-right: 5px\">               <div class=\"kksr-icon\" style=\"width: 24px; height: 24px;\"><\/div>         <\/div>             <div class=\"kksr-star\" data-star=\"2\" style=\"padding-right: 5px\">               <div class=\"kksr-icon\" style=\"width: 24px; height: 24px;\"><\/div>         <\/div>             <div class=\"kksr-star\" data-star=\"3\" style=\"padding-right: 5px\">               <div class=\"kksr-icon\" style=\"width: 24px; height: 24px;\"><\/div>         <\/div>             <div class=\"kksr-star\" data-star=\"4\" style=\"padding-right: 5px\">               <div class=\"kksr-icon\" style=\"width: 24px; height: 24px;\"><\/div>         <\/div>             <div class=\"kksr-star\" data-star=\"5\" style=\"padding-right: 5px\">               <div class=\"kksr-icon\" style=\"width: 24px; height: 24px;\"><\/div>         <\/div>     <\/div>      <div class=\"kksr-stars-active\" style=\"width: 136.7px;\">             <div class=\"kksr-star\" style=\"padding-right: 5px\">               <div class=\"kksr-icon\" style=\"width: 24px; height: 24px;\"><\/div>         <\/div>             <div class=\"kksr-star\" style=\"padding-right: 5px\">               <div class=\"kksr-icon\" style=\"width: 24px; height: 24px;\"><\/div>         <\/div>             <div class=\"kksr-star\" style=\"padding-right: 5px\">               <div class=\"kksr-icon\" style=\"width: 24px; height: 24px;\"><\/div>         <\/div>             <div class=\"kksr-star\" style=\"padding-right: 5px\">               <div class=\"kksr-icon\" style=\"width: 24px; height: 24px;\"><\/div>         <\/div>             <div class=\"kksr-star\" style=\"padding-right: 5px\">               <div class=\"kksr-icon\" style=\"width: 24px; height: 24px;\"><\/div>         <\/div>     <\/div> <\/div>                   <div class=\"kksr-legend\" style=\"font-size: 19.2px;\">             4.8\/5 - (26 l\u01b0\u1ee3t b\u00ecnh ch\u1ecdn)    <\/div>     <\/div>  <p>M\u00e1y b\u00f3c v\u1ecf h\u1ea1t m\u00e8 t\u1ef1 \u0111\u1ed9ng l\u00e0 thi\u1ebft b\u1ecb c\u00f3 th\u1ec3 b\u00f3c v\u1ecf h\u1ea1t m\u00e8 m\u1ed9t c\u00e1ch s\u1ea1ch s\u1ebd. Ch\u1ee9c n\u0103ng ch\u00ednh c\u1ee7a n\u00f3 l\u00e0 ng\u00e2m, g\u1ecdt v\u1ecf v\u00e0 t\u00e1ch v\u1ecf v\u00e0 nh\u00e2n sau khi g\u1ecdt v\u1ecf.<\/p>    <p class=\"translation-block\">Khi s\u1eed d\u1ee5ng v\u1eebng l\u00e0m th\u1ef1c ph\u1ea9m cung c\u1ea5p ngu\u1ed3n protein cho con ng\u01b0\u1eddi, th\u01b0\u1eddng c\u1ea7n ph\u1ea3i b\u00f3c v\u1ecf. V\u00e0 v\u1eebng \u0111\u00e3 b\u00f3c v\u1ecf c\u00f3 v\u1ecb m\u01b0\u1ee3t h\u01a1n v\u00e0 d\u1ec5 h\u1ea5p th\u1ee5 h\u01a1n b\u1edfi c\u01a1 th\u1ec3 ch\u00fang ta. \u0110\u1ec3 ch\u1ebf bi\u1ebfn ti\u1ebfp, ch\u00fang t\u00f4i s\u1ebd b\u00f3c nhi\u1ec1u h\u1ea1t. V\u00e0 ch\u00fang t\u00f4i c\u0169ng c\u00f3 <a href=\"https:\/\/taizyfarmequipment.com\/vi\/san-pham\/may-boc-vo-dau-nanh\/\">b\u1ed9 g\u1ecdt v\u1ecf \u0111\u1eadu<\/a> \u0111\u1ec3 b\u00f3c v\u1ecf \u0111\u1eadu n\u00e0nh. <\/p>    <p>M\u00e1y v\u1eadn h\u00e0nh \u0111\u01a1n gi\u1ea3n, gi\u00e1 c\u1ea3 ph\u1ea3i ch\u0103ng v\u00e0 ti\u1ebft ki\u1ec7m nh\u00e2n l\u1ef1c. V\u00ec v\u1eady n\u00f3 l\u00e0 tr\u1ee3 th\u1ee7 \u0111\u1eafc l\u1ef1c kh\u00f4ng th\u1ec3 thi\u1ebfu c\u1ee7a con ng\u01b0\u1eddi.<\/p>    <h2 class=\"wp-block-heading\" id=\"h-introduction-of-the-sesame-peeling-machine\">Gi\u1edbi thi\u1ec7u m\u00e1y b\u00f3c v\u1ecf h\u1ea1t v\u1eebng t\u1ef1 \u0111\u1ed9ng<\/h2>    <p class=\"translation-block\">The <a href=\"https:\/\/www.agriculture-machine.com\/corn-grits-making-machine\/\" target=\"_blank\" rel=\"noopener\">automatic sesame seeds peeling hulling machine<\/a> is a vertical structure that we can fully utilize in the internal space. At the same time, the volume is small, the structure is simple, the operation is convenient, and the maintenance rate is low.<\/p>    <p>M\u00e1y b\u00f3c v\u1ecf h\u1ea1t v\u1eebng t\u1ef1 \u0111\u1ed9ng s\u1eed d\u1ee5ng m\u00e1y khu\u1ea5y h\u1ed7n h\u1ee3p. Lo\u1ea1i m\u00e1y khu\u1ea5y n\u00e0y c\u00f3 th\u1ec3 t\u1ea1o ra s\u1ef1 chuy\u1ec3n h\u01b0\u1edbng theo tr\u1ee5c, chuy\u1ec3n h\u01b0\u1edbng xuy\u00ean t\u00e2m v\u00e0 chuy\u1ec3n h\u01b0\u1edbng tr\u00f2n. V\u00ec v\u1eady n\u00f3 c\u00f3 th\u1ec3 l\u1eadt v\u1eadt li\u1ec7u ho\u00e0n to\u00e0n kh\u00f4ng c\u00f3 g\u00f3c ch\u1ebft v\u00e0 c\u00f3 t\u1ef7 l\u1ec7 bong tr\u00f3c cao.<\/p>    <p>Vi\u1ec7c s\u1eed d\u1ee5ng m\u00e1y khu\u1ea5y h\u1ed7n h\u1ee3p gi\u00fap r\u00fat ng\u1eafn th\u1eddi gian ng\u00e2m, b\u00f3c v\u1ecf, t\u00e1ch h\u1ea1t v\u1eebng. V\u00ec v\u1eady, n\u00f3 c\u1ea3i thi\u1ec7n hi\u1ec7u qu\u1ea3 s\u1ea3n xu\u1ea5t v\u00e0 c\u1ea3i thi\u1ec7n ch\u1ea5t l\u01b0\u1ee3ng s\u1ea3n ph\u1ea9m.<\/p>    <figure class=\"wp-block-image aligncenter size-full\"><img loading=\"lazy\" decoding=\"async\" width=\"720\" height=\"540\" src=\"https:\/\/taizyfarmequipment.com\/wp-content\/uploads\/2022\/02\/AUTOMATIC-SESAME-SEEDS-PEELING-HULLING-MACHINE.webp\" alt=\"M\u00e1y b\u00f3c v\u1ecf v\u1eebng t\u1ef1 \u0111\u1ed9ng\" class=\"wp-image-4966\" title=\"M\u00e1y b\u00f3c v\u1ecf h\u1ea1t v\u1eebng t\u1ef1 \u0111\u1ed9ng\" srcset=\"https:\/\/taizyfarmequipment.com\/wp-content\/uploads\/2022\/02\/AUTOMATIC-SESAME-SEEDS-PEELING-HULLING-MACHINE.webp 720w, https:\/\/taizyfarmequipment.com\/wp-content\/uploads\/2022\/02\/AUTOMATIC-SESAME-SEEDS-PEELING-HULLING-MACHINE-300x225.webp 300w, https:\/\/taizyfarmequipment.com\/wp-content\/uploads\/2022\/02\/AUTOMATIC-SESAME-SEEDS-PEELING-HULLING-MACHINE-16x12.webp 16w\" sizes=\"auto, (max-width: 720px) 100vw, 720px\" \/><figcaption class=\"wp-element-caption\">M\u00e1y b\u00f3c v\u1ecf v\u1eebng t\u1ef1 \u0111\u1ed9ng<\/figcaption><\/figure>    <h2 class=\"wp-block-heading\" id=\"structure-of-the-sesame-seeds-peeling-machine\">C\u1ea5u t\u1ea1o c\u1ee7a m\u00e1y b\u00f3c v\u1ecf h\u1ea1t v\u1eebng t\u1ef1 \u0111\u1ed9ng<\/h2>    <p>M\u00e1y b\u00f3c v\u1ecf h\u1ea1t v\u1eebng t\u1ef1 \u0111\u1ed9ng ch\u1ee7 y\u1ebfu bao g\u1ed3m h\u1ed9p gi\u1ea3m t\u1ed1c, b\u00ecnh ch\u1ee9a, m\u00e1y khu\u1ea5y composite, m\u00e1y t\u00e1ch, l\u00f2 s\u01b0\u1edfi, thi\u1ebft b\u1ecb \u0111\u1ecbnh v\u1ecb v\u00e0 c\u00e1c \u0111\u01b0\u1eddng \u1ed1ng \u0111\u1ea7u v\u00e0o v\u00e0 \u0111\u1ea7u ra kh\u00e1c nhau.<\/p>    <h2 class=\"wp-block-heading\" id=\"the-working-process-of-automatic-sesame-peeling-machine\">Quy tr\u00ecnh l\u00e0m vi\u1ec7c c\u1ee7a m\u00e1y b\u00f3c v\u1ecf m\u00e8 t\u1ef1 \u0111\u1ed9ng<\/h2>    <p>\u0110\u1ea7u ti\u00ean, b\u1ea1n b\u1eadt m\u00e1y v\u00e0 \u0111\u1ed5 h\u1ea1t v\u1eebng \u0111\u00e3 l\u1ecdc v\u00e0o th\u00f9ng \u0111\u1ea7u ti\u00ean c\u1ee7a m\u00e1y b\u00f3c v\u1ecf. V\u00e0 th\u1eddi gian l\u1ed9t kho\u1ea3ng 3-5 ph\u00fat.<\/p>    <p>Tr\u01b0\u1edbc khi \u0111\u01b0a v\u1ecf v\u1eebng \u0111\u00e3 b\u00f3c v\u00e0o th\u00f9ng ph\u00e2n t\u00e1ch th\u1ee9 hai, th\u00eam m\u1ed9t ph\u1ea7n ba n\u01b0\u1edbc v\u00e0o b\u1ed9 ph\u00e2n t\u00e1ch \u0111\u1ec3 ng\u0103n ch\u1eb7n v\u1ecf v\u1eebng l\u00e0m t\u1eafc l\u01b0\u1edbi.<\/p>    <p>Khi t\u00e1ch ph\u1ea3i \u0111\u1ea3m b\u1ea3o 1\/3 t\u1ef7 l\u1ec7 (n\u01b0\u1edbc 3 m\u00e8 1) d\u00f9ng \u0111\u1ec3 t\u00e1ch nh\u00e2n v\u00e0 v\u1ecf, \u0111\u1ed3ng th\u1eddi m\u1edf van ph\u00eda d\u01b0\u1edbi \u0111\u1ec3 r\u00e1o n\u01b0\u1edbc cho v\u1ecf v\u1eebng ch\u1ea3y ra. L\u01b0\u1ee3ng n\u01b0\u1edbc v\u00e0o b\u1eb1ng l\u01b0\u1ee3ng n\u01b0\u1edbc th\u1ea3i ra.<\/p>    <p>Sau kho\u1ea3ng 5-10 ph\u00fat t\u00e1ch h\u1ea1t v\u1eebng ra, \u0111\u1ec3 r\u00e1o n\u01b0\u1edbc v\u00e0 l\u00e0m s\u1ea1ch.<\/p>    <figure class=\"wp-block-image size-full\"><img loading=\"lazy\" decoding=\"async\" width=\"720\" height=\"540\" src=\"https:\/\/taizyfarmequipment.com\/wp-content\/uploads\/2022\/02\/AUTOMATIC-SESAME-SEEDS-PEELING-HULLING-MACHINE-for-sale.webp\" alt=\"M\u00e1y b\u00f3c v\u1ecf v\u1eebng t\u1ef1 \u0111\u1ed9ng \u0111\u1ec3 b\u00e1n\" class=\"wp-image-4967\" srcset=\"https:\/\/taizyfarmequipment.com\/wp-content\/uploads\/2022\/02\/AUTOMATIC-SESAME-SEEDS-PEELING-HULLING-MACHINE-for-sale.webp 720w, https:\/\/taizyfarmequipment.com\/wp-content\/uploads\/2022\/02\/AUTOMATIC-SESAME-SEEDS-PEELING-HULLING-MACHINE-for-sale-300x225.webp 300w, https:\/\/taizyfarmequipment.com\/wp-content\/uploads\/2022\/02\/AUTOMATIC-SESAME-SEEDS-PEELING-HULLING-MACHINE-for-sale-16x12.webp 16w\" sizes=\"auto, (max-width: 720px) 100vw, 720px\" \/><figcaption class=\"wp-element-caption\">M\u00e1y b\u00f3c v\u1ecf v\u1eebng t\u1ef1 \u0111\u1ed9ng \u0111\u1ec3 b\u00e1n<\/figcaption><\/figure>    <h2 class=\"wp-block-heading\" id=\"the-working-principle-of-sesame-seed-hulling-machine\">Nguy\u00ean l\u00fd ho\u1ea1t \u0111\u1ed9ng c\u1ee7a m\u00e1y t\u00e1ch v\u1ecf h\u1ea1t m\u00e8<\/h2>    <h3 class=\"wp-block-heading\" id=\"overview\">T\u1ed5ng quan:<\/h3>    <p>M\u00e1y b\u00f3c v\u1ecf v\u1eebng t\u1ef1 \u0111\u1ed9ng ho\u1ea1t \u0111\u1ed9ng b\u1eb1ng tr\u1ee5c khu\u1ea5y b\u00e1nh r\u0103ng \u0111\u1ec3 quay v\u00e0 khu\u1ea5y, gi\u00fap v\u1eebng ng\u00e2m trong th\u00f9ng c\u00f3 th\u1ec3 nhanh ch\u00f3ng l\u1eadt l\u00ean xu\u1ed1ng. V\u00e0 ma s\u00e1t gi\u1eefa c\u00e1c h\u1ea1t v\u1eebng k\u1ebft h\u1ee3p v\u1edbi l\u1ef1c quay c\u1ee7a tr\u1ee5c khu\u1ea5y \u0111\u1ec3 t\u00e1ch v\u1ecf v\u1eebng kh\u1ecfi nh\u00e2n.<\/p>    <p>Sau khi v\u1eadn h\u00e0nh m\u1ed9t th\u1eddi gian nh\u1ea5t \u0111\u1ecbnh, h\u1ea1t v\u1eebng \u0111\u01b0\u1ee3c b\u00f3c v\u1ecf \u0111\u1ec3 \u0111\u1ea1t m\u1ee5c \u0111\u00edch, v\u00e1ch ng\u0103n c\u1ed5ng \u0111\u01b0\u1ee3c m\u1edf ra v\u00e0 h\u1ed7n h\u1ee3p v\u1ecf h\u1ea1t v\u1eebng \u0111\u01b0\u1ee3c x\u1ea3 ra kh\u1ecfi m\u00e1y b\u1eb1ng v\u00f2ng quay c\u1ee7a m\u00e1y tr\u1ed9n.<\/p>    <h3 class=\"wp-block-heading\" id=\"principle-of-soaking-process\">Nguy\u00ean l\u00fd c\u1ee7a qu\u00e1 tr\u00ecnh ng\u00e2m:<\/h3>    <p>Cho h\u1ea1t v\u1eebng v\u00e0o n\u01b0\u1edbc n\u00f3ng c\u00f3 pha m\u1ed9t \u00edt x\u00fat. Sau \u0111\u00f3 ng\u00e2m h\u1ea1t v\u1eebng trong v\u00e0i ph\u00fat.<\/p>    <p>Sau \u0111\u00f3 kh\u1edfi \u0111\u1ed9ng thi\u1ebft b\u1ecb, b\u1ed9 gi\u1ea3m t\u1ed1c d\u1eabn \u0111\u1ed9ng m\u00e1y khu\u1ea5y\u00a0quay, do \u0111\u1eb7c \u0111i\u1ec3m c\u1ea5u t\u1ea1o c\u1ee7a m\u00e1y khu\u1ea5y composite, nguy\u00ean li\u1ec7u \u0111\u01b0\u1ee3c tu\u1ea7n ho\u00e0n l\u00ean xu\u1ed1ng, v\u1eebng v\u00e0 ch\u1ea5t l\u1ecfng ng\u00e2m \u0111\u01b0\u1ee3c tr\u1ed9n \u0111\u1ec1u v\u00e0 ho\u00e0n to\u00e0n.<\/p>    <h3 class=\"wp-block-heading\" id=\"working-principle-of-black-sesame-peeling-process\">Nguy\u00ean l\u00fd l\u00e0m vi\u1ec7c c\u1ee7a qu\u00e1 tr\u00ecnh b\u00f3c v\u1ecf m\u00e8 \u0111en:<\/h3>    <p>Ma s\u00e1t t\u01b0\u01a1ng \u0111\u1ed1i gi\u1eefa m\u00e1y khu\u1ea5y v\u00e0 v\u1eebng, gi\u1eefa v\u1eebng v\u00e0 v\u1eebng, t\u00e1ch v\u1ecf v\u00e0 nh\u00e2n c\u1ee7a v\u1eebng, \u0111\u1ec3 \u0111\u1ea1t \u0111\u01b0\u1ee3c m\u1ee5c \u0111\u00edch b\u00f3c v\u1ecf v\u1eebng.<\/p>    <figure class=\"wp-block-image size-full\"><img loading=\"lazy\" decoding=\"async\" width=\"720\" height=\"540\" src=\"https:\/\/taizyfarmequipment.com\/wp-content\/uploads\/2022\/02\/AUTOMATIC-SESAME-SEEDS-PEELING-HULLING-MACHINE-price.webp\" alt=\"Gi\u00e1 m\u00e1y b\u00f3c v\u1ecf v\u1eebng t\u1ef1 \u0111\u1ed9ng\" class=\"wp-image-4968\" srcset=\"https:\/\/taizyfarmequipment.com\/wp-content\/uploads\/2022\/02\/AUTOMATIC-SESAME-SEEDS-PEELING-HULLING-MACHINE-price.webp 720w, https:\/\/taizyfarmequipment.com\/wp-content\/uploads\/2022\/02\/AUTOMATIC-SESAME-SEEDS-PEELING-HULLING-MACHINE-price-300x225.webp 300w, https:\/\/taizyfarmequipment.com\/wp-content\/uploads\/2022\/02\/AUTOMATIC-SESAME-SEEDS-PEELING-HULLING-MACHINE-price-16x12.webp 16w\" sizes=\"auto, (max-width: 720px) 100vw, 720px\" \/><figcaption class=\"wp-element-caption\">Gi\u00e1 m\u00e1y b\u00f3c v\u1ecf v\u1eebng t\u1ef1 \u0111\u1ed9ng<\/figcaption><\/figure>    <h2 class=\"wp-block-heading\" id=\"parameter-of-the-sesame-seeds-peeling-machine\">Th\u00f4ng s\u1ed1 c\u1ee7a m\u00e1y b\u00f3c v\u1ecf h\u1ea1t v\u1eebng<\/h2>    <figure class=\"wp-block-table\"><table><tbody><tr><td>Quy\u1ec1n l\u1ef1c<\/td><td>\u0110\u1ed9ng c\u01a1 t\u00e1ch v\u1ecf 2,2kw, \u0111\u1ed9ng c\u01a1 t\u00e1ch 1,5 kw<\/td><\/tr><tr><td>Dung t\u00edch<\/td><td>400-500kg\/gi\u1edd, 30-50kg\/th\u00f9ng<\/td><\/tr><tr><td>T\u1ef7 l\u1ec7 t\u00e1ch v\u1ecf<\/td><td>80%-85%<\/td><\/tr><tr><td>C\u00e2n n\u1eb7ng<\/td><td>250kg<\/td><\/tr><tr><td>K\u00edch c\u1ee1<\/td><td>1400*700*2000mm<\/td><\/tr><tr><td>V\u1eadt li\u1ec7u<\/td><td>l\u00e0m b\u1eb1ng th\u00e9p kh\u00f4ng g\u1ec9<\/td><\/tr><\/tbody><\/table><figcaption class=\"wp-element-caption\">Th\u00f4ng s\u1ed1 c\u1ee7a m\u00e1y b\u00f3c v\u1ecf h\u1ea1t v\u1eebng<\/figcaption><\/figure>    <h2 class=\"wp-block-heading\" id=\"advantages-of-the-sesame-peeling-machine\">\u01afu \u0111i\u1ec3m c\u1ee7a m\u00e1y b\u00f3c v\u1ecf h\u1ea1t v\u1eebng t\u1ef1 \u0111\u1ed9ng:<\/h2>    <p>1. G\u1ecdt v\u1ecf th\u1eadt k\u1ef9. H\u1ea1t v\u1eebng \u0111\u00e3 qua x\u1eed l\u00fd kh\u00f4ng c\u00f3 t\u1ea1p ch\u1ea5t kh\u00e1c.<\/p>    <p>2. M\u00e8 ch\u1ebf bi\u1ebfn c\u00f3 m\u00e0u tr\u1eafng, s\u00e1ng, ch\u1ea5t l\u01b0\u1ee3ng cao. <\/p>    <p>3. T\u01b0\u01a1ng t\u1ef1 kh\u00f4ng c\u00f3 da c\u00f3 h\u01b0\u01a1ng v\u1ecb th\u01a1m ngon.<\/p>    <p>2. Ch\u1ea5t l\u01b0\u1ee3ng cao.  Nhi\u1ec1u kh\u00e1ch h\u00e0ng t\u1eeb Tanzania, Nigeria, Qatar, Ghana, Yemen, v.v. h\u00e0i l\u00f2ng v\u1edbi ch\u1ea5t l\u01b0\u1ee3ng m\u00e1y c\u1ee7a ch\u00fang t\u00f4i.<\/p>","protected":false},"excerpt":{"rendered":"<p>M\u00e1y b\u00f3c v\u1ecf h\u1ea1t v\u1eebng t\u1ef1 \u0111\u1ed9ng l\u00e0 thi\u1ebft b\u1ecb c\u00f3 th\u1ec3 b\u00f3c s\u1ea1ch l\u1edbp v\u1ecf b\u00ean ngo\u00e0i v\u1eebng. Ch\u1ee9c n\u0103ng ch\u00ednh c\u1ee7a n\u00f3 l\u00e0 ng\u00e2m, g\u1ecdt v\u1ecf v\u00e0 t\u00e1ch v\u1ecf v\u00e0 nh\u00e2n sau khi g\u1ecdt v\u1ecf.<\/p>","protected":false},"author":1,"featured_media":2543,"parent":0,"template":"","tags":[162,161,163,164],"product-type":[131],"class_list":["post-2542","product","type-product","status-publish","has-post-thumbnail","hentry","tag-automatic-sesame-peeling-machine","tag-sesame-peeling-machine","tag-sesame-seed-hulling-machine","tag-sesame-washing-and-peeling-machine","product-type-grains-peeling-machine"],"_links":{"self":[{"href":"https:\/\/taizyfarmequipment.com\/vi\/wp-json\/wp\/v2\/product\/2542","targetHints":{"allow":["GET"]}}],"collection":[{"href":"https:\/\/taizyfarmequipment.com\/vi\/wp-json\/wp\/v2\/product"}],"about":[{"href":"https:\/\/taizyfarmequipment.com\/vi\/wp-json\/wp\/v2\/types\/product"}],"author":[{"embeddable":true,"href":"https:\/\/taizyfarmequipment.com\/vi\/wp-json\/wp\/v2\/users\/1"}],"wp:featuredmedia":[{"embeddable":true,"href":"https:\/\/taizyfarmequipment.com\/vi\/wp-json\/wp\/v2\/media\/2543"}],"wp:attachment":[{"href":"https:\/\/taizyfarmequipment.com\/vi\/wp-json\/wp\/v2\/media?parent=2542"}],"wp:term":[{"taxonomy":"post_tag","embeddable":true,"href":"https:\/\/taizyfarmequipment.com\/vi\/wp-json\/wp\/v2\/tags?post=2542"},{"taxonomy":"product-type","embeddable":true,"href":"https:\/\/taizyfarmequipment.com\/vi\/wp-json\/wp\/v2\/product-type?post=2542"}],"curies":[{"name":"wp","href":"https:\/\/api.w.org\/{rel}","templated":true}]}}