{"id":2562,"date":"2022-02-14T08:28:39","date_gmt":"2022-02-14T08:28:39","guid":{"rendered":"https:\/\/taizyfarmequipment.com\/"},"modified":"2025-11-26T16:09:13","modified_gmt":"2025-11-26T08:09:13","slug":"xe-keo-di-bo-2","status":"publish","type":"product","link":"https:\/\/taizyfarmequipment.com\/vi\/product\/walking-tractor-2\/","title":{"rendered":"M\u00e1y k\u00e9o \u0111i b\u1ed9 | M\u00e1y k\u00e9o \u0111i sau hai b\u00e1nh"},"content":{"rendered":"<div class=\"kk-star-ratings kksr-auto kksr-align-left kksr-valign-top\"     data-payload='{&quot;align&quot;:&quot;left&quot;,&quot;id&quot;:&quot;2562&quot;,&quot;slug&quot;:&quot;default&quot;,&quot;valign&quot;:&quot;top&quot;,&quot;ignore&quot;:&quot;&quot;,&quot;reference&quot;:&quot;auto&quot;,&quot;class&quot;:&quot;&quot;,&quot;count&quot;:&quot;16&quot;,&quot;legendonly&quot;:&quot;&quot;,&quot;readonly&quot;:&quot;&quot;,&quot;score&quot;:&quot;4.6&quot;,&quot;starsonly&quot;:&quot;&quot;,&quot;best&quot;:&quot;5&quot;,&quot;gap&quot;:&quot;5&quot;,&quot;greet&quot;:&quot;Rate this product&quot;,&quot;legend&quot;:&quot;4.6\\\/5 - (16 b\u00ecnh ch\u1ecdn)&quot;,&quot;size&quot;:&quot;24&quot;,&quot;title&quot;:&quot;Walking tractor | Two wheel walk behind tractor&quot;,&quot;width&quot;:&quot;130.9&quot;,&quot;_legend&quot;:&quot;{score}\\\/{best} - ({count} {votes})&quot;,&quot;font_factor&quot;:&quot;1.25&quot;}'>              <div class=\"kksr-stars\">      <div class=\"kksr-stars-inactive\">             <div class=\"kksr-star\" data-star=\"1\" style=\"padding-right: 5px\">               <div class=\"kksr-icon\" style=\"width: 24px; height: 24px;\"><\/div>         <\/div>             <div class=\"kksr-star\" data-star=\"2\" style=\"padding-right: 5px\">               <div class=\"kksr-icon\" style=\"width: 24px; height: 24px;\"><\/div>         <\/div>             <div class=\"kksr-star\" data-star=\"3\" style=\"padding-right: 5px\">               <div class=\"kksr-icon\" style=\"width: 24px; height: 24px;\"><\/div>         <\/div>             <div class=\"kksr-star\" data-star=\"4\" style=\"padding-right: 5px\">               <div class=\"kksr-icon\" style=\"width: 24px; height: 24px;\"><\/div>         <\/div>             <div class=\"kksr-star\" data-star=\"5\" style=\"padding-right: 5px\">               <div class=\"kksr-icon\" style=\"width: 24px; height: 24px;\"><\/div>         <\/div>     <\/div>      <div class=\"kksr-stars-active\" style=\"width: 130.9px;\">             <div class=\"kksr-star\" style=\"padding-right: 5px\">               <div class=\"kksr-icon\" style=\"width: 24px; height: 24px;\"><\/div>         <\/div>             <div class=\"kksr-star\" style=\"padding-right: 5px\">               <div class=\"kksr-icon\" style=\"width: 24px; height: 24px;\"><\/div>         <\/div>             <div class=\"kksr-star\" style=\"padding-right: 5px\">               <div class=\"kksr-icon\" style=\"width: 24px; height: 24px;\"><\/div>         <\/div>             <div class=\"kksr-star\" style=\"padding-right: 5px\">               <div class=\"kksr-icon\" style=\"width: 24px; height: 24px;\"><\/div>         <\/div>             <div class=\"kksr-star\" style=\"padding-right: 5px\">               <div class=\"kksr-icon\" style=\"width: 24px; height: 24px;\"><\/div>         <\/div>     <\/div> <\/div>                   <div class=\"kksr-legend\" style=\"font-size: 19.2px;\">             4.6\/5 - (16 l\u01b0\u1ee3t b\u00ecnh ch\u1ecdn)    <\/div>     <\/div>  <p>M\u00e1y k\u00e9o \u0111i b\u1ed9 hai b\u00e1nh c\u00f3 g\u1eafn ph\u1ee5 ki\u1ec7n l\u00e0 thi\u1ebft b\u1ecb \u0111\u01a1n gi\u1ea3n c\u00f3 th\u1ec3 ho\u1ea1t \u0111\u1ed9ng v\u1edbi nhi\u1ec1u lo\u1ea1i m\u00e1y m\u00f3c n\u00f4ng nghi\u1ec7p kh\u00e1c nhau. M\u00e1y k\u00e9o \u0111i b\u1ed9 ph\u00eda sau n\u00e0y c\u00f3 hai b\u00e1nh, r\u1ea5t ph\u00f9 h\u1ee3p \u0111\u1ec3 \u0111i b\u1ea5t c\u1ee9 \u0111\u00e2u. V\u00e0 \u0111\u1ed9ng c\u01a1 diesel l\u00e0 s\u1ee9c m\u1ea1nh c\u1ee7a m\u00e1y k\u00e9o \u0111i b\u1ed9 hai b\u00e1nh. Th\u00f4ng th\u01b0\u1eddng, \u0111\u1ed9ng c\u01a1 diesel c\u00f3 c\u00f4ng su\u1ea5t 15 m\u00e3 l\u1ef1c ho\u1eb7c 18 m\u00e3 l\u1ef1c. Kh\u00e1ch h\u00e0ng c\u00f3 th\u1ec3 l\u1ef1a ch\u1ecdn m\u00e3 l\u1ef1c ph\u00f9 h\u1ee3p theo nhu c\u1ea7u c\u1ee7a m\u00ecnh.<\/p>    <p>\u0110\u1ec3 ti\u1ebft ki\u1ec7m nh\u00e2n l\u1ef1c, \u0111\u1ed9ng c\u01a1 diesel m\u00e3 l\u1ef1c l\u1edbn th\u01b0\u1eddng \u0111\u01b0\u1ee3c kh\u1edfi \u0111\u1ed9ng th\u00f4ng qua h\u1ed9p \u0111i\u1ec7n. B\u1ea1n c\u00f3 th\u1ec3 kh\u1edfi \u0111\u1ed9ng m\u00e1y k\u00e9o b\u1eb1ng tay m\u1ed9t c\u00e1ch d\u1ec5 d\u00e0ng ch\u1ec9 b\u1eb1ng ch\u00eca kh\u00f3a. V\u00ec v\u1eady, v\u1edbi \u01b0u \u0111i\u1ec3m l\u00e0 d\u1ec5 s\u1eed d\u1ee5ng, gi\u00e1 r\u1ebb, c\u00f3 th\u1ec3 k\u1ebft h\u1ee3p v\u1edbi nhi\u1ec1u lo\u1ea1i m\u00e1y n\u00ean \u0111\u01b0\u1ee3c nhi\u1ec1u n\u01b0\u1edbc \u0111\u00f3n nh\u1eadn. <\/p>    <figure class=\"wp-block-image size-full\"><img loading=\"lazy\" decoding=\"async\" width=\"720\" height=\"540\" src=\"https:\/\/taizyfarmequipment.com\/wp-content\/uploads\/2022\/02\/walking-tractor-2.jpg\" alt=\"\" class=\"wp-image-2604\" srcset=\"https:\/\/taizyfarmequipment.com\/wp-content\/uploads\/2022\/02\/walking-tractor-2.jpg 720w, https:\/\/taizyfarmequipment.com\/wp-content\/uploads\/2022\/02\/walking-tractor-2-300x225.jpg 300w\" sizes=\"auto, (max-width: 720px) 100vw, 720px\" \/><figcaption class=\"wp-element-caption\">M\u00e1y k\u00e9o \u0111i b\u1ed9<\/figcaption><\/figure>    <h2 class=\"wp-block-heading\" id=\"h-what-equipment-can-work-with-a-walking-tractor\">Thi\u1ebft b\u1ecb n\u00e0o c\u00f3 th\u1ec3 ho\u1ea1t \u0111\u1ed9ng v\u1edbi m\u00e1y k\u00e9o \u0111i b\u1ed9?<\/h2>    <p class=\"translation-block\">C\u00f3 c\u00e1c lo\u1ea1i nh\u01b0 m\u00e1y x\u1edbi \u0111\u1ea5t, m\u00e1y l\u00ean lu\u1ed1ng, m\u00e1y \u0111\u00e0o r\u00e3nh, m\u00e1y gieo ng\u00f4, m\u00e1y gieo h\u1ea1t b\u1eafp, l\u01b0\u1ee1i c\u00e0y, l\u01b0\u1ee1i c\u00e0y \u0111\u00f4i, l\u01b0\u1ee1i c\u00e0y \u0111\u0129a, m\u00e1y b\u01a1m, m\u00e1y c\u1eaft c\u1ecf, b\u00e1nh l\u1ed9i b\u00f9n, r\u01a1 mo\u00f3c, m\u00e1y g\u1eb7t, m\u00e1y thu ho\u1ea1ch khoai t\u00e2y, <a href=\"https:\/\/www.agriculture-machine.com\/peanut-harvester\/\" target=\"_blank\" rel=\"noopener\">m\u00e1y thu ho\u1ea1ch \u0111\u1eadu ph\u1ed9ng<\/a>, v.v... c\u00f3 th\u1ec3 l\u00e0m vi\u1ec7c v\u1edbi m\u00e1y k\u00e9o \u0111i b\u1ed9. B\u1ea1n c\u00f3 th\u1ec3 ch\u1ecdn b\u1ea5t k\u1ef3 thi\u1ebft b\u1ecb n\u00f4ng nghi\u1ec7p n\u00e0o \u1edf tr\u00ean \u0111\u1ec3 k\u1ebft h\u1ee3p v\u1edbi m\u00e1y k\u00e9o th\u1ee7 c\u00f4ng. Ch\u00fang t\u00f4i c\u0169ng s\u1ebd gi\u1edbi thi\u1ec7u cho b\u1ea1n lo\u1ea1i m\u00e1y k\u00e9o tay ph\u00f9 h\u1ee3p theo nhu c\u1ea7u c\u1ee7a b\u1ea1n.<\/p>    <figure class=\"wp-block-image size-full is-resized\"><img loading=\"lazy\" decoding=\"async\" src=\"https:\/\/taizyfarmequipment.com\/wp-content\/uploads\/2022\/02\/small-tractor-_02_14_2022-1.jpg\" alt=\"t\u1eadp tin \u0111\u00ednh k\u00e8m v\u1edbi m\u00e1y k\u00e9o \u0111i b\u1ed9\" class=\"wp-image-2609\" width=\"720\" height=\"541\" title=\"t\u1eadp tin \u0111\u00ednh k\u00e8m v\u1edbi m\u00e1y k\u00e9o \u0111i b\u1ed9\" srcset=\"https:\/\/taizyfarmequipment.com\/wp-content\/uploads\/2022\/02\/small-tractor-_02_14_2022-1.jpg 720w, https:\/\/taizyfarmequipment.com\/wp-content\/uploads\/2022\/02\/small-tractor-_02_14_2022-1-300x225.jpg 300w\" sizes=\"auto, (max-width: 720px) 100vw, 720px\" \/><figcaption class=\"wp-element-caption\">t\u1eadp tin \u0111\u00ednh k\u00e8m v\u1edbi m\u00e1y k\u00e9o \u0111i b\u1ed9<\/figcaption><\/figure>    <figure class=\"wp-block-image size-full is-resized\"><img loading=\"lazy\" decoding=\"async\" src=\"https:\/\/taizyfarmequipment.com\/wp-content\/uploads\/2022\/02\/small-tractor1_02_14_2022-1.jpg\" alt=\"ph\u1ee5 ki\u1ec7n k\u00e8m theo m\u00e1y k\u00e9o hai b\u00e1nh\" class=\"wp-image-2610\" width=\"720\" height=\"540\" title=\"ph\u1ee5 ki\u1ec7n k\u00e8m theo m\u00e1y k\u00e9o hai b\u00e1nh\" srcset=\"https:\/\/taizyfarmequipment.com\/wp-content\/uploads\/2022\/02\/small-tractor1_02_14_2022-1.jpg 720w, https:\/\/taizyfarmequipment.com\/wp-content\/uploads\/2022\/02\/small-tractor1_02_14_2022-1-300x225.jpg 300w\" sizes=\"auto, (max-width: 720px) 100vw, 720px\" \/><figcaption class=\"wp-element-caption\">ph\u1ee5 ki\u1ec7n k\u00e8m theo m\u00e1y k\u00e9o hai b\u00e1nh<\/figcaption><\/figure>    <h2 class=\"wp-block-heading\" id=\"what-type-of-fields-can-two-wheel-walking-tractor-work-on\">M\u00e1y k\u00e9o \u0111i b\u1ed9 hai b\u00e1nh c\u00f3 th\u1ec3 l\u00e0m vi\u1ec7c tr\u00ean lo\u1ea1i ru\u1ed9ng n\u00e0o?<\/h2>    <p>Kh\u1ea3 n\u0103ng \u1ee9ng d\u1ee5ng c\u1ee7a m\u00e1y k\u00e9o \u0111i b\u1ed9 hai b\u00e1nh r\u1ea5t r\u1ed9ng. V\u00ec v\u1eady, n\u00f3 c\u00f3 th\u1ec3 ho\u1ea1t \u0111\u1ed9ng trong t\u1ea5t c\u1ea3 c\u00e1c lo\u1ea1i tr\u01b0\u1eddng. V\u00ed d\u1ee5, canh t\u00e1c \u1edf \u0111\u1ed3ng b\u1eb1ng, n\u00fai, \u0111\u1ed3i, c\u00e1nh \u0111\u1ed3ng l\u00faa, \u0111\u1ea5t kh\u00f4, v\u01b0\u1eddn c\u00e2y v\u00e0 v\u01b0\u1eddn rau. Nh\u1eefng g\u00ec kh\u00e1c v\u1edbi c\u00e1c m\u00e1y m\u00f3c n\u00f4ng nghi\u1ec7p t\u01b0\u01a1ng \u1ee9ng, m\u1ed9t m\u00e1y k\u00e9o tay \u0111i b\u1ed9 c\u00f3 th\u1ec3 th\u1ef1c hi\u1ec7n c\u00e1c ho\u1ea1t \u0111\u1ed9ng kh\u00e1c nhau nh\u01b0 c\u00e0y, l\u00e0m \u0111\u1ea5t quay, thu ho\u1ea1ch, gieo, ch\u01a1i tr\u00ean c\u00e1nh \u0111\u1ed3ng v\u00e0 b\u01a1m n\u01b0\u1edbc.<\/p>    <h2 class=\"wp-block-heading\" id=\"structure-of-walk-behind-tractor\">C\u1ea5u tr\u00fac \u0111i b\u1ed9 ph\u00eda sau m\u00e1y k\u00e9o<\/h2>    <p>M\u00e1y k\u00e9o \u0111i sau ch\u1ee7 y\u1ebfu bao g\u1ed3m khung, \u0111\u1ed9ng c\u01a1 diesel, h\u1ec7 th\u1ed1ng truy\u1ec1n \u0111\u1ed9ng, thi\u1ebft b\u1ecb \u0111i b\u1ed9, h\u1ec7 th\u1ed1ng l\u00e1i, phanh v\u00e0 c\u01a1 c\u1ea5u v\u1eadn h\u00e0nh. M\u00e1y k\u00e9o Farmhand c\u0169ng l\u00e0 lo\u1ea1i m\u00e1y \u0111i b\u1ed9 \u0111a n\u0103ng, ch\u1ee7 y\u1ebfu \u0111\u01b0\u1ee3c s\u1eed d\u1ee5ng \u0111\u1ec3 k\u00e9o v\u00e0 v\u1eadn chuy\u1ec3n.<\/p>    <figure class=\"wp-block-gallery has-nested-images columns-default is-cropped wp-block-gallery-2 is-layout-flex wp-block-gallery-is-layout-flex\"> <figure class=\"wp-block-image size-large\"><img loading=\"lazy\" decoding=\"async\" width=\"720\" height=\"540\" data-id=\"2611\" src=\"https:\/\/taizyfarmequipment.com\/wp-content\/uploads\/2022\/02\/\u7ed3\u67841_720_540.jpg\" alt=\"m\u00e1y k\u00e9o \u0111i b\u1ed9 \u0111\u01a1n gi\u1ea3n\" class=\"wp-image-2611\" title=\"m\u00e1y k\u00e9o \u0111i b\u1ed9 \u0111\u01a1n gi\u1ea3n\" srcset=\"https:\/\/taizyfarmequipment.com\/wp-content\/uploads\/2022\/02\/\u7ed3\u67841_720_540.jpg 720w, https:\/\/taizyfarmequipment.com\/wp-content\/uploads\/2022\/02\/\u7ed3\u67841_720_540-300x225.jpg 300w\" sizes=\"auto, (max-width: 720px) 100vw, 720px\" \/><\/figure>    <figure class=\"wp-block-image size-large\"><img loading=\"lazy\" decoding=\"async\" width=\"720\" height=\"540\" data-id=\"2612\" src=\"https:\/\/taizyfarmequipment.com\/wp-content\/uploads\/2022\/02\/\u7ed3\u67842_720_540.jpg\" alt=\"\u0111i ph\u00eda sau m\u00e1y k\u00e9o\" class=\"wp-image-2612\" title=\"\u0111i ph\u00eda sau m\u00e1y k\u00e9o\" srcset=\"https:\/\/taizyfarmequipment.com\/wp-content\/uploads\/2022\/02\/\u7ed3\u67842_720_540.jpg 720w, https:\/\/taizyfarmequipment.com\/wp-content\/uploads\/2022\/02\/\u7ed3\u67842_720_540-300x225.jpg 300w\" sizes=\"auto, (max-width: 720px) 100vw, 720px\" \/><\/figure> <figcaption class=\"blocks-gallery-caption wp-element-caption\">C\u1ea5u tr\u00fac \u0111i b\u1ed9 ph\u00eda sau m\u00e1y k\u00e9o<\/figcaption><\/figure>    <h2 class=\"wp-block-heading\" id=\"how-does-a-walking-tractor-with-attachments-work\">M\u00e1y k\u00e9o \u0111i b\u1ed9 c\u00f3 ph\u1ee5 ki\u1ec7n ho\u1ea1t \u0111\u1ed9ng nh\u01b0 th\u1ebf n\u00e0o?<\/h2>    <p>M\u00e1y k\u00e9o \u0111i b\u1ed9\u00a0c\u00f3 c\u00e1c ph\u1ee5 ki\u1ec7n \u0111i k\u00e8m\u00a0c\u00f3 th\u1ec3 di chuy\u1ec3n b\u1eb1ng s\u1ee9c m\u1ea1nh c\u1ee7a \u0111\u1ed9ng c\u01a1 \u0111\u1ed1t trong th\u00f4ng qua h\u1ec7 th\u1ed1ng truy\u1ec1n \u0111\u1ed9ng. C\u00e1c b\u00e1nh d\u1eabn \u0111\u1ed9ng s\u1ebd \u0111\u1ea9y m\u00e1y k\u00e9o v\u1ec1 ph\u00eda tr\u01b0\u1edbc b\u1eb1ng c\u00e1ch t\u1ea1o m\u1ed9t l\u1ef1c v\u1ec1 ph\u00eda sau cho m\u1eb7t \u0111\u1ea5t th\u00f4ng qua m\u1eb7t l\u1ed1p v\u00e0 b\u1ec1 m\u1eb7t l\u1ed1p. Ng\u01b0\u1eddi l\u00e1i gi\u1eef khung lan can \u0111\u1ec3 k\u00e9o ho\u1eb7c d\u1eabn \u0111\u1ed9ng c\u00e1c n\u00f4ng c\u1ee5 h\u1ed7 tr\u1ee3 v\u1eadn h\u00e0nh.<\/p>    <p>N\u0103ng l\u01b0\u1ee3ng \u0111\u01b0\u1ee3c truy\u1ec1n t\u1edbi b\u1ed9 truy\u1ec1n \u0111\u1ed9ng b\u1eb1ng d\u00e2y \u0111ai ch\u1eef V. V\u00e0 b\u1ed9 ly h\u1ee3p\u00a0\u0111i\u1ec1u khi\u1ec3n\u00a0t\u1ed1c \u0111\u1ed9 c\u1ee7a s\u1ee9c m\u1ea1nh. H\u1ed9p s\u1ed1 \u0111\u01b0\u1ee3c chuy\u1ec3n s\u1ed1.<\/p>    <p>C\u01a1 c\u1ea5u v\u1eadn h\u00e0nh \u0111\u01b0\u1ee3c g\u1eafn tr\u00ean tay v\u1ecbn \u0111\u1ec3 \u0111i\u1ec1u khi\u1ec3n ga, sang s\u1ed1, l\u00e1i, phanh v\u00e0 c\u00f4ng su\u1ea5t.<\/p>    <h2 class=\"wp-block-heading\" id=\"working-video-of-walking-behind-tractor\">Video ho\u1ea1t \u0111\u1ed9ng \u0111i b\u1ed9 ph\u00eda sau m\u00e1y k\u00e9o<\/h2>    <figure class=\"wp-block-embed is-type-video is-provider-youtube wp-block-embed-youtube wp-embed-aspect-16-9 wp-has-aspect-ratio\"><div class=\"wp-block-embed__wrapper\"> <iframe loading=\"lazy\" title=\"B\u1ea1n c\u00f3 th\u1ec3 l\u00e0m g\u00ec v\u1edbi m\u00e1y k\u00e9o \u0111i b\u1ed9?#m\u00e1y k\u00e9o \u0111i b\u1ed9, m\u00e1y c\u00e0y #, m\u00e1y k\u00e9o hai b\u00e1nh #\" width=\"500\" height=\"281\" src=\"https:\/\/www.youtube.com\/embed\/fxYFIychRc4?feature=oembed\" frameborder=\"0\" allow=\"accelerometer; autoplay; clipboard-write; encrypted-media; gyroscope; picture-in-picture; web-share\" referrerpolicy=\"strict-origin-when-cross-origin\" allowfullscreen><\/iframe> <\/div><\/figure>    <h2 class=\"wp-block-heading\" id=\"parameter-of-walking-tractor-with-plough\">Th\u00f4ng s\u1ed1 c\u1ee7a m\u00e1y k\u00e9o \u0111i b\u1ed9 c\u00f3 m\u00e1y c\u00e0y<\/h2>    <figure class=\"wp-block-table\"><table><tbody><tr><td>Ng\u01b0\u1eddi m\u1eabu<\/td><td>15HP<\/td><\/tr><tr><td>M\u00f4 h\u00ecnh \u0111\u1ed9ng c\u01a1<\/td><td>ZS1100<\/td><\/tr><tr><td>C\u00e1ch l\u00e0m m\u00e1t<\/td><td>Bay h\u01a1i\/ng\u01b0ng t\u1ee5<\/td><\/tr><tr><td>K\u00edch th\u01b0\u1edbc<\/td><td>2680\u00d7960\u00d71250mm<\/td><\/tr><tr><td>Kho\u1ea3ng c\u00e1ch t\u1ed1i thi\u1ec3u<\/td><td>185mm<\/td><\/tr><tr><td>\u0110\u1ebf b\u00e1nh xe<\/td><td>580-600mm<\/td><\/tr><tr><td>C\u00e2n n\u1eb7ng<\/td><td>350kg<\/td><\/tr><tr><td>Ph\u01b0\u01a1ng ph\u00e1p b\u1eaft \u0111\u1ea7u<\/td><td>kh\u1edfi \u0111\u1ed9ng b\u1eb1ng tay\/kh\u1edfi \u0111\u1ed9ng b\u1eb1ng \u0111i\u1ec7n<\/td><\/tr><\/tbody><\/table><figcaption class=\"wp-element-caption\">Th\u00f4ng s\u1ed1 c\u1ee7a m\u00e1y k\u00e9o \u0111i b\u1ed9 c\u00f3 m\u00e1y c\u00e0y<\/figcaption><\/figure>    <h2 class=\"wp-block-heading\" id=\"advantages-of-two-wheel-walk-behind-tractor\">\u01afu \u0111i\u1ec3m c\u1ee7a vi\u1ec7c \u0111i b\u1ed9 b\u1eb1ng hai b\u00e1nh ph\u00eda sau m\u00e1y k\u00e9o<\/h2>    <ol class=\"wp-block-list\" type=\"1\"> <li>C\u1ea5u tr\u00fac \u0111\u01a1n gi\u1ea3n v\u00e0 nh\u1ecf g\u1ecdn, v\u1eadn h\u00e0nh nh\u1eb9 nh\u00e0ng v\u00e0 linh ho\u1ea1t. M\u00e1y k\u00e9o \u0111i b\u1ed9 hai b\u00e1nh ph\u00eda sau n\u00e0y c\u00f3 di\u1ec7n t\u00edch t\u1ed5ng th\u1ec3 nh\u1ecf. V\u00e0 n\u00f3 c\u00f3 th\u1ec3 di chuy\u1ec3n linh ho\u1ea1t tr\u00ean hi\u1ec7n tr\u01b0\u1eddng.<\/li>    <li>Tr\u1ecdng l\u01b0\u1ee3ng nh\u1eb9, kh\u1edfi \u0111\u1ed9ng d\u1ec5 d\u00e0ng v\u00e0 m\u1ee9c ti\u00eau th\u1ee5 nhi\u00ean li\u1ec7u th\u1ea5p. Ph\u01b0\u01a1ng ph\u00e1p kh\u1edfi \u0111\u1ed9ng c\u00f3 th\u1ec3 l\u00e0 kh\u1edfi \u0111\u1ed9ng b\u1eb1ng tay ho\u1eb7c kh\u1edfi \u0111\u1ed9ng b\u1eb1ng \u0111i\u1ec7n. C\u1ea3 hai ph\u01b0\u01a1ng ph\u00e1p \u0111\u1ec1u d\u1ec5 d\u00e0ng.<\/li>    <li>\u0110\u1ed9 tin c\u1eady t\u1ed1t, b\u1ea3o tr\u00ec thu\u1eadn ti\u1ec7n, kh\u1ea3 n\u0103ng v\u01b0\u1ee3t qua t\u1ed1t v\u00e0 kh\u1ea3 n\u0103ng th\u00edch \u1ee9ng m\u1ea1nh m\u1ebd.<\/li>    <li>M\u00e1y k\u00e9o \u0111i b\u1ed9 c\u00f3 ph\u1ee5 t\u00f9ng c\u00f3 th\u1ec3 k\u00e9o r\u01a1-mo\u00f3c \u0111\u1ec3 v\u1eadn chuy\u1ec3n trong qu\u00e3ng \u0111\u01b0\u1eddng ng\u1eafn. Ngo\u00e0i ra m\u00e1y k\u00e9o b\u1eb1ng tay c\u00f2n \u0111\u01b0\u1ee3c trang b\u1ecb h\u1ec7 th\u1ed1ng chi\u1ebfu s\u00e1ng v\u00e0 c\u00f3 th\u1ec3 l\u00e1i v\u00e0o ban \u0111\u00eam.<\/li> <\/ol>    <figure class=\"wp-block-gallery has-nested-images columns-default is-cropped wp-block-gallery-3 is-layout-flex wp-block-gallery-is-layout-flex\"> <figure class=\"wp-block-image size-large\"><img loading=\"lazy\" decoding=\"async\" width=\"720\" height=\"540\" data-id=\"2607\" src=\"https:\/\/taizyfarmequipment.com\/wp-content\/uploads\/2022\/02\/manual-tractor.jpg\" alt=\"\" class=\"wp-image-2607\" srcset=\"https:\/\/taizyfarmequipment.com\/wp-content\/uploads\/2022\/02\/manual-tractor.jpg 720w, https:\/\/taizyfarmequipment.com\/wp-content\/uploads\/2022\/02\/manual-tractor-300x225.jpg 300w\" sizes=\"auto, (max-width: 720px) 100vw, 720px\" \/><\/figure>    <figure class=\"wp-block-image size-large\"><img loading=\"lazy\" decoding=\"async\" width=\"720\" height=\"540\" data-id=\"2608\" src=\"https:\/\/taizyfarmequipment.com\/wp-content\/uploads\/2022\/02\/two-wheel-tractor-.jpg\" alt=\"\" class=\"wp-image-2608\" srcset=\"https:\/\/taizyfarmequipment.com\/wp-content\/uploads\/2022\/02\/two-wheel-tractor-.jpg 720w, https:\/\/taizyfarmequipment.com\/wp-content\/uploads\/2022\/02\/two-wheel-tractor--300x225.jpg 300w\" sizes=\"auto, (max-width: 720px) 100vw, 720px\" \/><\/figure> <figcaption class=\"blocks-gallery-caption wp-element-caption\">hai b\u00e1nh \u0111i ph\u00eda sau m\u00e1y k\u00e9o<\/figcaption><\/figure>","protected":false},"excerpt":{"rendered":"<p>M\u00e1y k\u00e9o \u0111i b\u1ed9 hai b\u00e1nh c\u00f3 g\u1eafn ph\u1ee5 ki\u1ec7n l\u00e0 thi\u1ebft b\u1ecb c\u00f3 th\u1ec3 ho\u1ea1t \u0111\u1ed9ng v\u1edbi nhi\u1ec1u lo\u1ea1i m\u00e1y m\u00f3c n\u00f4ng nghi\u1ec7p kh\u00e1c nhau.<\/p>","protected":false},"author":1,"featured_media":2603,"parent":0,"template":"","tags":[223,224,222,225],"product-type":[135],"class_list":["post-2562","product","type-product","status-publish","has-post-thumbnail","hentry","tag-two-wheel-walking-tractor","tag-walk-behind-tractor","tag-walking-tractor","tag-walking-tractor-with-plough","product-type-manual-tractor"],"_links":{"self":[{"href":"https:\/\/taizyfarmequipment.com\/vi\/wp-json\/wp\/v2\/product\/2562","targetHints":{"allow":["GET"]}}],"collection":[{"href":"https:\/\/taizyfarmequipment.com\/vi\/wp-json\/wp\/v2\/product"}],"about":[{"href":"https:\/\/taizyfarmequipment.com\/vi\/wp-json\/wp\/v2\/types\/product"}],"author":[{"embeddable":true,"href":"https:\/\/taizyfarmequipment.com\/vi\/wp-json\/wp\/v2\/users\/1"}],"wp:featuredmedia":[{"embeddable":true,"href":"https:\/\/taizyfarmequipment.com\/vi\/wp-json\/wp\/v2\/media\/2603"}],"wp:attachment":[{"href":"https:\/\/taizyfarmequipment.com\/vi\/wp-json\/wp\/v2\/media?parent=2562"}],"wp:term":[{"taxonomy":"post_tag","embeddable":true,"href":"https:\/\/taizyfarmequipment.com\/vi\/wp-json\/wp\/v2\/tags?post=2562"},{"taxonomy":"product-type","embeddable":true,"href":"https:\/\/taizyfarmequipment.com\/vi\/wp-json\/wp\/v2\/product-type?post=2562"}],"curies":[{"name":"wp","href":"https:\/\/api.w.org\/{rel}","templated":true}]}}