{"id":2565,"date":"2022-03-24T10:05:46","date_gmt":"2022-03-24T10:05:46","guid":{"rendered":"https:\/\/taizyfarmequipment.com\/"},"modified":"2025-11-26T17:23:34","modified_gmt":"2025-11-26T09:23:34","slug":"may-gieo-hat-lua-mi","status":"publish","type":"product","link":"https:\/\/taizyfarmequipment.com\/vi\/product\/wheat-seed-planter\/","title":{"rendered":"M\u00e1y gieo h\u1ea1t l\u00faa m\u00ec k\u1ebft h\u1ee3p m\u00e1y gieo h\u1ea1t l\u00faa m\u00ec"},"content":{"rendered":"<div class=\"kk-star-ratings kksr-auto kksr-align-left kksr-valign-top\"     data-payload='{&quot;align&quot;:&quot;left&quot;,&quot;id&quot;:&quot;2565&quot;,&quot;slug&quot;:&quot;default&quot;,&quot;valign&quot;:&quot;top&quot;,&quot;ignore&quot;:&quot;&quot;,&quot;reference&quot;:&quot;auto&quot;,&quot;class&quot;:&quot;&quot;,&quot;count&quot;:&quot;19&quot;,&quot;legendonly&quot;:&quot;&quot;,&quot;readonly&quot;:&quot;&quot;,&quot;score&quot;:&quot;4.8&quot;,&quot;starsonly&quot;:&quot;&quot;,&quot;best&quot;:&quot;5&quot;,&quot;gap&quot;:&quot;5&quot;,&quot;greet&quot;:&quot;Rate this product&quot;,&quot;legend&quot;:&quot;4.8\\\/5 - (19 b\u00ecnh ch\u1ecdn)&quot;,&quot;size&quot;:&quot;24&quot;,&quot;title&quot;:&quot;Wheat seed planter with fertilizer wheat planting machine&quot;,&quot;width&quot;:&quot;136.7&quot;,&quot;_legend&quot;:&quot;{score}\\\/{best} - ({count} {votes})&quot;,&quot;font_factor&quot;:&quot;1.25&quot;}'>              <div class=\"kksr-stars\">      <div class=\"kksr-stars-inactive\">             <div class=\"kksr-star\" data-star=\"1\" style=\"padding-right: 5px\">               <div class=\"kksr-icon\" style=\"width: 24px; height: 24px;\"><\/div>         <\/div>             <div class=\"kksr-star\" data-star=\"2\" style=\"padding-right: 5px\">               <div class=\"kksr-icon\" style=\"width: 24px; height: 24px;\"><\/div>         <\/div>             <div class=\"kksr-star\" data-star=\"3\" style=\"padding-right: 5px\">               <div class=\"kksr-icon\" style=\"width: 24px; height: 24px;\"><\/div>         <\/div>             <div class=\"kksr-star\" data-star=\"4\" style=\"padding-right: 5px\">               <div class=\"kksr-icon\" style=\"width: 24px; height: 24px;\"><\/div>         <\/div>             <div class=\"kksr-star\" data-star=\"5\" style=\"padding-right: 5px\">               <div class=\"kksr-icon\" style=\"width: 24px; height: 24px;\"><\/div>         <\/div>     <\/div>      <div class=\"kksr-stars-active\" style=\"width: 136.7px;\">             <div class=\"kksr-star\" style=\"padding-right: 5px\">               <div class=\"kksr-icon\" style=\"width: 24px; height: 24px;\"><\/div>         <\/div>             <div class=\"kksr-star\" style=\"padding-right: 5px\">               <div class=\"kksr-icon\" style=\"width: 24px; height: 24px;\"><\/div>         <\/div>             <div class=\"kksr-star\" style=\"padding-right: 5px\">               <div class=\"kksr-icon\" style=\"width: 24px; height: 24px;\"><\/div>         <\/div>             <div class=\"kksr-star\" style=\"padding-right: 5px\">               <div class=\"kksr-icon\" style=\"width: 24px; height: 24px;\"><\/div>         <\/div>             <div class=\"kksr-star\" style=\"padding-right: 5px\">               <div class=\"kksr-icon\" style=\"width: 24px; height: 24px;\"><\/div>         <\/div>     <\/div> <\/div>                   <div class=\"kksr-legend\" style=\"font-size: 19.2px;\">             4.8\/5 - (19 l\u01b0\u1ee3t b\u00ecnh ch\u1ecdn)    <\/div>     <\/div>  <p>V\u1edbi vi\u1ec7c t\u1ef1 \u0111\u1ed9ng h\u00f3a s\u1ea3n xu\u1ea5t n\u00f4ng nghi\u1ec7p, vi\u1ec7c s\u1eed d\u1ee5ng m\u00e1y tr\u1ed3ng l\u00faa m\u00ec ng\u00e0y c\u00e0ng tr\u1edf n\u00ean ph\u1ed5 bi\u1ebfn. V\u00e0 v\u00ec ng\u01b0\u1eddi d\u00e2n ch\u1ee7 y\u1ebfu tr\u1ed3ng l\u00faa m\u00ec \u1edf v\u00f9ng \u0111\u1ed3ng b\u1eb1ng v\u00e0 \u0111\u1ed3i n\u00fai n\u00ean di\u1ec7n t\u00edch tr\u1ed3ng tr\u1ecdt r\u1ea5t l\u1edbn. V\u00ec v\u1eady, n\u1ebfu ng\u01b0\u1eddi ta tr\u1ed3ng l\u00faa m\u00ec th\u00ec hi\u1ec7u qu\u1ea3 th\u1ea5p v\u00e0 c\u01b0\u1eddng \u0111\u1ed9 lao \u0111\u1ed9ng cao. Ngo\u00e0i ra, hi\u1ec7u qu\u1ea3 c\u1ee7a vi\u1ec7c tr\u1ed3ng tr\u1ecdt c\u00f3 th\u1ec3 kh\u00f4ng \u0111\u00e1p \u1ee9ng \u0111\u01b0\u1ee3c mong \u0111\u1ee3i c\u1ee7a ng\u01b0\u1eddi d\u00e2n.<\/p>    <p class=\"translation-block\">M\u00e1y gieo h\u1ea1t l\u00faa m\u00ec r\u1ea5t hi\u1ec7u qu\u1ea3 v\u00e0 ti\u1ebft ki\u1ec7m, v\u1edbi ch\u1ea5t l\u01b0\u1ee3ng gieo h\u1ea1t t\u1ed1t v\u00e0 hi\u1ec7u su\u1ea5t cao, gi\u00fap ti\u1ebft ki\u1ec7m nhi\u1ec1u th\u1eddi gian v\u00e0 c\u00f4ng s\u1ee9c cho ng\u01b0\u1eddi d\u00f9ng. Ch\u00fang t\u00f4i c\u0169ng c\u00f3 <a href=\"https:\/\/www.agriculture-machine.com\/multifunctional-thresher-mt-860-for-corn-wheat-sorghum-rice\/\" target=\"_blank\" rel=\"noopener\">m\u00e1y tu\u1ed1t l\u00faa m\u00ec<\/a> \u0111\u1ec3 ti\u1ebft ki\u1ec7m th\u1eddi gian v\u00e0 c\u00f4ng s\u1ee9c. <\/p>    <h2 class=\"wp-block-heading\" id=\"h-brief-introduction-of-the-wheat-planter\">Gi\u1edbi thi\u1ec7u t\u00f3m t\u1eaft v\u1ec1 m\u00e1y tr\u1ed3ng l\u00faa m\u00ec<\/h2>    <p>M\u00e1y tr\u1ed3ng l\u00faa m\u00ec l\u00e0 m\u1ed9t lo\u1ea1i thi\u1ebft b\u1ecb c\u01a1 kh\u00ed gieo h\u1ea1t l\u00faa m\u00ec xu\u1ed1ng \u0111\u1ea5t th\u00f4ng qua h\u1ec7 th\u1ed1ng c\u01a1 gi\u1edbi gieo tr\u1ed3ng. V\u00e0 m\u00e1y tr\u1ed3ng l\u00faa m\u00ec th\u00edch h\u1ee3p \u0111\u1ec3 b\u00f3n ph\u00e2n v\u00e0 gieo h\u1ea1t l\u00faa m\u00ec \u1edf v\u00f9ng \u0111\u1ed3ng b\u1eb1ng v\u00e0 \u0111\u1ed3i n\u00fai. Ngo\u00e0i ra, n\u00f3 c\u00f3 c\u00e1c \u0111\u1eb7c \u0111i\u1ec3m v\u1ec1 hi\u1ec7u su\u1ea5t chung t\u1ed1t, ph\u1ea1m vi \u1ee9ng d\u1ee5ng r\u1ed9ng v\u00e0 gieo h\u1ea1t \u0111\u1ed3ng \u0111\u1ec1u. <\/p>    <p>M\u00e1y tr\u1ed3ng l\u00faa m\u00ec th\u00edch h\u1ee3p v\u1eadn h\u00e0nh tr\u1ef1c ti\u1ebfp sau khi x\u1edbi \u0111\u1ea5t quay, kh\u00f4ng c\u1ea7n chu\u1ea9n b\u1ecb \u0111\u1ea5t, ti\u1ebft ki\u1ec7m th\u1eddi gian v\u00e0 c\u00f4ng s\u1ee9c. M\u1ed9t thao t\u00e1c duy nh\u1ea5t c\u00f3 th\u1ec3 ho\u00e0n th\u00e0nh c\u00e1c c\u00f4ng vi\u1ec7c nh\u01b0 san l\u1ea5p m\u1eb7t b\u1eb1ng, k\u1ebft h\u1ee3p \u0111\u1ed9 \u1ea9m, gieo h\u1ea1t, che ph\u1ee7, n\u00e9n v\u00e0 d\u1ef1ng c\u00e1c \u0111\u01b0\u1eddng vi\u1ec1n d\u1ecdc.<\/p>    <p class=\"translation-block\">M\u00e1y k\u00e9o s\u1ebd cung c\u1ea5p ngu\u1ed3n l\u1ef1c cho m\u00e1y gieo h\u1ea1t l\u00faa m\u00ec th\u00f4ng qua h\u1ec7 th\u1ed1ng treo ba \u0111i\u1ec3m. Theo nhu c\u1ea7u c\u1ee7a kh\u00e1ch h\u00e0ng, ch\u1ee7 y\u1ebfu c\u00f3 c\u00e1c lo\u1ea1i 12 h\u00e0ng, 14 h\u00e0ng, 16 h\u00e0ng v\u00e0 20 h\u00e0ng. Ch\u00fang t\u00f4i c\u0169ng c\u00f3 c\u00e1c m\u1eabu kh\u00e1c \u0111\u1ec3 \u0111\u00e1p \u1ee9ng nhu c\u1ea7u gieo tr\u1ed3ng kh\u00e1c nhau. Ch\u00fang t\u00f4i c\u0169ng c\u00f3 th\u1ec3 k\u1ebft h\u1ee3p m\u00e1y v\u1edbi c\u00e1c ch\u1ee9c n\u0103ng kh\u00e1c nh\u01b0 c\u00e0y x\u1edbi quay v\u00e0 b\u00f3n ph\u00e2n \u0111\u1ec3 \u0111\u00e1p \u1ee9ng c\u00e1c y\u00eau c\u1ea7u kh\u00e1c nhau c\u1ee7a b\u1ea1n. Ngo\u00e0i ra, ch\u00fang t\u00f4i c\u00f3 <a href=\"https:\/\/www.agriculture-machine.com\/multifunctional-thresher-mt-860-for-corn-wheat-sorghum-rice\/\" target=\"_blank\" rel=\"noopener\">m\u00e1y tu\u1ed1t \u0111a ch\u1ee9c n\u0103ng<\/a> c\u00f3 th\u1ec3 gi\u00fap n\u00f4ng d\u00e2n ti\u1ebft ki\u1ec7m nhi\u1ec1u n\u0103ng l\u01b0\u1ee3ng.  <\/p>    <figure class=\"wp-block-gallery has-nested-images columns-2 is-cropped wp-block-gallery-2 is-layout-flex wp-block-gallery-is-layout-flex\"> <figure class=\"wp-block-image size-large\"><img loading=\"lazy\" decoding=\"async\" width=\"720\" height=\"540\" data-id=\"3071\" src=\"https:\/\/taizyfarmequipment.com\/wp-content\/uploads\/2022\/03\/wheat-planting-machine1.jpg\" alt=\"m\u00e1y tr\u1ed3ng l\u00faa m\u00ec\" class=\"wp-image-3071\" title=\"m\u00e1y tr\u1ed3ng l\u00faa m\u00ec\"\/><figcaption class=\"wp-element-caption\">m\u00e1y tr\u1ed3ng l\u00faa m\u00ec<\/figcaption><\/figure>    <figure class=\"wp-block-image size-large\"><img loading=\"lazy\" decoding=\"async\" width=\"720\" height=\"540\" data-id=\"3073\" src=\"https:\/\/taizyfarmequipment.com\/wp-content\/uploads\/2022\/03\/three-row-wheat-planter1.jpg\" alt=\"m\u00e1y tr\u1ed3ng l\u00faa m\u00ec ba h\u00e0ng\" class=\"wp-image-3073\" title=\"m\u00e1y tr\u1ed3ng l\u00faa m\u00ec ba h\u00e0ng\"\/><figcaption class=\"wp-element-caption\">m\u00e1y tr\u1ed3ng l\u00faa m\u00ec ba h\u00e0ng<\/figcaption><\/figure> <figcaption class=\"blocks-gallery-caption wp-element-caption\">ng\u01b0\u1eddi tr\u1ed3ng l\u00faa m\u00ec<\/figcaption><\/figure>    <h2 class=\"wp-block-heading\" id=\"structure-of-the-multi-row-wheat-seed-planter\">C\u1ea5u t\u1ea1o c\u1ee7a m\u00e1y gieo h\u1ea1t l\u00faa m\u00ec nhi\u1ec1u h\u00e0ng<\/h2>    <p>M\u00e1y tr\u1ed3ng l\u00faa m\u00ec bao g\u1ed3m khung, h\u1ed9p gieo h\u1ea1t, h\u1ed9p ph\u00e2n b\u00f3n, d\u1ee5ng c\u1ee5 m\u1edf \u0111\u0129a, tr\u1ed1ng quay \u00e9p, t\u1ea5m ph\u1ee7 \u0111\u1ea5t v\u00e0 nh\u1eefng th\u1ee9 t\u01b0\u01a1ng t\u1ef1.<\/p>    <p>Khung s\u1eed d\u1ee5ng c\u00e1c \u1ed1ng vu\u00f4ng ch\u1ea5t l\u01b0\u1ee3ng cao, k\u1ebft n\u1ed1i t\u1ea5t c\u1ea3 c\u00e1c b\u1ed9 ph\u1eadn ch\u1ee9c n\u0103ng. V\u00e0 ch\u00fang t\u00f4i k\u1ebft n\u1ed1i n\u00f3 v\u1edbi m\u00e1y k\u00e9o th\u00f4ng qua tay treo tr\u00ean v\u00e0 d\u01b0\u1edbi c\u1ee7a khung. D\u1ef1a v\u00e0o \u0111i\u1ec1u khi\u1ec3n n\u00e2ng m\u00e1y k\u00e9o \u0111\u1ec3 ho\u00e0n th\u00e0nh vi\u1ec7c tr\u1ed3ng v\u00e0 chuy\u1ec3n l\u00f4.<\/p>    <p>(1) Khung ch\u1ee7 y\u1ebfu l\u00e0 lo\u1ea1i d\u1ea7m \u0111\u01a1n. Ch\u00fang t\u00f4i s\u1ebd c\u00e0i \u0111\u1eb7t t\u1ea5t c\u1ea3 c\u00e1c b\u1ed9 ph\u1eadn ho\u1ea1t \u0111\u1ed9ng tr\u00ean \u0111\u00f3 v\u00e0 h\u1ed7 tr\u1ee3 to\u00e0n b\u1ed9 m\u00e1y.<\/p>    <p>(2) Th\u00e0nh ph\u1ea7n gieo h\u1ea1t. M\u1ed9t thi\u1ebft b\u1ecb \u0111o h\u1ea1t gi\u1ed1ng c\u01a1 h\u1ecdc ho\u1eb7c kh\u00ed n\u00e9n \u0111\u01b0\u1ee3c k\u1ebft n\u1ed1i v\u1edbi h\u1ed9p gieo h\u1ea1t c\u00f3 th\u1ec3 gieo h\u1ea1t ch\u00ednh x\u00e1c. N\u00f3 k\u1ebft n\u1ed1i v\u1edbi m\u1ed9t d\u1ee5ng c\u1ee5 c\u1ea1o h\u1ea1t v\u00e0 d\u1ee5ng c\u1ee5 \u0111\u1ea9y h\u1ea1t c\u00f3 th\u1ec3 \u0111i\u1ec1u ch\u1ec9nh \u0111\u01b0\u1ee3c.<\/p>    <p>(3) C\u00e1c b\u1ed9 ph\u1eadn x\u1ea3 ph\u00e2n b\u00f3n, bao g\u1ed3m h\u1ed9p x\u1ea3, thi\u1ebft b\u1ecb x\u1ea3, \u1ed1ng ph\u00e2n b\u00f3n v\u00e0 d\u1ee5ng c\u1ee5 m\u1edf ph\u00e2n b\u00f3n.<\/p>    <p>(4) C\u00e1c b\u1ed9 ph\u1eadn l\u00e0m \u0111\u1ea5t. N\u00f3 bao g\u1ed3m m\u1ed9t m\u00e1y m\u1edf m\u01b0\u01a1ng, l\u1edbp ph\u1ee7 \u0111\u1ea5t, b\u00e1nh xe \u0111\u1ecbnh h\u00ecnh, b\u00e1nh xe \u00e9p, b\u00e1nh xe \u00e9p h\u1ea1t, c\u01a1 c\u1ea5u li\u00ean k\u1ebft c\u1ee7a n\u00f3, v.v.<\/p>    <figure class=\"wp-block-image size-full is-resized\"><img loading=\"lazy\" decoding=\"async\" width=\"720\" height=\"540\" src=\"https:\/\/taizyfarmequipment.com\/wp-content\/uploads\/2022\/03\/wheat-planters-structure-.jpg\" alt=\"C\u1ea5u tr\u00fac c\u1ee7a m\u00e1y gieo h\u1ea1t l\u00faa m\u00ec nhi\u1ec1u h\u00e0ng\" class=\"wp-image-3078\" style=\"width:720px;height:540px\" title=\"C\u1ea5u tr\u00fac c\u1ee7a m\u00e1y gieo h\u1ea1t l\u00faa m\u00ec nhi\u1ec1u h\u00e0ng\"\/><figcaption class=\"wp-element-caption\">C\u1ea5u tr\u00fac c\u1ee7a m\u00e1y gieo h\u1ea1t l\u00faa m\u00ec nhi\u1ec1u h\u00e0ng<\/figcaption><\/figure>    <h2 class=\"wp-block-heading\" id=\"work-flow-of-the-wheat-planting-machine\">Quy tr\u00ecnh l\u00e0m vi\u1ec7c c\u1ee7a m\u00e1y tr\u1ed3ng l\u00faa m\u00ec<\/h2>    <p>M\u00e1y k\u00e9o k\u00e9o thi\u1ebft b\u1ecb gieo h\u1ea1t v\u00e0 b\u00f3n ph\u00e2n c\u1ee7a m\u00e1y tr\u1ed3ng l\u00faa m\u00ec \u0111\u1ec3 b\u00f3n ph\u00e2n v\u00e0 gieo h\u1ea1t tr\u00ean \u0111\u1ea5t.<\/p>    <p>\u0110\u1ea7u ti\u00ean, m\u00e1y k\u00e9o d\u1eabn \u0111\u1ed9ng m\u00e1y x\u1edbi \u0111\u1ea5t \u0111\u1ec3 m\u1edf \u0111\u1ea5t, \u1ed1ng ph\u00e2n b\u00f3n \u0111i v\u00e0o m\u00e1y m\u1edf \u0111\u1ec3 b\u1eaft \u0111\u1ea7u b\u00f3n ph\u00e2n cho r\u00e3nh \u0111\u00e3 m\u1edf s\u1eb5n. Sau \u0111\u00f3 n\u00f3 k\u00edch ho\u1ea1t thi\u1ebft b\u1ecb gieo h\u1ea1t \u0111\u1ec3 gieo xu\u1ed1ng \u0111\u1ea5t. Sau \u0111\u00f3, b\u00e1nh xe n\u00e9n s\u1ebd n\u1edbi l\u1ecfng \u0111\u1ea5t trong r\u00e3nh v\u00e0 n\u00e9n ch\u1eb7t \u0111\u1ec3 ho\u00e0n th\u00e0nh thao t\u00e1c tr\u1ed3ng l\u00faa m\u00ec.<\/p>    <h2 class=\"wp-block-heading\" id=\"parameter-of-the-6-rows-wheat-planter\">Th\u00f4ng s\u1ed1 c\u1ee7a m\u00e1y tr\u1ed3ng l\u00faa m\u00ec 6 h\u00e0ng<\/h2>    <figure class=\"wp-block-table\"><table><tbody><tr><td>K\u00edch th\u01b0\u1edbc (mm)<\/td><td>Tr\u1ecdng l\u01b0\u1ee3ng (kg)<\/td><td>Hp<\/td><td>s\u1ed1 h\u00e0ng<\/td><td>Th\u1ec3 t\u00edch h\u1ed9p gieo h\u1ea1t (L)<\/td><td>Th\u1ec3 t\u00edch th\u00f9ng ph\u00e2n b\u00f3n (L)<\/td><td>Hi\u1ec7u su\u1ea5t l\u00e0m vi\u1ec7c thu\u1ea7n t\u00fay (hm\u00b2\/h)<\/td><\/tr><tr><td><br>1650*3600*1300<\/td><td>900<\/td><td>85hp-130hp<\/td><td>6<\/td><td>20*6<\/td><td>390<\/td><td>1-1.2<\/td><\/tr><\/tbody><\/table><figcaption class=\"wp-element-caption\">Th\u00f4ng s\u1ed1 c\u1ee7a m\u00e1y tr\u1ed3ng l\u00faa m\u00ec<\/figcaption><\/figure>    <h2 class=\"wp-block-heading\" id=\"advantages-of-the-wheat-planter-equipment\">\u01afu \u0111i\u1ec3m c\u1ee7a thi\u1ebft b\u1ecb tr\u1ed3ng l\u00faa m\u00ec<\/h2>    <ol class=\"wp-block-list\"> <li>\u0110\u1ea3m b\u1ea3o ph\u00e2n ph\u1ed1i h\u1ea1t gi\u1ed1ng h\u1ee3p l\u00fd nh\u1ea5t tr\u00ean \u0111\u1ed3ng ru\u1ed9ng v\u00e0 s\u1ed1 l\u01b0\u1ee3ng gieo h\u1ea1t ch\u00ednh x\u00e1c.<\/li>    <li>\u0110\u1ed9 s\u00e2u gieo h\u1ea1t nh\u01b0 nhau, t\u1ea1o \u0111i\u1ec1u ki\u1ec7n t\u1ed1t nh\u1ea5t cho h\u1ea1t sinh tr\u01b0\u1edfng v\u00e0 ph\u00e1t tri\u1ec3n. V\u00ec v\u1eady, n\u00f3 c\u00f3 th\u1ec3 ti\u1ebft ki\u1ec7m r\u1ea5t nhi\u1ec1u h\u1ea1t gi\u1ed1ng, gi\u1ea3m s\u1ee9c lao \u0111\u1ed9ng c\u1ee7a c\u00e2y con tr\u00ean \u0111\u1ed3ng ru\u1ed9ng v\u00e0 \u0111\u1ea3m b\u1ea3o n\u0103ng su\u1ea5t c\u00e2y tr\u1ed3ng \u1ed5n \u0111\u1ecbnh v\u00e0 cao.<\/li>    <li>Kho\u1ea3ng c\u00e1ch h\u00e0ng \u1ed5n \u0111\u1ecbnh, che ph\u1ee7 t\u1ed1t \u0111\u1ea5t, ti\u1ebft ki\u1ec7m h\u1ea1t gi\u1ed1ng, hi\u1ec7u qu\u1ea3 c\u00f4ng vi\u1ec7c cao.<\/li> <\/ol>    <h2 class=\"wp-block-heading\" id=\"features-of-the-multi-rows-wheat-planter\">\u0110\u1eb7c \u0111i\u1ec3m c\u1ee7a m\u00e1y tr\u1ed3ng l\u00faa m\u00ec nhi\u1ec1u h\u00e0ng <\/h2>    <ol class=\"wp-block-list\"> <li>Hai b\u1ed9 \u0111\u0129a c\u00f3 r\u00e3nh l\u00e0 m\u1ed9t t\u1eadp h\u1ee3p c\u00e1c th\u00e2n k\u1ebft n\u1ed1i v\u00e0 ch\u00fang ta c\u00f3 th\u1ec3 m\u00f4 ph\u1ecfng t\u1eebng \u0111\u0129a ri\u00eang l\u1ebb.<\/li>    <li>\u0110\u1ea7u tr\u00ean c\u1ee7a m\u1ed7i \u0111\u0129a m\u01b0\u01a1ng \u0111\u1ec1u c\u00f3 tay c\u1ea7m \u0111i\u1ec1u ch\u1ec9nh r\u1ea5t ti\u1ec7n l\u1ee3i v\u00e0 nhanh ch\u00f3ng.<\/li>    <li>\u0110\u1ec3 \u0111\u1ea3m b\u1ea3o \u0111\u1ed9 s\u00e2u \u0111\u1ed3ng nh\u1ea5t ch\u00fang t\u00f4i trang b\u1ecb \u0111\u0129a m\u01b0\u01a1ng tr\u00ean m\u00e1y.<\/li>    <li>C\u00f3 b\u1ed9 tay c\u1ea7m \u0111i\u1ec1u ch\u1ec9nh b\u00e1nh nghi\u1ec1n \u0111\u1ea5t v\u00e0 t\u1ea5m ph\u1ee7 \u0111\u1ea5t r\u1ea5t ti\u1ec7n l\u1ee3i v\u00e0 nhanh ch\u00f3ng. M\u1ed7i b\u1ed9 t\u1ea5m ph\u1ee7 \u0111\u01b0\u1ee3c cung c\u1ea5p m\u1ed9t b\u1ed9 l\u00f2 xo. Chi\u1ec1u r\u1ed9ng b\u1eb1ng chi\u1ec1u r\u1ed9ng c\u00e2y con, kho\u1ea3ng c\u00e1ch nh\u1ecf, t\u00e1c d\u1ee5ng che ph\u1ee7 \u0111\u1ea5t v\u00e0 tr\u1ea5n \u00e1p t\u1ed1t.<\/li>    <li>Ch\u00f9m tia m\u1edf r\u1ed9ng r\u1ea5t d\u1ec5 c\u00e0i \u0111\u1eb7t v\u00e0 s\u1eed d\u1ee5ng.<\/li> <\/ol>    <figure class=\"wp-block-gallery has-nested-images columns-default is-cropped wp-block-gallery-3 is-layout-flex wp-block-gallery-is-layout-flex\"> <figure class=\"wp-block-image size-large\"><img loading=\"lazy\" decoding=\"async\" width=\"720\" height=\"540\" data-id=\"3075\" src=\"https:\/\/taizyfarmequipment.com\/wp-content\/uploads\/2022\/03\/grain-planter-.jpg\" alt=\"ng\u01b0\u1eddi tr\u1ed3ng ng\u0169 c\u1ed1c\" class=\"wp-image-3075\" title=\"ng\u01b0\u1eddi tr\u1ed3ng ng\u0169 c\u1ed1c\"\/><figcaption class=\"wp-element-caption\">ng\u01b0\u1eddi tr\u1ed3ng ng\u0169 c\u1ed1c<\/figcaption><\/figure>    <figure class=\"wp-block-image size-large\"><img loading=\"lazy\" decoding=\"async\" width=\"720\" height=\"540\" data-id=\"3076\" src=\"https:\/\/taizyfarmequipment.com\/wp-content\/uploads\/2022\/03\/manufacture-of-wheat-planter1.jpg\" alt=\"s\u1ea3n xu\u1ea5t m\u00e1y tr\u1ed3ng l\u00faa\" class=\"wp-image-3076\" title=\"s\u1ea3n xu\u1ea5t m\u00e1y tr\u1ed3ng l\u00faa\"\/><figcaption class=\"wp-element-caption\">s\u1ea3n xu\u1ea5t m\u00e1y tr\u1ed3ng l\u00faa<\/figcaption><\/figure> <\/figure>    <h2 class=\"wp-block-heading\" id=\"maintenance-of-wheat-planter-with-fertilizer\">B\u1ea3o d\u01b0\u1ee1ng c\u00e2y l\u00faa b\u1eb1ng ph\u00e2n b\u00f3n<\/h2>    <p>Vi\u1ec7c s\u1eed d\u1ee5ng ch\u1eadu tr\u1ed3ng c\u00e2y c\u00f3 t\u00ednh th\u1eddi v\u1ee5 m\u1ea1nh m\u1ebd. Vi\u1ec7c b\u1ea3o tr\u00ec thi\u1ebft b\u1ecb nh\u1eb1m m\u1ee5c \u0111\u00edch l\u00e0m cho thi\u1ebft b\u1ecb lu\u00f4n \u1edf tr\u1ea1ng th\u00e1i ho\u1ea1t \u0111\u1ed9ng t\u1ed1t, gi\u1ea3m thi\u1ec3u h\u1ecfng h\u00f3c v\u00e0 n\u00e2ng cao hi\u1ec7u qu\u1ea3 c\u00f4ng vi\u1ec7c.<\/p>    <p> 1. Khi m\u00e1y ch\u1ea1y t\u1ed1c \u0111\u1ed9 cao tr\u00ean \u0111\u01b0\u1eddng ph\u1ea3i kh\u00f3a xe n\u00e2ng m\u00e1y k\u00e9o. Nghi\u00eam c\u1ea5m l\u00e1i xe b\u1eb1ng c\u00e1ch k\u00e9o m\u00e1y.<\/p>    <p>2. Ki\u1ec3m tra t\u1ea5t c\u1ea3 c\u00e1c \u1ed1c v\u00edt v\u00e0 \u0111\u1ea7u n\u1ed1i tr\u01b0\u1edbc khi tr\u1ed3ng. N\u1ebfu c\u00f3 l\u1ecfng l\u1ebbo, h\u00e3y th\u1eaft ch\u1eb7t k\u1ecbp th\u1eddi.<\/p>    <p>3. Trong qu\u00e1 tr\u00ecnh v\u1eadn h\u00e0nh, ng\u01b0\u1eddi v\u1eadn h\u00e0nh ph\u1ea3i tu\u00e2n th\u1ee7 nghi\u00eam ng\u1eb7t c\u00e1c quy tr\u00ecnh v\u1eadn h\u00e0nh an to\u00e0n \u0111\u1ec3 gi\u1ea3m thi\u1ec3u hao m\u00f2n kh\u00f4ng \u0111\u00e1ng c\u00f3 tr\u00ean m\u00e1y.<\/p>    <p>4. Sau m\u1ed7i ca, ch\u00fang ta n\u00ean lo\u1ea1i b\u1ecf \u0111\u1ea5t tr\u00ean t\u1ea5t c\u1ea3 c\u00e1c b\u1ed9 ph\u1eadn c\u1ee7a m\u00e1y.<\/p>    <p>5. Th\u01b0\u1eddng xuy\u00ean ki\u1ec3m tra chuy\u1ec3n \u0111\u1ed9ng c\u1ee7a t\u1eebng c\u1eb7p quay. N\u1ebfu hao m\u00f2n nghi\u00eam tr\u1ecdng, ch\u00fang ta n\u00ean thay th\u1ebf c\u00e1c b\u1ed9 ph\u1eadn t\u01b0\u01a1ng \u1ee9ng k\u1ecbp th\u1eddi. V\u00e0 s\u01a1n c\u00e1c b\u1ed9 ph\u1eadn b\u1ecb t\u01b0\u1edbc.<\/p>    <p>6. Sau m\u1ed7i m\u00f9a s\u1eed d\u1ee5ng, ch\u00fang ta n\u00ean v\u1ec7 sinh v\u00e0 b\u1ea3o qu\u1ea3n k\u1ecbp th\u1eddi. H\u00e3y nh\u1edb r\u1eeda s\u1ea1ch ph\u00e2n b\u00f3n, ki\u1ec3m tra t\u1ea5t c\u1ea3 c\u00e1c b\u1ed9 ph\u1eadn v\u00e0 th\u00eam d\u1ea7u ch\u1ed1ng g\u1ec9. V\u00e0 sau \u0111\u00f3 \u0111\u1eb7t n\u00f3 v\u00e0o kho.<\/p>","protected":false},"excerpt":{"rendered":"<p>Ng\u01b0\u1eddi tr\u1ed3ng l\u00faa m\u00ec c\u00f3 th\u1ec3 gieo h\u1ea1t l\u00faa m\u00ec th\u00f4ng qua h\u1ec7 th\u1ed1ng c\u01a1 gi\u1edbi gieo tr\u1ed3ng. Th\u00edch h\u1ee3p tr\u1ed3ng \u1edf v\u00f9ng \u0111\u1ed3ng b\u1eb1ng v\u00e0 v\u00f9ng \u0111\u1ed3i n\u00fai.<\/p>","protected":false},"author":1,"featured_media":3070,"parent":0,"template":"","tags":[],"product-type":[235],"class_list":["post-2565","product","type-product","status-publish","has-post-thumbnail","hentry","product-type-planter"],"_links":{"self":[{"href":"https:\/\/taizyfarmequipment.com\/vi\/wp-json\/wp\/v2\/product\/2565","targetHints":{"allow":["GET"]}}],"collection":[{"href":"https:\/\/taizyfarmequipment.com\/vi\/wp-json\/wp\/v2\/product"}],"about":[{"href":"https:\/\/taizyfarmequipment.com\/vi\/wp-json\/wp\/v2\/types\/product"}],"author":[{"embeddable":true,"href":"https:\/\/taizyfarmequipment.com\/vi\/wp-json\/wp\/v2\/users\/1"}],"wp:featuredmedia":[{"embeddable":true,"href":"https:\/\/taizyfarmequipment.com\/vi\/wp-json\/wp\/v2\/media\/3070"}],"wp:attachment":[{"href":"https:\/\/taizyfarmequipment.com\/vi\/wp-json\/wp\/v2\/media?parent=2565"}],"wp:term":[{"taxonomy":"post_tag","embeddable":true,"href":"https:\/\/taizyfarmequipment.com\/vi\/wp-json\/wp\/v2\/tags?post=2565"},{"taxonomy":"product-type","embeddable":true,"href":"https:\/\/taizyfarmequipment.com\/vi\/wp-json\/wp\/v2\/product-type?post=2565"}],"curies":[{"name":"wp","href":"https:\/\/api.w.org\/{rel}","templated":true}]}}