{"id":2577,"date":"2022-03-21T09:20:48","date_gmt":"2022-03-21T09:20:48","guid":{"rendered":"https:\/\/taizyfarmequipment.com\/"},"modified":"2025-11-26T13:45:47","modified_gmt":"2025-11-26T05:45:47","slug":"may-ep-rom-hinh-vuong","status":"publish","type":"product","link":"https:\/\/taizyfarmequipment.com\/vi\/product\/square-straw-baler-machine\/","title":{"rendered":"M\u00e1y k\u00e9o k\u00e9o m\u00e1y \u0111\u00f3ng ki\u1ec7n r\u01a1m vu\u00f4ng \u4e28m\u00e1y \u0111\u00f3ng ki\u1ec7n tr\u00f2n"},"content":{"rendered":"<div class=\"kk-star-ratings kksr-auto kksr-align-left kksr-valign-top\"     data-payload='{&quot;align&quot;:&quot;left&quot;,&quot;id&quot;:&quot;2577&quot;,&quot;slug&quot;:&quot;default&quot;,&quot;valign&quot;:&quot;top&quot;,&quot;ignore&quot;:&quot;&quot;,&quot;reference&quot;:&quot;auto&quot;,&quot;class&quot;:&quot;&quot;,&quot;count&quot;:&quot;25&quot;,&quot;legendonly&quot;:&quot;&quot;,&quot;readonly&quot;:&quot;&quot;,&quot;score&quot;:&quot;4.7&quot;,&quot;starsonly&quot;:&quot;&quot;,&quot;best&quot;:&quot;5&quot;,&quot;gap&quot;:&quot;5&quot;,&quot;greet&quot;:&quot;Rate this product&quot;,&quot;legend&quot;:&quot;4.7\\\/5 - (25 b\u00ecnh ch\u1ecdn)&quot;,&quot;size&quot;:&quot;24&quot;,&quot;title&quot;:&quot;Tractor towing square straw strapping baler machine\u4e28round pickup baler&quot;,&quot;width&quot;:&quot;133.8&quot;,&quot;_legend&quot;:&quot;{score}\\\/{best} - ({count} {votes})&quot;,&quot;font_factor&quot;:&quot;1.25&quot;}'>              <div class=\"kksr-stars\">      <div class=\"kksr-stars-inactive\">             <div class=\"kksr-star\" data-star=\"1\" style=\"padding-right: 5px\">               <div class=\"kksr-icon\" style=\"width: 24px; height: 24px;\"><\/div>         <\/div>             <div class=\"kksr-star\" data-star=\"2\" style=\"padding-right: 5px\">               <div class=\"kksr-icon\" style=\"width: 24px; height: 24px;\"><\/div>         <\/div>             <div class=\"kksr-star\" data-star=\"3\" style=\"padding-right: 5px\">               <div class=\"kksr-icon\" style=\"width: 24px; height: 24px;\"><\/div>         <\/div>             <div class=\"kksr-star\" data-star=\"4\" style=\"padding-right: 5px\">               <div class=\"kksr-icon\" style=\"width: 24px; height: 24px;\"><\/div>         <\/div>             <div class=\"kksr-star\" data-star=\"5\" style=\"padding-right: 5px\">               <div class=\"kksr-icon\" style=\"width: 24px; height: 24px;\"><\/div>         <\/div>     <\/div>      <div class=\"kksr-stars-active\" style=\"width: 133.8px;\">             <div class=\"kksr-star\" style=\"padding-right: 5px\">               <div class=\"kksr-icon\" style=\"width: 24px; height: 24px;\"><\/div>         <\/div>             <div class=\"kksr-star\" style=\"padding-right: 5px\">               <div class=\"kksr-icon\" style=\"width: 24px; height: 24px;\"><\/div>         <\/div>             <div class=\"kksr-star\" style=\"padding-right: 5px\">               <div class=\"kksr-icon\" style=\"width: 24px; height: 24px;\"><\/div>         <\/div>             <div class=\"kksr-star\" style=\"padding-right: 5px\">               <div class=\"kksr-icon\" style=\"width: 24px; height: 24px;\"><\/div>         <\/div>             <div class=\"kksr-star\" style=\"padding-right: 5px\">               <div class=\"kksr-icon\" style=\"width: 24px; height: 24px;\"><\/div>         <\/div>     <\/div> <\/div>                   <div class=\"kksr-legend\" style=\"font-size: 19.2px;\">             4.7\/5 - (25 l\u01b0\u1ee3t b\u00ecnh ch\u1ecdn)    <\/div>     <\/div>  <p>Ng\u00e0y nay, h\u1ea7u h\u1ebft n\u00f4ng d\u00e2n s\u1eed d\u1ee5ng m\u00e1y \u0111\u00f3ng ki\u1ec7n v\u00e0 \u0111\u00f3ng \u0111ai r\u01a1m vu\u00f4ng \u0111\u1ec3 thu gom \u0111\u1ed3ng c\u1ecf kh\u00f4 v\u00e0 xanh, l\u00faa, l\u00faa m\u00ec v\u00e0 th\u00e2n c\u00e2y ng\u00f4. V\u00e0 m\u00e1y \u0111\u00f3ng ki\u1ec7n cu\u1ed1ng c\u00f3 \u0111\u1eb7c \u0111i\u1ec3m c\u1ea5u tr\u00fac nh\u1ecf g\u1ecdn, v\u1eadn h\u00e0nh thu\u1eadn ti\u1ec7n v\u00e0 \u0111\u1ed9 tin c\u1eady cao. V\u00ec v\u1eady ki\u1ec7n \u0111\u01b0\u1ee3c h\u00ecnh th\u00e0nh l\u00e0 nh\u1ecf v\u00e0 g\u1ecdn, ki\u1ec7n b\u00ean trong l\u1ecfng l\u1ebbo v\u00e0 b\u00ean ngo\u00e0i ch\u1eb7t ch\u1ebd. V\u00e0, ki\u1ec7n c\u00f3 kh\u1ea3 n\u0103ng tho\u00e1ng kh\u00ed t\u1ed1t, d\u1ec5 v\u1eadn chuy\u1ec3n v\u00e0 b\u1ea3o qu\u1ea3n.<\/p>    <h2 class=\"wp-block-heading has-theme-palette-4-color has-text-color\" id=\"h-brief-introduction-of-straw-picking-and-baling-machine\">Gi\u1edbi thi\u1ec7u s\u01a1 l\u01b0\u1ee3c v\u1ec1 m\u00e1y h\u00e1i v\u00e0 \u0111\u00f3ng ki\u1ec7n r\u01a1m<\/h2>    <p class=\"translation-block\">Taizy c\u1ee7a ch\u00fang t\u00f4i \u0111\u00e3 s\u1ea3n xu\u1ea5t hai lo\u1ea1i m\u00e1y c\u1eaft v\u00e0 cu\u1ed1n th\u1ee9c \u0103n ch\u0103n nu\u00f4i. M\u1ed9t l\u00e0 m\u00e1y cu\u1ed1n r\u01a1m vu\u00f4ng 9YFQ-2.2 v\u00e0 m\u1ed9t lo\u1ea1i kh\u00e1c l\u00e0 m\u00e1y cu\u1ed1n tr\u00f2n ST-70*100 nh\u1eb7t r\u01a1m. C\u1ea3 hai m\u00e1y \u0111\u1ec1u c\u00f3 th\u1ec3 nghi\u1ec1n, thu nh\u1eb7t v\u00e0 cu\u1ed1n c\u00e1c lo\u1ea1i th\u00e2n c\u00e2y kh\u00e1c nhau. Ch\u00fang l\u00e0 thi\u1ebft b\u1ecb chuy\u00ean d\u1ee5ng v\u00e0 ph\u1ea3i l\u00e0m vi\u1ec7c c\u00f9ng v\u1edbi m\u00e1y k\u00e9o \u0111\u1ec3 ho\u00e0n th\u00e0nh vi\u1ec7c nh\u1eb7t v\u00e0 bu\u1ed9c th\u1ee9c \u0103n ch\u0103n nu\u00f4i, \u0111\u1eadu n\u00e0nh, r\u01a1m l\u00faa, l\u00faa m\u00ec v\u00e0 c\u00e1c th\u00e2n c\u00e2y n\u00f4ng s\u1ea3n kh\u00e1c. H\u00ecnh d\u1ea1ng r\u01a1m th\u00e0nh ph\u1ea9m c\u00f3 th\u1ec3 l\u00e0 tr\u00f2n ho\u1eb7c vu\u00f4ng. Ngo\u00e0i hai lo\u1ea1i m\u00e1y cu\u1ed1n th\u1ee9c \u0103n ch\u0103n nu\u00f4i n\u00e0y, ch\u00fang t\u00f4i c\u00f2n c\u00f3 <a href=\"https:\/\/taizyfarmequipment.com\/vi\/san-pham\/may-dong-kien-tron-u-chua\/\">m\u00e1y cu\u1ed1n th\u1ee9c \u0103n ch\u0103n nu\u00f4i<\/a> ch\u1ec9 c\u00f3 th\u1ec3 cu\u1ed1n v\u1eadt li\u1ec7u \u0111\u00e3 nghi\u1ec1n v\u00e0 kh\u00f4ng th\u1ec3 di chuy\u1ec3n tr\u00ean \u0111\u1ed3ng ru\u1ed9ng. V\u00ec v\u1eady, ch\u00fang ta n\u00ean c\u1eaft v\u1eadt li\u1ec7u qua <a href=\"https:\/\/www.agriculture-machine.com\/4-15t-h-grass-cutting-machine-cutting-wet-grass-grass-cutter\/\" target=\"_blank\" rel=\"noopener\">m\u00e1y c\u1eaft c\u1ecf<\/a> tr\u01b0\u1edbc khi s\u1eed d\u1ee5ng m\u00e1y cu\u1ed1n th\u1ee9c \u0103n ch\u0103n nu\u00f4i n\u00e0y. V\u00e0 \u0111o\u1ea1n n\u00e0y ch\u1ee7 y\u1ebfu n\u00f3i v\u1ec1 m\u00e1y c\u1eaft v\u00e0 cu\u1ed1n th\u1ee9c \u0103n ch\u0103n nu\u00f4i d\u1ea1ng vu\u00f4ng v\u00e0 tr\u00f2n. <\/p>    <p>Vi\u1ec7c ph\u1ed5 bi\u1ebfn v\u00e0 s\u1eed d\u1ee5ng nh\u1eefng chi\u1ebfc m\u00e1y n\u00e0y \u0111\u00e3 \u0111\u00f3ng m\u1ed9t vai tr\u00f2 r\u1ea5t l\u1edbn trong vi\u1ec7c gi\u1ea3i quy\u1ebft v\u1ea5n \u0111\u1ec1 t\u00e1i ch\u1ebf r\u01a1m r\u1ea1. V\u00e0 h\u1ecd c\u0169ng c\u00f3 th\u1ec3 c\u1ea3i thi\u1ec7n \u0111i\u1ec1u ki\u1ec7n m\u00f4i tr\u01b0\u1eddng do \u0111\u1ed1t r\u01a1m \u1edf n\u00f4ng th\u00f4n. V\u00e0 n\u00e2ng cao ch\u1ea5t l\u01b0\u1ee3ng s\u1eed d\u1ee5ng r\u01a1m r\u1ea1. Ngo\u00e0i ra, ch\u00fang c\u00f2n l\u00e0 thi\u1ebft b\u1ecb l\u00fd t\u01b0\u1edfng \u0111\u1ec3 thu gom th\u1ee9c \u0103n th\u00f4 xanh, thu gom v\u00e0 b\u00f3 nhi\u00ean li\u1ec7u r\u01a1m r\u1ea1. K\u1ec3 t\u1eeb khi ra m\u1eaft nh\u1eefng chi\u1ebfc m\u00e1y n\u00e0y, ch\u00fang l\u00e0 chi\u1ebfc m\u00e1y \u0111\u01b0\u1ee3c ng\u01b0\u1eddi n\u00f4ng d\u00e2n y\u00eau th\u00edch. V\u00ec v\u1eady, n\u00f3 l\u00e0 m\u1ed9t tr\u1ee3 th\u1ee7 \u0111\u1eafc l\u1ef1c \u0111\u1ec3 ki\u1ebfm ti\u1ec1n.<\/p>    <figure class=\"wp-block-gallery has-nested-images columns-default is-cropped wp-block-gallery-2 is-layout-flex wp-block-gallery-is-layout-flex\"> <figure class=\"wp-block-image size-large\"><img loading=\"lazy\" decoding=\"async\" width=\"720\" height=\"540\" data-id=\"4950\" src=\"https:\/\/taizyfarmequipment.com\/wp-content\/uploads\/2022\/03\/round-straw-cutter-and-baler.webp\" alt=\"m\u00e1y c\u1eaft v\u00e0 \u0111\u00f3ng ki\u1ec7n r\u01a1m tr\u00f2n\" class=\"wp-image-4950\" srcset=\"https:\/\/taizyfarmequipment.com\/wp-content\/uploads\/2022\/03\/round-straw-cutter-and-baler.webp 720w, https:\/\/taizyfarmequipment.com\/wp-content\/uploads\/2022\/03\/round-straw-cutter-and-baler-300x225.webp 300w, https:\/\/taizyfarmequipment.com\/wp-content\/uploads\/2022\/03\/round-straw-cutter-and-baler-16x12.webp 16w\" sizes=\"auto, (max-width: 720px) 100vw, 720px\" \/><figcaption class=\"wp-element-caption\">m\u00e1y c\u1eaft v\u00e0 \u0111\u00f3ng ki\u1ec7n r\u01a1m tr\u00f2n<\/figcaption><\/figure>    <figure class=\"wp-block-image size-large\"><img loading=\"lazy\" decoding=\"async\" width=\"720\" height=\"540\" data-id=\"4951\" src=\"https:\/\/taizyfarmequipment.com\/wp-content\/uploads\/2022\/03\/square-straw-strapping-baler-machine.webp\" alt=\"m\u00e1y \u0111\u00f3ng ki\u1ec7n r\u01a1m vu\u00f4ng\" class=\"wp-image-4951\" srcset=\"https:\/\/taizyfarmequipment.com\/wp-content\/uploads\/2022\/03\/square-straw-strapping-baler-machine.webp 720w, https:\/\/taizyfarmequipment.com\/wp-content\/uploads\/2022\/03\/square-straw-strapping-baler-machine-300x225.webp 300w, https:\/\/taizyfarmequipment.com\/wp-content\/uploads\/2022\/03\/square-straw-strapping-baler-machine-16x12.webp 16w\" sizes=\"auto, (max-width: 720px) 100vw, 720px\" \/><figcaption class=\"wp-element-caption\">m\u00e1y \u0111\u00f3ng ki\u1ec7n r\u01a1m vu\u00f4ng<\/figcaption><\/figure> <\/figure>    <h2 class=\"wp-block-heading has-theme-palette-4-color has-text-color\" id=\"h-what-materials-can-the-tractor-baler-process\">M\u00e1y \u0111\u00f3ng ki\u1ec7n m\u00e1y k\u00e9o c\u00f3 th\u1ec3 x\u1eed l\u00fd nh\u1eefng v\u1eadt li\u1ec7u g\u00ec?<\/h2>    <p>Nh\u1eefng m\u00e1y n\u00e0y c\u00f3 th\u1ec3 x\u1eed l\u00fd \u0111\u1ed3ng c\u1ecf kh\u00f4, xanh, g\u1ea1o, l\u00faa m\u00ec, th\u00e2n c\u00e2y ng\u00f4, th\u1ee9c \u0103n gia s\u00fac, v.v.<\/p>    <h2 class=\"wp-block-heading\">Lo\u1ea1i 1: M\u00e1y \u0111\u00f3ng ki\u1ec7n r\u01a1m vu\u00f4ng<\/h2>    <p>Lo\u1ea1i m\u00e1y c\u1eaft v\u00e0 \u0111\u00f3ng ki\u1ec7n r\u01a1m vu\u00f4ng n\u00e0y c\u00f3 th\u1ec3 \u0111\u00f3ng c\u00e1c lo\u1ea1i r\u01a1m kh\u00e1c nhau th\u00e0nh h\u00ecnh vu\u00f4ng. R\u01a1m vu\u00f4ng n\u00ean ho\u1ea1t \u0111\u1ed9ng v\u1edbi m\u00e1y k\u00e9o. V\u00e0 ngu\u1ed3n \u0111i\u1ec7n s\u1ebd \u0111\u01b0\u1ee3c v\u1eadn chuy\u1ec3n qua PTO. \u0110\u1ed1i v\u1edbi k\u00edch th\u01b0\u1edbc c\u1ee7a m\u00e1y \u0111\u00f3ng ki\u1ec7n th\u00e0nh ph\u1ea9m, m\u00e1y c\u1ee7a ch\u00fang t\u00f4i c\u00f3 th\u1ec3 s\u1ea3n xu\u1ea5t m\u00e1y \u0111\u00f3ng ki\u1ec7n vu\u00f4ng 1100 * 400 * 300mm. C\u00f3 hai lo\u1ea1i v\u1eadt li\u1ec7u \u0111\u01b0\u1ee3c s\u1eed d\u1ee5ng khi \u0111\u00f3ng g\u00f3i m\u00e1y \u0111\u00f3ng ki\u1ec7n nghi\u1ec1n r\u01a1m: d\u00e2y gai v\u00e0 d\u00e2y l\u01b0\u1edbi nh\u1ef1a. M\u00e1y \u0111\u00f3ng ki\u1ec7n b\u0103m r\u01a1m vu\u00f4ng ch\u1ec9 c\u00f3 th\u1ec3 s\u1eed d\u1ee5ng d\u00e2y gai d\u1ea7u.<\/p>    <figure class=\"wp-block-image size-full\"><img loading=\"lazy\" decoding=\"async\" width=\"720\" height=\"540\" src=\"https:\/\/taizyfarmequipment.com\/wp-content\/uploads\/2022\/04\/square-straw-strapping-baler-machine-0.jpg\" alt=\"m\u00e1y \u0111\u00f3ng ki\u1ec7n r\u01a1m vu\u00f4ng \" class=\"wp-image-3207\" title=\"m\u00e1y \u0111\u00f3ng ki\u1ec7n r\u01a1m vu\u00f4ng \"\/><figcaption class=\"wp-element-caption\">m\u00e1y \u0111\u00f3ng ki\u1ec7n r\u01a1m vu\u00f4ng <\/figcaption><\/figure>    <h2 class=\"wp-block-heading has-theme-palette-4-color has-text-color\" id=\"h-structure-of-tractor-towing-square-stalk-baling-machine\">C\u1ea5u t\u1ea1o m\u00e1y k\u00e9o m\u00e1y \u0111\u00f3ng ki\u1ec7n cu\u1ed1ng vu\u00f4ng<\/h2>    <p>M\u00e1y \u0111\u00f3ng ki\u1ec7n v\u00e0 \u0111\u00f3ng \u0111ai r\u01a1m vu\u00f4ng bao g\u1ed3m d\u1ea7m k\u00e9o, m\u00e1y g\u1eafp, b\u0103ng t\u1ea3i tr\u1ee5c v\u00edt, c\u01a1 c\u1ea5u c\u1ea5p li\u1ec7u, p\u00edt-t\u00f4ng, bu\u1ed3ng \u0111\u00f3ng ki\u1ec7n, c\u01a1 c\u1ea5u \u0111\u00f3ng ki\u1ec7n, thi\u1ebft b\u1ecb \u0111i\u1ec1u ch\u1ec9nh m\u1eadt \u0111\u1ed9 ki\u1ec7n v\u00e0 h\u1ec7 th\u1ed1ng truy\u1ec1n \u0111\u1ed9ng.<\/p>    <p>1. \u0110\u1ea7u ti\u00ean, ch\u1ee9c n\u0103ng c\u1ee7a ng\u01b0\u1eddi nh\u1eb7t l\u00e0 nh\u1eb7t nh\u1eefng d\u1ea3i c\u1ecf n\u1eb1m tr\u00ean m\u1eb7t \u0111\u1ea5t. V\u00e0\u00a0sau \u0111\u00f3\u00a0n\u00e2ng b\u1ec7 c\u1ea5p li\u1ec7u l\u00ean. M\u00e1y nh\u1eb7t s\u1eed d\u1ee5ng c\u1ea5u tr\u00fac con l\u0103n c\u00f3 l\u00f2 xo b\u1ed1n h\u00e0ng.<\/p>    <p>2. Th\u1ee9 hai, ch\u1ee9c n\u0103ng c\u1ee7a c\u01a1 c\u1ea5u v\u1eadn chuy\u1ec3n v\u00e0 c\u1ea5p li\u1ec7u l\u00e0 thu th\u1eadp nguy\u00ean li\u1ec7u theo chi\u1ec1u ngang v\u00e0 \u0111\u01b0a ch\u00fang v\u00e0o bu\u1ed3ng \u0111\u00f3ng ki\u1ec7n. C\u01a1 c\u1ea5u v\u1eadn chuy\u1ec3n v\u00e0 c\u1ea5p li\u1ec7u bao g\u1ed3m b\u0103ng t\u1ea3i tr\u1ee5c v\u00edt v\u00e0 c\u01a1 c\u1ea5u n\u0129a c\u1ea5p li\u1ec7u.<\/p>    <p>3. Th\u1ee9 ba, piston v\u00e0 bu\u1ed3ng \u0111\u00f3ng ki\u1ec7n c\u00f3 th\u1ec3 n\u00e9n v\u1eadt li\u1ec7u \u0111\u01b0\u1ee3c \u0111\u01b0a v\u00e0o bu\u1ed3ng \u0111\u00f3ng ki\u1ec7n. V\u00e0 piston l\u00e0 c\u01a1 c\u1ea5u thanh truy\u1ec1n tay quay. Bu\u1ed3ng li\u00ean k\u1ebft l\u00e0 m\u1ed9t khoang h\u00ecnh ch\u1eef nh\u1eadt \u0111\u01b0\u1ee3c h\u00ecnh th\u00e0nh b\u1eb1ng c\u00e1ch h\u00e0n c\u00e1c t\u1ea5m th\u00e9p.<\/p>    <p>4. V\u00e0 b\u1ed9 \u0111i\u1ec1u khi\u1ec3n m\u1eadt \u0111\u1ed9 ki\u1ec7n l\u00e0 \u0111\u1ec3 \u0111i\u1ec1u ch\u1ec9nh m\u1eadt \u0111\u1ed9 ki\u1ec7n. T\u00f9y theo lo\u1ea1i th\u1ee9c \u0103n th\u00f4 xanh v\u00e0 \u0111\u1ed9 \u1ea9m, ng\u01b0\u1eddi v\u1eadn h\u00e0nh c\u00f3 th\u1ec3 \u0111i\u1ec1u ch\u1ec9nh \u0111\u1ed9 c\u0103ng c\u1ee7a l\u00f2 xo \u0111\u1ec3 c\u00f3 \u0111\u01b0\u1ee3c ki\u1ec7n h\u00e0ng ch\u1eb7t v\u1eeba ph\u1ea3i.<\/p>    <figure class=\"wp-block-image size-full\"><img loading=\"lazy\" decoding=\"async\" width=\"720\" height=\"540\" src=\"https:\/\/taizyfarmequipment.com\/wp-content\/uploads\/2022\/03\/square-stalk-baling-machines-structure2-.jpg\" alt=\"c\u1ea5u tr\u00fac c\u1ee7a m\u00e1y \u0111\u00f3ng ki\u1ec7n th\u00e2n vu\u00f4ng \" class=\"wp-image-3019\" title=\"c\u1ea5u tr\u00fac c\u1ee7a m\u00e1y \u0111\u00f3ng ki\u1ec7n th\u00e2n vu\u00f4ng \"\/><figcaption class=\"wp-element-caption\">C\u1ea5u tr\u00fac c\u1ee7a m\u00e1y \u0111\u00f3ng ki\u1ec7n th\u00e2n vu\u00f4ng <\/figcaption><\/figure>    <h2 class=\"wp-block-heading has-theme-palette-4-color has-text-color\" id=\"h-working-principle-of-square-stalk-strapping-and-baling-machine\">Nguy\u00ean l\u00fd ho\u1ea1t \u0111\u1ed9ng c\u1ee7a m\u00e1y \u0111\u00f3ng \u0111ai v\u00e0 \u0111\u00f3ng ki\u1ec7n vu\u00f4ng <\/h2>    <p>M\u00e1y \u0111\u00f3ng \u0111ai v\u00e0 \u0111\u00f3ng ki\u1ec7n r\u01a1m c\u00f3 th\u1ec3 ho\u1ea1t \u0111\u1ed9ng v\u1edbi b\u1ed9t c\u1ee7a m\u00e1y k\u00e9o. V\u00e0 trong qu\u00e1 tr\u00ecnh l\u00e0m vi\u1ec7c tr\u00ean \u0111\u1ed3ng ru\u1ed9ng, r\u0103ng l\u00f2 xo c\u1ee7a ng\u01b0\u1eddi h\u00e1i nh\u1eb7t nh\u1eefng d\u1ea3i c\u1ecf tr\u00ean m\u1eb7t \u0111\u1ea5t. Sau \u0111\u00f3 n\u00e2ng ch\u00fang l\u00ean b\u1ec7 v\u1eadn chuy\u1ec3n v\u00e0 c\u1ea5p li\u1ec7u.<\/p>    <p>Sau \u0111\u00f3, b\u0103ng t\u1ea3i tr\u1ee5c v\u00edt \u0111\u1ed1i x\u1ee9ng ph\u00eda sau m\u00e1y g\u1eafp s\u1ebd \u0111\u1ea9y v\u1eadt li\u1ec7u t\u1eeb c\u1ea3 hai ph\u00eda \u0111\u1ebfn c\u1eeda n\u1ea1p li\u1ec7u.<\/p>    <p>Tr\u1ea1m c\u1ea5p li\u1ec7u s\u1ebd b\u1ed5 sung v\u1eadt li\u1ec7u t\u00edch l\u0169y \u1edf \u0111\u1ea7u c\u1ea5p li\u1ec7u v\u00e0o bu\u1ed3ng \u0111\u00f3ng ki\u1ec7n trong qu\u00e1 tr\u00ecnh l\u00e0m vi\u1ec7c. V\u00e0 d\u01b0\u1edbi t\u00e1c \u0111\u1ed9ng h\u01b0\u1edbng l\u00ean c\u1ee7a piston, v\u1eadt li\u1ec7u d\u1ea7n d\u1ea7n \u0111\u01b0\u1ee3c n\u00e9n ch\u1eb7t trong bu\u1ed3ng \u0111\u00f3ng ki\u1ec7n.<\/p>    <p>Khi chi\u1ec1u d\u00e0i c\u1ee7a ki\u1ec7n \u0111\u1ea1t \u0111\u1ebfn \u0111\u1ed9 d\u00e0i quy \u0111\u1ecbnh. Ly h\u1ee3p c\u01a1 c\u1ea5u \u0111\u00f3ng \u0111ai b\u1eaft \u0111\u1ea7u ho\u1ea1t \u0111\u1ed9ng c\u1ee7a c\u01a1 c\u1ea5u \u0111\u00f3ng \u0111ai. V\u00e0 trong qu\u00e1 tr\u00ecnh l\u00e0m vi\u1ec7c c\u1ee7a ng\u01b0\u1eddi th\u1ee3 th\u1eaft n\u00fat, hai b\u00f3 d\u00e2y bao b\u1ecdc l\u1ea5y ki\u1ec7n h\u00e0ng.<\/p>    <p>Sau \u0111\u00f3 c\u00e1c nguy\u00ean li\u1ec7u ti\u1ebfp theo s\u1ebd \u0111\u1ea9y c\u00e1c ki\u1ec7n \u0111\u01b0\u1ee3c b\u00f3 d\u1ea7n d\u1ea7n ra l\u1ed1i ra c\u1ee7a bu\u1ed3ng \u0111\u00f3ng ki\u1ec7n. Sau \u0111\u00f3 r\u01a1i xu\u1ed1ng \u0111\u1ea5t qua t\u1ea5m \u0111\u00f3ng ki\u1ec7n.<\/p>    <h2 class=\"wp-block-heading\">Th\u00f4ng s\u1ed1 c\u1ee7a m\u00e1y k\u00e9o t\u1ef1 \u0111\u1ed9ng k\u00e9o ki\u1ec7n vu\u00f4ng<\/h2>    <figure class=\"wp-block-table\"><table><tbody><tr><td>Ng\u01b0\u1eddi m\u1eabu<\/td><td>B\u1ed9 ch\u1ecdn v\u1edbi<\/td><td>Lo\u1ea1i c\u1ea5u tr\u00fac b\u1ed9 ch\u1ecdn<\/td><td>Ki\u1ec3u th\u1eaft n\u00fat<\/td><td>S\u1ed1 n\u00fat th\u1eaft<\/td><td>Th\u1eddi gian chuy\u1ec3n \u0111\u1ed9ng t\u1ecbnh ti\u1ebfn c\u1ee7a piston b\u00f3<\/td><td>K\u00edch th\u01b0\u1edbc (mm)<\/td><td>S\u1ee9c m\u1ea1nh h\u1ed7 tr\u1ee3<\/td><\/tr><tr><td>9YFQ-2.2<\/td><td>2240mm<\/td><td>r\u0103ng l\u00f2 xo<\/td><td>D<\/td><td>2<\/td><td>100\/ph\u00fat<\/td><td>4150\u00d72850\u00d71800<\/td><td>\u226536,7kw<\/td><\/tr><\/tbody><\/table><figcaption class=\"wp-element-caption\"> Th\u00f4ng s\u1ed1 c\u1ee7a m\u00e1y k\u00e9o t\u1ef1 \u0111\u1ed9ng k\u00e9o ki\u1ec7n vu\u00f4ng <\/figcaption><\/figure>    <h2 class=\"wp-block-heading\">Lo\u1ea1i 2: M\u00e1y \u0111\u00f3ng ki\u1ec7n nh\u1eb7t v\u00e0 b\u0103m r\u01a1m tr\u00f2n<\/h2>    <p>Lo\u1ea1i m\u00e1y \u0111\u00f3ng ki\u1ec7n r\u01a1m n\u00e0y c\u00f3 th\u1ec3 t\u1ea1o ra nh\u1eefng ki\u1ec7n c\u00f3 cu\u1ed1ng tr\u00f2n. M\u00e1y c\u0169ng c\u1ea7n ph\u1ea3i l\u00e0m vi\u1ec7c v\u1edbi m\u1ed9t m\u00e1y k\u00e9o, c\u00f3 m\u00f3c ba \u0111i\u1ec3m v\u00e0 PTO \u0111\u1ec3 truy\u1ec1n l\u1ef1c \u0111\u1ebfn m\u00e1y g\u1eafp tr\u00f2n v\u00e0 m\u00e1y \u0111\u00f3ng ki\u1ec7n. V\u1ec1 v\u1eadt li\u1ec7u c\u1ea7n \u0111\u00f3ng ki\u1ec7n, m\u00e1y c\u00f3 th\u1ec3 s\u1eed d\u1ee5ng d\u00e2y l\u01b0\u1edbi ho\u1eb7c d\u00e2y gai d\u1ea7u. V\u00e0 k\u00edch th\u01b0\u1edbc c\u1ee7a ki\u1ec7n tr\u00f2n th\u00e0nh ph\u1ea9m l\u00e0 70*100mm. <\/p>    <h2 class=\"wp-block-heading\">C\u1ea5u tr\u00fac c\u1ee7a m\u00e1y c\u1eaft c\u1ecf tr\u00f2n v\u00e0 m\u00e1y \u0111\u00f3ng ki\u1ec7n l\u00e0 g\u00ec?<\/h2>    <p>M\u00e1y c\u1eaft v\u00e0 \u0111\u00f3ng ki\u1ec7n c\u1ecf kh\u00f4 tr\u00f2n ch\u1ee7 y\u1ebfu c\u00f3 xi lanh th\u1ee7y l\u1ef1c, d\u00e2y gai, c\u1ea7n g\u1ea1t khoang chuy\u1ec3n \u0111\u1ed5i, PTO, ch\u1eafn b\u00f9n, v.v. N\u00f3 nh\u1ecf g\u1ecdn v\u00e0 d\u1ec5 v\u1eadn h\u00e0nh.<\/p>    <figure class=\"wp-block-image size-full is-resized\"><img loading=\"lazy\" decoding=\"async\" width=\"720\" height=\"540\" src=\"https:\/\/taizyfarmequipment.com\/wp-content\/uploads\/2022\/04\/round-silage-cutting-and-baling-machine0.jpg\" alt=\"m\u00e1y c\u1eaft v\u00e0 \u0111\u00f3ng ki\u1ec7n tr\u00f2n\" class=\"wp-image-3209\" style=\"width:720px;height:540px\" title=\"m\u00e1y c\u1eaft v\u00e0 \u0111\u00f3ng ki\u1ec7n tr\u00f2n\"\/><figcaption class=\"wp-element-caption\">m\u00e1y c\u1eaft v\u00e0 \u0111\u00f3ng ki\u1ec7n tr\u00f2n<\/figcaption><\/figure>    <h2 class=\"wp-block-heading\">\u0110\u1eb7c \u0111i\u1ec3m k\u1ef9 thu\u1eadt c\u1ee7a m\u00e1y \u0111\u00f3ng ki\u1ec7n c\u1ecf kh\u00f4 tr\u00f2n l\u00e0 g\u00ec?<\/h2>    <figure class=\"wp-block-table\"><table><tbody><tr><td>Ng\u01b0\u1eddi m\u1eabu<\/td><td>STF 70*100<\/td><\/tr><tr><td>C\u00f4ng su\u1ea5t l\u00e0m vi\u1ec7c<\/td><td>0,82-1,3 m\u1eabu Anh<\/td><\/tr><tr><td>K\u00edch c\u1ee1<\/td><td>2300*2200*1450mm<\/td><\/tr><\/tbody><\/table><figcaption class=\"wp-element-caption\">tham s\u1ed1 c\u1ee7a m\u00e1y \u0111\u00f3ng ki\u1ec7n c\u1ecf kh\u00f4 tr\u00f2n<\/figcaption><\/figure>    <h2 class=\"wp-block-heading has-theme-palette-4-color has-text-color\" id=\"h-advantages-of-square-and-round-balers\">\u01afu \u0111i\u1ec3m c\u1ee7a m\u00e1y \u0111\u00f3ng ki\u1ec7n vu\u00f4ng v\u00e0 tr\u00f2n<\/h2>    <p>1. C\u1ea3 hai m\u00e1y \u0111\u1ec1u c\u00f3 hi\u1ec7u su\u1ea5t b\u00f3 cao v\u00e0 m\u1eadt \u0111\u1ed9 cao. V\u00e0 n\u00f3 th\u00edch h\u1ee3p cho vi\u1ec7c \u00e9p \u0111\u00f9n v\u00e0 b\u00f3 th\u00e2n c\u00e2y ng\u00f4, r\u01a1m l\u00faa m\u00ec, r\u01a1m r\u1ea1, \u0111\u1ed3ng c\u1ecf, v.v.<\/p>    <p>2. Ngo\u00e0i ra, n\u00f3 c\u00f3 th\u1ec3 l\u00e0m gi\u1ea3m \u0111\u00e1ng k\u1ec3 di\u1ec7n t\u00edch l\u01b0u tr\u1eef, n\u00e2ng cao n\u0103ng l\u1ef1c v\u1eadn chuy\u1ec3n v\u00e0 gi\u1ea3m kh\u1ea3 n\u0103ng ch\u00e1y n\u1ed5.<\/p>    <p>3. D\u1ec5 d\u00e0ng b\u1ea3o qu\u1ea3n. Kh\u1ed1i l\u01b0\u1ee3ng c\u1ecf\u00a0\u0111\u01b0\u1ee3c b\u00f3\u00a0nh\u1ecf h\u01a1n 2\/3\u00a0so v\u1edbi c\u1ecf kh\u00f4ng \u0111\u00f3ng ki\u1ec7n, \u0111i\u1ec1u n\u00e0y c\u00f3 th\u1ec3 l\u00e0m gi\u1ea3m \u0111\u00e1ng k\u1ec3 di\u1ec7n t\u00edch c\u1ee7a \u0111\u1ed3ng c\u1ecf.<\/p>    <p>4. Thu\u1eadn ti\u1ec7n cho vi\u1ec7c b\u1ed1c x\u1ebfp, v\u1eadn chuy\u1ec3n. Nh\u1eefng m\u00e1y n\u00e0y c\u00f3 th\u1ec3 t\u1eadn d\u1ee5ng t\u1ed1i \u0111a s\u1ee9c ch\u1edf c\u1ee7a ph\u01b0\u01a1ng ti\u1ec7n v\u1eadn t\u1ea3i. V\u00e0 nh\u00ecn chung n\u0103ng l\u1ef1c v\u1eadn chuy\u1ec3n c\u00f3 th\u1ec3 t\u0103ng g\u1ea5p 2-3 l\u1ea7n. V\u00ec v\u1eady, n\u00f3 c\u00f3 th\u1ec3 ti\u1ebft ki\u1ec7m chi ph\u00ed lao \u0111\u1ed9ng v\u00e0 v\u1eadn chuy\u1ec3n h\u01a1n 50%.<\/p>    <figure class=\"wp-block-gallery has-nested-images columns-default is-cropped wp-block-gallery-3 is-layout-flex wp-block-gallery-is-layout-flex\"> <figure class=\"wp-block-image size-large\"><img loading=\"lazy\" decoding=\"async\" width=\"720\" height=\"540\" data-id=\"3020\" src=\"https:\/\/taizyfarmequipment.com\/wp-content\/uploads\/2022\/03\/factory-.jpg\" alt=\"nh\u00e0 m\u00e1y \u0111\u00f3ng ki\u1ec7n c\u1ecf kh\u00f4\" class=\"wp-image-3020\" title=\"nh\u00e0 m\u00e1y \u0111\u00f3ng ki\u1ec7n c\u1ecf kh\u00f4\"\/><figcaption class=\"wp-element-caption\">nh\u00e0 m\u00e1y \u0111\u00f3ng ki\u1ec7n c\u1ecf kh\u00f4<\/figcaption><\/figure>    <figure class=\"wp-block-image size-large\"><img loading=\"lazy\" decoding=\"async\" width=\"720\" height=\"540\" data-id=\"3021\" src=\"https:\/\/taizyfarmequipment.com\/wp-content\/uploads\/2022\/03\/stalk-baler-.jpg\" alt=\"m\u00e1y \u0111\u00f3ng ki\u1ec7n th\u00e2n c\u00e2y\" class=\"wp-image-3021\" title=\"m\u00e1y \u0111\u00f3ng ki\u1ec7n th\u00e2n c\u00e2y\"\/><figcaption class=\"wp-element-caption\">m\u00e1y \u0111\u00f3ng ki\u1ec7n th\u00e2n c\u00e2y<\/figcaption><\/figure> <figcaption class=\"blocks-gallery-caption wp-element-caption\">m\u00e1y \u0111\u00f3ng ki\u1ec7n c\u1ecf kh\u00f4 vu\u00f4ng<\/figcaption><\/figure>    <h2 class=\"wp-block-heading has-theme-palette-4-color has-text-color\" id=\"h-main-features-of-automatic-silage-balers\">C\u00e1c t\u00ednh n\u0103ng ch\u00ednh c\u1ee7a m\u00e1y \u0111\u00f3ng ki\u1ec7n \u1ee7 chua t\u1ef1 \u0111\u1ed9ng<\/h2>    <p id=\"h-1-knotting-device-imported-from-germany-rasboa-germany-producing-the-reliability-is-high-and-the-bundling-rate-is-as-high-as-99\">1. Thi\u1ebft b\u1ecb th\u1eaft n\u00fat nh\u1eadp kh\u1ea9u t\u1eeb \u0110\u1ee9c (Rasboa, \u0110\u1ee9c s\u1ea3n xu\u1ea5t). V\u00ec v\u1eady, \u0111\u1ed9 tin c\u1eady cao v\u00e0 t\u1ed1c \u0111\u1ed9 \u0111\u00f3ng g\u00f3i cao t\u1edbi 99%.<\/p>    <p>2. Ngo\u00e0i ra, h\u00ecnh th\u1ee9c c\u00f2n \u0111\u1eb9p h\u01a1n v\u00e0 an to\u00e0n h\u01a1n khi s\u1eed d\u1ee5ng.<\/p>    <p>3. V\u00e0 thi\u1ebft b\u1ecb gi\u1ea3m ch\u1ea5n b\u00f3 phanh hai b\u00ean gi\u00fap cho ho\u1ea1t \u0111\u1ed9ng b\u00f3 phanh \u1ed5n \u0111\u1ecbnh h\u01a1n.<\/p>    <p>4. H\u01a1n n\u1eefa, chu\u1ed7i ch\u00ednh chu\u1ed7i hai h\u00e0ng gi\u00fap m\u00e1y ph\u00f9 h\u1ee3p h\u01a1n v\u1edbi c\u00e1c ho\u1ea1t \u0111\u1ed9ng \u0111\u00f3ng g\u00f3i h\u1ea1ng n\u1eb7ng.<\/p>    <p>5. L\u1ed1p c\u00f3 ti\u1ebft di\u1ec7n r\u1ed9ng gi\u00fap thao t\u00e1c \u0111i b\u1ed9 \u1ed5n \u0111\u1ecbnh h\u01a1n.<\/p>    <p>6. To\u00e0n b\u1ed9 m\u00e1y \u00e1p d\u1ee5ng thi\u1ebft k\u1ebf c\u1ea5u tr\u00fac \u0111\u1ed1i x\u1ee9ng c\u1ee7a tr\u1ee5c d\u1ecdc. L\u1ef1c k\u00e9o \u0111\u1eb7t gi\u1eefa, \u0111\u1ed9 \u1ed5n \u0111\u1ecbnh l\u00e1i xe t\u1ed1t v\u00e0 b\u00e1n k\u00ednh quay v\u00f2ng nh\u1ecf.<\/p>    <p>7. S\u1eed d\u1ee5ng c\u1ea5u tr\u00fac m\u0169i khoan r\u1ed7ng \u0111\u1ec3 gi\u00fap c\u00e2y tr\u1ed3ng \u0103n tr\u01a1n tru h\u01a1n. Kh\u00f4ng t\u00edch l\u0169y, kh\u00f4ng v\u01b0\u1edbng m\u1eafc.<\/p>","protected":false},"excerpt":{"rendered":"<p>M\u00e1y v\u00e0 d\u00e2y \u0111ai r\u01a1m vu\u00f4ng ho\u1ea1t \u0111\u1ed9ng v\u1edbi m\u00e1y k\u00e9o \u0111\u1ec3 ho\u00e0n th\u00e0nh vi\u1ec7c h\u00e1i v\u00e0 b\u00f3 th\u1ee9c \u0103n th\u00f4 xanh. Ng\u00e0y nay nhi\u1ec1u trang tr\u1ea1i s\u1eed d\u1ee5ng n\u00f3.<\/p>","protected":false},"author":1,"featured_media":3211,"parent":0,"template":"","tags":[],"product-type":[133],"class_list":["post-2577","product","type-product","status-publish","has-post-thumbnail","hentry","product-type-silage-machine"],"_links":{"self":[{"href":"https:\/\/taizyfarmequipment.com\/vi\/wp-json\/wp\/v2\/product\/2577","targetHints":{"allow":["GET"]}}],"collection":[{"href":"https:\/\/taizyfarmequipment.com\/vi\/wp-json\/wp\/v2\/product"}],"about":[{"href":"https:\/\/taizyfarmequipment.com\/vi\/wp-json\/wp\/v2\/types\/product"}],"author":[{"embeddable":true,"href":"https:\/\/taizyfarmequipment.com\/vi\/wp-json\/wp\/v2\/users\/1"}],"wp:featuredmedia":[{"embeddable":true,"href":"https:\/\/taizyfarmequipment.com\/vi\/wp-json\/wp\/v2\/media\/3211"}],"wp:attachment":[{"href":"https:\/\/taizyfarmequipment.com\/vi\/wp-json\/wp\/v2\/media?parent=2577"}],"wp:term":[{"taxonomy":"post_tag","embeddable":true,"href":"https:\/\/taizyfarmequipment.com\/vi\/wp-json\/wp\/v2\/tags?post=2577"},{"taxonomy":"product-type","embeddable":true,"href":"https:\/\/taizyfarmequipment.com\/vi\/wp-json\/wp\/v2\/product-type?post=2577"}],"curies":[{"name":"wp","href":"https:\/\/api.w.org\/{rel}","templated":true}]}}