{"id":2582,"date":"2022-02-21T07:00:32","date_gmt":"2022-02-21T07:00:32","guid":{"rendered":"https:\/\/taizyfarmequipment.com\/"},"modified":"2022-03-16T08:32:05","modified_gmt":"2022-03-16T08:32:05","slug":"may-phan-loai-gao","status":"publish","type":"product","link":"https:\/\/taizyfarmequipment.com\/vi\/product\/rice-grader\/","title":{"rendered":"M\u00e1y ph\u00e2n lo\u1ea1i g\u1ea1o trong nh\u00e0 m\u00e1y xay l\u00faa"},"content":{"rendered":"<div class=\"kk-star-ratings kksr-auto kksr-align-left kksr-valign-top\"     data-payload='{&quot;align&quot;:&quot;left&quot;,&quot;id&quot;:&quot;2582&quot;,&quot;slug&quot;:&quot;default&quot;,&quot;valign&quot;:&quot;top&quot;,&quot;ignore&quot;:&quot;&quot;,&quot;reference&quot;:&quot;auto&quot;,&quot;class&quot;:&quot;&quot;,&quot;count&quot;:&quot;18&quot;,&quot;legendonly&quot;:&quot;&quot;,&quot;readonly&quot;:&quot;&quot;,&quot;score&quot;:&quot;4.6&quot;,&quot;starsonly&quot;:&quot;&quot;,&quot;best&quot;:&quot;5&quot;,&quot;gap&quot;:&quot;5&quot;,&quot;greet&quot;:&quot;Rate this product&quot;,&quot;legend&quot;:&quot;4.6\\\/5 - (18 b\u00ecnh ch\u1ecdn)&quot;,&quot;size&quot;:&quot;24&quot;,&quot;title&quot;:&quot;Rice grader rice grading machine in rice mill plant&quot;,&quot;width&quot;:&quot;130.9&quot;,&quot;_legend&quot;:&quot;{score}\\\/{best} - ({count} {votes})&quot;,&quot;font_factor&quot;:&quot;1.25&quot;}'>              <div class=\"kksr-stars\">      <div class=\"kksr-stars-inactive\">             <div class=\"kksr-star\" data-star=\"1\" style=\"padding-right: 5px\">               <div class=\"kksr-icon\" style=\"width: 24px; height: 24px;\"><\/div>         <\/div>             <div class=\"kksr-star\" data-star=\"2\" style=\"padding-right: 5px\">               <div class=\"kksr-icon\" style=\"width: 24px; height: 24px;\"><\/div>         <\/div>             <div class=\"kksr-star\" data-star=\"3\" style=\"padding-right: 5px\">               <div class=\"kksr-icon\" style=\"width: 24px; height: 24px;\"><\/div>         <\/div>             <div class=\"kksr-star\" data-star=\"4\" style=\"padding-right: 5px\">               <div class=\"kksr-icon\" style=\"width: 24px; height: 24px;\"><\/div>         <\/div>             <div class=\"kksr-star\" data-star=\"5\" style=\"padding-right: 5px\">               <div class=\"kksr-icon\" style=\"width: 24px; height: 24px;\"><\/div>         <\/div>     <\/div>      <div class=\"kksr-stars-active\" style=\"width: 130.9px;\">             <div class=\"kksr-star\" style=\"padding-right: 5px\">               <div class=\"kksr-icon\" style=\"width: 24px; height: 24px;\"><\/div>         <\/div>             <div class=\"kksr-star\" style=\"padding-right: 5px\">               <div class=\"kksr-icon\" style=\"width: 24px; height: 24px;\"><\/div>         <\/div>             <div class=\"kksr-star\" style=\"padding-right: 5px\">               <div class=\"kksr-icon\" style=\"width: 24px; height: 24px;\"><\/div>         <\/div>             <div class=\"kksr-star\" style=\"padding-right: 5px\">               <div class=\"kksr-icon\" style=\"width: 24px; height: 24px;\"><\/div>         <\/div>             <div class=\"kksr-star\" style=\"padding-right: 5px\">               <div class=\"kksr-icon\" style=\"width: 24px; height: 24px;\"><\/div>         <\/div>     <\/div> <\/div>                   <div class=\"kksr-legend\" style=\"font-size: 19.2px;\">             4.6\/5 - (18 l\u01b0\u1ee3t b\u00ecnh ch\u1ecdn)    <\/div>     <\/div>  <h2 class=\"has-theme-palette-4-color has-text-color wp-block-heading\" id=\"h-introduction-of-the-rice-grader\">Gi\u1edbi thi\u1ec7u m\u00e1y ph\u00e2n lo\u1ea1i g\u1ea1o<\/h2>    <p class=\"translation-block\">M\u00e1y ph\u00e2n c\u1ee1 g\u1ea1o l\u00e0 m\u1ed9t thi\u1ebft b\u1ecb c\u00f3 th\u1ec3 ph\u00e2n chia g\u1ea1o theo \u0111\u01b0\u1eddng k\u00ednh h\u1ea1t. Sau \u0111\u00f3 g\u1ea1o c\u00f3 c\u00e1c \u0111\u01b0\u1eddng k\u00ednh kh\u00e1c nhau s\u1ebd \u0111\u01b0\u1ee3c th\u1ea3i ra c\u00e1c c\u1eeda x\u1ea3 kh\u00e1c nhau. Th\u00f4ng th\u01b0\u1eddng, g\u1ea1o nguy\u00ean h\u1ea1t s\u1ebd v\u00e0o c\u00f9ng m\u1ed9t bao. C\u00f2n g\u1ea1o v\u1ee1 s\u1ebd v\u00e0o m\u1ed9t bao kh\u00e1c. N\u1ebfu b\u1ea1n mu\u1ed1n ph\u00e2n chia g\u1ea1o r\u00f5 h\u01a1n, b\u1ea1n c\u00f3 th\u1ec3 thu t\u1eebng k\u00edch c\u1ee1 h\u1ea1t v\u00e0o c\u00e1c bao ri\u00eang bi\u1ec7t. \u0110\u1ed9ng c\u01a1 cung c\u1ea5p n\u0103ng l\u01b0\u1ee3ng cho m\u00e1y. M\u00e1y ho\u1ea1t \u0111\u1ed9ng \u1ed5n \u0111\u1ecbnh v\u00e0 c\u00f3 tu\u1ed5i th\u1ecd cao. C\u00f3 c\u00e1c qu\u1ea3 b\u00f3ng cao su trong s\u00e0ng, ch\u1ee9c n\u0103ng c\u1ee7a c\u00e1c qu\u1ea3 b\u00f3ng n\u00e0y l\u00e0 tr\u00e1nh t\u1eafc l\u01b0\u1edbi s\u00e0ng. M\u00e1y c\u00f3 c\u00e1c model kh\u00e1c nhau t\u00f9y theo k\u00edch th\u01b0\u1edbc m\u1eaft l\u01b0\u1edbi v\u00e0 b\u1ec1 r\u1ed9ng s\u00e0ng. B\u1ea1n c\u00f3 th\u1ec3 ch\u1ecdn model t\u01b0\u01a1ng \u1ee9ng d\u1ef1a tr\u00ean nhu c\u1ea7u c\u1ee7a m\u00ecnh. \u0110\u00e2y l\u00e0 m\u1ed9t b\u1ed9 ph\u1eadn kh\u00f4ng th\u1ec3 thi\u1ebfu c\u1ee7a d\u00e2y chuy\u1ec1n xay x\u00e1t gi\u1ed1ng nh\u01b0 <a href=\"https:\/\/taizyfarmequipment.com\/vi\/rice-mill-production-line\/may-tach-thoc-bang-trong-luc\/\">m\u00e1y t\u00e1ch paddy theo tr\u1ecdng l\u1ef1c<\/a>.<\/p>    <figure class=\"wp-block-gallery has-nested-images columns-default is-cropped wp-block-gallery-2 is-layout-flex wp-block-gallery-is-layout-flex\"> <figure class=\"wp-block-image size-large\"><img loading=\"lazy\" decoding=\"async\" width=\"720\" height=\"540\" data-id=\"2694\" src=\"https:\/\/taizyfarmequipment.com\/wp-content\/uploads\/2022\/02\/front-of-the-rice-grader-.jpg\" alt=\"ph\u00eda tr\u01b0\u1edbc m\u00e1y ph\u00e2n lo\u1ea1i g\u1ea1o\" class=\"wp-image-2694\" title=\"ph\u00eda tr\u01b0\u1edbc m\u00e1y ph\u00e2n lo\u1ea1i g\u1ea1o\" srcset=\"https:\/\/taizyfarmequipment.com\/wp-content\/uploads\/2022\/02\/front-of-the-rice-grader-.jpg 720w, https:\/\/taizyfarmequipment.com\/wp-content\/uploads\/2022\/02\/front-of-the-rice-grader--300x225.jpg 300w\" sizes=\"auto, (max-width: 720px) 100vw, 720px\" \/><figcaption>ph\u00eda tr\u01b0\u1edbc m\u00e1y ph\u00e2n lo\u1ea1i g\u1ea1o<\/figcaption><\/figure>    <figure class=\"wp-block-image size-large\"><img loading=\"lazy\" decoding=\"async\" width=\"720\" height=\"540\" data-id=\"2695\" src=\"https:\/\/taizyfarmequipment.com\/wp-content\/uploads\/2022\/02\/side-of-the-rice-grader1.jpg\" alt=\"b\u00ean m\u00e1y ph\u00e2n g\u1ea1o\" class=\"wp-image-2695\" title=\"b\u00ean m\u00e1y ph\u00e2n g\u1ea1o\" srcset=\"https:\/\/taizyfarmequipment.com\/wp-content\/uploads\/2022\/02\/side-of-the-rice-grader1.jpg 720w, https:\/\/taizyfarmequipment.com\/wp-content\/uploads\/2022\/02\/side-of-the-rice-grader1-300x225.jpg 300w\" sizes=\"auto, (max-width: 720px) 100vw, 720px\" \/><figcaption>b\u00ean m\u00e1y ph\u00e2n g\u1ea1o<\/figcaption><\/figure> <figcaption class=\"blocks-gallery-caption\">Gi\u1edbi thi\u1ec7u m\u00e1y ph\u00e2n lo\u1ea1i g\u1ea1o<\/figcaption><\/figure>    <h2 class=\"has-theme-palette-4-color has-text-color wp-block-heading\" id=\"h-structure-of-the-rice-grading-machine\">C\u1ea5u t\u1ea1o c\u1ee7a m\u00e1y ph\u00e2n lo\u1ea1i g\u1ea1o<\/h2>    <p>M\u00e1y ph\u00e2n lo\u1ea1i g\u1ea1o bao g\u1ed3m c\u1eeda x\u1ea3, tay c\u1ea7m h\u00ecnh ng\u00f4i sao, s\u00e0ng, bi cao su, \u0111\u1ed9ng c\u01a1, khung v.v.<\/p>    <figure class=\"wp-block-gallery has-nested-images columns-default is-cropped wp-block-gallery-3 is-layout-flex wp-block-gallery-is-layout-flex\"> <figure class=\"wp-block-image size-large\"><img loading=\"lazy\" decoding=\"async\" width=\"720\" height=\"540\" data-id=\"2696\" src=\"https:\/\/taizyfarmequipment.com\/wp-content\/uploads\/2022\/02\/inlet.jpg\" alt=\"\u0111\u1ea7u v\u00e0o c\u1ee7a m\u00e1y ph\u00e2n lo\u1ea1i g\u1ea1o\" class=\"wp-image-2696\" title=\"\u0111\u1ea7u v\u00e0o c\u1ee7a m\u00e1y ph\u00e2n lo\u1ea1i g\u1ea1o\" srcset=\"https:\/\/taizyfarmequipment.com\/wp-content\/uploads\/2022\/02\/inlet.jpg 720w, https:\/\/taizyfarmequipment.com\/wp-content\/uploads\/2022\/02\/inlet-300x225.jpg 300w\" sizes=\"auto, (max-width: 720px) 100vw, 720px\" \/><figcaption>\u0111\u1ea7u v\u00e0o c\u1ee7a m\u00e1y ph\u00e2n lo\u1ea1i g\u1ea1o<\/figcaption><\/figure>    <figure class=\"wp-block-image size-large\"><img loading=\"lazy\" decoding=\"async\" width=\"720\" height=\"540\" data-id=\"2697\" src=\"https:\/\/taizyfarmequipment.com\/wp-content\/uploads\/2022\/02\/outlet1.jpg\" alt=\"\u0111\u1ea7u ra c\u1ee7a s\u00e0ng ph\u00e2n lo\u1ea1i g\u1ea1o\" class=\"wp-image-2697\" title=\"\u0111\u1ea7u ra c\u1ee7a s\u00e0ng ph\u00e2n lo\u1ea1i g\u1ea1o\" srcset=\"https:\/\/taizyfarmequipment.com\/wp-content\/uploads\/2022\/02\/outlet1.jpg 720w, https:\/\/taizyfarmequipment.com\/wp-content\/uploads\/2022\/02\/outlet1-300x225.jpg 300w\" sizes=\"auto, (max-width: 720px) 100vw, 720px\" \/><figcaption>\u0111\u1ea7u ra c\u1ee7a s\u00e0ng ph\u00e2n lo\u1ea1i g\u1ea1o<\/figcaption><\/figure>    <figure class=\"wp-block-image size-large\"><img loading=\"lazy\" decoding=\"async\" width=\"720\" height=\"540\" data-id=\"2698\" src=\"https:\/\/taizyfarmequipment.com\/wp-content\/uploads\/2022\/02\/screen-.jpg\" alt=\"m\u00e0n h\u00ecnh c\u1ee7a m\u00e1y san l\u00faa\" class=\"wp-image-2698\" title=\"m\u00e0n h\u00ecnh c\u1ee7a m\u00e1y san l\u00faa\" srcset=\"https:\/\/taizyfarmequipment.com\/wp-content\/uploads\/2022\/02\/screen-.jpg 720w, https:\/\/taizyfarmequipment.com\/wp-content\/uploads\/2022\/02\/screen--300x225.jpg 300w\" sizes=\"auto, (max-width: 720px) 100vw, 720px\" \/><figcaption>m\u00e0n h\u00ecnh c\u1ee7a m\u00e1y san l\u00faa<\/figcaption><\/figure> <figcaption class=\"blocks-gallery-caption\">C\u1ea5u t\u1ea1o c\u1ee7a m\u00e1y ph\u00e2n lo\u1ea1i g\u1ea1o<\/figcaption><\/figure>    <h2 class=\"has-theme-palette-4-color has-text-color wp-block-heading\" id=\"h-the-functions-of-the-various-parts-that-make-up-the-rice-grading-sieve\">Ch\u1ee9c n\u0103ng c\u1ee7a c\u00e1c b\u1ed9 ph\u1eadn t\u1ea1o n\u00ean s\u00e0ng ph\u00e2n lo\u1ea1i g\u1ea1o<\/h2>    <ol class=\"wp-block-list\" type=\"1\"><li>\u1ed4 c\u1eafm: c\u00e1c m\u1eabu kh\u00e1c nhau c\u00f3 c\u00e1c l\u1edbp m\u00e0n h\u00ecnh kh\u00e1c nhau. V\u00ec v\u1eady s\u1ed1 l\u01b0\u1ee3ng c\u1eeda h\u00e0ng l\u00e0 kh\u00e1c nhau. Nh\u01b0ng d\u00f9 l\u00e0 m\u00f4 h\u00ecnh n\u00e0o th\u00ec v\u1eabn lu\u00f4n c\u00f3 m\u1ed9t l\u1ed1i tho\u00e1t \u0111\u1ec3 x\u1ea3 g\u1ea1o t\u1ea5m.<strong><\/strong><\/li><li>Tay c\u1ea7m h\u00ecnh ng\u00f4i sao: xoay tay c\u1ea7m h\u00ecnh ng\u00f4i sao song song v\u1edbi m\u1eb7t \u0111\u1ea5t, sau \u0111\u00f3 b\u1ea1n c\u00f3 th\u1ec3 l\u1ea5y m\u00e0n h\u00ecnh ra. <strong><\/strong><\/li><li>S\u00e0ng: m\u00f4 h\u00ecnh kh\u00e1c nhau c\u00f3 l\u01b0\u1edbi k\u00edch th\u01b0\u1edbc kh\u00e1c nhau. L\u01b0\u1edbi c\u00f3 k\u00edch th\u01b0\u1edbc kh\u00e1c nhau c\u00f3 th\u1ec3 s\u00e0ng c\u00e1c lo\u1ea1i ng\u0169 c\u1ed1c kh\u00e1c nhau, ch\u1eb3ng h\u1ea1n nh\u01b0 l\u00faa m\u00ec, g\u1ea1o v\u00e0 ng\u00f4, v.v. B\u1ea1n c\u00f3 th\u1ec3 ch\u1ecdn k\u00edch th\u01b0\u1edbc l\u01b0\u1edbi ph\u00f9 h\u1ee3p t\u00f9y theo y\u00eau c\u1ea7u c\u1ee7a m\u00ecnh. <strong><\/strong><\/li><li>Qu\u1ea3 b\u00f3ng cao su: \u0110\u1ed9 n\u1ea3y c\u1ee7a qu\u1ea3 b\u00f3ng cao su s\u1ebd l\u00e0m s\u1ea1ch m\u00e0n h\u00ecnh b\u1ecb ch\u1eb7n.<strong><\/strong><\/li><li>Motor: Cung c\u1ea5p ngu\u1ed3n \u0111i\u1ec7n cho m\u00e1y.<strong><\/strong><\/li><\/ol>    <h2 class=\"has-theme-palette-4-color has-text-color wp-block-heading\" id=\"h-the-working-principle-of-the-rice-grader-machine\">Nguy\u00ean l\u00fd ho\u1ea1t \u0111\u1ed9ng c\u1ee7a m\u00e1y s\u00e0ng l\u00faa &nbsp;<\/h2>    <p>N\u00f3 t\u1eadn d\u1ee5ng s\u1ef1 kh\u00e1c bi\u1ec7t gi\u1eefa g\u1ea1o t\u1ea5m v\u00e0 g\u1ea1o nguy\u00ean \u0111\u1ec3 th\u1ef1c hi\u1ec7n c\u00e1c ph\u00e9p quay ch\u1ed3ng l\u00ean nhau tr\u00ean b\u1ec1 m\u1eb7t m\u00e0n quay c\u1ee7a m\u1eb7t ph\u1eb3ng. Sau \u0111\u00f3, l\u1ef1c ma s\u00e1t ti\u1ebfn t\u1edbi h\u00ecnh th\u00e0nh s\u1ef1 ph\u00e2n lo\u1ea1i t\u1ef1 \u0111\u1ed9ng.<\/p>    <h2 class=\"has-theme-palette-4-color has-text-color wp-block-heading\" id=\"h-technical-parameter-of-the-rice-milling-machine\">Th\u00f4ng s\u1ed1 k\u1ef9 thu\u1eadt c\u1ee7a m\u00e1y xay x\u00e1t g\u1ea1o<\/h2>    <figure class=\"wp-block-table\"><table><tbody><tr><td>Ng\u01b0\u1eddi m\u1eabu<\/td><td>C\u00f4ng su\u1ea5t (t\/h)<\/td><td>C\u00f4ng su\u1ea5t (KW)<\/td><td>K\u00edch th\u01b0\u1edbc (L * W * H)<\/td><\/tr><tr><td>MMJP63*3<\/td><td>0.8-1.25<\/td><td>0.75<\/td><td>1462*740*1280<\/td><\/tr><tr><td>MMJP80*3<\/td><td>1.5-2<\/td><td>1.1<\/td><td>1600*1000*1315<\/td><\/tr><tr><td>MMJP100*3<\/td><td>2.5-3.3<\/td><td>1.1<\/td><td>1690*1090*1386<\/td><\/tr><tr><td>MMJP100*4<\/td><td>2.5-3.5<\/td><td>1.1<\/td><td>1690*1087*1420<\/td><\/tr><tr><td>MMJP112*3<\/td><td>3.5-4.2<\/td><td>1.1<\/td><td>1690*1208*1386<\/td><\/tr><tr><td>MMJP112*4<\/td><td>3.5-4.5<\/td><td>1.1<\/td><td>1690*1208*1420<\/td><\/tr><tr><td>MMJP125*3<\/td><td>4.5-5<\/td><td>1.5<\/td><td>1690*1458*1386<\/td><\/tr><tr><td>MMJP125*4<\/td><td>4.5-5.2<\/td><td>1.5<\/td><td>1690*1457*1420<\/td><\/tr><tr><td>MMJP150*4<\/td><td>5.5-6<\/td><td>1.5<\/td><td>1725*1580*1500<\/td><\/tr><\/tbody><\/table><figcaption>Th\u00f4ng s\u1ed1 k\u1ef9 thu\u1eadt c\u1ee7a m\u00e1y xay x\u00e1t g\u1ea1o<\/figcaption><\/figure>    <h2 class=\"has-theme-palette-4-color has-text-color wp-block-heading\" id=\"h-why-do-you-need-the-white-rice-grader-in-rice-mill-plant\">T\u1ea1i sao b\u1ea1n c\u1ea7n m\u00e1y ph\u00e2n lo\u1ea1i g\u1ea1o tr\u1eafng trong nh\u00e0 m\u00e1y xay x\u00e1t g\u1ea1o?<\/h2>    <ol class=\"wp-block-list\" type=\"1\"><li>Ch\u1ee9c n\u0103ng l\u00e0 ph\u00e2n lo\u1ea1i, ph\u00e2n lo\u1ea1i g\u1ea1o th\u00e0nh ph\u1ea9m, tr\u00edch xu\u1ea5t t\u1ea5m v\u01b0\u1ee3t y\u00eau c\u1ea7u. Hi\u1ec7u su\u1ea5t c\u1ee7a n\u00f3 \u1ea3nh h\u01b0\u1edfng tr\u1ef1c ti\u1ebfp \u0111\u1ebfn \u0111\u1ed9 tinh khi\u1ebft c\u1ee7a g\u1ea1o th\u00e0nh ph\u1ea9m v\u00e0 l\u00e0 thi\u1ebft b\u1ecb ch\u00ednh \u0111\u1ec3 x\u00e1c \u0111\u1ecbnh h\u00e0m l\u01b0\u1ee3ng g\u1ea1o t\u1ea5m.<\/li><li>Y\u00eau c\u1ea7u c\u1ee7a th\u1ecb tr\u01b0\u1eddng v\u1ec1 ch\u1ea5t l\u01b0\u1ee3ng g\u1ea1o ng\u00e0y c\u00e0ng t\u0103ng, v\u00e0 c\u1ea7n ph\u1ea3i ki\u1ec3m so\u00e1t hi\u1ec7u qu\u1ea3 h\u00e0m l\u01b0\u1ee3ng g\u1ea1o v\u1ee1.<\/li><li>H\u00e0m l\u01b0\u1ee3ng t\u1ea5m g\u1ea1o c\u00e0ng th\u1ea5p th\u00ec gi\u00e1 v\u00e0 l\u1ee3i nhu\u1eadn tr\u00ean th\u1ecb tr\u01b0\u1eddng c\u00e0ng cao.<\/li><li>Vi\u1ec7c ph\u00e2n lo\u1ea1i g\u1ea1o c\u00e0ng chi ti\u1ebft th\u00ec c\u00e0ng c\u00f3 th\u1ec3 \u0111\u00e1p \u1ee9ng t\u1ed1t h\u01a1n nhu c\u1ea7u c\u1ee7a nhi\u1ec1u ng\u01b0\u1eddi d\u00e2n v\u00e0 nhu c\u1ea7u c\u1ee7a th\u1ecb tr\u01b0\u1eddng. <\/li><\/ol>    <figure class=\"wp-block-image size-full is-resized\"><img loading=\"lazy\" decoding=\"async\" src=\"https:\/\/taizyfarmequipment.com\/wp-content\/uploads\/2022\/02\/rice-grader-usage-scenarios-.jpg\" alt=\"m\u00e1y ph\u00e2n lo\u1ea1i g\u1ea1o tr\u1eafng trong nh\u00e0 m\u00e1y xay l\u00faa\" class=\"wp-image-2699\" width=\"720\" height=\"540\" title=\"m\u00e1y ph\u00e2n lo\u1ea1i g\u1ea1o tr\u1eafng trong nh\u00e0 m\u00e1y xay l\u00faa\" srcset=\"https:\/\/taizyfarmequipment.com\/wp-content\/uploads\/2022\/02\/rice-grader-usage-scenarios-.jpg 720w, https:\/\/taizyfarmequipment.com\/wp-content\/uploads\/2022\/02\/rice-grader-usage-scenarios--300x225.jpg 300w\" sizes=\"auto, (max-width: 720px) 100vw, 720px\" \/><figcaption>m\u00e1y ph\u00e2n lo\u1ea1i g\u1ea1o tr\u1eafng trong nh\u00e0 m\u00e1y xay l\u00faa<\/figcaption><\/figure>","protected":false},"excerpt":{"rendered":"<p>Ng\u01b0\u1eddi ph\u00e2n lo\u1ea1i g\u1ea1o c\u00f3 th\u1ec3 chia g\u1ea1o theo \u0111\u01b0\u1eddng k\u00ednh c\u1ee7a n\u00f3. Sau \u0111\u00f3 g\u1ea1o c\u00f3 \u0111\u01b0\u1eddng k\u00ednh kh\u00e1c nhau s\u1ebd \u0111\u01b0\u1ee3c th\u1ea3i ra t\u1eeb c\u00e1c c\u1eeda h\u00e0ng kh\u00e1c nhau.\u00a0<\/p>","protected":false},"author":1,"featured_media":2700,"parent":0,"template":"","tags":[211,209,210,212],"product-type":[132],"class_list":["post-2582","product","type-product","status-publish","has-post-thumbnail","hentry","tag-rice-grader-machine","tag-rice-grading-machine","tag-rice-grading-sieve","tag-white-rice-grader","product-type-rice-mill"],"_links":{"self":[{"href":"https:\/\/taizyfarmequipment.com\/vi\/wp-json\/wp\/v2\/product\/2582","targetHints":{"allow":["GET"]}}],"collection":[{"href":"https:\/\/taizyfarmequipment.com\/vi\/wp-json\/wp\/v2\/product"}],"about":[{"href":"https:\/\/taizyfarmequipment.com\/vi\/wp-json\/wp\/v2\/types\/product"}],"author":[{"embeddable":true,"href":"https:\/\/taizyfarmequipment.com\/vi\/wp-json\/wp\/v2\/users\/1"}],"wp:featuredmedia":[{"embeddable":true,"href":"https:\/\/taizyfarmequipment.com\/vi\/wp-json\/wp\/v2\/media\/2700"}],"wp:attachment":[{"href":"https:\/\/taizyfarmequipment.com\/vi\/wp-json\/wp\/v2\/media?parent=2582"}],"wp:term":[{"taxonomy":"post_tag","embeddable":true,"href":"https:\/\/taizyfarmequipment.com\/vi\/wp-json\/wp\/v2\/tags?post=2582"},{"taxonomy":"product-type","embeddable":true,"href":"https:\/\/taizyfarmequipment.com\/vi\/wp-json\/wp\/v2\/product-type?post=2582"}],"curies":[{"name":"wp","href":"https:\/\/api.w.org\/{rel}","templated":true}]}}