{"id":2583,"date":"2022-02-21T02:46:08","date_gmt":"2022-02-21T02:46:08","guid":{"rendered":"https:\/\/taizyfarmequipment.com\/"},"modified":"2022-03-16T08:12:10","modified_gmt":"2022-03-16T08:12:10","slug":"don-vi-may-xay-gao-60-tan","status":"publish","type":"product","link":"https:\/\/taizyfarmequipment.com\/vi\/product\/60t-d-rice-milling-machine-unit\/","title":{"rendered":"M\u00e1y xay x\u00e1t g\u1ea1o t\u1ef1 \u0111\u1ed9ng t\u00edch h\u1ee3p 60T\/D"},"content":{"rendered":"<div class=\"kk-star-ratings kksr-auto kksr-align-left kksr-valign-top\"     data-payload='{&quot;align&quot;:&quot;left&quot;,&quot;id&quot;:&quot;2583&quot;,&quot;slug&quot;:&quot;default&quot;,&quot;valign&quot;:&quot;top&quot;,&quot;ignore&quot;:&quot;&quot;,&quot;reference&quot;:&quot;auto&quot;,&quot;class&quot;:&quot;&quot;,&quot;count&quot;:&quot;26&quot;,&quot;legendonly&quot;:&quot;&quot;,&quot;readonly&quot;:&quot;&quot;,&quot;score&quot;:&quot;4.8&quot;,&quot;starsonly&quot;:&quot;&quot;,&quot;best&quot;:&quot;5&quot;,&quot;gap&quot;:&quot;5&quot;,&quot;greet&quot;:&quot;Rate this product&quot;,&quot;legend&quot;:&quot;4.8\\\/5 - (26 b\u00ecnh ch\u1ecdn)&quot;,&quot;size&quot;:&quot;24&quot;,&quot;title&quot;:&quot;60T\\\/D integrated automatic rice milling machine unit&quot;,&quot;width&quot;:&quot;136.7&quot;,&quot;_legend&quot;:&quot;{score}\\\/{best} - ({count} {votes})&quot;,&quot;font_factor&quot;:&quot;1.25&quot;}'>              <div class=\"kksr-stars\">      <div class=\"kksr-stars-inactive\">             <div class=\"kksr-star\" data-star=\"1\" style=\"padding-right: 5px\">               <div class=\"kksr-icon\" style=\"width: 24px; height: 24px;\"><\/div>         <\/div>             <div class=\"kksr-star\" data-star=\"2\" style=\"padding-right: 5px\">               <div class=\"kksr-icon\" style=\"width: 24px; height: 24px;\"><\/div>         <\/div>             <div class=\"kksr-star\" data-star=\"3\" style=\"padding-right: 5px\">               <div class=\"kksr-icon\" style=\"width: 24px; height: 24px;\"><\/div>         <\/div>             <div class=\"kksr-star\" data-star=\"4\" style=\"padding-right: 5px\">               <div class=\"kksr-icon\" style=\"width: 24px; height: 24px;\"><\/div>         <\/div>             <div class=\"kksr-star\" data-star=\"5\" style=\"padding-right: 5px\">               <div class=\"kksr-icon\" style=\"width: 24px; height: 24px;\"><\/div>         <\/div>     <\/div>      <div class=\"kksr-stars-active\" style=\"width: 136.7px;\">             <div class=\"kksr-star\" style=\"padding-right: 5px\">               <div class=\"kksr-icon\" style=\"width: 24px; height: 24px;\"><\/div>         <\/div>             <div class=\"kksr-star\" style=\"padding-right: 5px\">               <div class=\"kksr-icon\" style=\"width: 24px; height: 24px;\"><\/div>         <\/div>             <div class=\"kksr-star\" style=\"padding-right: 5px\">               <div class=\"kksr-icon\" style=\"width: 24px; height: 24px;\"><\/div>         <\/div>             <div class=\"kksr-star\" style=\"padding-right: 5px\">               <div class=\"kksr-icon\" style=\"width: 24px; height: 24px;\"><\/div>         <\/div>             <div class=\"kksr-star\" style=\"padding-right: 5px\">               <div class=\"kksr-icon\" style=\"width: 24px; height: 24px;\"><\/div>         <\/div>     <\/div> <\/div>                   <div class=\"kksr-legend\" style=\"font-size: 19.2px;\">             4.8\/5 - (26 l\u01b0\u1ee3t b\u00ecnh ch\u1ecdn)    <\/div>     <\/div>  <h2 class=\"wp-block-heading\" id=\"h-introduction-of-60t-d-rice-milling-machine\">Gi\u1edbi thi\u1ec7u m\u00e1y xay x\u00e1t g\u1ea1o 60T\/D <\/h2>    <p class=\"translation-block\">M\u00e1y x\u00e1t g\u1ea1o t\u00edch h\u1ee3p t\u1ef1 \u0111\u1ed9ng 60T\/D l\u00e0 thi\u1ebft b\u1ecb c\u00f3 th\u1ec3 ch\u1ebf bi\u1ebfn th\u00f3c th\u00e0nh g\u1ea1o. Phi\u00ean b\u1ea3n c\u01a1 b\u1ea3n c\u1ee7a m\u00e1y x\u00e1t g\u1ea1o 60T\/D bao g\u1ed3m b\u1ed9 l\u00e0m s\u1ea1ch k\u1ebft h\u1ee3p, m\u00e1y lo\u1ea1i s\u1ecfi, m\u00e1y tu\u1ed1t v\u1ecf, b\u1ed9 t\u00e1ch th\u00f3c theo tr\u1ecdng l\u1ef1c, m\u00e1y x\u00e1t g\u1ea1o v\u00e0 m\u00e1y ph\u00e2n lo\u1ea1i g\u1ea1o. N\u00f3 c\u0169ng c\u00f3 th\u1ec3 th\u00eam c\u00e1c m\u00e1y li\u00ean quan kh\u00e1c \u0111\u1ec3 k\u1ebft h\u1ee3p th\u00e0nh m\u1ed9t d\u00e2y chuy\u1ec1n s\u1ea3n ph\u1ea9m ho\u00e0n ch\u1ec9nh h\u01a1n. Ch\u1eb3ng h\u1ea1n nh\u01b0 m\u00e1y x\u00e1t g\u1ea1o c\u00f3 h\u1ec7 th\u1ed1ng r\u1eeda, m\u00e1y t\u00e1ch m\u00e0u v\u00e0 m\u00e1y \u0111\u00f3ng g\u00f3i, gi\u00fap ti\u1ebft ki\u1ec7m th\u1eddi gian, ti\u1ebft ki\u1ec7m n\u0103ng l\u01b0\u1ee3ng v\u00e0 t\u0103ng hi\u1ec7u su\u1ea5t, v.v. \u0110\u01a1n v\u1ecb m\u00e1y x\u00e1t g\u1ea1o n\u00e0y c\u00f3 \u01b0u \u0111i\u1ec3m l\u00e0 v\u1eadn h\u00e0nh d\u1ec5 d\u00e0ng, b\u1ea3o tr\u00ec \u0111\u01a1n gi\u1ea3n, nhi\u1ec7t \u0111\u1ed9 g\u1ea1o th\u1ea5p, v.v. V\u00e0 thi\u1ebft b\u1ecb n\u00e0y ph\u00f9 h\u1ee3p cho m\u1ecdi lo\u1ea1i nguy\u00ean li\u1ec7u th\u00f4 \u1edf c\u00e1c v\u00f9ng kh\u00e1c nhau.  B\u00ean c\u1ea1nh \u0111\u00f3, ch\u00fang t\u00f4i c\u0169ng c\u00f3 c\u00e1c <a href=\"https:\/\/www.agriculture-machine.com\/rice-mill\/\" target=\"_blank\" rel=\"noopener\">m\u00e1y x\u00e1t g\u1ea1o<\/a> c\u00f4ng su\u1ea5t nh\u1ecf. V\u00e0 nh\u1eefng m\u00e1y n\u00e0y ch\u1ec9 c\u00f3 ch\u1ee9c n\u0103ng x\u00e1t g\u1ea1o.<\/p>    <figure class=\"wp-block-gallery has-nested-images columns-2 is-cropped wp-block-gallery-2 is-layout-flex wp-block-gallery-is-layout-flex\"> <figure class=\"wp-block-image size-large\"><img loading=\"lazy\" decoding=\"async\" width=\"720\" height=\"541\" data-id=\"2674\" src=\"https:\/\/taizyfarmequipment.com\/wp-content\/uploads\/2022\/02\/5-tuya_720_541.jpg\" alt=\"ph\u00eda tr\u01b0\u1edbc nh\u00e0 m\u00e1y xay l\u00faa 60T\" class=\"wp-image-2674\" title=\"ph\u00eda tr\u01b0\u1edbc nh\u00e0 m\u00e1y xay l\u00faa 60T\" srcset=\"https:\/\/taizyfarmequipment.com\/wp-content\/uploads\/2022\/02\/5-tuya_720_541.jpg 720w, https:\/\/taizyfarmequipment.com\/wp-content\/uploads\/2022\/02\/5-tuya_720_541-300x225.jpg 300w\" sizes=\"auto, (max-width: 720px) 100vw, 720px\" \/><figcaption>ph\u00eda tr\u01b0\u1edbc nh\u00e0 m\u00e1y xay l\u00faa 60T<\/figcaption><\/figure>    <figure class=\"wp-block-image size-large\"><img loading=\"lazy\" decoding=\"async\" width=\"720\" height=\"540\" data-id=\"2675\" src=\"https:\/\/taizyfarmequipment.com\/wp-content\/uploads\/2022\/02\/6-tuya_720_540.jpg\" alt=\"b\u00ean thi\u1ebft b\u1ecb xay l\u00faa 60T\" class=\"wp-image-2675\" title=\"b\u00ean thi\u1ebft b\u1ecb xay l\u00faa 60T\" srcset=\"https:\/\/taizyfarmequipment.com\/wp-content\/uploads\/2022\/02\/6-tuya_720_540.jpg 720w, https:\/\/taizyfarmequipment.com\/wp-content\/uploads\/2022\/02\/6-tuya_720_540-300x225.jpg 300w\" sizes=\"auto, (max-width: 720px) 100vw, 720px\" \/><figcaption>b\u00ean thi\u1ebft b\u1ecb xay l\u00faa 60T<\/figcaption><\/figure>    <figure class=\"wp-block-image size-large\"><img loading=\"lazy\" decoding=\"async\" width=\"720\" height=\"540\" data-id=\"2676\" src=\"https:\/\/taizyfarmequipment.com\/wp-content\/uploads\/2022\/02\/7-tuya_720_540.jpg\" alt=\"b\u00ean ph\u1ea3i c\u1ee7a m\u00e1y xay x\u00e1t g\u1ea1o t\u00edch h\u1ee3p\" class=\"wp-image-2676\" title=\"b\u00ean ph\u1ea3i c\u1ee7a m\u00e1y xay x\u00e1t g\u1ea1o t\u00edch h\u1ee3p\" srcset=\"https:\/\/taizyfarmequipment.com\/wp-content\/uploads\/2022\/02\/7-tuya_720_540.jpg 720w, https:\/\/taizyfarmequipment.com\/wp-content\/uploads\/2022\/02\/7-tuya_720_540-300x225.jpg 300w\" sizes=\"auto, (max-width: 720px) 100vw, 720px\" \/><figcaption>b\u00ean ph\u1ea3i c\u1ee7a m\u00e1y xay x\u00e1t g\u1ea1o t\u00edch h\u1ee3p<\/figcaption><\/figure>    <figure class=\"wp-block-image size-large\"><img loading=\"lazy\" decoding=\"async\" width=\"720\" height=\"540\" data-id=\"2677\" src=\"https:\/\/taizyfarmequipment.com\/wp-content\/uploads\/2022\/02\/finished-production-show-.jpg\" alt=\"th\u00e0nh ph\u1ea9m c\u1ee7a m\u00e1y xay x\u00e1t g\u1ea1o t\u1ed5 h\u1ee3p\" class=\"wp-image-2677\" title=\"th\u00e0nh ph\u1ea9m c\u1ee7a m\u00e1y xay x\u00e1t g\u1ea1o t\u1ed5 h\u1ee3p\" srcset=\"https:\/\/taizyfarmequipment.com\/wp-content\/uploads\/2022\/02\/finished-production-show-.jpg 720w, https:\/\/taizyfarmequipment.com\/wp-content\/uploads\/2022\/02\/finished-production-show--300x225.jpg 300w\" sizes=\"auto, (max-width: 720px) 100vw, 720px\" \/><figcaption>th\u00e0nh ph\u1ea9m c\u1ee7a m\u00e1y xay x\u00e1t g\u1ea1o t\u1ed5 h\u1ee3p<\/figcaption><\/figure> <figcaption class=\"blocks-gallery-caption\">M\u00e1y xay x\u00e1t g\u1ea1o 60T\/D<\/figcaption><\/figure>    <h2 class=\"wp-block-heading\" id=\"structure-of-the-60t-d-complete-set-rice-mill-plant\">C\u1ea5u tr\u00fac c\u1ee7a nh\u00e0 m\u00e1y xay l\u00faa tr\u1ecdn b\u1ed9 60T\/D<\/h2>    <p>N\u00f3 bao g\u1ed3m m\u00e1y s\u00e0ng li\u00ean h\u1ee3p, m\u00e1y t\u00e1ch \u0111\u00e1, m\u00e1y xay tr\u1ea5u, m\u00e1y t\u00e1ch th\u00f3c tr\u1ecdng l\u1ef1c, m\u00e1y xay x\u00e1t g\u1ea1o, m\u00e1y ph\u00e2n lo\u1ea1i g\u1ea1o.<\/p>    <div class=\"wp-block-image\"><figure class=\"aligncenter size-full is-resized\"><img loading=\"lazy\" decoding=\"async\" src=\"https:\/\/taizyfarmequipment.com\/wp-content\/uploads\/2022\/02\/3-tuya_720_540.jpg\" alt=\"C\u1ea5u tr\u00fac nh\u00e0 m\u00e1y xay l\u00faa ho\u00e0n ch\u1ec9nh 60T \/ D\" class=\"wp-image-2678\" width=\"724\" height=\"543\" title=\"C\u1ea5u tr\u00fac nh\u00e0 m\u00e1y xay l\u00faa ho\u00e0n ch\u1ec9nh 60T \/ D\" srcset=\"https:\/\/taizyfarmequipment.com\/wp-content\/uploads\/2022\/02\/3-tuya_720_540.jpg 720w, https:\/\/taizyfarmequipment.com\/wp-content\/uploads\/2022\/02\/3-tuya_720_540-300x225.jpg 300w\" sizes=\"auto, (max-width: 724px) 100vw, 724px\" \/><figcaption>C\u1ea5u tr\u00fac c\u1ee7a nh\u00e0 m\u00e1y xay g\u1ea1o ho\u00e0n ch\u1ec9nh 60T\/D<\/figcaption><\/figure><\/div>    <h2 class=\"wp-block-heading\" id=\"functions-of-every-part-of-the-integrated-rice-milling-machine\">Ch\u1ee9c n\u0103ng t\u1eebng b\u1ed9 ph\u1eadn c\u1ee7a m\u00e1y xay x\u00e1t g\u1ea1o t\u00edch h\u1ee3p<\/h2>    <ol class=\"wp-block-list\" type=\"1\"><li>L\u1ecdc t\u1ed5ng h\u1ee3p: ch\u1ee7 y\u1ebfu lo\u1ea1i b\u1ecf c\u00e1c t\u1ea1p ch\u1ea5t nh\u01b0 r\u01a1m r\u1ea1, c\u00e0nh c\u00e2y v\u00e0 c\u00e1c t\u1ea1p ch\u1ea5t nh\u1ecf h\u01a1n c\u00f3 trong th\u00f3c.<\/li><li>Lo\u1ea1i b\u1ecf \u0111\u00e1: l\u00e0m s\u1ea1ch nh\u1eefng vi\u00ean \u0111\u00e1 nh\u1ecf v\u00e0 m\u1ea3nh v\u1ee5n c\u00f3 tr\u1ecdng l\u01b0\u1ee3ng ri\u00eang l\u1edbn trong g\u1ea1o \u0111\u1ec3 tr\u00e1nh l\u00e0m h\u1ecfng thi\u1ebft b\u1ecb ch\u1ebf bi\u1ebfn g\u1ea1o.<\/li><li>Husker: b\u1ecf v\u1ecf g\u1ea1o. G\u1ea1o \u0111\u01b0\u1ee3c ch\u1ebf bi\u1ebfn th\u00e0nh g\u1ea1o l\u1ee9t.<\/li><li>M\u00e1y t\u00e1ch th\u00f3c tr\u1ecdng l\u1ef1c: c\u00f3 th\u1ec3 s\u00e0ng g\u1ea1o th\u00e0nh g\u1ea1o l\u1ee9t, h\u1ed7n h\u1ee3p g\u1ea1o l\u1ee9t v\u00e0 th\u00f3c, th\u00f3c.\u00a0V\u00e0 th\u00f3c s\u1ebd l\u1ea1i v\u00e0o m\u00e1y xay.<\/li><li>M\u00e1y xay g\u1ea1o: ch\u1ebf bi\u1ebfn g\u1ea1o l\u1ee9t th\u00e0nh g\u1ea1o tr\u1eafng m\u1ecbn.<\/li><li>M\u00e1y ph\u00e2n lo\u1ea1i g\u1ea1o: L\u1ea5y to\u00e0n b\u1ed9 g\u1ea1o th\u00e0nh 3 lo\u1ea1i. M\u1ed9t l\u00e0 g\u1ea1o nguy\u00ean h\u1ea1t l\u1edbn. Th\u1ee9 hai l\u00e0 g\u1ea1o nguy\u00ean h\u1ea1t nh\u1ecf. V\u00e0 th\u1ee9 ba l\u00e0 c\u01a1m t\u1ea5m.<\/li><\/ol>    <h2 class=\"wp-block-heading\" id=\"working-flow-of-the-60t-d-combined-set-rice-milling-machine\">Quy tr\u00ecnh l\u00e0m vi\u1ec7c c\u1ee7a m\u00e1y xay x\u00e1t g\u1ea1o t\u1ed5 h\u1ee3p 60T\/D<\/h2>    <ol class=\"wp-block-list\" type=\"1\"><li>\u0110\u1ea7u ti\u00ean l\u00e0 cho th\u00f3c v\u00e0o ph\u1ec5u c\u1ee7a thang m\u00e1y. &nbsp;<\/li><li>Th\u1ee9 hai, th\u00f3c cho v\u00e0o m\u00e1y t\u00e1ch \u0111\u00e1 \u0111\u1ec3 lo\u1ea1i b\u1ecf \u0111\u00e1 kh\u1ecfi th\u00f3c. &nbsp;<\/li><li>Ti\u1ebfp theo\u00a0v\u00e0o m\u00e1y xay\u00a0\u0111\u1ec3 lo\u1ea1i b\u1ecf v\u1ecf th\u00f3c.<\/li><li>Sau \u0111\u00f3, n\u00f3 \u0111i v\u00e0o m\u00e1y t\u00e1ch th\u00f3c, g\u1ea1o c\u00f2n nguy\u00ean v\u1ecf l\u1ea1i \u0111\u01b0\u1ee3c \u0111\u01b0a \u0111\u1ebfn m\u00e1y t\u00e1ch v\u1ecf. V\u00e0 g\u1ea1o l\u1ee9t \u0111\u01b0\u1ee3c \u0111\u01b0a v\u00e0o m\u00e1y xay x\u00e1t g\u1ea1o.<\/li><li>Sau \u0111\u00f3\u00a0nh\u1eadp tr\u00ecnh ch\u1ea5m \u0111i\u1ec3m.<\/li><\/ol>    <h2 class=\"wp-block-heading\" id=\"parameter-of-automatic-rice-milling-machine-production-line\">Th\u00f4ng s\u1ed1 d\u00e2y chuy\u1ec1n s\u1ea3n xu\u1ea5t m\u00e1y xay x\u00e1t g\u1ea1o t\u1ef1 \u0111\u1ed9ng<\/h2>    <figure class=\"wp-block-table\"><table><tbody><tr><td>M\u00e1y m\u00f3c<\/td><td>C\u00f4ng su\u1ea5t (t\/h)<\/td><td>T\u1ed1c \u0111\u1ed9 quay\u00a0(v\u00f2ng\/ph\u00fat)<\/td><td>C\u00f4ng su\u1ea5t(kw)<\/td><td>Th\u1ec3 t\u00edch h\u00fat(m\u00b3\/h)<\/td><\/tr><tr><td>K\u1ebft h\u1ee3p r\u00f5 r\u00e0ng h\u01a1n<\/td><td>6-7<\/td><td>920<\/td><td>2*0.37<\/td><td>4800<\/td><\/tr><tr><td>Ch\u1ea5t t\u1ea9y \u0111\u00e1<\/td><td>6-7<\/td><td>185+_15<\/td><td>0.75<\/td><td>3800-4200<\/td><\/tr><tr><td>Tr\u1ea5u<\/td><td>4.2-5<\/td><td>Nhanh(1228-1673)Ch\u1eadm(1108-1362)<\/td><td>7.5<\/td><td>3200-3800<\/td><\/tr><tr><td>M\u00e1y t\u00e1ch th\u00f3c tr\u1ecdng l\u1ef1c<\/td><td>3.4-4<\/td><td>255+_15<\/td><td>1.5<\/td><td>&nbsp;<\/td><\/tr><tr><td>Nh\u00e0 m\u00e1y xay l\u00faa<\/td><td>2-3<\/td><td>1290<\/td><td>22-30<\/td><td>3500-3800<\/td><\/tr><tr><td>M\u00e1y ph\u00e2n lo\u1ea1i g\u1ea1o<\/td><td>2.5-3.5<\/td><td>150+_15<\/td><td>1.1<\/td><td>&nbsp;<\/td><\/tr><tr><td>Thang m\u00e1y<\/td><td>2.4-3.5<\/td><td>189<\/td><td>1.1<\/td><td>300<\/td><\/tr><\/tbody><\/table><figcaption>Th\u00f4ng s\u1ed1 d\u00e2y chuy\u1ec1n s\u1ea3n xu\u1ea5t m\u00e1y xay x\u00e1t g\u1ea1o t\u1ef1 \u0111\u1ed9ng<\/figcaption><\/figure>    <h2 class=\"wp-block-heading\" id=\"high-capacity-60t-d-rice-milling-machine-s-features\">C\u00e1c t\u00ednh n\u0103ng c\u1ee7a m\u00e1y xay x\u00e1t g\u1ea1o c\u00f4ng su\u1ea5t cao\u00a060T\/D:<\/h2>    <p>1. D\u00e2y chuy\u1ec1n s\u1ea3n xu\u1ea5t n\u00e0y ph\u00f9 h\u1ee3p \u0111\u1ec3 b\u1ed5 sung nhi\u1ec1u lo\u1ea1i g\u1ea1o kh\u00e1c nhau, c\u00f3 nhi\u1ec1u \u1ee9ng d\u1ee5ng, n\u0103ng su\u1ea5t l\u00faa cao v\u00e0 t\u1ef7 l\u1ec7 g\u1ea1o v\u1ee1 th\u1ea5p.<\/p>    <p>2. Nhi\u1ec1u m\u00e1y xay x\u00e1t g\u1ea1o c\u00f3 th\u1ec3 t\u1ea1o ra g\u1ea1o c\u00f3 \u0111\u1ed9 ch\u00ednh x\u00e1c cao v\u00e0 ch\u1ea5t l\u01b0\u1ee3ng cao, ph\u00f9 h\u1ee3p h\u01a1n v\u1edbi nhu c\u1ea7u kinh doanh.<\/p>    <p>3. N\u00f3 \u0111\u01b0\u1ee3c k\u1ebft h\u1ee3p v\u1edbi m\u1ed9t m\u00e0n h\u00ecnh l\u00e0m s\u1ea1ch v\u00e0 m\u00e1y lo\u1ea1i b\u1ecf \u0111\u00e1 ri\u00eang bi\u1ec7t, hi\u1ec7u qu\u1ea3 lo\u1ea1i b\u1ecf t\u1ea1p ch\u1ea5t v\u00e0 \u0111\u00e1 l\u00e0 t\u1ed1t h\u01a1n.<\/p>    <p>4. B\u1ea1n c\u0169ng c\u00f3 th\u1ec3 l\u1eafp \u0111\u1eb7t m\u1ed9t m\u00e1y \u0111\u00e1nh b\u00f3ng \u0111\u1ec3 l\u00e0m cho g\u1ea1o trong h\u01a1n v\u00e0 c\u00f3 ch\u1ea5t l\u01b0\u1ee3ng t\u1ed1t h\u01a1n.<\/p>    <p>5. S\u1eed d\u1ee5ng l\u01b0\u1edbi h\u00fat kh\u00ed b\u00ean ngo\u00e0i \u0111\u1ec3 gi\u1ea3m \u00f4 nhi\u1ec5m b\u1ee5i v\u00e0 c\u1ea3i thi\u1ec7n m\u00f4i tr\u01b0\u1eddng l\u00e0m vi\u1ec7c.<\/p>    <p>6. C\u00f3 quy tr\u00ecnh k\u1ef9 thu\u1eadt ho\u00e0n ch\u1ec9nh v\u00e0 b\u1ed9 thi\u1ebft b\u1ecb s\u1ea3n xu\u1ea5t \u0111\u1ea7y \u0111\u1ee7, bao g\u1ed3m l\u00e0m s\u1ea1ch, lo\u1ea1i b\u1ecf \u0111\u00e1, b\u00f3c v\u1ecf, xay x\u00e1t g\u1ea1o, ph\u00e2n lo\u1ea1i, \u0111\u00e1nh b\u00f3ng, ph\u00e2n lo\u1ea1i m\u00e0u s\u1eafc, l\u1ef1a ch\u1ecdn, c\u00e2n t\u1ef1 \u0111\u1ed9ng, \u0111\u00f3ng g\u00f3i, v.v.<\/p>    <h2 class=\"wp-block-heading\" id=\"packing-and-shipping-of-rice-milling-machine-unit\">\u0110\u00f3ng g\u00f3i v\u00e0 v\u1eadn chuy\u1ec3n m\u00e1y xay x\u00e1t g\u1ea1o<\/h2>    <figure class=\"wp-block-gallery has-nested-images columns-2 is-cropped wp-block-gallery-3 is-layout-flex wp-block-gallery-is-layout-flex\"> <figure class=\"wp-block-image size-large\"><img loading=\"lazy\" decoding=\"async\" width=\"720\" height=\"540\" data-id=\"2679\" src=\"https:\/\/taizyfarmequipment.com\/wp-content\/uploads\/2022\/02\/20-tuya_720_540.jpg\" alt=\"m\u00e0ng b\u1ecdc tr\u00ean m\u00e1y xay l\u00faa\" class=\"wp-image-2679\" title=\"m\u00e0ng b\u1ecdc tr\u00ean m\u00e1y xay l\u00faa\" srcset=\"https:\/\/taizyfarmequipment.com\/wp-content\/uploads\/2022\/02\/20-tuya_720_540.jpg 720w, https:\/\/taizyfarmequipment.com\/wp-content\/uploads\/2022\/02\/20-tuya_720_540-300x225.jpg 300w\" sizes=\"auto, (max-width: 720px) 100vw, 720px\" \/><figcaption>M\u00e0ng b\u1ecdc tr\u00ean m\u00e1y xay x\u00e1t g\u1ea1o<\/figcaption><\/figure>    <figure class=\"wp-block-image size-large\"><img loading=\"lazy\" decoding=\"async\" width=\"720\" height=\"540\" data-id=\"2682\" src=\"https:\/\/taizyfarmequipment.com\/wp-content\/uploads\/2022\/02\/21-tuya_720_540-1.jpg\" alt=\"g\u00f3i g\u1ed7 c\u1ee7a m\u00e1y xay g\u1ea1o 60T\" class=\"wp-image-2682\" title=\"g\u00f3i g\u1ed7 c\u1ee7a m\u00e1y xay g\u1ea1o 60T\" srcset=\"https:\/\/taizyfarmequipment.com\/wp-content\/uploads\/2022\/02\/21-tuya_720_540-1.jpg 720w, https:\/\/taizyfarmequipment.com\/wp-content\/uploads\/2022\/02\/21-tuya_720_540-1-300x225.jpg 300w\" sizes=\"auto, (max-width: 720px) 100vw, 720px\" \/><figcaption>g\u00f3i g\u1ed7 c\u1ee7a m\u00e1y xay g\u1ea1o 60T<\/figcaption><\/figure>    <figure class=\"wp-block-image size-large\"><img loading=\"lazy\" decoding=\"async\" width=\"720\" height=\"540\" data-id=\"2683\" src=\"https:\/\/taizyfarmequipment.com\/wp-content\/uploads\/2022\/02\/22-tuya_720_540.jpg\" alt=\"g\u00f3i g\u1ed7\" class=\"wp-image-2683\" title=\"g\u00f3i g\u1ed7\" srcset=\"https:\/\/taizyfarmequipment.com\/wp-content\/uploads\/2022\/02\/22-tuya_720_540.jpg 720w, https:\/\/taizyfarmequipment.com\/wp-content\/uploads\/2022\/02\/22-tuya_720_540-300x225.jpg 300w\" sizes=\"auto, (max-width: 720px) 100vw, 720px\" \/><figcaption>g\u00f3i g\u1ed7<\/figcaption><\/figure>    <figure class=\"wp-block-image size-large\"><img loading=\"lazy\" decoding=\"async\" width=\"720\" height=\"540\" data-id=\"2684\" src=\"https:\/\/taizyfarmequipment.com\/wp-content\/uploads\/2022\/02\/23-tuya_720_540-1.jpg\" alt=\"t\u1ea3i nh\u00e0 m\u00e1y xay l\u00faa\" class=\"wp-image-2684\" title=\"t\u1ea3i nh\u00e0 m\u00e1y xay l\u00faa\" srcset=\"https:\/\/taizyfarmequipment.com\/wp-content\/uploads\/2022\/02\/23-tuya_720_540-1.jpg 720w, https:\/\/taizyfarmequipment.com\/wp-content\/uploads\/2022\/02\/23-tuya_720_540-1-300x225.jpg 300w\" sizes=\"auto, (max-width: 720px) 100vw, 720px\" \/><figcaption>t\u1ea3i nh\u00e0 m\u00e1y xay l\u00faa<\/figcaption><\/figure> <figcaption class=\"blocks-gallery-caption\">\u0110\u00f3ng g\u00f3i v\u00e0 v\u1eadn chuy\u1ec3n m\u00e1y xay x\u00e1t g\u1ea1o<\/figcaption><\/figure>","protected":false},"excerpt":{"rendered":"<p>M\u00e1y xay g\u1ea1o c\u00f3 th\u1ec3 ch\u1ebf bi\u1ebfn l\u00faa th\u00e0nh g\u1ea1o. Phi\u00ean b\u1ea3n c\u01a1 b\u1ea3n c\u1ee7a m\u00e1y xay g\u1ea1o 60T\/D bao g\u1ed3m m\u00e1y l\u00e0m s\u1ea1ch k\u1ebft h\u1ee3p, m\u00e1y lo\u1ea1i b\u1ecf \u0111\u00e1, m\u00e1y xay v\u1ecf, m\u00e1y t\u00e1ch l\u00faa b\u1eb1ng tr\u1ecdng l\u1ef1c, m\u00e1y xay g\u1ea1o v\u00e0 m\u00e1y ph\u00e2n lo\u1ea1i g\u1ea1o. <\/p>","protected":false},"author":1,"featured_media":2673,"parent":0,"template":"","tags":[141,147,146,145,142],"product-type":[132],"class_list":["post-2583","product","type-product","status-publish","has-post-thumbnail","hentry","tag-automatic-rice-milling-machine","tag-automatic-rice-milling-machine-production-line","tag-combined-set-rice-milling-machine","tag-rice-mill-plant","tag-rice-milling-machine-unit","product-type-rice-mill"],"_links":{"self":[{"href":"https:\/\/taizyfarmequipment.com\/vi\/wp-json\/wp\/v2\/product\/2583","targetHints":{"allow":["GET"]}}],"collection":[{"href":"https:\/\/taizyfarmequipment.com\/vi\/wp-json\/wp\/v2\/product"}],"about":[{"href":"https:\/\/taizyfarmequipment.com\/vi\/wp-json\/wp\/v2\/types\/product"}],"author":[{"embeddable":true,"href":"https:\/\/taizyfarmequipment.com\/vi\/wp-json\/wp\/v2\/users\/1"}],"wp:featuredmedia":[{"embeddable":true,"href":"https:\/\/taizyfarmequipment.com\/vi\/wp-json\/wp\/v2\/media\/2673"}],"wp:attachment":[{"href":"https:\/\/taizyfarmequipment.com\/vi\/wp-json\/wp\/v2\/media?parent=2583"}],"wp:term":[{"taxonomy":"post_tag","embeddable":true,"href":"https:\/\/taizyfarmequipment.com\/vi\/wp-json\/wp\/v2\/tags?post=2583"},{"taxonomy":"product-type","embeddable":true,"href":"https:\/\/taizyfarmequipment.com\/vi\/wp-json\/wp\/v2\/product-type?post=2583"}],"curies":[{"name":"wp","href":"https:\/\/api.w.org\/{rel}","templated":true}]}}