{"id":2584,"date":"2022-02-21T06:13:05","date_gmt":"2022-02-21T06:13:05","guid":{"rendered":"https:\/\/taizyfarmequipment.com\/"},"modified":"2022-11-29T17:53:29","modified_gmt":"2022-11-29T09:53:29","slug":"may-tach-thoc-bang-trong-luc","status":"publish","type":"product","link":"https:\/\/taizyfarmequipment.com\/vi\/product\/gravity-paddy-separator\/","title":{"rendered":"M\u00e1y t\u00e1ch th\u00f3c tr\u1ecdng l\u1ef1c trong m\u00e1y xay l\u00faa"},"content":{"rendered":"<div class=\"kk-star-ratings kksr-auto kksr-align-left kksr-valign-top\"     data-payload='{&quot;align&quot;:&quot;left&quot;,&quot;id&quot;:&quot;2584&quot;,&quot;slug&quot;:&quot;default&quot;,&quot;valign&quot;:&quot;top&quot;,&quot;ignore&quot;:&quot;&quot;,&quot;reference&quot;:&quot;auto&quot;,&quot;class&quot;:&quot;&quot;,&quot;count&quot;:&quot;9&quot;,&quot;legendonly&quot;:&quot;&quot;,&quot;readonly&quot;:&quot;&quot;,&quot;score&quot;:&quot;4.7&quot;,&quot;starsonly&quot;:&quot;&quot;,&quot;best&quot;:&quot;5&quot;,&quot;gap&quot;:&quot;5&quot;,&quot;greet&quot;:&quot;Rate this product&quot;,&quot;legend&quot;:&quot;4.7\\\/5 - (9 b\u00ecnh ch\u1ecdn)&quot;,&quot;size&quot;:&quot;24&quot;,&quot;title&quot;:&quot;Gravity paddy separator in rice mill unit&quot;,&quot;width&quot;:&quot;133.8&quot;,&quot;_legend&quot;:&quot;{score}\\\/{best} - ({count} {votes})&quot;,&quot;font_factor&quot;:&quot;1.25&quot;}'>              <div class=\"kksr-stars\">      <div class=\"kksr-stars-inactive\">             <div class=\"kksr-star\" data-star=\"1\" style=\"padding-right: 5px\">               <div class=\"kksr-icon\" style=\"width: 24px; height: 24px;\"><\/div>         <\/div>             <div class=\"kksr-star\" data-star=\"2\" style=\"padding-right: 5px\">               <div class=\"kksr-icon\" style=\"width: 24px; height: 24px;\"><\/div>         <\/div>             <div class=\"kksr-star\" data-star=\"3\" style=\"padding-right: 5px\">               <div class=\"kksr-icon\" style=\"width: 24px; height: 24px;\"><\/div>         <\/div>             <div class=\"kksr-star\" data-star=\"4\" style=\"padding-right: 5px\">               <div class=\"kksr-icon\" style=\"width: 24px; height: 24px;\"><\/div>         <\/div>             <div class=\"kksr-star\" data-star=\"5\" style=\"padding-right: 5px\">               <div class=\"kksr-icon\" style=\"width: 24px; height: 24px;\"><\/div>         <\/div>     <\/div>      <div class=\"kksr-stars-active\" style=\"width: 133.8px;\">             <div class=\"kksr-star\" style=\"padding-right: 5px\">               <div class=\"kksr-icon\" style=\"width: 24px; height: 24px;\"><\/div>         <\/div>             <div class=\"kksr-star\" style=\"padding-right: 5px\">               <div class=\"kksr-icon\" style=\"width: 24px; height: 24px;\"><\/div>         <\/div>             <div class=\"kksr-star\" style=\"padding-right: 5px\">               <div class=\"kksr-icon\" style=\"width: 24px; height: 24px;\"><\/div>         <\/div>             <div class=\"kksr-star\" style=\"padding-right: 5px\">               <div class=\"kksr-icon\" style=\"width: 24px; height: 24px;\"><\/div>         <\/div>             <div class=\"kksr-star\" style=\"padding-right: 5px\">               <div class=\"kksr-icon\" style=\"width: 24px; height: 24px;\"><\/div>         <\/div>     <\/div> <\/div>                   <div class=\"kksr-legend\" style=\"font-size: 19.2px;\">             4.7\/5 - (9 l\u01b0\u1ee3t b\u00ecnh ch\u1ecdn)    <\/div>     <\/div>  <h2 class=\"wp-block-heading\" id=\"h-introduction-of-gravity-paddy-separator\">Gi\u1edbi thi\u1ec7u m\u00e1y t\u00e1ch th\u00f3c tr\u1ecdng l\u1ef1c<\/h2>    <p class=\"translation-block\">M\u1ed9t m\u00e1y t\u00e1ch th\u00f3c theo tr\u1ecdng l\u1ef1c l\u00e0 m\u1ed9t thi\u1ebft b\u1ecb t\u00e1ch g\u1ea1o l\u1ee9c kh\u1ecfi th\u00f3c d\u1ef1a tr\u00ean s\u1ef1 kh\u00e1c bi\u1ec7t v\u1ec1 tr\u1ecdng l\u1ef1c v\u00e0 ma s\u00e1t b\u1ec1 m\u1eb7t. N\u00f3 c\u00f3 th\u1ec3 t\u00e1ch h\u1ed7n h\u1ee3p th\u00f3c v\u00e0 g\u1ea1o l\u1ee9c th\u00e0nh ba lo\u1ea1i. Th\u1ee9 nh\u1ea5t l\u00e0 g\u1ea1o l\u1ee9c s\u1ebd \u0111i v\u00e0o m\u00e1y xay x\u00e1t. Th\u1ee9 hai l\u00e0 h\u1ed7n h\u1ee3p g\u1ea1o l\u1ee9c v\u00e0 th\u00f3c s\u1ebd quay l\u1ea1i m\u00e1y t\u00e1ch theo tr\u1ecdng l\u1ef1c. V\u00e0 th\u1ee9 ba l\u00e0 th\u00f3c, s\u1ebd quay l\u1ea1i m\u00e1y tu\u1ed1t \u0111\u1ec3 tu\u1ed1t th\u00eam m\u1ed9t l\u1ea7n n\u1eefa. Th\u00f4ng th\u01b0\u1eddng, m\u00e1y n\u00e0y s\u1ebd ho\u1ea1t \u0111\u1ed9ng c\u00f9ng v\u1edbi <a href=\"https:\/\/taizyfarmequipment.com\/vi\/rice-mill-production-line\/don-vi-may-xay-gao-60-tan\/\">nh\u00e0 m\u00e1y xay x\u00e1t g\u1ea1o<\/a>. M\u00e1y n\u00e0y c\u00f3 c\u00e1c \u0111\u1eb7c \u0111i\u1ec3m nh\u01b0 hi\u1ec7u su\u1ea5t l\u00e0m vi\u1ec7c \u1ed5n \u0111\u1ecbnh, c\u01a1 ch\u1ebf \u0111i\u1ec1u ch\u1ec9nh linh ho\u1ea1t, ch\u1ee9c n\u0103ng t\u00e1ch xu\u1ea5t s\u1eafc, hi\u1ec7u su\u1ea5t c\u01a1 h\u1ecdc t\u1ed1t, v.v. <\/p>    <figure class=\"wp-block-gallery has-nested-images columns-2 is-cropped wp-block-gallery-2 is-layout-flex wp-block-gallery-is-layout-flex\"> <figure class=\"wp-block-image size-large\"><img loading=\"lazy\" decoding=\"async\" width=\"720\" height=\"540\" data-id=\"2686\" src=\"https:\/\/taizyfarmequipment.com\/wp-content\/uploads\/2022\/02\/7-tuya_720_540-1.jpg\" alt=\"ph\u00eda tr\u01b0\u1edbc m\u00e1y t\u00e1ch th\u00f3c tr\u1ecdng l\u1ef1c\" class=\"wp-image-2686\" title=\"ph\u00eda tr\u01b0\u1edbc m\u00e1y t\u00e1ch th\u00f3c tr\u1ecdng l\u1ef1c\" srcset=\"https:\/\/taizyfarmequipment.com\/wp-content\/uploads\/2022\/02\/7-tuya_720_540-1.jpg 720w, https:\/\/taizyfarmequipment.com\/wp-content\/uploads\/2022\/02\/7-tuya_720_540-1-300x225.jpg 300w\" sizes=\"auto, (max-width: 720px) 100vw, 720px\" \/><figcaption class=\"wp-element-caption\">ph\u00eda tr\u01b0\u1edbc m\u00e1y t\u00e1ch th\u00f3c tr\u1ecdng l\u1ef1c<\/figcaption><\/figure>    <figure class=\"wp-block-image size-large\"><img loading=\"lazy\" decoding=\"async\" width=\"720\" height=\"540\" data-id=\"2687\" src=\"https:\/\/taizyfarmequipment.com\/wp-content\/uploads\/2022\/02\/8-tuya_720_540.jpg\" alt=\"b\u00ean c\u1ee7a m\u00e1y t\u00e1ch th\u00f3c tr\u1ecdng l\u1ef1c\" class=\"wp-image-2687\" title=\"b\u00ean c\u1ee7a m\u00e1y t\u00e1ch th\u00f3c tr\u1ecdng l\u1ef1c\" srcset=\"https:\/\/taizyfarmequipment.com\/wp-content\/uploads\/2022\/02\/8-tuya_720_540.jpg 720w, https:\/\/taizyfarmequipment.com\/wp-content\/uploads\/2022\/02\/8-tuya_720_540-300x225.jpg 300w\" sizes=\"auto, (max-width: 720px) 100vw, 720px\" \/><figcaption class=\"wp-element-caption\">b\u00ean c\u1ee7a m\u00e1y t\u00e1ch th\u00f3c tr\u1ecdng l\u1ef1c<\/figcaption><\/figure>    <figure class=\"wp-block-image size-large\"><img loading=\"lazy\" decoding=\"async\" width=\"720\" height=\"541\" data-id=\"2688\" src=\"https:\/\/taizyfarmequipment.com\/wp-content\/uploads\/2022\/02\/9-tuya_720_541.jpg\" alt=\"m\u1eb7t sau c\u1ee7a m\u00e1y t\u00e1ch th\u00f3c tr\u1ecdng l\u1ef1c\" class=\"wp-image-2688\" title=\"m\u1eb7t sau c\u1ee7a m\u00e1y t\u00e1ch th\u00f3c tr\u1ecdng l\u1ef1c\" srcset=\"https:\/\/taizyfarmequipment.com\/wp-content\/uploads\/2022\/02\/9-tuya_720_541.jpg 720w, https:\/\/taizyfarmequipment.com\/wp-content\/uploads\/2022\/02\/9-tuya_720_541-300x225.jpg 300w\" sizes=\"auto, (max-width: 720px) 100vw, 720px\" \/><figcaption class=\"wp-element-caption\">m\u1eb7t sau c\u1ee7a m\u00e1y t\u00e1ch th\u00f3c tr\u1ecdng l\u1ef1c<\/figcaption><\/figure>    <figure class=\"wp-block-image size-large\"><img loading=\"lazy\" decoding=\"async\" width=\"720\" height=\"540\" data-id=\"2689\" src=\"https:\/\/taizyfarmequipment.com\/wp-content\/uploads\/2022\/02\/2-tuya-tuya_720_540.jpg\" alt=\"tr\u00ecnh di\u1ec5n c\u01a1m t\u00e1ch\" class=\"wp-image-2689\" title=\"tr\u00ecnh di\u1ec5n c\u01a1m t\u00e1ch\" srcset=\"https:\/\/taizyfarmequipment.com\/wp-content\/uploads\/2022\/02\/2-tuya-tuya_720_540.jpg 720w, https:\/\/taizyfarmequipment.com\/wp-content\/uploads\/2022\/02\/2-tuya-tuya_720_540-300x225.jpg 300w\" sizes=\"auto, (max-width: 720px) 100vw, 720px\" \/><figcaption class=\"wp-element-caption\">tr\u00ecnh di\u1ec5n c\u01a1m t\u00e1ch<\/figcaption><\/figure> <\/figure>    <h2 class=\"wp-block-heading\" id=\"paddy-separator-s-structure\">C\u1ea5u tr\u00fac m\u00e1y t\u00e1ch th\u00f3c<\/h2>    <p>M\u00e0n h\u00ecnh t\u00e1ch th\u00f4 tr\u1ecdng l\u1ef1c bao g\u1ed3m t\u00e1m b\u1ed9 ph\u1eadn nh\u01b0 thi\u1ebft b\u1ecb c\u1ea5p li\u1ec7u v\u00e0 tinh ch\u1ebf, thi\u1ebft b\u1ecb ph\u00e2n ph\u1ed1i, h\u1ed9p t\u00e1ch, thi\u1ebft b\u1ecb x\u1ea3, c\u01a1 c\u1ea5u \u0111i\u1ec1u ch\u1ec9nh h\u1ed7 tr\u1ee3, c\u01a1 c\u1ea5u truy\u1ec1n \u0111\u1ed9ng l\u1ec7ch t\u00e2m, thi\u1ebft b\u1ecb \u0111\u1ec7m l\u00f2 xo v\u00e0 \u0111\u1ebf m\u00e1y.<\/p>    <figure class=\"wp-block-gallery has-nested-images columns-default is-cropped wp-block-gallery-3 is-layout-flex wp-block-gallery-is-layout-flex\"> <figure class=\"wp-block-image size-large\"><img loading=\"lazy\" decoding=\"async\" width=\"720\" height=\"540\" data-id=\"2690\" src=\"https:\/\/taizyfarmequipment.com\/wp-content\/uploads\/2022\/02\/4-tuya_720_540.jpg\" alt=\"T\u1ea5m s\u00e0ng t\u00e1ch th\u00f3c\" class=\"wp-image-2690\" title=\"T\u1ea5m s\u00e0ng t\u00e1ch th\u00f3c\" srcset=\"https:\/\/taizyfarmequipment.com\/wp-content\/uploads\/2022\/02\/4-tuya_720_540.jpg 720w, https:\/\/taizyfarmequipment.com\/wp-content\/uploads\/2022\/02\/4-tuya_720_540-300x225.jpg 300w\" sizes=\"auto, (max-width: 720px) 100vw, 720px\" \/><figcaption class=\"wp-element-caption\">T\u1ea5m s\u00e0ng t\u00e1ch th\u00f3c<\/figcaption><\/figure>    <figure class=\"wp-block-image size-large\"><img loading=\"lazy\" decoding=\"async\" width=\"720\" height=\"540\" data-id=\"2691\" src=\"https:\/\/taizyfarmequipment.com\/wp-content\/uploads\/2022\/02\/5-tuya_720_540.jpg\" alt=\"\u0110\u1ed9ng c\u01a1 \u0111\u1ed3ng c\u1ee7a m\u00e1y t\u00e1ch l\u00faa\" class=\"wp-image-2691\" title=\"\u0110\u1ed9ng c\u01a1 \u0111\u1ed3ng c\u1ee7a m\u00e1y t\u00e1ch l\u00faa\" srcset=\"https:\/\/taizyfarmequipment.com\/wp-content\/uploads\/2022\/02\/5-tuya_720_540.jpg 720w, https:\/\/taizyfarmequipment.com\/wp-content\/uploads\/2022\/02\/5-tuya_720_540-300x225.jpg 300w\" sizes=\"auto, (max-width: 720px) 100vw, 720px\" \/><figcaption class=\"wp-element-caption\">\u0110\u1ed9ng c\u01a1 \u0111\u1ed3ng c\u1ee7a m\u00e1y t\u00e1ch l\u00faa<\/figcaption><\/figure> <\/figure>    <h2 class=\"wp-block-heading\" id=\"the-paddy-separator-working-principle\">Nguy\u00ean l\u00fd l\u00e0m vi\u1ec7c c\u1ee7a m\u00e1y t\u00e1ch th\u00f3c<\/h2>    <p class=\"translation-block\">Nguy\u00ean l\u00fd ho\u1ea1t \u0111\u1ed9ng l\u00e0 s\u1eed d\u1ee5ng s\u1ef1 kh\u00e1c bi\u1ec7t v\u1ec1 k\u00edch th\u01b0\u1edbc h\u1ea1t d\u1ef1a tr\u00ean vi\u1ec7c ph\u00e2n lo\u1ea1i t\u1ef1 \u0111\u1ed9ng (classifi<em>c<\/em>ation) c\u1ee7a g\u1ea1o l\u1ee9c v\u00e0 th\u00f3c. Sau \u0111\u00f3 ch\u1ecdn l\u1ed7 s\u00e0ng ph\u00f9 h\u1ee3p v\u00e0 k\u1ebft h\u1ee3p v\u1edbi m\u1ed9t quy tr\u00ecnh \u0111\u01a1n gi\u1ea3n v\u00e0 hi\u1ec7u qu\u1ea3 \u0111\u1ec3 t\u00e1ch.<\/p>    <h2 class=\"wp-block-heading\" id=\"parameter-of-the-rice-paddy-separator-machine\">Th\u00f4ng s\u1ed1 c\u1ee7a m\u00e1y t\u00e1ch th\u00f3c<\/h2>    <figure class=\"wp-block-table\"><table><tbody><tr><td>Ng\u01b0\u1eddi m\u1eabu<\/td><td>C\u00f4ng su\u1ea5t (t\/h)<\/td><td>C\u00f4ng su\u1ea5t (KW)<\/td><td>K\u00edch th\u01b0\u1edbc (L * W * H)<\/td><\/tr><tr><td>MGCZ80*6<\/td><td>0.8-1.3<\/td><td>1.1<\/td><td>1350*1000*1400<\/td><\/tr><tr><td>MGCZ80*7<\/td><td>1.1-1.5<\/td><td>1.1<\/td><td>1350*1000*1450<\/td><\/tr><tr><td>MGCZ100*6<\/td><td>1.2-1.6<\/td><td>1.1<\/td><td>1600*1250*1400<\/td><\/tr><tr><td>MGCZ100*7<\/td><td>1.6-2.1<\/td><td>1.1<\/td><td>1600*1250*1450<\/td><\/tr><tr><td>MGCZ100*8<\/td><td>2.1-2.4<\/td><td>1.1<\/td><td>1600*1250*1500<\/td><\/tr><tr><td>MGCZ100*10<\/td><td>2.5-3.2<\/td><td>1.5<\/td><td>1600*1250*1750<\/td><\/tr><tr><td>MGCZ100*12<\/td><td>3.4-4<\/td><td>1.5<\/td><td>1600*1250*1800<\/td><\/tr><tr><td>MGCZ100*14<\/td><td>4-4.9<\/td><td>1.5<\/td><td>1600*1250*1740<\/td><\/tr><tr><td>MGCZ100*16<\/td><td>4.5-5.6<\/td><td>1.5<\/td><td>1600*1250*1820<\/td><\/tr><\/tbody><\/table><figcaption class=\"wp-element-caption\">m\u00e1y t\u00e1ch l\u00faa g\u1ea1o<\/figcaption><\/figure>    <h2 class=\"wp-block-heading\" id=\"why-do-we-need-the-rice-mill-paddy-separator\">T\u1ea1i sao ch\u00fang ta c\u1ea7n m\u00e1y t\u00e1ch th\u00f3c xay l\u00faa?<\/h2>    <p class=\"translation-block\">Trong qu\u00e1 tr\u00ecnh ch\u1ebf bi\u1ebfn g\u1ea1o v\u1edbi b\u1ed9 <a href=\"https:\/\/www.agriculture-machine.com\/rice-milling-plant-machine\/\" target=\"_blank\" rel=\"noopener\">thi\u1ebft b\u1ecb xay x\u00e1t g\u1ea1o k\u1ebft h\u1ee3p<\/a>, g\u1ea1o s\u1ebd v\u00e0o m\u00e1y tu\u1ed1t con l\u0103n cao su sau khi lo\u1ea1i b\u1ecf t\u1ea1p ch\u1ea5t v\u00e0 \u0111\u00e1. Tuy nhi\u00ean, m\u00e1y tu\u1ed1t con l\u0103n cao su kh\u00f4ng th\u1ec3 lo\u1ea1i b\u1ecf 100% v\u1ecf tr\u1ea5u. V\u00ec v\u1eady l\u00fac n\u00e0y c\u1ea7n m\u1ed9t m\u00e1y t\u00e1ch th\u00f3c theo tr\u1ecdng l\u1ef1c \u0111\u1ec3 t\u00e1ch g\u1ea1o l\u1ee9c kh\u1ecfi th\u00f3c. Sau \u0111\u00f3 th\u00f3c s\u1ebd v\u00e0o l\u1ea1i m\u00e1y tu\u1ed1t.<\/p>    <figure class=\"wp-block-gallery has-nested-images columns-default is-cropped wp-block-gallery-4 is-layout-flex wp-block-gallery-is-layout-flex\"> <figure class=\"wp-block-image size-large\"><img loading=\"lazy\" decoding=\"async\" width=\"720\" height=\"540\" data-id=\"2692\" src=\"https:\/\/taizyfarmequipment.com\/wp-content\/uploads\/2022\/02\/grain-seperator-.jpg\" alt=\"\" class=\"wp-image-2692\" srcset=\"https:\/\/taizyfarmequipment.com\/wp-content\/uploads\/2022\/02\/grain-seperator-.jpg 720w, https:\/\/taizyfarmequipment.com\/wp-content\/uploads\/2022\/02\/grain-seperator--300x225.jpg 300w\" sizes=\"auto, (max-width: 720px) 100vw, 720px\" \/><\/figure>    <figure class=\"wp-block-image size-full\"><img loading=\"lazy\" decoding=\"async\" width=\"720\" height=\"540\" data-id=\"2693\" src=\"https:\/\/taizyfarmequipment.com\/wp-content\/uploads\/2022\/02\/rice-separator-.jpg\" alt=\"\" class=\"wp-image-2693\" srcset=\"https:\/\/taizyfarmequipment.com\/wp-content\/uploads\/2022\/02\/rice-separator-.jpg 720w, https:\/\/taizyfarmequipment.com\/wp-content\/uploads\/2022\/02\/rice-separator--300x225.jpg 300w\" sizes=\"auto, (max-width: 720px) 100vw, 720px\" \/><\/figure> <figcaption class=\"blocks-gallery-caption wp-element-caption\">T\u1ea1i sao ch\u00fang ta c\u1ea7n m\u00e1y t\u00e1ch th\u00f3c xay l\u00faa?<\/figcaption><\/figure>    <h2 class=\"wp-block-heading\" id=\"features-of-grain-separator\">\u0110\u1eb7c \u0111i\u1ec3m c\u1ee7a m\u00e1y t\u00e1ch h\u1ea1t<\/h2>    <ol class=\"wp-block-list\" type=\"1\"> <li>C\u1ea5u tr\u00fac nh\u1ecf g\u1ecdn v\u00e0 ho\u1ea1t \u0111\u1ed9ng thu\u1eadn ti\u1ec7n.<\/li>    <li>Thi\u1ebft k\u1ebf c\u00e2n b\u1eb1ng \u0111\u1ed9c \u0111\u00e1o, hi\u1ec7u su\u1ea5t c\u01a1 h\u1ecdc t\u1ed1t.<\/li>    <li>N\u00f3 c\u00f3 kh\u1ea3 n\u0103ng th\u00edch \u1ee9ng m\u1ea1nh m\u1ebd v\u00e0 hi\u1ec7u \u1ee9ng qu\u00e1 tr\u00ecnh \u1ed5n \u0111\u1ecbnh.<\/li>    <li>N\u00f3 l\u00e0 m\u1ed9t thi\u1ebft b\u1ecb \u0111\u1ec3 t\u00e1ch g\u1ea1o l\u1ee9t ra kh\u1ecfi <strong>h\u1ed7n h\u1ee3p<\/strong>&nbsp;g\u1ea1o l\u1ee9t v\u00e0 th\u00f3c b\u1eb1ng c\u00e1ch s\u1eed d\u1ee5ng s\u1ef1 kh\u00e1c bi\u1ec7t v\u1ec1 tr\u1ecdng l\u01b0\u1ee3ng ri\u00eang v\u00e0 ma s\u00e1t b\u1ec1 m\u1eb7t c\u1ee7a g\u1ea1o l\u1ee9t.<\/li>    <li>Hi\u1ec7u su\u1ea5t t\u00e1ch cao. V\u00e0 kh\u1ea3 n\u0103ng th\u00edch \u1ee9ng v\u1edbi ng\u0169 c\u1ed1c th\u00f4 r\u1ea5t m\u1ea1nh. Ngay c\u1ea3 khi c\u00e1c gi\u1ed1ng l\u00faa \u0111\u01b0\u1ee3c tr\u1ed9n l\u1eabn v\u00e0 k\u00edch th\u01b0\u1edbc h\u1ea1t kh\u00f4ng \u0111\u1ed3ng \u0111\u1ec1u th\u00ec \u1ea3nh h\u01b0\u1edfng \u0111\u1ebfn hi\u1ec7u qu\u1ea3 t\u00e1ch \u0111\u1ed9 nh\u00e1m v\u1eabn t\u01b0\u01a1ng \u0111\u1ed1i l\u1edbn.<\/li> <\/ol>","protected":false},"excerpt":{"rendered":"<p>M\u00e1y t\u00e1ch th\u00f3c tr\u1ecdng l\u1ef1c l\u00e0 m\u00e1y t\u00e1ch g\u1ea1o l\u1ee9t kh\u1ecfi th\u00f3c b\u1eb1ng s\u1ef1 ch\u00eanh l\u1ec7ch tr\u1ecdng l\u1ef1c v\u00e0 ma s\u00e1t b\u1ec1 m\u1eb7t.<\/p>","protected":false},"author":1,"featured_media":2685,"parent":0,"template":"","tags":[190,188],"product-type":[132],"class_list":["post-2584","product","type-product","status-publish","has-post-thumbnail","hentry","tag-grain-separator","tag-paddy-separator","product-type-rice-mill"],"_links":{"self":[{"href":"https:\/\/taizyfarmequipment.com\/vi\/wp-json\/wp\/v2\/product\/2584","targetHints":{"allow":["GET"]}}],"collection":[{"href":"https:\/\/taizyfarmequipment.com\/vi\/wp-json\/wp\/v2\/product"}],"about":[{"href":"https:\/\/taizyfarmequipment.com\/vi\/wp-json\/wp\/v2\/types\/product"}],"author":[{"embeddable":true,"href":"https:\/\/taizyfarmequipment.com\/vi\/wp-json\/wp\/v2\/users\/1"}],"wp:featuredmedia":[{"embeddable":true,"href":"https:\/\/taizyfarmequipment.com\/vi\/wp-json\/wp\/v2\/media\/2685"}],"wp:attachment":[{"href":"https:\/\/taizyfarmequipment.com\/vi\/wp-json\/wp\/v2\/media?parent=2584"}],"wp:term":[{"taxonomy":"post_tag","embeddable":true,"href":"https:\/\/taizyfarmequipment.com\/vi\/wp-json\/wp\/v2\/tags?post=2584"},{"taxonomy":"product-type","embeddable":true,"href":"https:\/\/taizyfarmequipment.com\/vi\/wp-json\/wp\/v2\/product-type?post=2584"}],"curies":[{"name":"wp","href":"https:\/\/api.w.org\/{rel}","templated":true}]}}