{"id":2586,"date":"2022-02-14T09:54:16","date_gmt":"2022-02-14T09:54:16","guid":{"rendered":"https:\/\/taizyfarmequipment.com\/"},"modified":"2025-07-15T18:00:19","modified_gmt":"2025-07-15T10:00:19","slug":"may-xay-gao-tu-dong-15-tan","status":"publish","type":"product","link":"https:\/\/taizyfarmequipment.com\/vi\/product\/15t-d-automatic-rice-milling-machine\/","title":{"rendered":"M\u00e1y xay g\u1ea1o t\u1ef1 \u0111\u1ed9ng k\u1ebft h\u1ee3p 15TPD"},"content":{"rendered":"<div class=\"kk-star-ratings kksr-auto kksr-align-left kksr-valign-top\"     data-payload='{&quot;align&quot;:&quot;left&quot;,&quot;id&quot;:&quot;2586&quot;,&quot;slug&quot;:&quot;default&quot;,&quot;valign&quot;:&quot;top&quot;,&quot;ignore&quot;:&quot;&quot;,&quot;reference&quot;:&quot;auto&quot;,&quot;class&quot;:&quot;&quot;,&quot;count&quot;:&quot;22&quot;,&quot;legendonly&quot;:&quot;&quot;,&quot;readonly&quot;:&quot;&quot;,&quot;score&quot;:&quot;4.6&quot;,&quot;starsonly&quot;:&quot;&quot;,&quot;best&quot;:&quot;5&quot;,&quot;gap&quot;:&quot;5&quot;,&quot;greet&quot;:&quot;Rate this product&quot;,&quot;legend&quot;:&quot;4.6\\\/5 - (22 b\u00ecnh ch\u1ecdn)&quot;,&quot;size&quot;:&quot;24&quot;,&quot;title&quot;:&quot;15TPD combined automatic rice milling machine&quot;,&quot;width&quot;:&quot;130.9&quot;,&quot;_legend&quot;:&quot;{score}\\\/{best} - ({count} {votes})&quot;,&quot;font_factor&quot;:&quot;1.25&quot;}'>              <div class=\"kksr-stars\">      <div class=\"kksr-stars-inactive\">             <div class=\"kksr-star\" data-star=\"1\" style=\"padding-right: 5px\">               <div class=\"kksr-icon\" style=\"width: 24px; height: 24px;\"><\/div>         <\/div>             <div class=\"kksr-star\" data-star=\"2\" style=\"padding-right: 5px\">               <div class=\"kksr-icon\" style=\"width: 24px; height: 24px;\"><\/div>         <\/div>             <div class=\"kksr-star\" data-star=\"3\" style=\"padding-right: 5px\">               <div class=\"kksr-icon\" style=\"width: 24px; height: 24px;\"><\/div>         <\/div>             <div class=\"kksr-star\" data-star=\"4\" style=\"padding-right: 5px\">               <div class=\"kksr-icon\" style=\"width: 24px; height: 24px;\"><\/div>         <\/div>             <div class=\"kksr-star\" data-star=\"5\" style=\"padding-right: 5px\">               <div class=\"kksr-icon\" style=\"width: 24px; height: 24px;\"><\/div>         <\/div>     <\/div>      <div class=\"kksr-stars-active\" style=\"width: 130.9px;\">             <div class=\"kksr-star\" style=\"padding-right: 5px\">               <div class=\"kksr-icon\" style=\"width: 24px; height: 24px;\"><\/div>         <\/div>             <div class=\"kksr-star\" style=\"padding-right: 5px\">               <div class=\"kksr-icon\" style=\"width: 24px; height: 24px;\"><\/div>         <\/div>             <div class=\"kksr-star\" style=\"padding-right: 5px\">               <div class=\"kksr-icon\" style=\"width: 24px; height: 24px;\"><\/div>         <\/div>             <div class=\"kksr-star\" style=\"padding-right: 5px\">               <div class=\"kksr-icon\" style=\"width: 24px; height: 24px;\"><\/div>         <\/div>             <div class=\"kksr-star\" style=\"padding-right: 5px\">               <div class=\"kksr-icon\" style=\"width: 24px; height: 24px;\"><\/div>         <\/div>     <\/div> <\/div>                   <div class=\"kksr-legend\" style=\"font-size: 19.2px;\">             4.6\/5 - (22 l\u01b0\u1ee3t b\u00ecnh ch\u1ecdn)    <\/div>     <\/div>  <p>M\u00e1y xay g\u1ea1o t\u1ef1 \u0111\u1ed9ng k\u1ebft h\u1ee3p 15TPD l\u00e0 m\u1ed9t d\u00e2y chuy\u1ec1n s\u1ea3n xu\u1ea5t hi\u1ec7u qu\u1ea3 v\u00e0 g\u1ecdn nh\u1eb9, \u0111\u01b0\u1ee3c thi\u1ebft k\u1ebf cho vi\u1ec7c ch\u1ebf bi\u1ebfn g\u1ea1o quy m\u00f4 nh\u1ecf \u0111\u1ebfn v\u1eeba. Thi\u1ebft b\u1ecb n\u00e0y t\u00edch h\u1ee3p c\u00e1c ch\u1ee9c n\u0103ng xay g\u1ea1o thi\u1ebft y\u1ebfu nh\u01b0 l\u00e0m s\u1ea1ch l\u00faa, t\u00e1ch \u0111\u00e1, xay v\u1ecf, t\u00e1ch bi\u1ec7t, xay v\u00e0 ph\u00e2n lo\u1ea1i th\u00e0nh m\u1ed9t h\u1ec7 th\u1ed1ng ho\u00e0n ch\u1ec9nh. <\/p>    <p>V\u1edbi c\u00f4ng su\u1ea5t ch\u1ebf bi\u1ebfn 15 t\u1ea5n m\u1ed7i ng\u00e0y, n\u00f3 \u0111\u1ea3m b\u1ea3o s\u1ea3n l\u01b0\u1ee3ng cao v\u1edbi s\u1ef1 tham gia lao \u0111\u1ed9ng t\u1ed1i thi\u1ec3u. L\u00fd t\u01b0\u1edfng cho c\u00e1c nh\u00e0 m\u00e1y xay g\u1ea1o n\u00f4ng th\u00f4n, h\u1ee3p t\u00e1c x\u00e3 n\u00f4ng nghi\u1ec7p v\u00e0 c\u00e1c nh\u00e0 m\u00e1y ch\u1ebf bi\u1ebfn nh\u1ecf.<\/p>    <figure class=\"wp-block-embed is-type-video is-provider-youtube wp-block-embed-youtube wp-embed-aspect-16-9 wp-has-aspect-ratio\"><div class=\"wp-block-embed__wrapper\"> <iframe loading=\"lazy\" title=\"L\u1eafp \u0111\u1eb7t nh\u00e0 m\u00e1y xay g\u1ea1o 15TPD t\u1ea1i Ch\u00e2u Phi | Nghi\u00ean c\u1ee9u tr\u01b0\u1eddng h\u1ee3p kh\u00e1ch h\u00e0ng #g\u1ea1o #nh\u00e0xayg\u1ea1o #n\u00f4ngnghi\u1ec7p #n\u00f4ngnghi\u1ec7p\" width=\"500\" height=\"281\" src=\"https:\/\/www.youtube.com\/embed\/ABQTQ46Z1JI?feature=oembed\" frameborder=\"0\" allow=\"accelerometer; autoplay; clipboard-write; encrypted-media; gyroscope; picture-in-picture; web-share\" referrerpolicy=\"strict-origin-when-cross-origin\" allowfullscreen><\/iframe> <\/div><figcaption class=\"wp-element-caption\">Video l\u00e0m vi\u1ec7c c\u1ee7a nh\u00e0 m\u00e1y xay g\u1ea1o 15 t\u1ea5n<\/figcaption><\/figure>    <h2 class=\"wp-block-heading\" id=\"introduction-of-the-emery-roller-rice-mill-machine\">M\u00e1y xay g\u1ea1o t\u1ef1 \u0111\u1ed9ng 15TPD \u0111\u1ec3 b\u00e1n<\/h2>    <p>M\u00e1y xay g\u1ea1o t\u1ef1 \u0111\u1ed9ng chuy\u1ec3n \u0111\u1ed5i g\u1ea1o l\u1ee9t th\u00e0nh g\u1ea1o tr\u1eafng m\u1ed9t c\u00e1ch hi\u1ec7u qu\u1ea3, \u0111\u1eb7c bi\u1ec7t ph\u00f9 h\u1ee3p cho c\u00e1c lo\u1ea1i g\u1ea1o d\u00e0i nh\u1edd v\u00e0o c\u00e1c con l\u0103n nh\u00e1m c\u1ee7a ch\u00fang. C\u00e1c m\u1eabu c\u1ee7a ch\u00fang t\u00f4i\u2014MNMS15B, MNMS18 v\u00e0 MNMS25\u2014cung c\u1ea5p c\u00e1c c\u00f4ng su\u1ea5t kh\u00e1c nhau theo gi\u1edd \u0111\u1ec3 \u0111\u00e1p \u1ee9ng nhu c\u1ea7u s\u1ea3n xu\u1ea5t \u0111a d\u1ea1ng. <\/p>    <p>Nh\u1ecf g\u1ecdn v\u00e0 hi\u1ec7u qu\u1ea3, ch\u00fang \u0111\u1ea3m b\u1ea3o t\u1ef7 l\u1ec7 h\u1ecfng h\u00f3c th\u1ea5p v\u00e0 t\u00e1ch c\u00e1m hi\u1ec7u qu\u1ea3. Khi \u0111\u01b0\u1ee3c s\u1eed d\u1ee5ng trong m\u1ed9t d\u00e2y chuy\u1ec1n xay x\u00e1t g\u1ea1o k\u1ebft h\u1ee3p, nhi\u1ec1u m\u00e1y c\u00f3 th\u1ec3 \u0111\u01b0\u1ee3c c\u1ea5u h\u00ecnh \u0111\u1ec3 \u0111\u1ea1t n\u0103ng su\u1ea5t cao h\u01a1n v\u00e0 hi\u1ec7u su\u1ea5t xay x\u00e1t t\u1ed1t h\u01a1n d\u1ef1a tr\u00ean y\u00eau c\u1ea7u c\u1ee5 th\u1ec3 c\u1ee7a b\u1ea1n.<\/p>    <figure class=\"wp-block-image size-full\"><img loading=\"lazy\" decoding=\"async\" width=\"720\" height=\"540\" src=\"https:\/\/taizyfarmequipment.com\/wp-content\/uploads\/2022\/02\/05_720_540-1.jpg\" alt=\"m\u00e1y nghi\u1ec1n g\u1ea1o con l\u0103n\" class=\"wp-image-2633\" title=\"m\u00e1y nghi\u1ec1n g\u1ea1o con l\u0103n\" srcset=\"https:\/\/taizyfarmequipment.com\/wp-content\/uploads\/2022\/02\/05_720_540-1.jpg 720w, https:\/\/taizyfarmequipment.com\/wp-content\/uploads\/2022\/02\/05_720_540-1-300x225.jpg 300w\" sizes=\"auto, (max-width: 720px) 100vw, 720px\" \/><figcaption class=\"wp-element-caption\">m\u00e1y nghi\u1ec1n g\u1ea1o con l\u0103n<\/figcaption><\/figure>    <h2 class=\"wp-block-heading\" id=\"the-structure-of-the-rice-milling-machine\">C\u1ea5u tr\u00fac m\u00e1y xay g\u1ea1o<\/h2>    <div class=\"wp-block-media-text is-stacked-on-mobile\"><figure class=\"wp-block-media-text__media\"><img loading=\"lazy\" decoding=\"async\" width=\"720\" height=\"540\" src=\"https:\/\/taizyfarmequipment.com\/wp-content\/uploads\/2022\/02\/rice-milling-machines-structure_720_540.jpg\" alt=\"c\u1ea5u t\u1ea1o c\u1ee7a m\u00e1y xay x\u00e1t g\u1ea1o\" class=\"wp-image-2634 size-full\" srcset=\"https:\/\/taizyfarmequipment.com\/wp-content\/uploads\/2022\/02\/rice-milling-machines-structure_720_540.jpg 720w, https:\/\/taizyfarmequipment.com\/wp-content\/uploads\/2022\/02\/rice-milling-machines-structure_720_540-300x225.jpg 300w\" sizes=\"auto, (max-width: 720px) 100vw, 720px\" \/><\/figure><div class=\"wp-block-media-text__content\"> <p>M\u00e1y xay x\u00e1t g\u1ea1o t\u1ef1 \u0111\u1ed9ng bao g\u1ed3m ph\u1ec5u, con l\u0103n gi\u0169a, s\u00e0ng, tay c\u1ea7m, qu\u1ea3 c\u00e2n, m\u00e1y l\u1ecdc kh\u00f4ng kh\u00ed, c\u1eeda x\u1ea3, v.v.<\/p> <\/div><\/div>    <h3 class=\"wp-block-heading\">Ch\u1ee9c n\u0103ng c\u1ee7a t\u1eebng ph\u1ea7n c\u1ee7a c\u00e1c \u0111\u01a1n v\u1ecb m\u00e1y xay g\u1ea1o<\/h3>    <div class=\"wp-block-media-text has-media-on-the-right is-stacked-on-mobile\"><div class=\"wp-block-media-text__content\"> <ul class=\"wp-block-list\"> <li><strong>Ph\u1ec5u<\/strong>. G\u1ea1o l\u1ee9t \u0111\u01b0\u1ee3c n\u1ea1p v\u00e0o m\u00e1y qua l\u1ed1i v\u00e0o n\u00e0y.<\/li>    <li><strong>Con l\u0103n nh\u00e1m v\u00e0 s\u00e0ng<\/strong>. G\u1ea1o \u0111\u01b0\u1ee3c xay khi n\u00f3 c\u1ecd x\u00e1t gi\u1eefa con l\u0103n nh\u00e1m v\u00e0 m\u00e0n l\u1ecdc, v\u00e0 l\u1edbp c\u00e1m r\u01a1i ra qua l\u01b0\u1edbi.<\/li>    <li><strong>Tay c\u1ea7m<\/strong>. \u0110\u01b0\u1ee3c s\u1eed d\u1ee5ng \u0111\u1ec3 ki\u1ec3m so\u00e1t l\u01b0\u1ee3ng g\u1ea1o l\u1ee9t r\u01a1i v\u00e0o bu\u1ed3ng xay.<\/li>    <li><strong>Tr\u1ecdng l\u01b0\u1ee3ng<\/strong>. \u0110i\u1ec1u ch\u1ec9nh \u00e1p l\u1ef1c xay \u0111\u1ec3 ki\u1ec3m so\u00e1t m\u1ee9c \u0111\u1ed9 xay g\u1ea1o.<\/li>    <li><strong>M\u00e1y l\u1ecdc kh\u00f4ng kh\u00ed<\/strong>. Th\u1ed5i ra l\u1edbp c\u00e1m g\u1ea1o \u0111\u00e3 t\u00e1ch ra kh\u1ecfi m\u00e1y.<\/li>    <li><strong>\u1ed4 c\u1eafm<\/strong>. G\u1ea1o tr\u1eafng \u0111\u00e3 ch\u1ebf bi\u1ebfn \u0111\u01b0\u1ee3c th\u1ea3i ra qua l\u1ed1i ra n\u00e0y.<\/li> <\/ul> <\/div><figure class=\"wp-block-media-text__media\"><img loading=\"lazy\" decoding=\"async\" width=\"720\" height=\"540\" src=\"https:\/\/taizyfarmequipment.com\/wp-content\/uploads\/2022\/02\/15TD-combined-automatic-rice-milling-machine.webp\" alt=\"M\u00e1y xay x\u00e1t g\u1ea1o t\u1ef1 \u0111\u1ed9ng li\u00ean h\u1ee3p 15TD\" class=\"wp-image-4541 size-full\" srcset=\"https:\/\/taizyfarmequipment.com\/wp-content\/uploads\/2022\/02\/15TD-combined-automatic-rice-milling-machine.webp 720w, https:\/\/taizyfarmequipment.com\/wp-content\/uploads\/2022\/02\/15TD-combined-automatic-rice-milling-machine-300x225.webp 300w, https:\/\/taizyfarmequipment.com\/wp-content\/uploads\/2022\/02\/15TD-combined-automatic-rice-milling-machine-16x12.webp 16w\" sizes=\"auto, (max-width: 720px) 100vw, 720px\" \/><\/figure><\/div>    <h2 class=\"wp-block-heading\" id=\"the-working-principle-of-the-rice-polisher\">M\u00e1y xay g\u1ea1o ho\u1ea1t \u0111\u1ed9ng nh\u01b0 th\u1ebf n\u00e0o?<\/h2>    <div class=\"wp-block-media-text is-stacked-on-mobile\"><figure class=\"wp-block-media-text__media\"><img loading=\"lazy\" decoding=\"async\" width=\"720\" height=\"540\" src=\"https:\/\/taizyfarmequipment.com\/wp-content\/uploads\/2022\/02\/15TD-combined-automatic-rice-milling-machine-for-sale.webp\" alt=\"C\u1ea7n b\u00e1n m\u00e1y xay x\u00e1t g\u1ea1o t\u1ef1 \u0111\u1ed9ng li\u00ean h\u1ee3p 15TD\" class=\"wp-image-4540 size-full\" srcset=\"https:\/\/taizyfarmequipment.com\/wp-content\/uploads\/2022\/02\/15TD-combined-automatic-rice-milling-machine-for-sale.webp 720w, https:\/\/taizyfarmequipment.com\/wp-content\/uploads\/2022\/02\/15TD-combined-automatic-rice-milling-machine-for-sale-300x225.webp 300w, https:\/\/taizyfarmequipment.com\/wp-content\/uploads\/2022\/02\/15TD-combined-automatic-rice-milling-machine-for-sale-16x12.webp 16w\" sizes=\"auto, (max-width: 720px) 100vw, 720px\" \/><\/figure><div class=\"wp-block-media-text__content\"> <ul class=\"wp-block-list\"> <li><strong>Ph\u1ec5u cho \u0103n<\/strong>. G\u1ea1o l\u1ee9t \u0111\u01b0\u1ee3c \u0111\u01b0a v\u00e0o m\u00e1y qua ph\u1ec5u n\u1ea1p.<\/li>    <li><strong>\u0110\u1ea7u v\u00edt<\/strong>. H\u01b0\u1edbng d\u1eabn g\u1ea1o v\u00e0o bu\u1ed3ng tr\u1eafng h\u00f3a v\u00e0 d\u1eabn n\u00f3 \u0111\u1ebfn con l\u0103n nh\u00e1m.<\/li>    <li><strong>Con l\u0103n nh\u00e1m<\/strong>. Khi g\u1ea1o xo\u1eafn quanh con l\u0103n quay, b\u1ec1 m\u1eb7t m\u00e0i m\u00f2n s\u1ebd xay l\u1edbp v\u1ecf.<\/li>    <li><strong>Qu\u1ea1t th\u1ed5i<\/strong>. Ho\u1ea1t \u0111\u1ed9ng \u0111\u1ed3ng th\u1eddi \u0111\u1ec3 h\u1ed7 tr\u1ee3 trong vi\u1ec7c t\u00e1ch b\u1ed9t c\u00e1m ra kh\u1ecfi g\u1ea1o.<\/li>    <li><strong>R\u00e2y<\/strong>. Cho ph\u00e9p c\u00e1m \u0111\u01b0\u1ee3c th\u1ea3i ra kh\u1ecfi bu\u1ed3ng, \u0111\u1ec3 l\u1ea1i g\u1ea1o s\u1ea1ch, tr\u1eafng.<\/li> <\/ul> <\/div><\/div>    <h2 class=\"wp-block-heading\" id=\"parameter-of-the-rice-polishing-machine\">Th\u00f4ng s\u1ed1 c\u1ee7a <a href=\"https:\/\/en.wikipedia.org\/wiki\/Rice_mill\" data-type=\"link\" data-id=\"https:\/\/en.wikipedia.org\/wiki\/Rice_mill\" target=\"_blank\" rel=\"noopener\">nh\u00e0 m\u00e1y xay g\u1ea1o<\/a> m\u00e1y m\u00f3c<\/h2>    <figure class=\"wp-block-table\"><table><tbody><tr><td>Ng\u01b0\u1eddi m\u1eabu<\/td><td>C\u00f4ng su\u1ea5t (t\/h)<\/td><td>C\u00f4ng su\u1ea5t(kw)<\/td><td>K\u00edch th\u01b0\u1edbc (L * W * H)<\/td><\/tr><tr><td>MNMS15B<\/td><td>0.8-1.25<\/td><td>18.5-22<\/td><td>1090*580*1420mm<\/td><\/tr><tr><td>MNMS18<\/td><td>2-3<\/td><td>22-30<\/td><td>1245*650*1660mm<\/td><\/tr><tr><td>MNMS25<\/td><td>3.5-4.5<\/td><td>37-45<\/td><td>1350*750*1800mm<\/td><\/tr><\/tbody><\/table><figcaption class=\"wp-element-caption\">Th\u00f4ng s\u1ed1 c\u1ee7a m\u00e1y \u0111\u00e1nh b\u00f3ng g\u1ea1o<\/figcaption><\/figure>    <figure class=\"wp-block-image size-full\"><img loading=\"lazy\" decoding=\"async\" width=\"720\" height=\"540\" src=\"https:\/\/taizyfarmequipment.com\/wp-content\/uploads\/2022\/02\/automatic-rice-milling-machine.webp\" alt=\"m\u00e1y xay x\u00e1t g\u1ea1o t\u1ef1 \u0111\u1ed9ng\" class=\"wp-image-4542\" srcset=\"https:\/\/taizyfarmequipment.com\/wp-content\/uploads\/2022\/02\/automatic-rice-milling-machine.webp 720w, https:\/\/taizyfarmequipment.com\/wp-content\/uploads\/2022\/02\/automatic-rice-milling-machine-300x225.webp 300w, https:\/\/taizyfarmequipment.com\/wp-content\/uploads\/2022\/02\/automatic-rice-milling-machine-16x12.webp 16w\" sizes=\"auto, (max-width: 720px) 100vw, 720px\" \/><figcaption class=\"wp-element-caption\">m\u00e1y xay x\u00e1t g\u1ea1o t\u1ef1 \u0111\u1ed9ng<\/figcaption><\/figure>    <h2 class=\"wp-block-heading\" id=\"the-features-of-rice-milling-machine-for-sale\">C\u00e1c t\u00ednh n\u0103ng c\u1ee7a m\u00e1y xay x\u00e1t g\u1ea1o \u0111\u1ec3 b\u00e1n<\/h2>    <ol class=\"wp-block-list\"> <li>M\u00e1y s\u1ea3n xu\u1ea5t g\u1ea1o xay ch\u1ea5t l\u01b0\u1ee3ng cao v\u1edbi s\u1ef1 t\u00e1ch bi\u1ec7t s\u1ea1ch s\u1ebd c\u1ee7a c\u00e1m g\u1ea1o.<\/li>    <li>G\u1ea1o th\u00e0nh ph\u1ea9m c\u00f3 m\u00e0u tr\u1eafng, b\u00f3ng, nhi\u1ec7t \u0111\u1ed9 th\u1ea5p v\u00e0 t\u1ef7 l\u1ec7 g\u00e3y th\u1ea5p, ph\u00f9 h\u1ee3p cho vi\u1ec7c l\u01b0u tr\u1eef l\u00e2u d\u00e0i.<\/li>    <li>N\u00f3 c\u00f3 thi\u1ebft k\u1ebf nh\u1ecf g\u1ecdn, hi\u1ec7u su\u1ea5t cao v\u00e0 v\u1eadn h\u00e0nh \u0111\u01a1n gi\u1ea3n.<\/li>    <li>H\u1ec7 th\u1ed1ng lu\u1ed3ng kh\u00f4ng kh\u00ed m\u1ea1nh m\u1ebd cung c\u1ea5p g\u1ea5p \u0111\u00f4i th\u1ec3 t\u00edch kh\u00f4ng kh\u00ed so v\u1edbi c\u00e1c m\u1eabu truy\u1ec1n th\u1ed1ng, d\u1eabn \u0111\u1ebfn nhi\u1ec7t \u0111\u1ed9 g\u1ea1o th\u1ea5p h\u01a1n v\u00e0 hi\u1ec7u su\u1ea5t xay cao h\u01a1n.<\/li>    <li>\u0110\u01b0\u1ee3c trang b\u1ecb \u0111\u1ed9ng c\u01a1 g\u1eafn ph\u00eda sau v\u00e0 thi\u1ebft b\u1ecb c\u0103ng d\u00e2y, d\u1ec5 d\u00e0ng \u0111i\u1ec1u ch\u1ec9nh v\u00e0 b\u1ea3o tr\u00ec.<\/li>    <li>T\u01b0\u01a1ng th\u00edch v\u1edbi c\u00e1c con l\u0103n nh\u00e1m, con l\u0103n s\u1eaft, ho\u1eb7c s\u1ef1 k\u1ebft h\u1ee3p c\u1ee7a c\u1ea3 hai, n\u00f3 h\u1ed7 tr\u1ee3 qu\u00e1 tr\u00ecnh l\u00e0m tr\u1eafng nhi\u1ec1u giai \u0111o\u1ea1n v\u1edbi s\u1ea3n l\u01b0\u1ee3ng cao h\u01a1n, ti\u00eau th\u1ee5 n\u0103ng l\u01b0\u1ee3ng th\u1ea5p h\u01a1n v\u00e0 hi\u1ec7u qu\u1ea3 \u0111\u01b0\u1ee3c c\u1ea3i thi\u1ec7n.<\/li> <\/ol>    <figure class=\"wp-block-gallery has-nested-images columns-default is-cropped wp-block-gallery-2 is-layout-flex wp-block-gallery-is-layout-flex\"> <figure class=\"wp-block-image size-large\"><img loading=\"lazy\" decoding=\"async\" width=\"720\" height=\"540\" data-id=\"2637\" src=\"https:\/\/taizyfarmequipment.com\/wp-content\/uploads\/2022\/02\/1_720_540-1.jpg\" alt=\"b\u1ed9 ph\u1eadn m\u00e1y xay x\u00e1t g\u1ea1o\" class=\"wp-image-2637\" title=\"b\u1ed9 ph\u1eadn m\u00e1y xay x\u00e1t g\u1ea1o\" srcset=\"https:\/\/taizyfarmequipment.com\/wp-content\/uploads\/2022\/02\/1_720_540-1.jpg 720w, https:\/\/taizyfarmequipment.com\/wp-content\/uploads\/2022\/02\/1_720_540-1-300x225.jpg 300w\" sizes=\"auto, (max-width: 720px) 100vw, 720px\" \/><\/figure>    <figure class=\"wp-block-image size-large\"><img loading=\"lazy\" decoding=\"async\" width=\"720\" height=\"541\" data-id=\"2639\" src=\"https:\/\/taizyfarmequipment.com\/wp-content\/uploads\/2022\/02\/07_720_541-1.jpg\" alt=\"nh\u00e0 m\u00e1y s\u1ea3n xu\u1ea5t m\u00e1y xay l\u00faa\" class=\"wp-image-2639\" title=\"nh\u00e0 m\u00e1y s\u1ea3n xu\u1ea5t m\u00e1y xay l\u00faa\" srcset=\"https:\/\/taizyfarmequipment.com\/wp-content\/uploads\/2022\/02\/07_720_541-1.jpg 720w, https:\/\/taizyfarmequipment.com\/wp-content\/uploads\/2022\/02\/07_720_541-1-300x225.jpg 300w\" sizes=\"auto, (max-width: 720px) 100vw, 720px\" \/><\/figure>    <figure class=\"wp-block-image size-large\"><img loading=\"lazy\" decoding=\"async\" width=\"720\" height=\"540\" data-id=\"2640\" src=\"https:\/\/taizyfarmequipment.com\/wp-content\/uploads\/2022\/02\/08_720_540.jpg\" alt=\" t\u00ednh n\u0103ng c\u1ee7a m\u00e1y xay x\u00e1t g\u1ea1o\" class=\"wp-image-2640\" title=\" t\u00ednh n\u0103ng c\u1ee7a m\u00e1y xay x\u00e1t g\u1ea1o\" srcset=\"https:\/\/taizyfarmequipment.com\/wp-content\/uploads\/2022\/02\/08_720_540.jpg 720w, https:\/\/taizyfarmequipment.com\/wp-content\/uploads\/2022\/02\/08_720_540-300x225.jpg 300w\" sizes=\"auto, (max-width: 720px) 100vw, 720px\" \/><\/figure> <figcaption class=\"blocks-gallery-caption wp-element-caption\"> t\u00ednh n\u0103ng c\u1ee7a m\u00e1y xay x\u00e1t g\u1ea1o<\/figcaption><\/figure>    <h2 class=\"wp-block-heading\">H\u00e3y li\u00ean h\u1ec7 v\u1edbi ch\u00fang t\u00f4i!<\/h2>    <p>T\u00f3m l\u1ea1i, m\u00e1y xay x\u00e1t g\u1ea1o t\u1ef1 \u0111\u1ed9ng c\u1ee7a ch\u00fang t\u00f4i mang l\u1ea1i hi\u1ec7u qu\u1ea3 v\u00e0 \u0111\u1ed9 ch\u00ednh x\u00e1c ch\u01b0a t\u1eebng c\u00f3 trong ch\u1ebf bi\u1ebfn g\u1ea1o. V\u1edbi cam k\u1ebft v\u1ec1 ch\u1ea5t l\u01b0\u1ee3ng v\u00e0 s\u1ef1 \u0111\u1ed5i m\u1edbi, ch\u00fang t\u00f4i \u0111\u1ea3m b\u1ea3o r\u1eb1ng m\u1ecdi thi\u1ebft b\u1ecb \u0111\u1ec1u mang l\u1ea1i hi\u1ec7u su\u1ea5t v\u00e0 \u0111\u1ed9 tin c\u1eady t\u1ed1i \u01b0u. Ngo\u00e0i ra, ch\u00fang t\u00f4i c\u00f2n cung c\u1ea5p nhi\u1ec1u m\u1eabu m\u00e1y xay l\u00faa ph\u1ee5c v\u1ee5 cho c\u00e1c c\u00f4ng su\u1ea5t s\u1ea3n xu\u1ea5t kh\u00e1c nhau. <\/p>    <p class=\"translation-block\">Cho d\u00f9 b\u1ea1n c\u1ea7n m\u1ed9t thi\u1ebft b\u1ecb c\u00f4ng su\u1ea5t nh\u1ecf h\u01a1n hay m\u1ed9t gi\u1ea3i ph\u00e1p x\u00e1t g\u1ea1o quy m\u00f4 l\u1edbn h\u01a1n <a href=\"https:\/\/taizyfarmequipment.com\/vi\/san-pham\/nha-may-xay-gao\/\" data-type=\"link\" data-id=\"https:\/\/taizyfarmequipment.com\/product\/rice-mill\/\">gi\u1ea3i ph\u00e1p x\u00e1t g\u1ea1o<\/a>, ch\u00fang t\u00f4i c\u00f3 chuy\u00ean m\u00f4n v\u00e0 c\u00f4ng ngh\u1ec7 \u0111\u1ec3 \u0111\u00e1p \u1ee9ng nhu c\u1ea7u c\u1ee7a b\u1ea1n. Li\u00ean h\u1ec7 v\u1edbi ch\u00fang t\u00f4i ngay h\u00f4m nay \u0111\u1ec3 t\u00ecm hi\u1ec3u th\u00eam v\u00e0 y\u00eau c\u1ea7u b\u00e1o gi\u00e1.<\/p>    <figure class=\"wp-block-image size-full\"><img loading=\"lazy\" decoding=\"async\" width=\"720\" height=\"540\" src=\"https:\/\/taizyfarmequipment.com\/wp-content\/uploads\/2022\/02\/commercial-automatic-rice-milling-machine.webp\" alt=\"m\u00e1y xay x\u00e1t g\u1ea1o t\u1ef1 \u0111\u1ed9ng th\u01b0\u01a1ng m\u1ea1i\" class=\"wp-image-4543\" srcset=\"https:\/\/taizyfarmequipment.com\/wp-content\/uploads\/2022\/02\/commercial-automatic-rice-milling-machine.webp 720w, https:\/\/taizyfarmequipment.com\/wp-content\/uploads\/2022\/02\/commercial-automatic-rice-milling-machine-300x225.webp 300w, https:\/\/taizyfarmequipment.com\/wp-content\/uploads\/2022\/02\/commercial-automatic-rice-milling-machine-16x12.webp 16w\" sizes=\"auto, (max-width: 720px) 100vw, 720px\" \/><figcaption class=\"wp-element-caption\">m\u00e1y xay x\u00e1t g\u1ea1o t\u1ef1 \u0111\u1ed9ng th\u01b0\u01a1ng m\u1ea1i<\/figcaption><\/figure>","protected":false},"excerpt":{"rendered":"<p>M\u00e1y xay g\u1ea1o t\u1ef1 \u0111\u1ed9ng k\u1ebft h\u1ee3p 15TPD l\u00e0 m\u1ed9t d\u00e2y chuy\u1ec1n s\u1ea3n xu\u1ea5t hi\u1ec7u qu\u1ea3 v\u00e0 nh\u1ecf g\u1ecdn, \u0111\u01b0\u1ee3c thi\u1ebft k\u1ebf cho quy tr\u00ecnh ch\u1ebf bi\u1ebfn g\u1ea1o quy m\u00f4 nh\u1ecf \u0111\u1ebfn trung b\u00ecnh. <\/p>","protected":false},"author":1,"featured_media":2630,"parent":0,"template":"","tags":[137,138,139,140],"product-type":[132],"class_list":["post-2586","product","type-product","status-publish","has-post-thumbnail","hentry","tag-rice-mill-machine","tag-rice-milling-machine","tag-rice-polisher","tag-rice-polishing-machine","product-type-rice-mill"],"_links":{"self":[{"href":"https:\/\/taizyfarmequipment.com\/vi\/wp-json\/wp\/v2\/product\/2586","targetHints":{"allow":["GET"]}}],"collection":[{"href":"https:\/\/taizyfarmequipment.com\/vi\/wp-json\/wp\/v2\/product"}],"about":[{"href":"https:\/\/taizyfarmequipment.com\/vi\/wp-json\/wp\/v2\/types\/product"}],"author":[{"embeddable":true,"href":"https:\/\/taizyfarmequipment.com\/vi\/wp-json\/wp\/v2\/users\/1"}],"wp:featuredmedia":[{"embeddable":true,"href":"https:\/\/taizyfarmequipment.com\/vi\/wp-json\/wp\/v2\/media\/2630"}],"wp:attachment":[{"href":"https:\/\/taizyfarmequipment.com\/vi\/wp-json\/wp\/v2\/media?parent=2586"}],"wp:term":[{"taxonomy":"post_tag","embeddable":true,"href":"https:\/\/taizyfarmequipment.com\/vi\/wp-json\/wp\/v2\/tags?post=2586"},{"taxonomy":"product-type","embeddable":true,"href":"https:\/\/taizyfarmequipment.com\/vi\/wp-json\/wp\/v2\/product-type?post=2586"}],"curies":[{"name":"wp","href":"https:\/\/api.w.org\/{rel}","templated":true}]}}