{"id":2651,"date":"2022-02-16T08:55:20","date_gmt":"2022-02-16T08:55:20","guid":{"rendered":"https:\/\/taizyfarmequipment.com\/"},"modified":"2022-11-10T17:40:55","modified_gmt":"2022-11-10T09:40:55","slug":"may-uom-cay-giong-tu-dong","status":"publish","type":"product","link":"https:\/\/taizyfarmequipment.com\/vi\/product\/automatic-nursery-seedling-machine\/","title":{"rendered":"M\u00e1y \u01b0\u01a1m c\u00e2y gi\u1ed1ng t\u1ef1 \u0111\u1ed9ng - m\u00e1y gieo h\u1ea1t \u01b0\u01a1m rau"},"content":{"rendered":"<div class=\"kk-star-ratings kksr-auto kksr-align-left kksr-valign-top\"     data-payload='{&quot;align&quot;:&quot;left&quot;,&quot;id&quot;:&quot;2651&quot;,&quot;slug&quot;:&quot;default&quot;,&quot;valign&quot;:&quot;top&quot;,&quot;ignore&quot;:&quot;&quot;,&quot;reference&quot;:&quot;auto&quot;,&quot;class&quot;:&quot;&quot;,&quot;count&quot;:&quot;20&quot;,&quot;legendonly&quot;:&quot;&quot;,&quot;readonly&quot;:&quot;&quot;,&quot;score&quot;:&quot;4.5&quot;,&quot;starsonly&quot;:&quot;&quot;,&quot;best&quot;:&quot;5&quot;,&quot;gap&quot;:&quot;5&quot;,&quot;greet&quot;:&quot;Rate this product&quot;,&quot;legend&quot;:&quot;4.5\\\/5 - (20 b\u00ecnh ch\u1ecdn)&quot;,&quot;size&quot;:&quot;24&quot;,&quot;title&quot;:&quot;Automatic nursery seedling machine\u4e28vegetable nursery seeder&quot;,&quot;width&quot;:&quot;128&quot;,&quot;_legend&quot;:&quot;{score}\\\/{best} - ({count} {votes})&quot;,&quot;font_factor&quot;:&quot;1.25&quot;}'>              <div class=\"kksr-stars\">      <div class=\"kksr-stars-inactive\">             <div class=\"kksr-star\" data-star=\"1\" style=\"padding-right: 5px\">               <div class=\"kksr-icon\" style=\"width: 24px; height: 24px;\"><\/div>         <\/div>             <div class=\"kksr-star\" data-star=\"2\" style=\"padding-right: 5px\">               <div class=\"kksr-icon\" style=\"width: 24px; height: 24px;\"><\/div>         <\/div>             <div class=\"kksr-star\" data-star=\"3\" style=\"padding-right: 5px\">               <div class=\"kksr-icon\" style=\"width: 24px; height: 24px;\"><\/div>         <\/div>             <div class=\"kksr-star\" data-star=\"4\" style=\"padding-right: 5px\">               <div class=\"kksr-icon\" style=\"width: 24px; height: 24px;\"><\/div>         <\/div>             <div class=\"kksr-star\" data-star=\"5\" style=\"padding-right: 5px\">               <div class=\"kksr-icon\" style=\"width: 24px; height: 24px;\"><\/div>         <\/div>     <\/div>      <div class=\"kksr-stars-active\" style=\"width: 128px;\">             <div class=\"kksr-star\" style=\"padding-right: 5px\">               <div class=\"kksr-icon\" style=\"width: 24px; height: 24px;\"><\/div>         <\/div>             <div class=\"kksr-star\" style=\"padding-right: 5px\">               <div class=\"kksr-icon\" style=\"width: 24px; height: 24px;\"><\/div>         <\/div>             <div class=\"kksr-star\" style=\"padding-right: 5px\">               <div class=\"kksr-icon\" style=\"width: 24px; height: 24px;\"><\/div>         <\/div>             <div class=\"kksr-star\" style=\"padding-right: 5px\">               <div class=\"kksr-icon\" style=\"width: 24px; height: 24px;\"><\/div>         <\/div>             <div class=\"kksr-star\" style=\"padding-right: 5px\">               <div class=\"kksr-icon\" style=\"width: 24px; height: 24px;\"><\/div>         <\/div>     <\/div> <\/div>                   <div class=\"kksr-legend\" style=\"font-size: 19.2px;\">             4.5\/5 - (20 l\u01b0\u1ee3t b\u00ecnh ch\u1ecdn)    <\/div>     <\/div>  <p>M\u1ed9t m\u00e1y gieo h\u1ea1t m\u1eabu gi\u00e1o t\u1ef1 \u0111\u1ed9ng l\u00e0 thi\u1ebft b\u1ecb c\u00f3 th\u1ec3 gieo h\u1ea1t trong khay. V\u00e0 m\u00e1y c\u00e2y gi\u1ed1ng v\u01b0\u1eddn \u01b0\u01a1m n\u00e0y c\u00f3 th\u1ec3 ho\u00e0n th\u00e0nh vi\u1ec7c ph\u1ee7 \u0111\u1ea5t, \u0111\u1ea5m, gieo, ph\u1ee7 th\u1ee9 c\u1ea5p v\u00e0 t\u01b0\u1edbi n\u01b0\u1edbc c\u00f9ng m\u1ed9t l\u00fac. M\u00e1y tr\u1ed3ng v\u01b0\u1eddn \u01b0\u01a1m c\u00f3 c\u00e1c t\u00ednh n\u0103ng ti\u1ebft ki\u1ec7m th\u1eddi gian v\u00e0 n\u0103ng l\u01b0\u1ee3ng, t\u1ef7 l\u1ec7 s\u1ed1ng cao v\u00e0 ch\u1ea5t l\u01b0\u1ee3ng c\u00e2y con. V\u00ec v\u1eady, m\u00e1y gieo h\u1ea1t v\u01b0\u1eddn \u01b0\u01a1m rau n\u00e0y l\u00e0 m\u1ed9t v\u1ee5 b\u00e1n n\u00f3ng \u1edf B\u1eafc M\u1ef9, Trung \u0110\u00f4ng, \u0110\u00f4ng Nam \u00c1 v\u00e0 Ch\u00e2u Phi. V\u00ed d\u1ee5, Canada, M\u1ef9, \u00dac, Kenya, Brazil, Th\u00e1i Lan, Philippines, Morocco, Nigeria, Botswana, v.v. v\u00e0 h\u1ecd h\u00e0i l\u00f2ng v\u1edbi ch\u1ea5t l\u01b0\u1ee3ng v\u00e0 d\u1ecbch v\u1ee5 m\u00e1y c\u1ee7a ch\u00fang t\u00f4i. M\u1ed7i l\u1ea7n ch\u00fang t\u00f4i s\u1ebd trang b\u1ecb cho m\u1ed7i m\u00e1y m\u1ed9t lo\u1ea1t c\u00e1c b\u1ed9 ph\u1eadn \u0111eo v\u00e0 v\u00f2i phun ph\u00f9 h\u1ee3p cho k\u00edch th\u01b0\u1edbc h\u1ea1t gi\u1ed1ng c\u1ee7a kh\u00e1ch h\u00e0ng. \u0110\u1ec3 k\u00e9o d\u00e0i th\u1eddi gian ph\u1ee5c v\u1ee5 c\u1ee7a m\u00e1y v\u00e0 \u0111\u1ea3m b\u1ea3o r\u1eb1ng m\u00e1y c\u00f3 th\u1ec3 ph\u00f9 h\u1ee3p cho c\u00e1c h\u1ea1t gi\u1ed1ng kh\u00e1c nhau.<\/p>    <h2 class=\"wp-block-heading\" id=\"h-what-is-automatic-nursery-seedling-machine\">M\u00e1y \u01b0\u01a1m c\u00e2y gi\u1ed1ng t\u1ef1 \u0111\u1ed9ng l\u00e0 g\u00ec?<\/h2>    <p class=\"translation-block\">M\u1ed9t <a href=\"https:\/\/taizyfarmequipment.com\/vi\/san-pham\/may-uom-cay-giong-tu-dong\/\">m\u00e1y gieo gi\u1ed1ng \u01b0\u01a1m t\u1ef1 \u0111\u1ed9ng<\/a> c\u00f3 th\u1ec3 \u01b0\u01a1m m\u1ecdi lo\u1ea1i h\u1ea1t, ch\u1eb3ng h\u1ea1n h\u1ea1t tr\u00e1i c\u00e2y, rau c\u1ee7 v\u00e0 hoa. Ch\u00fang t\u00f4i c\u00f3 3 m\u1eabu m\u00e1y gieo \u01b0\u01a1m. V\u00e0 \u0111o\u1ea1n n\u00e0y n\u00f3i v\u1ec1 KMR-78-2, l\u00e0 m\u1ed9t m\u00e1y gieo trong nh\u00e0 k\u00ednh t\u1ef1 \u0111\u1ed9ng. Khi s\u1eed d\u1ee5ng m\u00e1y n\u00e0y, ch\u1ec9 c\u1ea7n \u0111\u1eb7t khay l\u00ean m\u00e1y, v\u00e0 m\u00e1y \u01b0\u01a1m s\u1ebd t\u1ef1 \u0111\u1ed9ng ho\u00e0n th\u00e0nh m\u1ed9t lo\u1ea1t thao t\u00e1c. N\u00f3 kh\u00f4ng t\u1ed1n nhi\u1ec1u c\u00f4ng s\u1ee9c. V\u00e0 c\u00f4ng su\u1ea5t l\u00e0 500-600 khay m\u1ed7i gi\u1edd. H\u01a1n n\u1eefa, \u0111\u1ed9 ch\u00ednh x\u00e1c gieo h\u1ea1t c\u1ee7a m\u00e1y gieo \u01b0\u01a1m rau n\u00e0y c\u00f3 th\u1ec3 \u0111\u1ea1t 97-98%. \u0110\u1ed9 ch\u00ednh x\u00e1c gieo cao c\u00f3 th\u1ec3 gi\u00fap t\u0103ng t\u1ef7 l\u1ec7 s\u1ed1ng.<\/p>    <p class=\"translation-block\">\u0110\u1ec3 ph\u00f9 h\u1ee3p v\u1edbi nhi\u1ec1u lo\u1ea1i h\u1ea1t, ch\u00fang t\u00f4i s\u1ea3n xu\u1ea5t c\u00e1c \u0111\u1ea7u phun c\u00f3 k\u00edch th\u01b0\u1edbc kh\u00e1c nhau. V\u00ec v\u1eady ch\u00fang t\u00f4i s\u1ebd t\u01b0 v\u1ea5n \u0111\u1ea7u phun ph\u00f9 h\u1ee3p cho kh\u00e1ch h\u00e0ng. Ngo\u00e0i ra, ch\u00fang t\u00f4i c\u00f3 ph\u1ea7n t\u01b0\u1edbi phun. B\u1ea1n c\u00f3 th\u1ec3 ch\u1ecdn ch\u1ee9c n\u0103ng n\u00e0y t\u00f9y theo nhu c\u1ea7u. Ch\u00fang t\u00f4i c\u0169ng s\u1ea3n xu\u1ea5t <a href=\"https:\/\/www.agriculture-machine.com\/peony-transplant-cucumber-transplant-factory-direct\/\" target=\"_blank\" rel=\"noopener\">m\u00e1y c\u1ea5y c\u00e2y gi\u1ed1ng<\/a> cho nh\u1eefng c\u00e2y \u01b0\u01a1m theo plug n\u00e0y, gi\u00fap thu\u1eadn ti\u1ec7n h\u01a1n cho vi\u1ec7c tr\u1ed3ng tr\u1ecdt.<\/p>    <figure class=\"wp-block-image aligncenter size-full\"><img loading=\"lazy\" decoding=\"async\" width=\"720\" height=\"540\" src=\"https:\/\/taizyfarmequipment.com\/wp-content\/uploads\/2022\/02\/33_720_540.jpg\" alt=\"m\u00e1y \u01b0\u01a1m c\u00e2y gi\u1ed1ng t\u1ef1 \u0111\u1ed9ng\" class=\"wp-image-2656\" title=\"m\u00e1y \u01b0\u01a1m c\u00e2y gi\u1ed1ng t\u1ef1 \u0111\u1ed9ng\" srcset=\"https:\/\/taizyfarmequipment.com\/wp-content\/uploads\/2022\/02\/33_720_540.jpg 720w, https:\/\/taizyfarmequipment.com\/wp-content\/uploads\/2022\/02\/33_720_540-300x225.jpg 300w\" sizes=\"auto, (max-width: 720px) 100vw, 720px\" \/><figcaption class=\"wp-element-caption\">m\u00e1y \u01b0\u01a1m c\u00e2y gi\u1ed1ng t\u1ef1 \u0111\u1ed9ng<\/figcaption><\/figure>    <h2 class=\"wp-block-heading\" id=\"what-seeds-can-the-seeding-machine-nursery\">M\u00e1y gieo h\u1ea1t c\u00f3 th\u1ec3 \u01b0\u01a1m nh\u1eefng lo\u1ea1i h\u1ea1t n\u00e0o?<\/h2>    <p>M\u00e1y \u01b0\u01a1m c\u00e2y gi\u1ed1ng t\u1ef1 \u0111\u1ed9ng c\u00f3 th\u1ec3 \u01b0\u01a1m c\u00e0 chua, rau di\u1ebfp, b\u1eafp c\u1ea3i, \u0111\u1eadu b\u1eafp, d\u01b0a chu\u1ed9t, c\u00e0 t\u00edm, d\u01b0a h\u1ea5u, \u1edbt, ng\u00f4 ng\u1ecdt, hoa d\u00e3 y\u00ean th\u1ea3o, hoa h\u1ed3ng, c\u00e2y gai d\u1ea7u, b\u00ed ng\u00f4, h\u1ea1t c\u1ea3i d\u1ea7u, h\u00e0nh t\u00e2y, v.v. V\u00ec v\u1eady, m\u00e1y gieo h\u1ea1t n\u00e0y c\u00f3 \u1ee9ng d\u1ee5ng r\u1ed9ng r\u00e3i . <\/p>    <figure class=\"wp-block-gallery has-nested-images columns-default is-cropped wp-block-gallery-2 is-layout-flex wp-block-gallery-is-layout-flex\"> <figure class=\"wp-block-image size-large\"><img loading=\"lazy\" decoding=\"async\" width=\"720\" height=\"541\" data-id=\"2653\" src=\"https:\/\/taizyfarmequipment.com\/wp-content\/uploads\/2022\/02\/02_720_541.jpg\" alt=\"h\u1ea1t gi\u1ed1ng\" class=\"wp-image-2653\" title=\"h\u1ea1t gi\u1ed1ng\" srcset=\"https:\/\/taizyfarmequipment.com\/wp-content\/uploads\/2022\/02\/02_720_541.jpg 720w, https:\/\/taizyfarmequipment.com\/wp-content\/uploads\/2022\/02\/02_720_541-300x225.jpg 300w\" sizes=\"auto, (max-width: 720px) 100vw, 720px\" \/><\/figure>    <figure class=\"wp-block-image size-large\"><img loading=\"lazy\" decoding=\"async\" width=\"720\" height=\"540\" data-id=\"2654\" src=\"https:\/\/taizyfarmequipment.com\/wp-content\/uploads\/2022\/02\/03_720_540.jpg\" alt=\"h\u1ea1t gi\u1ed1ng\" class=\"wp-image-2654\" title=\"h\u1ea1t gi\u1ed1ng\" srcset=\"https:\/\/taizyfarmequipment.com\/wp-content\/uploads\/2022\/02\/03_720_540.jpg 720w, https:\/\/taizyfarmequipment.com\/wp-content\/uploads\/2022\/02\/03_720_540-300x225.jpg 300w\" sizes=\"auto, (max-width: 720px) 100vw, 720px\" \/><\/figure> <figcaption class=\"blocks-gallery-caption wp-element-caption\">h\u1ea1t gi\u1ed1ng kh\u00e1c nhau <\/figcaption><\/figure>    <h2 class=\"wp-block-heading\" id=\"what-are-the-components-of-vegetable-nursery-seeder\">C\u00e1c th\u00e0nh ph\u1ea7n c\u1ee7a m\u00e1y gieo h\u1ea1t v\u01b0\u1eddn \u01b0\u01a1m rau l\u00e0 g\u00ec?<\/h2>    <p>M\u00e1y \u01b0\u01a1m c\u00e2y gi\u1ed1ng t\u1ef1 \u0111\u1ed9ng n\u00e0y ch\u1ee7 y\u1ebfu c\u00f3 b\u1ea3ng l\u1edbp, th\u00f9ng ch\u1ee9a \u0111\u1ea5t, m\u00e1y \u0111\u1ee5c l\u1ed7, m\u00e1y gieo h\u1ea1t, b\u00e0n ch\u1ea3i, v\u00f2i phun n\u01b0\u1edbc, t\u1ee7 \u0111i\u1ec1u khi\u1ec3n \u0111i\u1ec7n, v.v. Ngo\u00e0i ra c\u00f2n c\u00f3 m\u1ed9t s\u1ed1 c\u1ea3m bi\u1ebfn gi\u00fap m\u00e1y c\u00f3 th\u1ec3 ho\u00e0n th\u00e0nh c\u00f4ng vi\u1ec7c v\u1edbi \u0111\u1ed9 ch\u00ednh x\u00e1c cao. M\u1ed9t ng\u01b0\u1eddi gieo h\u1ea1t trong v\u01b0\u1eddn \u01b0\u01a1m c\u00f3 th\u1ec3 th\u1ef1c hi\u1ec7n t\u1ea5t c\u1ea3 c\u00e1c th\u1ee7 t\u1ee5c c\u1ea7n thi\u1ebft \u0111\u1ec3 \u01b0\u01a1m c\u00e2y con.<\/p>    <figure class=\"wp-block-image aligncenter size-full\"><img loading=\"lazy\" decoding=\"async\" width=\"720\" height=\"540\" src=\"https:\/\/taizyfarmequipment.com\/wp-content\/uploads\/2022\/02\/01_720_540.jpg\" alt=\"C\u1ea5u t\u1ea1o m\u00e1y gieo h\u1ea1t v\u01b0\u1eddn \u01b0\u01a1m rau\" class=\"wp-image-2655\" title=\"C\u1ea5u t\u1ea1o m\u00e1y gieo h\u1ea1t v\u01b0\u1eddn \u01b0\u01a1m rau\" srcset=\"https:\/\/taizyfarmequipment.com\/wp-content\/uploads\/2022\/02\/01_720_540.jpg 720w, https:\/\/taizyfarmequipment.com\/wp-content\/uploads\/2022\/02\/01_720_540-300x225.jpg 300w\" sizes=\"auto, (max-width: 720px) 100vw, 720px\" \/><figcaption class=\"wp-element-caption\">C\u1ea5u t\u1ea1o m\u00e1y gieo h\u1ea1t v\u01b0\u1eddn \u01b0\u01a1m rau<\/figcaption><\/figure>    <h2 class=\"wp-block-heading\" id=\"working-flow-of-the-tomatoes-nursery-seedling-machine\">Quy tr\u00ecnh l\u00e0m vi\u1ec7c c\u1ee7a m\u00e1y \u01b0\u01a1m c\u00e2y gi\u1ed1ng c\u00e0 chua<\/h2>    <ol class=\"wp-block-list\" type=\"1\"> <li>\u0110\u1ea7u ti\u00ean, kh\u1edfi \u0111\u1ed9ng m\u00e1y r\u1ed3i cho \u0111\u1ea5t n\u1ec1n v\u00e0o th\u00f9ng \u0111\u1ef1ng \u0111\u1ea5t.<\/li>    <li>Th\u1ee9 hai, m\u00e1y \u01b0\u01a1m c\u00e2y gi\u1ed1ng s\u1ebd \u0111\u01b0a \u0111\u1ea5t v\u00e0o khay. V\u00e0 sau \u0111\u00f3 b\u00e0n ch\u1ea3i s\u1ebd lo\u1ea1i b\u1ecf \u0111\u1ea5t d\u01b0 th\u1eeba.<\/li>    <li>Th\u1ee9 ba, m\u00e1y \u0111\u1ee5c l\u1ed7 \u0111\u1ee5c l\u1ed7 g\u1ecdn g\u00e0ng.<\/li>    <li>Ti\u1ebfp theo, v\u00f2i phun s\u1ebd h\u00fat h\u1ea1t r\u1ed3i th\u1ea3 v\u00e0o l\u1ed7 \u0111\u1ea5t tr\u00ean khay.<\/li>    <li>Cu\u1ed1i c\u00f9ng th\u00f9ng \u0111\u1ea5t ph\u00eda sau s\u1ebd \u0111\u1eb7t \u0111\u1ea5t \u0111\u1ec3 ph\u1ee7 h\u1ea1t gi\u1ed1ng.<\/li>    <li>N\u1ebfu m\u00e1y \u01b0\u01a1m c\u00e2y gi\u1ed1ng c\u00e0 chua c\u00f3 v\u00f2i phun s\u1ebd l\u00e0m \u1ea9m \u0111\u1ea5t v\u00e0 h\u1ea1t \u1edf giai \u0111o\u1ea1n cu\u1ed1i. &nbsp;<\/li> <\/ol>    <h2 class=\"wp-block-heading\" id=\"how-dose-seedling-tray-machine-work\">M\u00e1y khay m\u1ea1 li\u1ec1u l\u01b0\u1ee3ng ho\u1ea1t \u0111\u1ed9ng nh\u01b0 th\u1ebf n\u00e0o?<\/h2>    <figure class=\"wp-block-embed is-type-video is-provider-youtube wp-block-embed-youtube wp-embed-aspect-16-9 wp-has-aspect-ratio\"><div class=\"wp-block-embed__wrapper\"> <iframe loading=\"lazy\" title=\"V\u01b0\u1eddn \u01b0\u01a1m gi\u00e1 r\u1ebb Khay gieo h\u1ea1t thu\u1ed1c l\u00e1\/M\u00e1y gieo h\u1ea1t\/m\u00e1y gieo h\u1ea1t l\u00faa\/m\u00e1y gieo h\u1ea1t\" width=\"500\" height=\"281\" src=\"https:\/\/www.youtube.com\/embed\/FSrfHCAigk0?feature=oembed\" frameborder=\"0\" allow=\"accelerometer; autoplay; clipboard-write; encrypted-media; gyroscope; picture-in-picture; web-share\" referrerpolicy=\"strict-origin-when-cross-origin\" allowfullscreen><\/iframe> <\/div><figcaption class=\"wp-element-caption\">video ho\u1ea1t \u0111\u1ed9ng c\u1ee7a m\u00e1y khay \u01b0\u01a1m c\u00e2y gi\u1ed1ng<\/figcaption><\/figure>    <h2 class=\"wp-block-heading\" id=\"specifications-of-the-nursery-seedling-machine\">Th\u00f4ng s\u1ed1 k\u1ef9 thu\u1eadt c\u1ee7a m\u00e1y \u01b0\u01a1m c\u00e2y gi\u1ed1ng<\/h2>    <figure class=\"wp-block-table aligncenter\"><table><tbody><tr><td>Ng\u01b0\u1eddi m\u1eabu<\/td><td>KMR-78-2<\/td><\/tr><tr><td>\u0110\u1ed9 ch\u00ednh x\u00e1c<\/td><td>&gt;97-98%<\/td><\/tr><tr><td>Nguy\u00ean t\u1eafc<\/td><td>M\u00e1y n\u00e9n \u0111i\u1ec7n v\u00e0 kh\u00ed n\u00e9n<\/td><\/tr><tr><td>K\u00edch c\u1ee1<\/td><td>4800*800*1600mm<\/td><\/tr><tr><td>C\u00e2n n\u1eb7ng<\/td><td>400kg<\/td><\/tr><tr><td>\u0110i\u1ec7n \u00e1p<\/td><td>220V \/110V 600w<\/td><\/tr><tr><td>K\u00edch th\u01b0\u1edbc cho h\u1ea1t gi\u1ed1ng<\/td><td>0,3-12mm<\/td><\/tr><tr><td>Chi\u1ec1u r\u1ed9ng c\u1ee7a khay<\/td><td>&lt;=540mm<\/td><\/tr><\/tbody><\/table><figcaption class=\"wp-element-caption\">Th\u00f4ng s\u1ed1 k\u1ef9 thu\u1eadt c\u1ee7a m\u00e1y \u01b0\u01a1m c\u00e2y gi\u1ed1ng<\/figcaption><\/figure>    <h2 class=\"wp-block-heading\" id=\"below-are-the-characteristics-of-nursery-tray-machine\">D\u01b0\u1edbi \u0111\u00e2y l\u00e0 nh\u1eefng \u0111\u1eb7c \u0111i\u1ec3m c\u1ee7a m\u00e1y khay \u01b0\u01a1m<\/h2>    <ol class=\"wp-block-list\" type=\"1\"> <li>M\u00e1y \u01b0\u01a1m c\u00e2y gi\u1ed1ng t\u1ef1 \u0111\u1ed9ng gi\u00fap ti\u1ebft ki\u1ec7m th\u1eddi gian v\u00e0 c\u00f4ng s\u1ee9c. B\u1edfi v\u00ec hi\u1ec7u qu\u1ea3 s\u1ea3n xu\u1ea5t \u0111\u01b0\u1ee3c c\u01a1 gi\u1edbi h\u00f3a cao. Ngo\u00e0i ra, m\u00e1y \u01b0\u01a1m c\u00e2y gi\u1ed1ng c\u00f3 th\u1ec3 ho\u00e0n th\u00e0nh vi\u1ec7c gieo h\u1ea1t v\u00e0 gieo h\u1ea1t c\u00f9ng m\u1ed9t l\u00fac.<\/li>    <li>M\u00e1y \u01b0\u01a1m c\u00e2y gi\u1ed1ng t\u1ef1 \u0111\u1ed9ng gieo h\u1ea1t kh\u00f4 tr\u1ef1c ti\u1ebfp, m\u1ed7i l\u1ea7n m\u1ed9t h\u1ea1t v\u00e0 \u01b0\u01a1m c\u00e2y con t\u1eadp trung. V\u00ec v\u1eady, s\u1ed1 l\u01b0\u1ee3ng c\u00e2y gi\u1ed1ng tr\u00ean m\u1ed9t \u0111\u01a1n v\u1ecb di\u1ec7n t\u00edch cao h\u01a1n so v\u1edbi c\u00e2y gi\u1ed1ng th\u00f4ng th\u01b0\u1eddng, c\u00f3 th\u1ec3 l\u00e0m gi\u1ea3m di\u1ec7n t\u00edch s\u00e0n.<\/li>    <li>S\u1eed d\u1ee5ng m\u00e1y \u01b0\u01a1m c\u00e2y gi\u1ed1ng t\u1ef1 \u0111\u1ed9ng n\u00e0y, h\u1ea1t gi\u1ed1ng c\u00f3 kh\u1ea3 n\u0103ng ch\u1ed1ng ch\u1ecbu stress t\u1ed1t. V\u00e0 h\u1ea1t gi\u1ed1ng r\u1ea5t d\u1ec5 c\u1ea5y gh\u00e9p v\u00e0 c\u00f3 t\u1ef7 l\u1ec7 s\u1ed1ng cao.<\/li>    <li>Vi\u1ec7c s\u1eed d\u1ee5ng khay c\u1eafm ph\u00f9 h\u1ee3p cho vi\u1ec7c v\u1eadn chuy\u1ec3n \u0111\u01b0\u1eddng d\u00e0i v\u00e0 c\u1ea5y c\u01a1 gi\u1edbi. V\u00ec v\u1eady, n\u00f3 m\u1edf r\u1ed9ng tri\u1ec3n v\u1ecdng ph\u00e1t tri\u1ec3n c\u1ee7a th\u1ecb tr\u01b0\u1eddng rau qu\u1ea3.<\/li>    <li>H\u1ea1t gi\u1ed1ng \u0111\u01b0\u1ee3c tr\u1ed3ng trong v\u01b0\u1eddn \u01b0\u01a1m c\u00e2y gi\u1ed1ng n\u00e0y t\u01b0\u01a1ng \u0111\u1ed1i r\u1ea3i r\u00e1c, \u0111i\u1ec1u n\u00e0y v\u1eeba c\u00f3 th\u1ec3 l\u00e0m gi\u1ea3m s\u1ef1 l\u00e2y lan c\u1ee7a s\u00e2u b\u1ec7nh v\u1eeba l\u00e0m gi\u1ea3m s\u1ef1 c\u1ea1nh tranh dinh d\u01b0\u1ee1ng gi\u1eefa c\u00e1c c\u00e2y con. \u0110\u1ed3ng th\u1eddi, n\u00f3 c\u00f3 th\u1ec3 ph\u00e1t tri\u1ec3n to\u00e0n di\u1ec7n h\u1ec7 th\u1ed1ng r\u1ec5 v\u00e0 n\u00e2ng cao ch\u1ea5t l\u01b0\u1ee3ng c\u00e2y con.<\/li> <\/ol>","protected":false},"excerpt":{"rendered":"<p>M\u00e1y l\u00e0m v\u01b0\u1eddn \u01b0\u01a1m t\u1ef1 \u0111\u1ed9ng l\u00e0 thi\u1ebft b\u1ecb c\u00f3 th\u1ec3 gieo h\u1ea1t trong khay. N\u00f3 c\u00f3 th\u1ec3 nu\u00f4i d\u01b0\u1ee1ng tr\u00e1i c\u00e2y, rau v\u00e0 hoa.<\/p>","protected":false},"author":1,"featured_media":2652,"parent":0,"template":"","tags":[159,160,158],"product-type":[134],"class_list":["post-2651","product","type-product","status-publish","has-post-thumbnail","hentry","tag-automatic-nursery-seedling-machine","tag-tomatoes-nursery-seedling-machine","tag-vegetable-nursery-seeder","product-type-nursery-transplanter"],"_links":{"self":[{"href":"https:\/\/taizyfarmequipment.com\/vi\/wp-json\/wp\/v2\/product\/2651","targetHints":{"allow":["GET"]}}],"collection":[{"href":"https:\/\/taizyfarmequipment.com\/vi\/wp-json\/wp\/v2\/product"}],"about":[{"href":"https:\/\/taizyfarmequipment.com\/vi\/wp-json\/wp\/v2\/types\/product"}],"author":[{"embeddable":true,"href":"https:\/\/taizyfarmequipment.com\/vi\/wp-json\/wp\/v2\/users\/1"}],"wp:featuredmedia":[{"embeddable":true,"href":"https:\/\/taizyfarmequipment.com\/vi\/wp-json\/wp\/v2\/media\/2652"}],"wp:attachment":[{"href":"https:\/\/taizyfarmequipment.com\/vi\/wp-json\/wp\/v2\/media?parent=2651"}],"wp:term":[{"taxonomy":"post_tag","embeddable":true,"href":"https:\/\/taizyfarmequipment.com\/vi\/wp-json\/wp\/v2\/tags?post=2651"},{"taxonomy":"product-type","embeddable":true,"href":"https:\/\/taizyfarmequipment.com\/vi\/wp-json\/wp\/v2\/product-type?post=2651"}],"curies":[{"name":"wp","href":"https:\/\/api.w.org\/{rel}","templated":true}]}}