{"id":3033,"date":"2022-03-23T09:01:15","date_gmt":"2022-03-23T09:01:15","guid":{"rendered":"https:\/\/taizyfarmequipment.com\/?post_type=product&#038;p=3033"},"modified":"2025-11-26T15:43:32","modified_gmt":"2025-11-26T07:43:32","slug":"may-tuot-lua-mi","status":"publish","type":"product","link":"https:\/\/taizyfarmequipment.com\/vi\/product\/thresher-machine-for-rice-wheat\/","title":{"rendered":"M\u00e1y xay x\u00e1t cho l\u00faa, l\u00faa m\u00ec, ng\u00f4 | M\u00e1y xay x\u00e1t \u0111\u1eadu n\u00e0nh"},"content":{"rendered":"<div class=\"kk-star-ratings kksr-auto kksr-align-left kksr-valign-top\"     data-payload='{&quot;align&quot;:&quot;left&quot;,&quot;id&quot;:&quot;3033&quot;,&quot;slug&quot;:&quot;default&quot;,&quot;valign&quot;:&quot;top&quot;,&quot;ignore&quot;:&quot;&quot;,&quot;reference&quot;:&quot;auto&quot;,&quot;class&quot;:&quot;&quot;,&quot;count&quot;:&quot;22&quot;,&quot;legendonly&quot;:&quot;&quot;,&quot;readonly&quot;:&quot;&quot;,&quot;score&quot;:&quot;4.7&quot;,&quot;starsonly&quot;:&quot;&quot;,&quot;best&quot;:&quot;5&quot;,&quot;gap&quot;:&quot;5&quot;,&quot;greet&quot;:&quot;Rate this product&quot;,&quot;legend&quot;:&quot;4.7\\\/5 - (22 b\u00ecnh ch\u1ecdn)&quot;,&quot;size&quot;:&quot;24&quot;,&quot;title&quot;:&quot;Thresher machine for rice wheat corn | Soybean thresher&quot;,&quot;width&quot;:&quot;133.8&quot;,&quot;_legend&quot;:&quot;{score}\\\/{best} - ({count} {votes})&quot;,&quot;font_factor&quot;:&quot;1.25&quot;}'>              <div class=\"kksr-stars\">      <div class=\"kksr-stars-inactive\">             <div class=\"kksr-star\" data-star=\"1\" style=\"padding-right: 5px\">               <div class=\"kksr-icon\" style=\"width: 24px; height: 24px;\"><\/div>         <\/div>             <div class=\"kksr-star\" data-star=\"2\" style=\"padding-right: 5px\">               <div class=\"kksr-icon\" style=\"width: 24px; height: 24px;\"><\/div>         <\/div>             <div class=\"kksr-star\" data-star=\"3\" style=\"padding-right: 5px\">               <div class=\"kksr-icon\" style=\"width: 24px; height: 24px;\"><\/div>         <\/div>             <div class=\"kksr-star\" data-star=\"4\" style=\"padding-right: 5px\">               <div class=\"kksr-icon\" style=\"width: 24px; height: 24px;\"><\/div>         <\/div>             <div class=\"kksr-star\" data-star=\"5\" style=\"padding-right: 5px\">               <div class=\"kksr-icon\" style=\"width: 24px; height: 24px;\"><\/div>         <\/div>     <\/div>      <div class=\"kksr-stars-active\" style=\"width: 133.8px;\">             <div class=\"kksr-star\" style=\"padding-right: 5px\">               <div class=\"kksr-icon\" style=\"width: 24px; height: 24px;\"><\/div>         <\/div>             <div class=\"kksr-star\" style=\"padding-right: 5px\">               <div class=\"kksr-icon\" style=\"width: 24px; height: 24px;\"><\/div>         <\/div>             <div class=\"kksr-star\" style=\"padding-right: 5px\">               <div class=\"kksr-icon\" style=\"width: 24px; height: 24px;\"><\/div>         <\/div>             <div class=\"kksr-star\" style=\"padding-right: 5px\">               <div class=\"kksr-icon\" style=\"width: 24px; height: 24px;\"><\/div>         <\/div>             <div class=\"kksr-star\" style=\"padding-right: 5px\">               <div class=\"kksr-icon\" style=\"width: 24px; height: 24px;\"><\/div>         <\/div>     <\/div> <\/div>                   <div class=\"kksr-legend\" style=\"font-size: 19.2px;\">             4.7\/5 - (22 l\u01b0\u1ee3t b\u00ecnh ch\u1ecdn)    <\/div>     <\/div>  <p class=\"translation-block\">Hi\u1ec7n nay, c\u01a1 gi\u1edbi h\u00f3a n\u00f4ng nghi\u1ec7p ph\u00e1t tri\u1ec3n v\u00e0 m\u00e1y tu\u1ed1t l\u00faa m\u00ec \u0111\u01b0\u1ee3c s\u1eed d\u1ee5ng r\u1ed9ng r\u00e3i. V\u00ec v\u1eady, ch\u00fang t\u00f4i s\u1eed d\u1ee5ng nhi\u1ec1u lo\u1ea1i m\u00e1y m\u00f3c \u0111\u1ec3 ch\u1ebf bi\u1ebfn c\u00e2y tr\u1ed3ng nh\u1eb1m n\u00e2ng cao hi\u1ec7u qu\u1ea3 v\u00e0 ch\u1ea5t l\u01b0\u1ee3ng h\u1ea1t th\u00e0nh ph\u1ea9m. V\u00ed d\u1ee5 nh\u01b0 l\u00faa m\u00ec v\u00e0 ng\u00f4 th\u00f4ng th\u01b0\u1eddng. Ch\u00fang t\u00f4i s\u1ebd d\u00f9ng m\u00e1y gieo l\u00faa m\u00ec, <a href=\"https:\/\/www.agriculture-machine.com\/corn-planter\/\" target=\"_blank\" rel=\"noopener\">m\u00e1y gieo ng\u00f4<\/a> \u0111\u1ec3 gieo, v\u00e0 khi h\u1ea1t ch\u00edn s\u1ebd d\u00f9ng m\u00e1y thu ho\u1ea1ch \u0111\u1ec3 thu ho\u1ea1ch. Trong h\u1ea7u h\u1ebft c\u00e1c tr\u01b0\u1eddng h\u1ee3p, n\u00f4ng d\u00e2n tu\u1ed1t l\u00faa m\u00ec v\u00e0 ng\u00f4 sau khi thu ho\u1ea1ch. Do \u0111\u00f3, m\u00e1y tu\u1ed1t c\u0169ng l\u00e0 tr\u1ee3 th\u1ee7 kh\u00f4ng th\u1ec3 thi\u1ebfu c\u1ee7a n\u00f4ng d\u00e2n. Tr\u00ean th\u1ecb tr\u01b0\u1eddng c\u00f3 nhi\u1ec1u lo\u1ea1i m\u00e1y tu\u1ed1t kh\u00e1c nhau. T\u00f4i s\u1ebd gi\u1edbi thi\u1ec7u c\u00e1c m\u00e1y tu\u1ed1t 5TD-50, 5TD-70, 5TD-90 v\u00e0 5TD-125 trong b\u00e0i vi\u1ebft n\u00e0y. Ngo\u00e0i ra, ch\u00fang t\u00f4i c\u00f2n c\u00f3 <a href=\"https:\/\/taizyfarmequipment.com\/vi\/san-pham\/may-lam-bot-ngo\/\">m\u00e1y nghi\u1ec1n h\u1ea1t ng\u00f4<\/a> m\u00e0 b\u1ea1n c\u00f3 th\u1ec3 d\u00f9ng \u0111\u1ec3 ch\u1ebf bi\u1ebfn h\u1ea1t ng\u00f4 th\u00e0nh h\u1ea1t nh\u1ecf.<\/p>    <h2 class=\"wp-block-heading\" id=\"h-what-is-the-thresher-machine-for-rice-wheat\">M\u00e1y tu\u1ed1t l\u00faa m\u00ec l\u00e0 g\u00ec?<\/h2>    <p>M\u00e1y tu\u1ed1t l\u00faa c\u00f3 th\u1ec3 t\u00e1ch qu\u1ea3 v\u00e0 th\u00e2n c\u1ee7a h\u1ea1t \u0111\u00e3 thu ho\u1ea1ch. V\u00e0 \u0111\u1ed3ng th\u1eddi x\u1ea3 ch\u00fang t\u1eeb c\u00e1c c\u1eeda h\u00e0ng kh\u00e1c nhau. M\u00e1y tu\u1ed1t l\u00faa lo\u1ea1t n\u00e0y l\u00e0 m\u1ed9t m\u00e1y \u0111a ch\u1ee9c n\u0103ng. N\u00f3 kh\u00f4ng ch\u1ec9 c\u00f3 th\u1ec3 ch\u1ebf bi\u1ebfn l\u00faa m\u00ec, g\u1ea1o, \u0111\u1eadu n\u00e0nh m\u00e0 c\u00f2n c\u1ea3 ng\u00f4. M\u00e1y tu\u1ed1t l\u00faa m\u00ec n\u00e0y ph\u00f9 h\u1ee3p v\u1edbi v\u00f9ng n\u00f4ng th\u00f4n, \u0111\u1ed3ng b\u1eb1ng, b\u00e1n s\u01a1n \u0111\u1ecba, \u0111\u1ed3i n\u00fai. V\u00e0 v\u1ec1 ngu\u1ed3n \u0111i\u1ec7n, m\u00e1y tu\u1ed1t \u0111\u1eadu n\u00e0nh c\u00f3 th\u1ec3 ho\u1ea1t \u0111\u1ed9ng v\u1edbi \u0111\u1ed9ng c\u01a1 \u0111i\u1ec7n, \u0111\u1ed9ng c\u01a1 diesel v\u00e0 \u0111\u1ed9ng c\u01a1 x\u0103ng. V\u00ec v\u1eady, m\u00e1y tu\u1ed1t l\u00faa m\u00ec c\u00f3 th\u1ec3 \u0111\u00e1p \u1ee9ng c\u00e1c y\u00eau c\u1ea7u v\u1ec1 ngu\u1ed3n \u0111i\u1ec7n c\u1ee7a c\u00e1c khu v\u1ef1c kh\u00e1c nhau. M\u00e1y c\u1ee7a ch\u00fang t\u00f4i c\u00f3 hai c\u1eeda h\u00e0ng t\u1ea1p ch\u1ea5t. Mi\u1ec7ng l\u1edbn ra t\u1ea1p ch\u1ea5t l\u1edbn, l\u1ed7 nh\u1ecf ra t\u1ea1p ch\u1ea5t nh\u1eb9. V\u00ec v\u1eady, h\u1ea1t ng\u0169 c\u1ed1c \u0111\u00e3 qua x\u1eed l\u00fd ch\u1ee9a r\u1ea5t \u00edt t\u1ea1p ch\u1ea5t. V\u00ec v\u1eady, n\u00f4ng d\u00e2n c\u00f3 th\u1ec3 b\u1ea3o qu\u1ea3n ng\u0169 c\u1ed1c sau m\u1ed9t quy tr\u00ecnh \u0111\u01a1n gi\u1ea3n.<\/p>    <figure class=\"wp-block-gallery has-nested-images columns-default is-cropped wp-block-gallery-2 is-layout-flex wp-block-gallery-is-layout-flex\"> <figure class=\"wp-block-image size-large\"><img loading=\"lazy\" decoding=\"async\" width=\"720\" height=\"540\" data-id=\"3035\" src=\"https:\/\/taizyfarmequipment.com\/wp-content\/uploads\/2022\/03\/stock-of-rice-thresher1.jpg\" alt=\"kho m\u00e1y tu\u1ed1t l\u00faa\" class=\"wp-image-3035\" title=\"kho m\u00e1y tu\u1ed1t l\u00faa\"\/><figcaption class=\"wp-element-caption\">kho m\u00e1y tu\u1ed1t l\u00faa<\/figcaption><\/figure>    <figure class=\"wp-block-image size-large\"><img loading=\"lazy\" decoding=\"async\" width=\"720\" height=\"540\" data-id=\"3036\" src=\"https:\/\/taizyfarmequipment.com\/wp-content\/uploads\/2022\/03\/thresher-machine1.jpg\" alt=\"m\u00e1y tu\u1ed1t l\u00faa m\u00ec\" class=\"wp-image-3036\" title=\"m\u00e1y tu\u1ed1t l\u00faa m\u00ec\"\/><figcaption class=\"wp-element-caption\">m\u00e1y tu\u1ed1t l\u00faa m\u00ec<\/figcaption><\/figure> <figcaption class=\"blocks-gallery-caption wp-element-caption\">m\u00e1y tu\u1ed1t l\u00faa<\/figcaption><\/figure>    <h2 class=\"wp-block-heading\">M\u00e1y \u0111\u1eadp \u0111\u1eadu n\u00e0nh c\u00f3 th\u1ec3 x\u1eed l\u00fd nh\u1eefng nguy\u00ean li\u1ec7u g\u00ec?<\/h2>    <p>M\u00e1y tu\u1ed1t l\u00faa m\u00ec n\u00e0y c\u00f3 th\u1ec3 x\u1eed l\u00fd m\u1ed9t s\u1ed1 lo\u1ea1i ng\u0169 c\u1ed1c th\u00f4ng th\u01b0\u1eddng, ch\u1eb3ng h\u1ea1n nh\u01b0 g\u1ea1o (l\u00faa), l\u00faa m\u00ec, \u0111\u1eadu t\u01b0\u01a1ng, ng\u00f4, l\u00faa mi\u1ebfn, v.v. Nh\u01b0ng ch\u1ec9 5TD-50 m\u1edbi c\u00f3 th\u1ec3 tu\u1ed1t ng\u00f4 c\u00f9ng m\u1ed9t l\u00fac. C\u00e1c m\u00f4 h\u00ecnh kh\u00e1c kh\u00f4ng th\u1ec3. Ch\u00fang l\u00e0 nh\u1eefng m\u00e1y tu\u1ed1t l\u00faa \u0111a ch\u1ee9c n\u0103ng.  <\/p>    <h2 class=\"wp-block-heading\">C\u00e1c b\u1ed9 ph\u1eadn ch\u00ednh c\u1ee7a m\u00e1y tu\u1ed1t l\u00faa m\u00ec l\u00e0 g\u00ec?<\/h2>    <p>Nhi\u1ec1u b\u1ed9 ph\u1eadn t\u1ea1o n\u00ean chi\u1ebfc m\u00e1y tu\u1ed1t l\u00faa m\u00ec. Nh\u01b0ng ph\u1ea7n quan tr\u1ecdng nh\u1ea5t l\u00e0 c\u1eeda v\u00e0o, thi\u1ebft b\u1ecb \u0111\u1eadp, c\u1eeda x\u1ea3 t\u1ea1p ch\u1ea5t l\u1edbn, c\u1eeda ra, qu\u1ea1t, h\u1ed9p s\u1ed1 truy\u1ec1n \u0111\u1ed9ng, thi\u1ebft b\u1ecb \u0111i\u1ec7n (\u0111\u1ed9ng c\u01a1 \u0111i\u1ec7n, \u0111\u1ed9ng c\u01a1 diesel ho\u1eb7c \u0111\u1ed9ng c\u01a1 x\u0103ng), v.v.<\/p>    <h2 class=\"wp-block-heading\">Lo\u1ea1i 1: M\u00e1y tu\u1ed1t l\u00faa 5TD-50<\/h2>    <p>M\u00e1y tu\u1ed1t l\u00faa 5TD-50 ch\u1ea1y b\u1eb1ng n\u0103ng l\u01b0\u1ee3ng l\u00faa m\u00ec c\u00f3 th\u1ec3 l\u00e0 \u0111\u1ed9ng c\u01a1 \u0111i\u1ec7n, \u0111\u1ed9ng c\u01a1 diesel ho\u1eb7c \u0111\u1ed9ng c\u01a1 x\u0103ng. T\u00ednh n\u0103ng l\u1edbn nh\u1ea5t c\u1ee7a chi\u1ebfc m\u00e1y n\u00e0y l\u00e0 c\u00f3 th\u1ec3 tu\u1ed1t ng\u00f4. V\u00e0 kh\u00f4ng c\u1ea7n ph\u1ea3i thay m\u00e0n khi \u0111\u1eadp c\u00e1c lo\u1ea1i ng\u0169 c\u1ed1c kh\u00e1c. N\u00f3 r\u1ea5t thu\u1eadn ti\u1ec7n \u0111\u1ec3 s\u1eed d\u1ee5ng.<\/p>    <figure class=\"wp-block-gallery has-nested-images columns-default is-cropped wp-block-gallery-3 is-layout-flex wp-block-gallery-is-layout-flex\"> <figure class=\"wp-block-image size-large\"><img loading=\"lazy\" decoding=\"async\" width=\"720\" height=\"540\" data-id=\"3037\" src=\"https:\/\/taizyfarmequipment.com\/wp-content\/uploads\/2022\/03\/paddy-thresher1.jpg\" alt=\"m\u00e1y tu\u1ed1t l\u00faa\" class=\"wp-image-3037\" title=\"m\u00e1y tu\u1ed1t l\u00faa\"\/><figcaption class=\"wp-element-caption\">m\u00e1y tu\u1ed1t l\u00faa<\/figcaption><\/figure>    <figure class=\"wp-block-image size-large\"><img loading=\"lazy\" decoding=\"async\" width=\"720\" height=\"540\" data-id=\"3038\" src=\"https:\/\/taizyfarmequipment.com\/wp-content\/uploads\/2022\/03\/thresher-for-wheat1.jpg\" alt=\"m\u00e1y tu\u1ed1t l\u00faa m\u00ec\" class=\"wp-image-3038\" title=\"m\u00e1y tu\u1ed1t l\u00faa m\u00ec\"\/><figcaption class=\"wp-element-caption\">m\u00e1y tu\u1ed1t l\u00faa m\u00ec<\/figcaption><\/figure> <figcaption class=\"blocks-gallery-caption wp-element-caption\">m\u00e1y tu\u1ed1t l\u00faa<\/figcaption><\/figure>    <h3 class=\"wp-block-heading\">Th\u00f4ng s\u1ed1 c\u1ee7a m\u00e1y tu\u1ed1t k\u00ea<\/h3>    <figure class=\"wp-block-table\"><table><tbody><tr><td>Ng\u01b0\u1eddi m\u1eabu<\/td><td>5TD-50<\/td><\/tr><tr><td>Quy\u1ec1n l\u1ef1c<\/td><td>\u0110\u1ed9ng c\u01a1 x\u0103ng 6-8 hp (diesel) ho\u1eb7c \u0111\u1ed9ng c\u01a1 2,2-3kW<\/td><\/tr><tr><td>T\u1ed1c \u0111\u1ed9 \u0111i\u1ec7n<\/td><td><strong>2<\/strong>600-2800r\/ph\u00fat<\/td><\/tr><tr><td>T\u1ed1c \u0111\u1ed9 tr\u1ee5c ch\u00ednh<\/td><td>920-1000r\/ph\u00fat<\/td><\/tr><tr><td>T\u1ed1c \u0111\u1ed9 qu\u1ea1t<\/td><td>2100r\/ph\u00fat<\/td><\/tr><tr><td>Kho\u1ea3ng c\u00e1ch \u0111\u1eadp (c\u00f3 th\u1ec3 \u0111i\u1ec1u ch\u1ec9nh)<\/td><td>Kho\u1ea3ng c\u00e1ch \u0111\u1ea7u v\u00e0o 20-40 mm<\/td><\/tr><tr><td>Kho\u1ea3ng c\u00e1ch l\u1ed7 tho\u00e1t<\/td><td>5-10mm<\/td><\/tr><tr><td>Dung t\u00edch<\/td><td>400-600 kg\/gi\u1edd<\/td><\/tr><tr><td>K\u00edch c\u1ee1<\/td><td>150*136*86 cm<\/td><\/tr><tr><td>K\u00edch th\u01b0\u1edbc g\u00f3i \u0111\u01a1n<\/td><td>105*95*100cm<\/td><\/tr><\/tbody><\/table><figcaption class=\"wp-element-caption\">th\u00f4ng s\u1ed1 c\u1ee7a m\u00e1y tu\u1ed1t k\u00ea<\/figcaption><\/figure>    <h2 class=\"wp-block-heading\">Lo\u1ea1i 2: M\u00e1y tu\u1ed1t l\u00faa m\u00ec 5TD-70<\/h2>    <p>M\u00e1y tu\u1ed1t l\u00faa 5TD-70 cho l\u00faa m\u00ec v\u00e0 l\u00faa m\u00ec c\u00f3 th\u1ec3 tu\u1ed1t \u0111\u1eadu t\u01b0\u01a1ng, l\u00faa mi\u1ebfn, l\u00faa m\u00ec v\u00e0 th\u00f3c, kh\u00f4ng bao g\u1ed3m ng\u00f4. V\u00e0 n\u1ebfu b\u1ea1n c\u1ea7n ch\u1ebf bi\u1ebfn \u0111\u1eadu n\u00e0nh, ch\u00fang t\u00f4i s\u1ebd t\u00f9y ch\u1ec9nh m\u00e1y. H\u01a1n n\u1eefa, ch\u00fang t\u00f4i c\u00f3 c\u00e1c m\u00e0n h\u00ecnh kh\u00e1c nhau \u0111\u1ec3 \u0111\u1eadp c\u00e1c lo\u1ea1i ng\u0169 c\u1ed1c kh\u00e1c nhau. S\u1ee9c m\u1ea1nh c\u1ee7a m\u1eabu xe n\u00e0y c\u00f3 th\u1ec3 l\u00e0 \u0111\u1ed9ng c\u01a1 \u0111i\u1ec7n v\u00e0 \u0111\u1ed9ng c\u01a1 diesel.<\/p>    <figure class=\"wp-block-gallery has-nested-images columns-default is-cropped wp-block-gallery-4 is-layout-flex wp-block-gallery-is-layout-flex\"> <figure class=\"wp-block-image size-large\"><img loading=\"lazy\" decoding=\"async\" width=\"720\" height=\"540\" data-id=\"3039\" src=\"https:\/\/taizyfarmequipment.com\/wp-content\/uploads\/2022\/03\/rice-thresher1.jpg\" alt=\"m\u00e1y tu\u1ed1t l\u00faa\" class=\"wp-image-3039\" title=\"m\u00e1y tu\u1ed1t l\u00faa\"\/><figcaption class=\"wp-element-caption\">m\u00e1y tu\u1ed1t l\u00faa<\/figcaption><\/figure>    <figure class=\"wp-block-image size-large\"><img loading=\"lazy\" decoding=\"async\" width=\"720\" height=\"540\" data-id=\"3040\" src=\"https:\/\/taizyfarmequipment.com\/wp-content\/uploads\/2022\/03\/grain-thresher1.jpg\" alt=\"m\u00e1y tu\u1ed1t l\u00faa\" class=\"wp-image-3040\" title=\"m\u00e1y tu\u1ed1t l\u00faa\"\/><figcaption class=\"wp-element-caption\">m\u00e1y tu\u1ed1t l\u00faa<\/figcaption><\/figure> <figcaption class=\"blocks-gallery-caption wp-element-caption\">m\u00e1y tu\u1ed1t l\u00faa m\u00ec<\/figcaption><\/figure>    <h3 class=\"wp-block-heading\">Th\u00f4ng s\u1ed1 k\u1ef9 thu\u1eadt c\u1ee7a m\u00e1y gieo h\u1ea1t<\/h3>    <figure class=\"wp-block-table\"><table><tbody><tr><td>Ng\u01b0\u1eddi m\u1eabu<\/td><td>5TD-70<\/td><\/tr><tr><td>Quy\u1ec1n l\u1ef1c<\/td><td>\u0110\u1ed9ng c\u01a1 diesel 12-15 m\u00e3 l\u1ef1c ho\u1eb7c \u0111\u1ed9ng c\u01a1 7,5kW, 380V<\/td><\/tr><tr><td>C\u00e2n n\u1eb7ng<\/td><td>230kg<\/td><\/tr><tr><td>T\u1ed1c \u0111\u1ed9 tr\u1ee5c ch\u00ednh<\/td><td>1200r\/ph\u00fat<\/td><\/tr><tr><td>T\u1ed1c \u0111\u1ed9 qu\u1ea1t<\/td><td>2500r\/ph\u00fat<\/td><\/tr><tr><td>Dung t\u00edch<\/td><td>600-1000 kg\/h(g\u1ea1o,l\u00faa m\u00ec);400-800kg\/h(\u0111\u1eadu n\u00e0nh,l\u00faa mi\u1ebfn)<\/td><\/tr><tr><td>K\u00edch c\u1ee1<\/td><td>1340*2030*1380mm<\/td><\/tr><tr><td>K\u00edch th\u01b0\u1edbc g\u00f3i \u0111\u01a1n<\/td><td>1050*850*1300cm<\/td><\/tr><\/tbody><\/table><figcaption class=\"wp-element-caption\">\u0111\u1eb7c \u0111i\u1ec3m k\u1ef9 thu\u1eadt c\u1ee7a m\u00e1y tu\u1ed1t h\u1ea1t<\/figcaption><\/figure>    <h2 class=\"wp-block-heading\">Lo\u1ea1i 3: M\u00e1y tu\u1ed1t l\u00faa hi\u1ec7n \u0111\u1ea1i 5TD-90<\/h2>    <p>M\u00e1y tu\u1ed1t l\u00faa 5TD-90 c\u00f3 th\u1ec3 x\u1eed l\u00fd nguy\u00ean li\u1ec7u t\u01b0\u01a1ng t\u1ef1 nh\u01b0 m\u1eabu 5TD-70. N\u1ebfu l\u00e0 m\u00e1y tu\u1ed1t \u0111\u1eadu n\u00e0nh th\u00ec ch\u00fang ta kh\u00f4ng c\u1ea7n t\u00f9y ch\u1ec9nh m\u00e1y. Ch\u1ec9 c\u1ea7n thay \u0111\u1ed5i m\u00e0n h\u00ecnh l\u00e0 c\u00f3 th\u1ec3 \u0111\u1eadp c\u00e1c lo\u1ea1i ng\u0169 c\u1ed1c kh\u00e1c nhau. Ngo\u00e0i ra, m\u00e1y tu\u1ed1t l\u00faa hi\u1ec7n \u0111\u1ea1i 5TD-90 n\u00e0y c\u00f3 th\u1ec3 \u0111\u01b0\u1ee3c trang b\u1ecb \u0111\u1ed9ng c\u01a1 \u0111i\u1ec7n v\u00e0 \u0111\u1ed9ng c\u01a1 diesel.<\/p>    <figure class=\"wp-block-gallery has-nested-images columns-default is-cropped wp-block-gallery-5 is-layout-flex wp-block-gallery-is-layout-flex\"> <figure class=\"wp-block-image size-large\"><img loading=\"lazy\" decoding=\"async\" width=\"720\" height=\"540\" data-id=\"3046\" src=\"https:\/\/taizyfarmequipment.com\/wp-content\/uploads\/2022\/03\/modern-threshing-machine1.jpg\" alt=\"m\u00e1y tu\u1ed1t l\u00faa hi\u1ec7n \u0111\u1ea1i\" class=\"wp-image-3046\" title=\"m\u00e1y tu\u1ed1t l\u00faa hi\u1ec7n \u0111\u1ea1i\"\/><figcaption class=\"wp-element-caption\">m\u00e1y tu\u1ed1t l\u00faa hi\u1ec7n \u0111\u1ea1i<\/figcaption><\/figure>    <figure class=\"wp-block-image size-large\"><img loading=\"lazy\" decoding=\"async\" width=\"720\" height=\"540\" data-id=\"3047\" src=\"https:\/\/taizyfarmequipment.com\/wp-content\/uploads\/2022\/03\/threshing-machine1.jpg\" alt=\"m\u00e1y tu\u1ed1t l\u00faa\" class=\"wp-image-3047\" title=\"m\u00e1y tu\u1ed1t l\u00faa\"\/><figcaption class=\"wp-element-caption\">m\u00e1y tu\u1ed1t l\u00faa<\/figcaption><\/figure> <figcaption class=\"blocks-gallery-caption wp-element-caption\">m\u00e1y \u0111\u1eadp th\u01b0\u01a1ng m\u1ea1i<\/figcaption><\/figure>    <h3 class=\"wp-block-heading\">Th\u00f4ng tin chi ti\u1ebft v\u1ec1 m\u00e1y tu\u1ed1t l\u00faa<\/h3>    <figure class=\"wp-block-table\"><table><tbody><tr><td>&nbsp;&nbsp;&nbsp;&nbsp;&nbsp;&nbsp;Ng\u01b0\u1eddi m\u1eabu<\/td><td>&nbsp;&nbsp;&nbsp;&nbsp;&nbsp;&nbsp;&nbsp;5TD-90<\/td><\/tr><tr><td>T\u1ed1c \u0111\u1ed9 quay con l\u0103n tu\u1ed1t l\u00faa<\/td><td>900-1040 v\u00f2ng\/ph\u00fat<\/td><\/tr><tr><td>Quy\u1ec1n l\u1ef1c<\/td><td>\u0110\u1ed9ng c\u01a1 7,5kw ho\u1eb7c \u0111\u1ed9ng c\u01a1 diesel 12-15HP<\/td><\/tr><tr><td>H\u00ecnh th\u1ee9c thanh to\u00e1n b\u00f9 tr\u1eeb<\/td><td>S\u00e0ng rung, qu\u1ea1t l\u1edbn<\/td><\/tr><tr><td>T\u1ea7n s\u1ed1 rung<\/td><td>340<\/td><\/tr><tr><td>T\u1ed1c \u0111\u1ed9 quay c\u1ee7a qu\u1ea1t<\/td><td>1040 -1100r\/ph\u00fat<\/td><\/tr><tr><td>\u0110\u01b0\u1eddng k\u00ednh\/chi\u1ec1u d\u00e0i tr\u1ed1ng<\/td><td>D=520mm\uff08ho\u1eb7c500); L=900mm<\/td><\/tr><tr><td>Bi\u00ean \u0111\u1ed9 m\u00e0n h\u00ecnh rung<\/td><td>30mm<\/td><\/tr><tr><td>Dung t\u00edch<\/td><td>800-1200 Kg\/h g\u1ea1o, l\u00faa m\u00ec, k\u00ea, l\u00faa mi\u1ebfn, k\u00ea ch\u00e2u Phi, k\u00ea ng\u1ecdc trai v\u00e0 c\u00e1c lo\u1ea1i ng\u0169 c\u1ed1c kh\u00e1c;&nbsp;<\/td><\/tr><tr><td>C\u00e2n n\u1eb7ng<\/td><td>260 Kg (kh\u00f4ng bao g\u1ed3m tr\u1ecdng l\u01b0\u1ee3ng khung g\u1ea7m l\u1ed1p diesel)<\/td><\/tr><tr><td>T\u1ef7 l\u1ec7 v\u1ee1\uff08\uff05\uff09<\/td><td>.50,5<\/td><\/tr><tr><td>T\u1ef7 l\u1ec7 \u00f4 nhi\u1ec5m (%)<\/td><td>.1.0<\/td><\/tr><tr><td>K\u00edch th\u01b0\u1edbc (bao g\u1ed3m l\u1ed1p v\u00e0 khung k\u00e9o)<\/td><td>310*170*140cm<\/td><\/tr><\/tbody><\/table><figcaption class=\"wp-element-caption\">th\u00f4ng tin chi ti\u1ebft v\u1ec1 m\u00e1y tu\u1ed1t l\u00faa<\/figcaption><\/figure>    <h2 class=\"wp-block-heading\">Lo\u1ea1i 4: M\u00e1y tu\u1ed1t l\u00faa 5TD-125<\/h2>    <p>M\u00e1y tu\u1ed1t l\u00faa 5TD-125 d\u00f9ng cho l\u00faa v\u00e0 l\u00faa m\u00ec gi\u1ed1ng 5TD-70 v\u1ec1 h\u00ecnh d\u00e1ng v\u00e0 ch\u1ee9c n\u0103ng. Nh\u01b0ng m\u00e1y tu\u1ed1t l\u00faa 5TD-125 c\u00f3 c\u00f4ng su\u1ea5t v\u00e0 k\u00edch th\u01b0\u1edbc l\u1edbn h\u01a1n. Ngo\u00e0i ra, s\u1ee9c m\u1ea1nh c\u1ee7a n\u00f3 c\u00f3 th\u1ec3 l\u00e0 \u0111\u1ed9ng c\u01a1 \u0111i\u1ec7n ho\u1eb7c \u0111\u1ed9ng c\u01a1 diesel.<\/p>    <figure class=\"wp-block-gallery has-nested-images columns-default is-cropped wp-block-gallery-6 is-layout-flex wp-block-gallery-is-layout-flex\"> <figure class=\"wp-block-image size-large\"><img loading=\"lazy\" decoding=\"async\" width=\"720\" height=\"540\" data-id=\"3052\" src=\"https:\/\/taizyfarmequipment.com\/wp-content\/uploads\/2022\/03\/paddy-thresher1-1.jpg\" alt=\"m\u00e1y tu\u1ed1t l\u00faa\" class=\"wp-image-3052\" title=\"m\u00e1y tu\u1ed1t l\u00faa\"\/><figcaption class=\"wp-element-caption\">m\u00e1y tu\u1ed1t l\u00faa<\/figcaption><\/figure>    <figure class=\"wp-block-image size-large\"><img loading=\"lazy\" decoding=\"async\" width=\"720\" height=\"540\" data-id=\"3053\" src=\"https:\/\/taizyfarmequipment.com\/wp-content\/uploads\/2022\/03\/sorghum-thresher1.jpg\" alt=\"m\u00e1y tu\u1ed1t l\u00faa mi\u1ebfn\" class=\"wp-image-3053\" title=\"m\u00e1y tu\u1ed1t l\u00faa mi\u1ebfn\"\/><figcaption class=\"wp-element-caption\">m\u00e1y tu\u1ed1t l\u00faa mi\u1ebfn<\/figcaption><\/figure> <figcaption class=\"blocks-gallery-caption wp-element-caption\">m\u00e1y tu\u1ed1t l\u00faa mi\u1ebfn<\/figcaption><\/figure>    <h3 class=\"wp-block-heading\">Th\u00f4ng s\u1ed1 k\u1ef9 thu\u1eadt c\u1ee7a m\u00e1y tu\u1ed1t l\u00faa l\u00e0 g\u00ec?<\/h3>    <figure class=\"wp-block-table\"><table><tbody><tr><td>Ng\u01b0\u1eddi m\u1eabu<\/td><td>5TD-125<\/td><\/tr><tr><td>Quy\u1ec1n l\u1ef1c<\/td><td>\u0110\u1ed9ng c\u01a1 11-13kw ho\u1eb7c \u0111\u1ed9ng c\u01a1 diesel 22HP<\/td><\/tr><tr><td>C\u00e2n n\u1eb7ng<\/td><td>420kg (kh\u00f4ng bao g\u1ed3m tr\u1ecdng l\u01b0\u1ee3ng khung g\u1ea7m l\u1ed1p diesel)<\/td><\/tr><tr><td>T\u1ed1c \u0111\u1ed9 tr\u1ee5c ch\u00ednh<\/td><td>1050r\/ph\u00fat<\/td><\/tr><tr><td>K\u00edch c\u1ee1<\/td><td>2500*1770*1550mm<\/td><\/tr><tr><td>K\u00edch th\u01b0\u1edbc g\u00f3i \u0111\u01a1n<\/td><td>1600*1200*1500 cm<\/td><\/tr><tr><td>T\u1ed1c \u0111\u1ed9 qu\u1ea1t<\/td><td>2500r\/ph\u00fat<\/td><\/tr><tr><td>Dung t\u00edch<\/td><td>1000-1500kg\/h (g\u1ea1o, l\u00faa m\u00ec), 600-800kg\/h (\u0111\u1eadu n\u00e0nh)<\/td><\/tr><\/tbody><\/table><figcaption class=\"wp-element-caption\">th\u00f4ng s\u1ed1 k\u1ef9 thu\u1eadt m\u00e1y tu\u1ed1t l\u00faa<\/figcaption><\/figure>    <h2 class=\"wp-block-heading\">Quy tr\u00ecnh l\u00e0m vi\u1ec7c c\u1ee7a m\u00e1y tu\u1ed1t \u0111\u1eadu n\u00e0nh<\/h2>    <ol style=\"list-style-type:1\" class=\"wp-block-list\"> <li>\u0110\u1ea7u ti\u00ean, \u0111\u1eb7t h\u1ea1t c\u00f3 cu\u1ed1ng v\u00e0o \u0111\u1ea7u v\u00e0o.<\/li>    <li>Th\u1ee9 hai, thi\u1ebft b\u1ecb tu\u1ed1t s\u1ebd ch\u00e0 x\u00e1t h\u1ea1t.<\/li>    <li>Sau \u0111\u00f3 qu\u1ea1t s\u1ebd t\u00e1ch t\u1ea1p ch\u1ea5t ra kh\u1ecfi nh\u00e2n h\u1ea1t.<\/li>    <li>Cu\u1ed1i c\u00f9ng, t\u1ea1p ch\u1ea5t v\u00e0 ng\u0169 c\u1ed1c \u0111\u01b0\u1ee3c th\u1ea3i ra t\u1eeb c\u00e1c c\u1eeda h\u00e0ng kh\u00e1c nhau.<\/li> <\/ol>    <h2 class=\"wp-block-heading\">\u0110\u1eb7c \u0111i\u1ec3m c\u1ee7a m\u00e1y tu\u1ed1t l\u00faa m\u00ec<\/h2>    <ol style=\"list-style-type:1\" class=\"wp-block-list\"> <li>Ho\u1ea1t \u0111\u1ed9ng d\u1ec5 d\u00e0ng. Trong to\u00e0n b\u1ed9 qu\u00e1 tr\u00ecnh s\u1eed d\u1ee5ng m\u00e1y tu\u1ed1t l\u00faa, l\u00faa m\u00ec, ng\u01b0\u1eddi ta ch\u1ec9 c\u1ea7n kh\u1edfi \u0111\u1ed9ng m\u00e1y v\u00e0 cho h\u1ea1t v\u00e0o m\u00e1y. V\u00e0 s\u1ea3n ph\u1ea9m cu\u1ed1i c\u00f9ng s\u1ebd l\u00e0 h\u1ea1t s\u1ea1ch.<\/li>    <li>\u01afu \u0111i\u1ec3m c\u1ee7a vi\u1ec7c t\u00e1ch s\u1ea1ch l\u00e0 t\u1ed5n th\u1ea5t nh\u1ecf v\u00e0 t\u1ef7 l\u1ec7 lo\u1ea1i b\u1ecf cao.<\/li>    <li>Ph\u1ea1m vi s\u1eed d\u1ee5ng r\u1ed9ng. M\u00e1y tu\u1ed1t l\u00faa l\u00faa m\u00ec c\u00f3 th\u1ec3 tu\u1ed1t l\u00faa (l\u00faa), l\u00faa m\u00ec, \u0111\u1eadu t\u01b0\u01a1ng, ng\u00f4, l\u00faa mi\u1ebfn, k\u00ea, v.v. \u0110\u1eb7c bi\u1ec7t d\u00f9ng \u0111\u1ec3 tu\u1ed1t ng\u00f4. M\u00e1y tu\u1ed1t l\u00faa m\u1edbi c\u1ee7a ch\u00fang t\u00f4i b\u1ed5 sung th\u00eam kh\u1ea3 n\u0103ng tu\u1ed1t ng\u00f4 m\u00e0 c\u00e1c m\u00e1y tr\u01b0\u1edbc \u0111\u00e2y kh\u00f4ng c\u00f3. V\u00e0 kh\u00f4ng c\u1ea7n thay th\u1ebf m\u00e0n h\u00ecnh, b\u1ea5t k\u1ec3 lo\u1ea1i h\u1ea1t n\u00e0o \u0111\u01b0\u1ee3c x\u1eed l\u00fd.<\/li>    <li>Ch\u1ea5t l\u01b0\u1ee3ng cao v\u00e0 tu\u1ed5i th\u1ecd d\u00e0i.<\/li> <\/ol>    <h2 class=\"wp-block-heading\">V\u1eadn chuy\u1ec3n m\u00e1y tu\u1ed1t trang tr\u1ea1i<\/h2>    <p>Sau nhi\u1ec1u n\u0103m ph\u00e1t tri\u1ec3n, ch\u00fang t\u00f4i \u0111\u00e3 xu\u1ea5t kh\u1ea9u m\u00e1y tu\u1ed1t l\u00faa v\u00e0 l\u00faa m\u00ec ra nhi\u1ec1u n\u01b0\u1edbc. Trong s\u1ed1 \u0111\u00f3, c\u00e1c qu\u1ed1c gia c\u00f3 nhi\u1ec1u giao d\u1ecbch nh\u1ea5t l\u00e0 Peru, Nigeria, Hoa K\u1ef3, Sierra Leone, Oman, Ghana, Gambia, v.v. M\u00e1y tu\u1ed1t l\u00faa m\u00ec c\u1ee7a ch\u00fang t\u00f4i c\u00f3 ch\u1ea5t l\u01b0\u1ee3ng t\u1ed1t, hi\u1ec7u qu\u1ea3 l\u00e0m vi\u1ec7c cao v\u00e0 \u0111\u01b0\u1ee3c kh\u00e1ch h\u00e0ng \u0111\u00f3n nh\u1eadn. D\u01b0\u1edbi \u0111\u00e2y l\u00e0 h\u00ecnh \u1ea3nh giao h\u00e0ng tr\u1ecdn g\u00f3i c\u1ee7a ch\u00fang t\u00f4i.<\/p>    <figure class=\"wp-block-gallery has-nested-images columns-default is-cropped wp-block-gallery-7 is-layout-flex wp-block-gallery-is-layout-flex\"> <figure class=\"wp-block-image size-large\"><img loading=\"lazy\" decoding=\"async\" width=\"720\" height=\"540\" data-id=\"3054\" src=\"https:\/\/taizyfarmequipment.com\/wp-content\/uploads\/2022\/03\/packing-of-rapeseed-thresehr-1.jpg\" alt=\"\u0111\u00f3ng g\u00f3i m\u00e1y tu\u1ed1t h\u1ea1t c\u1ea3i d\u1ea7u\" class=\"wp-image-3054\" title=\"\u0111\u00f3ng g\u00f3i m\u00e1y tu\u1ed1t h\u1ea1t c\u1ea3i d\u1ea7u\"\/><figcaption class=\"wp-element-caption\">\u0111\u00f3ng g\u00f3i m\u00e1y tu\u1ed1t h\u1ea1t c\u1ea3i d\u1ea7u<\/figcaption><\/figure>    <figure class=\"wp-block-image size-large\"><img loading=\"lazy\" decoding=\"async\" width=\"720\" height=\"540\" data-id=\"3057\" src=\"https:\/\/taizyfarmequipment.com\/wp-content\/uploads\/2022\/03\/shipping-of-the-rice-thresher1.jpg\" alt=\"v\u1eadn chuy\u1ec3n m\u00e1y tu\u1ed1t l\u00faa\" class=\"wp-image-3057\" title=\"v\u1eadn chuy\u1ec3n m\u00e1y tu\u1ed1t l\u00faa\"\/><figcaption class=\"wp-element-caption\">v\u1eadn chuy\u1ec3n m\u00e1y tu\u1ed1t l\u00faa<\/figcaption><\/figure> <figcaption class=\"blocks-gallery-caption wp-element-caption\">V\u1eadn chuy\u1ec3n m\u00e1y tu\u1ed1t trang tr\u1ea1i<\/figcaption><\/figure>","protected":false},"excerpt":{"rendered":"<p>M\u00e1y tu\u1ed1t l\u00faa m\u00ec c\u00f3 th\u1ec3 ch\u1ebf bi\u1ebfn nhi\u1ec1u lo\u1ea1i ng\u0169 c\u1ed1c kh\u00e1c nhau. N\u00f3 kh\u00f4ng ch\u1ec9 c\u00f3 th\u1ec3 ch\u1ebf bi\u1ebfn l\u00faa m\u00ec, g\u1ea1o, \u0111\u1eadu n\u00e0nh m\u00e0 c\u00f2n c\u1ea3 ng\u00f4.<\/p>","protected":false},"author":1,"featured_media":3034,"parent":0,"template":"","tags":[],"product-type":[129],"class_list":["post-3033","product","type-product","status-publish","has-post-thumbnail","hentry","product-type-thresher-and-sheller"],"_links":{"self":[{"href":"https:\/\/taizyfarmequipment.com\/vi\/wp-json\/wp\/v2\/product\/3033","targetHints":{"allow":["GET"]}}],"collection":[{"href":"https:\/\/taizyfarmequipment.com\/vi\/wp-json\/wp\/v2\/product"}],"about":[{"href":"https:\/\/taizyfarmequipment.com\/vi\/wp-json\/wp\/v2\/types\/product"}],"author":[{"embeddable":true,"href":"https:\/\/taizyfarmequipment.com\/vi\/wp-json\/wp\/v2\/users\/1"}],"wp:featuredmedia":[{"embeddable":true,"href":"https:\/\/taizyfarmequipment.com\/vi\/wp-json\/wp\/v2\/media\/3034"}],"wp:attachment":[{"href":"https:\/\/taizyfarmequipment.com\/vi\/wp-json\/wp\/v2\/media?parent=3033"}],"wp:term":[{"taxonomy":"post_tag","embeddable":true,"href":"https:\/\/taizyfarmequipment.com\/vi\/wp-json\/wp\/v2\/tags?post=3033"},{"taxonomy":"product-type","embeddable":true,"href":"https:\/\/taizyfarmequipment.com\/vi\/wp-json\/wp\/v2\/product-type?post=3033"}],"curies":[{"name":"wp","href":"https:\/\/api.w.org\/{rel}","templated":true}]}}